{"id":138713,"date":"2022-07-14T06:50:24","date_gmt":"2022-07-14T04:50:24","guid":{"rendered":"https:\/\/marktxxl.de\/markt\/produkt\/10-danksagungskarten-trauer-mit-text-und-umschlag-dankeskarte-klappkarten-trauerkarten-danksagungskarte-kondolenzkarten-danke-beerdigung-anteilnahme-kondolenzkarte-stilvoll-weisse-zarte-blume-mit-text\/"},"modified":"2023-04-09T03:55:15","modified_gmt":"2023-04-09T01:55:15","slug":"10-danksagungskarten-trauer-mit-text-und-umschlag-dankeskarte-klappkarten-trauerkarten-danksagungskarte-kondolenzkarten-danke-beerdigung-anteilnahme-kondolenzkarte-stilvoll-weisse-zarte-blume-mit-text","status":"publish","type":"product","link":"https:\/\/marktxxl.de\/markt\/produkt\/10-danksagungskarten-trauer-mit-text-und-umschlag-dankeskarte-klappkarten-trauerkarten-danksagungskarte-kondolenzkarten-danke-beerdigung-anteilnahme-kondolenzkarte-stilvoll-weisse-zarte-blume-mit-text\/","title":{"rendered":"10 Danksagungskarten Trauer mit Text und Umschlag Dankeskarte Klappkarten Trauerkarten Danksagungskarte Kondolenzkarten\u2026"},"content":{"rendered":"<p>\u2705 KARTEN: Dieses Set besteht aus 10 Klappkarten \/ Doppelkarten mit 10 Umschl\u00e4gen mit einem kleinen passenden Bild bedruckt.<br \/>\n\u2705 DESIGN: Stillvolle, elegante, wei\u00dfe Blume und auf zarten gr\u00fcnen Hintergrund mit einem wundersch\u00f6nen Text, vorne und hinten bedruckt. Die Innenseite ist auch mit einem Design bedruckt, bietet aber noch genug Platz, um diese mit eigenen Worten zu beschreiben oder zu bedrucken. Umschl\u00e4ge sind auch mit einem kleinen, passenden Bild bedruckt.<br \/>\n\u2705 FORMAT: A6 Postkartenformat, Klappbar<br \/>\n\u2705 MADE IN GERMANY: Unsere Karten werden ausschlie\u00dflich in Deutschland hergestellt. Die Karten sind sehr fest und stabil, auf hochwertigen Qualit\u00e4tspapier gedruckt, dadurch sehen diese sehr edel aus.<br \/>\n\u2705 VERWENDUNG: Eine M\u00f6glichkeit nach einem Todesfall \/ Beerdigung an alle, die Anteilnahme, Beileid und Mitgef\u00fchl Ihnen und ihrer Familie entgegenbracht haben \u201eDanke\u201c zu sagen.<br \/>\n<div class=\"main-cross-sell\" data-asin=\"B093TQ4XCZ\">\n\n\t<div class=\"WooZone-cross-sell-loader\">\n\t\t<div>\n\t\t\t<div id=\"floatingBarsG\">\n\t\t\t\t<div class=\"blockG\" id=\"rotateG_01\"><\/div>\n\t\t\t\t<div class=\"blockG\" id=\"rotateG_02\"><\/div>\n\t\t\t\t<div class=\"blockG\" id=\"rotateG_03\"><\/div>\n\t\t\t\t<div class=\"blockG\" id=\"rotateG_04\"><\/div>\n\t\t\t\t<div class=\"blockG\" id=\"rotateG_05\"><\/div>\n\t\t\t\t<div class=\"blockG\" id=\"rotateG_06\"><\/div>\n\t\t\t\t<div class=\"blockG\" id=\"rotateG_07\"><\/div>\n\t\t\t\t<div class=\"blockG\" id=\"rotateG_08\"><\/div>\n\t\t\t<\/div>\n\t\t\t<div class=\"WooZone-cross-sell-loader-text\"><\/div>\n\t\t<\/div>\n\t<\/div>\n\n\t\t\n<\/div>\n<div style=\"clear:both;\"><\/div><\/p>\n","protected":false},"excerpt":{"rendered":"<p>\u2705 KARTEN: Dieses Set besteht aus 10 Klappkarten \/ Doppelkarten mit 10 Umschl\u00e4gen mit einem kleinen passenden Bild bedruckt.<br \/>\n\u2705 DESIGN: Stillvolle, elegante, wei\u00dfe Blume und auf zarten gr\u00fcnen Hintergrund mit einem wundersch\u00f6nen Text, vorne und hinten bedruckt. Die Innenseite ist auch mit einem Design bedruckt, bietet aber noch genug Platz, um diese mit eigenen Worten zu beschreiben oder zu bedrucken. Umschl\u00e4ge sind auch mit einem kleinen, passenden Bild bedruckt.<br \/>\n\u2705 FORMAT: A6 Postkartenformat, Klappbar<\/p>\n","protected":false},"featured_media":138714,"comment_status":"open","ping_status":"closed","template":"","meta":[],"product_brand":[],"product_cat":[504],"product_tag":[],"class_list":{"0":"post-138713","1":"product","2":"type-product","3":"status-publish","4":"has-post-thumbnail","6":"product_cat-buerobedarf-schreibwaren","7":"pa_brand-eg-klasse","9":"first","10":"instock","11":"shipping-taxable","12":"purchasable","13":"product-type-simple","14":"customify-col","15":"product-has-gallery"},"yoast_head":"<!-- This site is optimized with the Yoast SEO plugin v27.4 - https:\/\/yoast.com\/product\/yoast-seo-wordpress\/ -->\n<title>10 Danksagungskarten Trauer mit Text und Umschlag Dankeskarte Klappkarten Trauerkarten Danksagungskarte Kondolenzkarten\u2026 - Markt-XXL<\/title>\n<meta name=\"description\" content=\"Markt-XXL 10 Danksagungskarten Trauer mit Text und Umschlag Dankeskarte Klappkarten Trauerkarten Danksagungskarte Kondolenzkarten\u2026\" \/>\n<meta name=\"robots\" content=\"index, follow, max-snippet:-1, max-image-preview:large, max-video-preview:-1\" \/>\n<link rel=\"canonical\" href=\"https:\/\/marktxxl.de\/markt\/produkt\/10-danksagungskarten-trauer-mit-text-und-umschlag-dankeskarte-klappkarten-trauerkarten-danksagungskarte-kondolenzkarten-danke-beerdigung-anteilnahme-kondolenzkarte-stilvoll-weisse-zarte-blume-mit-text\/\" \/>\n<meta property=\"og:locale\" content=\"de_DE\" \/>\n<meta property=\"og:type\" content=\"article\" \/>\n<meta property=\"og:title\" content=\"10 Danksagungskarten Trauer mit Text und Umschlag Dankeskarte Klappkarten Trauerkarten Danksagungskarte Kondolenzkarten\u2026 - Markt-XXL\" \/>\n<meta property=\"og:description\" content=\"Markt-XXL 10 Danksagungskarten Trauer mit Text und Umschlag Dankeskarte Klappkarten Trauerkarten Danksagungskarte Kondolenzkarten\u2026\" \/>\n<meta property=\"og:url\" content=\"https:\/\/marktxxl.de\/markt\/produkt\/10-danksagungskarten-trauer-mit-text-und-umschlag-dankeskarte-klappkarten-trauerkarten-danksagungskarte-kondolenzkarten-danke-beerdigung-anteilnahme-kondolenzkarte-stilvoll-weisse-zarte-blume-mit-text\/\" \/>\n<meta property=\"og:site_name\" content=\"Markt-XXL\" \/>\n<meta property=\"article:modified_time\" content=\"2023-04-09T01:55:15+00:00\" \/>\n<meta property=\"og:image\" content=\"https:\/\/m.media-amazon.com\/images\/I\/41BC+ccO6JL._SL500_.jpg\" \/>\n\t<meta property=\"og:image:width\" content=\"500\" \/>\n\t<meta property=\"og:image:height\" content=\"500\" \/>\n\t<meta property=\"og:image:type\" content=\"image\/jpeg\" \/>\n<meta name=\"twitter:card\" content=\"summary_large_image\" \/>\n<meta name=\"twitter:label1\" content=\"Gesch\u00e4tzte Lesezeit\" \/>\n\t<meta name=\"twitter:data1\" content=\"1\u00a0Minute\" \/>\n<script type=\"application\/ld+json\" class=\"yoast-schema-graph\">{\"@context\":\"https:\\\/\\\/schema.org\",\"@graph\":[{\"@type\":\"WebPage\",\"@id\":\"https:\\\/\\\/marktxxl.de\\\/markt\\\/produkt\\\/10-danksagungskarten-trauer-mit-text-und-umschlag-dankeskarte-klappkarten-trauerkarten-danksagungskarte-kondolenzkarten-danke-beerdigung-anteilnahme-kondolenzkarte-stilvoll-weisse-zarte-blume-mit-text\\\/\",\"url\":\"https:\\\/\\\/marktxxl.de\\\/markt\\\/produkt\\\/10-danksagungskarten-trauer-mit-text-und-umschlag-dankeskarte-klappkarten-trauerkarten-danksagungskarte-kondolenzkarten-danke-beerdigung-anteilnahme-kondolenzkarte-stilvoll-weisse-zarte-blume-mit-text\\\/\",\"name\":\"10 Danksagungskarten Trauer mit Text und Umschlag Dankeskarte Klappkarten Trauerkarten Danksagungskarte Kondolenzkarten\u2026 - Markt-XXL\",\"isPartOf\":{\"@id\":\"https:\\\/\\\/marktxxl.de\\\/markt\\\/#website\"},\"primaryImageOfPage\":{\"@id\":\"https:\\\/\\\/marktxxl.de\\\/markt\\\/produkt\\\/10-danksagungskarten-trauer-mit-text-und-umschlag-dankeskarte-klappkarten-trauerkarten-danksagungskarte-kondolenzkarten-danke-beerdigung-anteilnahme-kondolenzkarte-stilvoll-weisse-zarte-blume-mit-text\\\/#primaryimage\"},\"image\":{\"@id\":\"https:\\\/\\\/marktxxl.de\\\/markt\\\/produkt\\\/10-danksagungskarten-trauer-mit-text-und-umschlag-dankeskarte-klappkarten-trauerkarten-danksagungskarte-kondolenzkarten-danke-beerdigung-anteilnahme-kondolenzkarte-stilvoll-weisse-zarte-blume-mit-text\\\/#primaryimage\"},\"thumbnailUrl\":\"https:\\\/\\\/m.media-amazon.com\\\/images\\\/I\\\/41BC+ccO6JL._SL500_.jpg\",\"datePublished\":\"2022-07-14T04:50:24+00:00\",\"dateModified\":\"2023-04-09T01:55:15+00:00\",\"description\":\"Markt-XXL 10 Danksagungskarten Trauer mit Text und Umschlag Dankeskarte Klappkarten Trauerkarten Danksagungskarte Kondolenzkarten\u2026\",\"breadcrumb\":{\"@id\":\"https:\\\/\\\/marktxxl.de\\\/markt\\\/produkt\\\/10-danksagungskarten-trauer-mit-text-und-umschlag-dankeskarte-klappkarten-trauerkarten-danksagungskarte-kondolenzkarten-danke-beerdigung-anteilnahme-kondolenzkarte-stilvoll-weisse-zarte-blume-mit-text\\\/#breadcrumb\"},\"inLanguage\":\"de\",\"potentialAction\":[{\"@type\":\"ReadAction\",\"target\":[\"https:\\\/\\\/marktxxl.de\\\/markt\\\/produkt\\\/10-danksagungskarten-trauer-mit-text-und-umschlag-dankeskarte-klappkarten-trauerkarten-danksagungskarte-kondolenzkarten-danke-beerdigung-anteilnahme-kondolenzkarte-stilvoll-weisse-zarte-blume-mit-text\\\/\"]}]},{\"@type\":\"ImageObject\",\"inLanguage\":\"de\",\"@id\":\"https:\\\/\\\/marktxxl.de\\\/markt\\\/produkt\\\/10-danksagungskarten-trauer-mit-text-und-umschlag-dankeskarte-klappkarten-trauerkarten-danksagungskarte-kondolenzkarten-danke-beerdigung-anteilnahme-kondolenzkarte-stilvoll-weisse-zarte-blume-mit-text\\\/#primaryimage\",\"url\":\"https:\\\/\\\/m.media-amazon.com\\\/images\\\/I\\\/41BC+ccO6JL._SL500_.jpg\",\"contentUrl\":\"https:\\\/\\\/m.media-amazon.com\\\/images\\\/I\\\/41BC+ccO6JL._SL500_.jpg\",\"width\":500,\"height\":500},{\"@type\":\"BreadcrumbList\",\"@id\":\"https:\\\/\\\/marktxxl.de\\\/markt\\\/produkt\\\/10-danksagungskarten-trauer-mit-text-und-umschlag-dankeskarte-klappkarten-trauerkarten-danksagungskarte-kondolenzkarten-danke-beerdigung-anteilnahme-kondolenzkarte-stilvoll-weisse-zarte-blume-mit-text\\\/#breadcrumb\",\"itemListElement\":[{\"@type\":\"ListItem\",\"position\":1,\"name\":\"Startseite\",\"item\":\"https:\\\/\\\/marktxxl.de\\\/markt\\\/\"},{\"@type\":\"ListItem\",\"position\":2,\"name\":\"Markt\",\"item\":\"https:\\\/\\\/marktxxl.de\\\/markt\\\/\"},{\"@type\":\"ListItem\",\"position\":3,\"name\":\"10 Danksagungskarten Trauer mit Text und Umschlag Dankeskarte Klappkarten Trauerkarten Danksagungskarte Kondolenzkarten\u2026\"}]},{\"@type\":\"WebSite\",\"@id\":\"https:\\\/\\\/marktxxl.de\\\/markt\\\/#website\",\"url\":\"https:\\\/\\\/marktxxl.de\\\/markt\\\/\",\"name\":\"Markt-XXL\",\"description\":\"Ihr Markt Online\",\"publisher\":{\"@id\":\"https:\\\/\\\/marktxxl.de\\\/markt\\\/#organization\"},\"potentialAction\":[{\"@type\":\"SearchAction\",\"target\":{\"@type\":\"EntryPoint\",\"urlTemplate\":\"https:\\\/\\\/marktxxl.de\\\/markt\\\/?s={search_term_string}\"},\"query-input\":{\"@type\":\"PropertyValueSpecification\",\"valueRequired\":true,\"valueName\":\"search_term_string\"}}],\"inLanguage\":\"de\"},{\"@type\":\"Organization\",\"@id\":\"https:\\\/\\\/marktxxl.de\\\/markt\\\/#organization\",\"name\":\"Markt-XXL\",\"url\":\"https:\\\/\\\/marktxxl.de\\\/markt\\\/\",\"logo\":{\"@type\":\"ImageObject\",\"inLanguage\":\"de\",\"@id\":\"https:\\\/\\\/marktxxl.de\\\/markt\\\/#\\\/schema\\\/logo\\\/image\\\/\",\"url\":\"https:\\\/\\\/marktxxl.de\\\/markt\\\/wp-content\\\/uploads\\\/sites\\\/3\\\/2020\\\/12\\\/logo.png\",\"contentUrl\":\"https:\\\/\\\/marktxxl.de\\\/markt\\\/wp-content\\\/uploads\\\/sites\\\/3\\\/2020\\\/12\\\/logo.png\",\"width\":200,\"height\":70,\"caption\":\"Markt-XXL\"},\"image\":{\"@id\":\"https:\\\/\\\/marktxxl.de\\\/markt\\\/#\\\/schema\\\/logo\\\/image\\\/\"}}]}<\/script>\n<!-- \/ Yoast SEO plugin. -->","yoast_head_json":{"title":"10 Danksagungskarten Trauer mit Text und Umschlag Dankeskarte Klappkarten Trauerkarten Danksagungskarte Kondolenzkarten\u2026 - Markt-XXL","description":"Markt-XXL 10 Danksagungskarten Trauer mit Text und Umschlag Dankeskarte Klappkarten Trauerkarten Danksagungskarte Kondolenzkarten\u2026","robots":{"index":"index","follow":"follow","max-snippet":"max-snippet:-1","max-image-preview":"max-image-preview:large","max-video-preview":"max-video-preview:-1"},"canonical":"https:\/\/marktxxl.de\/markt\/produkt\/10-danksagungskarten-trauer-mit-text-und-umschlag-dankeskarte-klappkarten-trauerkarten-danksagungskarte-kondolenzkarten-danke-beerdigung-anteilnahme-kondolenzkarte-stilvoll-weisse-zarte-blume-mit-text\/","og_locale":"de_DE","og_type":"article","og_title":"10 Danksagungskarten Trauer mit Text und Umschlag Dankeskarte Klappkarten Trauerkarten Danksagungskarte Kondolenzkarten\u2026 - Markt-XXL","og_description":"Markt-XXL 10 Danksagungskarten Trauer mit Text und Umschlag Dankeskarte Klappkarten Trauerkarten Danksagungskarte Kondolenzkarten\u2026","og_url":"https:\/\/marktxxl.de\/markt\/produkt\/10-danksagungskarten-trauer-mit-text-und-umschlag-dankeskarte-klappkarten-trauerkarten-danksagungskarte-kondolenzkarten-danke-beerdigung-anteilnahme-kondolenzkarte-stilvoll-weisse-zarte-blume-mit-text\/","og_site_name":"Markt-XXL","article_modified_time":"2023-04-09T01:55:15+00:00","og_image":[{"width":500,"height":500,"url":"https:\/\/m.media-amazon.com\/images\/I\/41BC+ccO6JL._SL500_.jpg","type":"image\/jpeg"}],"twitter_card":"summary_large_image","twitter_misc":{"Gesch\u00e4tzte Lesezeit":"1\u00a0Minute"},"schema":{"@context":"https:\/\/schema.org","@graph":[{"@type":"WebPage","@id":"https:\/\/marktxxl.de\/markt\/produkt\/10-danksagungskarten-trauer-mit-text-und-umschlag-dankeskarte-klappkarten-trauerkarten-danksagungskarte-kondolenzkarten-danke-beerdigung-anteilnahme-kondolenzkarte-stilvoll-weisse-zarte-blume-mit-text\/","url":"https:\/\/marktxxl.de\/markt\/produkt\/10-danksagungskarten-trauer-mit-text-und-umschlag-dankeskarte-klappkarten-trauerkarten-danksagungskarte-kondolenzkarten-danke-beerdigung-anteilnahme-kondolenzkarte-stilvoll-weisse-zarte-blume-mit-text\/","name":"10 Danksagungskarten Trauer mit Text und Umschlag Dankeskarte Klappkarten Trauerkarten Danksagungskarte Kondolenzkarten\u2026 - Markt-XXL","isPartOf":{"@id":"https:\/\/marktxxl.de\/markt\/#website"},"primaryImageOfPage":{"@id":"https:\/\/marktxxl.de\/markt\/produkt\/10-danksagungskarten-trauer-mit-text-und-umschlag-dankeskarte-klappkarten-trauerkarten-danksagungskarte-kondolenzkarten-danke-beerdigung-anteilnahme-kondolenzkarte-stilvoll-weisse-zarte-blume-mit-text\/#primaryimage"},"image":{"@id":"https:\/\/marktxxl.de\/markt\/produkt\/10-danksagungskarten-trauer-mit-text-und-umschlag-dankeskarte-klappkarten-trauerkarten-danksagungskarte-kondolenzkarten-danke-beerdigung-anteilnahme-kondolenzkarte-stilvoll-weisse-zarte-blume-mit-text\/#primaryimage"},"thumbnailUrl":"https:\/\/m.media-amazon.com\/images\/I\/41BC+ccO6JL._SL500_.jpg","datePublished":"2022-07-14T04:50:24+00:00","dateModified":"2023-04-09T01:55:15+00:00","description":"Markt-XXL 10 Danksagungskarten Trauer mit Text und Umschlag Dankeskarte Klappkarten Trauerkarten Danksagungskarte Kondolenzkarten\u2026","breadcrumb":{"@id":"https:\/\/marktxxl.de\/markt\/produkt\/10-danksagungskarten-trauer-mit-text-und-umschlag-dankeskarte-klappkarten-trauerkarten-danksagungskarte-kondolenzkarten-danke-beerdigung-anteilnahme-kondolenzkarte-stilvoll-weisse-zarte-blume-mit-text\/#breadcrumb"},"inLanguage":"de","potentialAction":[{"@type":"ReadAction","target":["https:\/\/marktxxl.de\/markt\/produkt\/10-danksagungskarten-trauer-mit-text-und-umschlag-dankeskarte-klappkarten-trauerkarten-danksagungskarte-kondolenzkarten-danke-beerdigung-anteilnahme-kondolenzkarte-stilvoll-weisse-zarte-blume-mit-text\/"]}]},{"@type":"ImageObject","inLanguage":"de","@id":"https:\/\/marktxxl.de\/markt\/produkt\/10-danksagungskarten-trauer-mit-text-und-umschlag-dankeskarte-klappkarten-trauerkarten-danksagungskarte-kondolenzkarten-danke-beerdigung-anteilnahme-kondolenzkarte-stilvoll-weisse-zarte-blume-mit-text\/#primaryimage","url":"https:\/\/m.media-amazon.com\/images\/I\/41BC+ccO6JL._SL500_.jpg","contentUrl":"https:\/\/m.media-amazon.com\/images\/I\/41BC+ccO6JL._SL500_.jpg","width":500,"height":500},{"@type":"BreadcrumbList","@id":"https:\/\/marktxxl.de\/markt\/produkt\/10-danksagungskarten-trauer-mit-text-und-umschlag-dankeskarte-klappkarten-trauerkarten-danksagungskarte-kondolenzkarten-danke-beerdigung-anteilnahme-kondolenzkarte-stilvoll-weisse-zarte-blume-mit-text\/#breadcrumb","itemListElement":[{"@type":"ListItem","position":1,"name":"Startseite","item":"https:\/\/marktxxl.de\/markt\/"},{"@type":"ListItem","position":2,"name":"Markt","item":"https:\/\/marktxxl.de\/markt\/"},{"@type":"ListItem","position":3,"name":"10 Danksagungskarten Trauer mit Text und Umschlag Dankeskarte Klappkarten Trauerkarten Danksagungskarte Kondolenzkarten\u2026"}]},{"@type":"WebSite","@id":"https:\/\/marktxxl.de\/markt\/#website","url":"https:\/\/marktxxl.de\/markt\/","name":"Markt-XXL","description":"Ihr Markt Online","publisher":{"@id":"https:\/\/marktxxl.de\/markt\/#organization"},"potentialAction":[{"@type":"SearchAction","target":{"@type":"EntryPoint","urlTemplate":"https:\/\/marktxxl.de\/markt\/?s={search_term_string}"},"query-input":{"@type":"PropertyValueSpecification","valueRequired":true,"valueName":"search_term_string"}}],"inLanguage":"de"},{"@type":"Organization","@id":"https:\/\/marktxxl.de\/markt\/#organization","name":"Markt-XXL","url":"https:\/\/marktxxl.de\/markt\/","logo":{"@type":"ImageObject","inLanguage":"de","@id":"https:\/\/marktxxl.de\/markt\/#\/schema\/logo\/image\/","url":"https:\/\/marktxxl.de\/markt\/wp-content\/uploads\/sites\/3\/2020\/12\/logo.png","contentUrl":"https:\/\/marktxxl.de\/markt\/wp-content\/uploads\/sites\/3\/2020\/12\/logo.png","width":200,"height":70,"caption":"Markt-XXL"},"image":{"@id":"https:\/\/marktxxl.de\/markt\/#\/schema\/logo\/image\/"}}]}},"_links":{"self":[{"href":"https:\/\/marktxxl.de\/markt\/wp-json\/wp\/v2\/product\/138713","targetHints":{"allow":["GET"]}}],"collection":[{"href":"https:\/\/marktxxl.de\/markt\/wp-json\/wp\/v2\/product"}],"about":[{"href":"https:\/\/marktxxl.de\/markt\/wp-json\/wp\/v2\/types\/product"}],"replies":[{"embeddable":true,"href":"https:\/\/marktxxl.de\/markt\/wp-json\/wp\/v2\/comments?post=138713"}],"wp:featuredmedia":[{"embeddable":true,"href":"https:\/\/marktxxl.de\/markt\/wp-json\/wp\/v2\/media\/138714"}],"wp:attachment":[{"href":"https:\/\/marktxxl.de\/markt\/wp-json\/wp\/v2\/media?parent=138713"}],"wp:term":[{"taxonomy":"product_brand","embeddable":true,"href":"https:\/\/marktxxl.de\/markt\/wp-json\/wp\/v2\/product_brand?post=138713"},{"taxonomy":"product_cat","embeddable":true,"href":"https:\/\/marktxxl.de\/markt\/wp-json\/wp\/v2\/product_cat?post=138713"},{"taxonomy":"product_tag","embeddable":true,"href":"https:\/\/marktxxl.de\/markt\/wp-json\/wp\/v2\/product_tag?post=138713"}],"curies":[{"name":"wp","href":"https:\/\/api.w.org\/{rel}","templated":true}]}}