{"id":138503,"date":"2022-07-14T05:20:17","date_gmt":"2022-07-14T03:20:17","guid":{"rendered":"https:\/\/marktxxl.de\/markt\/produkt\/ourleeme-smart-wlan-led-controller-led-streifen-controller-fuer-5050-3528-rgb-led-lichtstreifen-mit-alexa-google-startseite-ifttt-android-ios-app\/"},"modified":"2023-04-11T04:14:16","modified_gmt":"2023-04-11T02:14:16","slug":"ourleeme-smart-wlan-led-controller-led-streifen-controller-fuer-5050-3528-rgb-led-lichtstreifen-mit-alexa-google-startseite-ifttt-android-ios-app","status":"publish","type":"product","link":"https:\/\/marktxxl.de\/markt\/produkt\/ourleeme-smart-wlan-led-controller-led-streifen-controller-fuer-5050-3528-rgb-led-lichtstreifen-mit-alexa-google-startseite-ifttt-android-ios-app\/","title":{"rendered":"OurLeeme Smart WLAN LED Controller LED Streifen Controller f\u00fcr 5050\/3528 RGB LED Lichtstreifen mit Alexa, Google\u2026"},"content":{"rendered":"<p>Dieser Wi-Fi-Controller unterst\u00fctzt eine AP-Hotspot-Verbindung und eine Wi-Fi-Router-Verbindung, wodurch dieser Controller sowohl in Wi-Fi als auch in keinem Wi-Fi-Netzwerk verwendet werden kann. Bei der Verbindung mit dem Wi-Fi-Router kann der Benutzer ein Smartphone verwenden, um das Licht von \u00fcberall aus \u00fcber eine APP im 2G\/3G\/4G\/WIFI-Netzwerk fernzusteuern.<br \/>\nDer Benutzer kann dieses Ger\u00e4t per Sprache \u00fcber Google Home \/ Alexa-Ger\u00e4te steuern. Verwenden Sie die Alexa-Ger\u00e4te, um das Licht ein- und auszuschalten, die Farbe zu \u00e4ndern und die Helligkeit anzupassen.<br \/>\nIntelligente WLAN-Steuerung<br \/>\nArbeiten Sie mit Amazon Alexa\/Google Home\/IFTTT<br \/>\nMehr Funktionen und bequemer<br \/>\n<div class=\"main-cross-sell\" data-asin=\"B07NRVLJXS\">\n\n\t<div class=\"WooZone-cross-sell-loader\">\n\t\t<div>\n\t\t\t<div id=\"floatingBarsG\">\n\t\t\t\t<div class=\"blockG\" id=\"rotateG_01\"><\/div>\n\t\t\t\t<div class=\"blockG\" id=\"rotateG_02\"><\/div>\n\t\t\t\t<div class=\"blockG\" id=\"rotateG_03\"><\/div>\n\t\t\t\t<div class=\"blockG\" id=\"rotateG_04\"><\/div>\n\t\t\t\t<div class=\"blockG\" id=\"rotateG_05\"><\/div>\n\t\t\t\t<div class=\"blockG\" id=\"rotateG_06\"><\/div>\n\t\t\t\t<div class=\"blockG\" id=\"rotateG_07\"><\/div>\n\t\t\t\t<div class=\"blockG\" id=\"rotateG_08\"><\/div>\n\t\t\t<\/div>\n\t\t\t<div class=\"WooZone-cross-sell-loader-text\"><\/div>\n\t\t<\/div>\n\t<\/div>\n\n\t\t\n<\/div>\n<div style=\"clear:both;\"><\/div><\/p>\n","protected":false},"excerpt":{"rendered":"<p>Dieser Wi-Fi-Controller unterst\u00fctzt eine AP-Hotspot-Verbindung und eine Wi-Fi-Router-Verbindung, wodurch dieser Controller sowohl in Wi-Fi als auch in keinem Wi-Fi-Netzwerk verwendet werden kann. Bei der Verbindung mit dem Wi-Fi-Router kann der Benutzer ein Smartphone verwenden, um das Licht von \u00fcberall aus \u00fcber eine APP im 2G\/3G\/4G\/WIFI-Netzwerk fernzusteuern.<br \/>\nDer Benutzer kann dieses Ger\u00e4t per Sprache \u00fcber Google Home \/ Alexa-Ger\u00e4te steuern. Verwenden Sie die Alexa-Ger\u00e4te, um das Licht ein- und auszuschalten, die Farbe zu \u00e4ndern und die Helligkeit anzupassen.<br \/>\nIntelligente WLAN-Steuerung<\/p>\n","protected":false},"featured_media":138504,"comment_status":"open","ping_status":"closed","template":"","meta":[],"product_brand":[],"product_cat":[2108,15623],"product_tag":[],"class_list":{"0":"post-138503","1":"product","2":"type-product","3":"status-publish","4":"has-post-thumbnail","6":"product_cat-beleuchtung","7":"product_cat-lichtschlaeuche","8":"pa_brand-ourleeme","9":"pa_brand-thames-hudson","10":"pa_height-0-393700787-zoll","11":"pa_length-2-0472440924-zoll","12":"pa_weight-0-03-pounds","13":"pa_width-0-9055118101-zoll","15":"first","16":"instock","17":"shipping-taxable","18":"purchasable","19":"product-type-simple","20":"customify-col","21":"product-has-gallery"},"yoast_head":"<!-- This site is optimized with the Yoast SEO plugin v27.3 - https:\/\/yoast.com\/product\/yoast-seo-wordpress\/ -->\n<title>OurLeeme Smart WLAN LED Controller LED Streifen Controller f\u00fcr 5050\/3528 RGB LED Lichtstreifen mit Alexa, Google\u2026 - Markt-XXL<\/title>\n<meta name=\"description\" content=\"Markt-XXL OurLeeme Smart WLAN LED Controller LED Streifen Controller f\u00fcr 5050\/3528 RGB LED Lichtstreifen mit Alexa, Google\u2026\" \/>\n<meta name=\"robots\" content=\"index, follow, max-snippet:-1, max-image-preview:large, max-video-preview:-1\" \/>\n<link rel=\"canonical\" href=\"https:\/\/marktxxl.de\/markt\/produkt\/ourleeme-smart-wlan-led-controller-led-streifen-controller-fuer-5050-3528-rgb-led-lichtstreifen-mit-alexa-google-startseite-ifttt-android-ios-app\/\" \/>\n<meta property=\"og:locale\" content=\"de_DE\" \/>\n<meta property=\"og:type\" content=\"article\" \/>\n<meta property=\"og:title\" content=\"OurLeeme Smart WLAN LED Controller LED Streifen Controller f\u00fcr 5050\/3528 RGB LED Lichtstreifen mit Alexa, Google\u2026 - Markt-XXL\" \/>\n<meta property=\"og:description\" content=\"Markt-XXL OurLeeme Smart WLAN LED Controller LED Streifen Controller f\u00fcr 5050\/3528 RGB LED Lichtstreifen mit Alexa, Google\u2026\" \/>\n<meta property=\"og:url\" content=\"https:\/\/marktxxl.de\/markt\/produkt\/ourleeme-smart-wlan-led-controller-led-streifen-controller-fuer-5050-3528-rgb-led-lichtstreifen-mit-alexa-google-startseite-ifttt-android-ios-app\/\" \/>\n<meta property=\"og:site_name\" content=\"Markt-XXL\" \/>\n<meta property=\"article:modified_time\" content=\"2023-04-11T02:14:16+00:00\" \/>\n<meta property=\"og:image\" content=\"https:\/\/m.media-amazon.com\/images\/I\/41uh8FNKruL._SL500_.jpg\" \/>\n\t<meta property=\"og:image:width\" content=\"500\" \/>\n\t<meta property=\"og:image:height\" content=\"500\" \/>\n\t<meta property=\"og:image:type\" content=\"image\/jpeg\" \/>\n<meta name=\"twitter:card\" content=\"summary_large_image\" \/>\n<meta name=\"twitter:label1\" content=\"Gesch\u00e4tzte Lesezeit\" \/>\n\t<meta name=\"twitter:data1\" content=\"1\u00a0Minute\" \/>\n<script type=\"application\/ld+json\" class=\"yoast-schema-graph\">{\"@context\":\"https:\\\/\\\/schema.org\",\"@graph\":[{\"@type\":\"WebPage\",\"@id\":\"https:\\\/\\\/marktxxl.de\\\/markt\\\/produkt\\\/ourleeme-smart-wlan-led-controller-led-streifen-controller-fuer-5050-3528-rgb-led-lichtstreifen-mit-alexa-google-startseite-ifttt-android-ios-app\\\/\",\"url\":\"https:\\\/\\\/marktxxl.de\\\/markt\\\/produkt\\\/ourleeme-smart-wlan-led-controller-led-streifen-controller-fuer-5050-3528-rgb-led-lichtstreifen-mit-alexa-google-startseite-ifttt-android-ios-app\\\/\",\"name\":\"OurLeeme Smart WLAN LED Controller LED Streifen Controller f\u00fcr 5050\\\/3528 RGB LED Lichtstreifen mit Alexa, Google\u2026 - Markt-XXL\",\"isPartOf\":{\"@id\":\"https:\\\/\\\/marktxxl.de\\\/markt\\\/#website\"},\"primaryImageOfPage\":{\"@id\":\"https:\\\/\\\/marktxxl.de\\\/markt\\\/produkt\\\/ourleeme-smart-wlan-led-controller-led-streifen-controller-fuer-5050-3528-rgb-led-lichtstreifen-mit-alexa-google-startseite-ifttt-android-ios-app\\\/#primaryimage\"},\"image\":{\"@id\":\"https:\\\/\\\/marktxxl.de\\\/markt\\\/produkt\\\/ourleeme-smart-wlan-led-controller-led-streifen-controller-fuer-5050-3528-rgb-led-lichtstreifen-mit-alexa-google-startseite-ifttt-android-ios-app\\\/#primaryimage\"},\"thumbnailUrl\":\"https:\\\/\\\/m.media-amazon.com\\\/images\\\/I\\\/41uh8FNKruL._SL500_.jpg\",\"datePublished\":\"2022-07-14T03:20:17+00:00\",\"dateModified\":\"2023-04-11T02:14:16+00:00\",\"description\":\"Markt-XXL OurLeeme Smart WLAN LED Controller LED Streifen Controller f\u00fcr 5050\\\/3528 RGB LED Lichtstreifen mit Alexa, Google\u2026\",\"breadcrumb\":{\"@id\":\"https:\\\/\\\/marktxxl.de\\\/markt\\\/produkt\\\/ourleeme-smart-wlan-led-controller-led-streifen-controller-fuer-5050-3528-rgb-led-lichtstreifen-mit-alexa-google-startseite-ifttt-android-ios-app\\\/#breadcrumb\"},\"inLanguage\":\"de\",\"potentialAction\":[{\"@type\":\"ReadAction\",\"target\":[\"https:\\\/\\\/marktxxl.de\\\/markt\\\/produkt\\\/ourleeme-smart-wlan-led-controller-led-streifen-controller-fuer-5050-3528-rgb-led-lichtstreifen-mit-alexa-google-startseite-ifttt-android-ios-app\\\/\"]}]},{\"@type\":\"ImageObject\",\"inLanguage\":\"de\",\"@id\":\"https:\\\/\\\/marktxxl.de\\\/markt\\\/produkt\\\/ourleeme-smart-wlan-led-controller-led-streifen-controller-fuer-5050-3528-rgb-led-lichtstreifen-mit-alexa-google-startseite-ifttt-android-ios-app\\\/#primaryimage\",\"url\":\"https:\\\/\\\/m.media-amazon.com\\\/images\\\/I\\\/41uh8FNKruL._SL500_.jpg\",\"contentUrl\":\"https:\\\/\\\/m.media-amazon.com\\\/images\\\/I\\\/41uh8FNKruL._SL500_.jpg\",\"width\":500,\"height\":500},{\"@type\":\"BreadcrumbList\",\"@id\":\"https:\\\/\\\/marktxxl.de\\\/markt\\\/produkt\\\/ourleeme-smart-wlan-led-controller-led-streifen-controller-fuer-5050-3528-rgb-led-lichtstreifen-mit-alexa-google-startseite-ifttt-android-ios-app\\\/#breadcrumb\",\"itemListElement\":[{\"@type\":\"ListItem\",\"position\":1,\"name\":\"Startseite\",\"item\":\"https:\\\/\\\/marktxxl.de\\\/markt\\\/\"},{\"@type\":\"ListItem\",\"position\":2,\"name\":\"Markt\",\"item\":\"https:\\\/\\\/marktxxl.de\\\/markt\\\/\"},{\"@type\":\"ListItem\",\"position\":3,\"name\":\"OurLeeme Smart WLAN LED Controller LED Streifen Controller f\u00fcr 5050\\\/3528 RGB LED Lichtstreifen mit Alexa, Google\u2026\"}]},{\"@type\":\"WebSite\",\"@id\":\"https:\\\/\\\/marktxxl.de\\\/markt\\\/#website\",\"url\":\"https:\\\/\\\/marktxxl.de\\\/markt\\\/\",\"name\":\"Markt-XXL\",\"description\":\"Ihr Markt Online\",\"publisher\":{\"@id\":\"https:\\\/\\\/marktxxl.de\\\/markt\\\/#organization\"},\"potentialAction\":[{\"@type\":\"SearchAction\",\"target\":{\"@type\":\"EntryPoint\",\"urlTemplate\":\"https:\\\/\\\/marktxxl.de\\\/markt\\\/?s={search_term_string}\"},\"query-input\":{\"@type\":\"PropertyValueSpecification\",\"valueRequired\":true,\"valueName\":\"search_term_string\"}}],\"inLanguage\":\"de\"},{\"@type\":\"Organization\",\"@id\":\"https:\\\/\\\/marktxxl.de\\\/markt\\\/#organization\",\"name\":\"Markt-XXL\",\"url\":\"https:\\\/\\\/marktxxl.de\\\/markt\\\/\",\"logo\":{\"@type\":\"ImageObject\",\"inLanguage\":\"de\",\"@id\":\"https:\\\/\\\/marktxxl.de\\\/markt\\\/#\\\/schema\\\/logo\\\/image\\\/\",\"url\":\"https:\\\/\\\/marktxxl.de\\\/markt\\\/wp-content\\\/uploads\\\/sites\\\/3\\\/2020\\\/12\\\/logo.png\",\"contentUrl\":\"https:\\\/\\\/marktxxl.de\\\/markt\\\/wp-content\\\/uploads\\\/sites\\\/3\\\/2020\\\/12\\\/logo.png\",\"width\":200,\"height\":70,\"caption\":\"Markt-XXL\"},\"image\":{\"@id\":\"https:\\\/\\\/marktxxl.de\\\/markt\\\/#\\\/schema\\\/logo\\\/image\\\/\"}}]}<\/script>\n<!-- \/ Yoast SEO plugin. -->","yoast_head_json":{"title":"OurLeeme Smart WLAN LED Controller LED Streifen Controller f\u00fcr 5050\/3528 RGB LED Lichtstreifen mit Alexa, Google\u2026 - Markt-XXL","description":"Markt-XXL OurLeeme Smart WLAN LED Controller LED Streifen Controller f\u00fcr 5050\/3528 RGB LED Lichtstreifen mit Alexa, Google\u2026","robots":{"index":"index","follow":"follow","max-snippet":"max-snippet:-1","max-image-preview":"max-image-preview:large","max-video-preview":"max-video-preview:-1"},"canonical":"https:\/\/marktxxl.de\/markt\/produkt\/ourleeme-smart-wlan-led-controller-led-streifen-controller-fuer-5050-3528-rgb-led-lichtstreifen-mit-alexa-google-startseite-ifttt-android-ios-app\/","og_locale":"de_DE","og_type":"article","og_title":"OurLeeme Smart WLAN LED Controller LED Streifen Controller f\u00fcr 5050\/3528 RGB LED Lichtstreifen mit Alexa, Google\u2026 - Markt-XXL","og_description":"Markt-XXL OurLeeme Smart WLAN LED Controller LED Streifen Controller f\u00fcr 5050\/3528 RGB LED Lichtstreifen mit Alexa, Google\u2026","og_url":"https:\/\/marktxxl.de\/markt\/produkt\/ourleeme-smart-wlan-led-controller-led-streifen-controller-fuer-5050-3528-rgb-led-lichtstreifen-mit-alexa-google-startseite-ifttt-android-ios-app\/","og_site_name":"Markt-XXL","article_modified_time":"2023-04-11T02:14:16+00:00","og_image":[{"width":500,"height":500,"url":"https:\/\/m.media-amazon.com\/images\/I\/41uh8FNKruL._SL500_.jpg","type":"image\/jpeg"}],"twitter_card":"summary_large_image","twitter_misc":{"Gesch\u00e4tzte Lesezeit":"1\u00a0Minute"},"schema":{"@context":"https:\/\/schema.org","@graph":[{"@type":"WebPage","@id":"https:\/\/marktxxl.de\/markt\/produkt\/ourleeme-smart-wlan-led-controller-led-streifen-controller-fuer-5050-3528-rgb-led-lichtstreifen-mit-alexa-google-startseite-ifttt-android-ios-app\/","url":"https:\/\/marktxxl.de\/markt\/produkt\/ourleeme-smart-wlan-led-controller-led-streifen-controller-fuer-5050-3528-rgb-led-lichtstreifen-mit-alexa-google-startseite-ifttt-android-ios-app\/","name":"OurLeeme Smart WLAN LED Controller LED Streifen Controller f\u00fcr 5050\/3528 RGB LED Lichtstreifen mit Alexa, Google\u2026 - Markt-XXL","isPartOf":{"@id":"https:\/\/marktxxl.de\/markt\/#website"},"primaryImageOfPage":{"@id":"https:\/\/marktxxl.de\/markt\/produkt\/ourleeme-smart-wlan-led-controller-led-streifen-controller-fuer-5050-3528-rgb-led-lichtstreifen-mit-alexa-google-startseite-ifttt-android-ios-app\/#primaryimage"},"image":{"@id":"https:\/\/marktxxl.de\/markt\/produkt\/ourleeme-smart-wlan-led-controller-led-streifen-controller-fuer-5050-3528-rgb-led-lichtstreifen-mit-alexa-google-startseite-ifttt-android-ios-app\/#primaryimage"},"thumbnailUrl":"https:\/\/m.media-amazon.com\/images\/I\/41uh8FNKruL._SL500_.jpg","datePublished":"2022-07-14T03:20:17+00:00","dateModified":"2023-04-11T02:14:16+00:00","description":"Markt-XXL OurLeeme Smart WLAN LED Controller LED Streifen Controller f\u00fcr 5050\/3528 RGB LED Lichtstreifen mit Alexa, Google\u2026","breadcrumb":{"@id":"https:\/\/marktxxl.de\/markt\/produkt\/ourleeme-smart-wlan-led-controller-led-streifen-controller-fuer-5050-3528-rgb-led-lichtstreifen-mit-alexa-google-startseite-ifttt-android-ios-app\/#breadcrumb"},"inLanguage":"de","potentialAction":[{"@type":"ReadAction","target":["https:\/\/marktxxl.de\/markt\/produkt\/ourleeme-smart-wlan-led-controller-led-streifen-controller-fuer-5050-3528-rgb-led-lichtstreifen-mit-alexa-google-startseite-ifttt-android-ios-app\/"]}]},{"@type":"ImageObject","inLanguage":"de","@id":"https:\/\/marktxxl.de\/markt\/produkt\/ourleeme-smart-wlan-led-controller-led-streifen-controller-fuer-5050-3528-rgb-led-lichtstreifen-mit-alexa-google-startseite-ifttt-android-ios-app\/#primaryimage","url":"https:\/\/m.media-amazon.com\/images\/I\/41uh8FNKruL._SL500_.jpg","contentUrl":"https:\/\/m.media-amazon.com\/images\/I\/41uh8FNKruL._SL500_.jpg","width":500,"height":500},{"@type":"BreadcrumbList","@id":"https:\/\/marktxxl.de\/markt\/produkt\/ourleeme-smart-wlan-led-controller-led-streifen-controller-fuer-5050-3528-rgb-led-lichtstreifen-mit-alexa-google-startseite-ifttt-android-ios-app\/#breadcrumb","itemListElement":[{"@type":"ListItem","position":1,"name":"Startseite","item":"https:\/\/marktxxl.de\/markt\/"},{"@type":"ListItem","position":2,"name":"Markt","item":"https:\/\/marktxxl.de\/markt\/"},{"@type":"ListItem","position":3,"name":"OurLeeme Smart WLAN LED Controller LED Streifen Controller f\u00fcr 5050\/3528 RGB LED Lichtstreifen mit Alexa, Google\u2026"}]},{"@type":"WebSite","@id":"https:\/\/marktxxl.de\/markt\/#website","url":"https:\/\/marktxxl.de\/markt\/","name":"Markt-XXL","description":"Ihr Markt Online","publisher":{"@id":"https:\/\/marktxxl.de\/markt\/#organization"},"potentialAction":[{"@type":"SearchAction","target":{"@type":"EntryPoint","urlTemplate":"https:\/\/marktxxl.de\/markt\/?s={search_term_string}"},"query-input":{"@type":"PropertyValueSpecification","valueRequired":true,"valueName":"search_term_string"}}],"inLanguage":"de"},{"@type":"Organization","@id":"https:\/\/marktxxl.de\/markt\/#organization","name":"Markt-XXL","url":"https:\/\/marktxxl.de\/markt\/","logo":{"@type":"ImageObject","inLanguage":"de","@id":"https:\/\/marktxxl.de\/markt\/#\/schema\/logo\/image\/","url":"https:\/\/marktxxl.de\/markt\/wp-content\/uploads\/sites\/3\/2020\/12\/logo.png","contentUrl":"https:\/\/marktxxl.de\/markt\/wp-content\/uploads\/sites\/3\/2020\/12\/logo.png","width":200,"height":70,"caption":"Markt-XXL"},"image":{"@id":"https:\/\/marktxxl.de\/markt\/#\/schema\/logo\/image\/"}}]}},"_links":{"self":[{"href":"https:\/\/marktxxl.de\/markt\/wp-json\/wp\/v2\/product\/138503","targetHints":{"allow":["GET"]}}],"collection":[{"href":"https:\/\/marktxxl.de\/markt\/wp-json\/wp\/v2\/product"}],"about":[{"href":"https:\/\/marktxxl.de\/markt\/wp-json\/wp\/v2\/types\/product"}],"replies":[{"embeddable":true,"href":"https:\/\/marktxxl.de\/markt\/wp-json\/wp\/v2\/comments?post=138503"}],"wp:featuredmedia":[{"embeddable":true,"href":"https:\/\/marktxxl.de\/markt\/wp-json\/wp\/v2\/media\/138504"}],"wp:attachment":[{"href":"https:\/\/marktxxl.de\/markt\/wp-json\/wp\/v2\/media?parent=138503"}],"wp:term":[{"taxonomy":"product_brand","embeddable":true,"href":"https:\/\/marktxxl.de\/markt\/wp-json\/wp\/v2\/product_brand?post=138503"},{"taxonomy":"product_cat","embeddable":true,"href":"https:\/\/marktxxl.de\/markt\/wp-json\/wp\/v2\/product_cat?post=138503"},{"taxonomy":"product_tag","embeddable":true,"href":"https:\/\/marktxxl.de\/markt\/wp-json\/wp\/v2\/product_tag?post=138503"}],"curies":[{"name":"wp","href":"https:\/\/api.w.org\/{rel}","templated":true}]}}