{"id":138452,"date":"2022-07-14T05:16:43","date_gmt":"2022-07-14T03:16:43","guid":{"rendered":"https:\/\/marktxxl.de\/markt\/produkt\/olafus-24-stueck-led-flaschenlicht-batterie-20-leds-lichterkette-kupferdraht-batteriebetriebene-weinflasche-lichter-mit-kork-fuer-aussen-innen-diy-deko-party-hochzeit-stimmungslichterwarmweiss\/"},"modified":"2023-04-11T04:14:15","modified_gmt":"2023-04-11T02:14:15","slug":"olafus-24-stueck-led-flaschenlicht-batterie-20-leds-lichterkette-kupferdraht-batteriebetriebene-weinflasche-lichter-mit-kork-fuer-aussen-innen-diy-deko-party-hochzeit-stimmungslichterwarmweiss","status":"publish","type":"product","link":"https:\/\/marktxxl.de\/markt\/produkt\/olafus-24-stueck-led-flaschenlicht-batterie-20-leds-lichterkette-kupferdraht-batteriebetriebene-weinflasche-lichter-mit-kork-fuer-aussen-innen-diy-deko-party-hochzeit-stimmungslichterwarmweiss\/","title":{"rendered":"Olafus 24 St\u00fcck LED Flaschenlicht Batterie, 20 LEDs Lichterkette Kupferdraht batteriebetriebene Weinflasche Lichter mit\u2026"},"content":{"rendered":"<p>Warmwei\u00df led flaschenlicht: spezielle korkform f\u00fcr diy flaschenlampen. Warmes Wei\u00df kann eine warme und romantische Atmosph\u00e4re f\u00fcr Partys und Hochzeiten sowie f\u00fcr Aktivit\u00e4ten im Innen- und Au\u00dfenbereich schaffen. Die Lichterkette f\u00fcr Flaschen, ideal f\u00fcr Tisch, Zimmer, Terrasse, Hochzeit, Party, Weihnachten, Silvester und andere festliche Dekorationen.<br \/>\nBatteriebetrieb flaschenlicht (Batterien mitgeliefert): jede Flaschenlicht (insg. 24St\u00fcck) ist mit 20 superhellen LEDs ger\u00fcstet. F\u00fcr jede Kette sind drei LR44 Batterien (insg. 72 Betterien) installiert mitgeliefert. Die Lichtzeit kann bis zu 40-45 Stunden dauern. Beste stromsparende Lichterketten verleihen Ihnen eine faszinierende neue Welt der Lichter.<br \/>\nSicher und energieeffizient: Die Kupferdr\u00e4hte vom Flaschen-Licht sind IP65 Wasserdicht. Die Flaschenlichterkette Korken werden mit stabiler und sehr niedriger Spannung betrieben. Es gibt keine Gefahr f\u00fcr Ihre Kinder oder Haustiere, wenn sie die Lichter anfassen oder ber\u00fchren. Die 20 LEDs haben einen niedrigen Energieverbrauch und sind energiesparend.<br \/>\nLeicht anzuschalten und zu installieren: Jedes Korkenlicht wird durch einen Ein-\/Aus-Schalter gesteuert. Einfach die Isolierfolie ausziehen, bevor Sie den Ein-\/Aus-Schalter benutzen. Sie m\u00fcssen daf\u00fcr keine Steckdose oder keinen Schraubendreher besorgen. Schalten Sie einfach die Lichter ein und genie\u00dfen Sie diese wunderbaren m\u00e4rchenhaften Lichter.<br \/>\nLieferumfang: 24 x LED Flaschenlicht, 1 x Bedienungsanleitung.<br \/>\n<div class=\"main-cross-sell\" data-asin=\"B07ZPPK564\">\n\n\t<div class=\"WooZone-cross-sell-loader\">\n\t\t<div>\n\t\t\t<div id=\"floatingBarsG\">\n\t\t\t\t<div class=\"blockG\" id=\"rotateG_01\"><\/div>\n\t\t\t\t<div class=\"blockG\" id=\"rotateG_02\"><\/div>\n\t\t\t\t<div class=\"blockG\" id=\"rotateG_03\"><\/div>\n\t\t\t\t<div class=\"blockG\" id=\"rotateG_04\"><\/div>\n\t\t\t\t<div class=\"blockG\" id=\"rotateG_05\"><\/div>\n\t\t\t\t<div class=\"blockG\" id=\"rotateG_06\"><\/div>\n\t\t\t\t<div class=\"blockG\" id=\"rotateG_07\"><\/div>\n\t\t\t\t<div class=\"blockG\" id=\"rotateG_08\"><\/div>\n\t\t\t<\/div>\n\t\t\t<div class=\"WooZone-cross-sell-loader-text\"><\/div>\n\t\t<\/div>\n\t<\/div>\n\n\t\t\n<\/div>\n<div style=\"clear:both;\"><\/div><\/p>\n","protected":false},"excerpt":{"rendered":"<p>Warmwei\u00df led flaschenlicht: spezielle korkform f\u00fcr diy flaschenlampen. Warmes Wei\u00df kann eine warme und romantische Atmosph\u00e4re f\u00fcr Partys und Hochzeiten sowie f\u00fcr Aktivit\u00e4ten im Innen- und Au\u00dfenbereich schaffen. Die Lichterkette f\u00fcr Flaschen, ideal f\u00fcr Tisch, Zimmer, Terrasse, Hochzeit, Party, Weihnachten, Silvester und andere festliche Dekorationen.<br \/>\nBatteriebetrieb flaschenlicht (Batterien mitgeliefert): jede Flaschenlicht (insg. 24St\u00fcck) ist mit 20 superhellen LEDs ger\u00fcstet. F\u00fcr jede Kette sind drei LR44 Batterien (insg. 72 Betterien) installiert mitgeliefert. Die Lichtzeit kann bis zu 40-45 Stunden dauern. Beste stromsparende Lichterketten verleihen Ihnen eine faszinierende neue Welt der Lichter.<br \/>\nSicher und energieeffizient: Die Kupferdr\u00e4hte vom Flaschen-Licht sind IP65 Wasserdicht. Die Flaschenlichterkette Korken werden mit stabiler und sehr niedriger Spannung betrieben. Es gibt keine Gefahr f\u00fcr Ihre Kinder oder Haustiere, wenn sie die Lichter anfassen oder ber\u00fchren. Die 20 LEDs haben einen niedrigen Energieverbrauch und sind energiesparend.<\/p>\n","protected":false},"featured_media":138453,"comment_status":"open","ping_status":"closed","template":"","meta":[],"product_brand":[],"product_cat":[2108,15622],"product_tag":[],"class_list":{"0":"post-138452","1":"product","2":"type-product","3":"status-publish","4":"has-post-thumbnail","6":"product_cat-beleuchtung","7":"product_cat-lichterketten","8":"pa_brand-olafus","9":"pa_manufacturer-olafus","10":"pa_model-25199","11":"pa_model-la-91dtww-24","13":"first","14":"instock","15":"shipping-taxable","16":"purchasable","17":"product-type-simple","18":"customify-col","19":"product-has-gallery"},"yoast_head":"<!-- This site is optimized with the Yoast SEO plugin v27.4 - https:\/\/yoast.com\/product\/yoast-seo-wordpress\/ -->\n<title>Olafus 24 St\u00fcck LED Flaschenlicht Batterie, 20 LEDs Lichterkette Kupferdraht batteriebetriebene Weinflasche Lichter mit\u2026 - Markt-XXL<\/title>\n<meta name=\"description\" content=\"Markt-XXL Olafus 24 St\u00fcck LED Flaschenlicht Batterie, 20 LEDs Lichterkette Kupferdraht batteriebetriebene Weinflasche Lichter mit\u2026\" \/>\n<meta name=\"robots\" content=\"index, follow, max-snippet:-1, max-image-preview:large, max-video-preview:-1\" \/>\n<link rel=\"canonical\" href=\"https:\/\/marktxxl.de\/markt\/produkt\/olafus-24-stueck-led-flaschenlicht-batterie-20-leds-lichterkette-kupferdraht-batteriebetriebene-weinflasche-lichter-mit-kork-fuer-aussen-innen-diy-deko-party-hochzeit-stimmungslichterwarmweiss\/\" \/>\n<meta property=\"og:locale\" content=\"de_DE\" \/>\n<meta property=\"og:type\" content=\"article\" \/>\n<meta property=\"og:title\" content=\"Olafus 24 St\u00fcck LED Flaschenlicht Batterie, 20 LEDs Lichterkette Kupferdraht batteriebetriebene Weinflasche Lichter mit\u2026 - Markt-XXL\" \/>\n<meta property=\"og:description\" content=\"Markt-XXL Olafus 24 St\u00fcck LED Flaschenlicht Batterie, 20 LEDs Lichterkette Kupferdraht batteriebetriebene Weinflasche Lichter mit\u2026\" \/>\n<meta property=\"og:url\" content=\"https:\/\/marktxxl.de\/markt\/produkt\/olafus-24-stueck-led-flaschenlicht-batterie-20-leds-lichterkette-kupferdraht-batteriebetriebene-weinflasche-lichter-mit-kork-fuer-aussen-innen-diy-deko-party-hochzeit-stimmungslichterwarmweiss\/\" \/>\n<meta property=\"og:site_name\" content=\"Markt-XXL\" \/>\n<meta property=\"article:modified_time\" content=\"2023-04-11T02:14:15+00:00\" \/>\n<meta property=\"og:image\" content=\"https:\/\/m.media-amazon.com\/images\/I\/51XGBsiNKFL._SL500_.jpg\" \/>\n\t<meta property=\"og:image:width\" content=\"500\" \/>\n\t<meta property=\"og:image:height\" content=\"500\" \/>\n\t<meta property=\"og:image:type\" content=\"image\/jpeg\" \/>\n<meta name=\"twitter:card\" content=\"summary_large_image\" \/>\n<meta name=\"twitter:label1\" content=\"Gesch\u00e4tzte Lesezeit\" \/>\n\t<meta name=\"twitter:data1\" content=\"1\u00a0Minute\" \/>\n<script type=\"application\/ld+json\" class=\"yoast-schema-graph\">{\"@context\":\"https:\\\/\\\/schema.org\",\"@graph\":[{\"@type\":\"WebPage\",\"@id\":\"https:\\\/\\\/marktxxl.de\\\/markt\\\/produkt\\\/olafus-24-stueck-led-flaschenlicht-batterie-20-leds-lichterkette-kupferdraht-batteriebetriebene-weinflasche-lichter-mit-kork-fuer-aussen-innen-diy-deko-party-hochzeit-stimmungslichterwarmweiss\\\/\",\"url\":\"https:\\\/\\\/marktxxl.de\\\/markt\\\/produkt\\\/olafus-24-stueck-led-flaschenlicht-batterie-20-leds-lichterkette-kupferdraht-batteriebetriebene-weinflasche-lichter-mit-kork-fuer-aussen-innen-diy-deko-party-hochzeit-stimmungslichterwarmweiss\\\/\",\"name\":\"Olafus 24 St\u00fcck LED Flaschenlicht Batterie, 20 LEDs Lichterkette Kupferdraht batteriebetriebene Weinflasche Lichter mit\u2026 - Markt-XXL\",\"isPartOf\":{\"@id\":\"https:\\\/\\\/marktxxl.de\\\/markt\\\/#website\"},\"primaryImageOfPage\":{\"@id\":\"https:\\\/\\\/marktxxl.de\\\/markt\\\/produkt\\\/olafus-24-stueck-led-flaschenlicht-batterie-20-leds-lichterkette-kupferdraht-batteriebetriebene-weinflasche-lichter-mit-kork-fuer-aussen-innen-diy-deko-party-hochzeit-stimmungslichterwarmweiss\\\/#primaryimage\"},\"image\":{\"@id\":\"https:\\\/\\\/marktxxl.de\\\/markt\\\/produkt\\\/olafus-24-stueck-led-flaschenlicht-batterie-20-leds-lichterkette-kupferdraht-batteriebetriebene-weinflasche-lichter-mit-kork-fuer-aussen-innen-diy-deko-party-hochzeit-stimmungslichterwarmweiss\\\/#primaryimage\"},\"thumbnailUrl\":\"https:\\\/\\\/m.media-amazon.com\\\/images\\\/I\\\/51XGBsiNKFL._SL500_.jpg\",\"datePublished\":\"2022-07-14T03:16:43+00:00\",\"dateModified\":\"2023-04-11T02:14:15+00:00\",\"description\":\"Markt-XXL Olafus 24 St\u00fcck LED Flaschenlicht Batterie, 20 LEDs Lichterkette Kupferdraht batteriebetriebene Weinflasche Lichter mit\u2026\",\"breadcrumb\":{\"@id\":\"https:\\\/\\\/marktxxl.de\\\/markt\\\/produkt\\\/olafus-24-stueck-led-flaschenlicht-batterie-20-leds-lichterkette-kupferdraht-batteriebetriebene-weinflasche-lichter-mit-kork-fuer-aussen-innen-diy-deko-party-hochzeit-stimmungslichterwarmweiss\\\/#breadcrumb\"},\"inLanguage\":\"de\",\"potentialAction\":[{\"@type\":\"ReadAction\",\"target\":[\"https:\\\/\\\/marktxxl.de\\\/markt\\\/produkt\\\/olafus-24-stueck-led-flaschenlicht-batterie-20-leds-lichterkette-kupferdraht-batteriebetriebene-weinflasche-lichter-mit-kork-fuer-aussen-innen-diy-deko-party-hochzeit-stimmungslichterwarmweiss\\\/\"]}]},{\"@type\":\"ImageObject\",\"inLanguage\":\"de\",\"@id\":\"https:\\\/\\\/marktxxl.de\\\/markt\\\/produkt\\\/olafus-24-stueck-led-flaschenlicht-batterie-20-leds-lichterkette-kupferdraht-batteriebetriebene-weinflasche-lichter-mit-kork-fuer-aussen-innen-diy-deko-party-hochzeit-stimmungslichterwarmweiss\\\/#primaryimage\",\"url\":\"https:\\\/\\\/m.media-amazon.com\\\/images\\\/I\\\/51XGBsiNKFL._SL500_.jpg\",\"contentUrl\":\"https:\\\/\\\/m.media-amazon.com\\\/images\\\/I\\\/51XGBsiNKFL._SL500_.jpg\",\"width\":500,\"height\":500},{\"@type\":\"BreadcrumbList\",\"@id\":\"https:\\\/\\\/marktxxl.de\\\/markt\\\/produkt\\\/olafus-24-stueck-led-flaschenlicht-batterie-20-leds-lichterkette-kupferdraht-batteriebetriebene-weinflasche-lichter-mit-kork-fuer-aussen-innen-diy-deko-party-hochzeit-stimmungslichterwarmweiss\\\/#breadcrumb\",\"itemListElement\":[{\"@type\":\"ListItem\",\"position\":1,\"name\":\"Startseite\",\"item\":\"https:\\\/\\\/marktxxl.de\\\/markt\\\/\"},{\"@type\":\"ListItem\",\"position\":2,\"name\":\"Markt\",\"item\":\"https:\\\/\\\/marktxxl.de\\\/markt\\\/\"},{\"@type\":\"ListItem\",\"position\":3,\"name\":\"Olafus 24 St\u00fcck LED Flaschenlicht Batterie, 20 LEDs Lichterkette Kupferdraht batteriebetriebene Weinflasche Lichter mit\u2026\"}]},{\"@type\":\"WebSite\",\"@id\":\"https:\\\/\\\/marktxxl.de\\\/markt\\\/#website\",\"url\":\"https:\\\/\\\/marktxxl.de\\\/markt\\\/\",\"name\":\"Markt-XXL\",\"description\":\"Ihr Markt Online\",\"publisher\":{\"@id\":\"https:\\\/\\\/marktxxl.de\\\/markt\\\/#organization\"},\"potentialAction\":[{\"@type\":\"SearchAction\",\"target\":{\"@type\":\"EntryPoint\",\"urlTemplate\":\"https:\\\/\\\/marktxxl.de\\\/markt\\\/?s={search_term_string}\"},\"query-input\":{\"@type\":\"PropertyValueSpecification\",\"valueRequired\":true,\"valueName\":\"search_term_string\"}}],\"inLanguage\":\"de\"},{\"@type\":\"Organization\",\"@id\":\"https:\\\/\\\/marktxxl.de\\\/markt\\\/#organization\",\"name\":\"Markt-XXL\",\"url\":\"https:\\\/\\\/marktxxl.de\\\/markt\\\/\",\"logo\":{\"@type\":\"ImageObject\",\"inLanguage\":\"de\",\"@id\":\"https:\\\/\\\/marktxxl.de\\\/markt\\\/#\\\/schema\\\/logo\\\/image\\\/\",\"url\":\"https:\\\/\\\/marktxxl.de\\\/markt\\\/wp-content\\\/uploads\\\/sites\\\/3\\\/2020\\\/12\\\/logo.png\",\"contentUrl\":\"https:\\\/\\\/marktxxl.de\\\/markt\\\/wp-content\\\/uploads\\\/sites\\\/3\\\/2020\\\/12\\\/logo.png\",\"width\":200,\"height\":70,\"caption\":\"Markt-XXL\"},\"image\":{\"@id\":\"https:\\\/\\\/marktxxl.de\\\/markt\\\/#\\\/schema\\\/logo\\\/image\\\/\"}}]}<\/script>\n<!-- \/ Yoast SEO plugin. -->","yoast_head_json":{"title":"Olafus 24 St\u00fcck LED Flaschenlicht Batterie, 20 LEDs Lichterkette Kupferdraht batteriebetriebene Weinflasche Lichter mit\u2026 - Markt-XXL","description":"Markt-XXL Olafus 24 St\u00fcck LED Flaschenlicht Batterie, 20 LEDs Lichterkette Kupferdraht batteriebetriebene Weinflasche Lichter mit\u2026","robots":{"index":"index","follow":"follow","max-snippet":"max-snippet:-1","max-image-preview":"max-image-preview:large","max-video-preview":"max-video-preview:-1"},"canonical":"https:\/\/marktxxl.de\/markt\/produkt\/olafus-24-stueck-led-flaschenlicht-batterie-20-leds-lichterkette-kupferdraht-batteriebetriebene-weinflasche-lichter-mit-kork-fuer-aussen-innen-diy-deko-party-hochzeit-stimmungslichterwarmweiss\/","og_locale":"de_DE","og_type":"article","og_title":"Olafus 24 St\u00fcck LED Flaschenlicht Batterie, 20 LEDs Lichterkette Kupferdraht batteriebetriebene Weinflasche Lichter mit\u2026 - Markt-XXL","og_description":"Markt-XXL Olafus 24 St\u00fcck LED Flaschenlicht Batterie, 20 LEDs Lichterkette Kupferdraht batteriebetriebene Weinflasche Lichter mit\u2026","og_url":"https:\/\/marktxxl.de\/markt\/produkt\/olafus-24-stueck-led-flaschenlicht-batterie-20-leds-lichterkette-kupferdraht-batteriebetriebene-weinflasche-lichter-mit-kork-fuer-aussen-innen-diy-deko-party-hochzeit-stimmungslichterwarmweiss\/","og_site_name":"Markt-XXL","article_modified_time":"2023-04-11T02:14:15+00:00","og_image":[{"width":500,"height":500,"url":"https:\/\/m.media-amazon.com\/images\/I\/51XGBsiNKFL._SL500_.jpg","type":"image\/jpeg"}],"twitter_card":"summary_large_image","twitter_misc":{"Gesch\u00e4tzte Lesezeit":"1\u00a0Minute"},"schema":{"@context":"https:\/\/schema.org","@graph":[{"@type":"WebPage","@id":"https:\/\/marktxxl.de\/markt\/produkt\/olafus-24-stueck-led-flaschenlicht-batterie-20-leds-lichterkette-kupferdraht-batteriebetriebene-weinflasche-lichter-mit-kork-fuer-aussen-innen-diy-deko-party-hochzeit-stimmungslichterwarmweiss\/","url":"https:\/\/marktxxl.de\/markt\/produkt\/olafus-24-stueck-led-flaschenlicht-batterie-20-leds-lichterkette-kupferdraht-batteriebetriebene-weinflasche-lichter-mit-kork-fuer-aussen-innen-diy-deko-party-hochzeit-stimmungslichterwarmweiss\/","name":"Olafus 24 St\u00fcck LED Flaschenlicht Batterie, 20 LEDs Lichterkette Kupferdraht batteriebetriebene Weinflasche Lichter mit\u2026 - Markt-XXL","isPartOf":{"@id":"https:\/\/marktxxl.de\/markt\/#website"},"primaryImageOfPage":{"@id":"https:\/\/marktxxl.de\/markt\/produkt\/olafus-24-stueck-led-flaschenlicht-batterie-20-leds-lichterkette-kupferdraht-batteriebetriebene-weinflasche-lichter-mit-kork-fuer-aussen-innen-diy-deko-party-hochzeit-stimmungslichterwarmweiss\/#primaryimage"},"image":{"@id":"https:\/\/marktxxl.de\/markt\/produkt\/olafus-24-stueck-led-flaschenlicht-batterie-20-leds-lichterkette-kupferdraht-batteriebetriebene-weinflasche-lichter-mit-kork-fuer-aussen-innen-diy-deko-party-hochzeit-stimmungslichterwarmweiss\/#primaryimage"},"thumbnailUrl":"https:\/\/m.media-amazon.com\/images\/I\/51XGBsiNKFL._SL500_.jpg","datePublished":"2022-07-14T03:16:43+00:00","dateModified":"2023-04-11T02:14:15+00:00","description":"Markt-XXL Olafus 24 St\u00fcck LED Flaschenlicht Batterie, 20 LEDs Lichterkette Kupferdraht batteriebetriebene Weinflasche Lichter mit\u2026","breadcrumb":{"@id":"https:\/\/marktxxl.de\/markt\/produkt\/olafus-24-stueck-led-flaschenlicht-batterie-20-leds-lichterkette-kupferdraht-batteriebetriebene-weinflasche-lichter-mit-kork-fuer-aussen-innen-diy-deko-party-hochzeit-stimmungslichterwarmweiss\/#breadcrumb"},"inLanguage":"de","potentialAction":[{"@type":"ReadAction","target":["https:\/\/marktxxl.de\/markt\/produkt\/olafus-24-stueck-led-flaschenlicht-batterie-20-leds-lichterkette-kupferdraht-batteriebetriebene-weinflasche-lichter-mit-kork-fuer-aussen-innen-diy-deko-party-hochzeit-stimmungslichterwarmweiss\/"]}]},{"@type":"ImageObject","inLanguage":"de","@id":"https:\/\/marktxxl.de\/markt\/produkt\/olafus-24-stueck-led-flaschenlicht-batterie-20-leds-lichterkette-kupferdraht-batteriebetriebene-weinflasche-lichter-mit-kork-fuer-aussen-innen-diy-deko-party-hochzeit-stimmungslichterwarmweiss\/#primaryimage","url":"https:\/\/m.media-amazon.com\/images\/I\/51XGBsiNKFL._SL500_.jpg","contentUrl":"https:\/\/m.media-amazon.com\/images\/I\/51XGBsiNKFL._SL500_.jpg","width":500,"height":500},{"@type":"BreadcrumbList","@id":"https:\/\/marktxxl.de\/markt\/produkt\/olafus-24-stueck-led-flaschenlicht-batterie-20-leds-lichterkette-kupferdraht-batteriebetriebene-weinflasche-lichter-mit-kork-fuer-aussen-innen-diy-deko-party-hochzeit-stimmungslichterwarmweiss\/#breadcrumb","itemListElement":[{"@type":"ListItem","position":1,"name":"Startseite","item":"https:\/\/marktxxl.de\/markt\/"},{"@type":"ListItem","position":2,"name":"Markt","item":"https:\/\/marktxxl.de\/markt\/"},{"@type":"ListItem","position":3,"name":"Olafus 24 St\u00fcck LED Flaschenlicht Batterie, 20 LEDs Lichterkette Kupferdraht batteriebetriebene Weinflasche Lichter mit\u2026"}]},{"@type":"WebSite","@id":"https:\/\/marktxxl.de\/markt\/#website","url":"https:\/\/marktxxl.de\/markt\/","name":"Markt-XXL","description":"Ihr Markt Online","publisher":{"@id":"https:\/\/marktxxl.de\/markt\/#organization"},"potentialAction":[{"@type":"SearchAction","target":{"@type":"EntryPoint","urlTemplate":"https:\/\/marktxxl.de\/markt\/?s={search_term_string}"},"query-input":{"@type":"PropertyValueSpecification","valueRequired":true,"valueName":"search_term_string"}}],"inLanguage":"de"},{"@type":"Organization","@id":"https:\/\/marktxxl.de\/markt\/#organization","name":"Markt-XXL","url":"https:\/\/marktxxl.de\/markt\/","logo":{"@type":"ImageObject","inLanguage":"de","@id":"https:\/\/marktxxl.de\/markt\/#\/schema\/logo\/image\/","url":"https:\/\/marktxxl.de\/markt\/wp-content\/uploads\/sites\/3\/2020\/12\/logo.png","contentUrl":"https:\/\/marktxxl.de\/markt\/wp-content\/uploads\/sites\/3\/2020\/12\/logo.png","width":200,"height":70,"caption":"Markt-XXL"},"image":{"@id":"https:\/\/marktxxl.de\/markt\/#\/schema\/logo\/image\/"}}]}},"_links":{"self":[{"href":"https:\/\/marktxxl.de\/markt\/wp-json\/wp\/v2\/product\/138452","targetHints":{"allow":["GET"]}}],"collection":[{"href":"https:\/\/marktxxl.de\/markt\/wp-json\/wp\/v2\/product"}],"about":[{"href":"https:\/\/marktxxl.de\/markt\/wp-json\/wp\/v2\/types\/product"}],"replies":[{"embeddable":true,"href":"https:\/\/marktxxl.de\/markt\/wp-json\/wp\/v2\/comments?post=138452"}],"wp:featuredmedia":[{"embeddable":true,"href":"https:\/\/marktxxl.de\/markt\/wp-json\/wp\/v2\/media\/138453"}],"wp:attachment":[{"href":"https:\/\/marktxxl.de\/markt\/wp-json\/wp\/v2\/media?parent=138452"}],"wp:term":[{"taxonomy":"product_brand","embeddable":true,"href":"https:\/\/marktxxl.de\/markt\/wp-json\/wp\/v2\/product_brand?post=138452"},{"taxonomy":"product_cat","embeddable":true,"href":"https:\/\/marktxxl.de\/markt\/wp-json\/wp\/v2\/product_cat?post=138452"},{"taxonomy":"product_tag","embeddable":true,"href":"https:\/\/marktxxl.de\/markt\/wp-json\/wp\/v2\/product_tag?post=138452"}],"curies":[{"name":"wp","href":"https:\/\/api.w.org\/{rel}","templated":true}]}}