{"id":138312,"date":"2022-07-14T04:36:19","date_gmt":"2022-07-14T02:36:19","guid":{"rendered":"https:\/\/marktxxl.de\/markt\/produkt\/xifeiniu-2-x-weihnachts-lichtabdeckungen-mit-schneemann-motiv-fuer-innen-und-aussenbereich-dekoration-fuer-veranda-garagenbeleuchtung-wandleuchten\/"},"modified":"2023-04-11T04:14:14","modified_gmt":"2023-04-11T02:14:14","slug":"xifeiniu-2-x-weihnachts-lichtabdeckungen-mit-schneemann-motiv-fuer-innen-und-aussenbereich-dekoration-fuer-veranda-garagenbeleuchtung-wandleuchten","status":"publish","type":"product","link":"https:\/\/marktxxl.de\/markt\/produkt\/xifeiniu-2-x-weihnachts-lichtabdeckungen-mit-schneemann-motiv-fuer-innen-und-aussenbereich-dekoration-fuer-veranda-garagenbeleuchtung-wandleuchten\/","title":{"rendered":"XIFEINIU 2 x Weihnachts-Lichtabdeckungen mit Schneemann-Motiv, f\u00fcr Innen- und Au\u00dfenbereich, Dekoration f\u00fcr Veranda\u2026"},"content":{"rendered":"<p>Elegante Schneemann-Form: eleganter Hut, schwaches L\u00e4cheln, helle Augen und festliche Nase, plus genau die richtige Weihnachts-Tannenzapfen-Dekoration, alles ist so friedlich. H\u00e4ngt an der Wandleuchte, um die G\u00e4ste elegant zu begr\u00fc\u00dfen, l\u00e4cheln und beobachten Sie, wie alle Weihnachten feiern und f\u00fcgen Sie ein wenig W\u00e4rme zu dem fr\u00f6hlichen Weihnachten hinzu.<br \/>\nLanglebige Lichtabdeckung: Weihnachtsschneemann Veranda Lichtabdeckung ist aus hochwertigem EVA strukturiertem Kunststoff mit einer kristallisierten Textur, die wie Schnee aussieht, weich und langlebig. Und es hat eine gute Lichtdurchl\u00e4ssigkeit, hat keinen Einfluss auf die Beleuchtung.<br \/>\nEinfach zu installieren: Einfach das Gummiband dehnen und auf das Verandallicht legen und fertig. 30,5 cm H x 23 cm B x 11,4 cm D Gr\u00f6\u00dfe ist geeignet f\u00fcr die meisten Veranda-Leuchten, Garagenleuchten, Wandleuchten.<br \/>\nWetterbest\u00e4ndig: Die Acrylverarbeitung macht diese Outdoor-Weihnachtsdekoration stark genug, um Regen, Schnee, Wind oder Schneeregen standzuhalten.<br \/>\nBreiter Anwendungsbereich: Die Schneemann-Veranda-Lichtabdeckung ist f\u00fcr Weihnachten, Neujahr und den ganzen Winter geeignet. Ein strahlendes Willkommen f\u00fcr G\u00e4ste, Besucher und Familie. Dekorieren Sie die T\u00fcrveranden, um einen willkommenen Eingang f\u00fcr Garagen, Terrassen und andere Eing\u00e4nge zu schaffen.<br \/>\n<div class=\"main-cross-sell\" data-asin=\"B09BPWJGSD\">\n\n\t<div class=\"WooZone-cross-sell-loader\">\n\t\t<div>\n\t\t\t<div id=\"floatingBarsG\">\n\t\t\t\t<div class=\"blockG\" id=\"rotateG_01\"><\/div>\n\t\t\t\t<div class=\"blockG\" id=\"rotateG_02\"><\/div>\n\t\t\t\t<div class=\"blockG\" id=\"rotateG_03\"><\/div>\n\t\t\t\t<div class=\"blockG\" id=\"rotateG_04\"><\/div>\n\t\t\t\t<div class=\"blockG\" id=\"rotateG_05\"><\/div>\n\t\t\t\t<div class=\"blockG\" id=\"rotateG_06\"><\/div>\n\t\t\t\t<div class=\"blockG\" id=\"rotateG_07\"><\/div>\n\t\t\t\t<div class=\"blockG\" id=\"rotateG_08\"><\/div>\n\t\t\t<\/div>\n\t\t\t<div class=\"WooZone-cross-sell-loader-text\"><\/div>\n\t\t<\/div>\n\t<\/div>\n\n\t\t\n<\/div>\n<div style=\"clear:both;\"><\/div><\/p>\n","protected":false},"excerpt":{"rendered":"<p>Elegante Schneemann-Form: eleganter Hut, schwaches L\u00e4cheln, helle Augen und festliche Nase, plus genau die richtige Weihnachts-Tannenzapfen-Dekoration, alles ist so friedlich. H\u00e4ngt an der Wandleuchte, um die G\u00e4ste elegant zu begr\u00fc\u00dfen, l\u00e4cheln und beobachten Sie, wie alle Weihnachten feiern und f\u00fcgen Sie ein wenig W\u00e4rme zu dem fr\u00f6hlichen Weihnachten hinzu.<br \/>\nLanglebige Lichtabdeckung: Weihnachtsschneemann Veranda Lichtabdeckung ist aus hochwertigem EVA strukturiertem Kunststoff mit einer kristallisierten Textur, die wie Schnee aussieht, weich und langlebig. Und es hat eine gute Lichtdurchl\u00e4ssigkeit, hat keinen Einfluss auf die Beleuchtung.<br \/>\nEinfach zu installieren: Einfach das Gummiband dehnen und auf das Verandallicht legen und fertig. 30,5 cm H x 23 cm B x 11,4 cm D Gr\u00f6\u00dfe ist geeignet f\u00fcr die meisten Veranda-Leuchten, Garagenleuchten, Wandleuchten.<\/p>\n","protected":false},"featured_media":138313,"comment_status":"open","ping_status":"closed","template":"","meta":[],"product_brand":[],"product_cat":[2108,15622],"product_tag":[],"class_list":{"0":"post-138312","1":"product","2":"type-product","3":"status-publish","4":"has-post-thumbnail","6":"product_cat-beleuchtung","7":"product_cat-lichterketten","8":"pa_brand-xifeiniu","9":"pa_manufacturer-xifeiniu","11":"first","12":"instock","13":"shipping-taxable","14":"purchasable","15":"product-type-simple","16":"customify-col","17":"product-has-gallery"},"yoast_head":"<!-- This site is optimized with the Yoast SEO plugin v27.4 - https:\/\/yoast.com\/product\/yoast-seo-wordpress\/ -->\n<title>XIFEINIU 2 x Weihnachts-Lichtabdeckungen mit Schneemann-Motiv, f\u00fcr Innen- und Au\u00dfenbereich, Dekoration f\u00fcr Veranda\u2026 - Markt-XXL<\/title>\n<meta name=\"description\" content=\"Markt-XXL XIFEINIU 2 x Weihnachts-Lichtabdeckungen mit Schneemann-Motiv, f\u00fcr Innen- und Au\u00dfenbereich, Dekoration f\u00fcr Veranda\u2026\" \/>\n<meta name=\"robots\" content=\"index, follow, max-snippet:-1, max-image-preview:large, max-video-preview:-1\" \/>\n<link rel=\"canonical\" href=\"https:\/\/marktxxl.de\/markt\/produkt\/xifeiniu-2-x-weihnachts-lichtabdeckungen-mit-schneemann-motiv-fuer-innen-und-aussenbereich-dekoration-fuer-veranda-garagenbeleuchtung-wandleuchten\/\" \/>\n<meta property=\"og:locale\" content=\"de_DE\" \/>\n<meta property=\"og:type\" content=\"article\" \/>\n<meta property=\"og:title\" content=\"XIFEINIU 2 x Weihnachts-Lichtabdeckungen mit Schneemann-Motiv, f\u00fcr Innen- und Au\u00dfenbereich, Dekoration f\u00fcr Veranda\u2026 - Markt-XXL\" \/>\n<meta property=\"og:description\" content=\"Markt-XXL XIFEINIU 2 x Weihnachts-Lichtabdeckungen mit Schneemann-Motiv, f\u00fcr Innen- und Au\u00dfenbereich, Dekoration f\u00fcr Veranda\u2026\" \/>\n<meta property=\"og:url\" content=\"https:\/\/marktxxl.de\/markt\/produkt\/xifeiniu-2-x-weihnachts-lichtabdeckungen-mit-schneemann-motiv-fuer-innen-und-aussenbereich-dekoration-fuer-veranda-garagenbeleuchtung-wandleuchten\/\" \/>\n<meta property=\"og:site_name\" content=\"Markt-XXL\" \/>\n<meta property=\"article:modified_time\" content=\"2023-04-11T02:14:14+00:00\" \/>\n<meta property=\"og:image\" content=\"https:\/\/m.media-amazon.com\/images\/I\/51D1QJTKbbL._SL500_.jpg\" \/>\n\t<meta property=\"og:image:width\" content=\"500\" \/>\n\t<meta property=\"og:image:height\" content=\"500\" \/>\n\t<meta property=\"og:image:type\" content=\"image\/jpeg\" \/>\n<meta name=\"twitter:card\" content=\"summary_large_image\" \/>\n<meta name=\"twitter:label1\" content=\"Gesch\u00e4tzte Lesezeit\" \/>\n\t<meta name=\"twitter:data1\" content=\"1\u00a0Minute\" \/>\n<script type=\"application\/ld+json\" class=\"yoast-schema-graph\">{\"@context\":\"https:\\\/\\\/schema.org\",\"@graph\":[{\"@type\":\"WebPage\",\"@id\":\"https:\\\/\\\/marktxxl.de\\\/markt\\\/produkt\\\/xifeiniu-2-x-weihnachts-lichtabdeckungen-mit-schneemann-motiv-fuer-innen-und-aussenbereich-dekoration-fuer-veranda-garagenbeleuchtung-wandleuchten\\\/\",\"url\":\"https:\\\/\\\/marktxxl.de\\\/markt\\\/produkt\\\/xifeiniu-2-x-weihnachts-lichtabdeckungen-mit-schneemann-motiv-fuer-innen-und-aussenbereich-dekoration-fuer-veranda-garagenbeleuchtung-wandleuchten\\\/\",\"name\":\"XIFEINIU 2 x Weihnachts-Lichtabdeckungen mit Schneemann-Motiv, f\u00fcr Innen- und Au\u00dfenbereich, Dekoration f\u00fcr Veranda\u2026 - Markt-XXL\",\"isPartOf\":{\"@id\":\"https:\\\/\\\/marktxxl.de\\\/markt\\\/#website\"},\"primaryImageOfPage\":{\"@id\":\"https:\\\/\\\/marktxxl.de\\\/markt\\\/produkt\\\/xifeiniu-2-x-weihnachts-lichtabdeckungen-mit-schneemann-motiv-fuer-innen-und-aussenbereich-dekoration-fuer-veranda-garagenbeleuchtung-wandleuchten\\\/#primaryimage\"},\"image\":{\"@id\":\"https:\\\/\\\/marktxxl.de\\\/markt\\\/produkt\\\/xifeiniu-2-x-weihnachts-lichtabdeckungen-mit-schneemann-motiv-fuer-innen-und-aussenbereich-dekoration-fuer-veranda-garagenbeleuchtung-wandleuchten\\\/#primaryimage\"},\"thumbnailUrl\":\"https:\\\/\\\/m.media-amazon.com\\\/images\\\/I\\\/51D1QJTKbbL._SL500_.jpg\",\"datePublished\":\"2022-07-14T02:36:19+00:00\",\"dateModified\":\"2023-04-11T02:14:14+00:00\",\"description\":\"Markt-XXL XIFEINIU 2 x Weihnachts-Lichtabdeckungen mit Schneemann-Motiv, f\u00fcr Innen- und Au\u00dfenbereich, Dekoration f\u00fcr Veranda\u2026\",\"breadcrumb\":{\"@id\":\"https:\\\/\\\/marktxxl.de\\\/markt\\\/produkt\\\/xifeiniu-2-x-weihnachts-lichtabdeckungen-mit-schneemann-motiv-fuer-innen-und-aussenbereich-dekoration-fuer-veranda-garagenbeleuchtung-wandleuchten\\\/#breadcrumb\"},\"inLanguage\":\"de\",\"potentialAction\":[{\"@type\":\"ReadAction\",\"target\":[\"https:\\\/\\\/marktxxl.de\\\/markt\\\/produkt\\\/xifeiniu-2-x-weihnachts-lichtabdeckungen-mit-schneemann-motiv-fuer-innen-und-aussenbereich-dekoration-fuer-veranda-garagenbeleuchtung-wandleuchten\\\/\"]}]},{\"@type\":\"ImageObject\",\"inLanguage\":\"de\",\"@id\":\"https:\\\/\\\/marktxxl.de\\\/markt\\\/produkt\\\/xifeiniu-2-x-weihnachts-lichtabdeckungen-mit-schneemann-motiv-fuer-innen-und-aussenbereich-dekoration-fuer-veranda-garagenbeleuchtung-wandleuchten\\\/#primaryimage\",\"url\":\"https:\\\/\\\/m.media-amazon.com\\\/images\\\/I\\\/51D1QJTKbbL._SL500_.jpg\",\"contentUrl\":\"https:\\\/\\\/m.media-amazon.com\\\/images\\\/I\\\/51D1QJTKbbL._SL500_.jpg\",\"width\":500,\"height\":500},{\"@type\":\"BreadcrumbList\",\"@id\":\"https:\\\/\\\/marktxxl.de\\\/markt\\\/produkt\\\/xifeiniu-2-x-weihnachts-lichtabdeckungen-mit-schneemann-motiv-fuer-innen-und-aussenbereich-dekoration-fuer-veranda-garagenbeleuchtung-wandleuchten\\\/#breadcrumb\",\"itemListElement\":[{\"@type\":\"ListItem\",\"position\":1,\"name\":\"Startseite\",\"item\":\"https:\\\/\\\/marktxxl.de\\\/markt\\\/\"},{\"@type\":\"ListItem\",\"position\":2,\"name\":\"Markt\",\"item\":\"https:\\\/\\\/marktxxl.de\\\/markt\\\/\"},{\"@type\":\"ListItem\",\"position\":3,\"name\":\"XIFEINIU 2 x Weihnachts-Lichtabdeckungen mit Schneemann-Motiv, f\u00fcr Innen- und Au\u00dfenbereich, Dekoration f\u00fcr Veranda\u2026\"}]},{\"@type\":\"WebSite\",\"@id\":\"https:\\\/\\\/marktxxl.de\\\/markt\\\/#website\",\"url\":\"https:\\\/\\\/marktxxl.de\\\/markt\\\/\",\"name\":\"Markt-XXL\",\"description\":\"Ihr Markt Online\",\"publisher\":{\"@id\":\"https:\\\/\\\/marktxxl.de\\\/markt\\\/#organization\"},\"potentialAction\":[{\"@type\":\"SearchAction\",\"target\":{\"@type\":\"EntryPoint\",\"urlTemplate\":\"https:\\\/\\\/marktxxl.de\\\/markt\\\/?s={search_term_string}\"},\"query-input\":{\"@type\":\"PropertyValueSpecification\",\"valueRequired\":true,\"valueName\":\"search_term_string\"}}],\"inLanguage\":\"de\"},{\"@type\":\"Organization\",\"@id\":\"https:\\\/\\\/marktxxl.de\\\/markt\\\/#organization\",\"name\":\"Markt-XXL\",\"url\":\"https:\\\/\\\/marktxxl.de\\\/markt\\\/\",\"logo\":{\"@type\":\"ImageObject\",\"inLanguage\":\"de\",\"@id\":\"https:\\\/\\\/marktxxl.de\\\/markt\\\/#\\\/schema\\\/logo\\\/image\\\/\",\"url\":\"https:\\\/\\\/marktxxl.de\\\/markt\\\/wp-content\\\/uploads\\\/sites\\\/3\\\/2020\\\/12\\\/logo.png\",\"contentUrl\":\"https:\\\/\\\/marktxxl.de\\\/markt\\\/wp-content\\\/uploads\\\/sites\\\/3\\\/2020\\\/12\\\/logo.png\",\"width\":200,\"height\":70,\"caption\":\"Markt-XXL\"},\"image\":{\"@id\":\"https:\\\/\\\/marktxxl.de\\\/markt\\\/#\\\/schema\\\/logo\\\/image\\\/\"}}]}<\/script>\n<!-- \/ Yoast SEO plugin. -->","yoast_head_json":{"title":"XIFEINIU 2 x Weihnachts-Lichtabdeckungen mit Schneemann-Motiv, f\u00fcr Innen- und Au\u00dfenbereich, Dekoration f\u00fcr Veranda\u2026 - Markt-XXL","description":"Markt-XXL XIFEINIU 2 x Weihnachts-Lichtabdeckungen mit Schneemann-Motiv, f\u00fcr Innen- und Au\u00dfenbereich, Dekoration f\u00fcr Veranda\u2026","robots":{"index":"index","follow":"follow","max-snippet":"max-snippet:-1","max-image-preview":"max-image-preview:large","max-video-preview":"max-video-preview:-1"},"canonical":"https:\/\/marktxxl.de\/markt\/produkt\/xifeiniu-2-x-weihnachts-lichtabdeckungen-mit-schneemann-motiv-fuer-innen-und-aussenbereich-dekoration-fuer-veranda-garagenbeleuchtung-wandleuchten\/","og_locale":"de_DE","og_type":"article","og_title":"XIFEINIU 2 x Weihnachts-Lichtabdeckungen mit Schneemann-Motiv, f\u00fcr Innen- und Au\u00dfenbereich, Dekoration f\u00fcr Veranda\u2026 - Markt-XXL","og_description":"Markt-XXL XIFEINIU 2 x Weihnachts-Lichtabdeckungen mit Schneemann-Motiv, f\u00fcr Innen- und Au\u00dfenbereich, Dekoration f\u00fcr Veranda\u2026","og_url":"https:\/\/marktxxl.de\/markt\/produkt\/xifeiniu-2-x-weihnachts-lichtabdeckungen-mit-schneemann-motiv-fuer-innen-und-aussenbereich-dekoration-fuer-veranda-garagenbeleuchtung-wandleuchten\/","og_site_name":"Markt-XXL","article_modified_time":"2023-04-11T02:14:14+00:00","og_image":[{"width":500,"height":500,"url":"https:\/\/m.media-amazon.com\/images\/I\/51D1QJTKbbL._SL500_.jpg","type":"image\/jpeg"}],"twitter_card":"summary_large_image","twitter_misc":{"Gesch\u00e4tzte Lesezeit":"1\u00a0Minute"},"schema":{"@context":"https:\/\/schema.org","@graph":[{"@type":"WebPage","@id":"https:\/\/marktxxl.de\/markt\/produkt\/xifeiniu-2-x-weihnachts-lichtabdeckungen-mit-schneemann-motiv-fuer-innen-und-aussenbereich-dekoration-fuer-veranda-garagenbeleuchtung-wandleuchten\/","url":"https:\/\/marktxxl.de\/markt\/produkt\/xifeiniu-2-x-weihnachts-lichtabdeckungen-mit-schneemann-motiv-fuer-innen-und-aussenbereich-dekoration-fuer-veranda-garagenbeleuchtung-wandleuchten\/","name":"XIFEINIU 2 x Weihnachts-Lichtabdeckungen mit Schneemann-Motiv, f\u00fcr Innen- und Au\u00dfenbereich, Dekoration f\u00fcr Veranda\u2026 - Markt-XXL","isPartOf":{"@id":"https:\/\/marktxxl.de\/markt\/#website"},"primaryImageOfPage":{"@id":"https:\/\/marktxxl.de\/markt\/produkt\/xifeiniu-2-x-weihnachts-lichtabdeckungen-mit-schneemann-motiv-fuer-innen-und-aussenbereich-dekoration-fuer-veranda-garagenbeleuchtung-wandleuchten\/#primaryimage"},"image":{"@id":"https:\/\/marktxxl.de\/markt\/produkt\/xifeiniu-2-x-weihnachts-lichtabdeckungen-mit-schneemann-motiv-fuer-innen-und-aussenbereich-dekoration-fuer-veranda-garagenbeleuchtung-wandleuchten\/#primaryimage"},"thumbnailUrl":"https:\/\/m.media-amazon.com\/images\/I\/51D1QJTKbbL._SL500_.jpg","datePublished":"2022-07-14T02:36:19+00:00","dateModified":"2023-04-11T02:14:14+00:00","description":"Markt-XXL XIFEINIU 2 x Weihnachts-Lichtabdeckungen mit Schneemann-Motiv, f\u00fcr Innen- und Au\u00dfenbereich, Dekoration f\u00fcr Veranda\u2026","breadcrumb":{"@id":"https:\/\/marktxxl.de\/markt\/produkt\/xifeiniu-2-x-weihnachts-lichtabdeckungen-mit-schneemann-motiv-fuer-innen-und-aussenbereich-dekoration-fuer-veranda-garagenbeleuchtung-wandleuchten\/#breadcrumb"},"inLanguage":"de","potentialAction":[{"@type":"ReadAction","target":["https:\/\/marktxxl.de\/markt\/produkt\/xifeiniu-2-x-weihnachts-lichtabdeckungen-mit-schneemann-motiv-fuer-innen-und-aussenbereich-dekoration-fuer-veranda-garagenbeleuchtung-wandleuchten\/"]}]},{"@type":"ImageObject","inLanguage":"de","@id":"https:\/\/marktxxl.de\/markt\/produkt\/xifeiniu-2-x-weihnachts-lichtabdeckungen-mit-schneemann-motiv-fuer-innen-und-aussenbereich-dekoration-fuer-veranda-garagenbeleuchtung-wandleuchten\/#primaryimage","url":"https:\/\/m.media-amazon.com\/images\/I\/51D1QJTKbbL._SL500_.jpg","contentUrl":"https:\/\/m.media-amazon.com\/images\/I\/51D1QJTKbbL._SL500_.jpg","width":500,"height":500},{"@type":"BreadcrumbList","@id":"https:\/\/marktxxl.de\/markt\/produkt\/xifeiniu-2-x-weihnachts-lichtabdeckungen-mit-schneemann-motiv-fuer-innen-und-aussenbereich-dekoration-fuer-veranda-garagenbeleuchtung-wandleuchten\/#breadcrumb","itemListElement":[{"@type":"ListItem","position":1,"name":"Startseite","item":"https:\/\/marktxxl.de\/markt\/"},{"@type":"ListItem","position":2,"name":"Markt","item":"https:\/\/marktxxl.de\/markt\/"},{"@type":"ListItem","position":3,"name":"XIFEINIU 2 x Weihnachts-Lichtabdeckungen mit Schneemann-Motiv, f\u00fcr Innen- und Au\u00dfenbereich, Dekoration f\u00fcr Veranda\u2026"}]},{"@type":"WebSite","@id":"https:\/\/marktxxl.de\/markt\/#website","url":"https:\/\/marktxxl.de\/markt\/","name":"Markt-XXL","description":"Ihr Markt Online","publisher":{"@id":"https:\/\/marktxxl.de\/markt\/#organization"},"potentialAction":[{"@type":"SearchAction","target":{"@type":"EntryPoint","urlTemplate":"https:\/\/marktxxl.de\/markt\/?s={search_term_string}"},"query-input":{"@type":"PropertyValueSpecification","valueRequired":true,"valueName":"search_term_string"}}],"inLanguage":"de"},{"@type":"Organization","@id":"https:\/\/marktxxl.de\/markt\/#organization","name":"Markt-XXL","url":"https:\/\/marktxxl.de\/markt\/","logo":{"@type":"ImageObject","inLanguage":"de","@id":"https:\/\/marktxxl.de\/markt\/#\/schema\/logo\/image\/","url":"https:\/\/marktxxl.de\/markt\/wp-content\/uploads\/sites\/3\/2020\/12\/logo.png","contentUrl":"https:\/\/marktxxl.de\/markt\/wp-content\/uploads\/sites\/3\/2020\/12\/logo.png","width":200,"height":70,"caption":"Markt-XXL"},"image":{"@id":"https:\/\/marktxxl.de\/markt\/#\/schema\/logo\/image\/"}}]}},"_links":{"self":[{"href":"https:\/\/marktxxl.de\/markt\/wp-json\/wp\/v2\/product\/138312","targetHints":{"allow":["GET"]}}],"collection":[{"href":"https:\/\/marktxxl.de\/markt\/wp-json\/wp\/v2\/product"}],"about":[{"href":"https:\/\/marktxxl.de\/markt\/wp-json\/wp\/v2\/types\/product"}],"replies":[{"embeddable":true,"href":"https:\/\/marktxxl.de\/markt\/wp-json\/wp\/v2\/comments?post=138312"}],"wp:featuredmedia":[{"embeddable":true,"href":"https:\/\/marktxxl.de\/markt\/wp-json\/wp\/v2\/media\/138313"}],"wp:attachment":[{"href":"https:\/\/marktxxl.de\/markt\/wp-json\/wp\/v2\/media?parent=138312"}],"wp:term":[{"taxonomy":"product_brand","embeddable":true,"href":"https:\/\/marktxxl.de\/markt\/wp-json\/wp\/v2\/product_brand?post=138312"},{"taxonomy":"product_cat","embeddable":true,"href":"https:\/\/marktxxl.de\/markt\/wp-json\/wp\/v2\/product_cat?post=138312"},{"taxonomy":"product_tag","embeddable":true,"href":"https:\/\/marktxxl.de\/markt\/wp-json\/wp\/v2\/product_tag?post=138312"}],"curies":[{"name":"wp","href":"https:\/\/api.w.org\/{rel}","templated":true}]}}