{"id":138304,"date":"2022-07-14T04:36:10","date_gmt":"2022-07-14T02:36:10","guid":{"rendered":"https:\/\/marktxxl.de\/markt\/produkt\/cylapex-12-stueck-blaue-lichterkette-batteriebetrieben-sternenklare-lichterkette-auf-1-m-silberfarbenem-kupferdraht-diy-weihnachtsdekoration-kostuem-hochzeit-party-halloween-ostern\/"},"modified":"2023-04-11T04:14:14","modified_gmt":"2023-04-11T02:14:14","slug":"cylapex-12-stueck-blaue-lichterkette-batteriebetrieben-sternenklare-lichterkette-auf-1-m-silberfarbenem-kupferdraht-diy-weihnachtsdekoration-kostuem-hochzeit-party-halloween-ostern","status":"publish","type":"product","link":"https:\/\/marktxxl.de\/markt\/produkt\/cylapex-12-stueck-blaue-lichterkette-batteriebetrieben-sternenklare-lichterkette-auf-1-m-silberfarbenem-kupferdraht-diy-weihnachtsdekoration-kostuem-hochzeit-party-halloween-ostern\/","title":{"rendered":"CYLAPEX 12 St\u00fcck blaue Lichterkette, batteriebetrieben, sternenklare Lichterkette auf 1 m silberfarbenem Kupferdraht DIY\u2026"},"content":{"rendered":"<p>Flexibler Kupferdraht (silberbeschichtet): 1 m extra d\u00fcnne Schnur mit hellen, hochwertigen 20 Mikro-Sternen-LED-Lichterketten, 20 cm Kabel zwischen dem Batteriegeh\u00e4use und der ersten LED, kann in jede beliebige Form gebogen werden, flexibel f\u00fcr LED-Dekoration<br \/>\nWeit verbreitet: Flexibel und d\u00fcnn, aber stabil gebaut, die Lichterkette kann leicht gebogen werden, 360 Grad funkelt mit sch\u00f6nem Effekt, perfekt f\u00fcr die Verwendung als Hochzeitsdekoration oder Dekoration f\u00fcr Partys, Weihnachten, Gesch\u00e4fte, Restaurants und Kinderzimmer, \u00fcberall im Innen- oder Au\u00dfenbereich f\u00fcr Beleuchtungsdekorationen und Bastelprojekte und Bastelarbeiten<br \/>\nWas Sie erhalten: 12 blaue Zyapex-Lichterkette, Schraubenzieher. Es ist wasserdicht (au\u00dfer das Batteriegeh\u00e4use)<br \/>\nInternational products have separate terms, are sold from abroad and may differ from local products, including fit, age ratings, and language of product, labeling or instructions.<br \/>\n<div class=\"main-cross-sell\" data-asin=\"B07WMS8MY8\">\n\n\t<div class=\"WooZone-cross-sell-loader\">\n\t\t<div>\n\t\t\t<div id=\"floatingBarsG\">\n\t\t\t\t<div class=\"blockG\" id=\"rotateG_01\"><\/div>\n\t\t\t\t<div class=\"blockG\" id=\"rotateG_02\"><\/div>\n\t\t\t\t<div class=\"blockG\" id=\"rotateG_03\"><\/div>\n\t\t\t\t<div class=\"blockG\" id=\"rotateG_04\"><\/div>\n\t\t\t\t<div class=\"blockG\" id=\"rotateG_05\"><\/div>\n\t\t\t\t<div class=\"blockG\" id=\"rotateG_06\"><\/div>\n\t\t\t\t<div class=\"blockG\" id=\"rotateG_07\"><\/div>\n\t\t\t\t<div class=\"blockG\" id=\"rotateG_08\"><\/div>\n\t\t\t<\/div>\n\t\t\t<div class=\"WooZone-cross-sell-loader-text\"><\/div>\n\t\t<\/div>\n\t<\/div>\n\n\t\t\n<\/div>\n<div style=\"clear:both;\"><\/div><\/p>\n","protected":false},"excerpt":{"rendered":"<p>Flexibler Kupferdraht (silberbeschichtet): 1 m extra d\u00fcnne Schnur mit hellen, hochwertigen 20 Mikro-Sternen-LED-Lichterketten, 20 cm Kabel zwischen dem Batteriegeh\u00e4use und der ersten LED, kann in jede beliebige Form gebogen werden, flexibel f\u00fcr LED-Dekoration<br \/>\nWeit verbreitet: Flexibel und d\u00fcnn, aber stabil gebaut, die Lichterkette kann leicht gebogen werden, 360 Grad funkelt mit sch\u00f6nem Effekt, perfekt f\u00fcr die Verwendung als Hochzeitsdekoration oder Dekoration f\u00fcr Partys, Weihnachten, Gesch\u00e4fte, Restaurants und Kinderzimmer, \u00fcberall im Innen- oder Au\u00dfenbereich f\u00fcr Beleuchtungsdekorationen und Bastelprojekte und Bastelarbeiten<br \/>\nWas Sie erhalten: 12 blaue Zyapex-Lichterkette, Schraubenzieher. Es ist wasserdicht (au\u00dfer das Batteriegeh\u00e4use)<\/p>\n","protected":false},"featured_media":138305,"comment_status":"open","ping_status":"closed","template":"","meta":[],"product_brand":[],"product_cat":[2108,15622],"product_tag":[],"class_list":{"0":"post-138304","1":"product","2":"type-product","3":"status-publish","4":"has-post-thumbnail","6":"product_cat-beleuchtung","7":"product_cat-lichterketten","8":"pa_binding-haushaltswaren","9":"pa_brand-cylapex","10":"pa_color-blau","12":"first","13":"instock","14":"shipping-taxable","15":"purchasable","16":"product-type-simple","17":"customify-col","18":"product-has-gallery"},"yoast_head":"<!-- This site is optimized with the Yoast SEO plugin v27.4 - https:\/\/yoast.com\/product\/yoast-seo-wordpress\/ -->\n<title>CYLAPEX 12 St\u00fcck blaue Lichterkette, batteriebetrieben, sternenklare Lichterkette auf 1 m silberfarbenem Kupferdraht DIY\u2026 - Markt-XXL<\/title>\n<meta name=\"description\" content=\"Markt-XXL CYLAPEX 12 St\u00fcck blaue Lichterkette, batteriebetrieben, sternenklare Lichterkette auf 1 m silberfarbenem Kupferdraht DIY\u2026\" \/>\n<meta name=\"robots\" content=\"index, follow, max-snippet:-1, max-image-preview:large, max-video-preview:-1\" \/>\n<link rel=\"canonical\" href=\"https:\/\/marktxxl.de\/markt\/produkt\/cylapex-12-stueck-blaue-lichterkette-batteriebetrieben-sternenklare-lichterkette-auf-1-m-silberfarbenem-kupferdraht-diy-weihnachtsdekoration-kostuem-hochzeit-party-halloween-ostern\/\" \/>\n<meta property=\"og:locale\" content=\"de_DE\" \/>\n<meta property=\"og:type\" content=\"article\" \/>\n<meta property=\"og:title\" content=\"CYLAPEX 12 St\u00fcck blaue Lichterkette, batteriebetrieben, sternenklare Lichterkette auf 1 m silberfarbenem Kupferdraht DIY\u2026 - Markt-XXL\" \/>\n<meta property=\"og:description\" content=\"Markt-XXL CYLAPEX 12 St\u00fcck blaue Lichterkette, batteriebetrieben, sternenklare Lichterkette auf 1 m silberfarbenem Kupferdraht DIY\u2026\" \/>\n<meta property=\"og:url\" content=\"https:\/\/marktxxl.de\/markt\/produkt\/cylapex-12-stueck-blaue-lichterkette-batteriebetrieben-sternenklare-lichterkette-auf-1-m-silberfarbenem-kupferdraht-diy-weihnachtsdekoration-kostuem-hochzeit-party-halloween-ostern\/\" \/>\n<meta property=\"og:site_name\" content=\"Markt-XXL\" \/>\n<meta property=\"article:modified_time\" content=\"2023-04-11T02:14:14+00:00\" \/>\n<meta property=\"og:image\" content=\"https:\/\/m.media-amazon.com\/images\/I\/512W4QtfPmL._SL500_.jpg\" \/>\n\t<meta property=\"og:image:width\" content=\"500\" \/>\n\t<meta property=\"og:image:height\" content=\"500\" \/>\n\t<meta property=\"og:image:type\" content=\"image\/jpeg\" \/>\n<meta name=\"twitter:card\" content=\"summary_large_image\" \/>\n<meta name=\"twitter:label1\" content=\"Gesch\u00e4tzte Lesezeit\" \/>\n\t<meta name=\"twitter:data1\" content=\"1\u00a0Minute\" \/>\n<script type=\"application\/ld+json\" class=\"yoast-schema-graph\">{\"@context\":\"https:\\\/\\\/schema.org\",\"@graph\":[{\"@type\":\"WebPage\",\"@id\":\"https:\\\/\\\/marktxxl.de\\\/markt\\\/produkt\\\/cylapex-12-stueck-blaue-lichterkette-batteriebetrieben-sternenklare-lichterkette-auf-1-m-silberfarbenem-kupferdraht-diy-weihnachtsdekoration-kostuem-hochzeit-party-halloween-ostern\\\/\",\"url\":\"https:\\\/\\\/marktxxl.de\\\/markt\\\/produkt\\\/cylapex-12-stueck-blaue-lichterkette-batteriebetrieben-sternenklare-lichterkette-auf-1-m-silberfarbenem-kupferdraht-diy-weihnachtsdekoration-kostuem-hochzeit-party-halloween-ostern\\\/\",\"name\":\"CYLAPEX 12 St\u00fcck blaue Lichterkette, batteriebetrieben, sternenklare Lichterkette auf 1 m silberfarbenem Kupferdraht DIY\u2026 - Markt-XXL\",\"isPartOf\":{\"@id\":\"https:\\\/\\\/marktxxl.de\\\/markt\\\/#website\"},\"primaryImageOfPage\":{\"@id\":\"https:\\\/\\\/marktxxl.de\\\/markt\\\/produkt\\\/cylapex-12-stueck-blaue-lichterkette-batteriebetrieben-sternenklare-lichterkette-auf-1-m-silberfarbenem-kupferdraht-diy-weihnachtsdekoration-kostuem-hochzeit-party-halloween-ostern\\\/#primaryimage\"},\"image\":{\"@id\":\"https:\\\/\\\/marktxxl.de\\\/markt\\\/produkt\\\/cylapex-12-stueck-blaue-lichterkette-batteriebetrieben-sternenklare-lichterkette-auf-1-m-silberfarbenem-kupferdraht-diy-weihnachtsdekoration-kostuem-hochzeit-party-halloween-ostern\\\/#primaryimage\"},\"thumbnailUrl\":\"https:\\\/\\\/m.media-amazon.com\\\/images\\\/I\\\/512W4QtfPmL._SL500_.jpg\",\"datePublished\":\"2022-07-14T02:36:10+00:00\",\"dateModified\":\"2023-04-11T02:14:14+00:00\",\"description\":\"Markt-XXL CYLAPEX 12 St\u00fcck blaue Lichterkette, batteriebetrieben, sternenklare Lichterkette auf 1 m silberfarbenem Kupferdraht DIY\u2026\",\"breadcrumb\":{\"@id\":\"https:\\\/\\\/marktxxl.de\\\/markt\\\/produkt\\\/cylapex-12-stueck-blaue-lichterkette-batteriebetrieben-sternenklare-lichterkette-auf-1-m-silberfarbenem-kupferdraht-diy-weihnachtsdekoration-kostuem-hochzeit-party-halloween-ostern\\\/#breadcrumb\"},\"inLanguage\":\"de\",\"potentialAction\":[{\"@type\":\"ReadAction\",\"target\":[\"https:\\\/\\\/marktxxl.de\\\/markt\\\/produkt\\\/cylapex-12-stueck-blaue-lichterkette-batteriebetrieben-sternenklare-lichterkette-auf-1-m-silberfarbenem-kupferdraht-diy-weihnachtsdekoration-kostuem-hochzeit-party-halloween-ostern\\\/\"]}]},{\"@type\":\"ImageObject\",\"inLanguage\":\"de\",\"@id\":\"https:\\\/\\\/marktxxl.de\\\/markt\\\/produkt\\\/cylapex-12-stueck-blaue-lichterkette-batteriebetrieben-sternenklare-lichterkette-auf-1-m-silberfarbenem-kupferdraht-diy-weihnachtsdekoration-kostuem-hochzeit-party-halloween-ostern\\\/#primaryimage\",\"url\":\"https:\\\/\\\/m.media-amazon.com\\\/images\\\/I\\\/512W4QtfPmL._SL500_.jpg\",\"contentUrl\":\"https:\\\/\\\/m.media-amazon.com\\\/images\\\/I\\\/512W4QtfPmL._SL500_.jpg\",\"width\":500,\"height\":500},{\"@type\":\"BreadcrumbList\",\"@id\":\"https:\\\/\\\/marktxxl.de\\\/markt\\\/produkt\\\/cylapex-12-stueck-blaue-lichterkette-batteriebetrieben-sternenklare-lichterkette-auf-1-m-silberfarbenem-kupferdraht-diy-weihnachtsdekoration-kostuem-hochzeit-party-halloween-ostern\\\/#breadcrumb\",\"itemListElement\":[{\"@type\":\"ListItem\",\"position\":1,\"name\":\"Startseite\",\"item\":\"https:\\\/\\\/marktxxl.de\\\/markt\\\/\"},{\"@type\":\"ListItem\",\"position\":2,\"name\":\"Markt\",\"item\":\"https:\\\/\\\/marktxxl.de\\\/markt\\\/\"},{\"@type\":\"ListItem\",\"position\":3,\"name\":\"CYLAPEX 12 St\u00fcck blaue Lichterkette, batteriebetrieben, sternenklare Lichterkette auf 1 m silberfarbenem Kupferdraht DIY\u2026\"}]},{\"@type\":\"WebSite\",\"@id\":\"https:\\\/\\\/marktxxl.de\\\/markt\\\/#website\",\"url\":\"https:\\\/\\\/marktxxl.de\\\/markt\\\/\",\"name\":\"Markt-XXL\",\"description\":\"Ihr Markt Online\",\"publisher\":{\"@id\":\"https:\\\/\\\/marktxxl.de\\\/markt\\\/#organization\"},\"potentialAction\":[{\"@type\":\"SearchAction\",\"target\":{\"@type\":\"EntryPoint\",\"urlTemplate\":\"https:\\\/\\\/marktxxl.de\\\/markt\\\/?s={search_term_string}\"},\"query-input\":{\"@type\":\"PropertyValueSpecification\",\"valueRequired\":true,\"valueName\":\"search_term_string\"}}],\"inLanguage\":\"de\"},{\"@type\":\"Organization\",\"@id\":\"https:\\\/\\\/marktxxl.de\\\/markt\\\/#organization\",\"name\":\"Markt-XXL\",\"url\":\"https:\\\/\\\/marktxxl.de\\\/markt\\\/\",\"logo\":{\"@type\":\"ImageObject\",\"inLanguage\":\"de\",\"@id\":\"https:\\\/\\\/marktxxl.de\\\/markt\\\/#\\\/schema\\\/logo\\\/image\\\/\",\"url\":\"https:\\\/\\\/marktxxl.de\\\/markt\\\/wp-content\\\/uploads\\\/sites\\\/3\\\/2020\\\/12\\\/logo.png\",\"contentUrl\":\"https:\\\/\\\/marktxxl.de\\\/markt\\\/wp-content\\\/uploads\\\/sites\\\/3\\\/2020\\\/12\\\/logo.png\",\"width\":200,\"height\":70,\"caption\":\"Markt-XXL\"},\"image\":{\"@id\":\"https:\\\/\\\/marktxxl.de\\\/markt\\\/#\\\/schema\\\/logo\\\/image\\\/\"}}]}<\/script>\n<!-- \/ Yoast SEO plugin. -->","yoast_head_json":{"title":"CYLAPEX 12 St\u00fcck blaue Lichterkette, batteriebetrieben, sternenklare Lichterkette auf 1 m silberfarbenem Kupferdraht DIY\u2026 - Markt-XXL","description":"Markt-XXL CYLAPEX 12 St\u00fcck blaue Lichterkette, batteriebetrieben, sternenklare Lichterkette auf 1 m silberfarbenem Kupferdraht DIY\u2026","robots":{"index":"index","follow":"follow","max-snippet":"max-snippet:-1","max-image-preview":"max-image-preview:large","max-video-preview":"max-video-preview:-1"},"canonical":"https:\/\/marktxxl.de\/markt\/produkt\/cylapex-12-stueck-blaue-lichterkette-batteriebetrieben-sternenklare-lichterkette-auf-1-m-silberfarbenem-kupferdraht-diy-weihnachtsdekoration-kostuem-hochzeit-party-halloween-ostern\/","og_locale":"de_DE","og_type":"article","og_title":"CYLAPEX 12 St\u00fcck blaue Lichterkette, batteriebetrieben, sternenklare Lichterkette auf 1 m silberfarbenem Kupferdraht DIY\u2026 - Markt-XXL","og_description":"Markt-XXL CYLAPEX 12 St\u00fcck blaue Lichterkette, batteriebetrieben, sternenklare Lichterkette auf 1 m silberfarbenem Kupferdraht DIY\u2026","og_url":"https:\/\/marktxxl.de\/markt\/produkt\/cylapex-12-stueck-blaue-lichterkette-batteriebetrieben-sternenklare-lichterkette-auf-1-m-silberfarbenem-kupferdraht-diy-weihnachtsdekoration-kostuem-hochzeit-party-halloween-ostern\/","og_site_name":"Markt-XXL","article_modified_time":"2023-04-11T02:14:14+00:00","og_image":[{"width":500,"height":500,"url":"https:\/\/m.media-amazon.com\/images\/I\/512W4QtfPmL._SL500_.jpg","type":"image\/jpeg"}],"twitter_card":"summary_large_image","twitter_misc":{"Gesch\u00e4tzte Lesezeit":"1\u00a0Minute"},"schema":{"@context":"https:\/\/schema.org","@graph":[{"@type":"WebPage","@id":"https:\/\/marktxxl.de\/markt\/produkt\/cylapex-12-stueck-blaue-lichterkette-batteriebetrieben-sternenklare-lichterkette-auf-1-m-silberfarbenem-kupferdraht-diy-weihnachtsdekoration-kostuem-hochzeit-party-halloween-ostern\/","url":"https:\/\/marktxxl.de\/markt\/produkt\/cylapex-12-stueck-blaue-lichterkette-batteriebetrieben-sternenklare-lichterkette-auf-1-m-silberfarbenem-kupferdraht-diy-weihnachtsdekoration-kostuem-hochzeit-party-halloween-ostern\/","name":"CYLAPEX 12 St\u00fcck blaue Lichterkette, batteriebetrieben, sternenklare Lichterkette auf 1 m silberfarbenem Kupferdraht DIY\u2026 - Markt-XXL","isPartOf":{"@id":"https:\/\/marktxxl.de\/markt\/#website"},"primaryImageOfPage":{"@id":"https:\/\/marktxxl.de\/markt\/produkt\/cylapex-12-stueck-blaue-lichterkette-batteriebetrieben-sternenklare-lichterkette-auf-1-m-silberfarbenem-kupferdraht-diy-weihnachtsdekoration-kostuem-hochzeit-party-halloween-ostern\/#primaryimage"},"image":{"@id":"https:\/\/marktxxl.de\/markt\/produkt\/cylapex-12-stueck-blaue-lichterkette-batteriebetrieben-sternenklare-lichterkette-auf-1-m-silberfarbenem-kupferdraht-diy-weihnachtsdekoration-kostuem-hochzeit-party-halloween-ostern\/#primaryimage"},"thumbnailUrl":"https:\/\/m.media-amazon.com\/images\/I\/512W4QtfPmL._SL500_.jpg","datePublished":"2022-07-14T02:36:10+00:00","dateModified":"2023-04-11T02:14:14+00:00","description":"Markt-XXL CYLAPEX 12 St\u00fcck blaue Lichterkette, batteriebetrieben, sternenklare Lichterkette auf 1 m silberfarbenem Kupferdraht DIY\u2026","breadcrumb":{"@id":"https:\/\/marktxxl.de\/markt\/produkt\/cylapex-12-stueck-blaue-lichterkette-batteriebetrieben-sternenklare-lichterkette-auf-1-m-silberfarbenem-kupferdraht-diy-weihnachtsdekoration-kostuem-hochzeit-party-halloween-ostern\/#breadcrumb"},"inLanguage":"de","potentialAction":[{"@type":"ReadAction","target":["https:\/\/marktxxl.de\/markt\/produkt\/cylapex-12-stueck-blaue-lichterkette-batteriebetrieben-sternenklare-lichterkette-auf-1-m-silberfarbenem-kupferdraht-diy-weihnachtsdekoration-kostuem-hochzeit-party-halloween-ostern\/"]}]},{"@type":"ImageObject","inLanguage":"de","@id":"https:\/\/marktxxl.de\/markt\/produkt\/cylapex-12-stueck-blaue-lichterkette-batteriebetrieben-sternenklare-lichterkette-auf-1-m-silberfarbenem-kupferdraht-diy-weihnachtsdekoration-kostuem-hochzeit-party-halloween-ostern\/#primaryimage","url":"https:\/\/m.media-amazon.com\/images\/I\/512W4QtfPmL._SL500_.jpg","contentUrl":"https:\/\/m.media-amazon.com\/images\/I\/512W4QtfPmL._SL500_.jpg","width":500,"height":500},{"@type":"BreadcrumbList","@id":"https:\/\/marktxxl.de\/markt\/produkt\/cylapex-12-stueck-blaue-lichterkette-batteriebetrieben-sternenklare-lichterkette-auf-1-m-silberfarbenem-kupferdraht-diy-weihnachtsdekoration-kostuem-hochzeit-party-halloween-ostern\/#breadcrumb","itemListElement":[{"@type":"ListItem","position":1,"name":"Startseite","item":"https:\/\/marktxxl.de\/markt\/"},{"@type":"ListItem","position":2,"name":"Markt","item":"https:\/\/marktxxl.de\/markt\/"},{"@type":"ListItem","position":3,"name":"CYLAPEX 12 St\u00fcck blaue Lichterkette, batteriebetrieben, sternenklare Lichterkette auf 1 m silberfarbenem Kupferdraht DIY\u2026"}]},{"@type":"WebSite","@id":"https:\/\/marktxxl.de\/markt\/#website","url":"https:\/\/marktxxl.de\/markt\/","name":"Markt-XXL","description":"Ihr Markt Online","publisher":{"@id":"https:\/\/marktxxl.de\/markt\/#organization"},"potentialAction":[{"@type":"SearchAction","target":{"@type":"EntryPoint","urlTemplate":"https:\/\/marktxxl.de\/markt\/?s={search_term_string}"},"query-input":{"@type":"PropertyValueSpecification","valueRequired":true,"valueName":"search_term_string"}}],"inLanguage":"de"},{"@type":"Organization","@id":"https:\/\/marktxxl.de\/markt\/#organization","name":"Markt-XXL","url":"https:\/\/marktxxl.de\/markt\/","logo":{"@type":"ImageObject","inLanguage":"de","@id":"https:\/\/marktxxl.de\/markt\/#\/schema\/logo\/image\/","url":"https:\/\/marktxxl.de\/markt\/wp-content\/uploads\/sites\/3\/2020\/12\/logo.png","contentUrl":"https:\/\/marktxxl.de\/markt\/wp-content\/uploads\/sites\/3\/2020\/12\/logo.png","width":200,"height":70,"caption":"Markt-XXL"},"image":{"@id":"https:\/\/marktxxl.de\/markt\/#\/schema\/logo\/image\/"}}]}},"_links":{"self":[{"href":"https:\/\/marktxxl.de\/markt\/wp-json\/wp\/v2\/product\/138304","targetHints":{"allow":["GET"]}}],"collection":[{"href":"https:\/\/marktxxl.de\/markt\/wp-json\/wp\/v2\/product"}],"about":[{"href":"https:\/\/marktxxl.de\/markt\/wp-json\/wp\/v2\/types\/product"}],"replies":[{"embeddable":true,"href":"https:\/\/marktxxl.de\/markt\/wp-json\/wp\/v2\/comments?post=138304"}],"wp:featuredmedia":[{"embeddable":true,"href":"https:\/\/marktxxl.de\/markt\/wp-json\/wp\/v2\/media\/138305"}],"wp:attachment":[{"href":"https:\/\/marktxxl.de\/markt\/wp-json\/wp\/v2\/media?parent=138304"}],"wp:term":[{"taxonomy":"product_brand","embeddable":true,"href":"https:\/\/marktxxl.de\/markt\/wp-json\/wp\/v2\/product_brand?post=138304"},{"taxonomy":"product_cat","embeddable":true,"href":"https:\/\/marktxxl.de\/markt\/wp-json\/wp\/v2\/product_cat?post=138304"},{"taxonomy":"product_tag","embeddable":true,"href":"https:\/\/marktxxl.de\/markt\/wp-json\/wp\/v2\/product_tag?post=138304"}],"curies":[{"name":"wp","href":"https:\/\/api.w.org\/{rel}","templated":true}]}}