{"id":138246,"date":"2022-07-14T04:17:03","date_gmt":"2022-07-14T02:17:03","guid":{"rendered":"https:\/\/marktxxl.de\/markt\/produkt\/e14-led-kerze-lampe-5w-farbwechsel-gluehbirne-mit-fernbedienung-rgb-warmweiss-2700k-dimmbar-leuchtmittel-560-lumen-ersetzt-50-watt-led-birnen-fuer-schlafzimmer-wohnzimmer-atmosphaere-licht-6er-pa\/"},"modified":"2023-04-11T04:14:13","modified_gmt":"2023-04-11T02:14:13","slug":"e14-led-kerze-lampe-5w-farbwechsel-gluehbirne-mit-fernbedienung-rgb-warmweiss-2700k-dimmbar-leuchtmittel-560-lumen-ersetzt-50-watt-led-birnen-fuer-schlafzimmer-wohnzimmer-atmosphaere-licht-6er-pa","status":"publish","type":"product","link":"https:\/\/marktxxl.de\/markt\/produkt\/e14-led-kerze-lampe-5w-farbwechsel-gluehbirne-mit-fernbedienung-rgb-warmweiss-2700k-dimmbar-leuchtmittel-560-lumen-ersetzt-50-watt-led-birnen-fuer-schlafzimmer-wohnzimmer-atmosphaere-licht-6er-pa\/","title":{"rendered":"E14 LED Kerze Lampe 5W Farbwechsel Gl\u00fchbirne mit Fernbedienung, RGB + Warmwei\u00df 2700K Dimmbar Leuchtmittel, 560 Lumen\u2026"},"content":{"rendered":"<p>\u3010RGB+Warmwei\u00df\u3011 Dies ist eine ferngesteuerte Kerzen Lampe, die t\u00e4gliche Beleuchtungs- und Farbwechselfunktionen integriert.5 W, 560 Lumen, entspricht einer 50-Watt-Gl\u00fchlampe, um Ihren t\u00e4glichen Beleuchtungsbedarf zu decken; diese Lampe bietet auch 12 Farben, Sie k\u00f6nnen Ihre Lieblingsfarbe als Stimmungslicht und B\u00fchnenlicht w\u00e4hlen, um Ihr Zuhause zu dekorieren. Es kommt auch mit einer 2-Jahres-Garantie und wir bieten 100% Ersatz oder R\u00fcckerstattung f\u00fcr unsere Qualit\u00e4tsprobleme.<br \/>\n\u3010Energiesparendes Dimmen\u3011 Die LED Kerzen lampe verwendet einen hochwertigen, verbesserten Chip, CRI&gt;85, und kann die Helligkeit in 3 Stufen anpassen, um unterschiedliche Umgebungsanforderungen zu erf\u00fcllen (z. B. Nachtlichtfunktion). Kein Flimmern, Sehverm\u00f6gen sch\u00fctzen, hohe Energieeffizienz, keine ultraviolette oder andere sch\u00e4dliche Strahlung, kein Quecksilber, sicher, stabil und zuverl\u00e4ssig. Entspricht einer 50 Watt Gl\u00fchlampe, die die Umwelt schont und Stromkosten spart.<br \/>\n\u3010Timing-Funktion\u3011Das Kerze LED Lampe kann automatisch ausgeschaltet werden, indem der Timing Dienst eingestellt wird. Wenn Sie das Licht eine Stunde nach dem Schlafengehen ausschalten m\u00f6chten, dr\u00fccken Sie einfach die Taste einmal, zweimal f\u00fcr 2 Stunden und so weiter. Es kann bis zu 23 Stunden dauern. Es wird das Leben leichter machen.<br \/>\n\u3010Speicher- und Synchronisierungsfunktion\u3011 Wenn Sie die Gl\u00fchbirne einschalten, kann sie die zuletzt verwendete Farbe oder das zuletzt verwendete Muster speichern; wenn mehrere Gl\u00fchbirnen im selben Licht (z. Der Rhythmus der Gl\u00fchbirnen-Farbwechsel kann immer konsistent sein. Hinweis: Eine Fernbedienung kann alle Lampen steuern.<br \/>\n\u3010Zwei Beleuchtungsmodi\u3011 Mit dem Flash- und Smooth-Modus k\u00f6nnen Sie jederzeit die richtige Atmosph\u00e4re einstellen, um Ihnen ein besseres visuelles Erlebnis zu bieten. Der Flash-Modus verleiht Ihnen zu Hause eine Bar-, Tanz- oder Konzertsaal-\u00e4hnliche B\u00fchnenatmosph\u00e4re. Der Smooth-Modus bietet eine automatische zyklische Umschaltung der Lichtfarben in verschiedenen Atmosph\u00e4ren. Es passt auch den Rhythmus an und schafft mehr \u00dcberraschungen und Romantik.<br \/>\n<div class=\"main-cross-sell\" data-asin=\"B09QX7G5V1\">\n\n\t<div class=\"WooZone-cross-sell-loader\">\n\t\t<div>\n\t\t\t<div id=\"floatingBarsG\">\n\t\t\t\t<div class=\"blockG\" id=\"rotateG_01\"><\/div>\n\t\t\t\t<div class=\"blockG\" id=\"rotateG_02\"><\/div>\n\t\t\t\t<div class=\"blockG\" id=\"rotateG_03\"><\/div>\n\t\t\t\t<div class=\"blockG\" id=\"rotateG_04\"><\/div>\n\t\t\t\t<div class=\"blockG\" id=\"rotateG_05\"><\/div>\n\t\t\t\t<div class=\"blockG\" id=\"rotateG_06\"><\/div>\n\t\t\t\t<div class=\"blockG\" id=\"rotateG_07\"><\/div>\n\t\t\t\t<div class=\"blockG\" id=\"rotateG_08\"><\/div>\n\t\t\t<\/div>\n\t\t\t<div class=\"WooZone-cross-sell-loader-text\"><\/div>\n\t\t<\/div>\n\t<\/div>\n\n\t\t\n<\/div>\n<div style=\"clear:both;\"><\/div><\/p>\n","protected":false},"excerpt":{"rendered":"<p>\u3010RGB+Warmwei\u00df\u3011 Dies ist eine ferngesteuerte Kerzen Lampe, die t\u00e4gliche Beleuchtungs- und Farbwechselfunktionen integriert.5 W, 560 Lumen, entspricht einer 50-Watt-Gl\u00fchlampe, um Ihren t\u00e4glichen Beleuchtungsbedarf zu decken; diese Lampe bietet auch 12 Farben, Sie k\u00f6nnen Ihre Lieblingsfarbe als Stimmungslicht und B\u00fchnenlicht w\u00e4hlen, um Ihr Zuhause zu dekorieren. Es kommt auch mit einer 2-Jahres-Garantie und wir bieten 100% Ersatz oder R\u00fcckerstattung f\u00fcr unsere Qualit\u00e4tsprobleme.<br \/>\n\u3010Energiesparendes Dimmen\u3011 Die LED Kerzen lampe verwendet einen hochwertigen, verbesserten Chip, CRI&gt;85, und kann die Helligkeit in 3 Stufen anpassen, um unterschiedliche Umgebungsanforderungen zu erf\u00fcllen (z. B. Nachtlichtfunktion). Kein Flimmern, Sehverm\u00f6gen sch\u00fctzen, hohe Energieeffizienz, keine ultraviolette oder andere sch\u00e4dliche Strahlung, kein Quecksilber, sicher, stabil und zuverl\u00e4ssig. Entspricht einer 50 Watt Gl\u00fchlampe, die die Umwelt schont und Stromkosten spart.<br \/>\n\u3010Timing-Funktion\u3011Das Kerze LED Lampe kann automatisch ausgeschaltet werden, indem der Timing Dienst eingestellt wird. Wenn Sie das Licht eine Stunde nach dem Schlafengehen ausschalten m\u00f6chten, dr\u00fccken Sie einfach die Taste einmal, zweimal f\u00fcr 2 Stunden und so weiter. Es kann bis zu 23 Stunden dauern. Es wird das Leben leichter machen.<\/p>\n","protected":false},"featured_media":138247,"comment_status":"open","ping_status":"closed","template":"","meta":[],"product_brand":[],"product_cat":[2108,11521],"product_tag":[],"class_list":{"0":"post-138246","1":"product","2":"type-product","3":"status-publish","4":"has-post-thumbnail","6":"product_cat-beleuchtung","7":"product_cat-leuchtmittel","8":"pa_binding-haushaltswaren","9":"pa_brand-siksog","10":"pa_height-0-zoll","11":"pa_length-4-52755-zoll","12":"pa_manufacturer-siksog","13":"pa_model-br37-lzdq","14":"pa_width-1-37795-zoll","16":"first","17":"instock","18":"shipping-taxable","19":"purchasable","20":"product-type-simple","21":"customify-col","22":"product-has-gallery"},"yoast_head":"<!-- This site is optimized with the Yoast SEO plugin v27.4 - https:\/\/yoast.com\/product\/yoast-seo-wordpress\/ -->\n<title>E14 LED Kerze Lampe 5W Farbwechsel Gl\u00fchbirne mit Fernbedienung, RGB + Warmwei\u00df 2700K Dimmbar Leuchtmittel, 560 Lumen\u2026 - Markt-XXL<\/title>\n<meta name=\"description\" content=\"Markt-XXL E14 LED Kerze Lampe 5W Farbwechsel Gl\u00fchbirne mit Fernbedienung, RGB + Warmwei\u00df 2700K Dimmbar Leuchtmittel, 560 Lumen\u2026\" \/>\n<meta name=\"robots\" content=\"index, follow, max-snippet:-1, max-image-preview:large, max-video-preview:-1\" \/>\n<link rel=\"canonical\" href=\"https:\/\/marktxxl.de\/markt\/produkt\/e14-led-kerze-lampe-5w-farbwechsel-gluehbirne-mit-fernbedienung-rgb-warmweiss-2700k-dimmbar-leuchtmittel-560-lumen-ersetzt-50-watt-led-birnen-fuer-schlafzimmer-wohnzimmer-atmosphaere-licht-6er-pa\/\" \/>\n<meta property=\"og:locale\" content=\"de_DE\" \/>\n<meta property=\"og:type\" content=\"article\" \/>\n<meta property=\"og:title\" content=\"E14 LED Kerze Lampe 5W Farbwechsel Gl\u00fchbirne mit Fernbedienung, RGB + Warmwei\u00df 2700K Dimmbar Leuchtmittel, 560 Lumen\u2026 - Markt-XXL\" \/>\n<meta property=\"og:description\" content=\"Markt-XXL E14 LED Kerze Lampe 5W Farbwechsel Gl\u00fchbirne mit Fernbedienung, RGB + Warmwei\u00df 2700K Dimmbar Leuchtmittel, 560 Lumen\u2026\" \/>\n<meta property=\"og:url\" content=\"https:\/\/marktxxl.de\/markt\/produkt\/e14-led-kerze-lampe-5w-farbwechsel-gluehbirne-mit-fernbedienung-rgb-warmweiss-2700k-dimmbar-leuchtmittel-560-lumen-ersetzt-50-watt-led-birnen-fuer-schlafzimmer-wohnzimmer-atmosphaere-licht-6er-pa\/\" \/>\n<meta property=\"og:site_name\" content=\"Markt-XXL\" \/>\n<meta property=\"article:modified_time\" content=\"2023-04-11T02:14:13+00:00\" \/>\n<meta property=\"og:image\" content=\"https:\/\/m.media-amazon.com\/images\/I\/41V5q-kD0BL._SL500_.jpg\" \/>\n\t<meta property=\"og:image:width\" content=\"500\" \/>\n\t<meta property=\"og:image:height\" content=\"500\" \/>\n\t<meta property=\"og:image:type\" content=\"image\/jpeg\" \/>\n<meta name=\"twitter:card\" content=\"summary_large_image\" \/>\n<meta name=\"twitter:label1\" content=\"Gesch\u00e4tzte Lesezeit\" \/>\n\t<meta name=\"twitter:data1\" content=\"2\u00a0Minuten\" \/>\n<script type=\"application\/ld+json\" class=\"yoast-schema-graph\">{\"@context\":\"https:\\\/\\\/schema.org\",\"@graph\":[{\"@type\":\"WebPage\",\"@id\":\"https:\\\/\\\/marktxxl.de\\\/markt\\\/produkt\\\/e14-led-kerze-lampe-5w-farbwechsel-gluehbirne-mit-fernbedienung-rgb-warmweiss-2700k-dimmbar-leuchtmittel-560-lumen-ersetzt-50-watt-led-birnen-fuer-schlafzimmer-wohnzimmer-atmosphaere-licht-6er-pa\\\/\",\"url\":\"https:\\\/\\\/marktxxl.de\\\/markt\\\/produkt\\\/e14-led-kerze-lampe-5w-farbwechsel-gluehbirne-mit-fernbedienung-rgb-warmweiss-2700k-dimmbar-leuchtmittel-560-lumen-ersetzt-50-watt-led-birnen-fuer-schlafzimmer-wohnzimmer-atmosphaere-licht-6er-pa\\\/\",\"name\":\"E14 LED Kerze Lampe 5W Farbwechsel Gl\u00fchbirne mit Fernbedienung, RGB + Warmwei\u00df 2700K Dimmbar Leuchtmittel, 560 Lumen\u2026 - Markt-XXL\",\"isPartOf\":{\"@id\":\"https:\\\/\\\/marktxxl.de\\\/markt\\\/#website\"},\"primaryImageOfPage\":{\"@id\":\"https:\\\/\\\/marktxxl.de\\\/markt\\\/produkt\\\/e14-led-kerze-lampe-5w-farbwechsel-gluehbirne-mit-fernbedienung-rgb-warmweiss-2700k-dimmbar-leuchtmittel-560-lumen-ersetzt-50-watt-led-birnen-fuer-schlafzimmer-wohnzimmer-atmosphaere-licht-6er-pa\\\/#primaryimage\"},\"image\":{\"@id\":\"https:\\\/\\\/marktxxl.de\\\/markt\\\/produkt\\\/e14-led-kerze-lampe-5w-farbwechsel-gluehbirne-mit-fernbedienung-rgb-warmweiss-2700k-dimmbar-leuchtmittel-560-lumen-ersetzt-50-watt-led-birnen-fuer-schlafzimmer-wohnzimmer-atmosphaere-licht-6er-pa\\\/#primaryimage\"},\"thumbnailUrl\":\"https:\\\/\\\/m.media-amazon.com\\\/images\\\/I\\\/41V5q-kD0BL._SL500_.jpg\",\"datePublished\":\"2022-07-14T02:17:03+00:00\",\"dateModified\":\"2023-04-11T02:14:13+00:00\",\"description\":\"Markt-XXL E14 LED Kerze Lampe 5W Farbwechsel Gl\u00fchbirne mit Fernbedienung, RGB + Warmwei\u00df 2700K Dimmbar Leuchtmittel, 560 Lumen\u2026\",\"breadcrumb\":{\"@id\":\"https:\\\/\\\/marktxxl.de\\\/markt\\\/produkt\\\/e14-led-kerze-lampe-5w-farbwechsel-gluehbirne-mit-fernbedienung-rgb-warmweiss-2700k-dimmbar-leuchtmittel-560-lumen-ersetzt-50-watt-led-birnen-fuer-schlafzimmer-wohnzimmer-atmosphaere-licht-6er-pa\\\/#breadcrumb\"},\"inLanguage\":\"de\",\"potentialAction\":[{\"@type\":\"ReadAction\",\"target\":[\"https:\\\/\\\/marktxxl.de\\\/markt\\\/produkt\\\/e14-led-kerze-lampe-5w-farbwechsel-gluehbirne-mit-fernbedienung-rgb-warmweiss-2700k-dimmbar-leuchtmittel-560-lumen-ersetzt-50-watt-led-birnen-fuer-schlafzimmer-wohnzimmer-atmosphaere-licht-6er-pa\\\/\"]}]},{\"@type\":\"ImageObject\",\"inLanguage\":\"de\",\"@id\":\"https:\\\/\\\/marktxxl.de\\\/markt\\\/produkt\\\/e14-led-kerze-lampe-5w-farbwechsel-gluehbirne-mit-fernbedienung-rgb-warmweiss-2700k-dimmbar-leuchtmittel-560-lumen-ersetzt-50-watt-led-birnen-fuer-schlafzimmer-wohnzimmer-atmosphaere-licht-6er-pa\\\/#primaryimage\",\"url\":\"https:\\\/\\\/m.media-amazon.com\\\/images\\\/I\\\/41V5q-kD0BL._SL500_.jpg\",\"contentUrl\":\"https:\\\/\\\/m.media-amazon.com\\\/images\\\/I\\\/41V5q-kD0BL._SL500_.jpg\",\"width\":500,\"height\":500},{\"@type\":\"BreadcrumbList\",\"@id\":\"https:\\\/\\\/marktxxl.de\\\/markt\\\/produkt\\\/e14-led-kerze-lampe-5w-farbwechsel-gluehbirne-mit-fernbedienung-rgb-warmweiss-2700k-dimmbar-leuchtmittel-560-lumen-ersetzt-50-watt-led-birnen-fuer-schlafzimmer-wohnzimmer-atmosphaere-licht-6er-pa\\\/#breadcrumb\",\"itemListElement\":[{\"@type\":\"ListItem\",\"position\":1,\"name\":\"Startseite\",\"item\":\"https:\\\/\\\/marktxxl.de\\\/markt\\\/\"},{\"@type\":\"ListItem\",\"position\":2,\"name\":\"Markt\",\"item\":\"https:\\\/\\\/marktxxl.de\\\/markt\\\/\"},{\"@type\":\"ListItem\",\"position\":3,\"name\":\"E14 LED Kerze Lampe 5W Farbwechsel Gl\u00fchbirne mit Fernbedienung, RGB + Warmwei\u00df 2700K Dimmbar Leuchtmittel, 560 Lumen\u2026\"}]},{\"@type\":\"WebSite\",\"@id\":\"https:\\\/\\\/marktxxl.de\\\/markt\\\/#website\",\"url\":\"https:\\\/\\\/marktxxl.de\\\/markt\\\/\",\"name\":\"Markt-XXL\",\"description\":\"Ihr Markt Online\",\"publisher\":{\"@id\":\"https:\\\/\\\/marktxxl.de\\\/markt\\\/#organization\"},\"potentialAction\":[{\"@type\":\"SearchAction\",\"target\":{\"@type\":\"EntryPoint\",\"urlTemplate\":\"https:\\\/\\\/marktxxl.de\\\/markt\\\/?s={search_term_string}\"},\"query-input\":{\"@type\":\"PropertyValueSpecification\",\"valueRequired\":true,\"valueName\":\"search_term_string\"}}],\"inLanguage\":\"de\"},{\"@type\":\"Organization\",\"@id\":\"https:\\\/\\\/marktxxl.de\\\/markt\\\/#organization\",\"name\":\"Markt-XXL\",\"url\":\"https:\\\/\\\/marktxxl.de\\\/markt\\\/\",\"logo\":{\"@type\":\"ImageObject\",\"inLanguage\":\"de\",\"@id\":\"https:\\\/\\\/marktxxl.de\\\/markt\\\/#\\\/schema\\\/logo\\\/image\\\/\",\"url\":\"https:\\\/\\\/marktxxl.de\\\/markt\\\/wp-content\\\/uploads\\\/sites\\\/3\\\/2020\\\/12\\\/logo.png\",\"contentUrl\":\"https:\\\/\\\/marktxxl.de\\\/markt\\\/wp-content\\\/uploads\\\/sites\\\/3\\\/2020\\\/12\\\/logo.png\",\"width\":200,\"height\":70,\"caption\":\"Markt-XXL\"},\"image\":{\"@id\":\"https:\\\/\\\/marktxxl.de\\\/markt\\\/#\\\/schema\\\/logo\\\/image\\\/\"}}]}<\/script>\n<!-- \/ Yoast SEO plugin. -->","yoast_head_json":{"title":"E14 LED Kerze Lampe 5W Farbwechsel Gl\u00fchbirne mit Fernbedienung, RGB + Warmwei\u00df 2700K Dimmbar Leuchtmittel, 560 Lumen\u2026 - Markt-XXL","description":"Markt-XXL E14 LED Kerze Lampe 5W Farbwechsel Gl\u00fchbirne mit Fernbedienung, RGB + Warmwei\u00df 2700K Dimmbar Leuchtmittel, 560 Lumen\u2026","robots":{"index":"index","follow":"follow","max-snippet":"max-snippet:-1","max-image-preview":"max-image-preview:large","max-video-preview":"max-video-preview:-1"},"canonical":"https:\/\/marktxxl.de\/markt\/produkt\/e14-led-kerze-lampe-5w-farbwechsel-gluehbirne-mit-fernbedienung-rgb-warmweiss-2700k-dimmbar-leuchtmittel-560-lumen-ersetzt-50-watt-led-birnen-fuer-schlafzimmer-wohnzimmer-atmosphaere-licht-6er-pa\/","og_locale":"de_DE","og_type":"article","og_title":"E14 LED Kerze Lampe 5W Farbwechsel Gl\u00fchbirne mit Fernbedienung, RGB + Warmwei\u00df 2700K Dimmbar Leuchtmittel, 560 Lumen\u2026 - Markt-XXL","og_description":"Markt-XXL E14 LED Kerze Lampe 5W Farbwechsel Gl\u00fchbirne mit Fernbedienung, RGB + Warmwei\u00df 2700K Dimmbar Leuchtmittel, 560 Lumen\u2026","og_url":"https:\/\/marktxxl.de\/markt\/produkt\/e14-led-kerze-lampe-5w-farbwechsel-gluehbirne-mit-fernbedienung-rgb-warmweiss-2700k-dimmbar-leuchtmittel-560-lumen-ersetzt-50-watt-led-birnen-fuer-schlafzimmer-wohnzimmer-atmosphaere-licht-6er-pa\/","og_site_name":"Markt-XXL","article_modified_time":"2023-04-11T02:14:13+00:00","og_image":[{"width":500,"height":500,"url":"https:\/\/m.media-amazon.com\/images\/I\/41V5q-kD0BL._SL500_.jpg","type":"image\/jpeg"}],"twitter_card":"summary_large_image","twitter_misc":{"Gesch\u00e4tzte Lesezeit":"2\u00a0Minuten"},"schema":{"@context":"https:\/\/schema.org","@graph":[{"@type":"WebPage","@id":"https:\/\/marktxxl.de\/markt\/produkt\/e14-led-kerze-lampe-5w-farbwechsel-gluehbirne-mit-fernbedienung-rgb-warmweiss-2700k-dimmbar-leuchtmittel-560-lumen-ersetzt-50-watt-led-birnen-fuer-schlafzimmer-wohnzimmer-atmosphaere-licht-6er-pa\/","url":"https:\/\/marktxxl.de\/markt\/produkt\/e14-led-kerze-lampe-5w-farbwechsel-gluehbirne-mit-fernbedienung-rgb-warmweiss-2700k-dimmbar-leuchtmittel-560-lumen-ersetzt-50-watt-led-birnen-fuer-schlafzimmer-wohnzimmer-atmosphaere-licht-6er-pa\/","name":"E14 LED Kerze Lampe 5W Farbwechsel Gl\u00fchbirne mit Fernbedienung, RGB + Warmwei\u00df 2700K Dimmbar Leuchtmittel, 560 Lumen\u2026 - Markt-XXL","isPartOf":{"@id":"https:\/\/marktxxl.de\/markt\/#website"},"primaryImageOfPage":{"@id":"https:\/\/marktxxl.de\/markt\/produkt\/e14-led-kerze-lampe-5w-farbwechsel-gluehbirne-mit-fernbedienung-rgb-warmweiss-2700k-dimmbar-leuchtmittel-560-lumen-ersetzt-50-watt-led-birnen-fuer-schlafzimmer-wohnzimmer-atmosphaere-licht-6er-pa\/#primaryimage"},"image":{"@id":"https:\/\/marktxxl.de\/markt\/produkt\/e14-led-kerze-lampe-5w-farbwechsel-gluehbirne-mit-fernbedienung-rgb-warmweiss-2700k-dimmbar-leuchtmittel-560-lumen-ersetzt-50-watt-led-birnen-fuer-schlafzimmer-wohnzimmer-atmosphaere-licht-6er-pa\/#primaryimage"},"thumbnailUrl":"https:\/\/m.media-amazon.com\/images\/I\/41V5q-kD0BL._SL500_.jpg","datePublished":"2022-07-14T02:17:03+00:00","dateModified":"2023-04-11T02:14:13+00:00","description":"Markt-XXL E14 LED Kerze Lampe 5W Farbwechsel Gl\u00fchbirne mit Fernbedienung, RGB + Warmwei\u00df 2700K Dimmbar Leuchtmittel, 560 Lumen\u2026","breadcrumb":{"@id":"https:\/\/marktxxl.de\/markt\/produkt\/e14-led-kerze-lampe-5w-farbwechsel-gluehbirne-mit-fernbedienung-rgb-warmweiss-2700k-dimmbar-leuchtmittel-560-lumen-ersetzt-50-watt-led-birnen-fuer-schlafzimmer-wohnzimmer-atmosphaere-licht-6er-pa\/#breadcrumb"},"inLanguage":"de","potentialAction":[{"@type":"ReadAction","target":["https:\/\/marktxxl.de\/markt\/produkt\/e14-led-kerze-lampe-5w-farbwechsel-gluehbirne-mit-fernbedienung-rgb-warmweiss-2700k-dimmbar-leuchtmittel-560-lumen-ersetzt-50-watt-led-birnen-fuer-schlafzimmer-wohnzimmer-atmosphaere-licht-6er-pa\/"]}]},{"@type":"ImageObject","inLanguage":"de","@id":"https:\/\/marktxxl.de\/markt\/produkt\/e14-led-kerze-lampe-5w-farbwechsel-gluehbirne-mit-fernbedienung-rgb-warmweiss-2700k-dimmbar-leuchtmittel-560-lumen-ersetzt-50-watt-led-birnen-fuer-schlafzimmer-wohnzimmer-atmosphaere-licht-6er-pa\/#primaryimage","url":"https:\/\/m.media-amazon.com\/images\/I\/41V5q-kD0BL._SL500_.jpg","contentUrl":"https:\/\/m.media-amazon.com\/images\/I\/41V5q-kD0BL._SL500_.jpg","width":500,"height":500},{"@type":"BreadcrumbList","@id":"https:\/\/marktxxl.de\/markt\/produkt\/e14-led-kerze-lampe-5w-farbwechsel-gluehbirne-mit-fernbedienung-rgb-warmweiss-2700k-dimmbar-leuchtmittel-560-lumen-ersetzt-50-watt-led-birnen-fuer-schlafzimmer-wohnzimmer-atmosphaere-licht-6er-pa\/#breadcrumb","itemListElement":[{"@type":"ListItem","position":1,"name":"Startseite","item":"https:\/\/marktxxl.de\/markt\/"},{"@type":"ListItem","position":2,"name":"Markt","item":"https:\/\/marktxxl.de\/markt\/"},{"@type":"ListItem","position":3,"name":"E14 LED Kerze Lampe 5W Farbwechsel Gl\u00fchbirne mit Fernbedienung, RGB + Warmwei\u00df 2700K Dimmbar Leuchtmittel, 560 Lumen\u2026"}]},{"@type":"WebSite","@id":"https:\/\/marktxxl.de\/markt\/#website","url":"https:\/\/marktxxl.de\/markt\/","name":"Markt-XXL","description":"Ihr Markt Online","publisher":{"@id":"https:\/\/marktxxl.de\/markt\/#organization"},"potentialAction":[{"@type":"SearchAction","target":{"@type":"EntryPoint","urlTemplate":"https:\/\/marktxxl.de\/markt\/?s={search_term_string}"},"query-input":{"@type":"PropertyValueSpecification","valueRequired":true,"valueName":"search_term_string"}}],"inLanguage":"de"},{"@type":"Organization","@id":"https:\/\/marktxxl.de\/markt\/#organization","name":"Markt-XXL","url":"https:\/\/marktxxl.de\/markt\/","logo":{"@type":"ImageObject","inLanguage":"de","@id":"https:\/\/marktxxl.de\/markt\/#\/schema\/logo\/image\/","url":"https:\/\/marktxxl.de\/markt\/wp-content\/uploads\/sites\/3\/2020\/12\/logo.png","contentUrl":"https:\/\/marktxxl.de\/markt\/wp-content\/uploads\/sites\/3\/2020\/12\/logo.png","width":200,"height":70,"caption":"Markt-XXL"},"image":{"@id":"https:\/\/marktxxl.de\/markt\/#\/schema\/logo\/image\/"}}]}},"_links":{"self":[{"href":"https:\/\/marktxxl.de\/markt\/wp-json\/wp\/v2\/product\/138246","targetHints":{"allow":["GET"]}}],"collection":[{"href":"https:\/\/marktxxl.de\/markt\/wp-json\/wp\/v2\/product"}],"about":[{"href":"https:\/\/marktxxl.de\/markt\/wp-json\/wp\/v2\/types\/product"}],"replies":[{"embeddable":true,"href":"https:\/\/marktxxl.de\/markt\/wp-json\/wp\/v2\/comments?post=138246"}],"wp:featuredmedia":[{"embeddable":true,"href":"https:\/\/marktxxl.de\/markt\/wp-json\/wp\/v2\/media\/138247"}],"wp:attachment":[{"href":"https:\/\/marktxxl.de\/markt\/wp-json\/wp\/v2\/media?parent=138246"}],"wp:term":[{"taxonomy":"product_brand","embeddable":true,"href":"https:\/\/marktxxl.de\/markt\/wp-json\/wp\/v2\/product_brand?post=138246"},{"taxonomy":"product_cat","embeddable":true,"href":"https:\/\/marktxxl.de\/markt\/wp-json\/wp\/v2\/product_cat?post=138246"},{"taxonomy":"product_tag","embeddable":true,"href":"https:\/\/marktxxl.de\/markt\/wp-json\/wp\/v2\/product_tag?post=138246"}],"curies":[{"name":"wp","href":"https:\/\/api.w.org\/{rel}","templated":true}]}}