{"id":138220,"date":"2022-07-14T04:16:30","date_gmt":"2022-07-14T02:16:30","guid":{"rendered":"https:\/\/marktxxl.de\/markt\/produkt\/petromax-reflektorschirme-top-reflektoren-fuer-starklichtlampen\/"},"modified":"2023-04-11T04:14:12","modified_gmt":"2023-04-11T02:14:12","slug":"petromax-reflektorschirme-top-reflektoren-fuer-starklichtlampen","status":"publish","type":"product","link":"https:\/\/marktxxl.de\/markt\/produkt\/petromax-reflektorschirme-top-reflektoren-fuer-starklichtlampen\/","title":{"rendered":"Petromax HK 150 Reflektorschirm"},"content":{"rendered":"<p>Petromax Reflektorschirme\/Top-Reflektoren f\u00fcr Starklichtlampen<br \/>\nDer Reflektor b\u00fcndelt das Licht der Petromax-Lampe und reflektiert es nach unten. Dadurch ergeben sich gleich mehrere Vorteile: Wird die Lampe in erh\u00f6hter Position angebracht, z. B. mit der Petromax Lampenhalterung, geht kein Licht nach oben verloren. So leuchtet die Lampe den gr\u00f6\u00dferen Bereich h\u00f6chst wirkungsvoll aus. Blickt man von oben auf die Petromax, wirkt der Reflektorschirm als Blendschutz. Der Petromax Top-Reflektor ist aber nicht nur eine \u00e4u\u00dferst praktische Erg\u00e4nzung.<br \/>\nAuch verleiht er der weltbekannten Starklichtlampe ihr charakteristisches Aussehen.<br \/>\n<div class=\"main-cross-sell\" data-asin=\"B0171WI8DK\">\n\n\t<div class=\"WooZone-cross-sell-loader\">\n\t\t<div>\n\t\t\t<div id=\"floatingBarsG\">\n\t\t\t\t<div class=\"blockG\" id=\"rotateG_01\"><\/div>\n\t\t\t\t<div class=\"blockG\" id=\"rotateG_02\"><\/div>\n\t\t\t\t<div class=\"blockG\" id=\"rotateG_03\"><\/div>\n\t\t\t\t<div class=\"blockG\" id=\"rotateG_04\"><\/div>\n\t\t\t\t<div class=\"blockG\" id=\"rotateG_05\"><\/div>\n\t\t\t\t<div class=\"blockG\" id=\"rotateG_06\"><\/div>\n\t\t\t\t<div class=\"blockG\" id=\"rotateG_07\"><\/div>\n\t\t\t\t<div class=\"blockG\" id=\"rotateG_08\"><\/div>\n\t\t\t<\/div>\n\t\t\t<div class=\"WooZone-cross-sell-loader-text\"><\/div>\n\t\t<\/div>\n\t<\/div>\n\n\t\t\n<\/div>\n<div style=\"clear:both;\"><\/div><\/p>\n","protected":false},"excerpt":{"rendered":"<p>Petromax Reflektorschirme\/Top-Reflektoren f\u00fcr Starklichtlampen<br \/>\nDer Reflektor b\u00fcndelt das Licht der Petromax-Lampe und reflektiert es nach unten. Dadurch ergeben sich gleich mehrere Vorteile: Wird die Lampe in erh\u00f6hter Position angebracht, z. B. mit der Petromax Lampenhalterung, geht kein Licht nach oben verloren. So leuchtet die Lampe den gr\u00f6\u00dferen Bereich h\u00f6chst wirkungsvoll aus. Blickt man von oben auf die Petromax, wirkt der Reflektorschirm als Blendschutz. Der Petromax Top-Reflektor ist aber nicht nur eine \u00e4u\u00dferst praktische Erg\u00e4nzung.<br \/>\nAuch verleiht er der weltbekannten Starklichtlampe ihr charakteristisches Aussehen.<\/p>\n","protected":false},"featured_media":138221,"comment_status":"open","ping_status":"closed","template":"","meta":[],"product_brand":[],"product_cat":[2108,11509],"product_tag":[],"class_list":{"0":"post-138220","1":"product","2":"type-product","3":"status-publish","4":"has-post-thumbnail","6":"product_cat-beleuchtung","7":"product_cat-innenbeleuchtung","8":"pa_binding-misc","9":"pa_brand-petromax","10":"pa_manufacturer-petromax","12":"first","13":"instock","14":"shipping-taxable","15":"purchasable","16":"product-type-simple","17":"customify-col","18":"product-has-gallery"},"yoast_head":"<!-- This site is optimized with the Yoast SEO plugin v27.4 - https:\/\/yoast.com\/product\/yoast-seo-wordpress\/ -->\n<title>Petromax HK 150 Reflektorschirm - Markt-XXL<\/title>\n<meta name=\"description\" content=\"Markt-XXL Petromax HK 150 Reflektorschirm\" \/>\n<meta name=\"robots\" content=\"index, follow, max-snippet:-1, max-image-preview:large, max-video-preview:-1\" \/>\n<link rel=\"canonical\" href=\"https:\/\/marktxxl.de\/markt\/produkt\/petromax-reflektorschirme-top-reflektoren-fuer-starklichtlampen\/\" \/>\n<meta property=\"og:locale\" content=\"de_DE\" \/>\n<meta property=\"og:type\" content=\"article\" \/>\n<meta property=\"og:title\" content=\"Petromax HK 150 Reflektorschirm - Markt-XXL\" \/>\n<meta property=\"og:description\" content=\"Markt-XXL Petromax HK 150 Reflektorschirm\" \/>\n<meta property=\"og:url\" content=\"https:\/\/marktxxl.de\/markt\/produkt\/petromax-reflektorschirme-top-reflektoren-fuer-starklichtlampen\/\" \/>\n<meta property=\"og:site_name\" content=\"Markt-XXL\" \/>\n<meta property=\"article:modified_time\" content=\"2023-04-11T02:14:12+00:00\" \/>\n<meta property=\"og:image\" content=\"https:\/\/m.media-amazon.com\/images\/I\/314ff6ZrwEL._SL500_.jpg\" \/>\n\t<meta property=\"og:image:width\" content=\"500\" \/>\n\t<meta property=\"og:image:height\" content=\"198\" \/>\n\t<meta property=\"og:image:type\" content=\"image\/jpeg\" \/>\n<meta name=\"twitter:card\" content=\"summary_large_image\" \/>\n<script type=\"application\/ld+json\" class=\"yoast-schema-graph\">{\"@context\":\"https:\\\/\\\/schema.org\",\"@graph\":[{\"@type\":\"WebPage\",\"@id\":\"https:\\\/\\\/marktxxl.de\\\/markt\\\/produkt\\\/petromax-reflektorschirme-top-reflektoren-fuer-starklichtlampen\\\/\",\"url\":\"https:\\\/\\\/marktxxl.de\\\/markt\\\/produkt\\\/petromax-reflektorschirme-top-reflektoren-fuer-starklichtlampen\\\/\",\"name\":\"Petromax HK 150 Reflektorschirm - Markt-XXL\",\"isPartOf\":{\"@id\":\"https:\\\/\\\/marktxxl.de\\\/markt\\\/#website\"},\"primaryImageOfPage\":{\"@id\":\"https:\\\/\\\/marktxxl.de\\\/markt\\\/produkt\\\/petromax-reflektorschirme-top-reflektoren-fuer-starklichtlampen\\\/#primaryimage\"},\"image\":{\"@id\":\"https:\\\/\\\/marktxxl.de\\\/markt\\\/produkt\\\/petromax-reflektorschirme-top-reflektoren-fuer-starklichtlampen\\\/#primaryimage\"},\"thumbnailUrl\":\"https:\\\/\\\/m.media-amazon.com\\\/images\\\/I\\\/314ff6ZrwEL._SL500_.jpg\",\"datePublished\":\"2022-07-14T02:16:30+00:00\",\"dateModified\":\"2023-04-11T02:14:12+00:00\",\"description\":\"Markt-XXL Petromax HK 150 Reflektorschirm\",\"breadcrumb\":{\"@id\":\"https:\\\/\\\/marktxxl.de\\\/markt\\\/produkt\\\/petromax-reflektorschirme-top-reflektoren-fuer-starklichtlampen\\\/#breadcrumb\"},\"inLanguage\":\"de\",\"potentialAction\":[{\"@type\":\"ReadAction\",\"target\":[\"https:\\\/\\\/marktxxl.de\\\/markt\\\/produkt\\\/petromax-reflektorschirme-top-reflektoren-fuer-starklichtlampen\\\/\"]}]},{\"@type\":\"ImageObject\",\"inLanguage\":\"de\",\"@id\":\"https:\\\/\\\/marktxxl.de\\\/markt\\\/produkt\\\/petromax-reflektorschirme-top-reflektoren-fuer-starklichtlampen\\\/#primaryimage\",\"url\":\"https:\\\/\\\/m.media-amazon.com\\\/images\\\/I\\\/314ff6ZrwEL._SL500_.jpg\",\"contentUrl\":\"https:\\\/\\\/m.media-amazon.com\\\/images\\\/I\\\/314ff6ZrwEL._SL500_.jpg\",\"width\":500,\"height\":198},{\"@type\":\"BreadcrumbList\",\"@id\":\"https:\\\/\\\/marktxxl.de\\\/markt\\\/produkt\\\/petromax-reflektorschirme-top-reflektoren-fuer-starklichtlampen\\\/#breadcrumb\",\"itemListElement\":[{\"@type\":\"ListItem\",\"position\":1,\"name\":\"Startseite\",\"item\":\"https:\\\/\\\/marktxxl.de\\\/markt\\\/\"},{\"@type\":\"ListItem\",\"position\":2,\"name\":\"Markt\",\"item\":\"https:\\\/\\\/marktxxl.de\\\/markt\\\/\"},{\"@type\":\"ListItem\",\"position\":3,\"name\":\"Petromax HK 150 Reflektorschirm\"}]},{\"@type\":\"WebSite\",\"@id\":\"https:\\\/\\\/marktxxl.de\\\/markt\\\/#website\",\"url\":\"https:\\\/\\\/marktxxl.de\\\/markt\\\/\",\"name\":\"Markt-XXL\",\"description\":\"Ihr Markt Online\",\"publisher\":{\"@id\":\"https:\\\/\\\/marktxxl.de\\\/markt\\\/#organization\"},\"potentialAction\":[{\"@type\":\"SearchAction\",\"target\":{\"@type\":\"EntryPoint\",\"urlTemplate\":\"https:\\\/\\\/marktxxl.de\\\/markt\\\/?s={search_term_string}\"},\"query-input\":{\"@type\":\"PropertyValueSpecification\",\"valueRequired\":true,\"valueName\":\"search_term_string\"}}],\"inLanguage\":\"de\"},{\"@type\":\"Organization\",\"@id\":\"https:\\\/\\\/marktxxl.de\\\/markt\\\/#organization\",\"name\":\"Markt-XXL\",\"url\":\"https:\\\/\\\/marktxxl.de\\\/markt\\\/\",\"logo\":{\"@type\":\"ImageObject\",\"inLanguage\":\"de\",\"@id\":\"https:\\\/\\\/marktxxl.de\\\/markt\\\/#\\\/schema\\\/logo\\\/image\\\/\",\"url\":\"https:\\\/\\\/marktxxl.de\\\/markt\\\/wp-content\\\/uploads\\\/sites\\\/3\\\/2020\\\/12\\\/logo.png\",\"contentUrl\":\"https:\\\/\\\/marktxxl.de\\\/markt\\\/wp-content\\\/uploads\\\/sites\\\/3\\\/2020\\\/12\\\/logo.png\",\"width\":200,\"height\":70,\"caption\":\"Markt-XXL\"},\"image\":{\"@id\":\"https:\\\/\\\/marktxxl.de\\\/markt\\\/#\\\/schema\\\/logo\\\/image\\\/\"}}]}<\/script>\n<!-- \/ Yoast SEO plugin. -->","yoast_head_json":{"title":"Petromax HK 150 Reflektorschirm - Markt-XXL","description":"Markt-XXL Petromax HK 150 Reflektorschirm","robots":{"index":"index","follow":"follow","max-snippet":"max-snippet:-1","max-image-preview":"max-image-preview:large","max-video-preview":"max-video-preview:-1"},"canonical":"https:\/\/marktxxl.de\/markt\/produkt\/petromax-reflektorschirme-top-reflektoren-fuer-starklichtlampen\/","og_locale":"de_DE","og_type":"article","og_title":"Petromax HK 150 Reflektorschirm - Markt-XXL","og_description":"Markt-XXL Petromax HK 150 Reflektorschirm","og_url":"https:\/\/marktxxl.de\/markt\/produkt\/petromax-reflektorschirme-top-reflektoren-fuer-starklichtlampen\/","og_site_name":"Markt-XXL","article_modified_time":"2023-04-11T02:14:12+00:00","og_image":[{"width":500,"height":198,"url":"https:\/\/m.media-amazon.com\/images\/I\/314ff6ZrwEL._SL500_.jpg","type":"image\/jpeg"}],"twitter_card":"summary_large_image","schema":{"@context":"https:\/\/schema.org","@graph":[{"@type":"WebPage","@id":"https:\/\/marktxxl.de\/markt\/produkt\/petromax-reflektorschirme-top-reflektoren-fuer-starklichtlampen\/","url":"https:\/\/marktxxl.de\/markt\/produkt\/petromax-reflektorschirme-top-reflektoren-fuer-starklichtlampen\/","name":"Petromax HK 150 Reflektorschirm - Markt-XXL","isPartOf":{"@id":"https:\/\/marktxxl.de\/markt\/#website"},"primaryImageOfPage":{"@id":"https:\/\/marktxxl.de\/markt\/produkt\/petromax-reflektorschirme-top-reflektoren-fuer-starklichtlampen\/#primaryimage"},"image":{"@id":"https:\/\/marktxxl.de\/markt\/produkt\/petromax-reflektorschirme-top-reflektoren-fuer-starklichtlampen\/#primaryimage"},"thumbnailUrl":"https:\/\/m.media-amazon.com\/images\/I\/314ff6ZrwEL._SL500_.jpg","datePublished":"2022-07-14T02:16:30+00:00","dateModified":"2023-04-11T02:14:12+00:00","description":"Markt-XXL Petromax HK 150 Reflektorschirm","breadcrumb":{"@id":"https:\/\/marktxxl.de\/markt\/produkt\/petromax-reflektorschirme-top-reflektoren-fuer-starklichtlampen\/#breadcrumb"},"inLanguage":"de","potentialAction":[{"@type":"ReadAction","target":["https:\/\/marktxxl.de\/markt\/produkt\/petromax-reflektorschirme-top-reflektoren-fuer-starklichtlampen\/"]}]},{"@type":"ImageObject","inLanguage":"de","@id":"https:\/\/marktxxl.de\/markt\/produkt\/petromax-reflektorschirme-top-reflektoren-fuer-starklichtlampen\/#primaryimage","url":"https:\/\/m.media-amazon.com\/images\/I\/314ff6ZrwEL._SL500_.jpg","contentUrl":"https:\/\/m.media-amazon.com\/images\/I\/314ff6ZrwEL._SL500_.jpg","width":500,"height":198},{"@type":"BreadcrumbList","@id":"https:\/\/marktxxl.de\/markt\/produkt\/petromax-reflektorschirme-top-reflektoren-fuer-starklichtlampen\/#breadcrumb","itemListElement":[{"@type":"ListItem","position":1,"name":"Startseite","item":"https:\/\/marktxxl.de\/markt\/"},{"@type":"ListItem","position":2,"name":"Markt","item":"https:\/\/marktxxl.de\/markt\/"},{"@type":"ListItem","position":3,"name":"Petromax HK 150 Reflektorschirm"}]},{"@type":"WebSite","@id":"https:\/\/marktxxl.de\/markt\/#website","url":"https:\/\/marktxxl.de\/markt\/","name":"Markt-XXL","description":"Ihr Markt Online","publisher":{"@id":"https:\/\/marktxxl.de\/markt\/#organization"},"potentialAction":[{"@type":"SearchAction","target":{"@type":"EntryPoint","urlTemplate":"https:\/\/marktxxl.de\/markt\/?s={search_term_string}"},"query-input":{"@type":"PropertyValueSpecification","valueRequired":true,"valueName":"search_term_string"}}],"inLanguage":"de"},{"@type":"Organization","@id":"https:\/\/marktxxl.de\/markt\/#organization","name":"Markt-XXL","url":"https:\/\/marktxxl.de\/markt\/","logo":{"@type":"ImageObject","inLanguage":"de","@id":"https:\/\/marktxxl.de\/markt\/#\/schema\/logo\/image\/","url":"https:\/\/marktxxl.de\/markt\/wp-content\/uploads\/sites\/3\/2020\/12\/logo.png","contentUrl":"https:\/\/marktxxl.de\/markt\/wp-content\/uploads\/sites\/3\/2020\/12\/logo.png","width":200,"height":70,"caption":"Markt-XXL"},"image":{"@id":"https:\/\/marktxxl.de\/markt\/#\/schema\/logo\/image\/"}}]}},"_links":{"self":[{"href":"https:\/\/marktxxl.de\/markt\/wp-json\/wp\/v2\/product\/138220","targetHints":{"allow":["GET"]}}],"collection":[{"href":"https:\/\/marktxxl.de\/markt\/wp-json\/wp\/v2\/product"}],"about":[{"href":"https:\/\/marktxxl.de\/markt\/wp-json\/wp\/v2\/types\/product"}],"replies":[{"embeddable":true,"href":"https:\/\/marktxxl.de\/markt\/wp-json\/wp\/v2\/comments?post=138220"}],"wp:featuredmedia":[{"embeddable":true,"href":"https:\/\/marktxxl.de\/markt\/wp-json\/wp\/v2\/media\/138221"}],"wp:attachment":[{"href":"https:\/\/marktxxl.de\/markt\/wp-json\/wp\/v2\/media?parent=138220"}],"wp:term":[{"taxonomy":"product_brand","embeddable":true,"href":"https:\/\/marktxxl.de\/markt\/wp-json\/wp\/v2\/product_brand?post=138220"},{"taxonomy":"product_cat","embeddable":true,"href":"https:\/\/marktxxl.de\/markt\/wp-json\/wp\/v2\/product_cat?post=138220"},{"taxonomy":"product_tag","embeddable":true,"href":"https:\/\/marktxxl.de\/markt\/wp-json\/wp\/v2\/product_tag?post=138220"}],"curies":[{"name":"wp","href":"https:\/\/api.w.org\/{rel}","templated":true}]}}