{"id":138181,"date":"2022-07-14T04:14:29","date_gmt":"2022-07-14T02:14:29","guid":{"rendered":"https:\/\/marktxxl.de\/markt\/produkt\/3d-optische-taeuschung-lampe-schmetterling-nachtlicht-fuer-kinder-baby-maedchen-schlafzimmer-dekor-geschenke-weiche-warmweisse-farben-holzsockel-nachttischlampe\/"},"modified":"2023-04-11T04:14:12","modified_gmt":"2023-04-11T02:14:12","slug":"3d-optische-taeuschung-lampe-schmetterling-nachtlicht-fuer-kinder-baby-maedchen-schlafzimmer-dekor-geschenke-weiche-warmweisse-farben-holzsockel-nachttischlampe","status":"publish","type":"product","link":"https:\/\/marktxxl.de\/markt\/produkt\/3d-optische-taeuschung-lampe-schmetterling-nachtlicht-fuer-kinder-baby-maedchen-schlafzimmer-dekor-geschenke-weiche-warmweisse-farben-holzsockel-nachttischlampe\/","title":{"rendered":"3D optische T\u00e4uschung Lampe Schmetterling Nachtlicht f\u00fcr Kinder Baby M\u00e4dchen Schlafzimmer Dekor Geschenke, weiche\u2026"},"content":{"rendered":"<p>\u2728Warmes gelbes Licht: weiches warmes gelbes Licht, sch\u00fctzt Ihre Augen, richtiges weiches Licht, st\u00f6rt Ihr kleines Baby nicht beim Ausruhen, der beste Nachtpartner f\u00fcr Kinder, um einen guten Schlaf zu erhalten und keine Angst vor Dunkelheit zu haben<br \/>\n\u2728EINZIGARTIGER 3D-VISUALER EFFEKT: Das Pferd nachtlicht ist eine Wohnung, die mit 3D-Technologie hergestellt wurde, um die optisch erstaunliche 3D-Illusion zu zeigen. Es ist ein perfektes Geburtstags-, Weihnachts- oder Ostergeschenkspielzeug f\u00fcr Jungen und M\u00e4dchen. Verwendet in Haus, Schlafzimmer, Restaurant, Bar im Freien, Gesch\u00e4ft, Caf\u00e9, Partydekoration<br \/>\n\u2728Energieeffizient: 3,3 W Leistung, 5 V Spannung, universelles USB-Schnittstellenkabel, Stromverbrauch 0,012 kWh \/ 24 Stunden, nur 4,4 kWh pro Jahr; LED-Lebensdauer: 10000 Stunden<br \/>\n\u2728Hochwertige Materialien: Der Lampensockel besteht aus hochwertigen Kiefernholzmaterialien, ist leicht und robust, ohne stechenden Geruch, keine scharfen Kanten, sicher, um Sie und Ihre Familie zu sch\u00fctzen.<br \/>\n\u2728SICHERER KAUF: Wir bestehen auf 100% Qualit\u00e4tsprodukt, bevor Sie das 3D-Nachtlicht erhalten, die Lichter wurden gr\u00fcndlich getestet. Wir bieten 100% Geld-zur\u00fcck-Schutz: Wenn es nicht Ihren Anforderungen entspricht, KONTAKTIEREN Sie uns, wir helfen Ihnen<br \/>\n<div class=\"main-cross-sell\" data-asin=\"B08K2QV9YD\">\n\n\t<div class=\"WooZone-cross-sell-loader\">\n\t\t<div>\n\t\t\t<div id=\"floatingBarsG\">\n\t\t\t\t<div class=\"blockG\" id=\"rotateG_01\"><\/div>\n\t\t\t\t<div class=\"blockG\" id=\"rotateG_02\"><\/div>\n\t\t\t\t<div class=\"blockG\" id=\"rotateG_03\"><\/div>\n\t\t\t\t<div class=\"blockG\" id=\"rotateG_04\"><\/div>\n\t\t\t\t<div class=\"blockG\" id=\"rotateG_05\"><\/div>\n\t\t\t\t<div class=\"blockG\" id=\"rotateG_06\"><\/div>\n\t\t\t\t<div class=\"blockG\" id=\"rotateG_07\"><\/div>\n\t\t\t\t<div class=\"blockG\" id=\"rotateG_08\"><\/div>\n\t\t\t<\/div>\n\t\t\t<div class=\"WooZone-cross-sell-loader-text\"><\/div>\n\t\t<\/div>\n\t<\/div>\n\n\t\t\n<\/div>\n<div style=\"clear:both;\"><\/div><\/p>\n","protected":false},"excerpt":{"rendered":"<p>\u2728Warmes gelbes Licht: weiches warmes gelbes Licht, sch\u00fctzt Ihre Augen, richtiges weiches Licht, st\u00f6rt Ihr kleines Baby nicht beim Ausruhen, der beste Nachtpartner f\u00fcr Kinder, um einen guten Schlaf zu erhalten und keine Angst vor Dunkelheit zu haben<br \/>\n\u2728EINZIGARTIGER 3D-VISUALER EFFEKT: Das Pferd nachtlicht ist eine Wohnung, die mit 3D-Technologie hergestellt wurde, um die optisch erstaunliche 3D-Illusion zu zeigen. Es ist ein perfektes Geburtstags-, Weihnachts- oder Ostergeschenkspielzeug f\u00fcr Jungen und M\u00e4dchen. Verwendet in Haus, Schlafzimmer, Restaurant, Bar im Freien, Gesch\u00e4ft, Caf\u00e9, Partydekoration<br \/>\n\u2728Energieeffizient: 3,3 W Leistung, 5 V Spannung, universelles USB-Schnittstellenkabel, Stromverbrauch 0,012 kWh \/ 24 Stunden, nur 4,4 kWh pro Jahr; LED-Lebensdauer: 10000 Stunden<\/p>\n","protected":false},"featured_media":138182,"comment_status":"open","ping_status":"closed","template":"","meta":[],"product_brand":[],"product_cat":[2108,11509],"product_tag":[],"class_list":{"0":"post-138181","1":"product","2":"type-product","3":"status-publish","4":"has-post-thumbnail","6":"product_cat-beleuchtung","7":"product_cat-innenbeleuchtung","8":"pa_brand-lightzz","9":"pa_manufacturer-lightzz","10":"pa_weight-0-992080179-pfund","12":"first","13":"instock","14":"shipping-taxable","15":"purchasable","16":"product-type-simple","17":"customify-col","18":"product-has-gallery"},"yoast_head":"<!-- This site is optimized with the Yoast SEO plugin v27.4 - https:\/\/yoast.com\/product\/yoast-seo-wordpress\/ -->\n<title>3D optische T\u00e4uschung Lampe Schmetterling Nachtlicht f\u00fcr Kinder Baby M\u00e4dchen Schlafzimmer Dekor Geschenke, weiche\u2026 - Markt-XXL<\/title>\n<meta name=\"description\" content=\"Markt-XXL 3D optische T\u00e4uschung Lampe Schmetterling Nachtlicht f\u00fcr Kinder Baby M\u00e4dchen Schlafzimmer Dekor Geschenke, weiche\u2026\" \/>\n<meta name=\"robots\" content=\"index, follow, max-snippet:-1, max-image-preview:large, max-video-preview:-1\" \/>\n<link rel=\"canonical\" href=\"https:\/\/marktxxl.de\/markt\/produkt\/3d-optische-taeuschung-lampe-schmetterling-nachtlicht-fuer-kinder-baby-maedchen-schlafzimmer-dekor-geschenke-weiche-warmweisse-farben-holzsockel-nachttischlampe\/\" \/>\n<meta property=\"og:locale\" content=\"de_DE\" \/>\n<meta property=\"og:type\" content=\"article\" \/>\n<meta property=\"og:title\" content=\"3D optische T\u00e4uschung Lampe Schmetterling Nachtlicht f\u00fcr Kinder Baby M\u00e4dchen Schlafzimmer Dekor Geschenke, weiche\u2026 - Markt-XXL\" \/>\n<meta property=\"og:description\" content=\"Markt-XXL 3D optische T\u00e4uschung Lampe Schmetterling Nachtlicht f\u00fcr Kinder Baby M\u00e4dchen Schlafzimmer Dekor Geschenke, weiche\u2026\" \/>\n<meta property=\"og:url\" content=\"https:\/\/marktxxl.de\/markt\/produkt\/3d-optische-taeuschung-lampe-schmetterling-nachtlicht-fuer-kinder-baby-maedchen-schlafzimmer-dekor-geschenke-weiche-warmweisse-farben-holzsockel-nachttischlampe\/\" \/>\n<meta property=\"og:site_name\" content=\"Markt-XXL\" \/>\n<meta property=\"article:modified_time\" content=\"2023-04-11T02:14:12+00:00\" \/>\n<meta property=\"og:image\" content=\"https:\/\/m.media-amazon.com\/images\/I\/51xwEWTrvpL._SL500_.jpg\" \/>\n\t<meta property=\"og:image:width\" content=\"500\" \/>\n\t<meta property=\"og:image:height\" content=\"500\" \/>\n\t<meta property=\"og:image:type\" content=\"image\/jpeg\" \/>\n<meta name=\"twitter:card\" content=\"summary_large_image\" \/>\n<meta name=\"twitter:label1\" content=\"Gesch\u00e4tzte Lesezeit\" \/>\n\t<meta name=\"twitter:data1\" content=\"1\u00a0Minute\" \/>\n<script type=\"application\/ld+json\" class=\"yoast-schema-graph\">{\"@context\":\"https:\\\/\\\/schema.org\",\"@graph\":[{\"@type\":\"WebPage\",\"@id\":\"https:\\\/\\\/marktxxl.de\\\/markt\\\/produkt\\\/3d-optische-taeuschung-lampe-schmetterling-nachtlicht-fuer-kinder-baby-maedchen-schlafzimmer-dekor-geschenke-weiche-warmweisse-farben-holzsockel-nachttischlampe\\\/\",\"url\":\"https:\\\/\\\/marktxxl.de\\\/markt\\\/produkt\\\/3d-optische-taeuschung-lampe-schmetterling-nachtlicht-fuer-kinder-baby-maedchen-schlafzimmer-dekor-geschenke-weiche-warmweisse-farben-holzsockel-nachttischlampe\\\/\",\"name\":\"3D optische T\u00e4uschung Lampe Schmetterling Nachtlicht f\u00fcr Kinder Baby M\u00e4dchen Schlafzimmer Dekor Geschenke, weiche\u2026 - Markt-XXL\",\"isPartOf\":{\"@id\":\"https:\\\/\\\/marktxxl.de\\\/markt\\\/#website\"},\"primaryImageOfPage\":{\"@id\":\"https:\\\/\\\/marktxxl.de\\\/markt\\\/produkt\\\/3d-optische-taeuschung-lampe-schmetterling-nachtlicht-fuer-kinder-baby-maedchen-schlafzimmer-dekor-geschenke-weiche-warmweisse-farben-holzsockel-nachttischlampe\\\/#primaryimage\"},\"image\":{\"@id\":\"https:\\\/\\\/marktxxl.de\\\/markt\\\/produkt\\\/3d-optische-taeuschung-lampe-schmetterling-nachtlicht-fuer-kinder-baby-maedchen-schlafzimmer-dekor-geschenke-weiche-warmweisse-farben-holzsockel-nachttischlampe\\\/#primaryimage\"},\"thumbnailUrl\":\"https:\\\/\\\/m.media-amazon.com\\\/images\\\/I\\\/51xwEWTrvpL._SL500_.jpg\",\"datePublished\":\"2022-07-14T02:14:29+00:00\",\"dateModified\":\"2023-04-11T02:14:12+00:00\",\"description\":\"Markt-XXL 3D optische T\u00e4uschung Lampe Schmetterling Nachtlicht f\u00fcr Kinder Baby M\u00e4dchen Schlafzimmer Dekor Geschenke, weiche\u2026\",\"breadcrumb\":{\"@id\":\"https:\\\/\\\/marktxxl.de\\\/markt\\\/produkt\\\/3d-optische-taeuschung-lampe-schmetterling-nachtlicht-fuer-kinder-baby-maedchen-schlafzimmer-dekor-geschenke-weiche-warmweisse-farben-holzsockel-nachttischlampe\\\/#breadcrumb\"},\"inLanguage\":\"de\",\"potentialAction\":[{\"@type\":\"ReadAction\",\"target\":[\"https:\\\/\\\/marktxxl.de\\\/markt\\\/produkt\\\/3d-optische-taeuschung-lampe-schmetterling-nachtlicht-fuer-kinder-baby-maedchen-schlafzimmer-dekor-geschenke-weiche-warmweisse-farben-holzsockel-nachttischlampe\\\/\"]}]},{\"@type\":\"ImageObject\",\"inLanguage\":\"de\",\"@id\":\"https:\\\/\\\/marktxxl.de\\\/markt\\\/produkt\\\/3d-optische-taeuschung-lampe-schmetterling-nachtlicht-fuer-kinder-baby-maedchen-schlafzimmer-dekor-geschenke-weiche-warmweisse-farben-holzsockel-nachttischlampe\\\/#primaryimage\",\"url\":\"https:\\\/\\\/m.media-amazon.com\\\/images\\\/I\\\/51xwEWTrvpL._SL500_.jpg\",\"contentUrl\":\"https:\\\/\\\/m.media-amazon.com\\\/images\\\/I\\\/51xwEWTrvpL._SL500_.jpg\",\"width\":500,\"height\":500},{\"@type\":\"BreadcrumbList\",\"@id\":\"https:\\\/\\\/marktxxl.de\\\/markt\\\/produkt\\\/3d-optische-taeuschung-lampe-schmetterling-nachtlicht-fuer-kinder-baby-maedchen-schlafzimmer-dekor-geschenke-weiche-warmweisse-farben-holzsockel-nachttischlampe\\\/#breadcrumb\",\"itemListElement\":[{\"@type\":\"ListItem\",\"position\":1,\"name\":\"Startseite\",\"item\":\"https:\\\/\\\/marktxxl.de\\\/markt\\\/\"},{\"@type\":\"ListItem\",\"position\":2,\"name\":\"Markt\",\"item\":\"https:\\\/\\\/marktxxl.de\\\/markt\\\/\"},{\"@type\":\"ListItem\",\"position\":3,\"name\":\"3D optische T\u00e4uschung Lampe Schmetterling Nachtlicht f\u00fcr Kinder Baby M\u00e4dchen Schlafzimmer Dekor Geschenke, weiche\u2026\"}]},{\"@type\":\"WebSite\",\"@id\":\"https:\\\/\\\/marktxxl.de\\\/markt\\\/#website\",\"url\":\"https:\\\/\\\/marktxxl.de\\\/markt\\\/\",\"name\":\"Markt-XXL\",\"description\":\"Ihr Markt Online\",\"publisher\":{\"@id\":\"https:\\\/\\\/marktxxl.de\\\/markt\\\/#organization\"},\"potentialAction\":[{\"@type\":\"SearchAction\",\"target\":{\"@type\":\"EntryPoint\",\"urlTemplate\":\"https:\\\/\\\/marktxxl.de\\\/markt\\\/?s={search_term_string}\"},\"query-input\":{\"@type\":\"PropertyValueSpecification\",\"valueRequired\":true,\"valueName\":\"search_term_string\"}}],\"inLanguage\":\"de\"},{\"@type\":\"Organization\",\"@id\":\"https:\\\/\\\/marktxxl.de\\\/markt\\\/#organization\",\"name\":\"Markt-XXL\",\"url\":\"https:\\\/\\\/marktxxl.de\\\/markt\\\/\",\"logo\":{\"@type\":\"ImageObject\",\"inLanguage\":\"de\",\"@id\":\"https:\\\/\\\/marktxxl.de\\\/markt\\\/#\\\/schema\\\/logo\\\/image\\\/\",\"url\":\"https:\\\/\\\/marktxxl.de\\\/markt\\\/wp-content\\\/uploads\\\/sites\\\/3\\\/2020\\\/12\\\/logo.png\",\"contentUrl\":\"https:\\\/\\\/marktxxl.de\\\/markt\\\/wp-content\\\/uploads\\\/sites\\\/3\\\/2020\\\/12\\\/logo.png\",\"width\":200,\"height\":70,\"caption\":\"Markt-XXL\"},\"image\":{\"@id\":\"https:\\\/\\\/marktxxl.de\\\/markt\\\/#\\\/schema\\\/logo\\\/image\\\/\"}}]}<\/script>\n<!-- \/ Yoast SEO plugin. -->","yoast_head_json":{"title":"3D optische T\u00e4uschung Lampe Schmetterling Nachtlicht f\u00fcr Kinder Baby M\u00e4dchen Schlafzimmer Dekor Geschenke, weiche\u2026 - Markt-XXL","description":"Markt-XXL 3D optische T\u00e4uschung Lampe Schmetterling Nachtlicht f\u00fcr Kinder Baby M\u00e4dchen Schlafzimmer Dekor Geschenke, weiche\u2026","robots":{"index":"index","follow":"follow","max-snippet":"max-snippet:-1","max-image-preview":"max-image-preview:large","max-video-preview":"max-video-preview:-1"},"canonical":"https:\/\/marktxxl.de\/markt\/produkt\/3d-optische-taeuschung-lampe-schmetterling-nachtlicht-fuer-kinder-baby-maedchen-schlafzimmer-dekor-geschenke-weiche-warmweisse-farben-holzsockel-nachttischlampe\/","og_locale":"de_DE","og_type":"article","og_title":"3D optische T\u00e4uschung Lampe Schmetterling Nachtlicht f\u00fcr Kinder Baby M\u00e4dchen Schlafzimmer Dekor Geschenke, weiche\u2026 - Markt-XXL","og_description":"Markt-XXL 3D optische T\u00e4uschung Lampe Schmetterling Nachtlicht f\u00fcr Kinder Baby M\u00e4dchen Schlafzimmer Dekor Geschenke, weiche\u2026","og_url":"https:\/\/marktxxl.de\/markt\/produkt\/3d-optische-taeuschung-lampe-schmetterling-nachtlicht-fuer-kinder-baby-maedchen-schlafzimmer-dekor-geschenke-weiche-warmweisse-farben-holzsockel-nachttischlampe\/","og_site_name":"Markt-XXL","article_modified_time":"2023-04-11T02:14:12+00:00","og_image":[{"width":500,"height":500,"url":"https:\/\/m.media-amazon.com\/images\/I\/51xwEWTrvpL._SL500_.jpg","type":"image\/jpeg"}],"twitter_card":"summary_large_image","twitter_misc":{"Gesch\u00e4tzte Lesezeit":"1\u00a0Minute"},"schema":{"@context":"https:\/\/schema.org","@graph":[{"@type":"WebPage","@id":"https:\/\/marktxxl.de\/markt\/produkt\/3d-optische-taeuschung-lampe-schmetterling-nachtlicht-fuer-kinder-baby-maedchen-schlafzimmer-dekor-geschenke-weiche-warmweisse-farben-holzsockel-nachttischlampe\/","url":"https:\/\/marktxxl.de\/markt\/produkt\/3d-optische-taeuschung-lampe-schmetterling-nachtlicht-fuer-kinder-baby-maedchen-schlafzimmer-dekor-geschenke-weiche-warmweisse-farben-holzsockel-nachttischlampe\/","name":"3D optische T\u00e4uschung Lampe Schmetterling Nachtlicht f\u00fcr Kinder Baby M\u00e4dchen Schlafzimmer Dekor Geschenke, weiche\u2026 - Markt-XXL","isPartOf":{"@id":"https:\/\/marktxxl.de\/markt\/#website"},"primaryImageOfPage":{"@id":"https:\/\/marktxxl.de\/markt\/produkt\/3d-optische-taeuschung-lampe-schmetterling-nachtlicht-fuer-kinder-baby-maedchen-schlafzimmer-dekor-geschenke-weiche-warmweisse-farben-holzsockel-nachttischlampe\/#primaryimage"},"image":{"@id":"https:\/\/marktxxl.de\/markt\/produkt\/3d-optische-taeuschung-lampe-schmetterling-nachtlicht-fuer-kinder-baby-maedchen-schlafzimmer-dekor-geschenke-weiche-warmweisse-farben-holzsockel-nachttischlampe\/#primaryimage"},"thumbnailUrl":"https:\/\/m.media-amazon.com\/images\/I\/51xwEWTrvpL._SL500_.jpg","datePublished":"2022-07-14T02:14:29+00:00","dateModified":"2023-04-11T02:14:12+00:00","description":"Markt-XXL 3D optische T\u00e4uschung Lampe Schmetterling Nachtlicht f\u00fcr Kinder Baby M\u00e4dchen Schlafzimmer Dekor Geschenke, weiche\u2026","breadcrumb":{"@id":"https:\/\/marktxxl.de\/markt\/produkt\/3d-optische-taeuschung-lampe-schmetterling-nachtlicht-fuer-kinder-baby-maedchen-schlafzimmer-dekor-geschenke-weiche-warmweisse-farben-holzsockel-nachttischlampe\/#breadcrumb"},"inLanguage":"de","potentialAction":[{"@type":"ReadAction","target":["https:\/\/marktxxl.de\/markt\/produkt\/3d-optische-taeuschung-lampe-schmetterling-nachtlicht-fuer-kinder-baby-maedchen-schlafzimmer-dekor-geschenke-weiche-warmweisse-farben-holzsockel-nachttischlampe\/"]}]},{"@type":"ImageObject","inLanguage":"de","@id":"https:\/\/marktxxl.de\/markt\/produkt\/3d-optische-taeuschung-lampe-schmetterling-nachtlicht-fuer-kinder-baby-maedchen-schlafzimmer-dekor-geschenke-weiche-warmweisse-farben-holzsockel-nachttischlampe\/#primaryimage","url":"https:\/\/m.media-amazon.com\/images\/I\/51xwEWTrvpL._SL500_.jpg","contentUrl":"https:\/\/m.media-amazon.com\/images\/I\/51xwEWTrvpL._SL500_.jpg","width":500,"height":500},{"@type":"BreadcrumbList","@id":"https:\/\/marktxxl.de\/markt\/produkt\/3d-optische-taeuschung-lampe-schmetterling-nachtlicht-fuer-kinder-baby-maedchen-schlafzimmer-dekor-geschenke-weiche-warmweisse-farben-holzsockel-nachttischlampe\/#breadcrumb","itemListElement":[{"@type":"ListItem","position":1,"name":"Startseite","item":"https:\/\/marktxxl.de\/markt\/"},{"@type":"ListItem","position":2,"name":"Markt","item":"https:\/\/marktxxl.de\/markt\/"},{"@type":"ListItem","position":3,"name":"3D optische T\u00e4uschung Lampe Schmetterling Nachtlicht f\u00fcr Kinder Baby M\u00e4dchen Schlafzimmer Dekor Geschenke, weiche\u2026"}]},{"@type":"WebSite","@id":"https:\/\/marktxxl.de\/markt\/#website","url":"https:\/\/marktxxl.de\/markt\/","name":"Markt-XXL","description":"Ihr Markt Online","publisher":{"@id":"https:\/\/marktxxl.de\/markt\/#organization"},"potentialAction":[{"@type":"SearchAction","target":{"@type":"EntryPoint","urlTemplate":"https:\/\/marktxxl.de\/markt\/?s={search_term_string}"},"query-input":{"@type":"PropertyValueSpecification","valueRequired":true,"valueName":"search_term_string"}}],"inLanguage":"de"},{"@type":"Organization","@id":"https:\/\/marktxxl.de\/markt\/#organization","name":"Markt-XXL","url":"https:\/\/marktxxl.de\/markt\/","logo":{"@type":"ImageObject","inLanguage":"de","@id":"https:\/\/marktxxl.de\/markt\/#\/schema\/logo\/image\/","url":"https:\/\/marktxxl.de\/markt\/wp-content\/uploads\/sites\/3\/2020\/12\/logo.png","contentUrl":"https:\/\/marktxxl.de\/markt\/wp-content\/uploads\/sites\/3\/2020\/12\/logo.png","width":200,"height":70,"caption":"Markt-XXL"},"image":{"@id":"https:\/\/marktxxl.de\/markt\/#\/schema\/logo\/image\/"}}]}},"_links":{"self":[{"href":"https:\/\/marktxxl.de\/markt\/wp-json\/wp\/v2\/product\/138181","targetHints":{"allow":["GET"]}}],"collection":[{"href":"https:\/\/marktxxl.de\/markt\/wp-json\/wp\/v2\/product"}],"about":[{"href":"https:\/\/marktxxl.de\/markt\/wp-json\/wp\/v2\/types\/product"}],"replies":[{"embeddable":true,"href":"https:\/\/marktxxl.de\/markt\/wp-json\/wp\/v2\/comments?post=138181"}],"wp:featuredmedia":[{"embeddable":true,"href":"https:\/\/marktxxl.de\/markt\/wp-json\/wp\/v2\/media\/138182"}],"wp:attachment":[{"href":"https:\/\/marktxxl.de\/markt\/wp-json\/wp\/v2\/media?parent=138181"}],"wp:term":[{"taxonomy":"product_brand","embeddable":true,"href":"https:\/\/marktxxl.de\/markt\/wp-json\/wp\/v2\/product_brand?post=138181"},{"taxonomy":"product_cat","embeddable":true,"href":"https:\/\/marktxxl.de\/markt\/wp-json\/wp\/v2\/product_cat?post=138181"},{"taxonomy":"product_tag","embeddable":true,"href":"https:\/\/marktxxl.de\/markt\/wp-json\/wp\/v2\/product_tag?post=138181"}],"curies":[{"name":"wp","href":"https:\/\/api.w.org\/{rel}","templated":true}]}}