{"id":138001,"date":"2022-07-14T04:07:37","date_gmt":"2022-07-14T02:07:37","guid":{"rendered":"https:\/\/marktxxl.de\/markt\/produkt\/flammenlose-led-teelichtkerzen-mit-timer-12-packungen-batteriebetriebene-votiv-teelichter-fuer-zuhause-party-dekoration-6-stunden-an-und-18-stunden-aus-in-24-stunden-zyklus-warmweisses-licht\/"},"modified":"2023-04-11T04:14:09","modified_gmt":"2023-04-11T02:14:09","slug":"flammenlose-led-teelichtkerzen-mit-timer-12-packungen-batteriebetriebene-votiv-teelichter-fuer-zuhause-party-dekoration-6-stunden-an-und-18-stunden-aus-in-24-stunden-zyklus-warmweisses-licht","status":"publish","type":"product","link":"https:\/\/marktxxl.de\/markt\/produkt\/flammenlose-led-teelichtkerzen-mit-timer-12-packungen-batteriebetriebene-votiv-teelichter-fuer-zuhause-party-dekoration-6-stunden-an-und-18-stunden-aus-in-24-stunden-zyklus-warmweisses-licht\/","title":{"rendered":"BEICHI Flammenlose Teelichter Kerzen mit Timer, 12 St\u00fcck, kleine Gro\u00dfpackung, flackernde, batteriebetriebene LED\u2026"},"content":{"rendered":"<p>Sch\u00f6n wie echt: Design mit geschmolzenen Kanten, tropfende Wachs-Teelichter und weiche, warme Lichter; auch ausgestattet mit einer verbesserten Batterie CR2032 (Batterie im Lieferumfang enthalten), wodurch unsere LED-Teelichter \u00fcber 150 Stunden halten k\u00f6nnen.<br \/>\nIdeale Dekoration: Diese tropfenden Wachs-LED-Teelichter sind ideal f\u00fcr Hochzeiten, Partys, Votivkerzen, Heimdekorationen, besonders f\u00fcr Weihnachten, Halloween, Valentinstag, Erntedankfest, Jahrestag, marokkanische Lampen, Einmachgl\u00e4ser,<br \/>\nEingebauter Timer: Einfach den Schalter auf &#8220;ON&#8221; Position bewegen und das flammenlose Teelicht leuchtet f\u00fcr 6 Stunden an, dann schaltet sich automatisch f\u00fcr 18 Stunden aus. Zyklus alle 24 Stunden ohne andere Bedienung, es sei denn, Sie wollen die Startzeit zur\u00fccksetzen. Sparen Sie sich viel \u00c4rger, es jeden Tag ein- und auszuschalten<br \/>\nSicherheitsgarantie: Flammenlose LED-Teelichter sind eine wunderbare M\u00f6glichkeit, um etwas Atmosph\u00e4re zu schaffen, ohne die Gefahren und Unordnung von Streichh\u00f6lzern oder herabfallenden Wachskerzen zu verursachen; realistischer Flacker-Effekt und wunderbare Lichtatmosph\u00e4re; genie\u00dfen Sie die Eleganz und Sicherheit<br \/>\nLieferumfang: 12 x BEICHI Teelichter (3,6 cm D \u00d7 3,1 cm H) + Knopfzellenbatterie CR2032 x 12 (Hinweis: Keine Fernbedienung). Beichi flammenlose Kerzenlichter haben die CE-Zertifizierung. Sie eine zufriedenstellende L\u00f6sung So schnell wie m\u00f6glich.<br \/>\n<div class=\"main-cross-sell\" data-asin=\"B08S729N8D\">\n\n\t<div class=\"WooZone-cross-sell-loader\">\n\t\t<div>\n\t\t\t<div id=\"floatingBarsG\">\n\t\t\t\t<div class=\"blockG\" id=\"rotateG_01\"><\/div>\n\t\t\t\t<div class=\"blockG\" id=\"rotateG_02\"><\/div>\n\t\t\t\t<div class=\"blockG\" id=\"rotateG_03\"><\/div>\n\t\t\t\t<div class=\"blockG\" id=\"rotateG_04\"><\/div>\n\t\t\t\t<div class=\"blockG\" id=\"rotateG_05\"><\/div>\n\t\t\t\t<div class=\"blockG\" id=\"rotateG_06\"><\/div>\n\t\t\t\t<div class=\"blockG\" id=\"rotateG_07\"><\/div>\n\t\t\t\t<div class=\"blockG\" id=\"rotateG_08\"><\/div>\n\t\t\t<\/div>\n\t\t\t<div class=\"WooZone-cross-sell-loader-text\"><\/div>\n\t\t<\/div>\n\t<\/div>\n\n\t\t\n<\/div>\n<div style=\"clear:both;\"><\/div><\/p>\n","protected":false},"excerpt":{"rendered":"<p>Sch\u00f6n wie echt: Design mit geschmolzenen Kanten, tropfende Wachs-Teelichter und weiche, warme Lichter; auch ausgestattet mit einer verbesserten Batterie CR2032 (Batterie im Lieferumfang enthalten), wodurch unsere LED-Teelichter \u00fcber 150 Stunden halten k\u00f6nnen.<br \/>\nIdeale Dekoration: Diese tropfenden Wachs-LED-Teelichter sind ideal f\u00fcr Hochzeiten, Partys, Votivkerzen, Heimdekorationen, besonders f\u00fcr Weihnachten, Halloween, Valentinstag, Erntedankfest, Jahrestag, marokkanische Lampen, Einmachgl\u00e4ser,<br \/>\nEingebauter Timer: Einfach den Schalter auf &#8220;ON&#8221; Position bewegen und das flammenlose Teelicht leuchtet f\u00fcr 6 Stunden an, dann schaltet sich automatisch f\u00fcr 18 Stunden aus. Zyklus alle 24 Stunden ohne andere Bedienung, es sei denn, Sie wollen die Startzeit zur\u00fccksetzen. Sparen Sie sich viel \u00c4rger, es jeden Tag ein- und auszuschalten<\/p>\n","protected":false},"featured_media":138002,"comment_status":"open","ping_status":"closed","template":"","meta":[],"product_brand":[],"product_cat":[11446,2108],"product_tag":[],"class_list":{"0":"post-138001","1":"product","2":"type-product","3":"status-publish","4":"has-post-thumbnail","6":"product_cat-aussenbeleuchtung","7":"product_cat-beleuchtung","8":"pa_brand-beichi","9":"pa_color-12-stuecktimerwarmweiss","10":"pa_height-1-2-zoll","11":"pa_length-1-4-zoll","12":"pa_manufacturer-xiamen-jinbaisen","13":"pa_model-tllnbds12","14":"pa_size-12pcstimerwarm-white","15":"pa_weight-0-440924524-pfund","16":"pa_width-1-4-zoll","18":"first","19":"instock","20":"shipping-taxable","21":"purchasable","22":"product-type-simple","23":"customify-col","24":"product-has-gallery"},"yoast_head":"<!-- This site is optimized with the Yoast SEO plugin v27.3 - https:\/\/yoast.com\/product\/yoast-seo-wordpress\/ -->\n<title>BEICHI Flammenlose Teelichter Kerzen mit Timer, 12 St\u00fcck, kleine Gro\u00dfpackung, flackernde, batteriebetriebene LED\u2026 - Markt-XXL<\/title>\n<meta name=\"description\" content=\"Markt-XXL BEICHI Flammenlose Teelichter Kerzen mit Timer, 12 St\u00fcck, kleine Gro\u00dfpackung, flackernde, batteriebetriebene LED\u2026\" \/>\n<meta name=\"robots\" content=\"index, follow, max-snippet:-1, max-image-preview:large, max-video-preview:-1\" \/>\n<link rel=\"canonical\" href=\"https:\/\/marktxxl.de\/markt\/produkt\/flammenlose-led-teelichtkerzen-mit-timer-12-packungen-batteriebetriebene-votiv-teelichter-fuer-zuhause-party-dekoration-6-stunden-an-und-18-stunden-aus-in-24-stunden-zyklus-warmweisses-licht\/\" \/>\n<meta property=\"og:locale\" content=\"de_DE\" \/>\n<meta property=\"og:type\" content=\"article\" \/>\n<meta property=\"og:title\" content=\"BEICHI Flammenlose Teelichter Kerzen mit Timer, 12 St\u00fcck, kleine Gro\u00dfpackung, flackernde, batteriebetriebene LED\u2026 - Markt-XXL\" \/>\n<meta property=\"og:description\" content=\"Markt-XXL BEICHI Flammenlose Teelichter Kerzen mit Timer, 12 St\u00fcck, kleine Gro\u00dfpackung, flackernde, batteriebetriebene LED\u2026\" \/>\n<meta property=\"og:url\" content=\"https:\/\/marktxxl.de\/markt\/produkt\/flammenlose-led-teelichtkerzen-mit-timer-12-packungen-batteriebetriebene-votiv-teelichter-fuer-zuhause-party-dekoration-6-stunden-an-und-18-stunden-aus-in-24-stunden-zyklus-warmweisses-licht\/\" \/>\n<meta property=\"og:site_name\" content=\"Markt-XXL\" \/>\n<meta property=\"article:modified_time\" content=\"2023-04-11T02:14:09+00:00\" \/>\n<meta property=\"og:image\" content=\"https:\/\/m.media-amazon.com\/images\/I\/41gefhspysL._SL500_.jpg\" \/>\n\t<meta property=\"og:image:width\" content=\"500\" \/>\n\t<meta property=\"og:image:height\" content=\"500\" \/>\n\t<meta property=\"og:image:type\" content=\"image\/jpeg\" \/>\n<meta name=\"twitter:card\" content=\"summary_large_image\" \/>\n<meta name=\"twitter:label1\" content=\"Gesch\u00e4tzte Lesezeit\" \/>\n\t<meta name=\"twitter:data1\" content=\"1\u00a0Minute\" \/>\n<script type=\"application\/ld+json\" class=\"yoast-schema-graph\">{\"@context\":\"https:\\\/\\\/schema.org\",\"@graph\":[{\"@type\":\"WebPage\",\"@id\":\"https:\\\/\\\/marktxxl.de\\\/markt\\\/produkt\\\/flammenlose-led-teelichtkerzen-mit-timer-12-packungen-batteriebetriebene-votiv-teelichter-fuer-zuhause-party-dekoration-6-stunden-an-und-18-stunden-aus-in-24-stunden-zyklus-warmweisses-licht\\\/\",\"url\":\"https:\\\/\\\/marktxxl.de\\\/markt\\\/produkt\\\/flammenlose-led-teelichtkerzen-mit-timer-12-packungen-batteriebetriebene-votiv-teelichter-fuer-zuhause-party-dekoration-6-stunden-an-und-18-stunden-aus-in-24-stunden-zyklus-warmweisses-licht\\\/\",\"name\":\"BEICHI Flammenlose Teelichter Kerzen mit Timer, 12 St\u00fcck, kleine Gro\u00dfpackung, flackernde, batteriebetriebene LED\u2026 - Markt-XXL\",\"isPartOf\":{\"@id\":\"https:\\\/\\\/marktxxl.de\\\/markt\\\/#website\"},\"primaryImageOfPage\":{\"@id\":\"https:\\\/\\\/marktxxl.de\\\/markt\\\/produkt\\\/flammenlose-led-teelichtkerzen-mit-timer-12-packungen-batteriebetriebene-votiv-teelichter-fuer-zuhause-party-dekoration-6-stunden-an-und-18-stunden-aus-in-24-stunden-zyklus-warmweisses-licht\\\/#primaryimage\"},\"image\":{\"@id\":\"https:\\\/\\\/marktxxl.de\\\/markt\\\/produkt\\\/flammenlose-led-teelichtkerzen-mit-timer-12-packungen-batteriebetriebene-votiv-teelichter-fuer-zuhause-party-dekoration-6-stunden-an-und-18-stunden-aus-in-24-stunden-zyklus-warmweisses-licht\\\/#primaryimage\"},\"thumbnailUrl\":\"https:\\\/\\\/m.media-amazon.com\\\/images\\\/I\\\/41gefhspysL._SL500_.jpg\",\"datePublished\":\"2022-07-14T02:07:37+00:00\",\"dateModified\":\"2023-04-11T02:14:09+00:00\",\"description\":\"Markt-XXL BEICHI Flammenlose Teelichter Kerzen mit Timer, 12 St\u00fcck, kleine Gro\u00dfpackung, flackernde, batteriebetriebene LED\u2026\",\"breadcrumb\":{\"@id\":\"https:\\\/\\\/marktxxl.de\\\/markt\\\/produkt\\\/flammenlose-led-teelichtkerzen-mit-timer-12-packungen-batteriebetriebene-votiv-teelichter-fuer-zuhause-party-dekoration-6-stunden-an-und-18-stunden-aus-in-24-stunden-zyklus-warmweisses-licht\\\/#breadcrumb\"},\"inLanguage\":\"de\",\"potentialAction\":[{\"@type\":\"ReadAction\",\"target\":[\"https:\\\/\\\/marktxxl.de\\\/markt\\\/produkt\\\/flammenlose-led-teelichtkerzen-mit-timer-12-packungen-batteriebetriebene-votiv-teelichter-fuer-zuhause-party-dekoration-6-stunden-an-und-18-stunden-aus-in-24-stunden-zyklus-warmweisses-licht\\\/\"]}]},{\"@type\":\"ImageObject\",\"inLanguage\":\"de\",\"@id\":\"https:\\\/\\\/marktxxl.de\\\/markt\\\/produkt\\\/flammenlose-led-teelichtkerzen-mit-timer-12-packungen-batteriebetriebene-votiv-teelichter-fuer-zuhause-party-dekoration-6-stunden-an-und-18-stunden-aus-in-24-stunden-zyklus-warmweisses-licht\\\/#primaryimage\",\"url\":\"https:\\\/\\\/m.media-amazon.com\\\/images\\\/I\\\/41gefhspysL._SL500_.jpg\",\"contentUrl\":\"https:\\\/\\\/m.media-amazon.com\\\/images\\\/I\\\/41gefhspysL._SL500_.jpg\",\"width\":500,\"height\":500},{\"@type\":\"BreadcrumbList\",\"@id\":\"https:\\\/\\\/marktxxl.de\\\/markt\\\/produkt\\\/flammenlose-led-teelichtkerzen-mit-timer-12-packungen-batteriebetriebene-votiv-teelichter-fuer-zuhause-party-dekoration-6-stunden-an-und-18-stunden-aus-in-24-stunden-zyklus-warmweisses-licht\\\/#breadcrumb\",\"itemListElement\":[{\"@type\":\"ListItem\",\"position\":1,\"name\":\"Startseite\",\"item\":\"https:\\\/\\\/marktxxl.de\\\/markt\\\/\"},{\"@type\":\"ListItem\",\"position\":2,\"name\":\"Markt\",\"item\":\"https:\\\/\\\/marktxxl.de\\\/markt\\\/\"},{\"@type\":\"ListItem\",\"position\":3,\"name\":\"BEICHI Flammenlose Teelichter Kerzen mit Timer, 12 St\u00fcck, kleine Gro\u00dfpackung, flackernde, batteriebetriebene LED\u2026\"}]},{\"@type\":\"WebSite\",\"@id\":\"https:\\\/\\\/marktxxl.de\\\/markt\\\/#website\",\"url\":\"https:\\\/\\\/marktxxl.de\\\/markt\\\/\",\"name\":\"Markt-XXL\",\"description\":\"Ihr Markt Online\",\"publisher\":{\"@id\":\"https:\\\/\\\/marktxxl.de\\\/markt\\\/#organization\"},\"potentialAction\":[{\"@type\":\"SearchAction\",\"target\":{\"@type\":\"EntryPoint\",\"urlTemplate\":\"https:\\\/\\\/marktxxl.de\\\/markt\\\/?s={search_term_string}\"},\"query-input\":{\"@type\":\"PropertyValueSpecification\",\"valueRequired\":true,\"valueName\":\"search_term_string\"}}],\"inLanguage\":\"de\"},{\"@type\":\"Organization\",\"@id\":\"https:\\\/\\\/marktxxl.de\\\/markt\\\/#organization\",\"name\":\"Markt-XXL\",\"url\":\"https:\\\/\\\/marktxxl.de\\\/markt\\\/\",\"logo\":{\"@type\":\"ImageObject\",\"inLanguage\":\"de\",\"@id\":\"https:\\\/\\\/marktxxl.de\\\/markt\\\/#\\\/schema\\\/logo\\\/image\\\/\",\"url\":\"https:\\\/\\\/marktxxl.de\\\/markt\\\/wp-content\\\/uploads\\\/sites\\\/3\\\/2020\\\/12\\\/logo.png\",\"contentUrl\":\"https:\\\/\\\/marktxxl.de\\\/markt\\\/wp-content\\\/uploads\\\/sites\\\/3\\\/2020\\\/12\\\/logo.png\",\"width\":200,\"height\":70,\"caption\":\"Markt-XXL\"},\"image\":{\"@id\":\"https:\\\/\\\/marktxxl.de\\\/markt\\\/#\\\/schema\\\/logo\\\/image\\\/\"}}]}<\/script>\n<!-- \/ Yoast SEO plugin. -->","yoast_head_json":{"title":"BEICHI Flammenlose Teelichter Kerzen mit Timer, 12 St\u00fcck, kleine Gro\u00dfpackung, flackernde, batteriebetriebene LED\u2026 - Markt-XXL","description":"Markt-XXL BEICHI Flammenlose Teelichter Kerzen mit Timer, 12 St\u00fcck, kleine Gro\u00dfpackung, flackernde, batteriebetriebene LED\u2026","robots":{"index":"index","follow":"follow","max-snippet":"max-snippet:-1","max-image-preview":"max-image-preview:large","max-video-preview":"max-video-preview:-1"},"canonical":"https:\/\/marktxxl.de\/markt\/produkt\/flammenlose-led-teelichtkerzen-mit-timer-12-packungen-batteriebetriebene-votiv-teelichter-fuer-zuhause-party-dekoration-6-stunden-an-und-18-stunden-aus-in-24-stunden-zyklus-warmweisses-licht\/","og_locale":"de_DE","og_type":"article","og_title":"BEICHI Flammenlose Teelichter Kerzen mit Timer, 12 St\u00fcck, kleine Gro\u00dfpackung, flackernde, batteriebetriebene LED\u2026 - Markt-XXL","og_description":"Markt-XXL BEICHI Flammenlose Teelichter Kerzen mit Timer, 12 St\u00fcck, kleine Gro\u00dfpackung, flackernde, batteriebetriebene LED\u2026","og_url":"https:\/\/marktxxl.de\/markt\/produkt\/flammenlose-led-teelichtkerzen-mit-timer-12-packungen-batteriebetriebene-votiv-teelichter-fuer-zuhause-party-dekoration-6-stunden-an-und-18-stunden-aus-in-24-stunden-zyklus-warmweisses-licht\/","og_site_name":"Markt-XXL","article_modified_time":"2023-04-11T02:14:09+00:00","og_image":[{"width":500,"height":500,"url":"https:\/\/m.media-amazon.com\/images\/I\/41gefhspysL._SL500_.jpg","type":"image\/jpeg"}],"twitter_card":"summary_large_image","twitter_misc":{"Gesch\u00e4tzte Lesezeit":"1\u00a0Minute"},"schema":{"@context":"https:\/\/schema.org","@graph":[{"@type":"WebPage","@id":"https:\/\/marktxxl.de\/markt\/produkt\/flammenlose-led-teelichtkerzen-mit-timer-12-packungen-batteriebetriebene-votiv-teelichter-fuer-zuhause-party-dekoration-6-stunden-an-und-18-stunden-aus-in-24-stunden-zyklus-warmweisses-licht\/","url":"https:\/\/marktxxl.de\/markt\/produkt\/flammenlose-led-teelichtkerzen-mit-timer-12-packungen-batteriebetriebene-votiv-teelichter-fuer-zuhause-party-dekoration-6-stunden-an-und-18-stunden-aus-in-24-stunden-zyklus-warmweisses-licht\/","name":"BEICHI Flammenlose Teelichter Kerzen mit Timer, 12 St\u00fcck, kleine Gro\u00dfpackung, flackernde, batteriebetriebene LED\u2026 - Markt-XXL","isPartOf":{"@id":"https:\/\/marktxxl.de\/markt\/#website"},"primaryImageOfPage":{"@id":"https:\/\/marktxxl.de\/markt\/produkt\/flammenlose-led-teelichtkerzen-mit-timer-12-packungen-batteriebetriebene-votiv-teelichter-fuer-zuhause-party-dekoration-6-stunden-an-und-18-stunden-aus-in-24-stunden-zyklus-warmweisses-licht\/#primaryimage"},"image":{"@id":"https:\/\/marktxxl.de\/markt\/produkt\/flammenlose-led-teelichtkerzen-mit-timer-12-packungen-batteriebetriebene-votiv-teelichter-fuer-zuhause-party-dekoration-6-stunden-an-und-18-stunden-aus-in-24-stunden-zyklus-warmweisses-licht\/#primaryimage"},"thumbnailUrl":"https:\/\/m.media-amazon.com\/images\/I\/41gefhspysL._SL500_.jpg","datePublished":"2022-07-14T02:07:37+00:00","dateModified":"2023-04-11T02:14:09+00:00","description":"Markt-XXL BEICHI Flammenlose Teelichter Kerzen mit Timer, 12 St\u00fcck, kleine Gro\u00dfpackung, flackernde, batteriebetriebene LED\u2026","breadcrumb":{"@id":"https:\/\/marktxxl.de\/markt\/produkt\/flammenlose-led-teelichtkerzen-mit-timer-12-packungen-batteriebetriebene-votiv-teelichter-fuer-zuhause-party-dekoration-6-stunden-an-und-18-stunden-aus-in-24-stunden-zyklus-warmweisses-licht\/#breadcrumb"},"inLanguage":"de","potentialAction":[{"@type":"ReadAction","target":["https:\/\/marktxxl.de\/markt\/produkt\/flammenlose-led-teelichtkerzen-mit-timer-12-packungen-batteriebetriebene-votiv-teelichter-fuer-zuhause-party-dekoration-6-stunden-an-und-18-stunden-aus-in-24-stunden-zyklus-warmweisses-licht\/"]}]},{"@type":"ImageObject","inLanguage":"de","@id":"https:\/\/marktxxl.de\/markt\/produkt\/flammenlose-led-teelichtkerzen-mit-timer-12-packungen-batteriebetriebene-votiv-teelichter-fuer-zuhause-party-dekoration-6-stunden-an-und-18-stunden-aus-in-24-stunden-zyklus-warmweisses-licht\/#primaryimage","url":"https:\/\/m.media-amazon.com\/images\/I\/41gefhspysL._SL500_.jpg","contentUrl":"https:\/\/m.media-amazon.com\/images\/I\/41gefhspysL._SL500_.jpg","width":500,"height":500},{"@type":"BreadcrumbList","@id":"https:\/\/marktxxl.de\/markt\/produkt\/flammenlose-led-teelichtkerzen-mit-timer-12-packungen-batteriebetriebene-votiv-teelichter-fuer-zuhause-party-dekoration-6-stunden-an-und-18-stunden-aus-in-24-stunden-zyklus-warmweisses-licht\/#breadcrumb","itemListElement":[{"@type":"ListItem","position":1,"name":"Startseite","item":"https:\/\/marktxxl.de\/markt\/"},{"@type":"ListItem","position":2,"name":"Markt","item":"https:\/\/marktxxl.de\/markt\/"},{"@type":"ListItem","position":3,"name":"BEICHI Flammenlose Teelichter Kerzen mit Timer, 12 St\u00fcck, kleine Gro\u00dfpackung, flackernde, batteriebetriebene LED\u2026"}]},{"@type":"WebSite","@id":"https:\/\/marktxxl.de\/markt\/#website","url":"https:\/\/marktxxl.de\/markt\/","name":"Markt-XXL","description":"Ihr Markt Online","publisher":{"@id":"https:\/\/marktxxl.de\/markt\/#organization"},"potentialAction":[{"@type":"SearchAction","target":{"@type":"EntryPoint","urlTemplate":"https:\/\/marktxxl.de\/markt\/?s={search_term_string}"},"query-input":{"@type":"PropertyValueSpecification","valueRequired":true,"valueName":"search_term_string"}}],"inLanguage":"de"},{"@type":"Organization","@id":"https:\/\/marktxxl.de\/markt\/#organization","name":"Markt-XXL","url":"https:\/\/marktxxl.de\/markt\/","logo":{"@type":"ImageObject","inLanguage":"de","@id":"https:\/\/marktxxl.de\/markt\/#\/schema\/logo\/image\/","url":"https:\/\/marktxxl.de\/markt\/wp-content\/uploads\/sites\/3\/2020\/12\/logo.png","contentUrl":"https:\/\/marktxxl.de\/markt\/wp-content\/uploads\/sites\/3\/2020\/12\/logo.png","width":200,"height":70,"caption":"Markt-XXL"},"image":{"@id":"https:\/\/marktxxl.de\/markt\/#\/schema\/logo\/image\/"}}]}},"_links":{"self":[{"href":"https:\/\/marktxxl.de\/markt\/wp-json\/wp\/v2\/product\/138001","targetHints":{"allow":["GET"]}}],"collection":[{"href":"https:\/\/marktxxl.de\/markt\/wp-json\/wp\/v2\/product"}],"about":[{"href":"https:\/\/marktxxl.de\/markt\/wp-json\/wp\/v2\/types\/product"}],"replies":[{"embeddable":true,"href":"https:\/\/marktxxl.de\/markt\/wp-json\/wp\/v2\/comments?post=138001"}],"wp:featuredmedia":[{"embeddable":true,"href":"https:\/\/marktxxl.de\/markt\/wp-json\/wp\/v2\/media\/138002"}],"wp:attachment":[{"href":"https:\/\/marktxxl.de\/markt\/wp-json\/wp\/v2\/media?parent=138001"}],"wp:term":[{"taxonomy":"product_brand","embeddable":true,"href":"https:\/\/marktxxl.de\/markt\/wp-json\/wp\/v2\/product_brand?post=138001"},{"taxonomy":"product_cat","embeddable":true,"href":"https:\/\/marktxxl.de\/markt\/wp-json\/wp\/v2\/product_cat?post=138001"},{"taxonomy":"product_tag","embeddable":true,"href":"https:\/\/marktxxl.de\/markt\/wp-json\/wp\/v2\/product_tag?post=138001"}],"curies":[{"name":"wp","href":"https:\/\/api.w.org\/{rel}","templated":true}]}}