{"id":137993,"date":"2022-07-14T04:07:29","date_gmt":"2022-07-14T02:07:29","guid":{"rendered":"https:\/\/marktxxl.de\/markt\/produkt\/solarlampen-fuer-aussenled-solarleuchten-gartensolar-laterne-fuer-draussenip65-wasserdicht-haengend-garten-deko-solar-gartenleuchtesolar-beleuchtung-fuer-gartenbalkonhofweihnachtenhalloween-de\/"},"modified":"2023-04-11T04:14:09","modified_gmt":"2023-04-11T02:14:09","slug":"solarlampen-fuer-aussenled-solarleuchten-gartensolar-laterne-fuer-draussenip65-wasserdicht-haengend-garten-deko-solar-gartenleuchtesolar-beleuchtung-fuer-gartenbalkonhofweihnachtenhalloween-de","status":"publish","type":"product","link":"https:\/\/marktxxl.de\/markt\/produkt\/solarlampen-fuer-aussenled-solarleuchten-gartensolar-laterne-fuer-draussenip65-wasserdicht-haengend-garten-deko-solar-gartenleuchtesolar-beleuchtung-fuer-gartenbalkonhofweihnachtenhalloween-de\/","title":{"rendered":"Solarlampen f\u00fcr Au\u00dfen,LED Solarleuchten Garten,Solar Laterne f\u00fcr Drau\u00dfen,IP65 Wasserdicht H\u00e4ngend Garten Deko Solar\u2026"},"content":{"rendered":"<p>\u3010Exquisites Garten deko Solarlaterne \u3011Solarlaterne f\u00fcr au\u00dfen hat wundersch\u00f6nes vintage-design.Das attraktive ausgeh\u00f6hlte muster und das subtile leuchten strahlen nachts sanft gelb und zeigen ein lebendiges, h\u00fcbsches Muster auf dem Tisch, dem Boden oder der Wand.Erleuchten Ihren garten auf wundersch\u00f6ne weise und schaffen eine romantische und warme Atmosph\u00e4re f\u00fcr Ihren Garten.<br \/>\n\u3010Energieeinsparung und Umweltschutz\u3011Die LED Laterne solarbetrieben ist, ist keine Verkabelung erforderlich, sodass keine Betriebskosten anfallen und die Installation ein Kinderspiel ist! Unser hochwertiges Solarpanel kann automatisch Sonnenenergie sammeln und tags\u00fcber in Strom umwandeln, was umweltfreundlich ist, Energie spart und sich keine Sorgen um die Umweltverschmutzung macht. Peppen Sie die Atmosph\u00e4re in Ihrem Garten mit dieser Retro-inspirierten Laterne dekorativ auf.<br \/>\n\u3010Auto On\/Off &amp; Solar Powered\u3011: 100% solarbetrieben mit 800mAh Batterie.Laden Sie den Akku bei gen\u00fcgend Sonnenschein mehr als 6 Stunden lang vollst\u00e4ndig auf, Er leuchtet nachts 8 bis 10 Stunden lang. Solarbetriebene Laternen schalten das Licht in der Abendd\u00e4mmerung automatisch ein und im Morgengrauen aus, wodurch Energie gespart wird.Bitte schalten der Schalter vor dem Aufladen ein.<br \/>\n\u3010 IP65 Wasserdicht\u3011:Diese Garten deko Solarlampen f\u00fcr Au\u00dfen ist IP65 wasserdicht, die bei schlechtem Wetter im Freien wie Regenschneenebel verwendet werden kann. Perfekt f\u00fcr den Au\u00dfenbereich, praktisch und bequem.Die h\u00e4ngend Solarlampen ist mit einem haltbaren Griff ausgestattet,bequem mit den H\u00e4nden zu tragen oder an \u00c4sten und W\u00e4nden aufzuh\u00e4ngen, weit verbreitet f\u00fcr Garten, Terrasse, Hof, Tisch, Balkon usw. Diese stilvolle H\u00e4ngelaterne macht die perfekte Erg\u00e4nzung f\u00fcr jeden Au\u00dfenbereich.<br \/>\n\u3010 Perfekte Garten Deko\u3011Solarleuchte kann nicht nur als Garten dekoration verwendet werden, sondern auch die Wege und Rasenfl\u00e4chen des Gartens bis zu einem gewissen Grad beleuchten und eine warme und sch\u00f6ne Atmosph\u00e4re schaffen.Weit verbreitet in Garten, Terrasse, Hochzeit, Party, Garten, Auffahrt zur Beleuchtung oder Dekoration beim Camping, Grillfest, Erntedankfest, Halloween, Weihnachten und anderen Anl\u00e4ssen. Sie k\u00f6nnen es an der Haust\u00fcr, auf dem Tisch oder Rasen usw. installieren.<br \/>\n<div class=\"main-cross-sell\" data-asin=\"B09PYLX4HD\">\n\n\t<div class=\"WooZone-cross-sell-loader\">\n\t\t<div>\n\t\t\t<div id=\"floatingBarsG\">\n\t\t\t\t<div class=\"blockG\" id=\"rotateG_01\"><\/div>\n\t\t\t\t<div class=\"blockG\" id=\"rotateG_02\"><\/div>\n\t\t\t\t<div class=\"blockG\" id=\"rotateG_03\"><\/div>\n\t\t\t\t<div class=\"blockG\" id=\"rotateG_04\"><\/div>\n\t\t\t\t<div class=\"blockG\" id=\"rotateG_05\"><\/div>\n\t\t\t\t<div class=\"blockG\" id=\"rotateG_06\"><\/div>\n\t\t\t\t<div class=\"blockG\" id=\"rotateG_07\"><\/div>\n\t\t\t\t<div class=\"blockG\" id=\"rotateG_08\"><\/div>\n\t\t\t<\/div>\n\t\t\t<div class=\"WooZone-cross-sell-loader-text\"><\/div>\n\t\t<\/div>\n\t<\/div>\n\n\t\t\n<\/div>\n<div style=\"clear:both;\"><\/div><\/p>\n","protected":false},"excerpt":{"rendered":"<p>\u3010Exquisites Garten deko Solarlaterne \u3011Solarlaterne f\u00fcr au\u00dfen hat wundersch\u00f6nes vintage-design.Das attraktive ausgeh\u00f6hlte muster und das subtile leuchten strahlen nachts sanft gelb und zeigen ein lebendiges, h\u00fcbsches Muster auf dem Tisch, dem Boden oder der Wand.Erleuchten Ihren garten auf wundersch\u00f6ne weise und schaffen eine romantische und warme Atmosph\u00e4re f\u00fcr Ihren Garten.<br \/>\n\u3010Energieeinsparung und Umweltschutz\u3011Die LED Laterne solarbetrieben ist, ist keine Verkabelung erforderlich, sodass keine Betriebskosten anfallen und die Installation ein Kinderspiel ist! Unser hochwertiges Solarpanel kann automatisch Sonnenenergie sammeln und tags\u00fcber in Strom umwandeln, was umweltfreundlich ist, Energie spart und sich keine Sorgen um die Umweltverschmutzung macht. Peppen Sie die Atmosph\u00e4re in Ihrem Garten mit dieser Retro-inspirierten Laterne dekorativ auf.<br \/>\n\u3010Auto On\/Off &amp; Solar Powered\u3011: 100% solarbetrieben mit 800mAh Batterie.Laden Sie den Akku bei gen\u00fcgend Sonnenschein mehr als 6 Stunden lang vollst\u00e4ndig auf, Er leuchtet nachts 8 bis 10 Stunden lang. Solarbetriebene Laternen schalten das Licht in der Abendd\u00e4mmerung automatisch ein und im Morgengrauen aus, wodurch Energie gespart wird.Bitte schalten der Schalter vor dem Aufladen ein.<\/p>\n","protected":false},"featured_media":137994,"comment_status":"open","ping_status":"closed","template":"","meta":[],"product_brand":[],"product_cat":[11446,2108],"product_tag":[],"class_list":{"0":"post-137993","1":"product","2":"type-product","3":"status-publish","4":"has-post-thumbnail","6":"product_cat-aussenbeleuchtung","7":"product_cat-beleuchtung","8":"pa_brand-morxinle","9":"pa_color-warm-white","10":"pa_manufacturer-morxinle","11":"pa_model-2012wjl0108blaj01","13":"first","14":"instock","15":"shipping-taxable","16":"purchasable","17":"product-type-simple","18":"customify-col","19":"product-has-gallery"},"yoast_head":"<!-- This site is optimized with the Yoast SEO plugin v27.4 - https:\/\/yoast.com\/product\/yoast-seo-wordpress\/ -->\n<title>Solarlampen f\u00fcr Au\u00dfen,LED Solarleuchten Garten,Solar Laterne f\u00fcr Drau\u00dfen,IP65 Wasserdicht H\u00e4ngend Garten Deko Solar\u2026 - Markt-XXL<\/title>\n<meta name=\"description\" content=\"Markt-XXL Solarlampen f\u00fcr Au\u00dfen,LED Solarleuchten Garten,Solar Laterne f\u00fcr Drau\u00dfen,IP65 Wasserdicht H\u00e4ngend Garten Deko Solar\u2026\" \/>\n<meta name=\"robots\" content=\"index, follow, max-snippet:-1, max-image-preview:large, max-video-preview:-1\" \/>\n<link rel=\"canonical\" href=\"https:\/\/marktxxl.de\/markt\/produkt\/solarlampen-fuer-aussenled-solarleuchten-gartensolar-laterne-fuer-draussenip65-wasserdicht-haengend-garten-deko-solar-gartenleuchtesolar-beleuchtung-fuer-gartenbalkonhofweihnachtenhalloween-de\/\" \/>\n<meta property=\"og:locale\" content=\"de_DE\" \/>\n<meta property=\"og:type\" content=\"article\" \/>\n<meta property=\"og:title\" content=\"Solarlampen f\u00fcr Au\u00dfen,LED Solarleuchten Garten,Solar Laterne f\u00fcr Drau\u00dfen,IP65 Wasserdicht H\u00e4ngend Garten Deko Solar\u2026 - Markt-XXL\" \/>\n<meta property=\"og:description\" content=\"Markt-XXL Solarlampen f\u00fcr Au\u00dfen,LED Solarleuchten Garten,Solar Laterne f\u00fcr Drau\u00dfen,IP65 Wasserdicht H\u00e4ngend Garten Deko Solar\u2026\" \/>\n<meta property=\"og:url\" content=\"https:\/\/marktxxl.de\/markt\/produkt\/solarlampen-fuer-aussenled-solarleuchten-gartensolar-laterne-fuer-draussenip65-wasserdicht-haengend-garten-deko-solar-gartenleuchtesolar-beleuchtung-fuer-gartenbalkonhofweihnachtenhalloween-de\/\" \/>\n<meta property=\"og:site_name\" content=\"Markt-XXL\" \/>\n<meta property=\"article:modified_time\" content=\"2023-04-11T02:14:09+00:00\" \/>\n<meta property=\"og:image\" content=\"https:\/\/m.media-amazon.com\/images\/I\/61E2CsJvgwL._SL500_.jpg\" \/>\n\t<meta property=\"og:image:width\" content=\"500\" \/>\n\t<meta property=\"og:image:height\" content=\"500\" \/>\n\t<meta property=\"og:image:type\" content=\"image\/jpeg\" \/>\n<meta name=\"twitter:card\" content=\"summary_large_image\" \/>\n<meta name=\"twitter:label1\" content=\"Gesch\u00e4tzte Lesezeit\" \/>\n\t<meta name=\"twitter:data1\" content=\"2\u00a0Minuten\" \/>\n<script type=\"application\/ld+json\" class=\"yoast-schema-graph\">{\"@context\":\"https:\\\/\\\/schema.org\",\"@graph\":[{\"@type\":\"WebPage\",\"@id\":\"https:\\\/\\\/marktxxl.de\\\/markt\\\/produkt\\\/solarlampen-fuer-aussenled-solarleuchten-gartensolar-laterne-fuer-draussenip65-wasserdicht-haengend-garten-deko-solar-gartenleuchtesolar-beleuchtung-fuer-gartenbalkonhofweihnachtenhalloween-de\\\/\",\"url\":\"https:\\\/\\\/marktxxl.de\\\/markt\\\/produkt\\\/solarlampen-fuer-aussenled-solarleuchten-gartensolar-laterne-fuer-draussenip65-wasserdicht-haengend-garten-deko-solar-gartenleuchtesolar-beleuchtung-fuer-gartenbalkonhofweihnachtenhalloween-de\\\/\",\"name\":\"Solarlampen f\u00fcr Au\u00dfen,LED Solarleuchten Garten,Solar Laterne f\u00fcr Drau\u00dfen,IP65 Wasserdicht H\u00e4ngend Garten Deko Solar\u2026 - Markt-XXL\",\"isPartOf\":{\"@id\":\"https:\\\/\\\/marktxxl.de\\\/markt\\\/#website\"},\"primaryImageOfPage\":{\"@id\":\"https:\\\/\\\/marktxxl.de\\\/markt\\\/produkt\\\/solarlampen-fuer-aussenled-solarleuchten-gartensolar-laterne-fuer-draussenip65-wasserdicht-haengend-garten-deko-solar-gartenleuchtesolar-beleuchtung-fuer-gartenbalkonhofweihnachtenhalloween-de\\\/#primaryimage\"},\"image\":{\"@id\":\"https:\\\/\\\/marktxxl.de\\\/markt\\\/produkt\\\/solarlampen-fuer-aussenled-solarleuchten-gartensolar-laterne-fuer-draussenip65-wasserdicht-haengend-garten-deko-solar-gartenleuchtesolar-beleuchtung-fuer-gartenbalkonhofweihnachtenhalloween-de\\\/#primaryimage\"},\"thumbnailUrl\":\"https:\\\/\\\/m.media-amazon.com\\\/images\\\/I\\\/61E2CsJvgwL._SL500_.jpg\",\"datePublished\":\"2022-07-14T02:07:29+00:00\",\"dateModified\":\"2023-04-11T02:14:09+00:00\",\"description\":\"Markt-XXL Solarlampen f\u00fcr Au\u00dfen,LED Solarleuchten Garten,Solar Laterne f\u00fcr Drau\u00dfen,IP65 Wasserdicht H\u00e4ngend Garten Deko Solar\u2026\",\"breadcrumb\":{\"@id\":\"https:\\\/\\\/marktxxl.de\\\/markt\\\/produkt\\\/solarlampen-fuer-aussenled-solarleuchten-gartensolar-laterne-fuer-draussenip65-wasserdicht-haengend-garten-deko-solar-gartenleuchtesolar-beleuchtung-fuer-gartenbalkonhofweihnachtenhalloween-de\\\/#breadcrumb\"},\"inLanguage\":\"de\",\"potentialAction\":[{\"@type\":\"ReadAction\",\"target\":[\"https:\\\/\\\/marktxxl.de\\\/markt\\\/produkt\\\/solarlampen-fuer-aussenled-solarleuchten-gartensolar-laterne-fuer-draussenip65-wasserdicht-haengend-garten-deko-solar-gartenleuchtesolar-beleuchtung-fuer-gartenbalkonhofweihnachtenhalloween-de\\\/\"]}]},{\"@type\":\"ImageObject\",\"inLanguage\":\"de\",\"@id\":\"https:\\\/\\\/marktxxl.de\\\/markt\\\/produkt\\\/solarlampen-fuer-aussenled-solarleuchten-gartensolar-laterne-fuer-draussenip65-wasserdicht-haengend-garten-deko-solar-gartenleuchtesolar-beleuchtung-fuer-gartenbalkonhofweihnachtenhalloween-de\\\/#primaryimage\",\"url\":\"https:\\\/\\\/m.media-amazon.com\\\/images\\\/I\\\/61E2CsJvgwL._SL500_.jpg\",\"contentUrl\":\"https:\\\/\\\/m.media-amazon.com\\\/images\\\/I\\\/61E2CsJvgwL._SL500_.jpg\",\"width\":500,\"height\":500},{\"@type\":\"BreadcrumbList\",\"@id\":\"https:\\\/\\\/marktxxl.de\\\/markt\\\/produkt\\\/solarlampen-fuer-aussenled-solarleuchten-gartensolar-laterne-fuer-draussenip65-wasserdicht-haengend-garten-deko-solar-gartenleuchtesolar-beleuchtung-fuer-gartenbalkonhofweihnachtenhalloween-de\\\/#breadcrumb\",\"itemListElement\":[{\"@type\":\"ListItem\",\"position\":1,\"name\":\"Startseite\",\"item\":\"https:\\\/\\\/marktxxl.de\\\/markt\\\/\"},{\"@type\":\"ListItem\",\"position\":2,\"name\":\"Markt\",\"item\":\"https:\\\/\\\/marktxxl.de\\\/markt\\\/\"},{\"@type\":\"ListItem\",\"position\":3,\"name\":\"Solarlampen f\u00fcr Au\u00dfen,LED Solarleuchten Garten,Solar Laterne f\u00fcr Drau\u00dfen,IP65 Wasserdicht H\u00e4ngend Garten Deko Solar\u2026\"}]},{\"@type\":\"WebSite\",\"@id\":\"https:\\\/\\\/marktxxl.de\\\/markt\\\/#website\",\"url\":\"https:\\\/\\\/marktxxl.de\\\/markt\\\/\",\"name\":\"Markt-XXL\",\"description\":\"Ihr Markt Online\",\"publisher\":{\"@id\":\"https:\\\/\\\/marktxxl.de\\\/markt\\\/#organization\"},\"potentialAction\":[{\"@type\":\"SearchAction\",\"target\":{\"@type\":\"EntryPoint\",\"urlTemplate\":\"https:\\\/\\\/marktxxl.de\\\/markt\\\/?s={search_term_string}\"},\"query-input\":{\"@type\":\"PropertyValueSpecification\",\"valueRequired\":true,\"valueName\":\"search_term_string\"}}],\"inLanguage\":\"de\"},{\"@type\":\"Organization\",\"@id\":\"https:\\\/\\\/marktxxl.de\\\/markt\\\/#organization\",\"name\":\"Markt-XXL\",\"url\":\"https:\\\/\\\/marktxxl.de\\\/markt\\\/\",\"logo\":{\"@type\":\"ImageObject\",\"inLanguage\":\"de\",\"@id\":\"https:\\\/\\\/marktxxl.de\\\/markt\\\/#\\\/schema\\\/logo\\\/image\\\/\",\"url\":\"https:\\\/\\\/marktxxl.de\\\/markt\\\/wp-content\\\/uploads\\\/sites\\\/3\\\/2020\\\/12\\\/logo.png\",\"contentUrl\":\"https:\\\/\\\/marktxxl.de\\\/markt\\\/wp-content\\\/uploads\\\/sites\\\/3\\\/2020\\\/12\\\/logo.png\",\"width\":200,\"height\":70,\"caption\":\"Markt-XXL\"},\"image\":{\"@id\":\"https:\\\/\\\/marktxxl.de\\\/markt\\\/#\\\/schema\\\/logo\\\/image\\\/\"}}]}<\/script>\n<!-- \/ Yoast SEO plugin. -->","yoast_head_json":{"title":"Solarlampen f\u00fcr Au\u00dfen,LED Solarleuchten Garten,Solar Laterne f\u00fcr Drau\u00dfen,IP65 Wasserdicht H\u00e4ngend Garten Deko Solar\u2026 - Markt-XXL","description":"Markt-XXL Solarlampen f\u00fcr Au\u00dfen,LED Solarleuchten Garten,Solar Laterne f\u00fcr Drau\u00dfen,IP65 Wasserdicht H\u00e4ngend Garten Deko Solar\u2026","robots":{"index":"index","follow":"follow","max-snippet":"max-snippet:-1","max-image-preview":"max-image-preview:large","max-video-preview":"max-video-preview:-1"},"canonical":"https:\/\/marktxxl.de\/markt\/produkt\/solarlampen-fuer-aussenled-solarleuchten-gartensolar-laterne-fuer-draussenip65-wasserdicht-haengend-garten-deko-solar-gartenleuchtesolar-beleuchtung-fuer-gartenbalkonhofweihnachtenhalloween-de\/","og_locale":"de_DE","og_type":"article","og_title":"Solarlampen f\u00fcr Au\u00dfen,LED Solarleuchten Garten,Solar Laterne f\u00fcr Drau\u00dfen,IP65 Wasserdicht H\u00e4ngend Garten Deko Solar\u2026 - Markt-XXL","og_description":"Markt-XXL Solarlampen f\u00fcr Au\u00dfen,LED Solarleuchten Garten,Solar Laterne f\u00fcr Drau\u00dfen,IP65 Wasserdicht H\u00e4ngend Garten Deko Solar\u2026","og_url":"https:\/\/marktxxl.de\/markt\/produkt\/solarlampen-fuer-aussenled-solarleuchten-gartensolar-laterne-fuer-draussenip65-wasserdicht-haengend-garten-deko-solar-gartenleuchtesolar-beleuchtung-fuer-gartenbalkonhofweihnachtenhalloween-de\/","og_site_name":"Markt-XXL","article_modified_time":"2023-04-11T02:14:09+00:00","og_image":[{"width":500,"height":500,"url":"https:\/\/m.media-amazon.com\/images\/I\/61E2CsJvgwL._SL500_.jpg","type":"image\/jpeg"}],"twitter_card":"summary_large_image","twitter_misc":{"Gesch\u00e4tzte Lesezeit":"2\u00a0Minuten"},"schema":{"@context":"https:\/\/schema.org","@graph":[{"@type":"WebPage","@id":"https:\/\/marktxxl.de\/markt\/produkt\/solarlampen-fuer-aussenled-solarleuchten-gartensolar-laterne-fuer-draussenip65-wasserdicht-haengend-garten-deko-solar-gartenleuchtesolar-beleuchtung-fuer-gartenbalkonhofweihnachtenhalloween-de\/","url":"https:\/\/marktxxl.de\/markt\/produkt\/solarlampen-fuer-aussenled-solarleuchten-gartensolar-laterne-fuer-draussenip65-wasserdicht-haengend-garten-deko-solar-gartenleuchtesolar-beleuchtung-fuer-gartenbalkonhofweihnachtenhalloween-de\/","name":"Solarlampen f\u00fcr Au\u00dfen,LED Solarleuchten Garten,Solar Laterne f\u00fcr Drau\u00dfen,IP65 Wasserdicht H\u00e4ngend Garten Deko Solar\u2026 - Markt-XXL","isPartOf":{"@id":"https:\/\/marktxxl.de\/markt\/#website"},"primaryImageOfPage":{"@id":"https:\/\/marktxxl.de\/markt\/produkt\/solarlampen-fuer-aussenled-solarleuchten-gartensolar-laterne-fuer-draussenip65-wasserdicht-haengend-garten-deko-solar-gartenleuchtesolar-beleuchtung-fuer-gartenbalkonhofweihnachtenhalloween-de\/#primaryimage"},"image":{"@id":"https:\/\/marktxxl.de\/markt\/produkt\/solarlampen-fuer-aussenled-solarleuchten-gartensolar-laterne-fuer-draussenip65-wasserdicht-haengend-garten-deko-solar-gartenleuchtesolar-beleuchtung-fuer-gartenbalkonhofweihnachtenhalloween-de\/#primaryimage"},"thumbnailUrl":"https:\/\/m.media-amazon.com\/images\/I\/61E2CsJvgwL._SL500_.jpg","datePublished":"2022-07-14T02:07:29+00:00","dateModified":"2023-04-11T02:14:09+00:00","description":"Markt-XXL Solarlampen f\u00fcr Au\u00dfen,LED Solarleuchten Garten,Solar Laterne f\u00fcr Drau\u00dfen,IP65 Wasserdicht H\u00e4ngend Garten Deko Solar\u2026","breadcrumb":{"@id":"https:\/\/marktxxl.de\/markt\/produkt\/solarlampen-fuer-aussenled-solarleuchten-gartensolar-laterne-fuer-draussenip65-wasserdicht-haengend-garten-deko-solar-gartenleuchtesolar-beleuchtung-fuer-gartenbalkonhofweihnachtenhalloween-de\/#breadcrumb"},"inLanguage":"de","potentialAction":[{"@type":"ReadAction","target":["https:\/\/marktxxl.de\/markt\/produkt\/solarlampen-fuer-aussenled-solarleuchten-gartensolar-laterne-fuer-draussenip65-wasserdicht-haengend-garten-deko-solar-gartenleuchtesolar-beleuchtung-fuer-gartenbalkonhofweihnachtenhalloween-de\/"]}]},{"@type":"ImageObject","inLanguage":"de","@id":"https:\/\/marktxxl.de\/markt\/produkt\/solarlampen-fuer-aussenled-solarleuchten-gartensolar-laterne-fuer-draussenip65-wasserdicht-haengend-garten-deko-solar-gartenleuchtesolar-beleuchtung-fuer-gartenbalkonhofweihnachtenhalloween-de\/#primaryimage","url":"https:\/\/m.media-amazon.com\/images\/I\/61E2CsJvgwL._SL500_.jpg","contentUrl":"https:\/\/m.media-amazon.com\/images\/I\/61E2CsJvgwL._SL500_.jpg","width":500,"height":500},{"@type":"BreadcrumbList","@id":"https:\/\/marktxxl.de\/markt\/produkt\/solarlampen-fuer-aussenled-solarleuchten-gartensolar-laterne-fuer-draussenip65-wasserdicht-haengend-garten-deko-solar-gartenleuchtesolar-beleuchtung-fuer-gartenbalkonhofweihnachtenhalloween-de\/#breadcrumb","itemListElement":[{"@type":"ListItem","position":1,"name":"Startseite","item":"https:\/\/marktxxl.de\/markt\/"},{"@type":"ListItem","position":2,"name":"Markt","item":"https:\/\/marktxxl.de\/markt\/"},{"@type":"ListItem","position":3,"name":"Solarlampen f\u00fcr Au\u00dfen,LED Solarleuchten Garten,Solar Laterne f\u00fcr Drau\u00dfen,IP65 Wasserdicht H\u00e4ngend Garten Deko Solar\u2026"}]},{"@type":"WebSite","@id":"https:\/\/marktxxl.de\/markt\/#website","url":"https:\/\/marktxxl.de\/markt\/","name":"Markt-XXL","description":"Ihr Markt Online","publisher":{"@id":"https:\/\/marktxxl.de\/markt\/#organization"},"potentialAction":[{"@type":"SearchAction","target":{"@type":"EntryPoint","urlTemplate":"https:\/\/marktxxl.de\/markt\/?s={search_term_string}"},"query-input":{"@type":"PropertyValueSpecification","valueRequired":true,"valueName":"search_term_string"}}],"inLanguage":"de"},{"@type":"Organization","@id":"https:\/\/marktxxl.de\/markt\/#organization","name":"Markt-XXL","url":"https:\/\/marktxxl.de\/markt\/","logo":{"@type":"ImageObject","inLanguage":"de","@id":"https:\/\/marktxxl.de\/markt\/#\/schema\/logo\/image\/","url":"https:\/\/marktxxl.de\/markt\/wp-content\/uploads\/sites\/3\/2020\/12\/logo.png","contentUrl":"https:\/\/marktxxl.de\/markt\/wp-content\/uploads\/sites\/3\/2020\/12\/logo.png","width":200,"height":70,"caption":"Markt-XXL"},"image":{"@id":"https:\/\/marktxxl.de\/markt\/#\/schema\/logo\/image\/"}}]}},"_links":{"self":[{"href":"https:\/\/marktxxl.de\/markt\/wp-json\/wp\/v2\/product\/137993","targetHints":{"allow":["GET"]}}],"collection":[{"href":"https:\/\/marktxxl.de\/markt\/wp-json\/wp\/v2\/product"}],"about":[{"href":"https:\/\/marktxxl.de\/markt\/wp-json\/wp\/v2\/types\/product"}],"replies":[{"embeddable":true,"href":"https:\/\/marktxxl.de\/markt\/wp-json\/wp\/v2\/comments?post=137993"}],"wp:featuredmedia":[{"embeddable":true,"href":"https:\/\/marktxxl.de\/markt\/wp-json\/wp\/v2\/media\/137994"}],"wp:attachment":[{"href":"https:\/\/marktxxl.de\/markt\/wp-json\/wp\/v2\/media?parent=137993"}],"wp:term":[{"taxonomy":"product_brand","embeddable":true,"href":"https:\/\/marktxxl.de\/markt\/wp-json\/wp\/v2\/product_brand?post=137993"},{"taxonomy":"product_cat","embeddable":true,"href":"https:\/\/marktxxl.de\/markt\/wp-json\/wp\/v2\/product_cat?post=137993"},{"taxonomy":"product_tag","embeddable":true,"href":"https:\/\/marktxxl.de\/markt\/wp-json\/wp\/v2\/product_tag?post=137993"}],"curies":[{"name":"wp","href":"https:\/\/api.w.org\/{rel}","templated":true}]}}