{"id":137868,"date":"2022-07-14T04:02:01","date_gmt":"2022-07-14T02:02:01","guid":{"rendered":"https:\/\/marktxxl.de\/markt\/produkt\/private-grief-led-kerze-als-trauerkerze-zur-erinnerung-mit-namen-und-daten\/"},"modified":"2023-04-11T04:14:08","modified_gmt":"2023-04-11T02:14:08","slug":"private-grief-led-kerze-als-trauerkerze-zur-erinnerung-mit-namen-und-daten","status":"publish","type":"product","link":"https:\/\/marktxxl.de\/markt\/produkt\/private-grief-led-kerze-als-trauerkerze-zur-erinnerung-mit-namen-und-daten\/","title":{"rendered":"Herz &amp; Heim\u00ae LED Kerze als Trauerkerze zur Erinnerung mit Namen und Daten In Gedenken an"},"content":{"rendered":"<p>Gedenklicht &#8211; Diese LED Kerze besteht aus einem grauen Glas gef\u00fcllt mit Echtwachs und einem LED Docht. Dieser spendet ein flackerndes Licht, welches an eine echte Kerze angelehnt ist.<br \/>\nPersonalisiert &#8211; Sie suchen sich ein Trauer-Motiv aus und vervollst\u00e4ndigen dies unter &#8220;Jetzt anpassen&#8221; mit dem Namen des Verstorbenen und dem Datum. Eine kleine Vorschau zeigt Ihnen, wie es aussehen k\u00f6nnte.<br \/>\nProduktinfo &#8211; Das Windlicht ist 7,5 cm x 12,5 cm (\u00d8\/H) gro\u00df. Das Trauer-Windlicht ist nicht f\u00fcr den Au\u00dfenbereich geeignet, da das Echtwachs nicht witterungsbest\u00e4ndig ist. Sie ben\u00f6tigen 2 x 1,5 V AA Batterien, diese sind nicht im Lieferumfang enthalten.<br \/>\nGravur &#8211; Wir gravieren die Trauerkerze mittels moderner Lasertechnik. Die Gravur hebt sich gut vom grauen Glas der LED Kerze ab. Durch die pers\u00f6nliche Gravur, k\u00f6nnen Sie das Windlicht auch anstatt einer Trauerkarte als Kondolenz \u00fcberreichen.<br \/>\nTimerfunktion &#8211; Wenn Sie den Regler auf Timer stellen, schaltet sich die LED Kerze immer zu dem Zeitpunkt f\u00fcr 6 Stunden an und f\u00fcr 18 Stunden aus. So leuchtet die Kerze nur zu der dunklen Tageszeit.<br \/>\n<div class=\"main-cross-sell\" data-asin=\"B09F1XSBLJ\">\n\n\t<div class=\"WooZone-cross-sell-loader\">\n\t\t<div>\n\t\t\t<div id=\"floatingBarsG\">\n\t\t\t\t<div class=\"blockG\" id=\"rotateG_01\"><\/div>\n\t\t\t\t<div class=\"blockG\" id=\"rotateG_02\"><\/div>\n\t\t\t\t<div class=\"blockG\" id=\"rotateG_03\"><\/div>\n\t\t\t\t<div class=\"blockG\" id=\"rotateG_04\"><\/div>\n\t\t\t\t<div class=\"blockG\" id=\"rotateG_05\"><\/div>\n\t\t\t\t<div class=\"blockG\" id=\"rotateG_06\"><\/div>\n\t\t\t\t<div class=\"blockG\" id=\"rotateG_07\"><\/div>\n\t\t\t\t<div class=\"blockG\" id=\"rotateG_08\"><\/div>\n\t\t\t<\/div>\n\t\t\t<div class=\"WooZone-cross-sell-loader-text\"><\/div>\n\t\t<\/div>\n\t<\/div>\n\n\t\t\n<\/div>\n<div style=\"clear:both;\"><\/div><\/p>\n","protected":false},"excerpt":{"rendered":"<p>Gedenklicht &#8211; Diese LED Kerze besteht aus einem grauen Glas gef\u00fcllt mit Echtwachs und einem LED Docht. Dieser spendet ein flackerndes Licht, welches an eine echte Kerze angelehnt ist.<br \/>\nPersonalisiert &#8211; Sie suchen sich ein Trauer-Motiv aus und vervollst\u00e4ndigen dies unter &#8220;Jetzt anpassen&#8221; mit dem Namen des Verstorbenen und dem Datum. Eine kleine Vorschau zeigt Ihnen, wie es aussehen k\u00f6nnte.<br \/>\nProduktinfo &#8211; Das Windlicht ist 7,5 cm x 12,5 cm (\u00d8\/H) gro\u00df. Das Trauer-Windlicht ist nicht f\u00fcr den Au\u00dfenbereich geeignet, da das Echtwachs nicht witterungsbest\u00e4ndig ist. Sie ben\u00f6tigen 2 x 1,5 V AA Batterien, diese sind nicht im Lieferumfang enthalten.<\/p>\n","protected":false},"featured_media":137869,"comment_status":"open","ping_status":"closed","template":"","meta":[],"product_brand":[],"product_cat":[11446,2108],"product_tag":[],"class_list":{"0":"post-137868","1":"product","2":"type-product","3":"status-publish","4":"has-post-thumbnail","6":"product_cat-aussenbeleuchtung","7":"product_cat-beleuchtung","8":"pa_brand-private-grief","9":"pa_color-grau","10":"pa_height-4-9212598375-zoll","11":"pa_length-2-9527559025-zoll","12":"pa_manufacturer-private-grief","13":"pa_size-75-cm-x-125-cm-o-h","14":"pa_weight-0-3968320716-pfund","15":"pa_width-2-9527559025-zoll","17":"first","18":"instock","19":"shipping-taxable","20":"purchasable","21":"product-type-simple","22":"customify-col","23":"product-has-gallery"},"yoast_head":"<!-- This site is optimized with the Yoast SEO plugin v27.3 - https:\/\/yoast.com\/product\/yoast-seo-wordpress\/ -->\n<title>Herz &amp; Heim\u00ae LED Kerze als Trauerkerze zur Erinnerung mit Namen und Daten In Gedenken an - Markt-XXL<\/title>\n<meta name=\"description\" content=\"Markt-XXL Herz &amp; Heim\u00ae LED Kerze als Trauerkerze zur Erinnerung mit Namen und Daten In Gedenken an\" \/>\n<meta name=\"robots\" content=\"index, follow, max-snippet:-1, max-image-preview:large, max-video-preview:-1\" \/>\n<link rel=\"canonical\" href=\"https:\/\/marktxxl.de\/markt\/produkt\/private-grief-led-kerze-als-trauerkerze-zur-erinnerung-mit-namen-und-daten\/\" \/>\n<meta property=\"og:locale\" content=\"de_DE\" \/>\n<meta property=\"og:type\" content=\"article\" \/>\n<meta property=\"og:title\" content=\"Herz &amp; Heim\u00ae LED Kerze als Trauerkerze zur Erinnerung mit Namen und Daten In Gedenken an - Markt-XXL\" \/>\n<meta property=\"og:description\" content=\"Markt-XXL Herz &amp; Heim\u00ae LED Kerze als Trauerkerze zur Erinnerung mit Namen und Daten In Gedenken an\" \/>\n<meta property=\"og:url\" content=\"https:\/\/marktxxl.de\/markt\/produkt\/private-grief-led-kerze-als-trauerkerze-zur-erinnerung-mit-namen-und-daten\/\" \/>\n<meta property=\"og:site_name\" content=\"Markt-XXL\" \/>\n<meta property=\"article:modified_time\" content=\"2023-04-11T02:14:08+00:00\" \/>\n<meta property=\"og:image\" content=\"https:\/\/m.media-amazon.com\/images\/I\/31JU-hiU0gL._SL500_.jpg\" \/>\n\t<meta property=\"og:image:width\" content=\"500\" \/>\n\t<meta property=\"og:image:height\" content=\"500\" \/>\n\t<meta property=\"og:image:type\" content=\"image\/jpeg\" \/>\n<meta name=\"twitter:card\" content=\"summary_large_image\" \/>\n<meta name=\"twitter:label1\" content=\"Gesch\u00e4tzte Lesezeit\" \/>\n\t<meta name=\"twitter:data1\" content=\"1\u00a0Minute\" \/>\n<script type=\"application\/ld+json\" class=\"yoast-schema-graph\">{\"@context\":\"https:\\\/\\\/schema.org\",\"@graph\":[{\"@type\":\"WebPage\",\"@id\":\"https:\\\/\\\/marktxxl.de\\\/markt\\\/produkt\\\/private-grief-led-kerze-als-trauerkerze-zur-erinnerung-mit-namen-und-daten\\\/\",\"url\":\"https:\\\/\\\/marktxxl.de\\\/markt\\\/produkt\\\/private-grief-led-kerze-als-trauerkerze-zur-erinnerung-mit-namen-und-daten\\\/\",\"name\":\"Herz &amp; Heim\u00ae LED Kerze als Trauerkerze zur Erinnerung mit Namen und Daten In Gedenken an - Markt-XXL\",\"isPartOf\":{\"@id\":\"https:\\\/\\\/marktxxl.de\\\/markt\\\/#website\"},\"primaryImageOfPage\":{\"@id\":\"https:\\\/\\\/marktxxl.de\\\/markt\\\/produkt\\\/private-grief-led-kerze-als-trauerkerze-zur-erinnerung-mit-namen-und-daten\\\/#primaryimage\"},\"image\":{\"@id\":\"https:\\\/\\\/marktxxl.de\\\/markt\\\/produkt\\\/private-grief-led-kerze-als-trauerkerze-zur-erinnerung-mit-namen-und-daten\\\/#primaryimage\"},\"thumbnailUrl\":\"https:\\\/\\\/m.media-amazon.com\\\/images\\\/I\\\/31JU-hiU0gL._SL500_.jpg\",\"datePublished\":\"2022-07-14T02:02:01+00:00\",\"dateModified\":\"2023-04-11T02:14:08+00:00\",\"description\":\"Markt-XXL Herz &amp; Heim\u00ae LED Kerze als Trauerkerze zur Erinnerung mit Namen und Daten In Gedenken an\",\"breadcrumb\":{\"@id\":\"https:\\\/\\\/marktxxl.de\\\/markt\\\/produkt\\\/private-grief-led-kerze-als-trauerkerze-zur-erinnerung-mit-namen-und-daten\\\/#breadcrumb\"},\"inLanguage\":\"de\",\"potentialAction\":[{\"@type\":\"ReadAction\",\"target\":[\"https:\\\/\\\/marktxxl.de\\\/markt\\\/produkt\\\/private-grief-led-kerze-als-trauerkerze-zur-erinnerung-mit-namen-und-daten\\\/\"]}]},{\"@type\":\"ImageObject\",\"inLanguage\":\"de\",\"@id\":\"https:\\\/\\\/marktxxl.de\\\/markt\\\/produkt\\\/private-grief-led-kerze-als-trauerkerze-zur-erinnerung-mit-namen-und-daten\\\/#primaryimage\",\"url\":\"https:\\\/\\\/m.media-amazon.com\\\/images\\\/I\\\/31JU-hiU0gL._SL500_.jpg\",\"contentUrl\":\"https:\\\/\\\/m.media-amazon.com\\\/images\\\/I\\\/31JU-hiU0gL._SL500_.jpg\",\"width\":500,\"height\":500},{\"@type\":\"BreadcrumbList\",\"@id\":\"https:\\\/\\\/marktxxl.de\\\/markt\\\/produkt\\\/private-grief-led-kerze-als-trauerkerze-zur-erinnerung-mit-namen-und-daten\\\/#breadcrumb\",\"itemListElement\":[{\"@type\":\"ListItem\",\"position\":1,\"name\":\"Startseite\",\"item\":\"https:\\\/\\\/marktxxl.de\\\/markt\\\/\"},{\"@type\":\"ListItem\",\"position\":2,\"name\":\"Markt\",\"item\":\"https:\\\/\\\/marktxxl.de\\\/markt\\\/\"},{\"@type\":\"ListItem\",\"position\":3,\"name\":\"Herz &amp; Heim\u00ae LED Kerze als Trauerkerze zur Erinnerung mit Namen und Daten In Gedenken an\"}]},{\"@type\":\"WebSite\",\"@id\":\"https:\\\/\\\/marktxxl.de\\\/markt\\\/#website\",\"url\":\"https:\\\/\\\/marktxxl.de\\\/markt\\\/\",\"name\":\"Markt-XXL\",\"description\":\"Ihr Markt Online\",\"publisher\":{\"@id\":\"https:\\\/\\\/marktxxl.de\\\/markt\\\/#organization\"},\"potentialAction\":[{\"@type\":\"SearchAction\",\"target\":{\"@type\":\"EntryPoint\",\"urlTemplate\":\"https:\\\/\\\/marktxxl.de\\\/markt\\\/?s={search_term_string}\"},\"query-input\":{\"@type\":\"PropertyValueSpecification\",\"valueRequired\":true,\"valueName\":\"search_term_string\"}}],\"inLanguage\":\"de\"},{\"@type\":\"Organization\",\"@id\":\"https:\\\/\\\/marktxxl.de\\\/markt\\\/#organization\",\"name\":\"Markt-XXL\",\"url\":\"https:\\\/\\\/marktxxl.de\\\/markt\\\/\",\"logo\":{\"@type\":\"ImageObject\",\"inLanguage\":\"de\",\"@id\":\"https:\\\/\\\/marktxxl.de\\\/markt\\\/#\\\/schema\\\/logo\\\/image\\\/\",\"url\":\"https:\\\/\\\/marktxxl.de\\\/markt\\\/wp-content\\\/uploads\\\/sites\\\/3\\\/2020\\\/12\\\/logo.png\",\"contentUrl\":\"https:\\\/\\\/marktxxl.de\\\/markt\\\/wp-content\\\/uploads\\\/sites\\\/3\\\/2020\\\/12\\\/logo.png\",\"width\":200,\"height\":70,\"caption\":\"Markt-XXL\"},\"image\":{\"@id\":\"https:\\\/\\\/marktxxl.de\\\/markt\\\/#\\\/schema\\\/logo\\\/image\\\/\"}}]}<\/script>\n<!-- \/ Yoast SEO plugin. -->","yoast_head_json":{"title":"Herz &amp; Heim\u00ae LED Kerze als Trauerkerze zur Erinnerung mit Namen und Daten In Gedenken an - Markt-XXL","description":"Markt-XXL Herz &amp; Heim\u00ae LED Kerze als Trauerkerze zur Erinnerung mit Namen und Daten In Gedenken an","robots":{"index":"index","follow":"follow","max-snippet":"max-snippet:-1","max-image-preview":"max-image-preview:large","max-video-preview":"max-video-preview:-1"},"canonical":"https:\/\/marktxxl.de\/markt\/produkt\/private-grief-led-kerze-als-trauerkerze-zur-erinnerung-mit-namen-und-daten\/","og_locale":"de_DE","og_type":"article","og_title":"Herz &amp; Heim\u00ae LED Kerze als Trauerkerze zur Erinnerung mit Namen und Daten In Gedenken an - Markt-XXL","og_description":"Markt-XXL Herz &amp; Heim\u00ae LED Kerze als Trauerkerze zur Erinnerung mit Namen und Daten In Gedenken an","og_url":"https:\/\/marktxxl.de\/markt\/produkt\/private-grief-led-kerze-als-trauerkerze-zur-erinnerung-mit-namen-und-daten\/","og_site_name":"Markt-XXL","article_modified_time":"2023-04-11T02:14:08+00:00","og_image":[{"width":500,"height":500,"url":"https:\/\/m.media-amazon.com\/images\/I\/31JU-hiU0gL._SL500_.jpg","type":"image\/jpeg"}],"twitter_card":"summary_large_image","twitter_misc":{"Gesch\u00e4tzte Lesezeit":"1\u00a0Minute"},"schema":{"@context":"https:\/\/schema.org","@graph":[{"@type":"WebPage","@id":"https:\/\/marktxxl.de\/markt\/produkt\/private-grief-led-kerze-als-trauerkerze-zur-erinnerung-mit-namen-und-daten\/","url":"https:\/\/marktxxl.de\/markt\/produkt\/private-grief-led-kerze-als-trauerkerze-zur-erinnerung-mit-namen-und-daten\/","name":"Herz &amp; Heim\u00ae LED Kerze als Trauerkerze zur Erinnerung mit Namen und Daten In Gedenken an - Markt-XXL","isPartOf":{"@id":"https:\/\/marktxxl.de\/markt\/#website"},"primaryImageOfPage":{"@id":"https:\/\/marktxxl.de\/markt\/produkt\/private-grief-led-kerze-als-trauerkerze-zur-erinnerung-mit-namen-und-daten\/#primaryimage"},"image":{"@id":"https:\/\/marktxxl.de\/markt\/produkt\/private-grief-led-kerze-als-trauerkerze-zur-erinnerung-mit-namen-und-daten\/#primaryimage"},"thumbnailUrl":"https:\/\/m.media-amazon.com\/images\/I\/31JU-hiU0gL._SL500_.jpg","datePublished":"2022-07-14T02:02:01+00:00","dateModified":"2023-04-11T02:14:08+00:00","description":"Markt-XXL Herz &amp; Heim\u00ae LED Kerze als Trauerkerze zur Erinnerung mit Namen und Daten In Gedenken an","breadcrumb":{"@id":"https:\/\/marktxxl.de\/markt\/produkt\/private-grief-led-kerze-als-trauerkerze-zur-erinnerung-mit-namen-und-daten\/#breadcrumb"},"inLanguage":"de","potentialAction":[{"@type":"ReadAction","target":["https:\/\/marktxxl.de\/markt\/produkt\/private-grief-led-kerze-als-trauerkerze-zur-erinnerung-mit-namen-und-daten\/"]}]},{"@type":"ImageObject","inLanguage":"de","@id":"https:\/\/marktxxl.de\/markt\/produkt\/private-grief-led-kerze-als-trauerkerze-zur-erinnerung-mit-namen-und-daten\/#primaryimage","url":"https:\/\/m.media-amazon.com\/images\/I\/31JU-hiU0gL._SL500_.jpg","contentUrl":"https:\/\/m.media-amazon.com\/images\/I\/31JU-hiU0gL._SL500_.jpg","width":500,"height":500},{"@type":"BreadcrumbList","@id":"https:\/\/marktxxl.de\/markt\/produkt\/private-grief-led-kerze-als-trauerkerze-zur-erinnerung-mit-namen-und-daten\/#breadcrumb","itemListElement":[{"@type":"ListItem","position":1,"name":"Startseite","item":"https:\/\/marktxxl.de\/markt\/"},{"@type":"ListItem","position":2,"name":"Markt","item":"https:\/\/marktxxl.de\/markt\/"},{"@type":"ListItem","position":3,"name":"Herz &amp; Heim\u00ae LED Kerze als Trauerkerze zur Erinnerung mit Namen und Daten In Gedenken an"}]},{"@type":"WebSite","@id":"https:\/\/marktxxl.de\/markt\/#website","url":"https:\/\/marktxxl.de\/markt\/","name":"Markt-XXL","description":"Ihr Markt Online","publisher":{"@id":"https:\/\/marktxxl.de\/markt\/#organization"},"potentialAction":[{"@type":"SearchAction","target":{"@type":"EntryPoint","urlTemplate":"https:\/\/marktxxl.de\/markt\/?s={search_term_string}"},"query-input":{"@type":"PropertyValueSpecification","valueRequired":true,"valueName":"search_term_string"}}],"inLanguage":"de"},{"@type":"Organization","@id":"https:\/\/marktxxl.de\/markt\/#organization","name":"Markt-XXL","url":"https:\/\/marktxxl.de\/markt\/","logo":{"@type":"ImageObject","inLanguage":"de","@id":"https:\/\/marktxxl.de\/markt\/#\/schema\/logo\/image\/","url":"https:\/\/marktxxl.de\/markt\/wp-content\/uploads\/sites\/3\/2020\/12\/logo.png","contentUrl":"https:\/\/marktxxl.de\/markt\/wp-content\/uploads\/sites\/3\/2020\/12\/logo.png","width":200,"height":70,"caption":"Markt-XXL"},"image":{"@id":"https:\/\/marktxxl.de\/markt\/#\/schema\/logo\/image\/"}}]}},"_links":{"self":[{"href":"https:\/\/marktxxl.de\/markt\/wp-json\/wp\/v2\/product\/137868","targetHints":{"allow":["GET"]}}],"collection":[{"href":"https:\/\/marktxxl.de\/markt\/wp-json\/wp\/v2\/product"}],"about":[{"href":"https:\/\/marktxxl.de\/markt\/wp-json\/wp\/v2\/types\/product"}],"replies":[{"embeddable":true,"href":"https:\/\/marktxxl.de\/markt\/wp-json\/wp\/v2\/comments?post=137868"}],"wp:featuredmedia":[{"embeddable":true,"href":"https:\/\/marktxxl.de\/markt\/wp-json\/wp\/v2\/media\/137869"}],"wp:attachment":[{"href":"https:\/\/marktxxl.de\/markt\/wp-json\/wp\/v2\/media?parent=137868"}],"wp:term":[{"taxonomy":"product_brand","embeddable":true,"href":"https:\/\/marktxxl.de\/markt\/wp-json\/wp\/v2\/product_brand?post=137868"},{"taxonomy":"product_cat","embeddable":true,"href":"https:\/\/marktxxl.de\/markt\/wp-json\/wp\/v2\/product_cat?post=137868"},{"taxonomy":"product_tag","embeddable":true,"href":"https:\/\/marktxxl.de\/markt\/wp-json\/wp\/v2\/product_tag?post=137868"}],"curies":[{"name":"wp","href":"https:\/\/api.w.org\/{rel}","templated":true}]}}