{"id":137818,"date":"2022-07-14T04:01:09","date_gmt":"2022-07-14T02:01:09","guid":{"rendered":"https:\/\/marktxxl.de\/markt\/produkt\/yming-solar-laterne-2-stucksolarlaterne-fuer-aussensolarlaterne-wasserdichtsolarlampen-fuer-aussen-dekobalkonbeleuchtungled-laterne-fuer-gartendeko\/"},"modified":"2023-04-11T04:13:24","modified_gmt":"2023-04-11T02:13:24","slug":"yming-solar-laterne-2-stucksolarlaterne-fuer-aussensolarlaterne-wasserdichtsolarlampen-fuer-aussen-dekobalkonbeleuchtungled-laterne-fuer-gartendeko","status":"publish","type":"product","link":"https:\/\/marktxxl.de\/markt\/produkt\/yming-solar-laterne-2-stucksolarlaterne-fuer-aussensolarlaterne-wasserdichtsolarlampen-fuer-aussen-dekobalkonbeleuchtungled-laterne-fuer-gartendeko\/","title":{"rendered":"YMing Solar Laterne 2 Stuck,Solarlaterne F\u00fcr Au\u00dfen,Solarlaterne Wasserdicht,Solarlampen f\u00fcr Au\u00dfen Deko,Balkonbeleuchtung\u2026"},"content":{"rendered":"<p>\u3010Vintage Style\u3011: Die Solarlaterne ist aus Metall mit einem Retro- und eleganten Design. Gibt nachts einen Hauch von warmem Wei\u00df f\u00fcr ein lebendiges und elegantes Muster ab.<br \/>\n\u3010Solarbetrieben\u3011Es werden keine Kabel ben\u00f6tigt! Installieren Sie die Solar Laterne Aussen einfach an einem hellen und sonnigen Ort, und das Solarpanel wird die Sonnenenergie absorbieren, um den 600mAh Ni-MH-Akku aufzuladen, was energiesparend und umweltfreundlich ist.<br \/>\n\u3010Outdoor Laternen IP65 Wasserdicht\u3011: Unsere Solarlaterne f\u00fcr Au\u00dfen funktionieren perfekt bei Regen- und Schneewetter.Mehr als 60.000 Stunden Nutzungszeit. Hinweis: Eingebauter Lichtsensor, er leuchtet nachts automatisch auf oder wenn Sie die Oberseite abdecken.<br \/>\n\u3010Auto EIN\/AUS\u3011Das Licht schaltet sich bei D\u00e4mmerung automatisch ein und bei Tagesanbruch automatisch aus. Stellen Sie es einfach an einen sonnigen Ort, lassen Sie es ein paar Strahlen aufsaugen (ca. 8 Stunden) und aalen Sie sich bis zu 6-8 Stunden in warmem, weichem Licht (Hinweis: An der Lampenabdeckung befindet sich ein EIN\/AUS-Schalter, stellen Sie sicher, dass Sie es beim ersten Gebrauch einschalten)<br \/>\n\u3010Wasserdicht und rostfrei\u3011Diese aus hochwertigem Kunststoff und hochwertigem Metall gefertigten Solarleuchten sind wasserdicht (IP65), hitzebest\u00e4ndig und f\u00fcr jedes Wetter gewappnet. Besser noch, der Schalter ist im Inneren der Lampe angebracht, um einen zus\u00e4tzlichen wasserdichten Effekt zu erzielen. (Hinweis: Tauchen Sie die Leuchte nicht in Wasser ein)<br \/>\n<div class=\"main-cross-sell\" data-asin=\"B09VXRZ253\">\n\n\t<div class=\"WooZone-cross-sell-loader\">\n\t\t<div>\n\t\t\t<div id=\"floatingBarsG\">\n\t\t\t\t<div class=\"blockG\" id=\"rotateG_01\"><\/div>\n\t\t\t\t<div class=\"blockG\" id=\"rotateG_02\"><\/div>\n\t\t\t\t<div class=\"blockG\" id=\"rotateG_03\"><\/div>\n\t\t\t\t<div class=\"blockG\" id=\"rotateG_04\"><\/div>\n\t\t\t\t<div class=\"blockG\" id=\"rotateG_05\"><\/div>\n\t\t\t\t<div class=\"blockG\" id=\"rotateG_06\"><\/div>\n\t\t\t\t<div class=\"blockG\" id=\"rotateG_07\"><\/div>\n\t\t\t\t<div class=\"blockG\" id=\"rotateG_08\"><\/div>\n\t\t\t<\/div>\n\t\t\t<div class=\"WooZone-cross-sell-loader-text\"><\/div>\n\t\t<\/div>\n\t<\/div>\n\n\t\t\n<\/div>\n<div style=\"clear:both;\"><\/div><\/p>\n","protected":false},"excerpt":{"rendered":"<p>\u3010Vintage Style\u3011: Die Solarlaterne ist aus Metall mit einem Retro- und eleganten Design. Gibt nachts einen Hauch von warmem Wei\u00df f\u00fcr ein lebendiges und elegantes Muster ab.<br \/>\n\u3010Solarbetrieben\u3011Es werden keine Kabel ben\u00f6tigt! Installieren Sie die Solar Laterne Aussen einfach an einem hellen und sonnigen Ort, und das Solarpanel wird die Sonnenenergie absorbieren, um den 600mAh Ni-MH-Akku aufzuladen, was energiesparend und umweltfreundlich ist.<br \/>\n\u3010Outdoor Laternen IP65 Wasserdicht\u3011: Unsere Solarlaterne f\u00fcr Au\u00dfen funktionieren perfekt bei Regen- und Schneewetter.Mehr als 60.000 Stunden Nutzungszeit. Hinweis: Eingebauter Lichtsensor, er leuchtet nachts automatisch auf oder wenn Sie die Oberseite abdecken.<\/p>\n","protected":false},"featured_media":137819,"comment_status":"open","ping_status":"closed","template":"","meta":[],"product_brand":[],"product_cat":[11446,2108],"product_tag":[],"class_list":{"0":"post-137818","1":"product","2":"type-product","3":"status-publish","4":"has-post-thumbnail","6":"product_cat-aussenbeleuchtung","7":"product_cat-beleuchtung","8":"pa_brand-yming","9":"pa_color-waerme","10":"pa_manufacturer-yming","12":"first","13":"instock","14":"shipping-taxable","15":"purchasable","16":"product-type-simple","17":"customify-col","18":"product-has-gallery"},"yoast_head":"<!-- This site is optimized with the Yoast SEO plugin v27.4 - https:\/\/yoast.com\/product\/yoast-seo-wordpress\/ -->\n<title>YMing Solar Laterne 2 Stuck,Solarlaterne F\u00fcr Au\u00dfen,Solarlaterne Wasserdicht,Solarlampen f\u00fcr Au\u00dfen Deko,Balkonbeleuchtung\u2026 - Markt-XXL<\/title>\n<meta name=\"description\" content=\"Markt-XXL YMing Solar Laterne 2 Stuck,Solarlaterne F\u00fcr Au\u00dfen,Solarlaterne Wasserdicht,Solarlampen f\u00fcr Au\u00dfen Deko,Balkonbeleuchtung\u2026\" \/>\n<meta name=\"robots\" content=\"index, follow, max-snippet:-1, max-image-preview:large, max-video-preview:-1\" \/>\n<link rel=\"canonical\" href=\"https:\/\/marktxxl.de\/markt\/produkt\/yming-solar-laterne-2-stucksolarlaterne-fuer-aussensolarlaterne-wasserdichtsolarlampen-fuer-aussen-dekobalkonbeleuchtungled-laterne-fuer-gartendeko\/\" \/>\n<meta property=\"og:locale\" content=\"de_DE\" \/>\n<meta property=\"og:type\" content=\"article\" \/>\n<meta property=\"og:title\" content=\"YMing Solar Laterne 2 Stuck,Solarlaterne F\u00fcr Au\u00dfen,Solarlaterne Wasserdicht,Solarlampen f\u00fcr Au\u00dfen Deko,Balkonbeleuchtung\u2026 - Markt-XXL\" \/>\n<meta property=\"og:description\" content=\"Markt-XXL YMing Solar Laterne 2 Stuck,Solarlaterne F\u00fcr Au\u00dfen,Solarlaterne Wasserdicht,Solarlampen f\u00fcr Au\u00dfen Deko,Balkonbeleuchtung\u2026\" \/>\n<meta property=\"og:url\" content=\"https:\/\/marktxxl.de\/markt\/produkt\/yming-solar-laterne-2-stucksolarlaterne-fuer-aussensolarlaterne-wasserdichtsolarlampen-fuer-aussen-dekobalkonbeleuchtungled-laterne-fuer-gartendeko\/\" \/>\n<meta property=\"og:site_name\" content=\"Markt-XXL\" \/>\n<meta property=\"article:modified_time\" content=\"2023-04-11T02:13:24+00:00\" \/>\n<meta property=\"og:image\" content=\"https:\/\/m.media-amazon.com\/images\/I\/6151eYT96vL._SL500_.jpg\" \/>\n\t<meta property=\"og:image:width\" content=\"500\" \/>\n\t<meta property=\"og:image:height\" content=\"500\" \/>\n\t<meta property=\"og:image:type\" content=\"image\/jpeg\" \/>\n<meta name=\"twitter:card\" content=\"summary_large_image\" \/>\n<meta name=\"twitter:label1\" content=\"Gesch\u00e4tzte Lesezeit\" \/>\n\t<meta name=\"twitter:data1\" content=\"1\u00a0Minute\" \/>\n<script type=\"application\/ld+json\" class=\"yoast-schema-graph\">{\"@context\":\"https:\\\/\\\/schema.org\",\"@graph\":[{\"@type\":\"WebPage\",\"@id\":\"https:\\\/\\\/marktxxl.de\\\/markt\\\/produkt\\\/yming-solar-laterne-2-stucksolarlaterne-fuer-aussensolarlaterne-wasserdichtsolarlampen-fuer-aussen-dekobalkonbeleuchtungled-laterne-fuer-gartendeko\\\/\",\"url\":\"https:\\\/\\\/marktxxl.de\\\/markt\\\/produkt\\\/yming-solar-laterne-2-stucksolarlaterne-fuer-aussensolarlaterne-wasserdichtsolarlampen-fuer-aussen-dekobalkonbeleuchtungled-laterne-fuer-gartendeko\\\/\",\"name\":\"YMing Solar Laterne 2 Stuck,Solarlaterne F\u00fcr Au\u00dfen,Solarlaterne Wasserdicht,Solarlampen f\u00fcr Au\u00dfen Deko,Balkonbeleuchtung\u2026 - Markt-XXL\",\"isPartOf\":{\"@id\":\"https:\\\/\\\/marktxxl.de\\\/markt\\\/#website\"},\"primaryImageOfPage\":{\"@id\":\"https:\\\/\\\/marktxxl.de\\\/markt\\\/produkt\\\/yming-solar-laterne-2-stucksolarlaterne-fuer-aussensolarlaterne-wasserdichtsolarlampen-fuer-aussen-dekobalkonbeleuchtungled-laterne-fuer-gartendeko\\\/#primaryimage\"},\"image\":{\"@id\":\"https:\\\/\\\/marktxxl.de\\\/markt\\\/produkt\\\/yming-solar-laterne-2-stucksolarlaterne-fuer-aussensolarlaterne-wasserdichtsolarlampen-fuer-aussen-dekobalkonbeleuchtungled-laterne-fuer-gartendeko\\\/#primaryimage\"},\"thumbnailUrl\":\"https:\\\/\\\/m.media-amazon.com\\\/images\\\/I\\\/6151eYT96vL._SL500_.jpg\",\"datePublished\":\"2022-07-14T02:01:09+00:00\",\"dateModified\":\"2023-04-11T02:13:24+00:00\",\"description\":\"Markt-XXL YMing Solar Laterne 2 Stuck,Solarlaterne F\u00fcr Au\u00dfen,Solarlaterne Wasserdicht,Solarlampen f\u00fcr Au\u00dfen Deko,Balkonbeleuchtung\u2026\",\"breadcrumb\":{\"@id\":\"https:\\\/\\\/marktxxl.de\\\/markt\\\/produkt\\\/yming-solar-laterne-2-stucksolarlaterne-fuer-aussensolarlaterne-wasserdichtsolarlampen-fuer-aussen-dekobalkonbeleuchtungled-laterne-fuer-gartendeko\\\/#breadcrumb\"},\"inLanguage\":\"de\",\"potentialAction\":[{\"@type\":\"ReadAction\",\"target\":[\"https:\\\/\\\/marktxxl.de\\\/markt\\\/produkt\\\/yming-solar-laterne-2-stucksolarlaterne-fuer-aussensolarlaterne-wasserdichtsolarlampen-fuer-aussen-dekobalkonbeleuchtungled-laterne-fuer-gartendeko\\\/\"]}]},{\"@type\":\"ImageObject\",\"inLanguage\":\"de\",\"@id\":\"https:\\\/\\\/marktxxl.de\\\/markt\\\/produkt\\\/yming-solar-laterne-2-stucksolarlaterne-fuer-aussensolarlaterne-wasserdichtsolarlampen-fuer-aussen-dekobalkonbeleuchtungled-laterne-fuer-gartendeko\\\/#primaryimage\",\"url\":\"https:\\\/\\\/m.media-amazon.com\\\/images\\\/I\\\/6151eYT96vL._SL500_.jpg\",\"contentUrl\":\"https:\\\/\\\/m.media-amazon.com\\\/images\\\/I\\\/6151eYT96vL._SL500_.jpg\",\"width\":500,\"height\":500},{\"@type\":\"BreadcrumbList\",\"@id\":\"https:\\\/\\\/marktxxl.de\\\/markt\\\/produkt\\\/yming-solar-laterne-2-stucksolarlaterne-fuer-aussensolarlaterne-wasserdichtsolarlampen-fuer-aussen-dekobalkonbeleuchtungled-laterne-fuer-gartendeko\\\/#breadcrumb\",\"itemListElement\":[{\"@type\":\"ListItem\",\"position\":1,\"name\":\"Startseite\",\"item\":\"https:\\\/\\\/marktxxl.de\\\/markt\\\/\"},{\"@type\":\"ListItem\",\"position\":2,\"name\":\"Markt\",\"item\":\"https:\\\/\\\/marktxxl.de\\\/markt\\\/\"},{\"@type\":\"ListItem\",\"position\":3,\"name\":\"YMing Solar Laterne 2 Stuck,Solarlaterne F\u00fcr Au\u00dfen,Solarlaterne Wasserdicht,Solarlampen f\u00fcr Au\u00dfen Deko,Balkonbeleuchtung\u2026\"}]},{\"@type\":\"WebSite\",\"@id\":\"https:\\\/\\\/marktxxl.de\\\/markt\\\/#website\",\"url\":\"https:\\\/\\\/marktxxl.de\\\/markt\\\/\",\"name\":\"Markt-XXL\",\"description\":\"Ihr Markt Online\",\"publisher\":{\"@id\":\"https:\\\/\\\/marktxxl.de\\\/markt\\\/#organization\"},\"potentialAction\":[{\"@type\":\"SearchAction\",\"target\":{\"@type\":\"EntryPoint\",\"urlTemplate\":\"https:\\\/\\\/marktxxl.de\\\/markt\\\/?s={search_term_string}\"},\"query-input\":{\"@type\":\"PropertyValueSpecification\",\"valueRequired\":true,\"valueName\":\"search_term_string\"}}],\"inLanguage\":\"de\"},{\"@type\":\"Organization\",\"@id\":\"https:\\\/\\\/marktxxl.de\\\/markt\\\/#organization\",\"name\":\"Markt-XXL\",\"url\":\"https:\\\/\\\/marktxxl.de\\\/markt\\\/\",\"logo\":{\"@type\":\"ImageObject\",\"inLanguage\":\"de\",\"@id\":\"https:\\\/\\\/marktxxl.de\\\/markt\\\/#\\\/schema\\\/logo\\\/image\\\/\",\"url\":\"https:\\\/\\\/marktxxl.de\\\/markt\\\/wp-content\\\/uploads\\\/sites\\\/3\\\/2020\\\/12\\\/logo.png\",\"contentUrl\":\"https:\\\/\\\/marktxxl.de\\\/markt\\\/wp-content\\\/uploads\\\/sites\\\/3\\\/2020\\\/12\\\/logo.png\",\"width\":200,\"height\":70,\"caption\":\"Markt-XXL\"},\"image\":{\"@id\":\"https:\\\/\\\/marktxxl.de\\\/markt\\\/#\\\/schema\\\/logo\\\/image\\\/\"}}]}<\/script>\n<!-- \/ Yoast SEO plugin. -->","yoast_head_json":{"title":"YMing Solar Laterne 2 Stuck,Solarlaterne F\u00fcr Au\u00dfen,Solarlaterne Wasserdicht,Solarlampen f\u00fcr Au\u00dfen Deko,Balkonbeleuchtung\u2026 - Markt-XXL","description":"Markt-XXL YMing Solar Laterne 2 Stuck,Solarlaterne F\u00fcr Au\u00dfen,Solarlaterne Wasserdicht,Solarlampen f\u00fcr Au\u00dfen Deko,Balkonbeleuchtung\u2026","robots":{"index":"index","follow":"follow","max-snippet":"max-snippet:-1","max-image-preview":"max-image-preview:large","max-video-preview":"max-video-preview:-1"},"canonical":"https:\/\/marktxxl.de\/markt\/produkt\/yming-solar-laterne-2-stucksolarlaterne-fuer-aussensolarlaterne-wasserdichtsolarlampen-fuer-aussen-dekobalkonbeleuchtungled-laterne-fuer-gartendeko\/","og_locale":"de_DE","og_type":"article","og_title":"YMing Solar Laterne 2 Stuck,Solarlaterne F\u00fcr Au\u00dfen,Solarlaterne Wasserdicht,Solarlampen f\u00fcr Au\u00dfen Deko,Balkonbeleuchtung\u2026 - Markt-XXL","og_description":"Markt-XXL YMing Solar Laterne 2 Stuck,Solarlaterne F\u00fcr Au\u00dfen,Solarlaterne Wasserdicht,Solarlampen f\u00fcr Au\u00dfen Deko,Balkonbeleuchtung\u2026","og_url":"https:\/\/marktxxl.de\/markt\/produkt\/yming-solar-laterne-2-stucksolarlaterne-fuer-aussensolarlaterne-wasserdichtsolarlampen-fuer-aussen-dekobalkonbeleuchtungled-laterne-fuer-gartendeko\/","og_site_name":"Markt-XXL","article_modified_time":"2023-04-11T02:13:24+00:00","og_image":[{"width":500,"height":500,"url":"https:\/\/m.media-amazon.com\/images\/I\/6151eYT96vL._SL500_.jpg","type":"image\/jpeg"}],"twitter_card":"summary_large_image","twitter_misc":{"Gesch\u00e4tzte Lesezeit":"1\u00a0Minute"},"schema":{"@context":"https:\/\/schema.org","@graph":[{"@type":"WebPage","@id":"https:\/\/marktxxl.de\/markt\/produkt\/yming-solar-laterne-2-stucksolarlaterne-fuer-aussensolarlaterne-wasserdichtsolarlampen-fuer-aussen-dekobalkonbeleuchtungled-laterne-fuer-gartendeko\/","url":"https:\/\/marktxxl.de\/markt\/produkt\/yming-solar-laterne-2-stucksolarlaterne-fuer-aussensolarlaterne-wasserdichtsolarlampen-fuer-aussen-dekobalkonbeleuchtungled-laterne-fuer-gartendeko\/","name":"YMing Solar Laterne 2 Stuck,Solarlaterne F\u00fcr Au\u00dfen,Solarlaterne Wasserdicht,Solarlampen f\u00fcr Au\u00dfen Deko,Balkonbeleuchtung\u2026 - Markt-XXL","isPartOf":{"@id":"https:\/\/marktxxl.de\/markt\/#website"},"primaryImageOfPage":{"@id":"https:\/\/marktxxl.de\/markt\/produkt\/yming-solar-laterne-2-stucksolarlaterne-fuer-aussensolarlaterne-wasserdichtsolarlampen-fuer-aussen-dekobalkonbeleuchtungled-laterne-fuer-gartendeko\/#primaryimage"},"image":{"@id":"https:\/\/marktxxl.de\/markt\/produkt\/yming-solar-laterne-2-stucksolarlaterne-fuer-aussensolarlaterne-wasserdichtsolarlampen-fuer-aussen-dekobalkonbeleuchtungled-laterne-fuer-gartendeko\/#primaryimage"},"thumbnailUrl":"https:\/\/m.media-amazon.com\/images\/I\/6151eYT96vL._SL500_.jpg","datePublished":"2022-07-14T02:01:09+00:00","dateModified":"2023-04-11T02:13:24+00:00","description":"Markt-XXL YMing Solar Laterne 2 Stuck,Solarlaterne F\u00fcr Au\u00dfen,Solarlaterne Wasserdicht,Solarlampen f\u00fcr Au\u00dfen Deko,Balkonbeleuchtung\u2026","breadcrumb":{"@id":"https:\/\/marktxxl.de\/markt\/produkt\/yming-solar-laterne-2-stucksolarlaterne-fuer-aussensolarlaterne-wasserdichtsolarlampen-fuer-aussen-dekobalkonbeleuchtungled-laterne-fuer-gartendeko\/#breadcrumb"},"inLanguage":"de","potentialAction":[{"@type":"ReadAction","target":["https:\/\/marktxxl.de\/markt\/produkt\/yming-solar-laterne-2-stucksolarlaterne-fuer-aussensolarlaterne-wasserdichtsolarlampen-fuer-aussen-dekobalkonbeleuchtungled-laterne-fuer-gartendeko\/"]}]},{"@type":"ImageObject","inLanguage":"de","@id":"https:\/\/marktxxl.de\/markt\/produkt\/yming-solar-laterne-2-stucksolarlaterne-fuer-aussensolarlaterne-wasserdichtsolarlampen-fuer-aussen-dekobalkonbeleuchtungled-laterne-fuer-gartendeko\/#primaryimage","url":"https:\/\/m.media-amazon.com\/images\/I\/6151eYT96vL._SL500_.jpg","contentUrl":"https:\/\/m.media-amazon.com\/images\/I\/6151eYT96vL._SL500_.jpg","width":500,"height":500},{"@type":"BreadcrumbList","@id":"https:\/\/marktxxl.de\/markt\/produkt\/yming-solar-laterne-2-stucksolarlaterne-fuer-aussensolarlaterne-wasserdichtsolarlampen-fuer-aussen-dekobalkonbeleuchtungled-laterne-fuer-gartendeko\/#breadcrumb","itemListElement":[{"@type":"ListItem","position":1,"name":"Startseite","item":"https:\/\/marktxxl.de\/markt\/"},{"@type":"ListItem","position":2,"name":"Markt","item":"https:\/\/marktxxl.de\/markt\/"},{"@type":"ListItem","position":3,"name":"YMing Solar Laterne 2 Stuck,Solarlaterne F\u00fcr Au\u00dfen,Solarlaterne Wasserdicht,Solarlampen f\u00fcr Au\u00dfen Deko,Balkonbeleuchtung\u2026"}]},{"@type":"WebSite","@id":"https:\/\/marktxxl.de\/markt\/#website","url":"https:\/\/marktxxl.de\/markt\/","name":"Markt-XXL","description":"Ihr Markt Online","publisher":{"@id":"https:\/\/marktxxl.de\/markt\/#organization"},"potentialAction":[{"@type":"SearchAction","target":{"@type":"EntryPoint","urlTemplate":"https:\/\/marktxxl.de\/markt\/?s={search_term_string}"},"query-input":{"@type":"PropertyValueSpecification","valueRequired":true,"valueName":"search_term_string"}}],"inLanguage":"de"},{"@type":"Organization","@id":"https:\/\/marktxxl.de\/markt\/#organization","name":"Markt-XXL","url":"https:\/\/marktxxl.de\/markt\/","logo":{"@type":"ImageObject","inLanguage":"de","@id":"https:\/\/marktxxl.de\/markt\/#\/schema\/logo\/image\/","url":"https:\/\/marktxxl.de\/markt\/wp-content\/uploads\/sites\/3\/2020\/12\/logo.png","contentUrl":"https:\/\/marktxxl.de\/markt\/wp-content\/uploads\/sites\/3\/2020\/12\/logo.png","width":200,"height":70,"caption":"Markt-XXL"},"image":{"@id":"https:\/\/marktxxl.de\/markt\/#\/schema\/logo\/image\/"}}]}},"_links":{"self":[{"href":"https:\/\/marktxxl.de\/markt\/wp-json\/wp\/v2\/product\/137818","targetHints":{"allow":["GET"]}}],"collection":[{"href":"https:\/\/marktxxl.de\/markt\/wp-json\/wp\/v2\/product"}],"about":[{"href":"https:\/\/marktxxl.de\/markt\/wp-json\/wp\/v2\/types\/product"}],"replies":[{"embeddable":true,"href":"https:\/\/marktxxl.de\/markt\/wp-json\/wp\/v2\/comments?post=137818"}],"wp:featuredmedia":[{"embeddable":true,"href":"https:\/\/marktxxl.de\/markt\/wp-json\/wp\/v2\/media\/137819"}],"wp:attachment":[{"href":"https:\/\/marktxxl.de\/markt\/wp-json\/wp\/v2\/media?parent=137818"}],"wp:term":[{"taxonomy":"product_brand","embeddable":true,"href":"https:\/\/marktxxl.de\/markt\/wp-json\/wp\/v2\/product_brand?post=137818"},{"taxonomy":"product_cat","embeddable":true,"href":"https:\/\/marktxxl.de\/markt\/wp-json\/wp\/v2\/product_cat?post=137818"},{"taxonomy":"product_tag","embeddable":true,"href":"https:\/\/marktxxl.de\/markt\/wp-json\/wp\/v2\/product_tag?post=137818"}],"curies":[{"name":"wp","href":"https:\/\/api.w.org\/{rel}","templated":true}]}}