{"id":137735,"date":"2022-07-14T03:56:22","date_gmt":"2022-07-14T01:56:22","guid":{"rendered":"https:\/\/marktxxl.de\/markt\/produkt\/20-stueck-gummi-gepolsterte-isolierte-klemmen-edelstahl-kabelschellen-rohr-drahtschnur-installationsschelle\/"},"modified":"2023-04-11T04:13:22","modified_gmt":"2023-04-11T02:13:22","slug":"20-stueck-gummi-gepolsterte-isolierte-klemmen-edelstahl-kabelschellen-rohr-drahtschnur-installationsschelle","status":"publish","type":"product","link":"https:\/\/marktxxl.de\/markt\/produkt\/20-stueck-gummi-gepolsterte-isolierte-klemmen-edelstahl-kabelschellen-rohr-drahtschnur-installationsschelle\/","title":{"rendered":"20 St\u00fcck 1\/2 Zoll Gummi gepolsterte isolierte Klemmen, Edelstahl-Kabelschellen, Metallklemme, Rohr-\/Drahtschnur\u2026"},"content":{"rendered":"<p>Hohe Qualit\u00e4t &#8211; 304 Edelstahl-Kabelklemmen mit Gummipolsterung. Salzbest\u00e4ndig, rostfrei, korrosionsbest\u00e4ndig, wasserdicht, \u00f6ldicht. Diese Eigenschaften machen die Klemmen sehr stabil und stark und k\u00f6nnen jahrelang bearbeitet werden. Die hochwertige Gummi-Isolierung der Klemmen h\u00e4lt einwandfrei. Es ist biegsam, was das Rohr gut sch\u00fctzt und die Klemme sicher an Ort und Stelle h\u00e4lt.<br \/>\nWeit verbreitet: Es ist perfekt f\u00fcr die Montage verschiedener Leitungen, genau wie das weiche Rohr, Stahlrohr, Aluminiumdraht. Es wird weit verbreitet in Boot\/Marine, Windschutzscheibe, Auto, UTV, Zuhause usw.<br \/>\nGr\u00f6\u00dfe: Kabelklemmen-Lochdurchmesser: 6,5 mm, passend f\u00fcr M6-Schraubbolzen (1\/4 Zoll).<br \/>\nUmweltfreundlich: Es kann wiederverwendet und recycelt werden, wenn Sie nicht wollen, dass sie dank des hochwertigen Materials an der urspr\u00fcnglichen Stelle bleiben.<br \/>\nBitte beachten Sie &#8211; die Gr\u00f6\u00dfe der Klemme bezeichnet das Innenma\u00df (ID) der Klemme.<br \/>\n<div class=\"main-cross-sell\" data-asin=\"B0774P2GXH\">\n\n\t<div class=\"WooZone-cross-sell-loader\">\n\t\t<div>\n\t\t\t<div id=\"floatingBarsG\">\n\t\t\t\t<div class=\"blockG\" id=\"rotateG_01\"><\/div>\n\t\t\t\t<div class=\"blockG\" id=\"rotateG_02\"><\/div>\n\t\t\t\t<div class=\"blockG\" id=\"rotateG_03\"><\/div>\n\t\t\t\t<div class=\"blockG\" id=\"rotateG_04\"><\/div>\n\t\t\t\t<div class=\"blockG\" id=\"rotateG_05\"><\/div>\n\t\t\t\t<div class=\"blockG\" id=\"rotateG_06\"><\/div>\n\t\t\t\t<div class=\"blockG\" id=\"rotateG_07\"><\/div>\n\t\t\t\t<div class=\"blockG\" id=\"rotateG_08\"><\/div>\n\t\t\t<\/div>\n\t\t\t<div class=\"WooZone-cross-sell-loader-text\"><\/div>\n\t\t<\/div>\n\t<\/div>\n\n\t\t\n<\/div>\n<div style=\"clear:both;\"><\/div><\/p>\n","protected":false},"excerpt":{"rendered":"<p>Hohe Qualit\u00e4t &#8211; 304 Edelstahl-Kabelklemmen mit Gummipolsterung. Salzbest\u00e4ndig, rostfrei, korrosionsbest\u00e4ndig, wasserdicht, \u00f6ldicht. Diese Eigenschaften machen die Klemmen sehr stabil und stark und k\u00f6nnen jahrelang bearbeitet werden. Die hochwertige Gummi-Isolierung der Klemmen h\u00e4lt einwandfrei. Es ist biegsam, was das Rohr gut sch\u00fctzt und die Klemme sicher an Ort und Stelle h\u00e4lt.<br \/>\nWeit verbreitet: Es ist perfekt f\u00fcr die Montage verschiedener Leitungen, genau wie das weiche Rohr, Stahlrohr, Aluminiumdraht. Es wird weit verbreitet in Boot\/Marine, Windschutzscheibe, Auto, UTV, Zuhause usw.<br \/>\nGr\u00f6\u00dfe: Kabelklemmen-Lochdurchmesser: 6,5 mm, passend f\u00fcr M6-Schraubbolzen (1\/4 Zoll).<\/p>\n","protected":false},"featured_media":137736,"comment_status":"open","ping_status":"closed","template":"","meta":[],"product_brand":[],"product_cat":[1983,11319],"product_tag":[],"class_list":{"0":"post-137735","1":"product","2":"type-product","3":"status-publish","4":"has-post-thumbnail","6":"product_cat-baumarkt","7":"product_cat-sanitaer","8":"pa_binding-misc","9":"pa_brand-seven-yj","10":"pa_height-1-zoll","11":"pa_length-1-2-zoll","12":"pa_manufacturer-seven-yj","13":"pa_model-ad13","14":"pa_weight-0-03-pounds","15":"pa_width-1-3-zoll","17":"first","18":"instock","19":"shipping-taxable","20":"purchasable","21":"product-type-simple","22":"customify-col","23":"product-has-gallery"},"yoast_head":"<!-- This site is optimized with the Yoast SEO plugin v27.4 - https:\/\/yoast.com\/product\/yoast-seo-wordpress\/ -->\n<title>20 St\u00fcck 1\/2 Zoll Gummi gepolsterte isolierte Klemmen, Edelstahl-Kabelschellen, Metallklemme, Rohr-\/Drahtschnur\u2026 - Markt-XXL<\/title>\n<meta name=\"description\" content=\"Markt-XXL 20 St\u00fcck 1\/2 Zoll Gummi gepolsterte isolierte Klemmen, Edelstahl-Kabelschellen, Metallklemme, Rohr-\/Drahtschnur\u2026\" \/>\n<meta name=\"robots\" content=\"index, follow, max-snippet:-1, max-image-preview:large, max-video-preview:-1\" \/>\n<link rel=\"canonical\" href=\"https:\/\/marktxxl.de\/markt\/produkt\/20-stueck-gummi-gepolsterte-isolierte-klemmen-edelstahl-kabelschellen-rohr-drahtschnur-installationsschelle\/\" \/>\n<meta property=\"og:locale\" content=\"de_DE\" \/>\n<meta property=\"og:type\" content=\"article\" \/>\n<meta property=\"og:title\" content=\"20 St\u00fcck 1\/2 Zoll Gummi gepolsterte isolierte Klemmen, Edelstahl-Kabelschellen, Metallklemme, Rohr-\/Drahtschnur\u2026 - Markt-XXL\" \/>\n<meta property=\"og:description\" content=\"Markt-XXL 20 St\u00fcck 1\/2 Zoll Gummi gepolsterte isolierte Klemmen, Edelstahl-Kabelschellen, Metallklemme, Rohr-\/Drahtschnur\u2026\" \/>\n<meta property=\"og:url\" content=\"https:\/\/marktxxl.de\/markt\/produkt\/20-stueck-gummi-gepolsterte-isolierte-klemmen-edelstahl-kabelschellen-rohr-drahtschnur-installationsschelle\/\" \/>\n<meta property=\"og:site_name\" content=\"Markt-XXL\" \/>\n<meta property=\"article:modified_time\" content=\"2023-04-11T02:13:22+00:00\" \/>\n<meta property=\"og:image\" content=\"https:\/\/m.media-amazon.com\/images\/I\/31lawEbscNS._SL500_.jpg\" \/>\n\t<meta property=\"og:image:width\" content=\"500\" \/>\n\t<meta property=\"og:image:height\" content=\"500\" \/>\n\t<meta property=\"og:image:type\" content=\"image\/jpeg\" \/>\n<meta name=\"twitter:card\" content=\"summary_large_image\" \/>\n<meta name=\"twitter:label1\" content=\"Gesch\u00e4tzte Lesezeit\" \/>\n\t<meta name=\"twitter:data1\" content=\"1\u00a0Minute\" \/>\n<script type=\"application\/ld+json\" class=\"yoast-schema-graph\">{\"@context\":\"https:\\\/\\\/schema.org\",\"@graph\":[{\"@type\":\"WebPage\",\"@id\":\"https:\\\/\\\/marktxxl.de\\\/markt\\\/produkt\\\/20-stueck-gummi-gepolsterte-isolierte-klemmen-edelstahl-kabelschellen-rohr-drahtschnur-installationsschelle\\\/\",\"url\":\"https:\\\/\\\/marktxxl.de\\\/markt\\\/produkt\\\/20-stueck-gummi-gepolsterte-isolierte-klemmen-edelstahl-kabelschellen-rohr-drahtschnur-installationsschelle\\\/\",\"name\":\"20 St\u00fcck 1\\\/2 Zoll Gummi gepolsterte isolierte Klemmen, Edelstahl-Kabelschellen, Metallklemme, Rohr-\\\/Drahtschnur\u2026 - Markt-XXL\",\"isPartOf\":{\"@id\":\"https:\\\/\\\/marktxxl.de\\\/markt\\\/#website\"},\"primaryImageOfPage\":{\"@id\":\"https:\\\/\\\/marktxxl.de\\\/markt\\\/produkt\\\/20-stueck-gummi-gepolsterte-isolierte-klemmen-edelstahl-kabelschellen-rohr-drahtschnur-installationsschelle\\\/#primaryimage\"},\"image\":{\"@id\":\"https:\\\/\\\/marktxxl.de\\\/markt\\\/produkt\\\/20-stueck-gummi-gepolsterte-isolierte-klemmen-edelstahl-kabelschellen-rohr-drahtschnur-installationsschelle\\\/#primaryimage\"},\"thumbnailUrl\":\"https:\\\/\\\/m.media-amazon.com\\\/images\\\/I\\\/31lawEbscNS._SL500_.jpg\",\"datePublished\":\"2022-07-14T01:56:22+00:00\",\"dateModified\":\"2023-04-11T02:13:22+00:00\",\"description\":\"Markt-XXL 20 St\u00fcck 1\\\/2 Zoll Gummi gepolsterte isolierte Klemmen, Edelstahl-Kabelschellen, Metallklemme, Rohr-\\\/Drahtschnur\u2026\",\"breadcrumb\":{\"@id\":\"https:\\\/\\\/marktxxl.de\\\/markt\\\/produkt\\\/20-stueck-gummi-gepolsterte-isolierte-klemmen-edelstahl-kabelschellen-rohr-drahtschnur-installationsschelle\\\/#breadcrumb\"},\"inLanguage\":\"de\",\"potentialAction\":[{\"@type\":\"ReadAction\",\"target\":[\"https:\\\/\\\/marktxxl.de\\\/markt\\\/produkt\\\/20-stueck-gummi-gepolsterte-isolierte-klemmen-edelstahl-kabelschellen-rohr-drahtschnur-installationsschelle\\\/\"]}]},{\"@type\":\"ImageObject\",\"inLanguage\":\"de\",\"@id\":\"https:\\\/\\\/marktxxl.de\\\/markt\\\/produkt\\\/20-stueck-gummi-gepolsterte-isolierte-klemmen-edelstahl-kabelschellen-rohr-drahtschnur-installationsschelle\\\/#primaryimage\",\"url\":\"https:\\\/\\\/m.media-amazon.com\\\/images\\\/I\\\/31lawEbscNS._SL500_.jpg\",\"contentUrl\":\"https:\\\/\\\/m.media-amazon.com\\\/images\\\/I\\\/31lawEbscNS._SL500_.jpg\",\"width\":500,\"height\":500},{\"@type\":\"BreadcrumbList\",\"@id\":\"https:\\\/\\\/marktxxl.de\\\/markt\\\/produkt\\\/20-stueck-gummi-gepolsterte-isolierte-klemmen-edelstahl-kabelschellen-rohr-drahtschnur-installationsschelle\\\/#breadcrumb\",\"itemListElement\":[{\"@type\":\"ListItem\",\"position\":1,\"name\":\"Startseite\",\"item\":\"https:\\\/\\\/marktxxl.de\\\/markt\\\/\"},{\"@type\":\"ListItem\",\"position\":2,\"name\":\"Markt\",\"item\":\"https:\\\/\\\/marktxxl.de\\\/markt\\\/\"},{\"@type\":\"ListItem\",\"position\":3,\"name\":\"20 St\u00fcck 1\\\/2 Zoll Gummi gepolsterte isolierte Klemmen, Edelstahl-Kabelschellen, Metallklemme, Rohr-\\\/Drahtschnur\u2026\"}]},{\"@type\":\"WebSite\",\"@id\":\"https:\\\/\\\/marktxxl.de\\\/markt\\\/#website\",\"url\":\"https:\\\/\\\/marktxxl.de\\\/markt\\\/\",\"name\":\"Markt-XXL\",\"description\":\"Ihr Markt Online\",\"publisher\":{\"@id\":\"https:\\\/\\\/marktxxl.de\\\/markt\\\/#organization\"},\"potentialAction\":[{\"@type\":\"SearchAction\",\"target\":{\"@type\":\"EntryPoint\",\"urlTemplate\":\"https:\\\/\\\/marktxxl.de\\\/markt\\\/?s={search_term_string}\"},\"query-input\":{\"@type\":\"PropertyValueSpecification\",\"valueRequired\":true,\"valueName\":\"search_term_string\"}}],\"inLanguage\":\"de\"},{\"@type\":\"Organization\",\"@id\":\"https:\\\/\\\/marktxxl.de\\\/markt\\\/#organization\",\"name\":\"Markt-XXL\",\"url\":\"https:\\\/\\\/marktxxl.de\\\/markt\\\/\",\"logo\":{\"@type\":\"ImageObject\",\"inLanguage\":\"de\",\"@id\":\"https:\\\/\\\/marktxxl.de\\\/markt\\\/#\\\/schema\\\/logo\\\/image\\\/\",\"url\":\"https:\\\/\\\/marktxxl.de\\\/markt\\\/wp-content\\\/uploads\\\/sites\\\/3\\\/2020\\\/12\\\/logo.png\",\"contentUrl\":\"https:\\\/\\\/marktxxl.de\\\/markt\\\/wp-content\\\/uploads\\\/sites\\\/3\\\/2020\\\/12\\\/logo.png\",\"width\":200,\"height\":70,\"caption\":\"Markt-XXL\"},\"image\":{\"@id\":\"https:\\\/\\\/marktxxl.de\\\/markt\\\/#\\\/schema\\\/logo\\\/image\\\/\"}}]}<\/script>\n<!-- \/ Yoast SEO plugin. -->","yoast_head_json":{"title":"20 St\u00fcck 1\/2 Zoll Gummi gepolsterte isolierte Klemmen, Edelstahl-Kabelschellen, Metallklemme, Rohr-\/Drahtschnur\u2026 - Markt-XXL","description":"Markt-XXL 20 St\u00fcck 1\/2 Zoll Gummi gepolsterte isolierte Klemmen, Edelstahl-Kabelschellen, Metallklemme, Rohr-\/Drahtschnur\u2026","robots":{"index":"index","follow":"follow","max-snippet":"max-snippet:-1","max-image-preview":"max-image-preview:large","max-video-preview":"max-video-preview:-1"},"canonical":"https:\/\/marktxxl.de\/markt\/produkt\/20-stueck-gummi-gepolsterte-isolierte-klemmen-edelstahl-kabelschellen-rohr-drahtschnur-installationsschelle\/","og_locale":"de_DE","og_type":"article","og_title":"20 St\u00fcck 1\/2 Zoll Gummi gepolsterte isolierte Klemmen, Edelstahl-Kabelschellen, Metallklemme, Rohr-\/Drahtschnur\u2026 - Markt-XXL","og_description":"Markt-XXL 20 St\u00fcck 1\/2 Zoll Gummi gepolsterte isolierte Klemmen, Edelstahl-Kabelschellen, Metallklemme, Rohr-\/Drahtschnur\u2026","og_url":"https:\/\/marktxxl.de\/markt\/produkt\/20-stueck-gummi-gepolsterte-isolierte-klemmen-edelstahl-kabelschellen-rohr-drahtschnur-installationsschelle\/","og_site_name":"Markt-XXL","article_modified_time":"2023-04-11T02:13:22+00:00","og_image":[{"width":500,"height":500,"url":"https:\/\/m.media-amazon.com\/images\/I\/31lawEbscNS._SL500_.jpg","type":"image\/jpeg"}],"twitter_card":"summary_large_image","twitter_misc":{"Gesch\u00e4tzte Lesezeit":"1\u00a0Minute"},"schema":{"@context":"https:\/\/schema.org","@graph":[{"@type":"WebPage","@id":"https:\/\/marktxxl.de\/markt\/produkt\/20-stueck-gummi-gepolsterte-isolierte-klemmen-edelstahl-kabelschellen-rohr-drahtschnur-installationsschelle\/","url":"https:\/\/marktxxl.de\/markt\/produkt\/20-stueck-gummi-gepolsterte-isolierte-klemmen-edelstahl-kabelschellen-rohr-drahtschnur-installationsschelle\/","name":"20 St\u00fcck 1\/2 Zoll Gummi gepolsterte isolierte Klemmen, Edelstahl-Kabelschellen, Metallklemme, Rohr-\/Drahtschnur\u2026 - Markt-XXL","isPartOf":{"@id":"https:\/\/marktxxl.de\/markt\/#website"},"primaryImageOfPage":{"@id":"https:\/\/marktxxl.de\/markt\/produkt\/20-stueck-gummi-gepolsterte-isolierte-klemmen-edelstahl-kabelschellen-rohr-drahtschnur-installationsschelle\/#primaryimage"},"image":{"@id":"https:\/\/marktxxl.de\/markt\/produkt\/20-stueck-gummi-gepolsterte-isolierte-klemmen-edelstahl-kabelschellen-rohr-drahtschnur-installationsschelle\/#primaryimage"},"thumbnailUrl":"https:\/\/m.media-amazon.com\/images\/I\/31lawEbscNS._SL500_.jpg","datePublished":"2022-07-14T01:56:22+00:00","dateModified":"2023-04-11T02:13:22+00:00","description":"Markt-XXL 20 St\u00fcck 1\/2 Zoll Gummi gepolsterte isolierte Klemmen, Edelstahl-Kabelschellen, Metallklemme, Rohr-\/Drahtschnur\u2026","breadcrumb":{"@id":"https:\/\/marktxxl.de\/markt\/produkt\/20-stueck-gummi-gepolsterte-isolierte-klemmen-edelstahl-kabelschellen-rohr-drahtschnur-installationsschelle\/#breadcrumb"},"inLanguage":"de","potentialAction":[{"@type":"ReadAction","target":["https:\/\/marktxxl.de\/markt\/produkt\/20-stueck-gummi-gepolsterte-isolierte-klemmen-edelstahl-kabelschellen-rohr-drahtschnur-installationsschelle\/"]}]},{"@type":"ImageObject","inLanguage":"de","@id":"https:\/\/marktxxl.de\/markt\/produkt\/20-stueck-gummi-gepolsterte-isolierte-klemmen-edelstahl-kabelschellen-rohr-drahtschnur-installationsschelle\/#primaryimage","url":"https:\/\/m.media-amazon.com\/images\/I\/31lawEbscNS._SL500_.jpg","contentUrl":"https:\/\/m.media-amazon.com\/images\/I\/31lawEbscNS._SL500_.jpg","width":500,"height":500},{"@type":"BreadcrumbList","@id":"https:\/\/marktxxl.de\/markt\/produkt\/20-stueck-gummi-gepolsterte-isolierte-klemmen-edelstahl-kabelschellen-rohr-drahtschnur-installationsschelle\/#breadcrumb","itemListElement":[{"@type":"ListItem","position":1,"name":"Startseite","item":"https:\/\/marktxxl.de\/markt\/"},{"@type":"ListItem","position":2,"name":"Markt","item":"https:\/\/marktxxl.de\/markt\/"},{"@type":"ListItem","position":3,"name":"20 St\u00fcck 1\/2 Zoll Gummi gepolsterte isolierte Klemmen, Edelstahl-Kabelschellen, Metallklemme, Rohr-\/Drahtschnur\u2026"}]},{"@type":"WebSite","@id":"https:\/\/marktxxl.de\/markt\/#website","url":"https:\/\/marktxxl.de\/markt\/","name":"Markt-XXL","description":"Ihr Markt Online","publisher":{"@id":"https:\/\/marktxxl.de\/markt\/#organization"},"potentialAction":[{"@type":"SearchAction","target":{"@type":"EntryPoint","urlTemplate":"https:\/\/marktxxl.de\/markt\/?s={search_term_string}"},"query-input":{"@type":"PropertyValueSpecification","valueRequired":true,"valueName":"search_term_string"}}],"inLanguage":"de"},{"@type":"Organization","@id":"https:\/\/marktxxl.de\/markt\/#organization","name":"Markt-XXL","url":"https:\/\/marktxxl.de\/markt\/","logo":{"@type":"ImageObject","inLanguage":"de","@id":"https:\/\/marktxxl.de\/markt\/#\/schema\/logo\/image\/","url":"https:\/\/marktxxl.de\/markt\/wp-content\/uploads\/sites\/3\/2020\/12\/logo.png","contentUrl":"https:\/\/marktxxl.de\/markt\/wp-content\/uploads\/sites\/3\/2020\/12\/logo.png","width":200,"height":70,"caption":"Markt-XXL"},"image":{"@id":"https:\/\/marktxxl.de\/markt\/#\/schema\/logo\/image\/"}}]}},"_links":{"self":[{"href":"https:\/\/marktxxl.de\/markt\/wp-json\/wp\/v2\/product\/137735","targetHints":{"allow":["GET"]}}],"collection":[{"href":"https:\/\/marktxxl.de\/markt\/wp-json\/wp\/v2\/product"}],"about":[{"href":"https:\/\/marktxxl.de\/markt\/wp-json\/wp\/v2\/types\/product"}],"replies":[{"embeddable":true,"href":"https:\/\/marktxxl.de\/markt\/wp-json\/wp\/v2\/comments?post=137735"}],"wp:featuredmedia":[{"embeddable":true,"href":"https:\/\/marktxxl.de\/markt\/wp-json\/wp\/v2\/media\/137736"}],"wp:attachment":[{"href":"https:\/\/marktxxl.de\/markt\/wp-json\/wp\/v2\/media?parent=137735"}],"wp:term":[{"taxonomy":"product_brand","embeddable":true,"href":"https:\/\/marktxxl.de\/markt\/wp-json\/wp\/v2\/product_brand?post=137735"},{"taxonomy":"product_cat","embeddable":true,"href":"https:\/\/marktxxl.de\/markt\/wp-json\/wp\/v2\/product_cat?post=137735"},{"taxonomy":"product_tag","embeddable":true,"href":"https:\/\/marktxxl.de\/markt\/wp-json\/wp\/v2\/product_tag?post=137735"}],"curies":[{"name":"wp","href":"https:\/\/api.w.org\/{rel}","templated":true}]}}