{"id":137637,"date":"2022-07-14T03:52:59","date_gmt":"2022-07-14T01:52:59","guid":{"rendered":"https:\/\/marktxxl.de\/markt\/produkt\/solar-lichterkette-aussen-innen-60-bunte-kristallkugeln-led-10-m-ip65-wasserdicht-fuer-weihnachten-dekorationen-feste-garten-balkons-partys-hochzeiten-camping-diy-usw\/"},"modified":"2023-04-11T04:13:21","modified_gmt":"2023-04-11T02:13:21","slug":"solar-lichterkette-aussen-innen-60-bunte-kristallkugeln-led-10-m-ip65-wasserdicht-fuer-weihnachten-dekorationen-feste-garten-balkons-partys-hochzeiten-camping-diy-usw","status":"publish","type":"product","link":"https:\/\/marktxxl.de\/markt\/produkt\/solar-lichterkette-aussen-innen-60-bunte-kristallkugeln-led-10-m-ip65-wasserdicht-fuer-weihnachten-dekorationen-feste-garten-balkons-partys-hochzeiten-camping-diy-usw\/","title":{"rendered":"LICHPRO\u00ae Solar Lichterkette 8 Modi Au\u00dfen &amp; Innen, 60 bunte Kristallkugeln LED 10 M, IP65 wasserdicht f\u00fcr Weihnachten\u2026"},"content":{"rendered":"<p>\u3010EXZELLENTER ONLINE KUNDENSERVICE\u3011 LICHPRO Solar Lichterketten k\u00f6nnen bis zu 20,000 Stunden dauern. Wir bem\u00fchen uns, Ihnen das beste Produkt und den besten Kundendienst anzubieten. Wenn Sie irgendwelche Probleme mit unserem Solar Lichterkette haben, bieten wir neuer Ersatz oder Erstattung. Nutzen Sie bitte direkt Online Kundenservice, und Sie werden alle Probleme l\u00f6sen!<br \/>\n\u3010SOLARBETRIEBE LICHTERKETTEN\u3011 Unsere Solar Lichterketten sind energiesparend und wiederaufladbare Solarzellen mit h\u00f6heren Energieumwandlungsrate sind umweltfreundlich! Mit dem verbesserten Solarpanel kann Sonnenlicht effizient absorbiert und in elektrische Energie umgewandelt werden. Sie werden an sonnigem Tag f\u00fcr ca. 6 Stunden aufgel\u00e4dt und in der Nacht f\u00fcr kontinuierlich \u00fcber 12 Stunden Licht genie\u00dft.<br \/>\n\u30108 MODI &amp; EINFACHE INSTALLATION\u3011 8 Modi zur Auswahl, um verschiedene Stimmungen f\u00fcr Garten, Balkons, Weihnachten, Zimmersdekorationen, Partys, Hochzeiten, Kinder usw. zu erzeugen. Es schafft eine warme, s\u00fc\u00dfe und romantische Atmosph\u00e4re, besonders auf Festivals! Flexible Lichterketten k\u00f6nnen einfach in die gew\u00fcnschten Formen eingebaut und um Baumst\u00e4mme oder Pavillons gewickelt werden. Genie\u00dfen Sie einfach die Helligkeit des Lichts und die wunderbare Atmosph\u00e4re.<br \/>\n\u3010INTELLIGENTE STEUERUNG &amp; WASSERDICHT\u3011 Automatisches Einschalten bei Dunkelheit und Ausschalten bei Sonnenaufgang, automatisches Aufladen w\u00e4hrend des Tages. Unsere Solar Lichterketten sind mit einer wasserdichten Funktion ausgestattet, und sie k\u00f6nnen wie gewohnt an regnerischen Tagen arbeiten. Mit IP65 Wasserdichtung k\u00f6nnen Sie Ihre Hause und Zimmer ganz einfach dekorieren.<br \/>\n\u3010PREMIUME QUALIT\u00c4T\u3011 LICHPRO bestehen aus einem speziellen ABS Material. Es ist feuerfest, schlagfest, langlebig und sicher. Mit einer hohen Akkukapazit\u00e4t, die viel h\u00f6her als andere Lichterketten ist, muss diese Lichtketten tags\u00fcber nur einfach aufladen und k\u00f6nnen nachts lange ohne Unterbrechung arbeiten.<br \/>\n<div class=\"main-cross-sell\" data-asin=\"B09XB6N939\">\n\n\t<div class=\"WooZone-cross-sell-loader\">\n\t\t<div>\n\t\t\t<div id=\"floatingBarsG\">\n\t\t\t\t<div class=\"blockG\" id=\"rotateG_01\"><\/div>\n\t\t\t\t<div class=\"blockG\" id=\"rotateG_02\"><\/div>\n\t\t\t\t<div class=\"blockG\" id=\"rotateG_03\"><\/div>\n\t\t\t\t<div class=\"blockG\" id=\"rotateG_04\"><\/div>\n\t\t\t\t<div class=\"blockG\" id=\"rotateG_05\"><\/div>\n\t\t\t\t<div class=\"blockG\" id=\"rotateG_06\"><\/div>\n\t\t\t\t<div class=\"blockG\" id=\"rotateG_07\"><\/div>\n\t\t\t\t<div class=\"blockG\" id=\"rotateG_08\"><\/div>\n\t\t\t<\/div>\n\t\t\t<div class=\"WooZone-cross-sell-loader-text\"><\/div>\n\t\t<\/div>\n\t<\/div>\n\n\t\t\n<\/div>\n<div style=\"clear:both;\"><\/div><\/p>\n","protected":false},"excerpt":{"rendered":"<p>\u3010EXZELLENTER ONLINE KUNDENSERVICE\u3011 LICHPRO Solar Lichterketten k\u00f6nnen bis zu 20,000 Stunden dauern. Wir bem\u00fchen uns, Ihnen das beste Produkt und den besten Kundendienst anzubieten. Wenn Sie irgendwelche Probleme mit unserem Solar Lichterkette haben, bieten wir neuer Ersatz oder Erstattung. Nutzen Sie bitte direkt Online Kundenservice, und Sie werden alle Probleme l\u00f6sen!<br \/>\n\u3010SOLARBETRIEBE LICHTERKETTEN\u3011 Unsere Solar Lichterketten sind energiesparend und wiederaufladbare Solarzellen mit h\u00f6heren Energieumwandlungsrate sind umweltfreundlich! Mit dem verbesserten Solarpanel kann Sonnenlicht effizient absorbiert und in elektrische Energie umgewandelt werden. Sie werden an sonnigem Tag f\u00fcr ca. 6 Stunden aufgel\u00e4dt und in der Nacht f\u00fcr kontinuierlich \u00fcber 12 Stunden Licht genie\u00dft.<br \/>\n\u30108 MODI &amp; EINFACHE INSTALLATION\u3011 8 Modi zur Auswahl, um verschiedene Stimmungen f\u00fcr Garten, Balkons, Weihnachten, Zimmersdekorationen, Partys, Hochzeiten, Kinder usw. zu erzeugen. Es schafft eine warme, s\u00fc\u00dfe und romantische Atmosph\u00e4re, besonders auf Festivals! Flexible Lichterketten k\u00f6nnen einfach in die gew\u00fcnschten Formen eingebaut und um Baumst\u00e4mme oder Pavillons gewickelt werden. Genie\u00dfen Sie einfach die Helligkeit des Lichts und die wunderbare Atmosph\u00e4re.<\/p>\n","protected":false},"featured_media":137638,"comment_status":"open","ping_status":"closed","template":"","meta":[],"product_brand":[],"product_cat":[2108],"product_tag":[],"class_list":{"0":"post-137637","1":"product","2":"type-product","3":"status-publish","4":"has-post-thumbnail","6":"product_cat-beleuchtung","7":"pa_brand-lichpro","8":"pa_color-bunt","9":"pa_manufacturer-yookonm","10":"pa_model-lichpro-q60led-bunt","12":"first","13":"instock","14":"shipping-taxable","15":"purchasable","16":"product-type-simple","17":"customify-col","18":"product-has-gallery"},"yoast_head":"<!-- This site is optimized with the Yoast SEO plugin v27.4 - https:\/\/yoast.com\/product\/yoast-seo-wordpress\/ -->\n<title>LICHPRO\u00ae Solar Lichterkette 8 Modi Au\u00dfen &amp; Innen, 60 bunte Kristallkugeln LED 10 M, IP65 wasserdicht f\u00fcr Weihnachten\u2026 - Markt-XXL<\/title>\n<meta name=\"description\" content=\"Markt-XXL LICHPRO\u00ae Solar Lichterkette 8 Modi Au\u00dfen &amp; Innen, 60 bunte Kristallkugeln LED 10 M, IP65 wasserdicht f\u00fcr Weihnachten\u2026\" \/>\n<meta name=\"robots\" content=\"index, follow, max-snippet:-1, max-image-preview:large, max-video-preview:-1\" \/>\n<link rel=\"canonical\" href=\"https:\/\/marktxxl.de\/markt\/produkt\/solar-lichterkette-aussen-innen-60-bunte-kristallkugeln-led-10-m-ip65-wasserdicht-fuer-weihnachten-dekorationen-feste-garten-balkons-partys-hochzeiten-camping-diy-usw\/\" \/>\n<meta property=\"og:locale\" content=\"de_DE\" \/>\n<meta property=\"og:type\" content=\"article\" \/>\n<meta property=\"og:title\" content=\"LICHPRO\u00ae Solar Lichterkette 8 Modi Au\u00dfen &amp; Innen, 60 bunte Kristallkugeln LED 10 M, IP65 wasserdicht f\u00fcr Weihnachten\u2026 - Markt-XXL\" \/>\n<meta property=\"og:description\" content=\"Markt-XXL LICHPRO\u00ae Solar Lichterkette 8 Modi Au\u00dfen &amp; Innen, 60 bunte Kristallkugeln LED 10 M, IP65 wasserdicht f\u00fcr Weihnachten\u2026\" \/>\n<meta property=\"og:url\" content=\"https:\/\/marktxxl.de\/markt\/produkt\/solar-lichterkette-aussen-innen-60-bunte-kristallkugeln-led-10-m-ip65-wasserdicht-fuer-weihnachten-dekorationen-feste-garten-balkons-partys-hochzeiten-camping-diy-usw\/\" \/>\n<meta property=\"og:site_name\" content=\"Markt-XXL\" \/>\n<meta property=\"article:modified_time\" content=\"2023-04-11T02:13:21+00:00\" \/>\n<meta property=\"og:image\" content=\"https:\/\/m.media-amazon.com\/images\/I\/51nkQYh538L._SL500_.jpg\" \/>\n\t<meta property=\"og:image:width\" content=\"500\" \/>\n\t<meta property=\"og:image:height\" content=\"500\" \/>\n\t<meta property=\"og:image:type\" content=\"image\/jpeg\" \/>\n<meta name=\"twitter:card\" content=\"summary_large_image\" \/>\n<meta name=\"twitter:label1\" content=\"Gesch\u00e4tzte Lesezeit\" \/>\n\t<meta name=\"twitter:data1\" content=\"1\u00a0Minute\" \/>\n<script type=\"application\/ld+json\" class=\"yoast-schema-graph\">{\"@context\":\"https:\\\/\\\/schema.org\",\"@graph\":[{\"@type\":\"WebPage\",\"@id\":\"https:\\\/\\\/marktxxl.de\\\/markt\\\/produkt\\\/solar-lichterkette-aussen-innen-60-bunte-kristallkugeln-led-10-m-ip65-wasserdicht-fuer-weihnachten-dekorationen-feste-garten-balkons-partys-hochzeiten-camping-diy-usw\\\/\",\"url\":\"https:\\\/\\\/marktxxl.de\\\/markt\\\/produkt\\\/solar-lichterkette-aussen-innen-60-bunte-kristallkugeln-led-10-m-ip65-wasserdicht-fuer-weihnachten-dekorationen-feste-garten-balkons-partys-hochzeiten-camping-diy-usw\\\/\",\"name\":\"LICHPRO\u00ae Solar Lichterkette 8 Modi Au\u00dfen &amp; Innen, 60 bunte Kristallkugeln LED 10 M, IP65 wasserdicht f\u00fcr Weihnachten\u2026 - Markt-XXL\",\"isPartOf\":{\"@id\":\"https:\\\/\\\/marktxxl.de\\\/markt\\\/#website\"},\"primaryImageOfPage\":{\"@id\":\"https:\\\/\\\/marktxxl.de\\\/markt\\\/produkt\\\/solar-lichterkette-aussen-innen-60-bunte-kristallkugeln-led-10-m-ip65-wasserdicht-fuer-weihnachten-dekorationen-feste-garten-balkons-partys-hochzeiten-camping-diy-usw\\\/#primaryimage\"},\"image\":{\"@id\":\"https:\\\/\\\/marktxxl.de\\\/markt\\\/produkt\\\/solar-lichterkette-aussen-innen-60-bunte-kristallkugeln-led-10-m-ip65-wasserdicht-fuer-weihnachten-dekorationen-feste-garten-balkons-partys-hochzeiten-camping-diy-usw\\\/#primaryimage\"},\"thumbnailUrl\":\"https:\\\/\\\/m.media-amazon.com\\\/images\\\/I\\\/51nkQYh538L._SL500_.jpg\",\"datePublished\":\"2022-07-14T01:52:59+00:00\",\"dateModified\":\"2023-04-11T02:13:21+00:00\",\"description\":\"Markt-XXL LICHPRO\u00ae Solar Lichterkette 8 Modi Au\u00dfen &amp; Innen, 60 bunte Kristallkugeln LED 10 M, IP65 wasserdicht f\u00fcr Weihnachten\u2026\",\"breadcrumb\":{\"@id\":\"https:\\\/\\\/marktxxl.de\\\/markt\\\/produkt\\\/solar-lichterkette-aussen-innen-60-bunte-kristallkugeln-led-10-m-ip65-wasserdicht-fuer-weihnachten-dekorationen-feste-garten-balkons-partys-hochzeiten-camping-diy-usw\\\/#breadcrumb\"},\"inLanguage\":\"de\",\"potentialAction\":[{\"@type\":\"ReadAction\",\"target\":[\"https:\\\/\\\/marktxxl.de\\\/markt\\\/produkt\\\/solar-lichterkette-aussen-innen-60-bunte-kristallkugeln-led-10-m-ip65-wasserdicht-fuer-weihnachten-dekorationen-feste-garten-balkons-partys-hochzeiten-camping-diy-usw\\\/\"]}]},{\"@type\":\"ImageObject\",\"inLanguage\":\"de\",\"@id\":\"https:\\\/\\\/marktxxl.de\\\/markt\\\/produkt\\\/solar-lichterkette-aussen-innen-60-bunte-kristallkugeln-led-10-m-ip65-wasserdicht-fuer-weihnachten-dekorationen-feste-garten-balkons-partys-hochzeiten-camping-diy-usw\\\/#primaryimage\",\"url\":\"https:\\\/\\\/m.media-amazon.com\\\/images\\\/I\\\/51nkQYh538L._SL500_.jpg\",\"contentUrl\":\"https:\\\/\\\/m.media-amazon.com\\\/images\\\/I\\\/51nkQYh538L._SL500_.jpg\",\"width\":500,\"height\":500},{\"@type\":\"BreadcrumbList\",\"@id\":\"https:\\\/\\\/marktxxl.de\\\/markt\\\/produkt\\\/solar-lichterkette-aussen-innen-60-bunte-kristallkugeln-led-10-m-ip65-wasserdicht-fuer-weihnachten-dekorationen-feste-garten-balkons-partys-hochzeiten-camping-diy-usw\\\/#breadcrumb\",\"itemListElement\":[{\"@type\":\"ListItem\",\"position\":1,\"name\":\"Startseite\",\"item\":\"https:\\\/\\\/marktxxl.de\\\/markt\\\/\"},{\"@type\":\"ListItem\",\"position\":2,\"name\":\"Markt\",\"item\":\"https:\\\/\\\/marktxxl.de\\\/markt\\\/\"},{\"@type\":\"ListItem\",\"position\":3,\"name\":\"LICHPRO\u00ae Solar Lichterkette 8 Modi Au\u00dfen &amp; Innen, 60 bunte Kristallkugeln LED 10 M, IP65 wasserdicht f\u00fcr Weihnachten\u2026\"}]},{\"@type\":\"WebSite\",\"@id\":\"https:\\\/\\\/marktxxl.de\\\/markt\\\/#website\",\"url\":\"https:\\\/\\\/marktxxl.de\\\/markt\\\/\",\"name\":\"Markt-XXL\",\"description\":\"Ihr Markt Online\",\"publisher\":{\"@id\":\"https:\\\/\\\/marktxxl.de\\\/markt\\\/#organization\"},\"potentialAction\":[{\"@type\":\"SearchAction\",\"target\":{\"@type\":\"EntryPoint\",\"urlTemplate\":\"https:\\\/\\\/marktxxl.de\\\/markt\\\/?s={search_term_string}\"},\"query-input\":{\"@type\":\"PropertyValueSpecification\",\"valueRequired\":true,\"valueName\":\"search_term_string\"}}],\"inLanguage\":\"de\"},{\"@type\":\"Organization\",\"@id\":\"https:\\\/\\\/marktxxl.de\\\/markt\\\/#organization\",\"name\":\"Markt-XXL\",\"url\":\"https:\\\/\\\/marktxxl.de\\\/markt\\\/\",\"logo\":{\"@type\":\"ImageObject\",\"inLanguage\":\"de\",\"@id\":\"https:\\\/\\\/marktxxl.de\\\/markt\\\/#\\\/schema\\\/logo\\\/image\\\/\",\"url\":\"https:\\\/\\\/marktxxl.de\\\/markt\\\/wp-content\\\/uploads\\\/sites\\\/3\\\/2020\\\/12\\\/logo.png\",\"contentUrl\":\"https:\\\/\\\/marktxxl.de\\\/markt\\\/wp-content\\\/uploads\\\/sites\\\/3\\\/2020\\\/12\\\/logo.png\",\"width\":200,\"height\":70,\"caption\":\"Markt-XXL\"},\"image\":{\"@id\":\"https:\\\/\\\/marktxxl.de\\\/markt\\\/#\\\/schema\\\/logo\\\/image\\\/\"}}]}<\/script>\n<!-- \/ Yoast SEO plugin. -->","yoast_head_json":{"title":"LICHPRO\u00ae Solar Lichterkette 8 Modi Au\u00dfen &amp; Innen, 60 bunte Kristallkugeln LED 10 M, IP65 wasserdicht f\u00fcr Weihnachten\u2026 - Markt-XXL","description":"Markt-XXL LICHPRO\u00ae Solar Lichterkette 8 Modi Au\u00dfen &amp; Innen, 60 bunte Kristallkugeln LED 10 M, IP65 wasserdicht f\u00fcr Weihnachten\u2026","robots":{"index":"index","follow":"follow","max-snippet":"max-snippet:-1","max-image-preview":"max-image-preview:large","max-video-preview":"max-video-preview:-1"},"canonical":"https:\/\/marktxxl.de\/markt\/produkt\/solar-lichterkette-aussen-innen-60-bunte-kristallkugeln-led-10-m-ip65-wasserdicht-fuer-weihnachten-dekorationen-feste-garten-balkons-partys-hochzeiten-camping-diy-usw\/","og_locale":"de_DE","og_type":"article","og_title":"LICHPRO\u00ae Solar Lichterkette 8 Modi Au\u00dfen &amp; Innen, 60 bunte Kristallkugeln LED 10 M, IP65 wasserdicht f\u00fcr Weihnachten\u2026 - Markt-XXL","og_description":"Markt-XXL LICHPRO\u00ae Solar Lichterkette 8 Modi Au\u00dfen &amp; Innen, 60 bunte Kristallkugeln LED 10 M, IP65 wasserdicht f\u00fcr Weihnachten\u2026","og_url":"https:\/\/marktxxl.de\/markt\/produkt\/solar-lichterkette-aussen-innen-60-bunte-kristallkugeln-led-10-m-ip65-wasserdicht-fuer-weihnachten-dekorationen-feste-garten-balkons-partys-hochzeiten-camping-diy-usw\/","og_site_name":"Markt-XXL","article_modified_time":"2023-04-11T02:13:21+00:00","og_image":[{"width":500,"height":500,"url":"https:\/\/m.media-amazon.com\/images\/I\/51nkQYh538L._SL500_.jpg","type":"image\/jpeg"}],"twitter_card":"summary_large_image","twitter_misc":{"Gesch\u00e4tzte Lesezeit":"1\u00a0Minute"},"schema":{"@context":"https:\/\/schema.org","@graph":[{"@type":"WebPage","@id":"https:\/\/marktxxl.de\/markt\/produkt\/solar-lichterkette-aussen-innen-60-bunte-kristallkugeln-led-10-m-ip65-wasserdicht-fuer-weihnachten-dekorationen-feste-garten-balkons-partys-hochzeiten-camping-diy-usw\/","url":"https:\/\/marktxxl.de\/markt\/produkt\/solar-lichterkette-aussen-innen-60-bunte-kristallkugeln-led-10-m-ip65-wasserdicht-fuer-weihnachten-dekorationen-feste-garten-balkons-partys-hochzeiten-camping-diy-usw\/","name":"LICHPRO\u00ae Solar Lichterkette 8 Modi Au\u00dfen &amp; Innen, 60 bunte Kristallkugeln LED 10 M, IP65 wasserdicht f\u00fcr Weihnachten\u2026 - Markt-XXL","isPartOf":{"@id":"https:\/\/marktxxl.de\/markt\/#website"},"primaryImageOfPage":{"@id":"https:\/\/marktxxl.de\/markt\/produkt\/solar-lichterkette-aussen-innen-60-bunte-kristallkugeln-led-10-m-ip65-wasserdicht-fuer-weihnachten-dekorationen-feste-garten-balkons-partys-hochzeiten-camping-diy-usw\/#primaryimage"},"image":{"@id":"https:\/\/marktxxl.de\/markt\/produkt\/solar-lichterkette-aussen-innen-60-bunte-kristallkugeln-led-10-m-ip65-wasserdicht-fuer-weihnachten-dekorationen-feste-garten-balkons-partys-hochzeiten-camping-diy-usw\/#primaryimage"},"thumbnailUrl":"https:\/\/m.media-amazon.com\/images\/I\/51nkQYh538L._SL500_.jpg","datePublished":"2022-07-14T01:52:59+00:00","dateModified":"2023-04-11T02:13:21+00:00","description":"Markt-XXL LICHPRO\u00ae Solar Lichterkette 8 Modi Au\u00dfen &amp; Innen, 60 bunte Kristallkugeln LED 10 M, IP65 wasserdicht f\u00fcr Weihnachten\u2026","breadcrumb":{"@id":"https:\/\/marktxxl.de\/markt\/produkt\/solar-lichterkette-aussen-innen-60-bunte-kristallkugeln-led-10-m-ip65-wasserdicht-fuer-weihnachten-dekorationen-feste-garten-balkons-partys-hochzeiten-camping-diy-usw\/#breadcrumb"},"inLanguage":"de","potentialAction":[{"@type":"ReadAction","target":["https:\/\/marktxxl.de\/markt\/produkt\/solar-lichterkette-aussen-innen-60-bunte-kristallkugeln-led-10-m-ip65-wasserdicht-fuer-weihnachten-dekorationen-feste-garten-balkons-partys-hochzeiten-camping-diy-usw\/"]}]},{"@type":"ImageObject","inLanguage":"de","@id":"https:\/\/marktxxl.de\/markt\/produkt\/solar-lichterkette-aussen-innen-60-bunte-kristallkugeln-led-10-m-ip65-wasserdicht-fuer-weihnachten-dekorationen-feste-garten-balkons-partys-hochzeiten-camping-diy-usw\/#primaryimage","url":"https:\/\/m.media-amazon.com\/images\/I\/51nkQYh538L._SL500_.jpg","contentUrl":"https:\/\/m.media-amazon.com\/images\/I\/51nkQYh538L._SL500_.jpg","width":500,"height":500},{"@type":"BreadcrumbList","@id":"https:\/\/marktxxl.de\/markt\/produkt\/solar-lichterkette-aussen-innen-60-bunte-kristallkugeln-led-10-m-ip65-wasserdicht-fuer-weihnachten-dekorationen-feste-garten-balkons-partys-hochzeiten-camping-diy-usw\/#breadcrumb","itemListElement":[{"@type":"ListItem","position":1,"name":"Startseite","item":"https:\/\/marktxxl.de\/markt\/"},{"@type":"ListItem","position":2,"name":"Markt","item":"https:\/\/marktxxl.de\/markt\/"},{"@type":"ListItem","position":3,"name":"LICHPRO\u00ae Solar Lichterkette 8 Modi Au\u00dfen &amp; Innen, 60 bunte Kristallkugeln LED 10 M, IP65 wasserdicht f\u00fcr Weihnachten\u2026"}]},{"@type":"WebSite","@id":"https:\/\/marktxxl.de\/markt\/#website","url":"https:\/\/marktxxl.de\/markt\/","name":"Markt-XXL","description":"Ihr Markt Online","publisher":{"@id":"https:\/\/marktxxl.de\/markt\/#organization"},"potentialAction":[{"@type":"SearchAction","target":{"@type":"EntryPoint","urlTemplate":"https:\/\/marktxxl.de\/markt\/?s={search_term_string}"},"query-input":{"@type":"PropertyValueSpecification","valueRequired":true,"valueName":"search_term_string"}}],"inLanguage":"de"},{"@type":"Organization","@id":"https:\/\/marktxxl.de\/markt\/#organization","name":"Markt-XXL","url":"https:\/\/marktxxl.de\/markt\/","logo":{"@type":"ImageObject","inLanguage":"de","@id":"https:\/\/marktxxl.de\/markt\/#\/schema\/logo\/image\/","url":"https:\/\/marktxxl.de\/markt\/wp-content\/uploads\/sites\/3\/2020\/12\/logo.png","contentUrl":"https:\/\/marktxxl.de\/markt\/wp-content\/uploads\/sites\/3\/2020\/12\/logo.png","width":200,"height":70,"caption":"Markt-XXL"},"image":{"@id":"https:\/\/marktxxl.de\/markt\/#\/schema\/logo\/image\/"}}]}},"_links":{"self":[{"href":"https:\/\/marktxxl.de\/markt\/wp-json\/wp\/v2\/product\/137637","targetHints":{"allow":["GET"]}}],"collection":[{"href":"https:\/\/marktxxl.de\/markt\/wp-json\/wp\/v2\/product"}],"about":[{"href":"https:\/\/marktxxl.de\/markt\/wp-json\/wp\/v2\/types\/product"}],"replies":[{"embeddable":true,"href":"https:\/\/marktxxl.de\/markt\/wp-json\/wp\/v2\/comments?post=137637"}],"wp:featuredmedia":[{"embeddable":true,"href":"https:\/\/marktxxl.de\/markt\/wp-json\/wp\/v2\/media\/137638"}],"wp:attachment":[{"href":"https:\/\/marktxxl.de\/markt\/wp-json\/wp\/v2\/media?parent=137637"}],"wp:term":[{"taxonomy":"product_brand","embeddable":true,"href":"https:\/\/marktxxl.de\/markt\/wp-json\/wp\/v2\/product_brand?post=137637"},{"taxonomy":"product_cat","embeddable":true,"href":"https:\/\/marktxxl.de\/markt\/wp-json\/wp\/v2\/product_cat?post=137637"},{"taxonomy":"product_tag","embeddable":true,"href":"https:\/\/marktxxl.de\/markt\/wp-json\/wp\/v2\/product_tag?post=137637"}],"curies":[{"name":"wp","href":"https:\/\/api.w.org\/{rel}","templated":true}]}}