{"id":137617,"date":"2022-07-14T03:51:35","date_gmt":"2022-07-14T01:51:35","guid":{"rendered":"https:\/\/marktxxl.de\/markt\/produkt\/greys-anatomy-impact-7188-womens-elevate-scrub-top-black-m\/"},"modified":"2023-04-11T04:13:21","modified_gmt":"2023-04-11T02:13:21","slug":"greys-anatomy-impact-7188-womens-elevate-scrub-top-black-m","status":"publish","type":"product","link":"https:\/\/marktxxl.de\/markt\/produkt\/greys-anatomy-impact-7188-womens-elevate-scrub-top-black-m\/","title":{"rendered":"Grey&#8217;s Anatomy Impact Elevate Top for Women- Extreme Comfort Medical Scrub Top"},"content":{"rendered":"<p>Stilvolle Details: Inklusive 2 aufgesetzten Taschen mit praktischer Tasche und mit Barco-Tape-Details an Vorder- und R\u00fcckennaht, bieten wir Ihnen die ultimative Balance in Mode und Funktion<br \/>\nInnovative Stofftechnologie: Mit unserer eigenen Stofftechnologie ist dies ein exklusiver Stoff, der sich mit einer Person dehnt und sich bewegt, so dass sie selbst bei schwierigster Verschiebung gut aussieht und sich so wohl f\u00fchlen. Es passt sich der Bewegung an und befreit Personen schnell zu handeln und bietet eine au\u00c3\u0178ergew\u00f6hnlich bequeme Passform.<br \/>\nMachen Sie einen bleibenden Effekt: Diese moderne ikonische Kollektion bietet eine makellose Passform, mit perfekt ausgef\u00fchrten, makellosen Design-Details, gefaltet in einem erstaunlichen Stoff, der ultimative Stretch bietet.<br \/>\nGemacht zu Macht: Was auch immer Sie tun wollen &#8230; wer auch immer Sie sein wollen &#8230; Sorge ist, wo alles beginnt. Deshalb soll alles, was wir bei Barco tun, denjenigen helfen, die am meisten wichtig sind, mehr wichtig sind. Wir bei Barco wissen, dass es viel mehr als nur eine Uniform ist, deshalb ist jedes Barco-Peelings-Set mit zielgerichteter Innovation hergestellt. Unsere absolute \u00c3\u0153berzeugung ist, dass Design, Leistung und Komfort Pflicht sind.<br \/>\nInternational products have separate terms, are sold from abroad and may differ from local products, including fit, age ratings, and language of product, labeling or instructions.<br \/>\n<div class=\"main-cross-sell\" data-asin=\"B077J8H1FG\">\n\n\t<div class=\"WooZone-cross-sell-loader\">\n\t\t<div>\n\t\t\t<div id=\"floatingBarsG\">\n\t\t\t\t<div class=\"blockG\" id=\"rotateG_01\"><\/div>\n\t\t\t\t<div class=\"blockG\" id=\"rotateG_02\"><\/div>\n\t\t\t\t<div class=\"blockG\" id=\"rotateG_03\"><\/div>\n\t\t\t\t<div class=\"blockG\" id=\"rotateG_04\"><\/div>\n\t\t\t\t<div class=\"blockG\" id=\"rotateG_05\"><\/div>\n\t\t\t\t<div class=\"blockG\" id=\"rotateG_06\"><\/div>\n\t\t\t\t<div class=\"blockG\" id=\"rotateG_07\"><\/div>\n\t\t\t\t<div class=\"blockG\" id=\"rotateG_08\"><\/div>\n\t\t\t<\/div>\n\t\t\t<div class=\"WooZone-cross-sell-loader-text\"><\/div>\n\t\t<\/div>\n\t<\/div>\n\n\t\t\n<\/div>\n<div style=\"clear:both;\"><\/div><\/p>\n","protected":false},"excerpt":{"rendered":"<p>Stilvolle Details: Inklusive 2 aufgesetzten Taschen mit praktischer Tasche und mit Barco-Tape-Details an Vorder- und R\u00fcckennaht, bieten wir Ihnen die ultimative Balance in Mode und Funktion<br \/>\nInnovative Stofftechnologie: Mit unserer eigenen Stofftechnologie ist dies ein exklusiver Stoff, der sich mit einer Person dehnt und sich bewegt, so dass sie selbst bei schwierigster Verschiebung gut aussieht und sich so wohl f\u00fchlen. Es passt sich der Bewegung an und befreit Personen schnell zu handeln und bietet eine au\u00c3\u0178ergew\u00f6hnlich bequeme Passform.<br \/>\nMachen Sie einen bleibenden Effekt: Diese moderne ikonische Kollektion bietet eine makellose Passform, mit perfekt ausgef\u00fchrten, makellosen Design-Details, gefaltet in einem erstaunlichen Stoff, der ultimative Stretch bietet.<\/p>\n","protected":false},"featured_media":137618,"comment_status":"open","ping_status":"closed","template":"","meta":[],"product_brand":[],"product_cat":[4143,1186],"product_tag":[],"class_list":{"0":"post-137617","1":"product","2":"type-product","3":"status-publish","4":"has-post-thumbnail","6":"product_cat-arbeitskleidung-uniformen","7":"product_cat-bekleidung","8":"pa_binding-textilien","9":"pa_brand-barco","10":"pa_color-schwarz","11":"pa_manufacturer-barco","12":"pa_model-38638","13":"pa_size-m","15":"first","16":"instock","17":"shipping-taxable","18":"purchasable","19":"product-type-simple","20":"customify-col","21":"product-has-gallery"},"yoast_head":"<!-- This site is optimized with the Yoast SEO plugin v27.4 - https:\/\/yoast.com\/product\/yoast-seo-wordpress\/ -->\n<title>Grey&#039;s Anatomy Impact Elevate Top for Women- Extreme Comfort Medical Scrub Top - Markt-XXL<\/title>\n<meta name=\"description\" content=\"Markt-XXL Grey&#039;s Anatomy Impact Elevate Top for Women- Extreme Comfort Medical Scrub Top\" \/>\n<meta name=\"robots\" content=\"index, follow, max-snippet:-1, max-image-preview:large, max-video-preview:-1\" \/>\n<link rel=\"canonical\" href=\"https:\/\/marktxxl.de\/markt\/produkt\/greys-anatomy-impact-7188-womens-elevate-scrub-top-black-m\/\" \/>\n<meta property=\"og:locale\" content=\"de_DE\" \/>\n<meta property=\"og:type\" content=\"article\" \/>\n<meta property=\"og:title\" content=\"Grey&#039;s Anatomy Impact Elevate Top for Women- Extreme Comfort Medical Scrub Top - Markt-XXL\" \/>\n<meta property=\"og:description\" content=\"Markt-XXL Grey&#039;s Anatomy Impact Elevate Top for Women- Extreme Comfort Medical Scrub Top\" \/>\n<meta property=\"og:url\" content=\"https:\/\/marktxxl.de\/markt\/produkt\/greys-anatomy-impact-7188-womens-elevate-scrub-top-black-m\/\" \/>\n<meta property=\"og:site_name\" content=\"Markt-XXL\" \/>\n<meta property=\"article:modified_time\" content=\"2023-04-11T02:13:21+00:00\" \/>\n<meta property=\"og:image\" content=\"https:\/\/m.media-amazon.com\/images\/I\/31ZpWkaXvKL._SL500_.jpg\" \/>\n\t<meta property=\"og:image:width\" content=\"500\" \/>\n\t<meta property=\"og:image:height\" content=\"500\" \/>\n\t<meta property=\"og:image:type\" content=\"image\/jpeg\" \/>\n<meta name=\"twitter:card\" content=\"summary_large_image\" \/>\n<meta name=\"twitter:label1\" content=\"Gesch\u00e4tzte Lesezeit\" \/>\n\t<meta name=\"twitter:data1\" content=\"1\u00a0Minute\" \/>\n<script type=\"application\/ld+json\" class=\"yoast-schema-graph\">{\"@context\":\"https:\\\/\\\/schema.org\",\"@graph\":[{\"@type\":\"WebPage\",\"@id\":\"https:\\\/\\\/marktxxl.de\\\/markt\\\/produkt\\\/greys-anatomy-impact-7188-womens-elevate-scrub-top-black-m\\\/\",\"url\":\"https:\\\/\\\/marktxxl.de\\\/markt\\\/produkt\\\/greys-anatomy-impact-7188-womens-elevate-scrub-top-black-m\\\/\",\"name\":\"Grey's Anatomy Impact Elevate Top for Women- Extreme Comfort Medical Scrub Top - Markt-XXL\",\"isPartOf\":{\"@id\":\"https:\\\/\\\/marktxxl.de\\\/markt\\\/#website\"},\"primaryImageOfPage\":{\"@id\":\"https:\\\/\\\/marktxxl.de\\\/markt\\\/produkt\\\/greys-anatomy-impact-7188-womens-elevate-scrub-top-black-m\\\/#primaryimage\"},\"image\":{\"@id\":\"https:\\\/\\\/marktxxl.de\\\/markt\\\/produkt\\\/greys-anatomy-impact-7188-womens-elevate-scrub-top-black-m\\\/#primaryimage\"},\"thumbnailUrl\":\"https:\\\/\\\/m.media-amazon.com\\\/images\\\/I\\\/31ZpWkaXvKL._SL500_.jpg\",\"datePublished\":\"2022-07-14T01:51:35+00:00\",\"dateModified\":\"2023-04-11T02:13:21+00:00\",\"description\":\"Markt-XXL Grey's Anatomy Impact Elevate Top for Women- Extreme Comfort Medical Scrub Top\",\"breadcrumb\":{\"@id\":\"https:\\\/\\\/marktxxl.de\\\/markt\\\/produkt\\\/greys-anatomy-impact-7188-womens-elevate-scrub-top-black-m\\\/#breadcrumb\"},\"inLanguage\":\"de\",\"potentialAction\":[{\"@type\":\"ReadAction\",\"target\":[\"https:\\\/\\\/marktxxl.de\\\/markt\\\/produkt\\\/greys-anatomy-impact-7188-womens-elevate-scrub-top-black-m\\\/\"]}]},{\"@type\":\"ImageObject\",\"inLanguage\":\"de\",\"@id\":\"https:\\\/\\\/marktxxl.de\\\/markt\\\/produkt\\\/greys-anatomy-impact-7188-womens-elevate-scrub-top-black-m\\\/#primaryimage\",\"url\":\"https:\\\/\\\/m.media-amazon.com\\\/images\\\/I\\\/31ZpWkaXvKL._SL500_.jpg\",\"contentUrl\":\"https:\\\/\\\/m.media-amazon.com\\\/images\\\/I\\\/31ZpWkaXvKL._SL500_.jpg\",\"width\":500,\"height\":500},{\"@type\":\"BreadcrumbList\",\"@id\":\"https:\\\/\\\/marktxxl.de\\\/markt\\\/produkt\\\/greys-anatomy-impact-7188-womens-elevate-scrub-top-black-m\\\/#breadcrumb\",\"itemListElement\":[{\"@type\":\"ListItem\",\"position\":1,\"name\":\"Startseite\",\"item\":\"https:\\\/\\\/marktxxl.de\\\/markt\\\/\"},{\"@type\":\"ListItem\",\"position\":2,\"name\":\"Markt\",\"item\":\"https:\\\/\\\/marktxxl.de\\\/markt\\\/\"},{\"@type\":\"ListItem\",\"position\":3,\"name\":\"Grey&#8217;s Anatomy Impact Elevate Top for Women- Extreme Comfort Medical Scrub Top\"}]},{\"@type\":\"WebSite\",\"@id\":\"https:\\\/\\\/marktxxl.de\\\/markt\\\/#website\",\"url\":\"https:\\\/\\\/marktxxl.de\\\/markt\\\/\",\"name\":\"Markt-XXL\",\"description\":\"Ihr Markt Online\",\"publisher\":{\"@id\":\"https:\\\/\\\/marktxxl.de\\\/markt\\\/#organization\"},\"potentialAction\":[{\"@type\":\"SearchAction\",\"target\":{\"@type\":\"EntryPoint\",\"urlTemplate\":\"https:\\\/\\\/marktxxl.de\\\/markt\\\/?s={search_term_string}\"},\"query-input\":{\"@type\":\"PropertyValueSpecification\",\"valueRequired\":true,\"valueName\":\"search_term_string\"}}],\"inLanguage\":\"de\"},{\"@type\":\"Organization\",\"@id\":\"https:\\\/\\\/marktxxl.de\\\/markt\\\/#organization\",\"name\":\"Markt-XXL\",\"url\":\"https:\\\/\\\/marktxxl.de\\\/markt\\\/\",\"logo\":{\"@type\":\"ImageObject\",\"inLanguage\":\"de\",\"@id\":\"https:\\\/\\\/marktxxl.de\\\/markt\\\/#\\\/schema\\\/logo\\\/image\\\/\",\"url\":\"https:\\\/\\\/marktxxl.de\\\/markt\\\/wp-content\\\/uploads\\\/sites\\\/3\\\/2020\\\/12\\\/logo.png\",\"contentUrl\":\"https:\\\/\\\/marktxxl.de\\\/markt\\\/wp-content\\\/uploads\\\/sites\\\/3\\\/2020\\\/12\\\/logo.png\",\"width\":200,\"height\":70,\"caption\":\"Markt-XXL\"},\"image\":{\"@id\":\"https:\\\/\\\/marktxxl.de\\\/markt\\\/#\\\/schema\\\/logo\\\/image\\\/\"}}]}<\/script>\n<!-- \/ Yoast SEO plugin. -->","yoast_head_json":{"title":"Grey's Anatomy Impact Elevate Top for Women- Extreme Comfort Medical Scrub Top - Markt-XXL","description":"Markt-XXL Grey's Anatomy Impact Elevate Top for Women- Extreme Comfort Medical Scrub Top","robots":{"index":"index","follow":"follow","max-snippet":"max-snippet:-1","max-image-preview":"max-image-preview:large","max-video-preview":"max-video-preview:-1"},"canonical":"https:\/\/marktxxl.de\/markt\/produkt\/greys-anatomy-impact-7188-womens-elevate-scrub-top-black-m\/","og_locale":"de_DE","og_type":"article","og_title":"Grey's Anatomy Impact Elevate Top for Women- Extreme Comfort Medical Scrub Top - Markt-XXL","og_description":"Markt-XXL Grey's Anatomy Impact Elevate Top for Women- Extreme Comfort Medical Scrub Top","og_url":"https:\/\/marktxxl.de\/markt\/produkt\/greys-anatomy-impact-7188-womens-elevate-scrub-top-black-m\/","og_site_name":"Markt-XXL","article_modified_time":"2023-04-11T02:13:21+00:00","og_image":[{"width":500,"height":500,"url":"https:\/\/m.media-amazon.com\/images\/I\/31ZpWkaXvKL._SL500_.jpg","type":"image\/jpeg"}],"twitter_card":"summary_large_image","twitter_misc":{"Gesch\u00e4tzte Lesezeit":"1\u00a0Minute"},"schema":{"@context":"https:\/\/schema.org","@graph":[{"@type":"WebPage","@id":"https:\/\/marktxxl.de\/markt\/produkt\/greys-anatomy-impact-7188-womens-elevate-scrub-top-black-m\/","url":"https:\/\/marktxxl.de\/markt\/produkt\/greys-anatomy-impact-7188-womens-elevate-scrub-top-black-m\/","name":"Grey's Anatomy Impact Elevate Top for Women- Extreme Comfort Medical Scrub Top - Markt-XXL","isPartOf":{"@id":"https:\/\/marktxxl.de\/markt\/#website"},"primaryImageOfPage":{"@id":"https:\/\/marktxxl.de\/markt\/produkt\/greys-anatomy-impact-7188-womens-elevate-scrub-top-black-m\/#primaryimage"},"image":{"@id":"https:\/\/marktxxl.de\/markt\/produkt\/greys-anatomy-impact-7188-womens-elevate-scrub-top-black-m\/#primaryimage"},"thumbnailUrl":"https:\/\/m.media-amazon.com\/images\/I\/31ZpWkaXvKL._SL500_.jpg","datePublished":"2022-07-14T01:51:35+00:00","dateModified":"2023-04-11T02:13:21+00:00","description":"Markt-XXL Grey's Anatomy Impact Elevate Top for Women- Extreme Comfort Medical Scrub Top","breadcrumb":{"@id":"https:\/\/marktxxl.de\/markt\/produkt\/greys-anatomy-impact-7188-womens-elevate-scrub-top-black-m\/#breadcrumb"},"inLanguage":"de","potentialAction":[{"@type":"ReadAction","target":["https:\/\/marktxxl.de\/markt\/produkt\/greys-anatomy-impact-7188-womens-elevate-scrub-top-black-m\/"]}]},{"@type":"ImageObject","inLanguage":"de","@id":"https:\/\/marktxxl.de\/markt\/produkt\/greys-anatomy-impact-7188-womens-elevate-scrub-top-black-m\/#primaryimage","url":"https:\/\/m.media-amazon.com\/images\/I\/31ZpWkaXvKL._SL500_.jpg","contentUrl":"https:\/\/m.media-amazon.com\/images\/I\/31ZpWkaXvKL._SL500_.jpg","width":500,"height":500},{"@type":"BreadcrumbList","@id":"https:\/\/marktxxl.de\/markt\/produkt\/greys-anatomy-impact-7188-womens-elevate-scrub-top-black-m\/#breadcrumb","itemListElement":[{"@type":"ListItem","position":1,"name":"Startseite","item":"https:\/\/marktxxl.de\/markt\/"},{"@type":"ListItem","position":2,"name":"Markt","item":"https:\/\/marktxxl.de\/markt\/"},{"@type":"ListItem","position":3,"name":"Grey&#8217;s Anatomy Impact Elevate Top for Women- Extreme Comfort Medical Scrub Top"}]},{"@type":"WebSite","@id":"https:\/\/marktxxl.de\/markt\/#website","url":"https:\/\/marktxxl.de\/markt\/","name":"Markt-XXL","description":"Ihr Markt Online","publisher":{"@id":"https:\/\/marktxxl.de\/markt\/#organization"},"potentialAction":[{"@type":"SearchAction","target":{"@type":"EntryPoint","urlTemplate":"https:\/\/marktxxl.de\/markt\/?s={search_term_string}"},"query-input":{"@type":"PropertyValueSpecification","valueRequired":true,"valueName":"search_term_string"}}],"inLanguage":"de"},{"@type":"Organization","@id":"https:\/\/marktxxl.de\/markt\/#organization","name":"Markt-XXL","url":"https:\/\/marktxxl.de\/markt\/","logo":{"@type":"ImageObject","inLanguage":"de","@id":"https:\/\/marktxxl.de\/markt\/#\/schema\/logo\/image\/","url":"https:\/\/marktxxl.de\/markt\/wp-content\/uploads\/sites\/3\/2020\/12\/logo.png","contentUrl":"https:\/\/marktxxl.de\/markt\/wp-content\/uploads\/sites\/3\/2020\/12\/logo.png","width":200,"height":70,"caption":"Markt-XXL"},"image":{"@id":"https:\/\/marktxxl.de\/markt\/#\/schema\/logo\/image\/"}}]}},"_links":{"self":[{"href":"https:\/\/marktxxl.de\/markt\/wp-json\/wp\/v2\/product\/137617","targetHints":{"allow":["GET"]}}],"collection":[{"href":"https:\/\/marktxxl.de\/markt\/wp-json\/wp\/v2\/product"}],"about":[{"href":"https:\/\/marktxxl.de\/markt\/wp-json\/wp\/v2\/types\/product"}],"replies":[{"embeddable":true,"href":"https:\/\/marktxxl.de\/markt\/wp-json\/wp\/v2\/comments?post=137617"}],"wp:featuredmedia":[{"embeddable":true,"href":"https:\/\/marktxxl.de\/markt\/wp-json\/wp\/v2\/media\/137618"}],"wp:attachment":[{"href":"https:\/\/marktxxl.de\/markt\/wp-json\/wp\/v2\/media?parent=137617"}],"wp:term":[{"taxonomy":"product_brand","embeddable":true,"href":"https:\/\/marktxxl.de\/markt\/wp-json\/wp\/v2\/product_brand?post=137617"},{"taxonomy":"product_cat","embeddable":true,"href":"https:\/\/marktxxl.de\/markt\/wp-json\/wp\/v2\/product_cat?post=137617"},{"taxonomy":"product_tag","embeddable":true,"href":"https:\/\/marktxxl.de\/markt\/wp-json\/wp\/v2\/product_tag?post=137617"}],"curies":[{"name":"wp","href":"https:\/\/api.w.org\/{rel}","templated":true}]}}