{"id":137611,"date":"2022-07-14T03:51:26","date_gmt":"2022-07-14T01:51:26","guid":{"rendered":"https:\/\/marktxxl.de\/markt\/produkt\/lustige-kochmuetze-grillmaster-verstellbarer-kochhut-fuer-herren-damen-schwarz\/"},"modified":"2023-04-11T04:13:21","modified_gmt":"2023-04-11T02:13:21","slug":"lustige-kochmuetze-grillmaster-verstellbarer-kochhut-fuer-herren-damen-schwarz","status":"publish","type":"product","link":"https:\/\/marktxxl.de\/markt\/produkt\/lustige-kochmuetze-grillmaster-verstellbarer-kochhut-fuer-herren-damen-schwarz\/","title":{"rendered":"Lustige Kochm\u00fctze \u2013 Grillmaster \u2013 verstellbarer Kochhut f\u00fcr Herren &amp; Damen schwarz"},"content":{"rendered":"<p>Lustige Kochm\u00fctzen \u2013 das perfekte Geschenk f\u00fcr jeden Mann oder jede Frau, die gerne kochen, backen oder grillen. Auch Menschen ohne Humor werden ein gutes Lachen haben, wenn sie es als Geschenk \u00f6ffnen.<br \/>\nPolyester-Baumwoll-Mischung \u2013 Hergestellt aus einem hochwertigen Polyester- und Baumwoll-Mischgewebe, ist dieser Kochhut bequem und kann \u00fcber einen l\u00e4ngeren Zeitraum getragen werden, ohne Beschwerden zu verursachen.<br \/>\nEinheitsgr\u00f6\u00dfe \u2013 mit seiner gro\u00dfen, verstellbaren R\u00fcckseite passen unsere Kochm\u00fctzen auf jeden Kopf bis zu 33 cm im Durchmesser.<br \/>\nMaschinenwaschbar \u2013 gebaut, um auch f\u00fcr schmutzigste K\u00f6che zu halten. Maschinenwaschbar und trocknergeeignet bei niedriger Temperatur, damit Ihre Kochm\u00fctze wieder wie neu aussieht.<br \/>\nLustig und funktional \u2013 unsere Kochkappen sind f\u00fcr alle Kochbedingungen gedacht, sie sch\u00fctzen die Haare vor den Gasflammen auf Ihrem Grill bis hin zum Dampf auf Ihrer Herdplatte, w\u00e4hrend Ihre Haare gesch\u00fctzt bleiben.<br \/>\n<div class=\"main-cross-sell\" data-asin=\"B08LQWR9YZ\">\n\n\t<div class=\"WooZone-cross-sell-loader\">\n\t\t<div>\n\t\t\t<div id=\"floatingBarsG\">\n\t\t\t\t<div class=\"blockG\" id=\"rotateG_01\"><\/div>\n\t\t\t\t<div class=\"blockG\" id=\"rotateG_02\"><\/div>\n\t\t\t\t<div class=\"blockG\" id=\"rotateG_03\"><\/div>\n\t\t\t\t<div class=\"blockG\" id=\"rotateG_04\"><\/div>\n\t\t\t\t<div class=\"blockG\" id=\"rotateG_05\"><\/div>\n\t\t\t\t<div class=\"blockG\" id=\"rotateG_06\"><\/div>\n\t\t\t\t<div class=\"blockG\" id=\"rotateG_07\"><\/div>\n\t\t\t\t<div class=\"blockG\" id=\"rotateG_08\"><\/div>\n\t\t\t<\/div>\n\t\t\t<div class=\"WooZone-cross-sell-loader-text\"><\/div>\n\t\t<\/div>\n\t<\/div>\n\n\t\t\n<\/div>\n<div style=\"clear:both;\"><\/div><\/p>\n","protected":false},"excerpt":{"rendered":"<p>Lustige Kochm\u00fctzen \u2013 das perfekte Geschenk f\u00fcr jeden Mann oder jede Frau, die gerne kochen, backen oder grillen. Auch Menschen ohne Humor werden ein gutes Lachen haben, wenn sie es als Geschenk \u00f6ffnen.<br \/>\nPolyester-Baumwoll-Mischung \u2013 Hergestellt aus einem hochwertigen Polyester- und Baumwoll-Mischgewebe, ist dieser Kochhut bequem und kann \u00fcber einen l\u00e4ngeren Zeitraum getragen werden, ohne Beschwerden zu verursachen.<br \/>\nEinheitsgr\u00f6\u00dfe \u2013 mit seiner gro\u00dfen, verstellbaren R\u00fcckseite passen unsere Kochm\u00fctzen auf jeden Kopf bis zu 33 cm im Durchmesser.<\/p>\n","protected":false},"featured_media":137612,"comment_status":"open","ping_status":"closed","template":"","meta":[],"product_brand":[],"product_cat":[4143,1186],"product_tag":[],"class_list":{"0":"post-137611","1":"product","2":"type-product","3":"status-publish","4":"has-post-thumbnail","6":"product_cat-arbeitskleidung-uniformen","7":"product_cat-bekleidung","8":"pa_binding-textilien","9":"pa_brand-apron-daddy","10":"pa_color-schwarz","11":"pa_size-einheitsgroesse","13":"first","14":"instock","15":"shipping-taxable","16":"purchasable","17":"product-type-simple","18":"customify-col","19":"product-has-gallery"},"yoast_head":"<!-- This site is optimized with the Yoast SEO plugin v27.4 - https:\/\/yoast.com\/product\/yoast-seo-wordpress\/ -->\n<title>Lustige Kochm\u00fctze \u2013 Grillmaster \u2013 verstellbarer Kochhut f\u00fcr Herren &amp; Damen schwarz - Markt-XXL<\/title>\n<meta name=\"description\" content=\"Markt-XXL Lustige Kochm\u00fctze \u2013 Grillmaster \u2013 verstellbarer Kochhut f\u00fcr Herren &amp; Damen schwarz\" \/>\n<meta name=\"robots\" content=\"index, follow, max-snippet:-1, max-image-preview:large, max-video-preview:-1\" \/>\n<link rel=\"canonical\" href=\"https:\/\/marktxxl.de\/markt\/produkt\/lustige-kochmuetze-grillmaster-verstellbarer-kochhut-fuer-herren-damen-schwarz\/\" \/>\n<meta property=\"og:locale\" content=\"de_DE\" \/>\n<meta property=\"og:type\" content=\"article\" \/>\n<meta property=\"og:title\" content=\"Lustige Kochm\u00fctze \u2013 Grillmaster \u2013 verstellbarer Kochhut f\u00fcr Herren &amp; Damen schwarz - Markt-XXL\" \/>\n<meta property=\"og:description\" content=\"Markt-XXL Lustige Kochm\u00fctze \u2013 Grillmaster \u2013 verstellbarer Kochhut f\u00fcr Herren &amp; Damen schwarz\" \/>\n<meta property=\"og:url\" content=\"https:\/\/marktxxl.de\/markt\/produkt\/lustige-kochmuetze-grillmaster-verstellbarer-kochhut-fuer-herren-damen-schwarz\/\" \/>\n<meta property=\"og:site_name\" content=\"Markt-XXL\" \/>\n<meta property=\"article:modified_time\" content=\"2023-04-11T02:13:21+00:00\" \/>\n<meta property=\"og:image\" content=\"https:\/\/m.media-amazon.com\/images\/I\/41tNdedHlXL._SL500_.jpg\" \/>\n\t<meta property=\"og:image:width\" content=\"500\" \/>\n\t<meta property=\"og:image:height\" content=\"500\" \/>\n\t<meta property=\"og:image:type\" content=\"image\/jpeg\" \/>\n<meta name=\"twitter:card\" content=\"summary_large_image\" \/>\n<meta name=\"twitter:label1\" content=\"Gesch\u00e4tzte Lesezeit\" \/>\n\t<meta name=\"twitter:data1\" content=\"1\u00a0Minute\" \/>\n<script type=\"application\/ld+json\" class=\"yoast-schema-graph\">{\"@context\":\"https:\\\/\\\/schema.org\",\"@graph\":[{\"@type\":\"WebPage\",\"@id\":\"https:\\\/\\\/marktxxl.de\\\/markt\\\/produkt\\\/lustige-kochmuetze-grillmaster-verstellbarer-kochhut-fuer-herren-damen-schwarz\\\/\",\"url\":\"https:\\\/\\\/marktxxl.de\\\/markt\\\/produkt\\\/lustige-kochmuetze-grillmaster-verstellbarer-kochhut-fuer-herren-damen-schwarz\\\/\",\"name\":\"Lustige Kochm\u00fctze \u2013 Grillmaster \u2013 verstellbarer Kochhut f\u00fcr Herren &amp; Damen schwarz - Markt-XXL\",\"isPartOf\":{\"@id\":\"https:\\\/\\\/marktxxl.de\\\/markt\\\/#website\"},\"primaryImageOfPage\":{\"@id\":\"https:\\\/\\\/marktxxl.de\\\/markt\\\/produkt\\\/lustige-kochmuetze-grillmaster-verstellbarer-kochhut-fuer-herren-damen-schwarz\\\/#primaryimage\"},\"image\":{\"@id\":\"https:\\\/\\\/marktxxl.de\\\/markt\\\/produkt\\\/lustige-kochmuetze-grillmaster-verstellbarer-kochhut-fuer-herren-damen-schwarz\\\/#primaryimage\"},\"thumbnailUrl\":\"https:\\\/\\\/m.media-amazon.com\\\/images\\\/I\\\/41tNdedHlXL._SL500_.jpg\",\"datePublished\":\"2022-07-14T01:51:26+00:00\",\"dateModified\":\"2023-04-11T02:13:21+00:00\",\"description\":\"Markt-XXL Lustige Kochm\u00fctze \u2013 Grillmaster \u2013 verstellbarer Kochhut f\u00fcr Herren &amp; Damen schwarz\",\"breadcrumb\":{\"@id\":\"https:\\\/\\\/marktxxl.de\\\/markt\\\/produkt\\\/lustige-kochmuetze-grillmaster-verstellbarer-kochhut-fuer-herren-damen-schwarz\\\/#breadcrumb\"},\"inLanguage\":\"de\",\"potentialAction\":[{\"@type\":\"ReadAction\",\"target\":[\"https:\\\/\\\/marktxxl.de\\\/markt\\\/produkt\\\/lustige-kochmuetze-grillmaster-verstellbarer-kochhut-fuer-herren-damen-schwarz\\\/\"]}]},{\"@type\":\"ImageObject\",\"inLanguage\":\"de\",\"@id\":\"https:\\\/\\\/marktxxl.de\\\/markt\\\/produkt\\\/lustige-kochmuetze-grillmaster-verstellbarer-kochhut-fuer-herren-damen-schwarz\\\/#primaryimage\",\"url\":\"https:\\\/\\\/m.media-amazon.com\\\/images\\\/I\\\/41tNdedHlXL._SL500_.jpg\",\"contentUrl\":\"https:\\\/\\\/m.media-amazon.com\\\/images\\\/I\\\/41tNdedHlXL._SL500_.jpg\",\"width\":500,\"height\":500},{\"@type\":\"BreadcrumbList\",\"@id\":\"https:\\\/\\\/marktxxl.de\\\/markt\\\/produkt\\\/lustige-kochmuetze-grillmaster-verstellbarer-kochhut-fuer-herren-damen-schwarz\\\/#breadcrumb\",\"itemListElement\":[{\"@type\":\"ListItem\",\"position\":1,\"name\":\"Startseite\",\"item\":\"https:\\\/\\\/marktxxl.de\\\/markt\\\/\"},{\"@type\":\"ListItem\",\"position\":2,\"name\":\"Markt\",\"item\":\"https:\\\/\\\/marktxxl.de\\\/markt\\\/\"},{\"@type\":\"ListItem\",\"position\":3,\"name\":\"Lustige Kochm\u00fctze \u2013 Grillmaster \u2013 verstellbarer Kochhut f\u00fcr Herren &amp; Damen schwarz\"}]},{\"@type\":\"WebSite\",\"@id\":\"https:\\\/\\\/marktxxl.de\\\/markt\\\/#website\",\"url\":\"https:\\\/\\\/marktxxl.de\\\/markt\\\/\",\"name\":\"Markt-XXL\",\"description\":\"Ihr Markt Online\",\"publisher\":{\"@id\":\"https:\\\/\\\/marktxxl.de\\\/markt\\\/#organization\"},\"potentialAction\":[{\"@type\":\"SearchAction\",\"target\":{\"@type\":\"EntryPoint\",\"urlTemplate\":\"https:\\\/\\\/marktxxl.de\\\/markt\\\/?s={search_term_string}\"},\"query-input\":{\"@type\":\"PropertyValueSpecification\",\"valueRequired\":true,\"valueName\":\"search_term_string\"}}],\"inLanguage\":\"de\"},{\"@type\":\"Organization\",\"@id\":\"https:\\\/\\\/marktxxl.de\\\/markt\\\/#organization\",\"name\":\"Markt-XXL\",\"url\":\"https:\\\/\\\/marktxxl.de\\\/markt\\\/\",\"logo\":{\"@type\":\"ImageObject\",\"inLanguage\":\"de\",\"@id\":\"https:\\\/\\\/marktxxl.de\\\/markt\\\/#\\\/schema\\\/logo\\\/image\\\/\",\"url\":\"https:\\\/\\\/marktxxl.de\\\/markt\\\/wp-content\\\/uploads\\\/sites\\\/3\\\/2020\\\/12\\\/logo.png\",\"contentUrl\":\"https:\\\/\\\/marktxxl.de\\\/markt\\\/wp-content\\\/uploads\\\/sites\\\/3\\\/2020\\\/12\\\/logo.png\",\"width\":200,\"height\":70,\"caption\":\"Markt-XXL\"},\"image\":{\"@id\":\"https:\\\/\\\/marktxxl.de\\\/markt\\\/#\\\/schema\\\/logo\\\/image\\\/\"}}]}<\/script>\n<!-- \/ Yoast SEO plugin. -->","yoast_head_json":{"title":"Lustige Kochm\u00fctze \u2013 Grillmaster \u2013 verstellbarer Kochhut f\u00fcr Herren &amp; Damen schwarz - Markt-XXL","description":"Markt-XXL Lustige Kochm\u00fctze \u2013 Grillmaster \u2013 verstellbarer Kochhut f\u00fcr Herren &amp; Damen schwarz","robots":{"index":"index","follow":"follow","max-snippet":"max-snippet:-1","max-image-preview":"max-image-preview:large","max-video-preview":"max-video-preview:-1"},"canonical":"https:\/\/marktxxl.de\/markt\/produkt\/lustige-kochmuetze-grillmaster-verstellbarer-kochhut-fuer-herren-damen-schwarz\/","og_locale":"de_DE","og_type":"article","og_title":"Lustige Kochm\u00fctze \u2013 Grillmaster \u2013 verstellbarer Kochhut f\u00fcr Herren &amp; Damen schwarz - Markt-XXL","og_description":"Markt-XXL Lustige Kochm\u00fctze \u2013 Grillmaster \u2013 verstellbarer Kochhut f\u00fcr Herren &amp; Damen schwarz","og_url":"https:\/\/marktxxl.de\/markt\/produkt\/lustige-kochmuetze-grillmaster-verstellbarer-kochhut-fuer-herren-damen-schwarz\/","og_site_name":"Markt-XXL","article_modified_time":"2023-04-11T02:13:21+00:00","og_image":[{"width":500,"height":500,"url":"https:\/\/m.media-amazon.com\/images\/I\/41tNdedHlXL._SL500_.jpg","type":"image\/jpeg"}],"twitter_card":"summary_large_image","twitter_misc":{"Gesch\u00e4tzte Lesezeit":"1\u00a0Minute"},"schema":{"@context":"https:\/\/schema.org","@graph":[{"@type":"WebPage","@id":"https:\/\/marktxxl.de\/markt\/produkt\/lustige-kochmuetze-grillmaster-verstellbarer-kochhut-fuer-herren-damen-schwarz\/","url":"https:\/\/marktxxl.de\/markt\/produkt\/lustige-kochmuetze-grillmaster-verstellbarer-kochhut-fuer-herren-damen-schwarz\/","name":"Lustige Kochm\u00fctze \u2013 Grillmaster \u2013 verstellbarer Kochhut f\u00fcr Herren &amp; Damen schwarz - Markt-XXL","isPartOf":{"@id":"https:\/\/marktxxl.de\/markt\/#website"},"primaryImageOfPage":{"@id":"https:\/\/marktxxl.de\/markt\/produkt\/lustige-kochmuetze-grillmaster-verstellbarer-kochhut-fuer-herren-damen-schwarz\/#primaryimage"},"image":{"@id":"https:\/\/marktxxl.de\/markt\/produkt\/lustige-kochmuetze-grillmaster-verstellbarer-kochhut-fuer-herren-damen-schwarz\/#primaryimage"},"thumbnailUrl":"https:\/\/m.media-amazon.com\/images\/I\/41tNdedHlXL._SL500_.jpg","datePublished":"2022-07-14T01:51:26+00:00","dateModified":"2023-04-11T02:13:21+00:00","description":"Markt-XXL Lustige Kochm\u00fctze \u2013 Grillmaster \u2013 verstellbarer Kochhut f\u00fcr Herren &amp; Damen schwarz","breadcrumb":{"@id":"https:\/\/marktxxl.de\/markt\/produkt\/lustige-kochmuetze-grillmaster-verstellbarer-kochhut-fuer-herren-damen-schwarz\/#breadcrumb"},"inLanguage":"de","potentialAction":[{"@type":"ReadAction","target":["https:\/\/marktxxl.de\/markt\/produkt\/lustige-kochmuetze-grillmaster-verstellbarer-kochhut-fuer-herren-damen-schwarz\/"]}]},{"@type":"ImageObject","inLanguage":"de","@id":"https:\/\/marktxxl.de\/markt\/produkt\/lustige-kochmuetze-grillmaster-verstellbarer-kochhut-fuer-herren-damen-schwarz\/#primaryimage","url":"https:\/\/m.media-amazon.com\/images\/I\/41tNdedHlXL._SL500_.jpg","contentUrl":"https:\/\/m.media-amazon.com\/images\/I\/41tNdedHlXL._SL500_.jpg","width":500,"height":500},{"@type":"BreadcrumbList","@id":"https:\/\/marktxxl.de\/markt\/produkt\/lustige-kochmuetze-grillmaster-verstellbarer-kochhut-fuer-herren-damen-schwarz\/#breadcrumb","itemListElement":[{"@type":"ListItem","position":1,"name":"Startseite","item":"https:\/\/marktxxl.de\/markt\/"},{"@type":"ListItem","position":2,"name":"Markt","item":"https:\/\/marktxxl.de\/markt\/"},{"@type":"ListItem","position":3,"name":"Lustige Kochm\u00fctze \u2013 Grillmaster \u2013 verstellbarer Kochhut f\u00fcr Herren &amp; Damen schwarz"}]},{"@type":"WebSite","@id":"https:\/\/marktxxl.de\/markt\/#website","url":"https:\/\/marktxxl.de\/markt\/","name":"Markt-XXL","description":"Ihr Markt Online","publisher":{"@id":"https:\/\/marktxxl.de\/markt\/#organization"},"potentialAction":[{"@type":"SearchAction","target":{"@type":"EntryPoint","urlTemplate":"https:\/\/marktxxl.de\/markt\/?s={search_term_string}"},"query-input":{"@type":"PropertyValueSpecification","valueRequired":true,"valueName":"search_term_string"}}],"inLanguage":"de"},{"@type":"Organization","@id":"https:\/\/marktxxl.de\/markt\/#organization","name":"Markt-XXL","url":"https:\/\/marktxxl.de\/markt\/","logo":{"@type":"ImageObject","inLanguage":"de","@id":"https:\/\/marktxxl.de\/markt\/#\/schema\/logo\/image\/","url":"https:\/\/marktxxl.de\/markt\/wp-content\/uploads\/sites\/3\/2020\/12\/logo.png","contentUrl":"https:\/\/marktxxl.de\/markt\/wp-content\/uploads\/sites\/3\/2020\/12\/logo.png","width":200,"height":70,"caption":"Markt-XXL"},"image":{"@id":"https:\/\/marktxxl.de\/markt\/#\/schema\/logo\/image\/"}}]}},"_links":{"self":[{"href":"https:\/\/marktxxl.de\/markt\/wp-json\/wp\/v2\/product\/137611","targetHints":{"allow":["GET"]}}],"collection":[{"href":"https:\/\/marktxxl.de\/markt\/wp-json\/wp\/v2\/product"}],"about":[{"href":"https:\/\/marktxxl.de\/markt\/wp-json\/wp\/v2\/types\/product"}],"replies":[{"embeddable":true,"href":"https:\/\/marktxxl.de\/markt\/wp-json\/wp\/v2\/comments?post=137611"}],"wp:featuredmedia":[{"embeddable":true,"href":"https:\/\/marktxxl.de\/markt\/wp-json\/wp\/v2\/media\/137612"}],"wp:attachment":[{"href":"https:\/\/marktxxl.de\/markt\/wp-json\/wp\/v2\/media?parent=137611"}],"wp:term":[{"taxonomy":"product_brand","embeddable":true,"href":"https:\/\/marktxxl.de\/markt\/wp-json\/wp\/v2\/product_brand?post=137611"},{"taxonomy":"product_cat","embeddable":true,"href":"https:\/\/marktxxl.de\/markt\/wp-json\/wp\/v2\/product_cat?post=137611"},{"taxonomy":"product_tag","embeddable":true,"href":"https:\/\/marktxxl.de\/markt\/wp-json\/wp\/v2\/product_tag?post=137611"}],"curies":[{"name":"wp","href":"https:\/\/api.w.org\/{rel}","templated":true}]}}