{"id":137599,"date":"2022-07-14T03:51:10","date_gmt":"2022-07-14T01:51:10","guid":{"rendered":"https:\/\/marktxxl.de\/markt\/produkt\/5-11-stryke-pant-femme\/"},"modified":"2023-04-11T04:13:21","modified_gmt":"2023-04-11T02:13:21","slug":"5-11-stryke-pant-femme","status":"publish","type":"product","link":"https:\/\/marktxxl.de\/markt\/produkt\/5-11-stryke-pant-femme\/","title":{"rendered":"5.11 Stryke Pant Femme"},"content":{"rendered":"<p>Hochwertiges Material \u2013 Hergestellt aus hochwertigem, patentiertem Zwei-Wege-Stretch mit einem Flex-Tac-Ripstop-Gewebe, ist dieses Paar Hose robust und flexibel, um maximale Leistung auf dem Feld zu gew\u00e4hrleisten.<br \/>\nTeflonbeschichteter Stoff \u2013 beschichtet mit Teflon, diese Hose hat eine sch\u00fctzende Oberfl\u00e4che, die Flecken, Erde und Feuchtigkeit widersteht, ohne die Atmungsaktivit\u00e4t zu beeintr\u00e4chtigen. Die Beschichtung erleichtert auch die Reinigung dieses Kleidungsst\u00fccks!<br \/>\nKomplett mit Zwickel \u2013 Mit einem Schritt mit Zwickel und einem taillierten Aussehen bietet dieses Paar Hose optimale Flexibilit\u00e4t und eine bequeme Passform, um Ihre Sorgen \u00fcber Risse und Risse zu vermeiden.<br \/>\nSpezielle Taschen \u2013 speziell f\u00fcr Profis unterwegs, dieses Paar Hose hat 12 Taschen, einschlie\u00dflich doppelt verst\u00e4rkte Taschen und Vordertaschen, um reichlich Stauraum und einfachen Zugang zu all Ihrer missionskritischen Ausr\u00fcstung zu bieten.<br \/>\nProfessionelles Design \u2013 f\u00fcr weibliche Bediener entwickelt, hat diese Ausr\u00fcstung einen festen Bund und bewegliche Knie, die mit einem internen Kniepolster ausgestattet sind. Das verst\u00e4rkte Design sorgt f\u00fcr mehr Mobilit\u00e4t den ganzen Tag.<br \/>\n<div class=\"main-cross-sell\" data-asin=\"B076TDJJ27\">\n\n\t<div class=\"WooZone-cross-sell-loader\">\n\t\t<div>\n\t\t\t<div id=\"floatingBarsG\">\n\t\t\t\t<div class=\"blockG\" id=\"rotateG_01\"><\/div>\n\t\t\t\t<div class=\"blockG\" id=\"rotateG_02\"><\/div>\n\t\t\t\t<div class=\"blockG\" id=\"rotateG_03\"><\/div>\n\t\t\t\t<div class=\"blockG\" id=\"rotateG_04\"><\/div>\n\t\t\t\t<div class=\"blockG\" id=\"rotateG_05\"><\/div>\n\t\t\t\t<div class=\"blockG\" id=\"rotateG_06\"><\/div>\n\t\t\t\t<div class=\"blockG\" id=\"rotateG_07\"><\/div>\n\t\t\t\t<div class=\"blockG\" id=\"rotateG_08\"><\/div>\n\t\t\t<\/div>\n\t\t\t<div class=\"WooZone-cross-sell-loader-text\"><\/div>\n\t\t<\/div>\n\t<\/div>\n\n\t\t\n<\/div>\n<div style=\"clear:both;\"><\/div><\/p>\n","protected":false},"excerpt":{"rendered":"<p>Hochwertiges Material \u2013 Hergestellt aus hochwertigem, patentiertem Zwei-Wege-Stretch mit einem Flex-Tac-Ripstop-Gewebe, ist dieses Paar Hose robust und flexibel, um maximale Leistung auf dem Feld zu gew\u00e4hrleisten.<br \/>\nTeflonbeschichteter Stoff \u2013 beschichtet mit Teflon, diese Hose hat eine sch\u00fctzende Oberfl\u00e4che, die Flecken, Erde und Feuchtigkeit widersteht, ohne die Atmungsaktivit\u00e4t zu beeintr\u00e4chtigen. Die Beschichtung erleichtert auch die Reinigung dieses Kleidungsst\u00fccks!<br \/>\nKomplett mit Zwickel \u2013 Mit einem Schritt mit Zwickel und einem taillierten Aussehen bietet dieses Paar Hose optimale Flexibilit\u00e4t und eine bequeme Passform, um Ihre Sorgen \u00fcber Risse und Risse zu vermeiden.<\/p>\n","protected":false},"featured_media":137600,"comment_status":"open","ping_status":"closed","template":"","meta":[],"product_brand":[],"product_cat":[4143,1186],"product_tag":[],"class_list":{"0":"post-137599","1":"product","2":"type-product","3":"status-publish","4":"has-post-thumbnail","6":"product_cat-arbeitskleidung-uniformen","7":"product_cat-bekleidung","8":"pa_binding-ausruestung","9":"pa_brand-5-11","10":"pa_height-1-zoll","11":"pa_length-1-zoll","12":"pa_manufacturer-511t45-11-tactical","13":"pa_model-64386-055","14":"pa_weight-1-653466965-pfund","15":"pa_width-1-zoll","17":"first","18":"instock","19":"shipping-taxable","20":"purchasable","21":"product-type-simple","22":"customify-col","23":"product-has-gallery"},"yoast_head":"<!-- This site is optimized with the Yoast SEO plugin v27.3 - https:\/\/yoast.com\/product\/yoast-seo-wordpress\/ -->\n<title>5.11 Stryke Pant Femme - Markt-XXL<\/title>\n<meta name=\"description\" content=\"Markt-XXL 5.11 Stryke Pant Femme\" \/>\n<meta name=\"robots\" content=\"index, follow, max-snippet:-1, max-image-preview:large, max-video-preview:-1\" \/>\n<link rel=\"canonical\" href=\"https:\/\/marktxxl.de\/markt\/produkt\/5-11-stryke-pant-femme\/\" \/>\n<meta property=\"og:locale\" content=\"de_DE\" \/>\n<meta property=\"og:type\" content=\"article\" \/>\n<meta property=\"og:title\" content=\"5.11 Stryke Pant Femme - Markt-XXL\" \/>\n<meta property=\"og:description\" content=\"Markt-XXL 5.11 Stryke Pant Femme\" \/>\n<meta property=\"og:url\" content=\"https:\/\/marktxxl.de\/markt\/produkt\/5-11-stryke-pant-femme\/\" \/>\n<meta property=\"og:site_name\" content=\"Markt-XXL\" \/>\n<meta property=\"article:modified_time\" content=\"2023-04-11T02:13:21+00:00\" \/>\n<meta property=\"og:image\" content=\"https:\/\/m.media-amazon.com\/images\/I\/31MoLr3EYjL._SL500_.jpg\" \/>\n\t<meta property=\"og:image:width\" content=\"500\" \/>\n\t<meta property=\"og:image:height\" content=\"500\" \/>\n\t<meta property=\"og:image:type\" content=\"image\/jpeg\" \/>\n<meta name=\"twitter:card\" content=\"summary_large_image\" \/>\n<meta name=\"twitter:label1\" content=\"Gesch\u00e4tzte Lesezeit\" \/>\n\t<meta name=\"twitter:data1\" content=\"1\u00a0Minute\" \/>\n<script type=\"application\/ld+json\" class=\"yoast-schema-graph\">{\"@context\":\"https:\\\/\\\/schema.org\",\"@graph\":[{\"@type\":\"WebPage\",\"@id\":\"https:\\\/\\\/marktxxl.de\\\/markt\\\/produkt\\\/5-11-stryke-pant-femme\\\/\",\"url\":\"https:\\\/\\\/marktxxl.de\\\/markt\\\/produkt\\\/5-11-stryke-pant-femme\\\/\",\"name\":\"5.11 Stryke Pant Femme - Markt-XXL\",\"isPartOf\":{\"@id\":\"https:\\\/\\\/marktxxl.de\\\/markt\\\/#website\"},\"primaryImageOfPage\":{\"@id\":\"https:\\\/\\\/marktxxl.de\\\/markt\\\/produkt\\\/5-11-stryke-pant-femme\\\/#primaryimage\"},\"image\":{\"@id\":\"https:\\\/\\\/marktxxl.de\\\/markt\\\/produkt\\\/5-11-stryke-pant-femme\\\/#primaryimage\"},\"thumbnailUrl\":\"https:\\\/\\\/m.media-amazon.com\\\/images\\\/I\\\/31MoLr3EYjL._SL500_.jpg\",\"datePublished\":\"2022-07-14T01:51:10+00:00\",\"dateModified\":\"2023-04-11T02:13:21+00:00\",\"description\":\"Markt-XXL 5.11 Stryke Pant Femme\",\"breadcrumb\":{\"@id\":\"https:\\\/\\\/marktxxl.de\\\/markt\\\/produkt\\\/5-11-stryke-pant-femme\\\/#breadcrumb\"},\"inLanguage\":\"de\",\"potentialAction\":[{\"@type\":\"ReadAction\",\"target\":[\"https:\\\/\\\/marktxxl.de\\\/markt\\\/produkt\\\/5-11-stryke-pant-femme\\\/\"]}]},{\"@type\":\"ImageObject\",\"inLanguage\":\"de\",\"@id\":\"https:\\\/\\\/marktxxl.de\\\/markt\\\/produkt\\\/5-11-stryke-pant-femme\\\/#primaryimage\",\"url\":\"https:\\\/\\\/m.media-amazon.com\\\/images\\\/I\\\/31MoLr3EYjL._SL500_.jpg\",\"contentUrl\":\"https:\\\/\\\/m.media-amazon.com\\\/images\\\/I\\\/31MoLr3EYjL._SL500_.jpg\",\"width\":500,\"height\":500},{\"@type\":\"BreadcrumbList\",\"@id\":\"https:\\\/\\\/marktxxl.de\\\/markt\\\/produkt\\\/5-11-stryke-pant-femme\\\/#breadcrumb\",\"itemListElement\":[{\"@type\":\"ListItem\",\"position\":1,\"name\":\"Startseite\",\"item\":\"https:\\\/\\\/marktxxl.de\\\/markt\\\/\"},{\"@type\":\"ListItem\",\"position\":2,\"name\":\"Markt\",\"item\":\"https:\\\/\\\/marktxxl.de\\\/markt\\\/\"},{\"@type\":\"ListItem\",\"position\":3,\"name\":\"5.11 Stryke Pant Femme\"}]},{\"@type\":\"WebSite\",\"@id\":\"https:\\\/\\\/marktxxl.de\\\/markt\\\/#website\",\"url\":\"https:\\\/\\\/marktxxl.de\\\/markt\\\/\",\"name\":\"Markt-XXL\",\"description\":\"Ihr Markt Online\",\"publisher\":{\"@id\":\"https:\\\/\\\/marktxxl.de\\\/markt\\\/#organization\"},\"potentialAction\":[{\"@type\":\"SearchAction\",\"target\":{\"@type\":\"EntryPoint\",\"urlTemplate\":\"https:\\\/\\\/marktxxl.de\\\/markt\\\/?s={search_term_string}\"},\"query-input\":{\"@type\":\"PropertyValueSpecification\",\"valueRequired\":true,\"valueName\":\"search_term_string\"}}],\"inLanguage\":\"de\"},{\"@type\":\"Organization\",\"@id\":\"https:\\\/\\\/marktxxl.de\\\/markt\\\/#organization\",\"name\":\"Markt-XXL\",\"url\":\"https:\\\/\\\/marktxxl.de\\\/markt\\\/\",\"logo\":{\"@type\":\"ImageObject\",\"inLanguage\":\"de\",\"@id\":\"https:\\\/\\\/marktxxl.de\\\/markt\\\/#\\\/schema\\\/logo\\\/image\\\/\",\"url\":\"https:\\\/\\\/marktxxl.de\\\/markt\\\/wp-content\\\/uploads\\\/sites\\\/3\\\/2020\\\/12\\\/logo.png\",\"contentUrl\":\"https:\\\/\\\/marktxxl.de\\\/markt\\\/wp-content\\\/uploads\\\/sites\\\/3\\\/2020\\\/12\\\/logo.png\",\"width\":200,\"height\":70,\"caption\":\"Markt-XXL\"},\"image\":{\"@id\":\"https:\\\/\\\/marktxxl.de\\\/markt\\\/#\\\/schema\\\/logo\\\/image\\\/\"}}]}<\/script>\n<!-- \/ Yoast SEO plugin. -->","yoast_head_json":{"title":"5.11 Stryke Pant Femme - Markt-XXL","description":"Markt-XXL 5.11 Stryke Pant Femme","robots":{"index":"index","follow":"follow","max-snippet":"max-snippet:-1","max-image-preview":"max-image-preview:large","max-video-preview":"max-video-preview:-1"},"canonical":"https:\/\/marktxxl.de\/markt\/produkt\/5-11-stryke-pant-femme\/","og_locale":"de_DE","og_type":"article","og_title":"5.11 Stryke Pant Femme - Markt-XXL","og_description":"Markt-XXL 5.11 Stryke Pant Femme","og_url":"https:\/\/marktxxl.de\/markt\/produkt\/5-11-stryke-pant-femme\/","og_site_name":"Markt-XXL","article_modified_time":"2023-04-11T02:13:21+00:00","og_image":[{"width":500,"height":500,"url":"https:\/\/m.media-amazon.com\/images\/I\/31MoLr3EYjL._SL500_.jpg","type":"image\/jpeg"}],"twitter_card":"summary_large_image","twitter_misc":{"Gesch\u00e4tzte Lesezeit":"1\u00a0Minute"},"schema":{"@context":"https:\/\/schema.org","@graph":[{"@type":"WebPage","@id":"https:\/\/marktxxl.de\/markt\/produkt\/5-11-stryke-pant-femme\/","url":"https:\/\/marktxxl.de\/markt\/produkt\/5-11-stryke-pant-femme\/","name":"5.11 Stryke Pant Femme - Markt-XXL","isPartOf":{"@id":"https:\/\/marktxxl.de\/markt\/#website"},"primaryImageOfPage":{"@id":"https:\/\/marktxxl.de\/markt\/produkt\/5-11-stryke-pant-femme\/#primaryimage"},"image":{"@id":"https:\/\/marktxxl.de\/markt\/produkt\/5-11-stryke-pant-femme\/#primaryimage"},"thumbnailUrl":"https:\/\/m.media-amazon.com\/images\/I\/31MoLr3EYjL._SL500_.jpg","datePublished":"2022-07-14T01:51:10+00:00","dateModified":"2023-04-11T02:13:21+00:00","description":"Markt-XXL 5.11 Stryke Pant Femme","breadcrumb":{"@id":"https:\/\/marktxxl.de\/markt\/produkt\/5-11-stryke-pant-femme\/#breadcrumb"},"inLanguage":"de","potentialAction":[{"@type":"ReadAction","target":["https:\/\/marktxxl.de\/markt\/produkt\/5-11-stryke-pant-femme\/"]}]},{"@type":"ImageObject","inLanguage":"de","@id":"https:\/\/marktxxl.de\/markt\/produkt\/5-11-stryke-pant-femme\/#primaryimage","url":"https:\/\/m.media-amazon.com\/images\/I\/31MoLr3EYjL._SL500_.jpg","contentUrl":"https:\/\/m.media-amazon.com\/images\/I\/31MoLr3EYjL._SL500_.jpg","width":500,"height":500},{"@type":"BreadcrumbList","@id":"https:\/\/marktxxl.de\/markt\/produkt\/5-11-stryke-pant-femme\/#breadcrumb","itemListElement":[{"@type":"ListItem","position":1,"name":"Startseite","item":"https:\/\/marktxxl.de\/markt\/"},{"@type":"ListItem","position":2,"name":"Markt","item":"https:\/\/marktxxl.de\/markt\/"},{"@type":"ListItem","position":3,"name":"5.11 Stryke Pant Femme"}]},{"@type":"WebSite","@id":"https:\/\/marktxxl.de\/markt\/#website","url":"https:\/\/marktxxl.de\/markt\/","name":"Markt-XXL","description":"Ihr Markt Online","publisher":{"@id":"https:\/\/marktxxl.de\/markt\/#organization"},"potentialAction":[{"@type":"SearchAction","target":{"@type":"EntryPoint","urlTemplate":"https:\/\/marktxxl.de\/markt\/?s={search_term_string}"},"query-input":{"@type":"PropertyValueSpecification","valueRequired":true,"valueName":"search_term_string"}}],"inLanguage":"de"},{"@type":"Organization","@id":"https:\/\/marktxxl.de\/markt\/#organization","name":"Markt-XXL","url":"https:\/\/marktxxl.de\/markt\/","logo":{"@type":"ImageObject","inLanguage":"de","@id":"https:\/\/marktxxl.de\/markt\/#\/schema\/logo\/image\/","url":"https:\/\/marktxxl.de\/markt\/wp-content\/uploads\/sites\/3\/2020\/12\/logo.png","contentUrl":"https:\/\/marktxxl.de\/markt\/wp-content\/uploads\/sites\/3\/2020\/12\/logo.png","width":200,"height":70,"caption":"Markt-XXL"},"image":{"@id":"https:\/\/marktxxl.de\/markt\/#\/schema\/logo\/image\/"}}]}},"_links":{"self":[{"href":"https:\/\/marktxxl.de\/markt\/wp-json\/wp\/v2\/product\/137599","targetHints":{"allow":["GET"]}}],"collection":[{"href":"https:\/\/marktxxl.de\/markt\/wp-json\/wp\/v2\/product"}],"about":[{"href":"https:\/\/marktxxl.de\/markt\/wp-json\/wp\/v2\/types\/product"}],"replies":[{"embeddable":true,"href":"https:\/\/marktxxl.de\/markt\/wp-json\/wp\/v2\/comments?post=137599"}],"wp:featuredmedia":[{"embeddable":true,"href":"https:\/\/marktxxl.de\/markt\/wp-json\/wp\/v2\/media\/137600"}],"wp:attachment":[{"href":"https:\/\/marktxxl.de\/markt\/wp-json\/wp\/v2\/media?parent=137599"}],"wp:term":[{"taxonomy":"product_brand","embeddable":true,"href":"https:\/\/marktxxl.de\/markt\/wp-json\/wp\/v2\/product_brand?post=137599"},{"taxonomy":"product_cat","embeddable":true,"href":"https:\/\/marktxxl.de\/markt\/wp-json\/wp\/v2\/product_cat?post=137599"},{"taxonomy":"product_tag","embeddable":true,"href":"https:\/\/marktxxl.de\/markt\/wp-json\/wp\/v2\/product_tag?post=137599"}],"curies":[{"name":"wp","href":"https:\/\/api.w.org\/{rel}","templated":true}]}}