{"id":137582,"date":"2022-07-14T03:50:38","date_gmt":"2022-07-14T01:50:38","guid":{"rendered":"https:\/\/marktxxl.de\/markt\/produkt\/menzio-chef-kuechenschuerzen-pack-schwarz-und-weinrote-bestickte-von-hoechster-qualitaet-fuer-paar-mann-frau-restaurant-kellner-wasserdicht-wasserabweisend-fuer-kueche-garten-grill\/"},"modified":"2023-04-11T04:13:20","modified_gmt":"2023-04-11T02:13:20","slug":"menzio-chef-kuechenschuerzen-pack-schwarz-und-weinrote-bestickte-von-hoechster-qualitaet-fuer-paar-mann-frau-restaurant-kellner-wasserdicht-wasserabweisend-fuer-kueche-garten-grill","status":"publish","type":"product","link":"https:\/\/marktxxl.de\/markt\/produkt\/menzio-chef-kuechenschuerzen-pack-schwarz-und-weinrote-bestickte-von-hoechster-qualitaet-fuer-paar-mann-frau-restaurant-kellner-wasserdicht-wasserabweisend-fuer-kueche-garten-grill\/","title":{"rendered":"MENZIO CHEF K\u00fcchensch\u00fcrzen Pack Schwarz und weinrote Bestickte von h\u00f6chster Qualit\u00e4t f\u00fcr Paar, Mann, Frau, Restaurant\u2026"},"content":{"rendered":"<p>\ud83c\udde9\ud83c\uddea Mit Menzio Chef entscheiden Sie sich f\u00fcr franz\u00f6sische Eleganz. Kochen Sie zu zweit oder allein mit diesem sch\u00f6nen Set aus schwarzen und bordeauxfarbenen Sch\u00fcrzen. Sie werden den dicken 240g\/m2-Stoff und die Stickerei mit Steppstich zu sch\u00e4tzen wissen. In den 2 zentralen Taschen k\u00f6nnen Sie einen K\u00fcchenhandschuh, ein kleines Notizbuch oder Ihr Telefon unterbringen. Es ist ein ideales Geschenk, das Flexibilit\u00e4t und Haltbarkeit vereint&#8230; Mit Eleganz etwas bewirken.<br \/>\n\u2b50 Die Mischung aus Baumwolle (35 %) und Polyester (65 %) verleiht unseren Sch\u00fcrzen Komfort und St\u00e4rke. Sie sind aus einem dicken, wasserabweisenden Stoff gefertigt, der Sie unter allen Umst\u00e4nden trocken h\u00e4lt und verhindert, dass sich Flecken in den Fasern festsetzen. Sie werden die Pflegeleichtigkeit Ihrer Sch\u00fcrzen zu sch\u00e4tzen wissen.<br \/>\n\ud83d\udc4c Der Halsausschnitt ist verstellbar, um die H\u00f6he der Sch\u00fcrze anzupassen. Die seitlichen Tr\u00e4ger sind 95 cm lang und lassen sich leicht an die K\u00f6rperform von Ihnen und Ihrem K\u00fcchenpartner anpassen.<br \/>\n\ud83c\udf73 Unsere Sch\u00fcrzen laden sich selbst in Ihre K\u00fcche ein, um Sie bei Ihren sch\u00f6nsten Kreationen oder bei informelleren Mahlzeiten rund um einen Grill oder eine Plancha mit Freunden zu begleiten, und das das ganze Jahr \u00fcber, bei jeder Gelegenheit.<br \/>\n\u2705 Sollten Sie trotz aller Sorgfalt, die wir auf die Qualit\u00e4t unserer Produkte verwenden, nicht vollst\u00e4ndig zufrieden sein, bieten wir Ihnen eine 30-t\u00e4gige Geld-zur\u00fcck-Garantie.<br \/>\n<div class=\"main-cross-sell\" data-asin=\"B09CG49XSR\">\n\n\t<div class=\"WooZone-cross-sell-loader\">\n\t\t<div>\n\t\t\t<div id=\"floatingBarsG\">\n\t\t\t\t<div class=\"blockG\" id=\"rotateG_01\"><\/div>\n\t\t\t\t<div class=\"blockG\" id=\"rotateG_02\"><\/div>\n\t\t\t\t<div class=\"blockG\" id=\"rotateG_03\"><\/div>\n\t\t\t\t<div class=\"blockG\" id=\"rotateG_04\"><\/div>\n\t\t\t\t<div class=\"blockG\" id=\"rotateG_05\"><\/div>\n\t\t\t\t<div class=\"blockG\" id=\"rotateG_06\"><\/div>\n\t\t\t\t<div class=\"blockG\" id=\"rotateG_07\"><\/div>\n\t\t\t\t<div class=\"blockG\" id=\"rotateG_08\"><\/div>\n\t\t\t<\/div>\n\t\t\t<div class=\"WooZone-cross-sell-loader-text\"><\/div>\n\t\t<\/div>\n\t<\/div>\n\n\t\t\n<\/div>\n<div style=\"clear:both;\"><\/div><\/p>\n","protected":false},"excerpt":{"rendered":"<p>\ud83c\udde9\ud83c\uddea Mit Menzio Chef entscheiden Sie sich f\u00fcr franz\u00f6sische Eleganz. Kochen Sie zu zweit oder allein mit diesem sch\u00f6nen Set aus schwarzen und bordeauxfarbenen Sch\u00fcrzen. Sie werden den dicken 240g\/m2-Stoff und die Stickerei mit Steppstich zu sch\u00e4tzen wissen. In den 2 zentralen Taschen k\u00f6nnen Sie einen K\u00fcchenhandschuh, ein kleines Notizbuch oder Ihr Telefon unterbringen. Es ist ein ideales Geschenk, das Flexibilit\u00e4t und Haltbarkeit vereint&#8230; Mit Eleganz etwas bewirken.<br \/>\n\u2b50 Die Mischung aus Baumwolle (35 %) und Polyester (65 %) verleiht unseren Sch\u00fcrzen Komfort und St\u00e4rke. Sie sind aus einem dicken, wasserabweisenden Stoff gefertigt, der Sie unter allen Umst\u00e4nden trocken h\u00e4lt und verhindert, dass sich Flecken in den Fasern festsetzen. Sie werden die Pflegeleichtigkeit Ihrer Sch\u00fcrzen zu sch\u00e4tzen wissen.<br \/>\n\ud83d\udc4c Der Halsausschnitt ist verstellbar, um die H\u00f6he der Sch\u00fcrze anzupassen. Die seitlichen Tr\u00e4ger sind 95 cm lang und lassen sich leicht an die K\u00f6rperform von Ihnen und Ihrem K\u00fcchenpartner anpassen.<\/p>\n","protected":false},"featured_media":137583,"comment_status":"open","ping_status":"closed","template":"","meta":[],"product_brand":[],"product_cat":[4143,1186],"product_tag":[],"class_list":{"0":"post-137582","1":"product","2":"type-product","3":"status-publish","4":"has-post-thumbnail","6":"product_cat-arbeitskleidung-uniformen","7":"product_cat-bekleidung","8":"pa_brand-menzio-chef","9":"pa_color-duo","10":"pa_manufacturer-menzio-shop","11":"pa_size-einheitsgroesse","13":"first","14":"instock","15":"shipping-taxable","16":"purchasable","17":"product-type-simple","18":"customify-col","19":"product-has-gallery"},"yoast_head":"<!-- This site is optimized with the Yoast SEO plugin v27.4 - https:\/\/yoast.com\/product\/yoast-seo-wordpress\/ -->\n<title>MENZIO CHEF K\u00fcchensch\u00fcrzen Pack Schwarz und weinrote Bestickte von h\u00f6chster Qualit\u00e4t f\u00fcr Paar, Mann, Frau, Restaurant\u2026 - Markt-XXL<\/title>\n<meta name=\"description\" content=\"Markt-XXL MENZIO CHEF K\u00fcchensch\u00fcrzen Pack Schwarz und weinrote Bestickte von h\u00f6chster Qualit\u00e4t f\u00fcr Paar, Mann, Frau, Restaurant\u2026\" \/>\n<meta name=\"robots\" content=\"index, follow, max-snippet:-1, max-image-preview:large, max-video-preview:-1\" \/>\n<link rel=\"canonical\" href=\"https:\/\/marktxxl.de\/markt\/produkt\/menzio-chef-kuechenschuerzen-pack-schwarz-und-weinrote-bestickte-von-hoechster-qualitaet-fuer-paar-mann-frau-restaurant-kellner-wasserdicht-wasserabweisend-fuer-kueche-garten-grill\/\" \/>\n<meta property=\"og:locale\" content=\"de_DE\" \/>\n<meta property=\"og:type\" content=\"article\" \/>\n<meta property=\"og:title\" content=\"MENZIO CHEF K\u00fcchensch\u00fcrzen Pack Schwarz und weinrote Bestickte von h\u00f6chster Qualit\u00e4t f\u00fcr Paar, Mann, Frau, Restaurant\u2026 - Markt-XXL\" \/>\n<meta property=\"og:description\" content=\"Markt-XXL MENZIO CHEF K\u00fcchensch\u00fcrzen Pack Schwarz und weinrote Bestickte von h\u00f6chster Qualit\u00e4t f\u00fcr Paar, Mann, Frau, Restaurant\u2026\" \/>\n<meta property=\"og:url\" content=\"https:\/\/marktxxl.de\/markt\/produkt\/menzio-chef-kuechenschuerzen-pack-schwarz-und-weinrote-bestickte-von-hoechster-qualitaet-fuer-paar-mann-frau-restaurant-kellner-wasserdicht-wasserabweisend-fuer-kueche-garten-grill\/\" \/>\n<meta property=\"og:site_name\" content=\"Markt-XXL\" \/>\n<meta property=\"article:modified_time\" content=\"2023-04-11T02:13:20+00:00\" \/>\n<meta property=\"og:image\" content=\"https:\/\/m.media-amazon.com\/images\/I\/41w6GqNKMUL._SL500_.jpg\" \/>\n\t<meta property=\"og:image:width\" content=\"500\" \/>\n\t<meta property=\"og:image:height\" content=\"500\" \/>\n\t<meta property=\"og:image:type\" content=\"image\/jpeg\" \/>\n<meta name=\"twitter:card\" content=\"summary_large_image\" \/>\n<meta name=\"twitter:label1\" content=\"Gesch\u00e4tzte Lesezeit\" \/>\n\t<meta name=\"twitter:data1\" content=\"1\u00a0Minute\" \/>\n<script type=\"application\/ld+json\" class=\"yoast-schema-graph\">{\"@context\":\"https:\\\/\\\/schema.org\",\"@graph\":[{\"@type\":\"WebPage\",\"@id\":\"https:\\\/\\\/marktxxl.de\\\/markt\\\/produkt\\\/menzio-chef-kuechenschuerzen-pack-schwarz-und-weinrote-bestickte-von-hoechster-qualitaet-fuer-paar-mann-frau-restaurant-kellner-wasserdicht-wasserabweisend-fuer-kueche-garten-grill\\\/\",\"url\":\"https:\\\/\\\/marktxxl.de\\\/markt\\\/produkt\\\/menzio-chef-kuechenschuerzen-pack-schwarz-und-weinrote-bestickte-von-hoechster-qualitaet-fuer-paar-mann-frau-restaurant-kellner-wasserdicht-wasserabweisend-fuer-kueche-garten-grill\\\/\",\"name\":\"MENZIO CHEF K\u00fcchensch\u00fcrzen Pack Schwarz und weinrote Bestickte von h\u00f6chster Qualit\u00e4t f\u00fcr Paar, Mann, Frau, Restaurant\u2026 - Markt-XXL\",\"isPartOf\":{\"@id\":\"https:\\\/\\\/marktxxl.de\\\/markt\\\/#website\"},\"primaryImageOfPage\":{\"@id\":\"https:\\\/\\\/marktxxl.de\\\/markt\\\/produkt\\\/menzio-chef-kuechenschuerzen-pack-schwarz-und-weinrote-bestickte-von-hoechster-qualitaet-fuer-paar-mann-frau-restaurant-kellner-wasserdicht-wasserabweisend-fuer-kueche-garten-grill\\\/#primaryimage\"},\"image\":{\"@id\":\"https:\\\/\\\/marktxxl.de\\\/markt\\\/produkt\\\/menzio-chef-kuechenschuerzen-pack-schwarz-und-weinrote-bestickte-von-hoechster-qualitaet-fuer-paar-mann-frau-restaurant-kellner-wasserdicht-wasserabweisend-fuer-kueche-garten-grill\\\/#primaryimage\"},\"thumbnailUrl\":\"https:\\\/\\\/m.media-amazon.com\\\/images\\\/I\\\/41w6GqNKMUL._SL500_.jpg\",\"datePublished\":\"2022-07-14T01:50:38+00:00\",\"dateModified\":\"2023-04-11T02:13:20+00:00\",\"description\":\"Markt-XXL MENZIO CHEF K\u00fcchensch\u00fcrzen Pack Schwarz und weinrote Bestickte von h\u00f6chster Qualit\u00e4t f\u00fcr Paar, Mann, Frau, Restaurant\u2026\",\"breadcrumb\":{\"@id\":\"https:\\\/\\\/marktxxl.de\\\/markt\\\/produkt\\\/menzio-chef-kuechenschuerzen-pack-schwarz-und-weinrote-bestickte-von-hoechster-qualitaet-fuer-paar-mann-frau-restaurant-kellner-wasserdicht-wasserabweisend-fuer-kueche-garten-grill\\\/#breadcrumb\"},\"inLanguage\":\"de\",\"potentialAction\":[{\"@type\":\"ReadAction\",\"target\":[\"https:\\\/\\\/marktxxl.de\\\/markt\\\/produkt\\\/menzio-chef-kuechenschuerzen-pack-schwarz-und-weinrote-bestickte-von-hoechster-qualitaet-fuer-paar-mann-frau-restaurant-kellner-wasserdicht-wasserabweisend-fuer-kueche-garten-grill\\\/\"]}]},{\"@type\":\"ImageObject\",\"inLanguage\":\"de\",\"@id\":\"https:\\\/\\\/marktxxl.de\\\/markt\\\/produkt\\\/menzio-chef-kuechenschuerzen-pack-schwarz-und-weinrote-bestickte-von-hoechster-qualitaet-fuer-paar-mann-frau-restaurant-kellner-wasserdicht-wasserabweisend-fuer-kueche-garten-grill\\\/#primaryimage\",\"url\":\"https:\\\/\\\/m.media-amazon.com\\\/images\\\/I\\\/41w6GqNKMUL._SL500_.jpg\",\"contentUrl\":\"https:\\\/\\\/m.media-amazon.com\\\/images\\\/I\\\/41w6GqNKMUL._SL500_.jpg\",\"width\":500,\"height\":500},{\"@type\":\"BreadcrumbList\",\"@id\":\"https:\\\/\\\/marktxxl.de\\\/markt\\\/produkt\\\/menzio-chef-kuechenschuerzen-pack-schwarz-und-weinrote-bestickte-von-hoechster-qualitaet-fuer-paar-mann-frau-restaurant-kellner-wasserdicht-wasserabweisend-fuer-kueche-garten-grill\\\/#breadcrumb\",\"itemListElement\":[{\"@type\":\"ListItem\",\"position\":1,\"name\":\"Startseite\",\"item\":\"https:\\\/\\\/marktxxl.de\\\/markt\\\/\"},{\"@type\":\"ListItem\",\"position\":2,\"name\":\"Markt\",\"item\":\"https:\\\/\\\/marktxxl.de\\\/markt\\\/\"},{\"@type\":\"ListItem\",\"position\":3,\"name\":\"MENZIO CHEF K\u00fcchensch\u00fcrzen Pack Schwarz und weinrote Bestickte von h\u00f6chster Qualit\u00e4t f\u00fcr Paar, Mann, Frau, Restaurant\u2026\"}]},{\"@type\":\"WebSite\",\"@id\":\"https:\\\/\\\/marktxxl.de\\\/markt\\\/#website\",\"url\":\"https:\\\/\\\/marktxxl.de\\\/markt\\\/\",\"name\":\"Markt-XXL\",\"description\":\"Ihr Markt Online\",\"publisher\":{\"@id\":\"https:\\\/\\\/marktxxl.de\\\/markt\\\/#organization\"},\"potentialAction\":[{\"@type\":\"SearchAction\",\"target\":{\"@type\":\"EntryPoint\",\"urlTemplate\":\"https:\\\/\\\/marktxxl.de\\\/markt\\\/?s={search_term_string}\"},\"query-input\":{\"@type\":\"PropertyValueSpecification\",\"valueRequired\":true,\"valueName\":\"search_term_string\"}}],\"inLanguage\":\"de\"},{\"@type\":\"Organization\",\"@id\":\"https:\\\/\\\/marktxxl.de\\\/markt\\\/#organization\",\"name\":\"Markt-XXL\",\"url\":\"https:\\\/\\\/marktxxl.de\\\/markt\\\/\",\"logo\":{\"@type\":\"ImageObject\",\"inLanguage\":\"de\",\"@id\":\"https:\\\/\\\/marktxxl.de\\\/markt\\\/#\\\/schema\\\/logo\\\/image\\\/\",\"url\":\"https:\\\/\\\/marktxxl.de\\\/markt\\\/wp-content\\\/uploads\\\/sites\\\/3\\\/2020\\\/12\\\/logo.png\",\"contentUrl\":\"https:\\\/\\\/marktxxl.de\\\/markt\\\/wp-content\\\/uploads\\\/sites\\\/3\\\/2020\\\/12\\\/logo.png\",\"width\":200,\"height\":70,\"caption\":\"Markt-XXL\"},\"image\":{\"@id\":\"https:\\\/\\\/marktxxl.de\\\/markt\\\/#\\\/schema\\\/logo\\\/image\\\/\"}}]}<\/script>\n<!-- \/ Yoast SEO plugin. -->","yoast_head_json":{"title":"MENZIO CHEF K\u00fcchensch\u00fcrzen Pack Schwarz und weinrote Bestickte von h\u00f6chster Qualit\u00e4t f\u00fcr Paar, Mann, Frau, Restaurant\u2026 - Markt-XXL","description":"Markt-XXL MENZIO CHEF K\u00fcchensch\u00fcrzen Pack Schwarz und weinrote Bestickte von h\u00f6chster Qualit\u00e4t f\u00fcr Paar, Mann, Frau, Restaurant\u2026","robots":{"index":"index","follow":"follow","max-snippet":"max-snippet:-1","max-image-preview":"max-image-preview:large","max-video-preview":"max-video-preview:-1"},"canonical":"https:\/\/marktxxl.de\/markt\/produkt\/menzio-chef-kuechenschuerzen-pack-schwarz-und-weinrote-bestickte-von-hoechster-qualitaet-fuer-paar-mann-frau-restaurant-kellner-wasserdicht-wasserabweisend-fuer-kueche-garten-grill\/","og_locale":"de_DE","og_type":"article","og_title":"MENZIO CHEF K\u00fcchensch\u00fcrzen Pack Schwarz und weinrote Bestickte von h\u00f6chster Qualit\u00e4t f\u00fcr Paar, Mann, Frau, Restaurant\u2026 - Markt-XXL","og_description":"Markt-XXL MENZIO CHEF K\u00fcchensch\u00fcrzen Pack Schwarz und weinrote Bestickte von h\u00f6chster Qualit\u00e4t f\u00fcr Paar, Mann, Frau, Restaurant\u2026","og_url":"https:\/\/marktxxl.de\/markt\/produkt\/menzio-chef-kuechenschuerzen-pack-schwarz-und-weinrote-bestickte-von-hoechster-qualitaet-fuer-paar-mann-frau-restaurant-kellner-wasserdicht-wasserabweisend-fuer-kueche-garten-grill\/","og_site_name":"Markt-XXL","article_modified_time":"2023-04-11T02:13:20+00:00","og_image":[{"width":500,"height":500,"url":"https:\/\/m.media-amazon.com\/images\/I\/41w6GqNKMUL._SL500_.jpg","type":"image\/jpeg"}],"twitter_card":"summary_large_image","twitter_misc":{"Gesch\u00e4tzte Lesezeit":"1\u00a0Minute"},"schema":{"@context":"https:\/\/schema.org","@graph":[{"@type":"WebPage","@id":"https:\/\/marktxxl.de\/markt\/produkt\/menzio-chef-kuechenschuerzen-pack-schwarz-und-weinrote-bestickte-von-hoechster-qualitaet-fuer-paar-mann-frau-restaurant-kellner-wasserdicht-wasserabweisend-fuer-kueche-garten-grill\/","url":"https:\/\/marktxxl.de\/markt\/produkt\/menzio-chef-kuechenschuerzen-pack-schwarz-und-weinrote-bestickte-von-hoechster-qualitaet-fuer-paar-mann-frau-restaurant-kellner-wasserdicht-wasserabweisend-fuer-kueche-garten-grill\/","name":"MENZIO CHEF K\u00fcchensch\u00fcrzen Pack Schwarz und weinrote Bestickte von h\u00f6chster Qualit\u00e4t f\u00fcr Paar, Mann, Frau, Restaurant\u2026 - Markt-XXL","isPartOf":{"@id":"https:\/\/marktxxl.de\/markt\/#website"},"primaryImageOfPage":{"@id":"https:\/\/marktxxl.de\/markt\/produkt\/menzio-chef-kuechenschuerzen-pack-schwarz-und-weinrote-bestickte-von-hoechster-qualitaet-fuer-paar-mann-frau-restaurant-kellner-wasserdicht-wasserabweisend-fuer-kueche-garten-grill\/#primaryimage"},"image":{"@id":"https:\/\/marktxxl.de\/markt\/produkt\/menzio-chef-kuechenschuerzen-pack-schwarz-und-weinrote-bestickte-von-hoechster-qualitaet-fuer-paar-mann-frau-restaurant-kellner-wasserdicht-wasserabweisend-fuer-kueche-garten-grill\/#primaryimage"},"thumbnailUrl":"https:\/\/m.media-amazon.com\/images\/I\/41w6GqNKMUL._SL500_.jpg","datePublished":"2022-07-14T01:50:38+00:00","dateModified":"2023-04-11T02:13:20+00:00","description":"Markt-XXL MENZIO CHEF K\u00fcchensch\u00fcrzen Pack Schwarz und weinrote Bestickte von h\u00f6chster Qualit\u00e4t f\u00fcr Paar, Mann, Frau, Restaurant\u2026","breadcrumb":{"@id":"https:\/\/marktxxl.de\/markt\/produkt\/menzio-chef-kuechenschuerzen-pack-schwarz-und-weinrote-bestickte-von-hoechster-qualitaet-fuer-paar-mann-frau-restaurant-kellner-wasserdicht-wasserabweisend-fuer-kueche-garten-grill\/#breadcrumb"},"inLanguage":"de","potentialAction":[{"@type":"ReadAction","target":["https:\/\/marktxxl.de\/markt\/produkt\/menzio-chef-kuechenschuerzen-pack-schwarz-und-weinrote-bestickte-von-hoechster-qualitaet-fuer-paar-mann-frau-restaurant-kellner-wasserdicht-wasserabweisend-fuer-kueche-garten-grill\/"]}]},{"@type":"ImageObject","inLanguage":"de","@id":"https:\/\/marktxxl.de\/markt\/produkt\/menzio-chef-kuechenschuerzen-pack-schwarz-und-weinrote-bestickte-von-hoechster-qualitaet-fuer-paar-mann-frau-restaurant-kellner-wasserdicht-wasserabweisend-fuer-kueche-garten-grill\/#primaryimage","url":"https:\/\/m.media-amazon.com\/images\/I\/41w6GqNKMUL._SL500_.jpg","contentUrl":"https:\/\/m.media-amazon.com\/images\/I\/41w6GqNKMUL._SL500_.jpg","width":500,"height":500},{"@type":"BreadcrumbList","@id":"https:\/\/marktxxl.de\/markt\/produkt\/menzio-chef-kuechenschuerzen-pack-schwarz-und-weinrote-bestickte-von-hoechster-qualitaet-fuer-paar-mann-frau-restaurant-kellner-wasserdicht-wasserabweisend-fuer-kueche-garten-grill\/#breadcrumb","itemListElement":[{"@type":"ListItem","position":1,"name":"Startseite","item":"https:\/\/marktxxl.de\/markt\/"},{"@type":"ListItem","position":2,"name":"Markt","item":"https:\/\/marktxxl.de\/markt\/"},{"@type":"ListItem","position":3,"name":"MENZIO CHEF K\u00fcchensch\u00fcrzen Pack Schwarz und weinrote Bestickte von h\u00f6chster Qualit\u00e4t f\u00fcr Paar, Mann, Frau, Restaurant\u2026"}]},{"@type":"WebSite","@id":"https:\/\/marktxxl.de\/markt\/#website","url":"https:\/\/marktxxl.de\/markt\/","name":"Markt-XXL","description":"Ihr Markt Online","publisher":{"@id":"https:\/\/marktxxl.de\/markt\/#organization"},"potentialAction":[{"@type":"SearchAction","target":{"@type":"EntryPoint","urlTemplate":"https:\/\/marktxxl.de\/markt\/?s={search_term_string}"},"query-input":{"@type":"PropertyValueSpecification","valueRequired":true,"valueName":"search_term_string"}}],"inLanguage":"de"},{"@type":"Organization","@id":"https:\/\/marktxxl.de\/markt\/#organization","name":"Markt-XXL","url":"https:\/\/marktxxl.de\/markt\/","logo":{"@type":"ImageObject","inLanguage":"de","@id":"https:\/\/marktxxl.de\/markt\/#\/schema\/logo\/image\/","url":"https:\/\/marktxxl.de\/markt\/wp-content\/uploads\/sites\/3\/2020\/12\/logo.png","contentUrl":"https:\/\/marktxxl.de\/markt\/wp-content\/uploads\/sites\/3\/2020\/12\/logo.png","width":200,"height":70,"caption":"Markt-XXL"},"image":{"@id":"https:\/\/marktxxl.de\/markt\/#\/schema\/logo\/image\/"}}]}},"_links":{"self":[{"href":"https:\/\/marktxxl.de\/markt\/wp-json\/wp\/v2\/product\/137582","targetHints":{"allow":["GET"]}}],"collection":[{"href":"https:\/\/marktxxl.de\/markt\/wp-json\/wp\/v2\/product"}],"about":[{"href":"https:\/\/marktxxl.de\/markt\/wp-json\/wp\/v2\/types\/product"}],"replies":[{"embeddable":true,"href":"https:\/\/marktxxl.de\/markt\/wp-json\/wp\/v2\/comments?post=137582"}],"wp:featuredmedia":[{"embeddable":true,"href":"https:\/\/marktxxl.de\/markt\/wp-json\/wp\/v2\/media\/137583"}],"wp:attachment":[{"href":"https:\/\/marktxxl.de\/markt\/wp-json\/wp\/v2\/media?parent=137582"}],"wp:term":[{"taxonomy":"product_brand","embeddable":true,"href":"https:\/\/marktxxl.de\/markt\/wp-json\/wp\/v2\/product_brand?post=137582"},{"taxonomy":"product_cat","embeddable":true,"href":"https:\/\/marktxxl.de\/markt\/wp-json\/wp\/v2\/product_cat?post=137582"},{"taxonomy":"product_tag","embeddable":true,"href":"https:\/\/marktxxl.de\/markt\/wp-json\/wp\/v2\/product_tag?post=137582"}],"curies":[{"name":"wp","href":"https:\/\/api.w.org\/{rel}","templated":true}]}}