{"id":137510,"date":"2022-07-14T03:44:07","date_gmt":"2022-07-14T01:44:07","guid":{"rendered":"https:\/\/marktxxl.de\/markt\/produkt\/shirtoo-supersuesser-baby-body-strampler-finger-weg-ich-habe-eine-verrueckte-familie-fuer-jungen-und-maedchen-als-geschenk-zur-geburt-erstausstattung\/"},"modified":"2023-04-11T04:13:19","modified_gmt":"2023-04-11T02:13:19","slug":"shirtoo-supersuesser-baby-body-strampler-finger-weg-ich-habe-eine-verrueckte-familie-fuer-jungen-und-maedchen-als-geschenk-zur-geburt-erstausstattung","status":"publish","type":"product","link":"https:\/\/marktxxl.de\/markt\/produkt\/shirtoo-supersuesser-baby-body-strampler-finger-weg-ich-habe-eine-verrueckte-familie-fuer-jungen-und-maedchen-als-geschenk-zur-geburt-erstausstattung\/","title":{"rendered":"Shirtoo Supers\u00fc\u00dfer Baby Body Strampler Finger Weg! Ich Habe eine verr\u00fcckte Familie f\u00fcr Jungen und M\u00e4dchen als Geschenk\u2026"},"content":{"rendered":"<p>Diese Baby Bodies sind ein witziges Geschenk zur Geburt und sorgen bei der frischgebackenen Mutter und dem stolzen Vater f\u00fcr ein Schmunzeln und leuchtende Augen<br \/>\nDer Babybody ist mit dem Spruch Finger weg! Ich habe eine verr\u00fcckte FAMILIE bedruckt<br \/>\nF\u00fcr die Mama und den Papa des Neugeborenen steht die Gesundheit des Kindes an oberster Stelle. Daher verzichten wir bewusst auf den Einsatz einer chemischer Vorbehandlung f\u00fcr den Druck. Der Baby Strampler ist nach \u00d6kotex-100-Standard auf Schadstoffe gepr\u00fcft.<br \/>\nDie Strampler bestehen aus einem festen Stoff (200g\/qm), sind einlaufvorbehandelt und haben 3 (nickelfreie) Druckkn\u00f6pfe am unteren Bund.<br \/>\nF\u00fcr kleine Boys und Girls in den Gr\u00f6\u00dfen 0 &#8211; 3 Monate (Gr\u00f6\u00dfe 50\/56), 3 &#8211; 6 Monate (Gr\u00f6\u00dfe 62\/68), 6 &#8211; 12 Monate (Gr\u00f6\u00dfe 74\/80) und 12-18 Monate (81\/86)<br \/>\n<div class=\"main-cross-sell\" data-asin=\"B07GMLGWXN\">\n\n\t<div class=\"WooZone-cross-sell-loader\">\n\t\t<div>\n\t\t\t<div id=\"floatingBarsG\">\n\t\t\t\t<div class=\"blockG\" id=\"rotateG_01\"><\/div>\n\t\t\t\t<div class=\"blockG\" id=\"rotateG_02\"><\/div>\n\t\t\t\t<div class=\"blockG\" id=\"rotateG_03\"><\/div>\n\t\t\t\t<div class=\"blockG\" id=\"rotateG_04\"><\/div>\n\t\t\t\t<div class=\"blockG\" id=\"rotateG_05\"><\/div>\n\t\t\t\t<div class=\"blockG\" id=\"rotateG_06\"><\/div>\n\t\t\t\t<div class=\"blockG\" id=\"rotateG_07\"><\/div>\n\t\t\t\t<div class=\"blockG\" id=\"rotateG_08\"><\/div>\n\t\t\t<\/div>\n\t\t\t<div class=\"WooZone-cross-sell-loader-text\"><\/div>\n\t\t<\/div>\n\t<\/div>\n\n\t\t\n<\/div>\n<div style=\"clear:both;\"><\/div><\/p>\n","protected":false},"excerpt":{"rendered":"<p>Diese Baby Bodies sind ein witziges Geschenk zur Geburt und sorgen bei der frischgebackenen Mutter und dem stolzen Vater f\u00fcr ein Schmunzeln und leuchtende Augen<br \/>\nDer Babybody ist mit dem Spruch Finger weg! Ich habe eine verr\u00fcckte FAMILIE bedruckt<br \/>\nF\u00fcr die Mama und den Papa des Neugeborenen steht die Gesundheit des Kindes an oberster Stelle. Daher verzichten wir bewusst auf den Einsatz einer chemischer Vorbehandlung f\u00fcr den Druck. Der Baby Strampler ist nach \u00d6kotex-100-Standard auf Schadstoffe gepr\u00fcft.<\/p>\n","protected":false},"featured_media":137511,"comment_status":"open","ping_status":"closed","template":"","meta":[],"product_brand":[],"product_cat":[1186,4069],"product_tag":[],"class_list":{"0":"post-137510","1":"product","2":"type-product","3":"status-publish","4":"has-post-thumbnail","6":"product_cat-bekleidung","7":"product_cat-spezielle-anlaesse","8":"pa_brand-shirtoo","10":"first","11":"instock","12":"shipping-taxable","13":"purchasable","14":"product-type-simple","15":"customify-col","16":"product-has-gallery"},"yoast_head":"<!-- This site is optimized with the Yoast SEO plugin v27.4 - https:\/\/yoast.com\/product\/yoast-seo-wordpress\/ -->\n<title>Shirtoo Supers\u00fc\u00dfer Baby Body Strampler Finger Weg! Ich Habe eine verr\u00fcckte Familie f\u00fcr Jungen und M\u00e4dchen als Geschenk\u2026 - Markt-XXL<\/title>\n<meta name=\"description\" content=\"Markt-XXL Shirtoo Supers\u00fc\u00dfer Baby Body Strampler Finger Weg! Ich Habe eine verr\u00fcckte Familie f\u00fcr Jungen und M\u00e4dchen als Geschenk\u2026\" \/>\n<meta name=\"robots\" content=\"index, follow, max-snippet:-1, max-image-preview:large, max-video-preview:-1\" \/>\n<link rel=\"canonical\" href=\"https:\/\/marktxxl.de\/markt\/produkt\/shirtoo-supersuesser-baby-body-strampler-finger-weg-ich-habe-eine-verrueckte-familie-fuer-jungen-und-maedchen-als-geschenk-zur-geburt-erstausstattung\/\" \/>\n<meta property=\"og:locale\" content=\"de_DE\" \/>\n<meta property=\"og:type\" content=\"article\" \/>\n<meta property=\"og:title\" content=\"Shirtoo Supers\u00fc\u00dfer Baby Body Strampler Finger Weg! Ich Habe eine verr\u00fcckte Familie f\u00fcr Jungen und M\u00e4dchen als Geschenk\u2026 - Markt-XXL\" \/>\n<meta property=\"og:description\" content=\"Markt-XXL Shirtoo Supers\u00fc\u00dfer Baby Body Strampler Finger Weg! Ich Habe eine verr\u00fcckte Familie f\u00fcr Jungen und M\u00e4dchen als Geschenk\u2026\" \/>\n<meta property=\"og:url\" content=\"https:\/\/marktxxl.de\/markt\/produkt\/shirtoo-supersuesser-baby-body-strampler-finger-weg-ich-habe-eine-verrueckte-familie-fuer-jungen-und-maedchen-als-geschenk-zur-geburt-erstausstattung\/\" \/>\n<meta property=\"og:site_name\" content=\"Markt-XXL\" \/>\n<meta property=\"article:modified_time\" content=\"2023-04-11T02:13:19+00:00\" \/>\n<meta property=\"og:image\" content=\"https:\/\/m.media-amazon.com\/images\/I\/41dBT-QPaAL._SL500_.jpg\" \/>\n\t<meta property=\"og:image:width\" content=\"385\" \/>\n\t<meta property=\"og:image:height\" content=\"500\" \/>\n\t<meta property=\"og:image:type\" content=\"image\/jpeg\" \/>\n<meta name=\"twitter:card\" content=\"summary_large_image\" \/>\n<meta name=\"twitter:label1\" content=\"Gesch\u00e4tzte Lesezeit\" \/>\n\t<meta name=\"twitter:data1\" content=\"1\u00a0Minute\" \/>\n<script type=\"application\/ld+json\" class=\"yoast-schema-graph\">{\"@context\":\"https:\\\/\\\/schema.org\",\"@graph\":[{\"@type\":\"WebPage\",\"@id\":\"https:\\\/\\\/marktxxl.de\\\/markt\\\/produkt\\\/shirtoo-supersuesser-baby-body-strampler-finger-weg-ich-habe-eine-verrueckte-familie-fuer-jungen-und-maedchen-als-geschenk-zur-geburt-erstausstattung\\\/\",\"url\":\"https:\\\/\\\/marktxxl.de\\\/markt\\\/produkt\\\/shirtoo-supersuesser-baby-body-strampler-finger-weg-ich-habe-eine-verrueckte-familie-fuer-jungen-und-maedchen-als-geschenk-zur-geburt-erstausstattung\\\/\",\"name\":\"Shirtoo Supers\u00fc\u00dfer Baby Body Strampler Finger Weg! Ich Habe eine verr\u00fcckte Familie f\u00fcr Jungen und M\u00e4dchen als Geschenk\u2026 - Markt-XXL\",\"isPartOf\":{\"@id\":\"https:\\\/\\\/marktxxl.de\\\/markt\\\/#website\"},\"primaryImageOfPage\":{\"@id\":\"https:\\\/\\\/marktxxl.de\\\/markt\\\/produkt\\\/shirtoo-supersuesser-baby-body-strampler-finger-weg-ich-habe-eine-verrueckte-familie-fuer-jungen-und-maedchen-als-geschenk-zur-geburt-erstausstattung\\\/#primaryimage\"},\"image\":{\"@id\":\"https:\\\/\\\/marktxxl.de\\\/markt\\\/produkt\\\/shirtoo-supersuesser-baby-body-strampler-finger-weg-ich-habe-eine-verrueckte-familie-fuer-jungen-und-maedchen-als-geschenk-zur-geburt-erstausstattung\\\/#primaryimage\"},\"thumbnailUrl\":\"https:\\\/\\\/m.media-amazon.com\\\/images\\\/I\\\/41dBT-QPaAL._SL500_.jpg\",\"datePublished\":\"2022-07-14T01:44:07+00:00\",\"dateModified\":\"2023-04-11T02:13:19+00:00\",\"description\":\"Markt-XXL Shirtoo Supers\u00fc\u00dfer Baby Body Strampler Finger Weg! Ich Habe eine verr\u00fcckte Familie f\u00fcr Jungen und M\u00e4dchen als Geschenk\u2026\",\"breadcrumb\":{\"@id\":\"https:\\\/\\\/marktxxl.de\\\/markt\\\/produkt\\\/shirtoo-supersuesser-baby-body-strampler-finger-weg-ich-habe-eine-verrueckte-familie-fuer-jungen-und-maedchen-als-geschenk-zur-geburt-erstausstattung\\\/#breadcrumb\"},\"inLanguage\":\"de\",\"potentialAction\":[{\"@type\":\"ReadAction\",\"target\":[\"https:\\\/\\\/marktxxl.de\\\/markt\\\/produkt\\\/shirtoo-supersuesser-baby-body-strampler-finger-weg-ich-habe-eine-verrueckte-familie-fuer-jungen-und-maedchen-als-geschenk-zur-geburt-erstausstattung\\\/\"]}]},{\"@type\":\"ImageObject\",\"inLanguage\":\"de\",\"@id\":\"https:\\\/\\\/marktxxl.de\\\/markt\\\/produkt\\\/shirtoo-supersuesser-baby-body-strampler-finger-weg-ich-habe-eine-verrueckte-familie-fuer-jungen-und-maedchen-als-geschenk-zur-geburt-erstausstattung\\\/#primaryimage\",\"url\":\"https:\\\/\\\/m.media-amazon.com\\\/images\\\/I\\\/41dBT-QPaAL._SL500_.jpg\",\"contentUrl\":\"https:\\\/\\\/m.media-amazon.com\\\/images\\\/I\\\/41dBT-QPaAL._SL500_.jpg\",\"width\":385,\"height\":500},{\"@type\":\"BreadcrumbList\",\"@id\":\"https:\\\/\\\/marktxxl.de\\\/markt\\\/produkt\\\/shirtoo-supersuesser-baby-body-strampler-finger-weg-ich-habe-eine-verrueckte-familie-fuer-jungen-und-maedchen-als-geschenk-zur-geburt-erstausstattung\\\/#breadcrumb\",\"itemListElement\":[{\"@type\":\"ListItem\",\"position\":1,\"name\":\"Startseite\",\"item\":\"https:\\\/\\\/marktxxl.de\\\/markt\\\/\"},{\"@type\":\"ListItem\",\"position\":2,\"name\":\"Markt\",\"item\":\"https:\\\/\\\/marktxxl.de\\\/markt\\\/\"},{\"@type\":\"ListItem\",\"position\":3,\"name\":\"Shirtoo Supers\u00fc\u00dfer Baby Body Strampler Finger Weg! Ich Habe eine verr\u00fcckte Familie f\u00fcr Jungen und M\u00e4dchen als Geschenk\u2026\"}]},{\"@type\":\"WebSite\",\"@id\":\"https:\\\/\\\/marktxxl.de\\\/markt\\\/#website\",\"url\":\"https:\\\/\\\/marktxxl.de\\\/markt\\\/\",\"name\":\"Markt-XXL\",\"description\":\"Ihr Markt Online\",\"publisher\":{\"@id\":\"https:\\\/\\\/marktxxl.de\\\/markt\\\/#organization\"},\"potentialAction\":[{\"@type\":\"SearchAction\",\"target\":{\"@type\":\"EntryPoint\",\"urlTemplate\":\"https:\\\/\\\/marktxxl.de\\\/markt\\\/?s={search_term_string}\"},\"query-input\":{\"@type\":\"PropertyValueSpecification\",\"valueRequired\":true,\"valueName\":\"search_term_string\"}}],\"inLanguage\":\"de\"},{\"@type\":\"Organization\",\"@id\":\"https:\\\/\\\/marktxxl.de\\\/markt\\\/#organization\",\"name\":\"Markt-XXL\",\"url\":\"https:\\\/\\\/marktxxl.de\\\/markt\\\/\",\"logo\":{\"@type\":\"ImageObject\",\"inLanguage\":\"de\",\"@id\":\"https:\\\/\\\/marktxxl.de\\\/markt\\\/#\\\/schema\\\/logo\\\/image\\\/\",\"url\":\"https:\\\/\\\/marktxxl.de\\\/markt\\\/wp-content\\\/uploads\\\/sites\\\/3\\\/2020\\\/12\\\/logo.png\",\"contentUrl\":\"https:\\\/\\\/marktxxl.de\\\/markt\\\/wp-content\\\/uploads\\\/sites\\\/3\\\/2020\\\/12\\\/logo.png\",\"width\":200,\"height\":70,\"caption\":\"Markt-XXL\"},\"image\":{\"@id\":\"https:\\\/\\\/marktxxl.de\\\/markt\\\/#\\\/schema\\\/logo\\\/image\\\/\"}}]}<\/script>\n<!-- \/ Yoast SEO plugin. -->","yoast_head_json":{"title":"Shirtoo Supers\u00fc\u00dfer Baby Body Strampler Finger Weg! Ich Habe eine verr\u00fcckte Familie f\u00fcr Jungen und M\u00e4dchen als Geschenk\u2026 - Markt-XXL","description":"Markt-XXL Shirtoo Supers\u00fc\u00dfer Baby Body Strampler Finger Weg! Ich Habe eine verr\u00fcckte Familie f\u00fcr Jungen und M\u00e4dchen als Geschenk\u2026","robots":{"index":"index","follow":"follow","max-snippet":"max-snippet:-1","max-image-preview":"max-image-preview:large","max-video-preview":"max-video-preview:-1"},"canonical":"https:\/\/marktxxl.de\/markt\/produkt\/shirtoo-supersuesser-baby-body-strampler-finger-weg-ich-habe-eine-verrueckte-familie-fuer-jungen-und-maedchen-als-geschenk-zur-geburt-erstausstattung\/","og_locale":"de_DE","og_type":"article","og_title":"Shirtoo Supers\u00fc\u00dfer Baby Body Strampler Finger Weg! Ich Habe eine verr\u00fcckte Familie f\u00fcr Jungen und M\u00e4dchen als Geschenk\u2026 - Markt-XXL","og_description":"Markt-XXL Shirtoo Supers\u00fc\u00dfer Baby Body Strampler Finger Weg! Ich Habe eine verr\u00fcckte Familie f\u00fcr Jungen und M\u00e4dchen als Geschenk\u2026","og_url":"https:\/\/marktxxl.de\/markt\/produkt\/shirtoo-supersuesser-baby-body-strampler-finger-weg-ich-habe-eine-verrueckte-familie-fuer-jungen-und-maedchen-als-geschenk-zur-geburt-erstausstattung\/","og_site_name":"Markt-XXL","article_modified_time":"2023-04-11T02:13:19+00:00","og_image":[{"width":385,"height":500,"url":"https:\/\/m.media-amazon.com\/images\/I\/41dBT-QPaAL._SL500_.jpg","type":"image\/jpeg"}],"twitter_card":"summary_large_image","twitter_misc":{"Gesch\u00e4tzte Lesezeit":"1\u00a0Minute"},"schema":{"@context":"https:\/\/schema.org","@graph":[{"@type":"WebPage","@id":"https:\/\/marktxxl.de\/markt\/produkt\/shirtoo-supersuesser-baby-body-strampler-finger-weg-ich-habe-eine-verrueckte-familie-fuer-jungen-und-maedchen-als-geschenk-zur-geburt-erstausstattung\/","url":"https:\/\/marktxxl.de\/markt\/produkt\/shirtoo-supersuesser-baby-body-strampler-finger-weg-ich-habe-eine-verrueckte-familie-fuer-jungen-und-maedchen-als-geschenk-zur-geburt-erstausstattung\/","name":"Shirtoo Supers\u00fc\u00dfer Baby Body Strampler Finger Weg! Ich Habe eine verr\u00fcckte Familie f\u00fcr Jungen und M\u00e4dchen als Geschenk\u2026 - Markt-XXL","isPartOf":{"@id":"https:\/\/marktxxl.de\/markt\/#website"},"primaryImageOfPage":{"@id":"https:\/\/marktxxl.de\/markt\/produkt\/shirtoo-supersuesser-baby-body-strampler-finger-weg-ich-habe-eine-verrueckte-familie-fuer-jungen-und-maedchen-als-geschenk-zur-geburt-erstausstattung\/#primaryimage"},"image":{"@id":"https:\/\/marktxxl.de\/markt\/produkt\/shirtoo-supersuesser-baby-body-strampler-finger-weg-ich-habe-eine-verrueckte-familie-fuer-jungen-und-maedchen-als-geschenk-zur-geburt-erstausstattung\/#primaryimage"},"thumbnailUrl":"https:\/\/m.media-amazon.com\/images\/I\/41dBT-QPaAL._SL500_.jpg","datePublished":"2022-07-14T01:44:07+00:00","dateModified":"2023-04-11T02:13:19+00:00","description":"Markt-XXL Shirtoo Supers\u00fc\u00dfer Baby Body Strampler Finger Weg! Ich Habe eine verr\u00fcckte Familie f\u00fcr Jungen und M\u00e4dchen als Geschenk\u2026","breadcrumb":{"@id":"https:\/\/marktxxl.de\/markt\/produkt\/shirtoo-supersuesser-baby-body-strampler-finger-weg-ich-habe-eine-verrueckte-familie-fuer-jungen-und-maedchen-als-geschenk-zur-geburt-erstausstattung\/#breadcrumb"},"inLanguage":"de","potentialAction":[{"@type":"ReadAction","target":["https:\/\/marktxxl.de\/markt\/produkt\/shirtoo-supersuesser-baby-body-strampler-finger-weg-ich-habe-eine-verrueckte-familie-fuer-jungen-und-maedchen-als-geschenk-zur-geburt-erstausstattung\/"]}]},{"@type":"ImageObject","inLanguage":"de","@id":"https:\/\/marktxxl.de\/markt\/produkt\/shirtoo-supersuesser-baby-body-strampler-finger-weg-ich-habe-eine-verrueckte-familie-fuer-jungen-und-maedchen-als-geschenk-zur-geburt-erstausstattung\/#primaryimage","url":"https:\/\/m.media-amazon.com\/images\/I\/41dBT-QPaAL._SL500_.jpg","contentUrl":"https:\/\/m.media-amazon.com\/images\/I\/41dBT-QPaAL._SL500_.jpg","width":385,"height":500},{"@type":"BreadcrumbList","@id":"https:\/\/marktxxl.de\/markt\/produkt\/shirtoo-supersuesser-baby-body-strampler-finger-weg-ich-habe-eine-verrueckte-familie-fuer-jungen-und-maedchen-als-geschenk-zur-geburt-erstausstattung\/#breadcrumb","itemListElement":[{"@type":"ListItem","position":1,"name":"Startseite","item":"https:\/\/marktxxl.de\/markt\/"},{"@type":"ListItem","position":2,"name":"Markt","item":"https:\/\/marktxxl.de\/markt\/"},{"@type":"ListItem","position":3,"name":"Shirtoo Supers\u00fc\u00dfer Baby Body Strampler Finger Weg! Ich Habe eine verr\u00fcckte Familie f\u00fcr Jungen und M\u00e4dchen als Geschenk\u2026"}]},{"@type":"WebSite","@id":"https:\/\/marktxxl.de\/markt\/#website","url":"https:\/\/marktxxl.de\/markt\/","name":"Markt-XXL","description":"Ihr Markt Online","publisher":{"@id":"https:\/\/marktxxl.de\/markt\/#organization"},"potentialAction":[{"@type":"SearchAction","target":{"@type":"EntryPoint","urlTemplate":"https:\/\/marktxxl.de\/markt\/?s={search_term_string}"},"query-input":{"@type":"PropertyValueSpecification","valueRequired":true,"valueName":"search_term_string"}}],"inLanguage":"de"},{"@type":"Organization","@id":"https:\/\/marktxxl.de\/markt\/#organization","name":"Markt-XXL","url":"https:\/\/marktxxl.de\/markt\/","logo":{"@type":"ImageObject","inLanguage":"de","@id":"https:\/\/marktxxl.de\/markt\/#\/schema\/logo\/image\/","url":"https:\/\/marktxxl.de\/markt\/wp-content\/uploads\/sites\/3\/2020\/12\/logo.png","contentUrl":"https:\/\/marktxxl.de\/markt\/wp-content\/uploads\/sites\/3\/2020\/12\/logo.png","width":200,"height":70,"caption":"Markt-XXL"},"image":{"@id":"https:\/\/marktxxl.de\/markt\/#\/schema\/logo\/image\/"}}]}},"_links":{"self":[{"href":"https:\/\/marktxxl.de\/markt\/wp-json\/wp\/v2\/product\/137510","targetHints":{"allow":["GET"]}}],"collection":[{"href":"https:\/\/marktxxl.de\/markt\/wp-json\/wp\/v2\/product"}],"about":[{"href":"https:\/\/marktxxl.de\/markt\/wp-json\/wp\/v2\/types\/product"}],"replies":[{"embeddable":true,"href":"https:\/\/marktxxl.de\/markt\/wp-json\/wp\/v2\/comments?post=137510"}],"wp:featuredmedia":[{"embeddable":true,"href":"https:\/\/marktxxl.de\/markt\/wp-json\/wp\/v2\/media\/137511"}],"wp:attachment":[{"href":"https:\/\/marktxxl.de\/markt\/wp-json\/wp\/v2\/media?parent=137510"}],"wp:term":[{"taxonomy":"product_brand","embeddable":true,"href":"https:\/\/marktxxl.de\/markt\/wp-json\/wp\/v2\/product_brand?post=137510"},{"taxonomy":"product_cat","embeddable":true,"href":"https:\/\/marktxxl.de\/markt\/wp-json\/wp\/v2\/product_cat?post=137510"},{"taxonomy":"product_tag","embeddable":true,"href":"https:\/\/marktxxl.de\/markt\/wp-json\/wp\/v2\/product_tag?post=137510"}],"curies":[{"name":"wp","href":"https:\/\/api.w.org\/{rel}","templated":true}]}}