{"id":137413,"date":"2022-07-14T03:40:10","date_gmt":"2022-07-14T01:40:10","guid":{"rendered":"https:\/\/marktxxl.de\/markt\/produkt\/tboonor-thermounterwaesche-kinder-skiunterwaesche-winter-set-sport-thermoaktiv-atmungsaktiv-funktionswaesche-sportunterwaesche-set-fussball-junge-thermounterhemd-thermounterhose-fuer-kinder\/"},"modified":"2023-04-11T04:13:17","modified_gmt":"2023-04-11T02:13:17","slug":"tboonor-thermounterwaesche-kinder-skiunterwaesche-winter-set-sport-thermoaktiv-atmungsaktiv-funktionswaesche-sportunterwaesche-set-fussball-junge-thermounterhemd-thermounterhose-fuer-kinder","status":"publish","type":"product","link":"https:\/\/marktxxl.de\/markt\/produkt\/tboonor-thermounterwaesche-kinder-skiunterwaesche-winter-set-sport-thermoaktiv-atmungsaktiv-funktionswaesche-sportunterwaesche-set-fussball-junge-thermounterhemd-thermounterhose-fuer-kinder\/","title":{"rendered":"TBoonor Thermounterw\u00e4sche Kinder Skiunterw\u00e4sche Set Sport Funktionsunterw\u00e4sche Jungen Atmungsaktiv Fussball Thermo\u2026"},"content":{"rendered":"<p>Das Funktionsw\u00e4sche Set f\u00fcr Kinder besteht aus Shirt und Hose. Die Thermounterw\u00e4sche Kinder ist mit hochwertigem Fleece gef\u00fcttert und winddicht, sorgten f\u00fcr hervorragende warm Leistung und winddichte Funktion bei kaltem Wetter.Pro-Sportunterw\u00e4sche bietet Ihren Kindern Schutz in Sport an, Ideal f\u00fcr Jogging, Tranning, Fu\u00dfball, Fitness, Skifahren usw.<br \/>\nDie Funktionsfaser ist schnelltrocknend und atmungsaktiv. Das Moisture Transport System transportiert den Schwei\u00df vom K\u00f6rper weg.Optimale Bewegungsfreiheit durch Stretchmaterial: Der Stretchstoff erm\u00f6glicht eine gr\u00f6\u00dfere Bewegungsfreiheit in allen Richtungen.<br \/>\nDehnbar &amp; Abriebfest &amp; Komfort: Diese Thermounterw\u00e4sche ist entwickelt mit 4-mal gestrecktem Stoff bietet hervorragenden Komfort und volle Bewegungsfreiheit, um die Bewegungsfreiheit zu garantieren. Diesem Thermounterw\u00e4sche set stellen Sie sicher, dass Sie das Vergn\u00fcgen des Sports maximal genie\u00dfen und halten Sie Ihre Form.<br \/>\nNeben dem extra weichen Innenvlies bietet die Skiw\u00e4sche guten Feuchtigkeitstransport durch die Funktionsfaser. Die Geruchsentwicklung wird gehemmt und die W\u00e4rmewirkung bleibt erhalten.<br \/>\n100% Zufriedenheit f\u00fcr Unsere Thermounterw\u00e4sche Kinder Wenn Sie Fragen mit Skiunterw\u00e4sche herren, k\u00f6nnen Sie sich gerne an uns wenden, und wir werden unser Bestes geben, um es zu l\u00f6sen.<br \/>\n<div class=\"main-cross-sell\" data-asin=\"B08GX5PLS5\">\n\n\t<div class=\"WooZone-cross-sell-loader\">\n\t\t<div>\n\t\t\t<div id=\"floatingBarsG\">\n\t\t\t\t<div class=\"blockG\" id=\"rotateG_01\"><\/div>\n\t\t\t\t<div class=\"blockG\" id=\"rotateG_02\"><\/div>\n\t\t\t\t<div class=\"blockG\" id=\"rotateG_03\"><\/div>\n\t\t\t\t<div class=\"blockG\" id=\"rotateG_04\"><\/div>\n\t\t\t\t<div class=\"blockG\" id=\"rotateG_05\"><\/div>\n\t\t\t\t<div class=\"blockG\" id=\"rotateG_06\"><\/div>\n\t\t\t\t<div class=\"blockG\" id=\"rotateG_07\"><\/div>\n\t\t\t\t<div class=\"blockG\" id=\"rotateG_08\"><\/div>\n\t\t\t<\/div>\n\t\t\t<div class=\"WooZone-cross-sell-loader-text\"><\/div>\n\t\t<\/div>\n\t<\/div>\n\n\t\t\n<\/div>\n<div style=\"clear:both;\"><\/div><\/p>\n","protected":false},"excerpt":{"rendered":"<p>Das Funktionsw\u00e4sche Set f\u00fcr Kinder besteht aus Shirt und Hose. Die Thermounterw\u00e4sche Kinder ist mit hochwertigem Fleece gef\u00fcttert und winddicht, sorgten f\u00fcr hervorragende warm Leistung und winddichte Funktion bei kaltem Wetter.Pro-Sportunterw\u00e4sche bietet Ihren Kindern Schutz in Sport an, Ideal f\u00fcr Jogging, Tranning, Fu\u00dfball, Fitness, Skifahren usw.<br \/>\nDie Funktionsfaser ist schnelltrocknend und atmungsaktiv. Das Moisture Transport System transportiert den Schwei\u00df vom K\u00f6rper weg.Optimale Bewegungsfreiheit durch Stretchmaterial: Der Stretchstoff erm\u00f6glicht eine gr\u00f6\u00dfere Bewegungsfreiheit in allen Richtungen.<br \/>\nDehnbar &amp; Abriebfest &amp; Komfort: Diese Thermounterw\u00e4sche ist entwickelt mit 4-mal gestrecktem Stoff bietet hervorragenden Komfort und volle Bewegungsfreiheit, um die Bewegungsfreiheit zu garantieren. Diesem Thermounterw\u00e4sche set stellen Sie sicher, dass Sie das Vergn\u00fcgen des Sports maximal genie\u00dfen und halten Sie Ihre Form.<\/p>\n","protected":false},"featured_media":137414,"comment_status":"open","ping_status":"closed","template":"","meta":[],"product_brand":[],"product_cat":[1186,4034],"product_tag":[],"class_list":{"0":"post-137413","1":"product","2":"type-product","3":"status-publish","4":"has-post-thumbnail","6":"product_cat-bekleidung","7":"product_cat-jungen","8":"pa_brand-tboonor","9":"pa_manufacturer-tboonor","11":"first","12":"instock","13":"shipping-taxable","14":"purchasable","15":"product-type-simple","16":"customify-col","17":"product-has-gallery"},"yoast_head":"<!-- This site is optimized with the Yoast SEO plugin v27.4 - https:\/\/yoast.com\/product\/yoast-seo-wordpress\/ -->\n<title>TBoonor Thermounterw\u00e4sche Kinder Skiunterw\u00e4sche Set Sport Funktionsunterw\u00e4sche Jungen Atmungsaktiv Fussball Thermo\u2026 - Markt-XXL<\/title>\n<meta name=\"description\" content=\"Markt-XXL TBoonor Thermounterw\u00e4sche Kinder Skiunterw\u00e4sche Set Sport Funktionsunterw\u00e4sche Jungen Atmungsaktiv Fussball Thermo\u2026\" \/>\n<meta name=\"robots\" content=\"index, follow, max-snippet:-1, max-image-preview:large, max-video-preview:-1\" \/>\n<link rel=\"canonical\" href=\"https:\/\/marktxxl.de\/markt\/produkt\/tboonor-thermounterwaesche-kinder-skiunterwaesche-winter-set-sport-thermoaktiv-atmungsaktiv-funktionswaesche-sportunterwaesche-set-fussball-junge-thermounterhemd-thermounterhose-fuer-kinder\/\" \/>\n<meta property=\"og:locale\" content=\"de_DE\" \/>\n<meta property=\"og:type\" content=\"article\" \/>\n<meta property=\"og:title\" content=\"TBoonor Thermounterw\u00e4sche Kinder Skiunterw\u00e4sche Set Sport Funktionsunterw\u00e4sche Jungen Atmungsaktiv Fussball Thermo\u2026 - Markt-XXL\" \/>\n<meta property=\"og:description\" content=\"Markt-XXL TBoonor Thermounterw\u00e4sche Kinder Skiunterw\u00e4sche Set Sport Funktionsunterw\u00e4sche Jungen Atmungsaktiv Fussball Thermo\u2026\" \/>\n<meta property=\"og:url\" content=\"https:\/\/marktxxl.de\/markt\/produkt\/tboonor-thermounterwaesche-kinder-skiunterwaesche-winter-set-sport-thermoaktiv-atmungsaktiv-funktionswaesche-sportunterwaesche-set-fussball-junge-thermounterhemd-thermounterhose-fuer-kinder\/\" \/>\n<meta property=\"og:site_name\" content=\"Markt-XXL\" \/>\n<meta property=\"article:modified_time\" content=\"2023-04-11T02:13:17+00:00\" \/>\n<meta property=\"og:image\" content=\"https:\/\/m.media-amazon.com\/images\/I\/41cKk32p5nL._SL500_.jpg\" \/>\n\t<meta property=\"og:image:width\" content=\"500\" \/>\n\t<meta property=\"og:image:height\" content=\"500\" \/>\n\t<meta property=\"og:image:type\" content=\"image\/jpeg\" \/>\n<meta name=\"twitter:card\" content=\"summary_large_image\" \/>\n<meta name=\"twitter:label1\" content=\"Gesch\u00e4tzte Lesezeit\" \/>\n\t<meta name=\"twitter:data1\" content=\"1\u00a0Minute\" \/>\n<script type=\"application\/ld+json\" class=\"yoast-schema-graph\">{\"@context\":\"https:\\\/\\\/schema.org\",\"@graph\":[{\"@type\":\"WebPage\",\"@id\":\"https:\\\/\\\/marktxxl.de\\\/markt\\\/produkt\\\/tboonor-thermounterwaesche-kinder-skiunterwaesche-winter-set-sport-thermoaktiv-atmungsaktiv-funktionswaesche-sportunterwaesche-set-fussball-junge-thermounterhemd-thermounterhose-fuer-kinder\\\/\",\"url\":\"https:\\\/\\\/marktxxl.de\\\/markt\\\/produkt\\\/tboonor-thermounterwaesche-kinder-skiunterwaesche-winter-set-sport-thermoaktiv-atmungsaktiv-funktionswaesche-sportunterwaesche-set-fussball-junge-thermounterhemd-thermounterhose-fuer-kinder\\\/\",\"name\":\"TBoonor Thermounterw\u00e4sche Kinder Skiunterw\u00e4sche Set Sport Funktionsunterw\u00e4sche Jungen Atmungsaktiv Fussball Thermo\u2026 - Markt-XXL\",\"isPartOf\":{\"@id\":\"https:\\\/\\\/marktxxl.de\\\/markt\\\/#website\"},\"primaryImageOfPage\":{\"@id\":\"https:\\\/\\\/marktxxl.de\\\/markt\\\/produkt\\\/tboonor-thermounterwaesche-kinder-skiunterwaesche-winter-set-sport-thermoaktiv-atmungsaktiv-funktionswaesche-sportunterwaesche-set-fussball-junge-thermounterhemd-thermounterhose-fuer-kinder\\\/#primaryimage\"},\"image\":{\"@id\":\"https:\\\/\\\/marktxxl.de\\\/markt\\\/produkt\\\/tboonor-thermounterwaesche-kinder-skiunterwaesche-winter-set-sport-thermoaktiv-atmungsaktiv-funktionswaesche-sportunterwaesche-set-fussball-junge-thermounterhemd-thermounterhose-fuer-kinder\\\/#primaryimage\"},\"thumbnailUrl\":\"https:\\\/\\\/m.media-amazon.com\\\/images\\\/I\\\/41cKk32p5nL._SL500_.jpg\",\"datePublished\":\"2022-07-14T01:40:10+00:00\",\"dateModified\":\"2023-04-11T02:13:17+00:00\",\"description\":\"Markt-XXL TBoonor Thermounterw\u00e4sche Kinder Skiunterw\u00e4sche Set Sport Funktionsunterw\u00e4sche Jungen Atmungsaktiv Fussball Thermo\u2026\",\"breadcrumb\":{\"@id\":\"https:\\\/\\\/marktxxl.de\\\/markt\\\/produkt\\\/tboonor-thermounterwaesche-kinder-skiunterwaesche-winter-set-sport-thermoaktiv-atmungsaktiv-funktionswaesche-sportunterwaesche-set-fussball-junge-thermounterhemd-thermounterhose-fuer-kinder\\\/#breadcrumb\"},\"inLanguage\":\"de\",\"potentialAction\":[{\"@type\":\"ReadAction\",\"target\":[\"https:\\\/\\\/marktxxl.de\\\/markt\\\/produkt\\\/tboonor-thermounterwaesche-kinder-skiunterwaesche-winter-set-sport-thermoaktiv-atmungsaktiv-funktionswaesche-sportunterwaesche-set-fussball-junge-thermounterhemd-thermounterhose-fuer-kinder\\\/\"]}]},{\"@type\":\"ImageObject\",\"inLanguage\":\"de\",\"@id\":\"https:\\\/\\\/marktxxl.de\\\/markt\\\/produkt\\\/tboonor-thermounterwaesche-kinder-skiunterwaesche-winter-set-sport-thermoaktiv-atmungsaktiv-funktionswaesche-sportunterwaesche-set-fussball-junge-thermounterhemd-thermounterhose-fuer-kinder\\\/#primaryimage\",\"url\":\"https:\\\/\\\/m.media-amazon.com\\\/images\\\/I\\\/41cKk32p5nL._SL500_.jpg\",\"contentUrl\":\"https:\\\/\\\/m.media-amazon.com\\\/images\\\/I\\\/41cKk32p5nL._SL500_.jpg\",\"width\":500,\"height\":500},{\"@type\":\"BreadcrumbList\",\"@id\":\"https:\\\/\\\/marktxxl.de\\\/markt\\\/produkt\\\/tboonor-thermounterwaesche-kinder-skiunterwaesche-winter-set-sport-thermoaktiv-atmungsaktiv-funktionswaesche-sportunterwaesche-set-fussball-junge-thermounterhemd-thermounterhose-fuer-kinder\\\/#breadcrumb\",\"itemListElement\":[{\"@type\":\"ListItem\",\"position\":1,\"name\":\"Startseite\",\"item\":\"https:\\\/\\\/marktxxl.de\\\/markt\\\/\"},{\"@type\":\"ListItem\",\"position\":2,\"name\":\"Markt\",\"item\":\"https:\\\/\\\/marktxxl.de\\\/markt\\\/\"},{\"@type\":\"ListItem\",\"position\":3,\"name\":\"TBoonor Thermounterw\u00e4sche Kinder Skiunterw\u00e4sche Set Sport Funktionsunterw\u00e4sche Jungen Atmungsaktiv Fussball Thermo\u2026\"}]},{\"@type\":\"WebSite\",\"@id\":\"https:\\\/\\\/marktxxl.de\\\/markt\\\/#website\",\"url\":\"https:\\\/\\\/marktxxl.de\\\/markt\\\/\",\"name\":\"Markt-XXL\",\"description\":\"Ihr Markt Online\",\"publisher\":{\"@id\":\"https:\\\/\\\/marktxxl.de\\\/markt\\\/#organization\"},\"potentialAction\":[{\"@type\":\"SearchAction\",\"target\":{\"@type\":\"EntryPoint\",\"urlTemplate\":\"https:\\\/\\\/marktxxl.de\\\/markt\\\/?s={search_term_string}\"},\"query-input\":{\"@type\":\"PropertyValueSpecification\",\"valueRequired\":true,\"valueName\":\"search_term_string\"}}],\"inLanguage\":\"de\"},{\"@type\":\"Organization\",\"@id\":\"https:\\\/\\\/marktxxl.de\\\/markt\\\/#organization\",\"name\":\"Markt-XXL\",\"url\":\"https:\\\/\\\/marktxxl.de\\\/markt\\\/\",\"logo\":{\"@type\":\"ImageObject\",\"inLanguage\":\"de\",\"@id\":\"https:\\\/\\\/marktxxl.de\\\/markt\\\/#\\\/schema\\\/logo\\\/image\\\/\",\"url\":\"https:\\\/\\\/marktxxl.de\\\/markt\\\/wp-content\\\/uploads\\\/sites\\\/3\\\/2020\\\/12\\\/logo.png\",\"contentUrl\":\"https:\\\/\\\/marktxxl.de\\\/markt\\\/wp-content\\\/uploads\\\/sites\\\/3\\\/2020\\\/12\\\/logo.png\",\"width\":200,\"height\":70,\"caption\":\"Markt-XXL\"},\"image\":{\"@id\":\"https:\\\/\\\/marktxxl.de\\\/markt\\\/#\\\/schema\\\/logo\\\/image\\\/\"}}]}<\/script>\n<!-- \/ Yoast SEO plugin. -->","yoast_head_json":{"title":"TBoonor Thermounterw\u00e4sche Kinder Skiunterw\u00e4sche Set Sport Funktionsunterw\u00e4sche Jungen Atmungsaktiv Fussball Thermo\u2026 - Markt-XXL","description":"Markt-XXL TBoonor Thermounterw\u00e4sche Kinder Skiunterw\u00e4sche Set Sport Funktionsunterw\u00e4sche Jungen Atmungsaktiv Fussball Thermo\u2026","robots":{"index":"index","follow":"follow","max-snippet":"max-snippet:-1","max-image-preview":"max-image-preview:large","max-video-preview":"max-video-preview:-1"},"canonical":"https:\/\/marktxxl.de\/markt\/produkt\/tboonor-thermounterwaesche-kinder-skiunterwaesche-winter-set-sport-thermoaktiv-atmungsaktiv-funktionswaesche-sportunterwaesche-set-fussball-junge-thermounterhemd-thermounterhose-fuer-kinder\/","og_locale":"de_DE","og_type":"article","og_title":"TBoonor Thermounterw\u00e4sche Kinder Skiunterw\u00e4sche Set Sport Funktionsunterw\u00e4sche Jungen Atmungsaktiv Fussball Thermo\u2026 - Markt-XXL","og_description":"Markt-XXL TBoonor Thermounterw\u00e4sche Kinder Skiunterw\u00e4sche Set Sport Funktionsunterw\u00e4sche Jungen Atmungsaktiv Fussball Thermo\u2026","og_url":"https:\/\/marktxxl.de\/markt\/produkt\/tboonor-thermounterwaesche-kinder-skiunterwaesche-winter-set-sport-thermoaktiv-atmungsaktiv-funktionswaesche-sportunterwaesche-set-fussball-junge-thermounterhemd-thermounterhose-fuer-kinder\/","og_site_name":"Markt-XXL","article_modified_time":"2023-04-11T02:13:17+00:00","og_image":[{"width":500,"height":500,"url":"https:\/\/m.media-amazon.com\/images\/I\/41cKk32p5nL._SL500_.jpg","type":"image\/jpeg"}],"twitter_card":"summary_large_image","twitter_misc":{"Gesch\u00e4tzte Lesezeit":"1\u00a0Minute"},"schema":{"@context":"https:\/\/schema.org","@graph":[{"@type":"WebPage","@id":"https:\/\/marktxxl.de\/markt\/produkt\/tboonor-thermounterwaesche-kinder-skiunterwaesche-winter-set-sport-thermoaktiv-atmungsaktiv-funktionswaesche-sportunterwaesche-set-fussball-junge-thermounterhemd-thermounterhose-fuer-kinder\/","url":"https:\/\/marktxxl.de\/markt\/produkt\/tboonor-thermounterwaesche-kinder-skiunterwaesche-winter-set-sport-thermoaktiv-atmungsaktiv-funktionswaesche-sportunterwaesche-set-fussball-junge-thermounterhemd-thermounterhose-fuer-kinder\/","name":"TBoonor Thermounterw\u00e4sche Kinder Skiunterw\u00e4sche Set Sport Funktionsunterw\u00e4sche Jungen Atmungsaktiv Fussball Thermo\u2026 - Markt-XXL","isPartOf":{"@id":"https:\/\/marktxxl.de\/markt\/#website"},"primaryImageOfPage":{"@id":"https:\/\/marktxxl.de\/markt\/produkt\/tboonor-thermounterwaesche-kinder-skiunterwaesche-winter-set-sport-thermoaktiv-atmungsaktiv-funktionswaesche-sportunterwaesche-set-fussball-junge-thermounterhemd-thermounterhose-fuer-kinder\/#primaryimage"},"image":{"@id":"https:\/\/marktxxl.de\/markt\/produkt\/tboonor-thermounterwaesche-kinder-skiunterwaesche-winter-set-sport-thermoaktiv-atmungsaktiv-funktionswaesche-sportunterwaesche-set-fussball-junge-thermounterhemd-thermounterhose-fuer-kinder\/#primaryimage"},"thumbnailUrl":"https:\/\/m.media-amazon.com\/images\/I\/41cKk32p5nL._SL500_.jpg","datePublished":"2022-07-14T01:40:10+00:00","dateModified":"2023-04-11T02:13:17+00:00","description":"Markt-XXL TBoonor Thermounterw\u00e4sche Kinder Skiunterw\u00e4sche Set Sport Funktionsunterw\u00e4sche Jungen Atmungsaktiv Fussball Thermo\u2026","breadcrumb":{"@id":"https:\/\/marktxxl.de\/markt\/produkt\/tboonor-thermounterwaesche-kinder-skiunterwaesche-winter-set-sport-thermoaktiv-atmungsaktiv-funktionswaesche-sportunterwaesche-set-fussball-junge-thermounterhemd-thermounterhose-fuer-kinder\/#breadcrumb"},"inLanguage":"de","potentialAction":[{"@type":"ReadAction","target":["https:\/\/marktxxl.de\/markt\/produkt\/tboonor-thermounterwaesche-kinder-skiunterwaesche-winter-set-sport-thermoaktiv-atmungsaktiv-funktionswaesche-sportunterwaesche-set-fussball-junge-thermounterhemd-thermounterhose-fuer-kinder\/"]}]},{"@type":"ImageObject","inLanguage":"de","@id":"https:\/\/marktxxl.de\/markt\/produkt\/tboonor-thermounterwaesche-kinder-skiunterwaesche-winter-set-sport-thermoaktiv-atmungsaktiv-funktionswaesche-sportunterwaesche-set-fussball-junge-thermounterhemd-thermounterhose-fuer-kinder\/#primaryimage","url":"https:\/\/m.media-amazon.com\/images\/I\/41cKk32p5nL._SL500_.jpg","contentUrl":"https:\/\/m.media-amazon.com\/images\/I\/41cKk32p5nL._SL500_.jpg","width":500,"height":500},{"@type":"BreadcrumbList","@id":"https:\/\/marktxxl.de\/markt\/produkt\/tboonor-thermounterwaesche-kinder-skiunterwaesche-winter-set-sport-thermoaktiv-atmungsaktiv-funktionswaesche-sportunterwaesche-set-fussball-junge-thermounterhemd-thermounterhose-fuer-kinder\/#breadcrumb","itemListElement":[{"@type":"ListItem","position":1,"name":"Startseite","item":"https:\/\/marktxxl.de\/markt\/"},{"@type":"ListItem","position":2,"name":"Markt","item":"https:\/\/marktxxl.de\/markt\/"},{"@type":"ListItem","position":3,"name":"TBoonor Thermounterw\u00e4sche Kinder Skiunterw\u00e4sche Set Sport Funktionsunterw\u00e4sche Jungen Atmungsaktiv Fussball Thermo\u2026"}]},{"@type":"WebSite","@id":"https:\/\/marktxxl.de\/markt\/#website","url":"https:\/\/marktxxl.de\/markt\/","name":"Markt-XXL","description":"Ihr Markt Online","publisher":{"@id":"https:\/\/marktxxl.de\/markt\/#organization"},"potentialAction":[{"@type":"SearchAction","target":{"@type":"EntryPoint","urlTemplate":"https:\/\/marktxxl.de\/markt\/?s={search_term_string}"},"query-input":{"@type":"PropertyValueSpecification","valueRequired":true,"valueName":"search_term_string"}}],"inLanguage":"de"},{"@type":"Organization","@id":"https:\/\/marktxxl.de\/markt\/#organization","name":"Markt-XXL","url":"https:\/\/marktxxl.de\/markt\/","logo":{"@type":"ImageObject","inLanguage":"de","@id":"https:\/\/marktxxl.de\/markt\/#\/schema\/logo\/image\/","url":"https:\/\/marktxxl.de\/markt\/wp-content\/uploads\/sites\/3\/2020\/12\/logo.png","contentUrl":"https:\/\/marktxxl.de\/markt\/wp-content\/uploads\/sites\/3\/2020\/12\/logo.png","width":200,"height":70,"caption":"Markt-XXL"},"image":{"@id":"https:\/\/marktxxl.de\/markt\/#\/schema\/logo\/image\/"}}]}},"_links":{"self":[{"href":"https:\/\/marktxxl.de\/markt\/wp-json\/wp\/v2\/product\/137413","targetHints":{"allow":["GET"]}}],"collection":[{"href":"https:\/\/marktxxl.de\/markt\/wp-json\/wp\/v2\/product"}],"about":[{"href":"https:\/\/marktxxl.de\/markt\/wp-json\/wp\/v2\/types\/product"}],"replies":[{"embeddable":true,"href":"https:\/\/marktxxl.de\/markt\/wp-json\/wp\/v2\/comments?post=137413"}],"wp:featuredmedia":[{"embeddable":true,"href":"https:\/\/marktxxl.de\/markt\/wp-json\/wp\/v2\/media\/137414"}],"wp:attachment":[{"href":"https:\/\/marktxxl.de\/markt\/wp-json\/wp\/v2\/media?parent=137413"}],"wp:term":[{"taxonomy":"product_brand","embeddable":true,"href":"https:\/\/marktxxl.de\/markt\/wp-json\/wp\/v2\/product_brand?post=137413"},{"taxonomy":"product_cat","embeddable":true,"href":"https:\/\/marktxxl.de\/markt\/wp-json\/wp\/v2\/product_cat?post=137413"},{"taxonomy":"product_tag","embeddable":true,"href":"https:\/\/marktxxl.de\/markt\/wp-json\/wp\/v2\/product_tag?post=137413"}],"curies":[{"name":"wp","href":"https:\/\/api.w.org\/{rel}","templated":true}]}}