{"id":137385,"date":"2022-07-14T03:38:02","date_gmt":"2022-07-14T01:38:02","guid":{"rendered":"https:\/\/marktxxl.de\/markt\/produkt\/ocba-4-teiliges-pinzette-set-praezisions-pinzetten-set-aus-edelstahl-perfekte-praezision-zum-augenbrauenzupfen-gesichtshaarentfernung-hochwertige-pinzette-fuer-frauen-und-maenner\/"},"modified":"2023-04-11T04:13:17","modified_gmt":"2023-04-11T02:13:17","slug":"ocba-4-teiliges-pinzette-set-praezisions-pinzetten-set-aus-edelstahl-perfekte-praezision-zum-augenbrauenzupfen-gesichtshaarentfernung-hochwertige-pinzette-fuer-frauen-und-maenner","status":"publish","type":"product","link":"https:\/\/marktxxl.de\/markt\/produkt\/ocba-4-teiliges-pinzette-set-praezisions-pinzetten-set-aus-edelstahl-perfekte-praezision-zum-augenbrauenzupfen-gesichtshaarentfernung-hochwertige-pinzette-fuer-frauen-und-maenner\/","title":{"rendered":"OCBA 4 teiliges Pinzette Set Pr\u00e4zisions-Pinzetten set aus Edelstahl Perfekte Pr\u00e4zision zum Augenbrauenzupfen\u2026"},"content":{"rendered":"<p>PREMIUM QUALIT\u00c4T &#8211; Die spitze Pinzette ist aus 100 % rostfreiem Stahl gefertigt. Das Pinzetten set wird in einem Schutzetui geliefert, das leicht in die kleinste Handtasche passt. Klein, handlich, sicher im Schutzetui.<br \/>\nVielseitiges Zupfen &#8211; 4 verschiedene Formen (flach, gewinkelt, spitz und abgewinkelt) der Pinzette Augenbrauen zupfen Haare, leicht zu entfernen Haare aus allen Teilen des K\u00f6rpers und Gesicht. Sie k\u00f6nnen Augenbrauen pinzette profi f\u00fcr eingewachsene Haare verwenden, Augenbrauen zupfen, Gesichtsbehaarung, Spliss und helfen Ihnen f\u00fcr Wimpernverl\u00e4ngerung und doppelte Augenlider leichter.<br \/>\nGUTER GRIFF &#8211; Unser Augenbrauen set hat ein schlankes und elegantes Design der Pinzette und bietet einen festen Griff, so dass Sie mit gro\u00dfer Pr\u00e4zision zupfen k\u00f6nnen, ohne Ihre Haut zu besch\u00e4digen.<br \/>\nULTIMATE CARE &#8211; Die perfekt abgeschr\u00e4gten Spitzen sind ideal f\u00fcr die Augenbrauenpflege und eignen sich hervorragend zum Entfernen von Spliss und eingewachsene haarean Stellen, die besonders sanft behandelt werden m\u00fcssen.<br \/>\nAUFBEWAHRUNGSBEH\u00c4LTER: Kommt mit einem sch\u00f6nen und ist ideal f\u00fcr den professionellen und privaten Gebrauch.\u00a0Perfektes Geschenk f\u00fcr M\u00e4nner und Frauen.<br \/>\n<div class=\"main-cross-sell\" data-asin=\"B09NGXYXH2\">\n\n\t<div class=\"WooZone-cross-sell-loader\">\n\t\t<div>\n\t\t\t<div id=\"floatingBarsG\">\n\t\t\t\t<div class=\"blockG\" id=\"rotateG_01\"><\/div>\n\t\t\t\t<div class=\"blockG\" id=\"rotateG_02\"><\/div>\n\t\t\t\t<div class=\"blockG\" id=\"rotateG_03\"><\/div>\n\t\t\t\t<div class=\"blockG\" id=\"rotateG_04\"><\/div>\n\t\t\t\t<div class=\"blockG\" id=\"rotateG_05\"><\/div>\n\t\t\t\t<div class=\"blockG\" id=\"rotateG_06\"><\/div>\n\t\t\t\t<div class=\"blockG\" id=\"rotateG_07\"><\/div>\n\t\t\t\t<div class=\"blockG\" id=\"rotateG_08\"><\/div>\n\t\t\t<\/div>\n\t\t\t<div class=\"WooZone-cross-sell-loader-text\"><\/div>\n\t\t<\/div>\n\t<\/div>\n\n\t\t\n<\/div>\n<div style=\"clear:both;\"><\/div><\/p>\n","protected":false},"excerpt":{"rendered":"<p>PREMIUM QUALIT\u00c4T &#8211; Die spitze Pinzette ist aus 100 % rostfreiem Stahl gefertigt. Das Pinzetten set wird in einem Schutzetui geliefert, das leicht in die kleinste Handtasche passt. Klein, handlich, sicher im Schutzetui.<br \/>\nVielseitiges Zupfen &#8211; 4 verschiedene Formen (flach, gewinkelt, spitz und abgewinkelt) der Pinzette Augenbrauen zupfen Haare, leicht zu entfernen Haare aus allen Teilen des K\u00f6rpers und Gesicht. Sie k\u00f6nnen Augenbrauen pinzette profi f\u00fcr eingewachsene Haare verwenden, Augenbrauen zupfen, Gesichtsbehaarung, Spliss und helfen Ihnen f\u00fcr Wimpernverl\u00e4ngerung und doppelte Augenlider leichter.<br \/>\nGUTER GRIFF &#8211; Unser Augenbrauen set hat ein schlankes und elegantes Design der Pinzette und bietet einen festen Griff, so dass Sie mit gro\u00dfer Pr\u00e4zision zupfen k\u00f6nnen, ohne Ihre Haut zu besch\u00e4digen.<\/p>\n","protected":false},"featured_media":137386,"comment_status":"open","ping_status":"closed","template":"","meta":[],"product_brand":[],"product_cat":[2858,7726],"product_tag":[],"class_list":{"0":"post-137385","1":"product","2":"type-product","3":"status-publish","4":"has-post-thumbnail","6":"product_cat-beauty","7":"product_cat-zubehoer-beauty","8":"pa_brand-ocba","9":"pa_height-0-393700787-zoll","10":"pa_length-1-968503935-zoll","11":"pa_manufacturer-ocba","12":"pa_model-red-eyebrow-tweezers","13":"pa_weight-40-gramm","14":"pa_width-0-787401574-zoll","16":"first","17":"instock","18":"shipping-taxable","19":"purchasable","20":"product-type-simple","21":"customify-col","22":"product-has-gallery"},"yoast_head":"<!-- This site is optimized with the Yoast SEO plugin v27.4 - https:\/\/yoast.com\/product\/yoast-seo-wordpress\/ -->\n<title>OCBA 4 teiliges Pinzette Set Pr\u00e4zisions-Pinzetten set aus Edelstahl Perfekte Pr\u00e4zision zum Augenbrauenzupfen\u2026 - Markt-XXL<\/title>\n<meta name=\"description\" content=\"Markt-XXL OCBA 4 teiliges Pinzette Set Pr\u00e4zisions-Pinzetten set aus Edelstahl Perfekte Pr\u00e4zision zum Augenbrauenzupfen\u2026\" \/>\n<meta name=\"robots\" content=\"index, follow, max-snippet:-1, max-image-preview:large, max-video-preview:-1\" \/>\n<link rel=\"canonical\" href=\"https:\/\/marktxxl.de\/markt\/produkt\/ocba-4-teiliges-pinzette-set-praezisions-pinzetten-set-aus-edelstahl-perfekte-praezision-zum-augenbrauenzupfen-gesichtshaarentfernung-hochwertige-pinzette-fuer-frauen-und-maenner\/\" \/>\n<meta property=\"og:locale\" content=\"de_DE\" \/>\n<meta property=\"og:type\" content=\"article\" \/>\n<meta property=\"og:title\" content=\"OCBA 4 teiliges Pinzette Set Pr\u00e4zisions-Pinzetten set aus Edelstahl Perfekte Pr\u00e4zision zum Augenbrauenzupfen\u2026 - Markt-XXL\" \/>\n<meta property=\"og:description\" content=\"Markt-XXL OCBA 4 teiliges Pinzette Set Pr\u00e4zisions-Pinzetten set aus Edelstahl Perfekte Pr\u00e4zision zum Augenbrauenzupfen\u2026\" \/>\n<meta property=\"og:url\" content=\"https:\/\/marktxxl.de\/markt\/produkt\/ocba-4-teiliges-pinzette-set-praezisions-pinzetten-set-aus-edelstahl-perfekte-praezision-zum-augenbrauenzupfen-gesichtshaarentfernung-hochwertige-pinzette-fuer-frauen-und-maenner\/\" \/>\n<meta property=\"og:site_name\" content=\"Markt-XXL\" \/>\n<meta property=\"article:modified_time\" content=\"2023-04-11T02:13:17+00:00\" \/>\n<meta property=\"og:image\" content=\"https:\/\/m.media-amazon.com\/images\/I\/41dzNv-kSuL._SL500_.jpg\" \/>\n\t<meta property=\"og:image:width\" content=\"500\" \/>\n\t<meta property=\"og:image:height\" content=\"423\" \/>\n\t<meta property=\"og:image:type\" content=\"image\/jpeg\" \/>\n<meta name=\"twitter:card\" content=\"summary_large_image\" \/>\n<meta name=\"twitter:label1\" content=\"Gesch\u00e4tzte Lesezeit\" \/>\n\t<meta name=\"twitter:data1\" content=\"1\u00a0Minute\" \/>\n<script type=\"application\/ld+json\" class=\"yoast-schema-graph\">{\"@context\":\"https:\\\/\\\/schema.org\",\"@graph\":[{\"@type\":\"WebPage\",\"@id\":\"https:\\\/\\\/marktxxl.de\\\/markt\\\/produkt\\\/ocba-4-teiliges-pinzette-set-praezisions-pinzetten-set-aus-edelstahl-perfekte-praezision-zum-augenbrauenzupfen-gesichtshaarentfernung-hochwertige-pinzette-fuer-frauen-und-maenner\\\/\",\"url\":\"https:\\\/\\\/marktxxl.de\\\/markt\\\/produkt\\\/ocba-4-teiliges-pinzette-set-praezisions-pinzetten-set-aus-edelstahl-perfekte-praezision-zum-augenbrauenzupfen-gesichtshaarentfernung-hochwertige-pinzette-fuer-frauen-und-maenner\\\/\",\"name\":\"OCBA 4 teiliges Pinzette Set Pr\u00e4zisions-Pinzetten set aus Edelstahl Perfekte Pr\u00e4zision zum Augenbrauenzupfen\u2026 - Markt-XXL\",\"isPartOf\":{\"@id\":\"https:\\\/\\\/marktxxl.de\\\/markt\\\/#website\"},\"primaryImageOfPage\":{\"@id\":\"https:\\\/\\\/marktxxl.de\\\/markt\\\/produkt\\\/ocba-4-teiliges-pinzette-set-praezisions-pinzetten-set-aus-edelstahl-perfekte-praezision-zum-augenbrauenzupfen-gesichtshaarentfernung-hochwertige-pinzette-fuer-frauen-und-maenner\\\/#primaryimage\"},\"image\":{\"@id\":\"https:\\\/\\\/marktxxl.de\\\/markt\\\/produkt\\\/ocba-4-teiliges-pinzette-set-praezisions-pinzetten-set-aus-edelstahl-perfekte-praezision-zum-augenbrauenzupfen-gesichtshaarentfernung-hochwertige-pinzette-fuer-frauen-und-maenner\\\/#primaryimage\"},\"thumbnailUrl\":\"https:\\\/\\\/m.media-amazon.com\\\/images\\\/I\\\/41dzNv-kSuL._SL500_.jpg\",\"datePublished\":\"2022-07-14T01:38:02+00:00\",\"dateModified\":\"2023-04-11T02:13:17+00:00\",\"description\":\"Markt-XXL OCBA 4 teiliges Pinzette Set Pr\u00e4zisions-Pinzetten set aus Edelstahl Perfekte Pr\u00e4zision zum Augenbrauenzupfen\u2026\",\"breadcrumb\":{\"@id\":\"https:\\\/\\\/marktxxl.de\\\/markt\\\/produkt\\\/ocba-4-teiliges-pinzette-set-praezisions-pinzetten-set-aus-edelstahl-perfekte-praezision-zum-augenbrauenzupfen-gesichtshaarentfernung-hochwertige-pinzette-fuer-frauen-und-maenner\\\/#breadcrumb\"},\"inLanguage\":\"de\",\"potentialAction\":[{\"@type\":\"ReadAction\",\"target\":[\"https:\\\/\\\/marktxxl.de\\\/markt\\\/produkt\\\/ocba-4-teiliges-pinzette-set-praezisions-pinzetten-set-aus-edelstahl-perfekte-praezision-zum-augenbrauenzupfen-gesichtshaarentfernung-hochwertige-pinzette-fuer-frauen-und-maenner\\\/\"]}]},{\"@type\":\"ImageObject\",\"inLanguage\":\"de\",\"@id\":\"https:\\\/\\\/marktxxl.de\\\/markt\\\/produkt\\\/ocba-4-teiliges-pinzette-set-praezisions-pinzetten-set-aus-edelstahl-perfekte-praezision-zum-augenbrauenzupfen-gesichtshaarentfernung-hochwertige-pinzette-fuer-frauen-und-maenner\\\/#primaryimage\",\"url\":\"https:\\\/\\\/m.media-amazon.com\\\/images\\\/I\\\/41dzNv-kSuL._SL500_.jpg\",\"contentUrl\":\"https:\\\/\\\/m.media-amazon.com\\\/images\\\/I\\\/41dzNv-kSuL._SL500_.jpg\",\"width\":500,\"height\":423},{\"@type\":\"BreadcrumbList\",\"@id\":\"https:\\\/\\\/marktxxl.de\\\/markt\\\/produkt\\\/ocba-4-teiliges-pinzette-set-praezisions-pinzetten-set-aus-edelstahl-perfekte-praezision-zum-augenbrauenzupfen-gesichtshaarentfernung-hochwertige-pinzette-fuer-frauen-und-maenner\\\/#breadcrumb\",\"itemListElement\":[{\"@type\":\"ListItem\",\"position\":1,\"name\":\"Startseite\",\"item\":\"https:\\\/\\\/marktxxl.de\\\/markt\\\/\"},{\"@type\":\"ListItem\",\"position\":2,\"name\":\"Markt\",\"item\":\"https:\\\/\\\/marktxxl.de\\\/markt\\\/\"},{\"@type\":\"ListItem\",\"position\":3,\"name\":\"OCBA 4 teiliges Pinzette Set Pr\u00e4zisions-Pinzetten set aus Edelstahl Perfekte Pr\u00e4zision zum Augenbrauenzupfen\u2026\"}]},{\"@type\":\"WebSite\",\"@id\":\"https:\\\/\\\/marktxxl.de\\\/markt\\\/#website\",\"url\":\"https:\\\/\\\/marktxxl.de\\\/markt\\\/\",\"name\":\"Markt-XXL\",\"description\":\"Ihr Markt Online\",\"publisher\":{\"@id\":\"https:\\\/\\\/marktxxl.de\\\/markt\\\/#organization\"},\"potentialAction\":[{\"@type\":\"SearchAction\",\"target\":{\"@type\":\"EntryPoint\",\"urlTemplate\":\"https:\\\/\\\/marktxxl.de\\\/markt\\\/?s={search_term_string}\"},\"query-input\":{\"@type\":\"PropertyValueSpecification\",\"valueRequired\":true,\"valueName\":\"search_term_string\"}}],\"inLanguage\":\"de\"},{\"@type\":\"Organization\",\"@id\":\"https:\\\/\\\/marktxxl.de\\\/markt\\\/#organization\",\"name\":\"Markt-XXL\",\"url\":\"https:\\\/\\\/marktxxl.de\\\/markt\\\/\",\"logo\":{\"@type\":\"ImageObject\",\"inLanguage\":\"de\",\"@id\":\"https:\\\/\\\/marktxxl.de\\\/markt\\\/#\\\/schema\\\/logo\\\/image\\\/\",\"url\":\"https:\\\/\\\/marktxxl.de\\\/markt\\\/wp-content\\\/uploads\\\/sites\\\/3\\\/2020\\\/12\\\/logo.png\",\"contentUrl\":\"https:\\\/\\\/marktxxl.de\\\/markt\\\/wp-content\\\/uploads\\\/sites\\\/3\\\/2020\\\/12\\\/logo.png\",\"width\":200,\"height\":70,\"caption\":\"Markt-XXL\"},\"image\":{\"@id\":\"https:\\\/\\\/marktxxl.de\\\/markt\\\/#\\\/schema\\\/logo\\\/image\\\/\"}}]}<\/script>\n<!-- \/ Yoast SEO plugin. -->","yoast_head_json":{"title":"OCBA 4 teiliges Pinzette Set Pr\u00e4zisions-Pinzetten set aus Edelstahl Perfekte Pr\u00e4zision zum Augenbrauenzupfen\u2026 - Markt-XXL","description":"Markt-XXL OCBA 4 teiliges Pinzette Set Pr\u00e4zisions-Pinzetten set aus Edelstahl Perfekte Pr\u00e4zision zum Augenbrauenzupfen\u2026","robots":{"index":"index","follow":"follow","max-snippet":"max-snippet:-1","max-image-preview":"max-image-preview:large","max-video-preview":"max-video-preview:-1"},"canonical":"https:\/\/marktxxl.de\/markt\/produkt\/ocba-4-teiliges-pinzette-set-praezisions-pinzetten-set-aus-edelstahl-perfekte-praezision-zum-augenbrauenzupfen-gesichtshaarentfernung-hochwertige-pinzette-fuer-frauen-und-maenner\/","og_locale":"de_DE","og_type":"article","og_title":"OCBA 4 teiliges Pinzette Set Pr\u00e4zisions-Pinzetten set aus Edelstahl Perfekte Pr\u00e4zision zum Augenbrauenzupfen\u2026 - Markt-XXL","og_description":"Markt-XXL OCBA 4 teiliges Pinzette Set Pr\u00e4zisions-Pinzetten set aus Edelstahl Perfekte Pr\u00e4zision zum Augenbrauenzupfen\u2026","og_url":"https:\/\/marktxxl.de\/markt\/produkt\/ocba-4-teiliges-pinzette-set-praezisions-pinzetten-set-aus-edelstahl-perfekte-praezision-zum-augenbrauenzupfen-gesichtshaarentfernung-hochwertige-pinzette-fuer-frauen-und-maenner\/","og_site_name":"Markt-XXL","article_modified_time":"2023-04-11T02:13:17+00:00","og_image":[{"width":500,"height":423,"url":"https:\/\/m.media-amazon.com\/images\/I\/41dzNv-kSuL._SL500_.jpg","type":"image\/jpeg"}],"twitter_card":"summary_large_image","twitter_misc":{"Gesch\u00e4tzte Lesezeit":"1\u00a0Minute"},"schema":{"@context":"https:\/\/schema.org","@graph":[{"@type":"WebPage","@id":"https:\/\/marktxxl.de\/markt\/produkt\/ocba-4-teiliges-pinzette-set-praezisions-pinzetten-set-aus-edelstahl-perfekte-praezision-zum-augenbrauenzupfen-gesichtshaarentfernung-hochwertige-pinzette-fuer-frauen-und-maenner\/","url":"https:\/\/marktxxl.de\/markt\/produkt\/ocba-4-teiliges-pinzette-set-praezisions-pinzetten-set-aus-edelstahl-perfekte-praezision-zum-augenbrauenzupfen-gesichtshaarentfernung-hochwertige-pinzette-fuer-frauen-und-maenner\/","name":"OCBA 4 teiliges Pinzette Set Pr\u00e4zisions-Pinzetten set aus Edelstahl Perfekte Pr\u00e4zision zum Augenbrauenzupfen\u2026 - Markt-XXL","isPartOf":{"@id":"https:\/\/marktxxl.de\/markt\/#website"},"primaryImageOfPage":{"@id":"https:\/\/marktxxl.de\/markt\/produkt\/ocba-4-teiliges-pinzette-set-praezisions-pinzetten-set-aus-edelstahl-perfekte-praezision-zum-augenbrauenzupfen-gesichtshaarentfernung-hochwertige-pinzette-fuer-frauen-und-maenner\/#primaryimage"},"image":{"@id":"https:\/\/marktxxl.de\/markt\/produkt\/ocba-4-teiliges-pinzette-set-praezisions-pinzetten-set-aus-edelstahl-perfekte-praezision-zum-augenbrauenzupfen-gesichtshaarentfernung-hochwertige-pinzette-fuer-frauen-und-maenner\/#primaryimage"},"thumbnailUrl":"https:\/\/m.media-amazon.com\/images\/I\/41dzNv-kSuL._SL500_.jpg","datePublished":"2022-07-14T01:38:02+00:00","dateModified":"2023-04-11T02:13:17+00:00","description":"Markt-XXL OCBA 4 teiliges Pinzette Set Pr\u00e4zisions-Pinzetten set aus Edelstahl Perfekte Pr\u00e4zision zum Augenbrauenzupfen\u2026","breadcrumb":{"@id":"https:\/\/marktxxl.de\/markt\/produkt\/ocba-4-teiliges-pinzette-set-praezisions-pinzetten-set-aus-edelstahl-perfekte-praezision-zum-augenbrauenzupfen-gesichtshaarentfernung-hochwertige-pinzette-fuer-frauen-und-maenner\/#breadcrumb"},"inLanguage":"de","potentialAction":[{"@type":"ReadAction","target":["https:\/\/marktxxl.de\/markt\/produkt\/ocba-4-teiliges-pinzette-set-praezisions-pinzetten-set-aus-edelstahl-perfekte-praezision-zum-augenbrauenzupfen-gesichtshaarentfernung-hochwertige-pinzette-fuer-frauen-und-maenner\/"]}]},{"@type":"ImageObject","inLanguage":"de","@id":"https:\/\/marktxxl.de\/markt\/produkt\/ocba-4-teiliges-pinzette-set-praezisions-pinzetten-set-aus-edelstahl-perfekte-praezision-zum-augenbrauenzupfen-gesichtshaarentfernung-hochwertige-pinzette-fuer-frauen-und-maenner\/#primaryimage","url":"https:\/\/m.media-amazon.com\/images\/I\/41dzNv-kSuL._SL500_.jpg","contentUrl":"https:\/\/m.media-amazon.com\/images\/I\/41dzNv-kSuL._SL500_.jpg","width":500,"height":423},{"@type":"BreadcrumbList","@id":"https:\/\/marktxxl.de\/markt\/produkt\/ocba-4-teiliges-pinzette-set-praezisions-pinzetten-set-aus-edelstahl-perfekte-praezision-zum-augenbrauenzupfen-gesichtshaarentfernung-hochwertige-pinzette-fuer-frauen-und-maenner\/#breadcrumb","itemListElement":[{"@type":"ListItem","position":1,"name":"Startseite","item":"https:\/\/marktxxl.de\/markt\/"},{"@type":"ListItem","position":2,"name":"Markt","item":"https:\/\/marktxxl.de\/markt\/"},{"@type":"ListItem","position":3,"name":"OCBA 4 teiliges Pinzette Set Pr\u00e4zisions-Pinzetten set aus Edelstahl Perfekte Pr\u00e4zision zum Augenbrauenzupfen\u2026"}]},{"@type":"WebSite","@id":"https:\/\/marktxxl.de\/markt\/#website","url":"https:\/\/marktxxl.de\/markt\/","name":"Markt-XXL","description":"Ihr Markt Online","publisher":{"@id":"https:\/\/marktxxl.de\/markt\/#organization"},"potentialAction":[{"@type":"SearchAction","target":{"@type":"EntryPoint","urlTemplate":"https:\/\/marktxxl.de\/markt\/?s={search_term_string}"},"query-input":{"@type":"PropertyValueSpecification","valueRequired":true,"valueName":"search_term_string"}}],"inLanguage":"de"},{"@type":"Organization","@id":"https:\/\/marktxxl.de\/markt\/#organization","name":"Markt-XXL","url":"https:\/\/marktxxl.de\/markt\/","logo":{"@type":"ImageObject","inLanguage":"de","@id":"https:\/\/marktxxl.de\/markt\/#\/schema\/logo\/image\/","url":"https:\/\/marktxxl.de\/markt\/wp-content\/uploads\/sites\/3\/2020\/12\/logo.png","contentUrl":"https:\/\/marktxxl.de\/markt\/wp-content\/uploads\/sites\/3\/2020\/12\/logo.png","width":200,"height":70,"caption":"Markt-XXL"},"image":{"@id":"https:\/\/marktxxl.de\/markt\/#\/schema\/logo\/image\/"}}]}},"_links":{"self":[{"href":"https:\/\/marktxxl.de\/markt\/wp-json\/wp\/v2\/product\/137385","targetHints":{"allow":["GET"]}}],"collection":[{"href":"https:\/\/marktxxl.de\/markt\/wp-json\/wp\/v2\/product"}],"about":[{"href":"https:\/\/marktxxl.de\/markt\/wp-json\/wp\/v2\/types\/product"}],"replies":[{"embeddable":true,"href":"https:\/\/marktxxl.de\/markt\/wp-json\/wp\/v2\/comments?post=137385"}],"wp:featuredmedia":[{"embeddable":true,"href":"https:\/\/marktxxl.de\/markt\/wp-json\/wp\/v2\/media\/137386"}],"wp:attachment":[{"href":"https:\/\/marktxxl.de\/markt\/wp-json\/wp\/v2\/media?parent=137385"}],"wp:term":[{"taxonomy":"product_brand","embeddable":true,"href":"https:\/\/marktxxl.de\/markt\/wp-json\/wp\/v2\/product_brand?post=137385"},{"taxonomy":"product_cat","embeddable":true,"href":"https:\/\/marktxxl.de\/markt\/wp-json\/wp\/v2\/product_cat?post=137385"},{"taxonomy":"product_tag","embeddable":true,"href":"https:\/\/marktxxl.de\/markt\/wp-json\/wp\/v2\/product_tag?post=137385"}],"curies":[{"name":"wp","href":"https:\/\/api.w.org\/{rel}","templated":true}]}}