{"id":137324,"date":"2022-07-14T03:35:11","date_gmt":"2022-07-14T01:35:11","guid":{"rendered":"https:\/\/marktxxl.de\/markt\/produkt\/voyor-mitesserentferner-porenreiniger-vakuumsauger-elektrisch-mitesser-entferner-sauger-nase-akne-pickelsauger-fuer-frauen-und-maenner-br410\/"},"modified":"2023-04-11T04:13:16","modified_gmt":"2023-04-11T02:13:16","slug":"voyor-mitesserentferner-porenreiniger-vakuumsauger-elektrisch-mitesser-entferner-sauger-nase-akne-pickelsauger-fuer-frauen-und-maenner-br410","status":"publish","type":"product","link":"https:\/\/marktxxl.de\/markt\/produkt\/voyor-mitesserentferner-porenreiniger-vakuumsauger-elektrisch-mitesser-entferner-sauger-nase-akne-pickelsauger-fuer-frauen-und-maenner-br410\/","title":{"rendered":"VOYOR Mitesserentferner Porenreiniger Vakuumsauger &#8211; Elektrisch Mitesser Entferner Sauger Nase Akne Pickelsauger f\u00fcr\u2026"},"content":{"rendered":"<p>LEISTUNGSF\u00c4HIG &#8211; Das leistungsf\u00e4hige Ansaugen des mitesser-sauger kann effektiv \u00d6l, Verunreinigungen und Fett herausziehen, was das Mitesser-, Hautgrie\u00df- und Akne-Problem von der Wurzel her l\u00f6sen kann. Bringt Ihnen strahlende und glatte Haut.<br \/>\n3 EINSTELLBARE ST\u00c4RKE-STUFE \u2013 Sie k\u00f6nnen die f\u00fcr Ihre verschiedenen Hautbereiche am besten geeigneten Saugstufen leicht einstellen. Niedrige Stufe kann f\u00fcr empfindliche Haut verwendet werden, mittlere Stufe f\u00fcr kleine Mitesser und hohe Stufe f\u00fcr hartn\u00e4ckige Mitesser.<br \/>\n6 FUNKTIONELLE K\u00d6PFE EINSCHLIESSLICH &#8211; Unterschiedliche Kopfformen sind f\u00fcr den Einsatz in verschiedenen Bereichen unseres Gesichts vorgesehen; verschiedene Gr\u00f6\u00dfen des Saugkopfes k\u00f6nnen je nach Bedarf frei gew\u00e4hlt werden; auch ein Silikonkopf f\u00fcr empfindliche Haut ist im Lieferumfang enthalten. Durch diese humanisierten Designs ist dieser Mitesser-Saugkopf f\u00fcr jeden Hauttyp geeignet.<br \/>\nWIEDERAUFLADBAR &amp; TRAGBAR \u2013 Das mitesserentferner verf\u00fcgt \u00fcber eine eingebaute wiederaufladbare Lithiumbatterie mit einer Kapazit\u00e4t von 600 mah, die langlebig und nur 130 Gramm leicht ist. Sein kompaktes und tragbares Design eignet sich hervorragend f\u00fcr Reisen.<br \/>\nEINFACH ZU VERWENDEN UND ZU REINIGEN &#8211; Ein Tastenschalter macht die Bedienung f\u00fcr Sie einfach. Nach Gebrauch des Porenreinigers nehmen Sie einfach den Saugkopf ab und sp\u00fclen ihn zum Reinigen aus.<br \/>\n<div class=\"main-cross-sell\" data-asin=\"B076J7WSPP\">\n\n\t<div class=\"WooZone-cross-sell-loader\">\n\t\t<div>\n\t\t\t<div id=\"floatingBarsG\">\n\t\t\t\t<div class=\"blockG\" id=\"rotateG_01\"><\/div>\n\t\t\t\t<div class=\"blockG\" id=\"rotateG_02\"><\/div>\n\t\t\t\t<div class=\"blockG\" id=\"rotateG_03\"><\/div>\n\t\t\t\t<div class=\"blockG\" id=\"rotateG_04\"><\/div>\n\t\t\t\t<div class=\"blockG\" id=\"rotateG_05\"><\/div>\n\t\t\t\t<div class=\"blockG\" id=\"rotateG_06\"><\/div>\n\t\t\t\t<div class=\"blockG\" id=\"rotateG_07\"><\/div>\n\t\t\t\t<div class=\"blockG\" id=\"rotateG_08\"><\/div>\n\t\t\t<\/div>\n\t\t\t<div class=\"WooZone-cross-sell-loader-text\"><\/div>\n\t\t<\/div>\n\t<\/div>\n\n\t\t\n<\/div>\n<div style=\"clear:both;\"><\/div><\/p>\n","protected":false},"excerpt":{"rendered":"<p>LEISTUNGSF\u00c4HIG &#8211; Das leistungsf\u00e4hige Ansaugen des mitesser-sauger kann effektiv \u00d6l, Verunreinigungen und Fett herausziehen, was das Mitesser-, Hautgrie\u00df- und Akne-Problem von der Wurzel her l\u00f6sen kann. Bringt Ihnen strahlende und glatte Haut.<br \/>\n3 EINSTELLBARE ST\u00c4RKE-STUFE \u2013 Sie k\u00f6nnen die f\u00fcr Ihre verschiedenen Hautbereiche am besten geeigneten Saugstufen leicht einstellen. Niedrige Stufe kann f\u00fcr empfindliche Haut verwendet werden, mittlere Stufe f\u00fcr kleine Mitesser und hohe Stufe f\u00fcr hartn\u00e4ckige Mitesser.<br \/>\n6 FUNKTIONELLE K\u00d6PFE EINSCHLIESSLICH &#8211; Unterschiedliche Kopfformen sind f\u00fcr den Einsatz in verschiedenen Bereichen unseres Gesichts vorgesehen; verschiedene Gr\u00f6\u00dfen des Saugkopfes k\u00f6nnen je nach Bedarf frei gew\u00e4hlt werden; auch ein Silikonkopf f\u00fcr empfindliche Haut ist im Lieferumfang enthalten. Durch diese humanisierten Designs ist dieser Mitesser-Saugkopf f\u00fcr jeden Hauttyp geeignet.<\/p>\n","protected":false},"featured_media":137325,"comment_status":"open","ping_status":"closed","template":"","meta":[],"product_brand":[],"product_cat":[2858,7726],"product_tag":[],"class_list":{"0":"post-137324","1":"product","2":"type-product","3":"status-publish","4":"has-post-thumbnail","6":"product_cat-beauty","7":"product_cat-zubehoer-beauty","8":"pa_binding-badartikel","9":"pa_brand-voyor","10":"pa_color-weiss","11":"pa_height-2-4-zoll","12":"pa_length-7-7-zoll","13":"pa_manufacturer-voyor","14":"pa_model-br410-3","15":"pa_size-1-stueck-1er-pack","16":"pa_weight-0-45-pfund","17":"pa_width-5-5-zoll","19":"first","20":"instock","21":"shipping-taxable","22":"purchasable","23":"product-type-simple","24":"customify-col","25":"product-has-gallery"},"yoast_head":"<!-- This site is optimized with the Yoast SEO plugin v27.4 - https:\/\/yoast.com\/product\/yoast-seo-wordpress\/ -->\n<title>VOYOR Mitesserentferner Porenreiniger Vakuumsauger - Elektrisch Mitesser Entferner Sauger Nase Akne Pickelsauger f\u00fcr\u2026 - Markt-XXL<\/title>\n<meta name=\"description\" content=\"Markt-XXL VOYOR Mitesserentferner Porenreiniger Vakuumsauger - Elektrisch Mitesser Entferner Sauger Nase Akne Pickelsauger f\u00fcr\u2026\" \/>\n<meta name=\"robots\" content=\"index, follow, max-snippet:-1, max-image-preview:large, max-video-preview:-1\" \/>\n<link rel=\"canonical\" href=\"https:\/\/marktxxl.de\/markt\/produkt\/voyor-mitesserentferner-porenreiniger-vakuumsauger-elektrisch-mitesser-entferner-sauger-nase-akne-pickelsauger-fuer-frauen-und-maenner-br410\/\" \/>\n<meta property=\"og:locale\" content=\"de_DE\" \/>\n<meta property=\"og:type\" content=\"article\" \/>\n<meta property=\"og:title\" content=\"VOYOR Mitesserentferner Porenreiniger Vakuumsauger - Elektrisch Mitesser Entferner Sauger Nase Akne Pickelsauger f\u00fcr\u2026 - Markt-XXL\" \/>\n<meta property=\"og:description\" content=\"Markt-XXL VOYOR Mitesserentferner Porenreiniger Vakuumsauger - Elektrisch Mitesser Entferner Sauger Nase Akne Pickelsauger f\u00fcr\u2026\" \/>\n<meta property=\"og:url\" content=\"https:\/\/marktxxl.de\/markt\/produkt\/voyor-mitesserentferner-porenreiniger-vakuumsauger-elektrisch-mitesser-entferner-sauger-nase-akne-pickelsauger-fuer-frauen-und-maenner-br410\/\" \/>\n<meta property=\"og:site_name\" content=\"Markt-XXL\" \/>\n<meta property=\"article:modified_time\" content=\"2023-04-11T02:13:16+00:00\" \/>\n<meta property=\"og:image\" content=\"https:\/\/m.media-amazon.com\/images\/I\/51CNU7w3mTS._SL500_.jpg\" \/>\n\t<meta property=\"og:image:width\" content=\"500\" \/>\n\t<meta property=\"og:image:height\" content=\"500\" \/>\n\t<meta property=\"og:image:type\" content=\"image\/jpeg\" \/>\n<meta name=\"twitter:card\" content=\"summary_large_image\" \/>\n<meta name=\"twitter:label1\" content=\"Gesch\u00e4tzte Lesezeit\" \/>\n\t<meta name=\"twitter:data1\" content=\"1\u00a0Minute\" \/>\n<script type=\"application\/ld+json\" class=\"yoast-schema-graph\">{\"@context\":\"https:\\\/\\\/schema.org\",\"@graph\":[{\"@type\":\"WebPage\",\"@id\":\"https:\\\/\\\/marktxxl.de\\\/markt\\\/produkt\\\/voyor-mitesserentferner-porenreiniger-vakuumsauger-elektrisch-mitesser-entferner-sauger-nase-akne-pickelsauger-fuer-frauen-und-maenner-br410\\\/\",\"url\":\"https:\\\/\\\/marktxxl.de\\\/markt\\\/produkt\\\/voyor-mitesserentferner-porenreiniger-vakuumsauger-elektrisch-mitesser-entferner-sauger-nase-akne-pickelsauger-fuer-frauen-und-maenner-br410\\\/\",\"name\":\"VOYOR Mitesserentferner Porenreiniger Vakuumsauger - Elektrisch Mitesser Entferner Sauger Nase Akne Pickelsauger f\u00fcr\u2026 - Markt-XXL\",\"isPartOf\":{\"@id\":\"https:\\\/\\\/marktxxl.de\\\/markt\\\/#website\"},\"primaryImageOfPage\":{\"@id\":\"https:\\\/\\\/marktxxl.de\\\/markt\\\/produkt\\\/voyor-mitesserentferner-porenreiniger-vakuumsauger-elektrisch-mitesser-entferner-sauger-nase-akne-pickelsauger-fuer-frauen-und-maenner-br410\\\/#primaryimage\"},\"image\":{\"@id\":\"https:\\\/\\\/marktxxl.de\\\/markt\\\/produkt\\\/voyor-mitesserentferner-porenreiniger-vakuumsauger-elektrisch-mitesser-entferner-sauger-nase-akne-pickelsauger-fuer-frauen-und-maenner-br410\\\/#primaryimage\"},\"thumbnailUrl\":\"https:\\\/\\\/m.media-amazon.com\\\/images\\\/I\\\/51CNU7w3mTS._SL500_.jpg\",\"datePublished\":\"2022-07-14T01:35:11+00:00\",\"dateModified\":\"2023-04-11T02:13:16+00:00\",\"description\":\"Markt-XXL VOYOR Mitesserentferner Porenreiniger Vakuumsauger - Elektrisch Mitesser Entferner Sauger Nase Akne Pickelsauger f\u00fcr\u2026\",\"breadcrumb\":{\"@id\":\"https:\\\/\\\/marktxxl.de\\\/markt\\\/produkt\\\/voyor-mitesserentferner-porenreiniger-vakuumsauger-elektrisch-mitesser-entferner-sauger-nase-akne-pickelsauger-fuer-frauen-und-maenner-br410\\\/#breadcrumb\"},\"inLanguage\":\"de\",\"potentialAction\":[{\"@type\":\"ReadAction\",\"target\":[\"https:\\\/\\\/marktxxl.de\\\/markt\\\/produkt\\\/voyor-mitesserentferner-porenreiniger-vakuumsauger-elektrisch-mitesser-entferner-sauger-nase-akne-pickelsauger-fuer-frauen-und-maenner-br410\\\/\"]}]},{\"@type\":\"ImageObject\",\"inLanguage\":\"de\",\"@id\":\"https:\\\/\\\/marktxxl.de\\\/markt\\\/produkt\\\/voyor-mitesserentferner-porenreiniger-vakuumsauger-elektrisch-mitesser-entferner-sauger-nase-akne-pickelsauger-fuer-frauen-und-maenner-br410\\\/#primaryimage\",\"url\":\"https:\\\/\\\/m.media-amazon.com\\\/images\\\/I\\\/51CNU7w3mTS._SL500_.jpg\",\"contentUrl\":\"https:\\\/\\\/m.media-amazon.com\\\/images\\\/I\\\/51CNU7w3mTS._SL500_.jpg\",\"width\":500,\"height\":500},{\"@type\":\"BreadcrumbList\",\"@id\":\"https:\\\/\\\/marktxxl.de\\\/markt\\\/produkt\\\/voyor-mitesserentferner-porenreiniger-vakuumsauger-elektrisch-mitesser-entferner-sauger-nase-akne-pickelsauger-fuer-frauen-und-maenner-br410\\\/#breadcrumb\",\"itemListElement\":[{\"@type\":\"ListItem\",\"position\":1,\"name\":\"Startseite\",\"item\":\"https:\\\/\\\/marktxxl.de\\\/markt\\\/\"},{\"@type\":\"ListItem\",\"position\":2,\"name\":\"Markt\",\"item\":\"https:\\\/\\\/marktxxl.de\\\/markt\\\/\"},{\"@type\":\"ListItem\",\"position\":3,\"name\":\"VOYOR Mitesserentferner Porenreiniger Vakuumsauger &#8211; Elektrisch Mitesser Entferner Sauger Nase Akne Pickelsauger f\u00fcr\u2026\"}]},{\"@type\":\"WebSite\",\"@id\":\"https:\\\/\\\/marktxxl.de\\\/markt\\\/#website\",\"url\":\"https:\\\/\\\/marktxxl.de\\\/markt\\\/\",\"name\":\"Markt-XXL\",\"description\":\"Ihr Markt Online\",\"publisher\":{\"@id\":\"https:\\\/\\\/marktxxl.de\\\/markt\\\/#organization\"},\"potentialAction\":[{\"@type\":\"SearchAction\",\"target\":{\"@type\":\"EntryPoint\",\"urlTemplate\":\"https:\\\/\\\/marktxxl.de\\\/markt\\\/?s={search_term_string}\"},\"query-input\":{\"@type\":\"PropertyValueSpecification\",\"valueRequired\":true,\"valueName\":\"search_term_string\"}}],\"inLanguage\":\"de\"},{\"@type\":\"Organization\",\"@id\":\"https:\\\/\\\/marktxxl.de\\\/markt\\\/#organization\",\"name\":\"Markt-XXL\",\"url\":\"https:\\\/\\\/marktxxl.de\\\/markt\\\/\",\"logo\":{\"@type\":\"ImageObject\",\"inLanguage\":\"de\",\"@id\":\"https:\\\/\\\/marktxxl.de\\\/markt\\\/#\\\/schema\\\/logo\\\/image\\\/\",\"url\":\"https:\\\/\\\/marktxxl.de\\\/markt\\\/wp-content\\\/uploads\\\/sites\\\/3\\\/2020\\\/12\\\/logo.png\",\"contentUrl\":\"https:\\\/\\\/marktxxl.de\\\/markt\\\/wp-content\\\/uploads\\\/sites\\\/3\\\/2020\\\/12\\\/logo.png\",\"width\":200,\"height\":70,\"caption\":\"Markt-XXL\"},\"image\":{\"@id\":\"https:\\\/\\\/marktxxl.de\\\/markt\\\/#\\\/schema\\\/logo\\\/image\\\/\"}}]}<\/script>\n<!-- \/ Yoast SEO plugin. -->","yoast_head_json":{"title":"VOYOR Mitesserentferner Porenreiniger Vakuumsauger - Elektrisch Mitesser Entferner Sauger Nase Akne Pickelsauger f\u00fcr\u2026 - Markt-XXL","description":"Markt-XXL VOYOR Mitesserentferner Porenreiniger Vakuumsauger - Elektrisch Mitesser Entferner Sauger Nase Akne Pickelsauger f\u00fcr\u2026","robots":{"index":"index","follow":"follow","max-snippet":"max-snippet:-1","max-image-preview":"max-image-preview:large","max-video-preview":"max-video-preview:-1"},"canonical":"https:\/\/marktxxl.de\/markt\/produkt\/voyor-mitesserentferner-porenreiniger-vakuumsauger-elektrisch-mitesser-entferner-sauger-nase-akne-pickelsauger-fuer-frauen-und-maenner-br410\/","og_locale":"de_DE","og_type":"article","og_title":"VOYOR Mitesserentferner Porenreiniger Vakuumsauger - Elektrisch Mitesser Entferner Sauger Nase Akne Pickelsauger f\u00fcr\u2026 - Markt-XXL","og_description":"Markt-XXL VOYOR Mitesserentferner Porenreiniger Vakuumsauger - Elektrisch Mitesser Entferner Sauger Nase Akne Pickelsauger f\u00fcr\u2026","og_url":"https:\/\/marktxxl.de\/markt\/produkt\/voyor-mitesserentferner-porenreiniger-vakuumsauger-elektrisch-mitesser-entferner-sauger-nase-akne-pickelsauger-fuer-frauen-und-maenner-br410\/","og_site_name":"Markt-XXL","article_modified_time":"2023-04-11T02:13:16+00:00","og_image":[{"width":500,"height":500,"url":"https:\/\/m.media-amazon.com\/images\/I\/51CNU7w3mTS._SL500_.jpg","type":"image\/jpeg"}],"twitter_card":"summary_large_image","twitter_misc":{"Gesch\u00e4tzte Lesezeit":"1\u00a0Minute"},"schema":{"@context":"https:\/\/schema.org","@graph":[{"@type":"WebPage","@id":"https:\/\/marktxxl.de\/markt\/produkt\/voyor-mitesserentferner-porenreiniger-vakuumsauger-elektrisch-mitesser-entferner-sauger-nase-akne-pickelsauger-fuer-frauen-und-maenner-br410\/","url":"https:\/\/marktxxl.de\/markt\/produkt\/voyor-mitesserentferner-porenreiniger-vakuumsauger-elektrisch-mitesser-entferner-sauger-nase-akne-pickelsauger-fuer-frauen-und-maenner-br410\/","name":"VOYOR Mitesserentferner Porenreiniger Vakuumsauger - Elektrisch Mitesser Entferner Sauger Nase Akne Pickelsauger f\u00fcr\u2026 - Markt-XXL","isPartOf":{"@id":"https:\/\/marktxxl.de\/markt\/#website"},"primaryImageOfPage":{"@id":"https:\/\/marktxxl.de\/markt\/produkt\/voyor-mitesserentferner-porenreiniger-vakuumsauger-elektrisch-mitesser-entferner-sauger-nase-akne-pickelsauger-fuer-frauen-und-maenner-br410\/#primaryimage"},"image":{"@id":"https:\/\/marktxxl.de\/markt\/produkt\/voyor-mitesserentferner-porenreiniger-vakuumsauger-elektrisch-mitesser-entferner-sauger-nase-akne-pickelsauger-fuer-frauen-und-maenner-br410\/#primaryimage"},"thumbnailUrl":"https:\/\/m.media-amazon.com\/images\/I\/51CNU7w3mTS._SL500_.jpg","datePublished":"2022-07-14T01:35:11+00:00","dateModified":"2023-04-11T02:13:16+00:00","description":"Markt-XXL VOYOR Mitesserentferner Porenreiniger Vakuumsauger - Elektrisch Mitesser Entferner Sauger Nase Akne Pickelsauger f\u00fcr\u2026","breadcrumb":{"@id":"https:\/\/marktxxl.de\/markt\/produkt\/voyor-mitesserentferner-porenreiniger-vakuumsauger-elektrisch-mitesser-entferner-sauger-nase-akne-pickelsauger-fuer-frauen-und-maenner-br410\/#breadcrumb"},"inLanguage":"de","potentialAction":[{"@type":"ReadAction","target":["https:\/\/marktxxl.de\/markt\/produkt\/voyor-mitesserentferner-porenreiniger-vakuumsauger-elektrisch-mitesser-entferner-sauger-nase-akne-pickelsauger-fuer-frauen-und-maenner-br410\/"]}]},{"@type":"ImageObject","inLanguage":"de","@id":"https:\/\/marktxxl.de\/markt\/produkt\/voyor-mitesserentferner-porenreiniger-vakuumsauger-elektrisch-mitesser-entferner-sauger-nase-akne-pickelsauger-fuer-frauen-und-maenner-br410\/#primaryimage","url":"https:\/\/m.media-amazon.com\/images\/I\/51CNU7w3mTS._SL500_.jpg","contentUrl":"https:\/\/m.media-amazon.com\/images\/I\/51CNU7w3mTS._SL500_.jpg","width":500,"height":500},{"@type":"BreadcrumbList","@id":"https:\/\/marktxxl.de\/markt\/produkt\/voyor-mitesserentferner-porenreiniger-vakuumsauger-elektrisch-mitesser-entferner-sauger-nase-akne-pickelsauger-fuer-frauen-und-maenner-br410\/#breadcrumb","itemListElement":[{"@type":"ListItem","position":1,"name":"Startseite","item":"https:\/\/marktxxl.de\/markt\/"},{"@type":"ListItem","position":2,"name":"Markt","item":"https:\/\/marktxxl.de\/markt\/"},{"@type":"ListItem","position":3,"name":"VOYOR Mitesserentferner Porenreiniger Vakuumsauger &#8211; Elektrisch Mitesser Entferner Sauger Nase Akne Pickelsauger f\u00fcr\u2026"}]},{"@type":"WebSite","@id":"https:\/\/marktxxl.de\/markt\/#website","url":"https:\/\/marktxxl.de\/markt\/","name":"Markt-XXL","description":"Ihr Markt Online","publisher":{"@id":"https:\/\/marktxxl.de\/markt\/#organization"},"potentialAction":[{"@type":"SearchAction","target":{"@type":"EntryPoint","urlTemplate":"https:\/\/marktxxl.de\/markt\/?s={search_term_string}"},"query-input":{"@type":"PropertyValueSpecification","valueRequired":true,"valueName":"search_term_string"}}],"inLanguage":"de"},{"@type":"Organization","@id":"https:\/\/marktxxl.de\/markt\/#organization","name":"Markt-XXL","url":"https:\/\/marktxxl.de\/markt\/","logo":{"@type":"ImageObject","inLanguage":"de","@id":"https:\/\/marktxxl.de\/markt\/#\/schema\/logo\/image\/","url":"https:\/\/marktxxl.de\/markt\/wp-content\/uploads\/sites\/3\/2020\/12\/logo.png","contentUrl":"https:\/\/marktxxl.de\/markt\/wp-content\/uploads\/sites\/3\/2020\/12\/logo.png","width":200,"height":70,"caption":"Markt-XXL"},"image":{"@id":"https:\/\/marktxxl.de\/markt\/#\/schema\/logo\/image\/"}}]}},"_links":{"self":[{"href":"https:\/\/marktxxl.de\/markt\/wp-json\/wp\/v2\/product\/137324","targetHints":{"allow":["GET"]}}],"collection":[{"href":"https:\/\/marktxxl.de\/markt\/wp-json\/wp\/v2\/product"}],"about":[{"href":"https:\/\/marktxxl.de\/markt\/wp-json\/wp\/v2\/types\/product"}],"replies":[{"embeddable":true,"href":"https:\/\/marktxxl.de\/markt\/wp-json\/wp\/v2\/comments?post=137324"}],"wp:featuredmedia":[{"embeddable":true,"href":"https:\/\/marktxxl.de\/markt\/wp-json\/wp\/v2\/media\/137325"}],"wp:attachment":[{"href":"https:\/\/marktxxl.de\/markt\/wp-json\/wp\/v2\/media?parent=137324"}],"wp:term":[{"taxonomy":"product_brand","embeddable":true,"href":"https:\/\/marktxxl.de\/markt\/wp-json\/wp\/v2\/product_brand?post=137324"},{"taxonomy":"product_cat","embeddable":true,"href":"https:\/\/marktxxl.de\/markt\/wp-json\/wp\/v2\/product_cat?post=137324"},{"taxonomy":"product_tag","embeddable":true,"href":"https:\/\/marktxxl.de\/markt\/wp-json\/wp\/v2\/product_tag?post=137324"}],"curies":[{"name":"wp","href":"https:\/\/api.w.org\/{rel}","templated":true}]}}