{"id":137304,"date":"2022-07-14T03:35:00","date_gmt":"2022-07-14T01:35:00","guid":{"rendered":"https:\/\/marktxxl.de\/markt\/produkt\/reise-make-up-tasche-grosse-kosmetiktasche-make-up-tasche-organizer-fuer-frauen-und-maedchen\/"},"modified":"2023-04-11T04:13:16","modified_gmt":"2023-04-11T02:13:16","slug":"reise-make-up-tasche-grosse-kosmetiktasche-make-up-tasche-organizer-fuer-frauen-und-maedchen","status":"publish","type":"product","link":"https:\/\/marktxxl.de\/markt\/produkt\/reise-make-up-tasche-grosse-kosmetiktasche-make-up-tasche-organizer-fuer-frauen-und-maedchen\/","title":{"rendered":"Reise Kosmetiktasche Gro\u00dfe Make-up-Tasche Schminktasche Kosmetiktasch Organizer f\u00fcr Damen und M\u00e4dchen (Flamingo)"},"content":{"rendered":"<p>\u2705 Flexible Klettteiler &#8211; 3 kleine Bereiche, 1 gro\u00dfer Bereich bietet Platz f\u00fcr Make-up oder Pflegeprodukte wie Foundation, Concealer, Mascara, Lidschatten, Puder, Rouge, Lippenstift, Bronzer usw.<br \/>\n\u2705 Separates B\u00fcrstenfach &#8211; In einem separaten Fach k\u00f6nnen Sie Ihre B\u00fcrsten aufbewahren und vor Staub sch\u00fctzen. Plus eine zus\u00e4tzliche Rei\u00dfverschlusstasche f\u00fcr die Aufbewahrung kleiner Gegenst\u00e4nde.<br \/>\n\u2705 Premium-Qualit\u00e4t &#8211; Weich und gepolstert, zuverl\u00e4ssige Rei\u00dfverschl\u00fcsse, sch\u00f6nes Futter, jedes Detail ist sorgf\u00e4ltig verarbeitet. Unser Make-up-Fall w\u00e4re ein tolles Weihnachtsgeschenk f\u00fcr Frauen und M\u00e4dchen.<br \/>\n\u2705 Reiselicht &#8211; Praktisches und dennoch kompaktes Design, wiegt nur 7,8 Unzen und ist viel leichter als eine sperrige Kosmetiktasche. Die weichen Seiten passen problemlos in einen \u00fcberf\u00fcllten Koffer oder eine Tasche mit gen\u00fcgend Kissen.<br \/>\n\u2705 Wasserabweisend &#8211; Wasserabweisendes Innen- und Au\u00dfenmaterial sowie strapazierf\u00e4higes Material sch\u00fctzen Ihre Ausr\u00fcstung vor versch\u00fcttetem Material und sind leicht abzuwischen.<br \/>\n<div class=\"main-cross-sell\" data-asin=\"B07ZRM5DGK\">\n\n\t<div class=\"WooZone-cross-sell-loader\">\n\t\t<div>\n\t\t\t<div id=\"floatingBarsG\">\n\t\t\t\t<div class=\"blockG\" id=\"rotateG_01\"><\/div>\n\t\t\t\t<div class=\"blockG\" id=\"rotateG_02\"><\/div>\n\t\t\t\t<div class=\"blockG\" id=\"rotateG_03\"><\/div>\n\t\t\t\t<div class=\"blockG\" id=\"rotateG_04\"><\/div>\n\t\t\t\t<div class=\"blockG\" id=\"rotateG_05\"><\/div>\n\t\t\t\t<div class=\"blockG\" id=\"rotateG_06\"><\/div>\n\t\t\t\t<div class=\"blockG\" id=\"rotateG_07\"><\/div>\n\t\t\t\t<div class=\"blockG\" id=\"rotateG_08\"><\/div>\n\t\t\t<\/div>\n\t\t\t<div class=\"WooZone-cross-sell-loader-text\"><\/div>\n\t\t<\/div>\n\t<\/div>\n\n\t\t\n<\/div>\n<div style=\"clear:both;\"><\/div><\/p>\n","protected":false},"excerpt":{"rendered":"<p>\u2705 Flexible Klettteiler &#8211; 3 kleine Bereiche, 1 gro\u00dfer Bereich bietet Platz f\u00fcr Make-up oder Pflegeprodukte wie Foundation, Concealer, Mascara, Lidschatten, Puder, Rouge, Lippenstift, Bronzer usw.<br \/>\n\u2705 Separates B\u00fcrstenfach &#8211; In einem separaten Fach k\u00f6nnen Sie Ihre B\u00fcrsten aufbewahren und vor Staub sch\u00fctzen. Plus eine zus\u00e4tzliche Rei\u00dfverschlusstasche f\u00fcr die Aufbewahrung kleiner Gegenst\u00e4nde.<br \/>\n\u2705 Premium-Qualit\u00e4t &#8211; Weich und gepolstert, zuverl\u00e4ssige Rei\u00dfverschl\u00fcsse, sch\u00f6nes Futter, jedes Detail ist sorgf\u00e4ltig verarbeitet. Unser Make-up-Fall w\u00e4re ein tolles Weihnachtsgeschenk f\u00fcr Frauen und M\u00e4dchen.<\/p>\n","protected":false},"featured_media":137305,"comment_status":"open","ping_status":"closed","template":"","meta":[],"product_brand":[],"product_cat":[2858,7726],"product_tag":[],"class_list":{"0":"post-137304","1":"product","2":"type-product","3":"status-publish","4":"has-post-thumbnail","6":"product_cat-beauty","7":"product_cat-zubehoer-beauty","8":"pa_binding-misc","9":"pa_brand-narwey","10":"pa_manufacturer-narwey","11":"pa_size-free-size","13":"first","14":"instock","15":"shipping-taxable","16":"purchasable","17":"product-type-simple","18":"customify-col","19":"product-has-gallery"},"yoast_head":"<!-- This site is optimized with the Yoast SEO plugin v27.4 - https:\/\/yoast.com\/product\/yoast-seo-wordpress\/ -->\n<title>Reise Kosmetiktasche Gro\u00dfe Make-up-Tasche Schminktasche Kosmetiktasch Organizer f\u00fcr Damen und M\u00e4dchen (Flamingo) - Markt-XXL<\/title>\n<meta name=\"description\" content=\"Markt-XXL Reise Kosmetiktasche Gro\u00dfe Make-up-Tasche Schminktasche Kosmetiktasch Organizer f\u00fcr Damen und M\u00e4dchen (Flamingo)\" \/>\n<meta name=\"robots\" content=\"index, follow, max-snippet:-1, max-image-preview:large, max-video-preview:-1\" \/>\n<link rel=\"canonical\" href=\"https:\/\/marktxxl.de\/markt\/produkt\/reise-make-up-tasche-grosse-kosmetiktasche-make-up-tasche-organizer-fuer-frauen-und-maedchen\/\" \/>\n<meta property=\"og:locale\" content=\"de_DE\" \/>\n<meta property=\"og:type\" content=\"article\" \/>\n<meta property=\"og:title\" content=\"Reise Kosmetiktasche Gro\u00dfe Make-up-Tasche Schminktasche Kosmetiktasch Organizer f\u00fcr Damen und M\u00e4dchen (Flamingo) - Markt-XXL\" \/>\n<meta property=\"og:description\" content=\"Markt-XXL Reise Kosmetiktasche Gro\u00dfe Make-up-Tasche Schminktasche Kosmetiktasch Organizer f\u00fcr Damen und M\u00e4dchen (Flamingo)\" \/>\n<meta property=\"og:url\" content=\"https:\/\/marktxxl.de\/markt\/produkt\/reise-make-up-tasche-grosse-kosmetiktasche-make-up-tasche-organizer-fuer-frauen-und-maedchen\/\" \/>\n<meta property=\"og:site_name\" content=\"Markt-XXL\" \/>\n<meta property=\"article:modified_time\" content=\"2023-04-11T02:13:16+00:00\" \/>\n<meta property=\"og:image\" content=\"https:\/\/m.media-amazon.com\/images\/I\/41mf6c73m+S._SL500_.jpg\" \/>\n\t<meta property=\"og:image:width\" content=\"500\" \/>\n\t<meta property=\"og:image:height\" content=\"500\" \/>\n\t<meta property=\"og:image:type\" content=\"image\/jpeg\" \/>\n<meta name=\"twitter:card\" content=\"summary_large_image\" \/>\n<meta name=\"twitter:label1\" content=\"Gesch\u00e4tzte Lesezeit\" \/>\n\t<meta name=\"twitter:data1\" content=\"1\u00a0Minute\" \/>\n<script type=\"application\/ld+json\" class=\"yoast-schema-graph\">{\"@context\":\"https:\\\/\\\/schema.org\",\"@graph\":[{\"@type\":\"WebPage\",\"@id\":\"https:\\\/\\\/marktxxl.de\\\/markt\\\/produkt\\\/reise-make-up-tasche-grosse-kosmetiktasche-make-up-tasche-organizer-fuer-frauen-und-maedchen\\\/\",\"url\":\"https:\\\/\\\/marktxxl.de\\\/markt\\\/produkt\\\/reise-make-up-tasche-grosse-kosmetiktasche-make-up-tasche-organizer-fuer-frauen-und-maedchen\\\/\",\"name\":\"Reise Kosmetiktasche Gro\u00dfe Make-up-Tasche Schminktasche Kosmetiktasch Organizer f\u00fcr Damen und M\u00e4dchen (Flamingo) - Markt-XXL\",\"isPartOf\":{\"@id\":\"https:\\\/\\\/marktxxl.de\\\/markt\\\/#website\"},\"primaryImageOfPage\":{\"@id\":\"https:\\\/\\\/marktxxl.de\\\/markt\\\/produkt\\\/reise-make-up-tasche-grosse-kosmetiktasche-make-up-tasche-organizer-fuer-frauen-und-maedchen\\\/#primaryimage\"},\"image\":{\"@id\":\"https:\\\/\\\/marktxxl.de\\\/markt\\\/produkt\\\/reise-make-up-tasche-grosse-kosmetiktasche-make-up-tasche-organizer-fuer-frauen-und-maedchen\\\/#primaryimage\"},\"thumbnailUrl\":\"https:\\\/\\\/m.media-amazon.com\\\/images\\\/I\\\/41mf6c73m+S._SL500_.jpg\",\"datePublished\":\"2022-07-14T01:35:00+00:00\",\"dateModified\":\"2023-04-11T02:13:16+00:00\",\"description\":\"Markt-XXL Reise Kosmetiktasche Gro\u00dfe Make-up-Tasche Schminktasche Kosmetiktasch Organizer f\u00fcr Damen und M\u00e4dchen (Flamingo)\",\"breadcrumb\":{\"@id\":\"https:\\\/\\\/marktxxl.de\\\/markt\\\/produkt\\\/reise-make-up-tasche-grosse-kosmetiktasche-make-up-tasche-organizer-fuer-frauen-und-maedchen\\\/#breadcrumb\"},\"inLanguage\":\"de\",\"potentialAction\":[{\"@type\":\"ReadAction\",\"target\":[\"https:\\\/\\\/marktxxl.de\\\/markt\\\/produkt\\\/reise-make-up-tasche-grosse-kosmetiktasche-make-up-tasche-organizer-fuer-frauen-und-maedchen\\\/\"]}]},{\"@type\":\"ImageObject\",\"inLanguage\":\"de\",\"@id\":\"https:\\\/\\\/marktxxl.de\\\/markt\\\/produkt\\\/reise-make-up-tasche-grosse-kosmetiktasche-make-up-tasche-organizer-fuer-frauen-und-maedchen\\\/#primaryimage\",\"url\":\"https:\\\/\\\/m.media-amazon.com\\\/images\\\/I\\\/41mf6c73m+S._SL500_.jpg\",\"contentUrl\":\"https:\\\/\\\/m.media-amazon.com\\\/images\\\/I\\\/41mf6c73m+S._SL500_.jpg\",\"width\":500,\"height\":500},{\"@type\":\"BreadcrumbList\",\"@id\":\"https:\\\/\\\/marktxxl.de\\\/markt\\\/produkt\\\/reise-make-up-tasche-grosse-kosmetiktasche-make-up-tasche-organizer-fuer-frauen-und-maedchen\\\/#breadcrumb\",\"itemListElement\":[{\"@type\":\"ListItem\",\"position\":1,\"name\":\"Startseite\",\"item\":\"https:\\\/\\\/marktxxl.de\\\/markt\\\/\"},{\"@type\":\"ListItem\",\"position\":2,\"name\":\"Markt\",\"item\":\"https:\\\/\\\/marktxxl.de\\\/markt\\\/\"},{\"@type\":\"ListItem\",\"position\":3,\"name\":\"Reise Kosmetiktasche Gro\u00dfe Make-up-Tasche Schminktasche Kosmetiktasch Organizer f\u00fcr Damen und M\u00e4dchen (Flamingo)\"}]},{\"@type\":\"WebSite\",\"@id\":\"https:\\\/\\\/marktxxl.de\\\/markt\\\/#website\",\"url\":\"https:\\\/\\\/marktxxl.de\\\/markt\\\/\",\"name\":\"Markt-XXL\",\"description\":\"Ihr Markt Online\",\"publisher\":{\"@id\":\"https:\\\/\\\/marktxxl.de\\\/markt\\\/#organization\"},\"potentialAction\":[{\"@type\":\"SearchAction\",\"target\":{\"@type\":\"EntryPoint\",\"urlTemplate\":\"https:\\\/\\\/marktxxl.de\\\/markt\\\/?s={search_term_string}\"},\"query-input\":{\"@type\":\"PropertyValueSpecification\",\"valueRequired\":true,\"valueName\":\"search_term_string\"}}],\"inLanguage\":\"de\"},{\"@type\":\"Organization\",\"@id\":\"https:\\\/\\\/marktxxl.de\\\/markt\\\/#organization\",\"name\":\"Markt-XXL\",\"url\":\"https:\\\/\\\/marktxxl.de\\\/markt\\\/\",\"logo\":{\"@type\":\"ImageObject\",\"inLanguage\":\"de\",\"@id\":\"https:\\\/\\\/marktxxl.de\\\/markt\\\/#\\\/schema\\\/logo\\\/image\\\/\",\"url\":\"https:\\\/\\\/marktxxl.de\\\/markt\\\/wp-content\\\/uploads\\\/sites\\\/3\\\/2020\\\/12\\\/logo.png\",\"contentUrl\":\"https:\\\/\\\/marktxxl.de\\\/markt\\\/wp-content\\\/uploads\\\/sites\\\/3\\\/2020\\\/12\\\/logo.png\",\"width\":200,\"height\":70,\"caption\":\"Markt-XXL\"},\"image\":{\"@id\":\"https:\\\/\\\/marktxxl.de\\\/markt\\\/#\\\/schema\\\/logo\\\/image\\\/\"}}]}<\/script>\n<!-- \/ Yoast SEO plugin. -->","yoast_head_json":{"title":"Reise Kosmetiktasche Gro\u00dfe Make-up-Tasche Schminktasche Kosmetiktasch Organizer f\u00fcr Damen und M\u00e4dchen (Flamingo) - Markt-XXL","description":"Markt-XXL Reise Kosmetiktasche Gro\u00dfe Make-up-Tasche Schminktasche Kosmetiktasch Organizer f\u00fcr Damen und M\u00e4dchen (Flamingo)","robots":{"index":"index","follow":"follow","max-snippet":"max-snippet:-1","max-image-preview":"max-image-preview:large","max-video-preview":"max-video-preview:-1"},"canonical":"https:\/\/marktxxl.de\/markt\/produkt\/reise-make-up-tasche-grosse-kosmetiktasche-make-up-tasche-organizer-fuer-frauen-und-maedchen\/","og_locale":"de_DE","og_type":"article","og_title":"Reise Kosmetiktasche Gro\u00dfe Make-up-Tasche Schminktasche Kosmetiktasch Organizer f\u00fcr Damen und M\u00e4dchen (Flamingo) - Markt-XXL","og_description":"Markt-XXL Reise Kosmetiktasche Gro\u00dfe Make-up-Tasche Schminktasche Kosmetiktasch Organizer f\u00fcr Damen und M\u00e4dchen (Flamingo)","og_url":"https:\/\/marktxxl.de\/markt\/produkt\/reise-make-up-tasche-grosse-kosmetiktasche-make-up-tasche-organizer-fuer-frauen-und-maedchen\/","og_site_name":"Markt-XXL","article_modified_time":"2023-04-11T02:13:16+00:00","og_image":[{"width":500,"height":500,"url":"https:\/\/m.media-amazon.com\/images\/I\/41mf6c73m+S._SL500_.jpg","type":"image\/jpeg"}],"twitter_card":"summary_large_image","twitter_misc":{"Gesch\u00e4tzte Lesezeit":"1\u00a0Minute"},"schema":{"@context":"https:\/\/schema.org","@graph":[{"@type":"WebPage","@id":"https:\/\/marktxxl.de\/markt\/produkt\/reise-make-up-tasche-grosse-kosmetiktasche-make-up-tasche-organizer-fuer-frauen-und-maedchen\/","url":"https:\/\/marktxxl.de\/markt\/produkt\/reise-make-up-tasche-grosse-kosmetiktasche-make-up-tasche-organizer-fuer-frauen-und-maedchen\/","name":"Reise Kosmetiktasche Gro\u00dfe Make-up-Tasche Schminktasche Kosmetiktasch Organizer f\u00fcr Damen und M\u00e4dchen (Flamingo) - Markt-XXL","isPartOf":{"@id":"https:\/\/marktxxl.de\/markt\/#website"},"primaryImageOfPage":{"@id":"https:\/\/marktxxl.de\/markt\/produkt\/reise-make-up-tasche-grosse-kosmetiktasche-make-up-tasche-organizer-fuer-frauen-und-maedchen\/#primaryimage"},"image":{"@id":"https:\/\/marktxxl.de\/markt\/produkt\/reise-make-up-tasche-grosse-kosmetiktasche-make-up-tasche-organizer-fuer-frauen-und-maedchen\/#primaryimage"},"thumbnailUrl":"https:\/\/m.media-amazon.com\/images\/I\/41mf6c73m+S._SL500_.jpg","datePublished":"2022-07-14T01:35:00+00:00","dateModified":"2023-04-11T02:13:16+00:00","description":"Markt-XXL Reise Kosmetiktasche Gro\u00dfe Make-up-Tasche Schminktasche Kosmetiktasch Organizer f\u00fcr Damen und M\u00e4dchen (Flamingo)","breadcrumb":{"@id":"https:\/\/marktxxl.de\/markt\/produkt\/reise-make-up-tasche-grosse-kosmetiktasche-make-up-tasche-organizer-fuer-frauen-und-maedchen\/#breadcrumb"},"inLanguage":"de","potentialAction":[{"@type":"ReadAction","target":["https:\/\/marktxxl.de\/markt\/produkt\/reise-make-up-tasche-grosse-kosmetiktasche-make-up-tasche-organizer-fuer-frauen-und-maedchen\/"]}]},{"@type":"ImageObject","inLanguage":"de","@id":"https:\/\/marktxxl.de\/markt\/produkt\/reise-make-up-tasche-grosse-kosmetiktasche-make-up-tasche-organizer-fuer-frauen-und-maedchen\/#primaryimage","url":"https:\/\/m.media-amazon.com\/images\/I\/41mf6c73m+S._SL500_.jpg","contentUrl":"https:\/\/m.media-amazon.com\/images\/I\/41mf6c73m+S._SL500_.jpg","width":500,"height":500},{"@type":"BreadcrumbList","@id":"https:\/\/marktxxl.de\/markt\/produkt\/reise-make-up-tasche-grosse-kosmetiktasche-make-up-tasche-organizer-fuer-frauen-und-maedchen\/#breadcrumb","itemListElement":[{"@type":"ListItem","position":1,"name":"Startseite","item":"https:\/\/marktxxl.de\/markt\/"},{"@type":"ListItem","position":2,"name":"Markt","item":"https:\/\/marktxxl.de\/markt\/"},{"@type":"ListItem","position":3,"name":"Reise Kosmetiktasche Gro\u00dfe Make-up-Tasche Schminktasche Kosmetiktasch Organizer f\u00fcr Damen und M\u00e4dchen (Flamingo)"}]},{"@type":"WebSite","@id":"https:\/\/marktxxl.de\/markt\/#website","url":"https:\/\/marktxxl.de\/markt\/","name":"Markt-XXL","description":"Ihr Markt Online","publisher":{"@id":"https:\/\/marktxxl.de\/markt\/#organization"},"potentialAction":[{"@type":"SearchAction","target":{"@type":"EntryPoint","urlTemplate":"https:\/\/marktxxl.de\/markt\/?s={search_term_string}"},"query-input":{"@type":"PropertyValueSpecification","valueRequired":true,"valueName":"search_term_string"}}],"inLanguage":"de"},{"@type":"Organization","@id":"https:\/\/marktxxl.de\/markt\/#organization","name":"Markt-XXL","url":"https:\/\/marktxxl.de\/markt\/","logo":{"@type":"ImageObject","inLanguage":"de","@id":"https:\/\/marktxxl.de\/markt\/#\/schema\/logo\/image\/","url":"https:\/\/marktxxl.de\/markt\/wp-content\/uploads\/sites\/3\/2020\/12\/logo.png","contentUrl":"https:\/\/marktxxl.de\/markt\/wp-content\/uploads\/sites\/3\/2020\/12\/logo.png","width":200,"height":70,"caption":"Markt-XXL"},"image":{"@id":"https:\/\/marktxxl.de\/markt\/#\/schema\/logo\/image\/"}}]}},"_links":{"self":[{"href":"https:\/\/marktxxl.de\/markt\/wp-json\/wp\/v2\/product\/137304","targetHints":{"allow":["GET"]}}],"collection":[{"href":"https:\/\/marktxxl.de\/markt\/wp-json\/wp\/v2\/product"}],"about":[{"href":"https:\/\/marktxxl.de\/markt\/wp-json\/wp\/v2\/types\/product"}],"replies":[{"embeddable":true,"href":"https:\/\/marktxxl.de\/markt\/wp-json\/wp\/v2\/comments?post=137304"}],"wp:featuredmedia":[{"embeddable":true,"href":"https:\/\/marktxxl.de\/markt\/wp-json\/wp\/v2\/media\/137305"}],"wp:attachment":[{"href":"https:\/\/marktxxl.de\/markt\/wp-json\/wp\/v2\/media?parent=137304"}],"wp:term":[{"taxonomy":"product_brand","embeddable":true,"href":"https:\/\/marktxxl.de\/markt\/wp-json\/wp\/v2\/product_brand?post=137304"},{"taxonomy":"product_cat","embeddable":true,"href":"https:\/\/marktxxl.de\/markt\/wp-json\/wp\/v2\/product_cat?post=137304"},{"taxonomy":"product_tag","embeddable":true,"href":"https:\/\/marktxxl.de\/markt\/wp-json\/wp\/v2\/product_tag?post=137304"}],"curies":[{"name":"wp","href":"https:\/\/api.w.org\/{rel}","templated":true}]}}