{"id":137149,"date":"2022-07-14T03:28:41","date_gmt":"2022-07-14T01:28:41","guid":{"rendered":"https:\/\/marktxxl.de\/markt\/produkt\/40-cm-edelstahl-rahmenlose-dusche-tuer-feste-seitenwandplatte-wall-to-glass-unterstuetzung-bar-fuer-6mm-8mm-10mm-dick-glas-von-m-home\/"},"modified":"2023-04-11T04:13:14","modified_gmt":"2023-04-11T02:13:14","slug":"40-cm-edelstahl-rahmenlose-dusche-tuer-feste-seitenwandplatte-wall-to-glass-unterstuetzung-bar-fuer-6mm-8mm-10mm-dick-glas-von-m-home","status":"publish","type":"product","link":"https:\/\/marktxxl.de\/markt\/produkt\/40-cm-edelstahl-rahmenlose-dusche-tuer-feste-seitenwandplatte-wall-to-glass-unterstuetzung-bar-fuer-6mm-8mm-10mm-dick-glas-von-m-home\/","title":{"rendered":"40 cm Edelstahl rahmenlose Dusche T\u00fcr Feste seitenwandplatte wall-to-glass Unterst\u00fctzung Bar f\u00fcr 6mm 8mm 10mm Dick Glas\u2026"},"content":{"rendered":"<p>40 cm lang, f\u00fcr 6 mm bis 10 mm Glasdicke.<br \/>\nMaterial: Edelstahl 304. Rohrbreite: 15 mm x 15 mm. Dicke des Edelstahls: 1,2 mm<br \/>\nMitgelieferte Teile: Gummiauflage, Schrauben und L-f\u00f6rmige Schraubendreher.<br \/>\n\u3010Feste L\u00e4nge bietet mehr Sicherheit\u3011: Die Konformation mit fester L\u00e4nge und Dreieck ist stabiler und bietet somit mehr Sicherheit f\u00fcr Ihre Familie, Freunde und Kunden.<br \/>\n\u3010Drehbare Armatur bietet Komfort\u3011: Der Winkel ist am Glashalterende und am Wandhalterungsende einstellbar, freie Wahl des linken oder rechten Eingangs, mehr Freiheit bei der Wahl der Position auf Glas und der Position an der Wand.<br \/>\n\u3010Einfache DIY-Installation\u3011: Der Arm bietet zus\u00e4tzlichen Halt f\u00fcr das Glas, ohne dass L\u00f6cher in das Glas gebohrt werden m\u00fcssen, da er einfach mit den mitgelieferten Abstandshaltern \u00fcber das Glas geklemmt wird. Verwenden Sie das L-f\u00f6rmige Schraubendreherwerkzeug (im Lieferumfang enthalten), um die Schraube zur Einstellung zu l\u00f6sen, und ziehen Sie die Schraube dann fest.<br \/>\n\u3010Fit f\u00fcr fast alle Formen von Duschglas\u3011: Es kann auf Glasscheiben \u00fcber der Badewanne oder auf festen Glasscheiben aus quadratischen, rechteckigen Diamantduschkabinen angebracht werden.<br \/>\n<div class=\"main-cross-sell\" data-asin=\"B071RBKC7G\">\n\n\t<div class=\"WooZone-cross-sell-loader\">\n\t\t<div>\n\t\t\t<div id=\"floatingBarsG\">\n\t\t\t\t<div class=\"blockG\" id=\"rotateG_01\"><\/div>\n\t\t\t\t<div class=\"blockG\" id=\"rotateG_02\"><\/div>\n\t\t\t\t<div class=\"blockG\" id=\"rotateG_03\"><\/div>\n\t\t\t\t<div class=\"blockG\" id=\"rotateG_04\"><\/div>\n\t\t\t\t<div class=\"blockG\" id=\"rotateG_05\"><\/div>\n\t\t\t\t<div class=\"blockG\" id=\"rotateG_06\"><\/div>\n\t\t\t\t<div class=\"blockG\" id=\"rotateG_07\"><\/div>\n\t\t\t\t<div class=\"blockG\" id=\"rotateG_08\"><\/div>\n\t\t\t<\/div>\n\t\t\t<div class=\"WooZone-cross-sell-loader-text\"><\/div>\n\t\t<\/div>\n\t<\/div>\n\n\t\t\n<\/div>\n<div style=\"clear:both;\"><\/div><\/p>\n","protected":false},"excerpt":{"rendered":"<p>40 cm lang, f\u00fcr 6 mm bis 10 mm Glasdicke.<br \/>\nMaterial: Edelstahl 304. Rohrbreite: 15 mm x 15 mm. Dicke des Edelstahls: 1,2 mm<br \/>\nMitgelieferte Teile: Gummiauflage, Schrauben und L-f\u00f6rmige Schraubendreher.<\/p>\n","protected":false},"featured_media":137150,"comment_status":"open","ping_status":"closed","template":"","meta":[],"product_brand":[],"product_cat":[1983,11101],"product_tag":[],"class_list":{"0":"post-137149","1":"product","2":"type-product","3":"status-publish","4":"has-post-thumbnail","6":"product_cat-baumarkt","7":"product_cat-kuechen-badinstallation","8":"pa_binding-werkzeug","9":"pa_brand-m-home","10":"pa_height-1-574803148-zoll","11":"pa_length-15-74803148-zoll","12":"pa_manufacturer-m-home","13":"pa_weight-1-pfund","14":"pa_width-1-574803148-zoll","16":"first","17":"instock","18":"shipping-taxable","19":"purchasable","20":"product-type-simple","21":"customify-col","22":"product-has-gallery"},"yoast_head":"<!-- This site is optimized with the Yoast SEO plugin v27.3 - https:\/\/yoast.com\/product\/yoast-seo-wordpress\/ -->\n<title>40 cm Edelstahl rahmenlose Dusche T\u00fcr Feste seitenwandplatte wall-to-glass Unterst\u00fctzung Bar f\u00fcr 6mm 8mm 10mm Dick Glas\u2026 - Markt-XXL<\/title>\n<meta name=\"description\" content=\"Markt-XXL 40 cm Edelstahl rahmenlose Dusche T\u00fcr Feste seitenwandplatte wall-to-glass Unterst\u00fctzung Bar f\u00fcr 6mm 8mm 10mm Dick Glas\u2026\" \/>\n<meta name=\"robots\" content=\"index, follow, max-snippet:-1, max-image-preview:large, max-video-preview:-1\" \/>\n<link rel=\"canonical\" href=\"https:\/\/marktxxl.de\/markt\/produkt\/40-cm-edelstahl-rahmenlose-dusche-tuer-feste-seitenwandplatte-wall-to-glass-unterstuetzung-bar-fuer-6mm-8mm-10mm-dick-glas-von-m-home\/\" \/>\n<meta property=\"og:locale\" content=\"de_DE\" \/>\n<meta property=\"og:type\" content=\"article\" \/>\n<meta property=\"og:title\" content=\"40 cm Edelstahl rahmenlose Dusche T\u00fcr Feste seitenwandplatte wall-to-glass Unterst\u00fctzung Bar f\u00fcr 6mm 8mm 10mm Dick Glas\u2026 - Markt-XXL\" \/>\n<meta property=\"og:description\" content=\"Markt-XXL 40 cm Edelstahl rahmenlose Dusche T\u00fcr Feste seitenwandplatte wall-to-glass Unterst\u00fctzung Bar f\u00fcr 6mm 8mm 10mm Dick Glas\u2026\" \/>\n<meta property=\"og:url\" content=\"https:\/\/marktxxl.de\/markt\/produkt\/40-cm-edelstahl-rahmenlose-dusche-tuer-feste-seitenwandplatte-wall-to-glass-unterstuetzung-bar-fuer-6mm-8mm-10mm-dick-glas-von-m-home\/\" \/>\n<meta property=\"og:site_name\" content=\"Markt-XXL\" \/>\n<meta property=\"article:modified_time\" content=\"2023-04-11T02:13:14+00:00\" \/>\n<meta property=\"og:image\" content=\"https:\/\/m.media-amazon.com\/images\/I\/41f180L6eaL._SL500_.jpg\" \/>\n\t<meta property=\"og:image:width\" content=\"500\" \/>\n\t<meta property=\"og:image:height\" content=\"500\" \/>\n\t<meta property=\"og:image:type\" content=\"image\/jpeg\" \/>\n<meta name=\"twitter:card\" content=\"summary_large_image\" \/>\n<meta name=\"twitter:label1\" content=\"Gesch\u00e4tzte Lesezeit\" \/>\n\t<meta name=\"twitter:data1\" content=\"1\u00a0Minute\" \/>\n<script type=\"application\/ld+json\" class=\"yoast-schema-graph\">{\"@context\":\"https:\\\/\\\/schema.org\",\"@graph\":[{\"@type\":\"WebPage\",\"@id\":\"https:\\\/\\\/marktxxl.de\\\/markt\\\/produkt\\\/40-cm-edelstahl-rahmenlose-dusche-tuer-feste-seitenwandplatte-wall-to-glass-unterstuetzung-bar-fuer-6mm-8mm-10mm-dick-glas-von-m-home\\\/\",\"url\":\"https:\\\/\\\/marktxxl.de\\\/markt\\\/produkt\\\/40-cm-edelstahl-rahmenlose-dusche-tuer-feste-seitenwandplatte-wall-to-glass-unterstuetzung-bar-fuer-6mm-8mm-10mm-dick-glas-von-m-home\\\/\",\"name\":\"40 cm Edelstahl rahmenlose Dusche T\u00fcr Feste seitenwandplatte wall-to-glass Unterst\u00fctzung Bar f\u00fcr 6mm 8mm 10mm Dick Glas\u2026 - Markt-XXL\",\"isPartOf\":{\"@id\":\"https:\\\/\\\/marktxxl.de\\\/markt\\\/#website\"},\"primaryImageOfPage\":{\"@id\":\"https:\\\/\\\/marktxxl.de\\\/markt\\\/produkt\\\/40-cm-edelstahl-rahmenlose-dusche-tuer-feste-seitenwandplatte-wall-to-glass-unterstuetzung-bar-fuer-6mm-8mm-10mm-dick-glas-von-m-home\\\/#primaryimage\"},\"image\":{\"@id\":\"https:\\\/\\\/marktxxl.de\\\/markt\\\/produkt\\\/40-cm-edelstahl-rahmenlose-dusche-tuer-feste-seitenwandplatte-wall-to-glass-unterstuetzung-bar-fuer-6mm-8mm-10mm-dick-glas-von-m-home\\\/#primaryimage\"},\"thumbnailUrl\":\"https:\\\/\\\/m.media-amazon.com\\\/images\\\/I\\\/41f180L6eaL._SL500_.jpg\",\"datePublished\":\"2022-07-14T01:28:41+00:00\",\"dateModified\":\"2023-04-11T02:13:14+00:00\",\"description\":\"Markt-XXL 40 cm Edelstahl rahmenlose Dusche T\u00fcr Feste seitenwandplatte wall-to-glass Unterst\u00fctzung Bar f\u00fcr 6mm 8mm 10mm Dick Glas\u2026\",\"breadcrumb\":{\"@id\":\"https:\\\/\\\/marktxxl.de\\\/markt\\\/produkt\\\/40-cm-edelstahl-rahmenlose-dusche-tuer-feste-seitenwandplatte-wall-to-glass-unterstuetzung-bar-fuer-6mm-8mm-10mm-dick-glas-von-m-home\\\/#breadcrumb\"},\"inLanguage\":\"de\",\"potentialAction\":[{\"@type\":\"ReadAction\",\"target\":[\"https:\\\/\\\/marktxxl.de\\\/markt\\\/produkt\\\/40-cm-edelstahl-rahmenlose-dusche-tuer-feste-seitenwandplatte-wall-to-glass-unterstuetzung-bar-fuer-6mm-8mm-10mm-dick-glas-von-m-home\\\/\"]}]},{\"@type\":\"ImageObject\",\"inLanguage\":\"de\",\"@id\":\"https:\\\/\\\/marktxxl.de\\\/markt\\\/produkt\\\/40-cm-edelstahl-rahmenlose-dusche-tuer-feste-seitenwandplatte-wall-to-glass-unterstuetzung-bar-fuer-6mm-8mm-10mm-dick-glas-von-m-home\\\/#primaryimage\",\"url\":\"https:\\\/\\\/m.media-amazon.com\\\/images\\\/I\\\/41f180L6eaL._SL500_.jpg\",\"contentUrl\":\"https:\\\/\\\/m.media-amazon.com\\\/images\\\/I\\\/41f180L6eaL._SL500_.jpg\",\"width\":500,\"height\":500},{\"@type\":\"BreadcrumbList\",\"@id\":\"https:\\\/\\\/marktxxl.de\\\/markt\\\/produkt\\\/40-cm-edelstahl-rahmenlose-dusche-tuer-feste-seitenwandplatte-wall-to-glass-unterstuetzung-bar-fuer-6mm-8mm-10mm-dick-glas-von-m-home\\\/#breadcrumb\",\"itemListElement\":[{\"@type\":\"ListItem\",\"position\":1,\"name\":\"Startseite\",\"item\":\"https:\\\/\\\/marktxxl.de\\\/markt\\\/\"},{\"@type\":\"ListItem\",\"position\":2,\"name\":\"Markt\",\"item\":\"https:\\\/\\\/marktxxl.de\\\/markt\\\/\"},{\"@type\":\"ListItem\",\"position\":3,\"name\":\"40 cm Edelstahl rahmenlose Dusche T\u00fcr Feste seitenwandplatte wall-to-glass Unterst\u00fctzung Bar f\u00fcr 6mm 8mm 10mm Dick Glas\u2026\"}]},{\"@type\":\"WebSite\",\"@id\":\"https:\\\/\\\/marktxxl.de\\\/markt\\\/#website\",\"url\":\"https:\\\/\\\/marktxxl.de\\\/markt\\\/\",\"name\":\"Markt-XXL\",\"description\":\"Ihr Markt Online\",\"publisher\":{\"@id\":\"https:\\\/\\\/marktxxl.de\\\/markt\\\/#organization\"},\"potentialAction\":[{\"@type\":\"SearchAction\",\"target\":{\"@type\":\"EntryPoint\",\"urlTemplate\":\"https:\\\/\\\/marktxxl.de\\\/markt\\\/?s={search_term_string}\"},\"query-input\":{\"@type\":\"PropertyValueSpecification\",\"valueRequired\":true,\"valueName\":\"search_term_string\"}}],\"inLanguage\":\"de\"},{\"@type\":\"Organization\",\"@id\":\"https:\\\/\\\/marktxxl.de\\\/markt\\\/#organization\",\"name\":\"Markt-XXL\",\"url\":\"https:\\\/\\\/marktxxl.de\\\/markt\\\/\",\"logo\":{\"@type\":\"ImageObject\",\"inLanguage\":\"de\",\"@id\":\"https:\\\/\\\/marktxxl.de\\\/markt\\\/#\\\/schema\\\/logo\\\/image\\\/\",\"url\":\"https:\\\/\\\/marktxxl.de\\\/markt\\\/wp-content\\\/uploads\\\/sites\\\/3\\\/2020\\\/12\\\/logo.png\",\"contentUrl\":\"https:\\\/\\\/marktxxl.de\\\/markt\\\/wp-content\\\/uploads\\\/sites\\\/3\\\/2020\\\/12\\\/logo.png\",\"width\":200,\"height\":70,\"caption\":\"Markt-XXL\"},\"image\":{\"@id\":\"https:\\\/\\\/marktxxl.de\\\/markt\\\/#\\\/schema\\\/logo\\\/image\\\/\"}}]}<\/script>\n<!-- \/ Yoast SEO plugin. -->","yoast_head_json":{"title":"40 cm Edelstahl rahmenlose Dusche T\u00fcr Feste seitenwandplatte wall-to-glass Unterst\u00fctzung Bar f\u00fcr 6mm 8mm 10mm Dick Glas\u2026 - Markt-XXL","description":"Markt-XXL 40 cm Edelstahl rahmenlose Dusche T\u00fcr Feste seitenwandplatte wall-to-glass Unterst\u00fctzung Bar f\u00fcr 6mm 8mm 10mm Dick Glas\u2026","robots":{"index":"index","follow":"follow","max-snippet":"max-snippet:-1","max-image-preview":"max-image-preview:large","max-video-preview":"max-video-preview:-1"},"canonical":"https:\/\/marktxxl.de\/markt\/produkt\/40-cm-edelstahl-rahmenlose-dusche-tuer-feste-seitenwandplatte-wall-to-glass-unterstuetzung-bar-fuer-6mm-8mm-10mm-dick-glas-von-m-home\/","og_locale":"de_DE","og_type":"article","og_title":"40 cm Edelstahl rahmenlose Dusche T\u00fcr Feste seitenwandplatte wall-to-glass Unterst\u00fctzung Bar f\u00fcr 6mm 8mm 10mm Dick Glas\u2026 - Markt-XXL","og_description":"Markt-XXL 40 cm Edelstahl rahmenlose Dusche T\u00fcr Feste seitenwandplatte wall-to-glass Unterst\u00fctzung Bar f\u00fcr 6mm 8mm 10mm Dick Glas\u2026","og_url":"https:\/\/marktxxl.de\/markt\/produkt\/40-cm-edelstahl-rahmenlose-dusche-tuer-feste-seitenwandplatte-wall-to-glass-unterstuetzung-bar-fuer-6mm-8mm-10mm-dick-glas-von-m-home\/","og_site_name":"Markt-XXL","article_modified_time":"2023-04-11T02:13:14+00:00","og_image":[{"width":500,"height":500,"url":"https:\/\/m.media-amazon.com\/images\/I\/41f180L6eaL._SL500_.jpg","type":"image\/jpeg"}],"twitter_card":"summary_large_image","twitter_misc":{"Gesch\u00e4tzte Lesezeit":"1\u00a0Minute"},"schema":{"@context":"https:\/\/schema.org","@graph":[{"@type":"WebPage","@id":"https:\/\/marktxxl.de\/markt\/produkt\/40-cm-edelstahl-rahmenlose-dusche-tuer-feste-seitenwandplatte-wall-to-glass-unterstuetzung-bar-fuer-6mm-8mm-10mm-dick-glas-von-m-home\/","url":"https:\/\/marktxxl.de\/markt\/produkt\/40-cm-edelstahl-rahmenlose-dusche-tuer-feste-seitenwandplatte-wall-to-glass-unterstuetzung-bar-fuer-6mm-8mm-10mm-dick-glas-von-m-home\/","name":"40 cm Edelstahl rahmenlose Dusche T\u00fcr Feste seitenwandplatte wall-to-glass Unterst\u00fctzung Bar f\u00fcr 6mm 8mm 10mm Dick Glas\u2026 - Markt-XXL","isPartOf":{"@id":"https:\/\/marktxxl.de\/markt\/#website"},"primaryImageOfPage":{"@id":"https:\/\/marktxxl.de\/markt\/produkt\/40-cm-edelstahl-rahmenlose-dusche-tuer-feste-seitenwandplatte-wall-to-glass-unterstuetzung-bar-fuer-6mm-8mm-10mm-dick-glas-von-m-home\/#primaryimage"},"image":{"@id":"https:\/\/marktxxl.de\/markt\/produkt\/40-cm-edelstahl-rahmenlose-dusche-tuer-feste-seitenwandplatte-wall-to-glass-unterstuetzung-bar-fuer-6mm-8mm-10mm-dick-glas-von-m-home\/#primaryimage"},"thumbnailUrl":"https:\/\/m.media-amazon.com\/images\/I\/41f180L6eaL._SL500_.jpg","datePublished":"2022-07-14T01:28:41+00:00","dateModified":"2023-04-11T02:13:14+00:00","description":"Markt-XXL 40 cm Edelstahl rahmenlose Dusche T\u00fcr Feste seitenwandplatte wall-to-glass Unterst\u00fctzung Bar f\u00fcr 6mm 8mm 10mm Dick Glas\u2026","breadcrumb":{"@id":"https:\/\/marktxxl.de\/markt\/produkt\/40-cm-edelstahl-rahmenlose-dusche-tuer-feste-seitenwandplatte-wall-to-glass-unterstuetzung-bar-fuer-6mm-8mm-10mm-dick-glas-von-m-home\/#breadcrumb"},"inLanguage":"de","potentialAction":[{"@type":"ReadAction","target":["https:\/\/marktxxl.de\/markt\/produkt\/40-cm-edelstahl-rahmenlose-dusche-tuer-feste-seitenwandplatte-wall-to-glass-unterstuetzung-bar-fuer-6mm-8mm-10mm-dick-glas-von-m-home\/"]}]},{"@type":"ImageObject","inLanguage":"de","@id":"https:\/\/marktxxl.de\/markt\/produkt\/40-cm-edelstahl-rahmenlose-dusche-tuer-feste-seitenwandplatte-wall-to-glass-unterstuetzung-bar-fuer-6mm-8mm-10mm-dick-glas-von-m-home\/#primaryimage","url":"https:\/\/m.media-amazon.com\/images\/I\/41f180L6eaL._SL500_.jpg","contentUrl":"https:\/\/m.media-amazon.com\/images\/I\/41f180L6eaL._SL500_.jpg","width":500,"height":500},{"@type":"BreadcrumbList","@id":"https:\/\/marktxxl.de\/markt\/produkt\/40-cm-edelstahl-rahmenlose-dusche-tuer-feste-seitenwandplatte-wall-to-glass-unterstuetzung-bar-fuer-6mm-8mm-10mm-dick-glas-von-m-home\/#breadcrumb","itemListElement":[{"@type":"ListItem","position":1,"name":"Startseite","item":"https:\/\/marktxxl.de\/markt\/"},{"@type":"ListItem","position":2,"name":"Markt","item":"https:\/\/marktxxl.de\/markt\/"},{"@type":"ListItem","position":3,"name":"40 cm Edelstahl rahmenlose Dusche T\u00fcr Feste seitenwandplatte wall-to-glass Unterst\u00fctzung Bar f\u00fcr 6mm 8mm 10mm Dick Glas\u2026"}]},{"@type":"WebSite","@id":"https:\/\/marktxxl.de\/markt\/#website","url":"https:\/\/marktxxl.de\/markt\/","name":"Markt-XXL","description":"Ihr Markt Online","publisher":{"@id":"https:\/\/marktxxl.de\/markt\/#organization"},"potentialAction":[{"@type":"SearchAction","target":{"@type":"EntryPoint","urlTemplate":"https:\/\/marktxxl.de\/markt\/?s={search_term_string}"},"query-input":{"@type":"PropertyValueSpecification","valueRequired":true,"valueName":"search_term_string"}}],"inLanguage":"de"},{"@type":"Organization","@id":"https:\/\/marktxxl.de\/markt\/#organization","name":"Markt-XXL","url":"https:\/\/marktxxl.de\/markt\/","logo":{"@type":"ImageObject","inLanguage":"de","@id":"https:\/\/marktxxl.de\/markt\/#\/schema\/logo\/image\/","url":"https:\/\/marktxxl.de\/markt\/wp-content\/uploads\/sites\/3\/2020\/12\/logo.png","contentUrl":"https:\/\/marktxxl.de\/markt\/wp-content\/uploads\/sites\/3\/2020\/12\/logo.png","width":200,"height":70,"caption":"Markt-XXL"},"image":{"@id":"https:\/\/marktxxl.de\/markt\/#\/schema\/logo\/image\/"}}]}},"_links":{"self":[{"href":"https:\/\/marktxxl.de\/markt\/wp-json\/wp\/v2\/product\/137149","targetHints":{"allow":["GET"]}}],"collection":[{"href":"https:\/\/marktxxl.de\/markt\/wp-json\/wp\/v2\/product"}],"about":[{"href":"https:\/\/marktxxl.de\/markt\/wp-json\/wp\/v2\/types\/product"}],"replies":[{"embeddable":true,"href":"https:\/\/marktxxl.de\/markt\/wp-json\/wp\/v2\/comments?post=137149"}],"wp:featuredmedia":[{"embeddable":true,"href":"https:\/\/marktxxl.de\/markt\/wp-json\/wp\/v2\/media\/137150"}],"wp:attachment":[{"href":"https:\/\/marktxxl.de\/markt\/wp-json\/wp\/v2\/media?parent=137149"}],"wp:term":[{"taxonomy":"product_brand","embeddable":true,"href":"https:\/\/marktxxl.de\/markt\/wp-json\/wp\/v2\/product_brand?post=137149"},{"taxonomy":"product_cat","embeddable":true,"href":"https:\/\/marktxxl.de\/markt\/wp-json\/wp\/v2\/product_cat?post=137149"},{"taxonomy":"product_tag","embeddable":true,"href":"https:\/\/marktxxl.de\/markt\/wp-json\/wp\/v2\/product_tag?post=137149"}],"curies":[{"name":"wp","href":"https:\/\/api.w.org\/{rel}","templated":true}]}}