{"id":137026,"date":"2022-07-14T03:22:48","date_gmt":"2022-07-14T01:22:48","guid":{"rendered":"https:\/\/marktxxl.de\/markt\/produkt\/langlebiger-nagelknipser-mit-integrierter-nagelfeile-aus-410er-edelstahllegierung-mit-verbessertem-design-2er-pack-fingernagelknipser-und-fussnagelknipser\/"},"modified":"2023-04-11T04:12:32","modified_gmt":"2023-04-11T02:12:32","slug":"langlebiger-nagelknipser-mit-integrierter-nagelfeile-aus-410er-edelstahllegierung-mit-verbessertem-design-2er-pack-fingernagelknipser-und-fussnagelknipser","status":"publish","type":"product","link":"https:\/\/marktxxl.de\/markt\/produkt\/langlebiger-nagelknipser-mit-integrierter-nagelfeile-aus-410er-edelstahllegierung-mit-verbessertem-design-2er-pack-fingernagelknipser-und-fussnagelknipser\/","title":{"rendered":"Langlebiger Nagelknipser mit integrierter Nagelfeile aus 410er Edelstahllegierung mit verbessertem Design &#8211; 2er Pack\u2026"},"content":{"rendered":"<p>100% LEBENSLANGE GELD-ZUR\u00dcCK-GARANTIE: Ja, das stimmt. Unsere von Experten sicherheitsgepr\u00fcften Nagelknipser aus 410er Edelstahllegierung halten garantiert ein Leben lang, sind leichter zu bedienen und schneiden m\u00fchelos Finger- und Fu\u00dfn\u00e4gel jeglicher Art, Dicke und Gr\u00f6\u00dfe. Wir sind von unseren Nagelschneidern so \u00fcberzeugt, dass wir Ihnen eine 100%ige R\u00fcckerstattung des Kaufpreises anbieten, sollten Sie nicht zufrieden sein. Ohne &#8220;Wenn&#8221; &amp; &#8220;Aber&#8221;.<br \/>\nSIE BEKOMMEN 2 NAGELZANGEN! 7,7 X 1,3 CM (GRO\u00df) + 6,5 X 1,2 CM (KLEIN): Ja, Sie bekommen 2 Nagelknipser! Klein und handlich, oder gro\u00df und kraftvoll &#8211; dieses 2er Nagelschneider Set schneidet alle N\u00e4gel sauber, ohne gro\u00dfe Kraftaufwendung mit h\u00f6chster Pr\u00e4zision. Fingernagel Knipser und Zehennagel Knipser sind nicht das gleiche, deshalb bietet dieses Set gleich beide Varianten. Die durchdachten Nagelclipper von Eclat halten Ihre N\u00e4gel sauber und gepflegt.<br \/>\nHOCHWERTIGE NAGELKNIPSER AUS ROSTFREIER EDELSTAHLLEGIERUNG: Ja, Sie k\u00f6nnen diese robusten Nagelknipser nass machen, ohne dass die Nagelzwicker dabei rosten! Eclats Nagelknipser sind aus einer hochwertigen 410er Edelstahllegierung in Profi Qualit\u00e4t gefertigt. Die klingen des Edelstahls bleiben nachweislich scharf und rosten nicht, was sie perfekt f\u00fcr das Badezimmer oder auf Reisen macht.<br \/>\nSIE WERDEN DIE EINGEBAUTE NAGELFEILE LIEBEN: Ja, sie ist effektiv. Die Eclat Nagelschere verf\u00fcgt \u00fcber eine Nagelfeile im Griff, anstatt einer ausklappbaren Feile, die beim feilen hin und her rutscht und eine Verletzungsgefahr darstellen kann. Stattdessen streichen Sie einfach die feink\u00f6rnige Feile \u00fcber Ihre N\u00e4gel, um sie ohne Anstrengung oder Bedenken zu modellieren.<br \/>\nENTSCHEIDEN SIE SICH F\u00dcR UMWELTFREUNDLICHERE NAGELKNIPSER: Ja, wir legen Wert auf Qualit\u00e4t und Umwelt. Eclats Nagelknipser sind sicherheitsgepr\u00fcft. Gefertigt aus einer 410er Edelstahllegierung erreichen Eclats Nagelschneider unerreichte Qualit\u00e4tsniveaus. \u00dcberzeugen Sie sich selbst. Nicht \u00fcberzeugt? Wir bieten eine LEBENSLANGE 100% Geld-zur\u00fcck-Garantie, ohne &#8220;Wenn&#8221; und &#8220;Aber&#8221;.<br \/>\n<div class=\"main-cross-sell\" data-asin=\"B07SSY85T1\">\n\n\t<div class=\"WooZone-cross-sell-loader\">\n\t\t<div>\n\t\t\t<div id=\"floatingBarsG\">\n\t\t\t\t<div class=\"blockG\" id=\"rotateG_01\"><\/div>\n\t\t\t\t<div class=\"blockG\" id=\"rotateG_02\"><\/div>\n\t\t\t\t<div class=\"blockG\" id=\"rotateG_03\"><\/div>\n\t\t\t\t<div class=\"blockG\" id=\"rotateG_04\"><\/div>\n\t\t\t\t<div class=\"blockG\" id=\"rotateG_05\"><\/div>\n\t\t\t\t<div class=\"blockG\" id=\"rotateG_06\"><\/div>\n\t\t\t\t<div class=\"blockG\" id=\"rotateG_07\"><\/div>\n\t\t\t\t<div class=\"blockG\" id=\"rotateG_08\"><\/div>\n\t\t\t<\/div>\n\t\t\t<div class=\"WooZone-cross-sell-loader-text\"><\/div>\n\t\t<\/div>\n\t<\/div>\n\n\t\t\n<\/div>\n<div style=\"clear:both;\"><\/div><\/p>\n","protected":false},"excerpt":{"rendered":"<p>100% LEBENSLANGE GELD-ZUR\u00dcCK-GARANTIE: Ja, das stimmt. Unsere von Experten sicherheitsgepr\u00fcften Nagelknipser aus 410er Edelstahllegierung halten garantiert ein Leben lang, sind leichter zu bedienen und schneiden m\u00fchelos Finger- und Fu\u00dfn\u00e4gel jeglicher Art, Dicke und Gr\u00f6\u00dfe. Wir sind von unseren Nagelschneidern so \u00fcberzeugt, dass wir Ihnen eine 100%ige R\u00fcckerstattung des Kaufpreises anbieten, sollten Sie nicht zufrieden sein. Ohne &#8220;Wenn&#8221; &amp; &#8220;Aber&#8221;.<br \/>\nSIE BEKOMMEN 2 NAGELZANGEN! 7,7 X 1,3 CM (GRO\u00df) + 6,5 X 1,2 CM (KLEIN): Ja, Sie bekommen 2 Nagelknipser! Klein und handlich, oder gro\u00df und kraftvoll &#8211; dieses 2er Nagelschneider Set schneidet alle N\u00e4gel sauber, ohne gro\u00dfe Kraftaufwendung mit h\u00f6chster Pr\u00e4zision. Fingernagel Knipser und Zehennagel Knipser sind nicht das gleiche, deshalb bietet dieses Set gleich beide Varianten. Die durchdachten Nagelclipper von Eclat halten Ihre N\u00e4gel sauber und gepflegt.<br \/>\nHOCHWERTIGE NAGELKNIPSER AUS ROSTFREIER EDELSTAHLLEGIERUNG: Ja, Sie k\u00f6nnen diese robusten Nagelknipser nass machen, ohne dass die Nagelzwicker dabei rosten! Eclats Nagelknipser sind aus einer hochwertigen 410er Edelstahllegierung in Profi Qualit\u00e4t gefertigt. Die klingen des Edelstahls bleiben nachweislich scharf und rosten nicht, was sie perfekt f\u00fcr das Badezimmer oder auf Reisen macht.<\/p>\n","protected":false},"featured_media":137027,"comment_status":"open","ping_status":"closed","template":"","meta":[],"product_brand":[],"product_cat":[2858,7659],"product_tag":[],"class_list":{"0":"post-137026","1":"product","2":"type-product","3":"status-publish","4":"has-post-thumbnail","6":"product_cat-beauty","7":"product_cat-manikuere-pedikuere","8":"pa_binding-misc","9":"pa_brand-worktekk","10":"pa_manufacturer-worktekk","12":"first","13":"instock","14":"shipping-taxable","15":"purchasable","16":"product-type-simple","17":"customify-col","18":"product-has-gallery"},"yoast_head":"<!-- This site is optimized with the Yoast SEO plugin v27.4 - https:\/\/yoast.com\/product\/yoast-seo-wordpress\/ -->\n<title>Langlebiger Nagelknipser mit integrierter Nagelfeile aus 410er Edelstahllegierung mit verbessertem Design - 2er Pack\u2026 - Markt-XXL<\/title>\n<meta name=\"description\" content=\"Markt-XXL Langlebiger Nagelknipser mit integrierter Nagelfeile aus 410er Edelstahllegierung mit verbessertem Design - 2er Pack\u2026\" \/>\n<meta name=\"robots\" content=\"index, follow, max-snippet:-1, max-image-preview:large, max-video-preview:-1\" \/>\n<link rel=\"canonical\" href=\"https:\/\/marktxxl.de\/markt\/produkt\/langlebiger-nagelknipser-mit-integrierter-nagelfeile-aus-410er-edelstahllegierung-mit-verbessertem-design-2er-pack-fingernagelknipser-und-fussnagelknipser\/\" \/>\n<meta property=\"og:locale\" content=\"de_DE\" \/>\n<meta property=\"og:type\" content=\"article\" \/>\n<meta property=\"og:title\" content=\"Langlebiger Nagelknipser mit integrierter Nagelfeile aus 410er Edelstahllegierung mit verbessertem Design - 2er Pack\u2026 - Markt-XXL\" \/>\n<meta property=\"og:description\" content=\"Markt-XXL Langlebiger Nagelknipser mit integrierter Nagelfeile aus 410er Edelstahllegierung mit verbessertem Design - 2er Pack\u2026\" \/>\n<meta property=\"og:url\" content=\"https:\/\/marktxxl.de\/markt\/produkt\/langlebiger-nagelknipser-mit-integrierter-nagelfeile-aus-410er-edelstahllegierung-mit-verbessertem-design-2er-pack-fingernagelknipser-und-fussnagelknipser\/\" \/>\n<meta property=\"og:site_name\" content=\"Markt-XXL\" \/>\n<meta property=\"article:modified_time\" content=\"2023-04-11T02:12:32+00:00\" \/>\n<meta property=\"og:image\" content=\"https:\/\/m.media-amazon.com\/images\/I\/51yGHYaNOYL._SL500_.jpg\" \/>\n\t<meta property=\"og:image:width\" content=\"500\" \/>\n\t<meta property=\"og:image:height\" content=\"500\" \/>\n\t<meta property=\"og:image:type\" content=\"image\/jpeg\" \/>\n<meta name=\"twitter:card\" content=\"summary_large_image\" \/>\n<meta name=\"twitter:label1\" content=\"Gesch\u00e4tzte Lesezeit\" \/>\n\t<meta name=\"twitter:data1\" content=\"1\u00a0Minute\" \/>\n<script type=\"application\/ld+json\" class=\"yoast-schema-graph\">{\"@context\":\"https:\\\/\\\/schema.org\",\"@graph\":[{\"@type\":\"WebPage\",\"@id\":\"https:\\\/\\\/marktxxl.de\\\/markt\\\/produkt\\\/langlebiger-nagelknipser-mit-integrierter-nagelfeile-aus-410er-edelstahllegierung-mit-verbessertem-design-2er-pack-fingernagelknipser-und-fussnagelknipser\\\/\",\"url\":\"https:\\\/\\\/marktxxl.de\\\/markt\\\/produkt\\\/langlebiger-nagelknipser-mit-integrierter-nagelfeile-aus-410er-edelstahllegierung-mit-verbessertem-design-2er-pack-fingernagelknipser-und-fussnagelknipser\\\/\",\"name\":\"Langlebiger Nagelknipser mit integrierter Nagelfeile aus 410er Edelstahllegierung mit verbessertem Design - 2er Pack\u2026 - Markt-XXL\",\"isPartOf\":{\"@id\":\"https:\\\/\\\/marktxxl.de\\\/markt\\\/#website\"},\"primaryImageOfPage\":{\"@id\":\"https:\\\/\\\/marktxxl.de\\\/markt\\\/produkt\\\/langlebiger-nagelknipser-mit-integrierter-nagelfeile-aus-410er-edelstahllegierung-mit-verbessertem-design-2er-pack-fingernagelknipser-und-fussnagelknipser\\\/#primaryimage\"},\"image\":{\"@id\":\"https:\\\/\\\/marktxxl.de\\\/markt\\\/produkt\\\/langlebiger-nagelknipser-mit-integrierter-nagelfeile-aus-410er-edelstahllegierung-mit-verbessertem-design-2er-pack-fingernagelknipser-und-fussnagelknipser\\\/#primaryimage\"},\"thumbnailUrl\":\"https:\\\/\\\/m.media-amazon.com\\\/images\\\/I\\\/51yGHYaNOYL._SL500_.jpg\",\"datePublished\":\"2022-07-14T01:22:48+00:00\",\"dateModified\":\"2023-04-11T02:12:32+00:00\",\"description\":\"Markt-XXL Langlebiger Nagelknipser mit integrierter Nagelfeile aus 410er Edelstahllegierung mit verbessertem Design - 2er Pack\u2026\",\"breadcrumb\":{\"@id\":\"https:\\\/\\\/marktxxl.de\\\/markt\\\/produkt\\\/langlebiger-nagelknipser-mit-integrierter-nagelfeile-aus-410er-edelstahllegierung-mit-verbessertem-design-2er-pack-fingernagelknipser-und-fussnagelknipser\\\/#breadcrumb\"},\"inLanguage\":\"de\",\"potentialAction\":[{\"@type\":\"ReadAction\",\"target\":[\"https:\\\/\\\/marktxxl.de\\\/markt\\\/produkt\\\/langlebiger-nagelknipser-mit-integrierter-nagelfeile-aus-410er-edelstahllegierung-mit-verbessertem-design-2er-pack-fingernagelknipser-und-fussnagelknipser\\\/\"]}]},{\"@type\":\"ImageObject\",\"inLanguage\":\"de\",\"@id\":\"https:\\\/\\\/marktxxl.de\\\/markt\\\/produkt\\\/langlebiger-nagelknipser-mit-integrierter-nagelfeile-aus-410er-edelstahllegierung-mit-verbessertem-design-2er-pack-fingernagelknipser-und-fussnagelknipser\\\/#primaryimage\",\"url\":\"https:\\\/\\\/m.media-amazon.com\\\/images\\\/I\\\/51yGHYaNOYL._SL500_.jpg\",\"contentUrl\":\"https:\\\/\\\/m.media-amazon.com\\\/images\\\/I\\\/51yGHYaNOYL._SL500_.jpg\",\"width\":500,\"height\":500},{\"@type\":\"BreadcrumbList\",\"@id\":\"https:\\\/\\\/marktxxl.de\\\/markt\\\/produkt\\\/langlebiger-nagelknipser-mit-integrierter-nagelfeile-aus-410er-edelstahllegierung-mit-verbessertem-design-2er-pack-fingernagelknipser-und-fussnagelknipser\\\/#breadcrumb\",\"itemListElement\":[{\"@type\":\"ListItem\",\"position\":1,\"name\":\"Startseite\",\"item\":\"https:\\\/\\\/marktxxl.de\\\/markt\\\/\"},{\"@type\":\"ListItem\",\"position\":2,\"name\":\"Markt\",\"item\":\"https:\\\/\\\/marktxxl.de\\\/markt\\\/\"},{\"@type\":\"ListItem\",\"position\":3,\"name\":\"Langlebiger Nagelknipser mit integrierter Nagelfeile aus 410er Edelstahllegierung mit verbessertem Design &#8211; 2er Pack\u2026\"}]},{\"@type\":\"WebSite\",\"@id\":\"https:\\\/\\\/marktxxl.de\\\/markt\\\/#website\",\"url\":\"https:\\\/\\\/marktxxl.de\\\/markt\\\/\",\"name\":\"Markt-XXL\",\"description\":\"Ihr Markt Online\",\"publisher\":{\"@id\":\"https:\\\/\\\/marktxxl.de\\\/markt\\\/#organization\"},\"potentialAction\":[{\"@type\":\"SearchAction\",\"target\":{\"@type\":\"EntryPoint\",\"urlTemplate\":\"https:\\\/\\\/marktxxl.de\\\/markt\\\/?s={search_term_string}\"},\"query-input\":{\"@type\":\"PropertyValueSpecification\",\"valueRequired\":true,\"valueName\":\"search_term_string\"}}],\"inLanguage\":\"de\"},{\"@type\":\"Organization\",\"@id\":\"https:\\\/\\\/marktxxl.de\\\/markt\\\/#organization\",\"name\":\"Markt-XXL\",\"url\":\"https:\\\/\\\/marktxxl.de\\\/markt\\\/\",\"logo\":{\"@type\":\"ImageObject\",\"inLanguage\":\"de\",\"@id\":\"https:\\\/\\\/marktxxl.de\\\/markt\\\/#\\\/schema\\\/logo\\\/image\\\/\",\"url\":\"https:\\\/\\\/marktxxl.de\\\/markt\\\/wp-content\\\/uploads\\\/sites\\\/3\\\/2020\\\/12\\\/logo.png\",\"contentUrl\":\"https:\\\/\\\/marktxxl.de\\\/markt\\\/wp-content\\\/uploads\\\/sites\\\/3\\\/2020\\\/12\\\/logo.png\",\"width\":200,\"height\":70,\"caption\":\"Markt-XXL\"},\"image\":{\"@id\":\"https:\\\/\\\/marktxxl.de\\\/markt\\\/#\\\/schema\\\/logo\\\/image\\\/\"}}]}<\/script>\n<!-- \/ Yoast SEO plugin. -->","yoast_head_json":{"title":"Langlebiger Nagelknipser mit integrierter Nagelfeile aus 410er Edelstahllegierung mit verbessertem Design - 2er Pack\u2026 - Markt-XXL","description":"Markt-XXL Langlebiger Nagelknipser mit integrierter Nagelfeile aus 410er Edelstahllegierung mit verbessertem Design - 2er Pack\u2026","robots":{"index":"index","follow":"follow","max-snippet":"max-snippet:-1","max-image-preview":"max-image-preview:large","max-video-preview":"max-video-preview:-1"},"canonical":"https:\/\/marktxxl.de\/markt\/produkt\/langlebiger-nagelknipser-mit-integrierter-nagelfeile-aus-410er-edelstahllegierung-mit-verbessertem-design-2er-pack-fingernagelknipser-und-fussnagelknipser\/","og_locale":"de_DE","og_type":"article","og_title":"Langlebiger Nagelknipser mit integrierter Nagelfeile aus 410er Edelstahllegierung mit verbessertem Design - 2er Pack\u2026 - Markt-XXL","og_description":"Markt-XXL Langlebiger Nagelknipser mit integrierter Nagelfeile aus 410er Edelstahllegierung mit verbessertem Design - 2er Pack\u2026","og_url":"https:\/\/marktxxl.de\/markt\/produkt\/langlebiger-nagelknipser-mit-integrierter-nagelfeile-aus-410er-edelstahllegierung-mit-verbessertem-design-2er-pack-fingernagelknipser-und-fussnagelknipser\/","og_site_name":"Markt-XXL","article_modified_time":"2023-04-11T02:12:32+00:00","og_image":[{"width":500,"height":500,"url":"https:\/\/m.media-amazon.com\/images\/I\/51yGHYaNOYL._SL500_.jpg","type":"image\/jpeg"}],"twitter_card":"summary_large_image","twitter_misc":{"Gesch\u00e4tzte Lesezeit":"1\u00a0Minute"},"schema":{"@context":"https:\/\/schema.org","@graph":[{"@type":"WebPage","@id":"https:\/\/marktxxl.de\/markt\/produkt\/langlebiger-nagelknipser-mit-integrierter-nagelfeile-aus-410er-edelstahllegierung-mit-verbessertem-design-2er-pack-fingernagelknipser-und-fussnagelknipser\/","url":"https:\/\/marktxxl.de\/markt\/produkt\/langlebiger-nagelknipser-mit-integrierter-nagelfeile-aus-410er-edelstahllegierung-mit-verbessertem-design-2er-pack-fingernagelknipser-und-fussnagelknipser\/","name":"Langlebiger Nagelknipser mit integrierter Nagelfeile aus 410er Edelstahllegierung mit verbessertem Design - 2er Pack\u2026 - Markt-XXL","isPartOf":{"@id":"https:\/\/marktxxl.de\/markt\/#website"},"primaryImageOfPage":{"@id":"https:\/\/marktxxl.de\/markt\/produkt\/langlebiger-nagelknipser-mit-integrierter-nagelfeile-aus-410er-edelstahllegierung-mit-verbessertem-design-2er-pack-fingernagelknipser-und-fussnagelknipser\/#primaryimage"},"image":{"@id":"https:\/\/marktxxl.de\/markt\/produkt\/langlebiger-nagelknipser-mit-integrierter-nagelfeile-aus-410er-edelstahllegierung-mit-verbessertem-design-2er-pack-fingernagelknipser-und-fussnagelknipser\/#primaryimage"},"thumbnailUrl":"https:\/\/m.media-amazon.com\/images\/I\/51yGHYaNOYL._SL500_.jpg","datePublished":"2022-07-14T01:22:48+00:00","dateModified":"2023-04-11T02:12:32+00:00","description":"Markt-XXL Langlebiger Nagelknipser mit integrierter Nagelfeile aus 410er Edelstahllegierung mit verbessertem Design - 2er Pack\u2026","breadcrumb":{"@id":"https:\/\/marktxxl.de\/markt\/produkt\/langlebiger-nagelknipser-mit-integrierter-nagelfeile-aus-410er-edelstahllegierung-mit-verbessertem-design-2er-pack-fingernagelknipser-und-fussnagelknipser\/#breadcrumb"},"inLanguage":"de","potentialAction":[{"@type":"ReadAction","target":["https:\/\/marktxxl.de\/markt\/produkt\/langlebiger-nagelknipser-mit-integrierter-nagelfeile-aus-410er-edelstahllegierung-mit-verbessertem-design-2er-pack-fingernagelknipser-und-fussnagelknipser\/"]}]},{"@type":"ImageObject","inLanguage":"de","@id":"https:\/\/marktxxl.de\/markt\/produkt\/langlebiger-nagelknipser-mit-integrierter-nagelfeile-aus-410er-edelstahllegierung-mit-verbessertem-design-2er-pack-fingernagelknipser-und-fussnagelknipser\/#primaryimage","url":"https:\/\/m.media-amazon.com\/images\/I\/51yGHYaNOYL._SL500_.jpg","contentUrl":"https:\/\/m.media-amazon.com\/images\/I\/51yGHYaNOYL._SL500_.jpg","width":500,"height":500},{"@type":"BreadcrumbList","@id":"https:\/\/marktxxl.de\/markt\/produkt\/langlebiger-nagelknipser-mit-integrierter-nagelfeile-aus-410er-edelstahllegierung-mit-verbessertem-design-2er-pack-fingernagelknipser-und-fussnagelknipser\/#breadcrumb","itemListElement":[{"@type":"ListItem","position":1,"name":"Startseite","item":"https:\/\/marktxxl.de\/markt\/"},{"@type":"ListItem","position":2,"name":"Markt","item":"https:\/\/marktxxl.de\/markt\/"},{"@type":"ListItem","position":3,"name":"Langlebiger Nagelknipser mit integrierter Nagelfeile aus 410er Edelstahllegierung mit verbessertem Design &#8211; 2er Pack\u2026"}]},{"@type":"WebSite","@id":"https:\/\/marktxxl.de\/markt\/#website","url":"https:\/\/marktxxl.de\/markt\/","name":"Markt-XXL","description":"Ihr Markt Online","publisher":{"@id":"https:\/\/marktxxl.de\/markt\/#organization"},"potentialAction":[{"@type":"SearchAction","target":{"@type":"EntryPoint","urlTemplate":"https:\/\/marktxxl.de\/markt\/?s={search_term_string}"},"query-input":{"@type":"PropertyValueSpecification","valueRequired":true,"valueName":"search_term_string"}}],"inLanguage":"de"},{"@type":"Organization","@id":"https:\/\/marktxxl.de\/markt\/#organization","name":"Markt-XXL","url":"https:\/\/marktxxl.de\/markt\/","logo":{"@type":"ImageObject","inLanguage":"de","@id":"https:\/\/marktxxl.de\/markt\/#\/schema\/logo\/image\/","url":"https:\/\/marktxxl.de\/markt\/wp-content\/uploads\/sites\/3\/2020\/12\/logo.png","contentUrl":"https:\/\/marktxxl.de\/markt\/wp-content\/uploads\/sites\/3\/2020\/12\/logo.png","width":200,"height":70,"caption":"Markt-XXL"},"image":{"@id":"https:\/\/marktxxl.de\/markt\/#\/schema\/logo\/image\/"}}]}},"_links":{"self":[{"href":"https:\/\/marktxxl.de\/markt\/wp-json\/wp\/v2\/product\/137026","targetHints":{"allow":["GET"]}}],"collection":[{"href":"https:\/\/marktxxl.de\/markt\/wp-json\/wp\/v2\/product"}],"about":[{"href":"https:\/\/marktxxl.de\/markt\/wp-json\/wp\/v2\/types\/product"}],"replies":[{"embeddable":true,"href":"https:\/\/marktxxl.de\/markt\/wp-json\/wp\/v2\/comments?post=137026"}],"wp:featuredmedia":[{"embeddable":true,"href":"https:\/\/marktxxl.de\/markt\/wp-json\/wp\/v2\/media\/137027"}],"wp:attachment":[{"href":"https:\/\/marktxxl.de\/markt\/wp-json\/wp\/v2\/media?parent=137026"}],"wp:term":[{"taxonomy":"product_brand","embeddable":true,"href":"https:\/\/marktxxl.de\/markt\/wp-json\/wp\/v2\/product_brand?post=137026"},{"taxonomy":"product_cat","embeddable":true,"href":"https:\/\/marktxxl.de\/markt\/wp-json\/wp\/v2\/product_cat?post=137026"},{"taxonomy":"product_tag","embeddable":true,"href":"https:\/\/marktxxl.de\/markt\/wp-json\/wp\/v2\/product_tag?post=137026"}],"curies":[{"name":"wp","href":"https:\/\/api.w.org\/{rel}","templated":true}]}}