{"id":136994,"date":"2022-07-14T03:22:22","date_gmt":"2022-07-14T01:22:22","guid":{"rendered":"https:\/\/marktxxl.de\/markt\/produkt\/reditape-duct-tape-im-taschenformat\/"},"modified":"2023-04-11T04:12:31","modified_gmt":"2023-04-11T02:12:31","slug":"reditape-duct-tape-im-taschenformat","status":"publish","type":"product","link":"https:\/\/marktxxl.de\/markt\/produkt\/reditape-duct-tape-im-taschenformat\/","title":{"rendered":"reditape Basic Pocket Gr\u00f6\u00dfe Duct Tape 3 Pack Black, Silver, Orange &#8211; 10932"},"content":{"rendered":"<p>Klebeb\u00e4nder in Reisegr\u00f6\u00dfe \u2013 Dieses Klebeband im Taschenformat haftet schnell an Oberfl\u00e4chen und hat eine hohe Klebekraft bei gleichzeitiger Beibehaltung einer reibungslosen Lieferung. Perfekt f\u00fcr die Handtasche, Sporttasche, Auto oder Notfall-Kit.<br \/>\nGaffer-Tape \u2013 Dieses Klebeband in Reisegr\u00f6\u00dfe ist die perfekte Balance zwischen Leistung und Funktionalit\u00e4t. Die flache Form sorgt daf\u00fcr, dass es nicht mehr Platz einnimmt als es zu hat und die hellen Farben sind eine tolle Erg\u00e4nzung.<br \/>\nProbieren Sie es \u00fcberall aus \u2013 jeder wei\u00df, dass Klebeb\u00e4nder die Welt zusammenhalten. Verwenden Sie es f\u00fcr Camping, Wandern, Angeln, Schule, Radfahren, Reisen, Notf\u00e4lle, Auto und Handwerk. Die flache Verpackung wiegt unter 56,7 g.<br \/>\nStark und langlebig \u2013 die klebrige Tackel ist unglaublich stark und \u00fcberraschend leicht mit blo\u00dfen H\u00e4nden zu rei\u00dfen. Die perfekte Balance zwischen L\u00f6sung und Benutzerfreundlichkeit.<br \/>\n<div class=\"main-cross-sell\" data-asin=\"B07D4ZBZXG\">\n\n\t<div class=\"WooZone-cross-sell-loader\">\n\t\t<div>\n\t\t\t<div id=\"floatingBarsG\">\n\t\t\t\t<div class=\"blockG\" id=\"rotateG_01\"><\/div>\n\t\t\t\t<div class=\"blockG\" id=\"rotateG_02\"><\/div>\n\t\t\t\t<div class=\"blockG\" id=\"rotateG_03\"><\/div>\n\t\t\t\t<div class=\"blockG\" id=\"rotateG_04\"><\/div>\n\t\t\t\t<div class=\"blockG\" id=\"rotateG_05\"><\/div>\n\t\t\t\t<div class=\"blockG\" id=\"rotateG_06\"><\/div>\n\t\t\t\t<div class=\"blockG\" id=\"rotateG_07\"><\/div>\n\t\t\t\t<div class=\"blockG\" id=\"rotateG_08\"><\/div>\n\t\t\t<\/div>\n\t\t\t<div class=\"WooZone-cross-sell-loader-text\"><\/div>\n\t\t<\/div>\n\t<\/div>\n\n\t\t\n<\/div>\n<div style=\"clear:both;\"><\/div><\/p>\n","protected":false},"excerpt":{"rendered":"<p>Klebeb\u00e4nder in Reisegr\u00f6\u00dfe \u2013 Dieses Klebeband im Taschenformat haftet schnell an Oberfl\u00e4chen und hat eine hohe Klebekraft bei gleichzeitiger Beibehaltung einer reibungslosen Lieferung. Perfekt f\u00fcr die Handtasche, Sporttasche, Auto oder Notfall-Kit.<br \/>\nGaffer-Tape \u2013 Dieses Klebeband in Reisegr\u00f6\u00dfe ist die perfekte Balance zwischen Leistung und Funktionalit\u00e4t. Die flache Form sorgt daf\u00fcr, dass es nicht mehr Platz einnimmt als es zu hat und die hellen Farben sind eine tolle Erg\u00e4nzung.<br \/>\nProbieren Sie es \u00fcberall aus \u2013 jeder wei\u00df, dass Klebeb\u00e4nder die Welt zusammenhalten. Verwenden Sie es f\u00fcr Camping, Wandern, Angeln, Schule, Radfahren, Reisen, Notf\u00e4lle, Auto und Handwerk. Die flache Verpackung wiegt unter 56,7 g.<\/p>\n","protected":false},"featured_media":136995,"comment_status":"open","ping_status":"closed","template":"","meta":[],"product_brand":[],"product_cat":[1983,11212],"product_tag":[],"class_list":{"0":"post-136994","1":"product","2":"type-product","3":"status-publish","4":"has-post-thumbnail","6":"product_cat-baumarkt","7":"product_cat-malerbedarf-werkzeuge-tapeten","8":"pa_binding-werkzeug","9":"pa_brand-reditape","10":"pa_manufacturer-reditape","12":"first","13":"instock","14":"shipping-taxable","15":"purchasable","16":"product-type-simple","17":"customify-col","18":"product-has-gallery"},"yoast_head":"<!-- This site is optimized with the Yoast SEO plugin v27.3 - https:\/\/yoast.com\/product\/yoast-seo-wordpress\/ -->\n<title>reditape Basic Pocket Gr\u00f6\u00dfe Duct Tape 3 Pack Black, Silver, Orange - 10932 - Markt-XXL<\/title>\n<meta name=\"description\" content=\"Markt-XXL reditape Basic Pocket Gr\u00f6\u00dfe Duct Tape 3 Pack Black, Silver, Orange - 10932\" \/>\n<meta name=\"robots\" content=\"index, follow, max-snippet:-1, max-image-preview:large, max-video-preview:-1\" \/>\n<link rel=\"canonical\" href=\"https:\/\/marktxxl.de\/markt\/produkt\/reditape-duct-tape-im-taschenformat\/\" \/>\n<meta property=\"og:locale\" content=\"de_DE\" \/>\n<meta property=\"og:type\" content=\"article\" \/>\n<meta property=\"og:title\" content=\"reditape Basic Pocket Gr\u00f6\u00dfe Duct Tape 3 Pack Black, Silver, Orange - 10932 - Markt-XXL\" \/>\n<meta property=\"og:description\" content=\"Markt-XXL reditape Basic Pocket Gr\u00f6\u00dfe Duct Tape 3 Pack Black, Silver, Orange - 10932\" \/>\n<meta property=\"og:url\" content=\"https:\/\/marktxxl.de\/markt\/produkt\/reditape-duct-tape-im-taschenformat\/\" \/>\n<meta property=\"og:site_name\" content=\"Markt-XXL\" \/>\n<meta property=\"article:modified_time\" content=\"2023-04-11T02:12:31+00:00\" \/>\n<meta property=\"og:image\" content=\"https:\/\/m.media-amazon.com\/images\/I\/61Stei6kmYL._SL500_.jpg\" \/>\n\t<meta property=\"og:image:width\" content=\"500\" \/>\n\t<meta property=\"og:image:height\" content=\"500\" \/>\n\t<meta property=\"og:image:type\" content=\"image\/jpeg\" \/>\n<meta name=\"twitter:card\" content=\"summary_large_image\" \/>\n<meta name=\"twitter:label1\" content=\"Gesch\u00e4tzte Lesezeit\" \/>\n\t<meta name=\"twitter:data1\" content=\"1\u00a0Minute\" \/>\n<script type=\"application\/ld+json\" class=\"yoast-schema-graph\">{\"@context\":\"https:\\\/\\\/schema.org\",\"@graph\":[{\"@type\":\"WebPage\",\"@id\":\"https:\\\/\\\/marktxxl.de\\\/markt\\\/produkt\\\/reditape-duct-tape-im-taschenformat\\\/\",\"url\":\"https:\\\/\\\/marktxxl.de\\\/markt\\\/produkt\\\/reditape-duct-tape-im-taschenformat\\\/\",\"name\":\"reditape Basic Pocket Gr\u00f6\u00dfe Duct Tape 3 Pack Black, Silver, Orange - 10932 - Markt-XXL\",\"isPartOf\":{\"@id\":\"https:\\\/\\\/marktxxl.de\\\/markt\\\/#website\"},\"primaryImageOfPage\":{\"@id\":\"https:\\\/\\\/marktxxl.de\\\/markt\\\/produkt\\\/reditape-duct-tape-im-taschenformat\\\/#primaryimage\"},\"image\":{\"@id\":\"https:\\\/\\\/marktxxl.de\\\/markt\\\/produkt\\\/reditape-duct-tape-im-taschenformat\\\/#primaryimage\"},\"thumbnailUrl\":\"https:\\\/\\\/m.media-amazon.com\\\/images\\\/I\\\/61Stei6kmYL._SL500_.jpg\",\"datePublished\":\"2022-07-14T01:22:22+00:00\",\"dateModified\":\"2023-04-11T02:12:31+00:00\",\"description\":\"Markt-XXL reditape Basic Pocket Gr\u00f6\u00dfe Duct Tape 3 Pack Black, Silver, Orange - 10932\",\"breadcrumb\":{\"@id\":\"https:\\\/\\\/marktxxl.de\\\/markt\\\/produkt\\\/reditape-duct-tape-im-taschenformat\\\/#breadcrumb\"},\"inLanguage\":\"de\",\"potentialAction\":[{\"@type\":\"ReadAction\",\"target\":[\"https:\\\/\\\/marktxxl.de\\\/markt\\\/produkt\\\/reditape-duct-tape-im-taschenformat\\\/\"]}]},{\"@type\":\"ImageObject\",\"inLanguage\":\"de\",\"@id\":\"https:\\\/\\\/marktxxl.de\\\/markt\\\/produkt\\\/reditape-duct-tape-im-taschenformat\\\/#primaryimage\",\"url\":\"https:\\\/\\\/m.media-amazon.com\\\/images\\\/I\\\/61Stei6kmYL._SL500_.jpg\",\"contentUrl\":\"https:\\\/\\\/m.media-amazon.com\\\/images\\\/I\\\/61Stei6kmYL._SL500_.jpg\",\"width\":500,\"height\":500},{\"@type\":\"BreadcrumbList\",\"@id\":\"https:\\\/\\\/marktxxl.de\\\/markt\\\/produkt\\\/reditape-duct-tape-im-taschenformat\\\/#breadcrumb\",\"itemListElement\":[{\"@type\":\"ListItem\",\"position\":1,\"name\":\"Startseite\",\"item\":\"https:\\\/\\\/marktxxl.de\\\/markt\\\/\"},{\"@type\":\"ListItem\",\"position\":2,\"name\":\"Markt\",\"item\":\"https:\\\/\\\/marktxxl.de\\\/markt\\\/\"},{\"@type\":\"ListItem\",\"position\":3,\"name\":\"reditape Basic Pocket Gr\u00f6\u00dfe Duct Tape 3 Pack Black, Silver, Orange &#8211; 10932\"}]},{\"@type\":\"WebSite\",\"@id\":\"https:\\\/\\\/marktxxl.de\\\/markt\\\/#website\",\"url\":\"https:\\\/\\\/marktxxl.de\\\/markt\\\/\",\"name\":\"Markt-XXL\",\"description\":\"Ihr Markt Online\",\"publisher\":{\"@id\":\"https:\\\/\\\/marktxxl.de\\\/markt\\\/#organization\"},\"potentialAction\":[{\"@type\":\"SearchAction\",\"target\":{\"@type\":\"EntryPoint\",\"urlTemplate\":\"https:\\\/\\\/marktxxl.de\\\/markt\\\/?s={search_term_string}\"},\"query-input\":{\"@type\":\"PropertyValueSpecification\",\"valueRequired\":true,\"valueName\":\"search_term_string\"}}],\"inLanguage\":\"de\"},{\"@type\":\"Organization\",\"@id\":\"https:\\\/\\\/marktxxl.de\\\/markt\\\/#organization\",\"name\":\"Markt-XXL\",\"url\":\"https:\\\/\\\/marktxxl.de\\\/markt\\\/\",\"logo\":{\"@type\":\"ImageObject\",\"inLanguage\":\"de\",\"@id\":\"https:\\\/\\\/marktxxl.de\\\/markt\\\/#\\\/schema\\\/logo\\\/image\\\/\",\"url\":\"https:\\\/\\\/marktxxl.de\\\/markt\\\/wp-content\\\/uploads\\\/sites\\\/3\\\/2020\\\/12\\\/logo.png\",\"contentUrl\":\"https:\\\/\\\/marktxxl.de\\\/markt\\\/wp-content\\\/uploads\\\/sites\\\/3\\\/2020\\\/12\\\/logo.png\",\"width\":200,\"height\":70,\"caption\":\"Markt-XXL\"},\"image\":{\"@id\":\"https:\\\/\\\/marktxxl.de\\\/markt\\\/#\\\/schema\\\/logo\\\/image\\\/\"}}]}<\/script>\n<!-- \/ Yoast SEO plugin. -->","yoast_head_json":{"title":"reditape Basic Pocket Gr\u00f6\u00dfe Duct Tape 3 Pack Black, Silver, Orange - 10932 - Markt-XXL","description":"Markt-XXL reditape Basic Pocket Gr\u00f6\u00dfe Duct Tape 3 Pack Black, Silver, Orange - 10932","robots":{"index":"index","follow":"follow","max-snippet":"max-snippet:-1","max-image-preview":"max-image-preview:large","max-video-preview":"max-video-preview:-1"},"canonical":"https:\/\/marktxxl.de\/markt\/produkt\/reditape-duct-tape-im-taschenformat\/","og_locale":"de_DE","og_type":"article","og_title":"reditape Basic Pocket Gr\u00f6\u00dfe Duct Tape 3 Pack Black, Silver, Orange - 10932 - Markt-XXL","og_description":"Markt-XXL reditape Basic Pocket Gr\u00f6\u00dfe Duct Tape 3 Pack Black, Silver, Orange - 10932","og_url":"https:\/\/marktxxl.de\/markt\/produkt\/reditape-duct-tape-im-taschenformat\/","og_site_name":"Markt-XXL","article_modified_time":"2023-04-11T02:12:31+00:00","og_image":[{"width":500,"height":500,"url":"https:\/\/m.media-amazon.com\/images\/I\/61Stei6kmYL._SL500_.jpg","type":"image\/jpeg"}],"twitter_card":"summary_large_image","twitter_misc":{"Gesch\u00e4tzte Lesezeit":"1\u00a0Minute"},"schema":{"@context":"https:\/\/schema.org","@graph":[{"@type":"WebPage","@id":"https:\/\/marktxxl.de\/markt\/produkt\/reditape-duct-tape-im-taschenformat\/","url":"https:\/\/marktxxl.de\/markt\/produkt\/reditape-duct-tape-im-taschenformat\/","name":"reditape Basic Pocket Gr\u00f6\u00dfe Duct Tape 3 Pack Black, Silver, Orange - 10932 - Markt-XXL","isPartOf":{"@id":"https:\/\/marktxxl.de\/markt\/#website"},"primaryImageOfPage":{"@id":"https:\/\/marktxxl.de\/markt\/produkt\/reditape-duct-tape-im-taschenformat\/#primaryimage"},"image":{"@id":"https:\/\/marktxxl.de\/markt\/produkt\/reditape-duct-tape-im-taschenformat\/#primaryimage"},"thumbnailUrl":"https:\/\/m.media-amazon.com\/images\/I\/61Stei6kmYL._SL500_.jpg","datePublished":"2022-07-14T01:22:22+00:00","dateModified":"2023-04-11T02:12:31+00:00","description":"Markt-XXL reditape Basic Pocket Gr\u00f6\u00dfe Duct Tape 3 Pack Black, Silver, Orange - 10932","breadcrumb":{"@id":"https:\/\/marktxxl.de\/markt\/produkt\/reditape-duct-tape-im-taschenformat\/#breadcrumb"},"inLanguage":"de","potentialAction":[{"@type":"ReadAction","target":["https:\/\/marktxxl.de\/markt\/produkt\/reditape-duct-tape-im-taschenformat\/"]}]},{"@type":"ImageObject","inLanguage":"de","@id":"https:\/\/marktxxl.de\/markt\/produkt\/reditape-duct-tape-im-taschenformat\/#primaryimage","url":"https:\/\/m.media-amazon.com\/images\/I\/61Stei6kmYL._SL500_.jpg","contentUrl":"https:\/\/m.media-amazon.com\/images\/I\/61Stei6kmYL._SL500_.jpg","width":500,"height":500},{"@type":"BreadcrumbList","@id":"https:\/\/marktxxl.de\/markt\/produkt\/reditape-duct-tape-im-taschenformat\/#breadcrumb","itemListElement":[{"@type":"ListItem","position":1,"name":"Startseite","item":"https:\/\/marktxxl.de\/markt\/"},{"@type":"ListItem","position":2,"name":"Markt","item":"https:\/\/marktxxl.de\/markt\/"},{"@type":"ListItem","position":3,"name":"reditape Basic Pocket Gr\u00f6\u00dfe Duct Tape 3 Pack Black, Silver, Orange &#8211; 10932"}]},{"@type":"WebSite","@id":"https:\/\/marktxxl.de\/markt\/#website","url":"https:\/\/marktxxl.de\/markt\/","name":"Markt-XXL","description":"Ihr Markt Online","publisher":{"@id":"https:\/\/marktxxl.de\/markt\/#organization"},"potentialAction":[{"@type":"SearchAction","target":{"@type":"EntryPoint","urlTemplate":"https:\/\/marktxxl.de\/markt\/?s={search_term_string}"},"query-input":{"@type":"PropertyValueSpecification","valueRequired":true,"valueName":"search_term_string"}}],"inLanguage":"de"},{"@type":"Organization","@id":"https:\/\/marktxxl.de\/markt\/#organization","name":"Markt-XXL","url":"https:\/\/marktxxl.de\/markt\/","logo":{"@type":"ImageObject","inLanguage":"de","@id":"https:\/\/marktxxl.de\/markt\/#\/schema\/logo\/image\/","url":"https:\/\/marktxxl.de\/markt\/wp-content\/uploads\/sites\/3\/2020\/12\/logo.png","contentUrl":"https:\/\/marktxxl.de\/markt\/wp-content\/uploads\/sites\/3\/2020\/12\/logo.png","width":200,"height":70,"caption":"Markt-XXL"},"image":{"@id":"https:\/\/marktxxl.de\/markt\/#\/schema\/logo\/image\/"}}]}},"_links":{"self":[{"href":"https:\/\/marktxxl.de\/markt\/wp-json\/wp\/v2\/product\/136994","targetHints":{"allow":["GET"]}}],"collection":[{"href":"https:\/\/marktxxl.de\/markt\/wp-json\/wp\/v2\/product"}],"about":[{"href":"https:\/\/marktxxl.de\/markt\/wp-json\/wp\/v2\/types\/product"}],"replies":[{"embeddable":true,"href":"https:\/\/marktxxl.de\/markt\/wp-json\/wp\/v2\/comments?post=136994"}],"wp:featuredmedia":[{"embeddable":true,"href":"https:\/\/marktxxl.de\/markt\/wp-json\/wp\/v2\/media\/136995"}],"wp:attachment":[{"href":"https:\/\/marktxxl.de\/markt\/wp-json\/wp\/v2\/media?parent=136994"}],"wp:term":[{"taxonomy":"product_brand","embeddable":true,"href":"https:\/\/marktxxl.de\/markt\/wp-json\/wp\/v2\/product_brand?post=136994"},{"taxonomy":"product_cat","embeddable":true,"href":"https:\/\/marktxxl.de\/markt\/wp-json\/wp\/v2\/product_cat?post=136994"},{"taxonomy":"product_tag","embeddable":true,"href":"https:\/\/marktxxl.de\/markt\/wp-json\/wp\/v2\/product_tag?post=136994"}],"curies":[{"name":"wp","href":"https:\/\/api.w.org\/{rel}","templated":true}]}}