{"id":136983,"date":"2022-07-14T03:22:16","date_gmt":"2022-07-14T01:22:16","guid":{"rendered":"https:\/\/marktxxl.de\/markt\/produkt\/graco-17g180-magnum-prox19-farbspruehgeraet-fuer-wagen\/"},"modified":"2023-04-11T04:12:31","modified_gmt":"2023-04-11T02:12:31","slug":"graco-17g180-magnum-prox19-farbspruehgeraet-fuer-wagen","status":"publish","type":"product","link":"https:\/\/marktxxl.de\/markt\/produkt\/graco-17g180-magnum-prox19-farbspruehgeraet-fuer-wagen\/","title":{"rendered":"Graco 17G180 Magnum ProX19 Farbspr\u00fchger\u00e4t, Blau und Wei\u00df"},"content":{"rendered":"<p>Kontrollieren Sie den Farbfluss: Voll einstellbarer Druck, um Ihnen ultimative Kontrolle des Farbflusses f\u00fcr jede Projektgr\u00f6\u00dfe zu geben. RAC IV SwitchTip erm\u00f6glicht es Ihnen, die Spitze umzukehren, wenn sie verstopft, um das Spr\u00fchen zu halten<br \/>\nFiltert Schmutz f\u00fcr weniger Verstopfungen: InstaClean Pumpenfilter \u2013 zus\u00e4tzliche Pumpenfiltration reduziert Verstopfungen der Spitze durch Schmutz in der Farbe<br \/>\nSpr\u00fchfarbe unverd\u00fcnnt: Die ProX Edelstahl-Kolbenpumpe erm\u00f6glicht es Ihnen, Farbe unverd\u00fcnnt mit hohem Druck zu spr\u00fchen<br \/>\nDirekt aus dem Farbeimer spr\u00fchen: Flexibler Saugrohr erm\u00f6glicht es Ihnen, direkt aus einem 1 oder 5 Gallonen Farbeimer zu spr\u00fchen<br \/>\nSpr\u00fchen Sie mehr Projekte jedes Jahr: Die j\u00e4hrliche Anwendungsempfehlung ist bis zu 270 Liter pro Jahr<br \/>\nSchnelle und einfache Reinigung: Der PowerFlush-Adapter verbindet sich mit einem Gartenschlauch f\u00fcr eine schnelle und einfache Reinigung<br \/>\nIdeal f\u00fcr mehrst\u00f6ckige H\u00e4user: Kann bis zu 45,7 m langen Farbschlauch tragen und bietet Ihnen zus\u00e4tzliche Reichweite f\u00fcr Ihre Arbeiten<br \/>\nSpannung: 110 V<br \/>\n<div class=\"main-cross-sell\" data-asin=\"B01G8SXNNS\">\n\n\t<div class=\"WooZone-cross-sell-loader\">\n\t\t<div>\n\t\t\t<div id=\"floatingBarsG\">\n\t\t\t\t<div class=\"blockG\" id=\"rotateG_01\"><\/div>\n\t\t\t\t<div class=\"blockG\" id=\"rotateG_02\"><\/div>\n\t\t\t\t<div class=\"blockG\" id=\"rotateG_03\"><\/div>\n\t\t\t\t<div class=\"blockG\" id=\"rotateG_04\"><\/div>\n\t\t\t\t<div class=\"blockG\" id=\"rotateG_05\"><\/div>\n\t\t\t\t<div class=\"blockG\" id=\"rotateG_06\"><\/div>\n\t\t\t\t<div class=\"blockG\" id=\"rotateG_07\"><\/div>\n\t\t\t\t<div class=\"blockG\" id=\"rotateG_08\"><\/div>\n\t\t\t<\/div>\n\t\t\t<div class=\"WooZone-cross-sell-loader-text\"><\/div>\n\t\t<\/div>\n\t<\/div>\n\n\t\t\n<\/div>\n<div style=\"clear:both;\"><\/div><\/p>\n","protected":false},"excerpt":{"rendered":"<p>Kontrollieren Sie den Farbfluss: Voll einstellbarer Druck, um Ihnen ultimative Kontrolle des Farbflusses f\u00fcr jede Projektgr\u00f6\u00dfe zu geben. RAC IV SwitchTip erm\u00f6glicht es Ihnen, die Spitze umzukehren, wenn sie verstopft, um das Spr\u00fchen zu halten<br \/>\nFiltert Schmutz f\u00fcr weniger Verstopfungen: InstaClean Pumpenfilter \u2013 zus\u00e4tzliche Pumpenfiltration reduziert Verstopfungen der Spitze durch Schmutz in der Farbe<br \/>\nSpr\u00fchfarbe unverd\u00fcnnt: Die ProX Edelstahl-Kolbenpumpe erm\u00f6glicht es Ihnen, Farbe unverd\u00fcnnt mit hohem Druck zu spr\u00fchen<\/p>\n","protected":false},"featured_media":136984,"comment_status":"open","ping_status":"closed","template":"","meta":[],"product_brand":[],"product_cat":[1983,11212],"product_tag":[],"class_list":{"0":"post-136983","1":"product","2":"type-product","3":"status-publish","4":"has-post-thumbnail","6":"product_cat-baumarkt","7":"product_cat-malerbedarf-werkzeuge-tapeten","8":"pa_binding-werkzeug","9":"pa_brand-unbekannt","10":"pa_color-blau-weiss","11":"pa_height-37-2-zoll","12":"pa_length-20-zoll","13":"pa_manufacturer-graco-inc","14":"pa_model-17g180","15":"pa_weight-42-pfund","16":"pa_width-17-2-zoll","18":"first","19":"instock","20":"shipping-taxable","21":"purchasable","22":"product-type-simple","23":"customify-col","24":"product-has-gallery"},"yoast_head":"<!-- This site is optimized with the Yoast SEO plugin v27.3 - https:\/\/yoast.com\/product\/yoast-seo-wordpress\/ -->\n<title>Graco 17G180 Magnum ProX19 Farbspr\u00fchger\u00e4t, Blau und Wei\u00df - Markt-XXL<\/title>\n<meta name=\"description\" content=\"Markt-XXL Graco 17G180 Magnum ProX19 Farbspr\u00fchger\u00e4t, Blau und Wei\u00df\" \/>\n<meta name=\"robots\" content=\"index, follow, max-snippet:-1, max-image-preview:large, max-video-preview:-1\" \/>\n<link rel=\"canonical\" href=\"https:\/\/marktxxl.de\/markt\/produkt\/graco-17g180-magnum-prox19-farbspruehgeraet-fuer-wagen\/\" \/>\n<meta property=\"og:locale\" content=\"de_DE\" \/>\n<meta property=\"og:type\" content=\"article\" \/>\n<meta property=\"og:title\" content=\"Graco 17G180 Magnum ProX19 Farbspr\u00fchger\u00e4t, Blau und Wei\u00df - Markt-XXL\" \/>\n<meta property=\"og:description\" content=\"Markt-XXL Graco 17G180 Magnum ProX19 Farbspr\u00fchger\u00e4t, Blau und Wei\u00df\" \/>\n<meta property=\"og:url\" content=\"https:\/\/marktxxl.de\/markt\/produkt\/graco-17g180-magnum-prox19-farbspruehgeraet-fuer-wagen\/\" \/>\n<meta property=\"og:site_name\" content=\"Markt-XXL\" \/>\n<meta property=\"article:modified_time\" content=\"2023-04-11T02:12:31+00:00\" \/>\n<meta property=\"og:image\" content=\"https:\/\/m.media-amazon.com\/images\/I\/51DFBSfPEUL._SL500_.jpg\" \/>\n\t<meta property=\"og:image:width\" content=\"500\" \/>\n\t<meta property=\"og:image:height\" content=\"500\" \/>\n\t<meta property=\"og:image:type\" content=\"image\/jpeg\" \/>\n<meta name=\"twitter:card\" content=\"summary_large_image\" \/>\n<meta name=\"twitter:label1\" content=\"Gesch\u00e4tzte Lesezeit\" \/>\n\t<meta name=\"twitter:data1\" content=\"1\u00a0Minute\" \/>\n<script type=\"application\/ld+json\" class=\"yoast-schema-graph\">{\"@context\":\"https:\\\/\\\/schema.org\",\"@graph\":[{\"@type\":\"WebPage\",\"@id\":\"https:\\\/\\\/marktxxl.de\\\/markt\\\/produkt\\\/graco-17g180-magnum-prox19-farbspruehgeraet-fuer-wagen\\\/\",\"url\":\"https:\\\/\\\/marktxxl.de\\\/markt\\\/produkt\\\/graco-17g180-magnum-prox19-farbspruehgeraet-fuer-wagen\\\/\",\"name\":\"Graco 17G180 Magnum ProX19 Farbspr\u00fchger\u00e4t, Blau und Wei\u00df - Markt-XXL\",\"isPartOf\":{\"@id\":\"https:\\\/\\\/marktxxl.de\\\/markt\\\/#website\"},\"primaryImageOfPage\":{\"@id\":\"https:\\\/\\\/marktxxl.de\\\/markt\\\/produkt\\\/graco-17g180-magnum-prox19-farbspruehgeraet-fuer-wagen\\\/#primaryimage\"},\"image\":{\"@id\":\"https:\\\/\\\/marktxxl.de\\\/markt\\\/produkt\\\/graco-17g180-magnum-prox19-farbspruehgeraet-fuer-wagen\\\/#primaryimage\"},\"thumbnailUrl\":\"https:\\\/\\\/m.media-amazon.com\\\/images\\\/I\\\/51DFBSfPEUL._SL500_.jpg\",\"datePublished\":\"2022-07-14T01:22:16+00:00\",\"dateModified\":\"2023-04-11T02:12:31+00:00\",\"description\":\"Markt-XXL Graco 17G180 Magnum ProX19 Farbspr\u00fchger\u00e4t, Blau und Wei\u00df\",\"breadcrumb\":{\"@id\":\"https:\\\/\\\/marktxxl.de\\\/markt\\\/produkt\\\/graco-17g180-magnum-prox19-farbspruehgeraet-fuer-wagen\\\/#breadcrumb\"},\"inLanguage\":\"de\",\"potentialAction\":[{\"@type\":\"ReadAction\",\"target\":[\"https:\\\/\\\/marktxxl.de\\\/markt\\\/produkt\\\/graco-17g180-magnum-prox19-farbspruehgeraet-fuer-wagen\\\/\"]}]},{\"@type\":\"ImageObject\",\"inLanguage\":\"de\",\"@id\":\"https:\\\/\\\/marktxxl.de\\\/markt\\\/produkt\\\/graco-17g180-magnum-prox19-farbspruehgeraet-fuer-wagen\\\/#primaryimage\",\"url\":\"https:\\\/\\\/m.media-amazon.com\\\/images\\\/I\\\/51DFBSfPEUL._SL500_.jpg\",\"contentUrl\":\"https:\\\/\\\/m.media-amazon.com\\\/images\\\/I\\\/51DFBSfPEUL._SL500_.jpg\",\"width\":500,\"height\":500},{\"@type\":\"BreadcrumbList\",\"@id\":\"https:\\\/\\\/marktxxl.de\\\/markt\\\/produkt\\\/graco-17g180-magnum-prox19-farbspruehgeraet-fuer-wagen\\\/#breadcrumb\",\"itemListElement\":[{\"@type\":\"ListItem\",\"position\":1,\"name\":\"Startseite\",\"item\":\"https:\\\/\\\/marktxxl.de\\\/markt\\\/\"},{\"@type\":\"ListItem\",\"position\":2,\"name\":\"Markt\",\"item\":\"https:\\\/\\\/marktxxl.de\\\/markt\\\/\"},{\"@type\":\"ListItem\",\"position\":3,\"name\":\"Graco 17G180 Magnum ProX19 Farbspr\u00fchger\u00e4t, Blau und Wei\u00df\"}]},{\"@type\":\"WebSite\",\"@id\":\"https:\\\/\\\/marktxxl.de\\\/markt\\\/#website\",\"url\":\"https:\\\/\\\/marktxxl.de\\\/markt\\\/\",\"name\":\"Markt-XXL\",\"description\":\"Ihr Markt Online\",\"publisher\":{\"@id\":\"https:\\\/\\\/marktxxl.de\\\/markt\\\/#organization\"},\"potentialAction\":[{\"@type\":\"SearchAction\",\"target\":{\"@type\":\"EntryPoint\",\"urlTemplate\":\"https:\\\/\\\/marktxxl.de\\\/markt\\\/?s={search_term_string}\"},\"query-input\":{\"@type\":\"PropertyValueSpecification\",\"valueRequired\":true,\"valueName\":\"search_term_string\"}}],\"inLanguage\":\"de\"},{\"@type\":\"Organization\",\"@id\":\"https:\\\/\\\/marktxxl.de\\\/markt\\\/#organization\",\"name\":\"Markt-XXL\",\"url\":\"https:\\\/\\\/marktxxl.de\\\/markt\\\/\",\"logo\":{\"@type\":\"ImageObject\",\"inLanguage\":\"de\",\"@id\":\"https:\\\/\\\/marktxxl.de\\\/markt\\\/#\\\/schema\\\/logo\\\/image\\\/\",\"url\":\"https:\\\/\\\/marktxxl.de\\\/markt\\\/wp-content\\\/uploads\\\/sites\\\/3\\\/2020\\\/12\\\/logo.png\",\"contentUrl\":\"https:\\\/\\\/marktxxl.de\\\/markt\\\/wp-content\\\/uploads\\\/sites\\\/3\\\/2020\\\/12\\\/logo.png\",\"width\":200,\"height\":70,\"caption\":\"Markt-XXL\"},\"image\":{\"@id\":\"https:\\\/\\\/marktxxl.de\\\/markt\\\/#\\\/schema\\\/logo\\\/image\\\/\"}}]}<\/script>\n<!-- \/ Yoast SEO plugin. -->","yoast_head_json":{"title":"Graco 17G180 Magnum ProX19 Farbspr\u00fchger\u00e4t, Blau und Wei\u00df - Markt-XXL","description":"Markt-XXL Graco 17G180 Magnum ProX19 Farbspr\u00fchger\u00e4t, Blau und Wei\u00df","robots":{"index":"index","follow":"follow","max-snippet":"max-snippet:-1","max-image-preview":"max-image-preview:large","max-video-preview":"max-video-preview:-1"},"canonical":"https:\/\/marktxxl.de\/markt\/produkt\/graco-17g180-magnum-prox19-farbspruehgeraet-fuer-wagen\/","og_locale":"de_DE","og_type":"article","og_title":"Graco 17G180 Magnum ProX19 Farbspr\u00fchger\u00e4t, Blau und Wei\u00df - Markt-XXL","og_description":"Markt-XXL Graco 17G180 Magnum ProX19 Farbspr\u00fchger\u00e4t, Blau und Wei\u00df","og_url":"https:\/\/marktxxl.de\/markt\/produkt\/graco-17g180-magnum-prox19-farbspruehgeraet-fuer-wagen\/","og_site_name":"Markt-XXL","article_modified_time":"2023-04-11T02:12:31+00:00","og_image":[{"width":500,"height":500,"url":"https:\/\/m.media-amazon.com\/images\/I\/51DFBSfPEUL._SL500_.jpg","type":"image\/jpeg"}],"twitter_card":"summary_large_image","twitter_misc":{"Gesch\u00e4tzte Lesezeit":"1\u00a0Minute"},"schema":{"@context":"https:\/\/schema.org","@graph":[{"@type":"WebPage","@id":"https:\/\/marktxxl.de\/markt\/produkt\/graco-17g180-magnum-prox19-farbspruehgeraet-fuer-wagen\/","url":"https:\/\/marktxxl.de\/markt\/produkt\/graco-17g180-magnum-prox19-farbspruehgeraet-fuer-wagen\/","name":"Graco 17G180 Magnum ProX19 Farbspr\u00fchger\u00e4t, Blau und Wei\u00df - Markt-XXL","isPartOf":{"@id":"https:\/\/marktxxl.de\/markt\/#website"},"primaryImageOfPage":{"@id":"https:\/\/marktxxl.de\/markt\/produkt\/graco-17g180-magnum-prox19-farbspruehgeraet-fuer-wagen\/#primaryimage"},"image":{"@id":"https:\/\/marktxxl.de\/markt\/produkt\/graco-17g180-magnum-prox19-farbspruehgeraet-fuer-wagen\/#primaryimage"},"thumbnailUrl":"https:\/\/m.media-amazon.com\/images\/I\/51DFBSfPEUL._SL500_.jpg","datePublished":"2022-07-14T01:22:16+00:00","dateModified":"2023-04-11T02:12:31+00:00","description":"Markt-XXL Graco 17G180 Magnum ProX19 Farbspr\u00fchger\u00e4t, Blau und Wei\u00df","breadcrumb":{"@id":"https:\/\/marktxxl.de\/markt\/produkt\/graco-17g180-magnum-prox19-farbspruehgeraet-fuer-wagen\/#breadcrumb"},"inLanguage":"de","potentialAction":[{"@type":"ReadAction","target":["https:\/\/marktxxl.de\/markt\/produkt\/graco-17g180-magnum-prox19-farbspruehgeraet-fuer-wagen\/"]}]},{"@type":"ImageObject","inLanguage":"de","@id":"https:\/\/marktxxl.de\/markt\/produkt\/graco-17g180-magnum-prox19-farbspruehgeraet-fuer-wagen\/#primaryimage","url":"https:\/\/m.media-amazon.com\/images\/I\/51DFBSfPEUL._SL500_.jpg","contentUrl":"https:\/\/m.media-amazon.com\/images\/I\/51DFBSfPEUL._SL500_.jpg","width":500,"height":500},{"@type":"BreadcrumbList","@id":"https:\/\/marktxxl.de\/markt\/produkt\/graco-17g180-magnum-prox19-farbspruehgeraet-fuer-wagen\/#breadcrumb","itemListElement":[{"@type":"ListItem","position":1,"name":"Startseite","item":"https:\/\/marktxxl.de\/markt\/"},{"@type":"ListItem","position":2,"name":"Markt","item":"https:\/\/marktxxl.de\/markt\/"},{"@type":"ListItem","position":3,"name":"Graco 17G180 Magnum ProX19 Farbspr\u00fchger\u00e4t, Blau und Wei\u00df"}]},{"@type":"WebSite","@id":"https:\/\/marktxxl.de\/markt\/#website","url":"https:\/\/marktxxl.de\/markt\/","name":"Markt-XXL","description":"Ihr Markt Online","publisher":{"@id":"https:\/\/marktxxl.de\/markt\/#organization"},"potentialAction":[{"@type":"SearchAction","target":{"@type":"EntryPoint","urlTemplate":"https:\/\/marktxxl.de\/markt\/?s={search_term_string}"},"query-input":{"@type":"PropertyValueSpecification","valueRequired":true,"valueName":"search_term_string"}}],"inLanguage":"de"},{"@type":"Organization","@id":"https:\/\/marktxxl.de\/markt\/#organization","name":"Markt-XXL","url":"https:\/\/marktxxl.de\/markt\/","logo":{"@type":"ImageObject","inLanguage":"de","@id":"https:\/\/marktxxl.de\/markt\/#\/schema\/logo\/image\/","url":"https:\/\/marktxxl.de\/markt\/wp-content\/uploads\/sites\/3\/2020\/12\/logo.png","contentUrl":"https:\/\/marktxxl.de\/markt\/wp-content\/uploads\/sites\/3\/2020\/12\/logo.png","width":200,"height":70,"caption":"Markt-XXL"},"image":{"@id":"https:\/\/marktxxl.de\/markt\/#\/schema\/logo\/image\/"}}]}},"_links":{"self":[{"href":"https:\/\/marktxxl.de\/markt\/wp-json\/wp\/v2\/product\/136983","targetHints":{"allow":["GET"]}}],"collection":[{"href":"https:\/\/marktxxl.de\/markt\/wp-json\/wp\/v2\/product"}],"about":[{"href":"https:\/\/marktxxl.de\/markt\/wp-json\/wp\/v2\/types\/product"}],"replies":[{"embeddable":true,"href":"https:\/\/marktxxl.de\/markt\/wp-json\/wp\/v2\/comments?post=136983"}],"wp:featuredmedia":[{"embeddable":true,"href":"https:\/\/marktxxl.de\/markt\/wp-json\/wp\/v2\/media\/136984"}],"wp:attachment":[{"href":"https:\/\/marktxxl.de\/markt\/wp-json\/wp\/v2\/media?parent=136983"}],"wp:term":[{"taxonomy":"product_brand","embeddable":true,"href":"https:\/\/marktxxl.de\/markt\/wp-json\/wp\/v2\/product_brand?post=136983"},{"taxonomy":"product_cat","embeddable":true,"href":"https:\/\/marktxxl.de\/markt\/wp-json\/wp\/v2\/product_cat?post=136983"},{"taxonomy":"product_tag","embeddable":true,"href":"https:\/\/marktxxl.de\/markt\/wp-json\/wp\/v2\/product_tag?post=136983"}],"curies":[{"name":"wp","href":"https:\/\/api.w.org\/{rel}","templated":true}]}}