{"id":136801,"date":"2022-07-14T02:41:55","date_gmt":"2022-07-14T00:41:55","guid":{"rendered":"https:\/\/marktxxl.de\/markt\/produkt\/crazy-dog-t-shirt-maternity-baby-peeking-t-shirt-funny-pregnancy-tee-fuer-expecting-mothers\/"},"modified":"2023-04-11T04:12:27","modified_gmt":"2023-04-11T02:12:27","slug":"crazy-dog-t-shirt-maternity-baby-peeking-t-shirt-funny-pregnancy-tee-fuer-expecting-mothers","status":"publish","type":"product","link":"https:\/\/marktxxl.de\/markt\/produkt\/crazy-dog-t-shirt-maternity-baby-peeking-t-shirt-funny-pregnancy-tee-fuer-expecting-mothers\/","title":{"rendered":"Crazy Dog T-Shirt Maternity Baby Peeking T Shirt Funny Pregnancy Tee f\u00fcr Expecting Mothers"},"content":{"rendered":"<p>Exklusives T-Shirt von Loco Hund. Entworfen und gedruckt in den USA. Wir verwenden die hochwertigste Kunststofftinte und Kunststatus-Ausr\u00fcstung, um lebendige Farben und dauerhafte Haltbarkeit zu gew\u00e4hrleisten. Unsere unschlagbaren Tees sind das perfekte Geschenk f\u00fcr jeden Anlass und Preise k\u00f6nnen nicht beat sein.<br \/>\nProfessionell bedruckt mit super weichen Funny Tees und Awesome. Unsere leichten Vintage-Fitted Tees sind aus ultraweicher gek\u00e4mmter Baumwolle hergestellt und beginnen die bequeme Passform und Feel. Sobald Sie dieses Hemd anziehen, wollen Sie es nicht tragen.<br \/>\nDies ist ein Umstandshemd f\u00fcr M\u00fctter, die auf Warten warten. Gr\u00f6\u00dfen neigen dazu, etwas kleiner auszuf\u00fchren, daher bestellen Sie bitte ein gr\u00f6\u00dferes Hemd, wenn Sie zwischen den Gr\u00f6\u00dfen liegen. Wenn Sie mit der Einstellung nicht zufrieden sind, wird es Ihnen einen sofortigen Austausch geben.<br \/>\nMaschinenwaschbar (kalt, zum Trocknen auf links waschen). Idee, Baby Shower Geschenk zu Weihnachten oder behandeln Sie sich das beste Baby Bump Shirt mit einem grafischen Design.<br \/>\nDieses Angebot ist f\u00fcr ein T-Shirt f\u00fcr Schwangere. Unsere anderen Produkte enthalten M\u00e4nner, Frauen, Kinder und Babys.<br \/>\n<div class=\"main-cross-sell\" data-asin=\"B07BHXDD59\">\n\n\t<div class=\"WooZone-cross-sell-loader\">\n\t\t<div>\n\t\t\t<div id=\"floatingBarsG\">\n\t\t\t\t<div class=\"blockG\" id=\"rotateG_01\"><\/div>\n\t\t\t\t<div class=\"blockG\" id=\"rotateG_02\"><\/div>\n\t\t\t\t<div class=\"blockG\" id=\"rotateG_03\"><\/div>\n\t\t\t\t<div class=\"blockG\" id=\"rotateG_04\"><\/div>\n\t\t\t\t<div class=\"blockG\" id=\"rotateG_05\"><\/div>\n\t\t\t\t<div class=\"blockG\" id=\"rotateG_06\"><\/div>\n\t\t\t\t<div class=\"blockG\" id=\"rotateG_07\"><\/div>\n\t\t\t\t<div class=\"blockG\" id=\"rotateG_08\"><\/div>\n\t\t\t<\/div>\n\t\t\t<div class=\"WooZone-cross-sell-loader-text\"><\/div>\n\t\t<\/div>\n\t<\/div>\n\n\t\t\n<\/div>\n<div style=\"clear:both;\"><\/div><\/p>\n","protected":false},"excerpt":{"rendered":"<p>Exklusives T-Shirt von Loco Hund. Entworfen und gedruckt in den USA. Wir verwenden die hochwertigste Kunststofftinte und Kunststatus-Ausr\u00fcstung, um lebendige Farben und dauerhafte Haltbarkeit zu gew\u00e4hrleisten. Unsere unschlagbaren Tees sind das perfekte Geschenk f\u00fcr jeden Anlass und Preise k\u00f6nnen nicht beat sein.<br \/>\nProfessionell bedruckt mit super weichen Funny Tees und Awesome. Unsere leichten Vintage-Fitted Tees sind aus ultraweicher gek\u00e4mmter Baumwolle hergestellt und beginnen die bequeme Passform und Feel. Sobald Sie dieses Hemd anziehen, wollen Sie es nicht tragen.<br \/>\nDies ist ein Umstandshemd f\u00fcr M\u00fctter, die auf Warten warten. Gr\u00f6\u00dfen neigen dazu, etwas kleiner auszuf\u00fchren, daher bestellen Sie bitte ein gr\u00f6\u00dferes Hemd, wenn Sie zwischen den Gr\u00f6\u00dfen liegen. Wenn Sie mit der Einstellung nicht zufrieden sind, wird es Ihnen einen sofortigen Austausch geben.<\/p>\n","protected":false},"featured_media":136802,"comment_status":"open","ping_status":"closed","template":"","meta":[],"product_brand":[],"product_cat":[21,9478],"product_tag":[],"class_list":{"0":"post-136801","1":"product","2":"type-product","3":"status-publish","4":"has-post-thumbnail","6":"product_cat-baby","7":"product_cat-umstandskleidung-baby","8":"pa_binding-textilien","9":"pa_brand-crazy-dog-t-shirts","10":"pa_color-blau","11":"pa_height-0-9-zoll","12":"pa_length-9-4-zoll","13":"pa_manufacturer-crazy-dog","14":"pa_model-99caucasianbabywmns","15":"pa_weight-0-24-pfund","16":"pa_width-8-1-zoll","18":"first","19":"instock","20":"shipping-taxable","21":"purchasable","22":"product-type-simple","23":"customify-col","24":"product-has-gallery"},"yoast_head":"<!-- This site is optimized with the Yoast SEO plugin v27.3 - https:\/\/yoast.com\/product\/yoast-seo-wordpress\/ -->\n<title>Crazy Dog T-Shirt Maternity Baby Peeking T Shirt Funny Pregnancy Tee f\u00fcr Expecting Mothers - Markt-XXL<\/title>\n<meta name=\"description\" content=\"Markt-XXL Crazy Dog T-Shirt Maternity Baby Peeking T Shirt Funny Pregnancy Tee f\u00fcr Expecting Mothers\" \/>\n<meta name=\"robots\" content=\"index, follow, max-snippet:-1, max-image-preview:large, max-video-preview:-1\" \/>\n<link rel=\"canonical\" href=\"https:\/\/marktxxl.de\/markt\/produkt\/crazy-dog-t-shirt-maternity-baby-peeking-t-shirt-funny-pregnancy-tee-fuer-expecting-mothers\/\" \/>\n<meta property=\"og:locale\" content=\"de_DE\" \/>\n<meta property=\"og:type\" content=\"article\" \/>\n<meta property=\"og:title\" content=\"Crazy Dog T-Shirt Maternity Baby Peeking T Shirt Funny Pregnancy Tee f\u00fcr Expecting Mothers - Markt-XXL\" \/>\n<meta property=\"og:description\" content=\"Markt-XXL Crazy Dog T-Shirt Maternity Baby Peeking T Shirt Funny Pregnancy Tee f\u00fcr Expecting Mothers\" \/>\n<meta property=\"og:url\" content=\"https:\/\/marktxxl.de\/markt\/produkt\/crazy-dog-t-shirt-maternity-baby-peeking-t-shirt-funny-pregnancy-tee-fuer-expecting-mothers\/\" \/>\n<meta property=\"og:site_name\" content=\"Markt-XXL\" \/>\n<meta property=\"article:modified_time\" content=\"2023-04-11T02:12:27+00:00\" \/>\n<meta property=\"og:image\" content=\"https:\/\/m.media-amazon.com\/images\/I\/41uKgHdUIVL._SL500_.jpg\" \/>\n\t<meta property=\"og:image:width\" content=\"276\" \/>\n\t<meta property=\"og:image:height\" content=\"500\" \/>\n\t<meta property=\"og:image:type\" content=\"image\/jpeg\" \/>\n<meta name=\"twitter:card\" content=\"summary_large_image\" \/>\n<meta name=\"twitter:label1\" content=\"Gesch\u00e4tzte Lesezeit\" \/>\n\t<meta name=\"twitter:data1\" content=\"1\u00a0Minute\" \/>\n<script type=\"application\/ld+json\" class=\"yoast-schema-graph\">{\"@context\":\"https:\\\/\\\/schema.org\",\"@graph\":[{\"@type\":\"WebPage\",\"@id\":\"https:\\\/\\\/marktxxl.de\\\/markt\\\/produkt\\\/crazy-dog-t-shirt-maternity-baby-peeking-t-shirt-funny-pregnancy-tee-fuer-expecting-mothers\\\/\",\"url\":\"https:\\\/\\\/marktxxl.de\\\/markt\\\/produkt\\\/crazy-dog-t-shirt-maternity-baby-peeking-t-shirt-funny-pregnancy-tee-fuer-expecting-mothers\\\/\",\"name\":\"Crazy Dog T-Shirt Maternity Baby Peeking T Shirt Funny Pregnancy Tee f\u00fcr Expecting Mothers - Markt-XXL\",\"isPartOf\":{\"@id\":\"https:\\\/\\\/marktxxl.de\\\/markt\\\/#website\"},\"primaryImageOfPage\":{\"@id\":\"https:\\\/\\\/marktxxl.de\\\/markt\\\/produkt\\\/crazy-dog-t-shirt-maternity-baby-peeking-t-shirt-funny-pregnancy-tee-fuer-expecting-mothers\\\/#primaryimage\"},\"image\":{\"@id\":\"https:\\\/\\\/marktxxl.de\\\/markt\\\/produkt\\\/crazy-dog-t-shirt-maternity-baby-peeking-t-shirt-funny-pregnancy-tee-fuer-expecting-mothers\\\/#primaryimage\"},\"thumbnailUrl\":\"https:\\\/\\\/m.media-amazon.com\\\/images\\\/I\\\/41uKgHdUIVL._SL500_.jpg\",\"datePublished\":\"2022-07-14T00:41:55+00:00\",\"dateModified\":\"2023-04-11T02:12:27+00:00\",\"description\":\"Markt-XXL Crazy Dog T-Shirt Maternity Baby Peeking T Shirt Funny Pregnancy Tee f\u00fcr Expecting Mothers\",\"breadcrumb\":{\"@id\":\"https:\\\/\\\/marktxxl.de\\\/markt\\\/produkt\\\/crazy-dog-t-shirt-maternity-baby-peeking-t-shirt-funny-pregnancy-tee-fuer-expecting-mothers\\\/#breadcrumb\"},\"inLanguage\":\"de\",\"potentialAction\":[{\"@type\":\"ReadAction\",\"target\":[\"https:\\\/\\\/marktxxl.de\\\/markt\\\/produkt\\\/crazy-dog-t-shirt-maternity-baby-peeking-t-shirt-funny-pregnancy-tee-fuer-expecting-mothers\\\/\"]}]},{\"@type\":\"ImageObject\",\"inLanguage\":\"de\",\"@id\":\"https:\\\/\\\/marktxxl.de\\\/markt\\\/produkt\\\/crazy-dog-t-shirt-maternity-baby-peeking-t-shirt-funny-pregnancy-tee-fuer-expecting-mothers\\\/#primaryimage\",\"url\":\"https:\\\/\\\/m.media-amazon.com\\\/images\\\/I\\\/41uKgHdUIVL._SL500_.jpg\",\"contentUrl\":\"https:\\\/\\\/m.media-amazon.com\\\/images\\\/I\\\/41uKgHdUIVL._SL500_.jpg\",\"width\":276,\"height\":500},{\"@type\":\"BreadcrumbList\",\"@id\":\"https:\\\/\\\/marktxxl.de\\\/markt\\\/produkt\\\/crazy-dog-t-shirt-maternity-baby-peeking-t-shirt-funny-pregnancy-tee-fuer-expecting-mothers\\\/#breadcrumb\",\"itemListElement\":[{\"@type\":\"ListItem\",\"position\":1,\"name\":\"Startseite\",\"item\":\"https:\\\/\\\/marktxxl.de\\\/markt\\\/\"},{\"@type\":\"ListItem\",\"position\":2,\"name\":\"Markt\",\"item\":\"https:\\\/\\\/marktxxl.de\\\/markt\\\/\"},{\"@type\":\"ListItem\",\"position\":3,\"name\":\"Crazy Dog T-Shirt Maternity Baby Peeking T Shirt Funny Pregnancy Tee f\u00fcr Expecting Mothers\"}]},{\"@type\":\"WebSite\",\"@id\":\"https:\\\/\\\/marktxxl.de\\\/markt\\\/#website\",\"url\":\"https:\\\/\\\/marktxxl.de\\\/markt\\\/\",\"name\":\"Markt-XXL\",\"description\":\"Ihr Markt Online\",\"publisher\":{\"@id\":\"https:\\\/\\\/marktxxl.de\\\/markt\\\/#organization\"},\"potentialAction\":[{\"@type\":\"SearchAction\",\"target\":{\"@type\":\"EntryPoint\",\"urlTemplate\":\"https:\\\/\\\/marktxxl.de\\\/markt\\\/?s={search_term_string}\"},\"query-input\":{\"@type\":\"PropertyValueSpecification\",\"valueRequired\":true,\"valueName\":\"search_term_string\"}}],\"inLanguage\":\"de\"},{\"@type\":\"Organization\",\"@id\":\"https:\\\/\\\/marktxxl.de\\\/markt\\\/#organization\",\"name\":\"Markt-XXL\",\"url\":\"https:\\\/\\\/marktxxl.de\\\/markt\\\/\",\"logo\":{\"@type\":\"ImageObject\",\"inLanguage\":\"de\",\"@id\":\"https:\\\/\\\/marktxxl.de\\\/markt\\\/#\\\/schema\\\/logo\\\/image\\\/\",\"url\":\"https:\\\/\\\/marktxxl.de\\\/markt\\\/wp-content\\\/uploads\\\/sites\\\/3\\\/2020\\\/12\\\/logo.png\",\"contentUrl\":\"https:\\\/\\\/marktxxl.de\\\/markt\\\/wp-content\\\/uploads\\\/sites\\\/3\\\/2020\\\/12\\\/logo.png\",\"width\":200,\"height\":70,\"caption\":\"Markt-XXL\"},\"image\":{\"@id\":\"https:\\\/\\\/marktxxl.de\\\/markt\\\/#\\\/schema\\\/logo\\\/image\\\/\"}}]}<\/script>\n<!-- \/ Yoast SEO plugin. -->","yoast_head_json":{"title":"Crazy Dog T-Shirt Maternity Baby Peeking T Shirt Funny Pregnancy Tee f\u00fcr Expecting Mothers - Markt-XXL","description":"Markt-XXL Crazy Dog T-Shirt Maternity Baby Peeking T Shirt Funny Pregnancy Tee f\u00fcr Expecting Mothers","robots":{"index":"index","follow":"follow","max-snippet":"max-snippet:-1","max-image-preview":"max-image-preview:large","max-video-preview":"max-video-preview:-1"},"canonical":"https:\/\/marktxxl.de\/markt\/produkt\/crazy-dog-t-shirt-maternity-baby-peeking-t-shirt-funny-pregnancy-tee-fuer-expecting-mothers\/","og_locale":"de_DE","og_type":"article","og_title":"Crazy Dog T-Shirt Maternity Baby Peeking T Shirt Funny Pregnancy Tee f\u00fcr Expecting Mothers - Markt-XXL","og_description":"Markt-XXL Crazy Dog T-Shirt Maternity Baby Peeking T Shirt Funny Pregnancy Tee f\u00fcr Expecting Mothers","og_url":"https:\/\/marktxxl.de\/markt\/produkt\/crazy-dog-t-shirt-maternity-baby-peeking-t-shirt-funny-pregnancy-tee-fuer-expecting-mothers\/","og_site_name":"Markt-XXL","article_modified_time":"2023-04-11T02:12:27+00:00","og_image":[{"width":276,"height":500,"url":"https:\/\/m.media-amazon.com\/images\/I\/41uKgHdUIVL._SL500_.jpg","type":"image\/jpeg"}],"twitter_card":"summary_large_image","twitter_misc":{"Gesch\u00e4tzte Lesezeit":"1\u00a0Minute"},"schema":{"@context":"https:\/\/schema.org","@graph":[{"@type":"WebPage","@id":"https:\/\/marktxxl.de\/markt\/produkt\/crazy-dog-t-shirt-maternity-baby-peeking-t-shirt-funny-pregnancy-tee-fuer-expecting-mothers\/","url":"https:\/\/marktxxl.de\/markt\/produkt\/crazy-dog-t-shirt-maternity-baby-peeking-t-shirt-funny-pregnancy-tee-fuer-expecting-mothers\/","name":"Crazy Dog T-Shirt Maternity Baby Peeking T Shirt Funny Pregnancy Tee f\u00fcr Expecting Mothers - Markt-XXL","isPartOf":{"@id":"https:\/\/marktxxl.de\/markt\/#website"},"primaryImageOfPage":{"@id":"https:\/\/marktxxl.de\/markt\/produkt\/crazy-dog-t-shirt-maternity-baby-peeking-t-shirt-funny-pregnancy-tee-fuer-expecting-mothers\/#primaryimage"},"image":{"@id":"https:\/\/marktxxl.de\/markt\/produkt\/crazy-dog-t-shirt-maternity-baby-peeking-t-shirt-funny-pregnancy-tee-fuer-expecting-mothers\/#primaryimage"},"thumbnailUrl":"https:\/\/m.media-amazon.com\/images\/I\/41uKgHdUIVL._SL500_.jpg","datePublished":"2022-07-14T00:41:55+00:00","dateModified":"2023-04-11T02:12:27+00:00","description":"Markt-XXL Crazy Dog T-Shirt Maternity Baby Peeking T Shirt Funny Pregnancy Tee f\u00fcr Expecting Mothers","breadcrumb":{"@id":"https:\/\/marktxxl.de\/markt\/produkt\/crazy-dog-t-shirt-maternity-baby-peeking-t-shirt-funny-pregnancy-tee-fuer-expecting-mothers\/#breadcrumb"},"inLanguage":"de","potentialAction":[{"@type":"ReadAction","target":["https:\/\/marktxxl.de\/markt\/produkt\/crazy-dog-t-shirt-maternity-baby-peeking-t-shirt-funny-pregnancy-tee-fuer-expecting-mothers\/"]}]},{"@type":"ImageObject","inLanguage":"de","@id":"https:\/\/marktxxl.de\/markt\/produkt\/crazy-dog-t-shirt-maternity-baby-peeking-t-shirt-funny-pregnancy-tee-fuer-expecting-mothers\/#primaryimage","url":"https:\/\/m.media-amazon.com\/images\/I\/41uKgHdUIVL._SL500_.jpg","contentUrl":"https:\/\/m.media-amazon.com\/images\/I\/41uKgHdUIVL._SL500_.jpg","width":276,"height":500},{"@type":"BreadcrumbList","@id":"https:\/\/marktxxl.de\/markt\/produkt\/crazy-dog-t-shirt-maternity-baby-peeking-t-shirt-funny-pregnancy-tee-fuer-expecting-mothers\/#breadcrumb","itemListElement":[{"@type":"ListItem","position":1,"name":"Startseite","item":"https:\/\/marktxxl.de\/markt\/"},{"@type":"ListItem","position":2,"name":"Markt","item":"https:\/\/marktxxl.de\/markt\/"},{"@type":"ListItem","position":3,"name":"Crazy Dog T-Shirt Maternity Baby Peeking T Shirt Funny Pregnancy Tee f\u00fcr Expecting Mothers"}]},{"@type":"WebSite","@id":"https:\/\/marktxxl.de\/markt\/#website","url":"https:\/\/marktxxl.de\/markt\/","name":"Markt-XXL","description":"Ihr Markt Online","publisher":{"@id":"https:\/\/marktxxl.de\/markt\/#organization"},"potentialAction":[{"@type":"SearchAction","target":{"@type":"EntryPoint","urlTemplate":"https:\/\/marktxxl.de\/markt\/?s={search_term_string}"},"query-input":{"@type":"PropertyValueSpecification","valueRequired":true,"valueName":"search_term_string"}}],"inLanguage":"de"},{"@type":"Organization","@id":"https:\/\/marktxxl.de\/markt\/#organization","name":"Markt-XXL","url":"https:\/\/marktxxl.de\/markt\/","logo":{"@type":"ImageObject","inLanguage":"de","@id":"https:\/\/marktxxl.de\/markt\/#\/schema\/logo\/image\/","url":"https:\/\/marktxxl.de\/markt\/wp-content\/uploads\/sites\/3\/2020\/12\/logo.png","contentUrl":"https:\/\/marktxxl.de\/markt\/wp-content\/uploads\/sites\/3\/2020\/12\/logo.png","width":200,"height":70,"caption":"Markt-XXL"},"image":{"@id":"https:\/\/marktxxl.de\/markt\/#\/schema\/logo\/image\/"}}]}},"_links":{"self":[{"href":"https:\/\/marktxxl.de\/markt\/wp-json\/wp\/v2\/product\/136801","targetHints":{"allow":["GET"]}}],"collection":[{"href":"https:\/\/marktxxl.de\/markt\/wp-json\/wp\/v2\/product"}],"about":[{"href":"https:\/\/marktxxl.de\/markt\/wp-json\/wp\/v2\/types\/product"}],"replies":[{"embeddable":true,"href":"https:\/\/marktxxl.de\/markt\/wp-json\/wp\/v2\/comments?post=136801"}],"wp:featuredmedia":[{"embeddable":true,"href":"https:\/\/marktxxl.de\/markt\/wp-json\/wp\/v2\/media\/136802"}],"wp:attachment":[{"href":"https:\/\/marktxxl.de\/markt\/wp-json\/wp\/v2\/media?parent=136801"}],"wp:term":[{"taxonomy":"product_brand","embeddable":true,"href":"https:\/\/marktxxl.de\/markt\/wp-json\/wp\/v2\/product_brand?post=136801"},{"taxonomy":"product_cat","embeddable":true,"href":"https:\/\/marktxxl.de\/markt\/wp-json\/wp\/v2\/product_cat?post=136801"},{"taxonomy":"product_tag","embeddable":true,"href":"https:\/\/marktxxl.de\/markt\/wp-json\/wp\/v2\/product_tag?post=136801"}],"curies":[{"name":"wp","href":"https:\/\/api.w.org\/{rel}","templated":true}]}}