{"id":136779,"date":"2022-07-14T02:41:34","date_gmt":"2022-07-14T00:41:34","guid":{"rendered":"https:\/\/marktxxl.de\/markt\/produkt\/glampunch-damen-schwangerschafts-t-shirt-mit-kurzen-aermeln-und-rundhalsausschnitt-plissee-schoesschen\/"},"modified":"2023-04-11T04:12:26","modified_gmt":"2023-04-11T02:12:26","slug":"glampunch-damen-schwangerschafts-t-shirt-mit-kurzen-aermeln-und-rundhalsausschnitt-plissee-schoesschen","status":"publish","type":"product","link":"https:\/\/marktxxl.de\/markt\/produkt\/glampunch-damen-schwangerschafts-t-shirt-mit-kurzen-aermeln-und-rundhalsausschnitt-plissee-schoesschen\/","title":{"rendered":"Glampunch Damen Schwangerschafts-T-Shirt mit kurzen \u00c4rmeln und Rundhalsausschnitt, Plissee-Sch\u00f6\u00dfchen"},"content":{"rendered":"<p>Designmerkmale: Kurzarm und U-Ausschnitt, vorderer plissierter Empire-Taillen-Stil l\u00e4sst Sie schlank aussehen und auff\u00e4lliger die Babybauch auf eine s\u00fc\u00dfe Art und Weise, auch genug Str\u00f6mung, um nicht am Bauch zu kleben und viel Platz zum Wachsen.<br \/>\nAnlass: Speziell entworfen, um einfach aber dennoch bequem zu sein und erg\u00e4nzt durch alle Phasen der Schwangerschaft und perfekt zum Kombinieren mit Hosen, Jeans, Leggings und Shorts. Stilvoll und vielseitig. Dieses Mutterschafts-Shirt ist perfekt f\u00fcr jeden Anlass wie Arbeit, Urlaub, Freunde oder Familienfeiern.<br \/>\nPostpartum: Kann w\u00e4hrend und auch nach der Schwangerschaft getragen werden auch f\u00fcr diejenigen, die nicht einmal preggo eine Gr\u00f6\u00dfe kleiner als \u00fcblich sind.<br \/>\nGr\u00f6\u00dfenmessung: Gr\u00f6\u00dfe passend f\u00fcr Brustumfang (S) 86-89 cm (M) 89-94 cm (L) 96-101,6 cm (XL) 101,6 cm (107-106,7 cm), f\u00fcr eine entspannte Passform, bitte eine Nummer gr\u00f6\u00dfer bestellen.<br \/>\nPflegehinweis: Maschinenwaschbar, Handw\u00e4sche empfohlen. [95 % Rayon, 5 % Spandex, dehnbarer und weicher Stoff]<br \/>\n<div class=\"main-cross-sell\" data-asin=\"B084SDVWBQ\">\n\n\t<div class=\"WooZone-cross-sell-loader\">\n\t\t<div>\n\t\t\t<div id=\"floatingBarsG\">\n\t\t\t\t<div class=\"blockG\" id=\"rotateG_01\"><\/div>\n\t\t\t\t<div class=\"blockG\" id=\"rotateG_02\"><\/div>\n\t\t\t\t<div class=\"blockG\" id=\"rotateG_03\"><\/div>\n\t\t\t\t<div class=\"blockG\" id=\"rotateG_04\"><\/div>\n\t\t\t\t<div class=\"blockG\" id=\"rotateG_05\"><\/div>\n\t\t\t\t<div class=\"blockG\" id=\"rotateG_06\"><\/div>\n\t\t\t\t<div class=\"blockG\" id=\"rotateG_07\"><\/div>\n\t\t\t\t<div class=\"blockG\" id=\"rotateG_08\"><\/div>\n\t\t\t<\/div>\n\t\t\t<div class=\"WooZone-cross-sell-loader-text\"><\/div>\n\t\t<\/div>\n\t<\/div>\n\n\t\t\n<\/div>\n<div style=\"clear:both;\"><\/div><\/p>\n","protected":false},"excerpt":{"rendered":"<p>Designmerkmale: Kurzarm und U-Ausschnitt, vorderer plissierter Empire-Taillen-Stil l\u00e4sst Sie schlank aussehen und auff\u00e4lliger die Babybauch auf eine s\u00fc\u00dfe Art und Weise, auch genug Str\u00f6mung, um nicht am Bauch zu kleben und viel Platz zum Wachsen.<br \/>\nAnlass: Speziell entworfen, um einfach aber dennoch bequem zu sein und erg\u00e4nzt durch alle Phasen der Schwangerschaft und perfekt zum Kombinieren mit Hosen, Jeans, Leggings und Shorts. Stilvoll und vielseitig. Dieses Mutterschafts-Shirt ist perfekt f\u00fcr jeden Anlass wie Arbeit, Urlaub, Freunde oder Familienfeiern.<br \/>\nPostpartum: Kann w\u00e4hrend und auch nach der Schwangerschaft getragen werden auch f\u00fcr diejenigen, die nicht einmal preggo eine Gr\u00f6\u00dfe kleiner als \u00fcblich sind.<\/p>\n","protected":false},"featured_media":136780,"comment_status":"open","ping_status":"closed","template":"","meta":[],"product_brand":[],"product_cat":[21,9478],"product_tag":[],"class_list":{"0":"post-136779","1":"product","2":"type-product","3":"status-publish","4":"has-post-thumbnail","6":"product_cat-baby","7":"product_cat-umstandskleidung-baby","8":"pa_binding-textilien","9":"pa_brand-glampunch","10":"pa_height-0-393700787-zoll","11":"pa_length-11-81102361-zoll","12":"pa_width-7-87401574-zoll","14":"first","15":"instock","16":"shipping-taxable","17":"purchasable","18":"product-type-simple","19":"customify-col","20":"product-has-gallery"},"yoast_head":"<!-- This site is optimized with the Yoast SEO plugin v27.4 - https:\/\/yoast.com\/product\/yoast-seo-wordpress\/ -->\n<title>Glampunch Damen Schwangerschafts-T-Shirt mit kurzen \u00c4rmeln und Rundhalsausschnitt, Plissee-Sch\u00f6\u00dfchen - Markt-XXL<\/title>\n<meta name=\"description\" content=\"Markt-XXL Glampunch Damen Schwangerschafts-T-Shirt mit kurzen \u00c4rmeln und Rundhalsausschnitt, Plissee-Sch\u00f6\u00dfchen\" \/>\n<meta name=\"robots\" content=\"index, follow, max-snippet:-1, max-image-preview:large, max-video-preview:-1\" \/>\n<link rel=\"canonical\" href=\"https:\/\/marktxxl.de\/markt\/produkt\/glampunch-damen-schwangerschafts-t-shirt-mit-kurzen-aermeln-und-rundhalsausschnitt-plissee-schoesschen\/\" \/>\n<meta property=\"og:locale\" content=\"de_DE\" \/>\n<meta property=\"og:type\" content=\"article\" \/>\n<meta property=\"og:title\" content=\"Glampunch Damen Schwangerschafts-T-Shirt mit kurzen \u00c4rmeln und Rundhalsausschnitt, Plissee-Sch\u00f6\u00dfchen - Markt-XXL\" \/>\n<meta property=\"og:description\" content=\"Markt-XXL Glampunch Damen Schwangerschafts-T-Shirt mit kurzen \u00c4rmeln und Rundhalsausschnitt, Plissee-Sch\u00f6\u00dfchen\" \/>\n<meta property=\"og:url\" content=\"https:\/\/marktxxl.de\/markt\/produkt\/glampunch-damen-schwangerschafts-t-shirt-mit-kurzen-aermeln-und-rundhalsausschnitt-plissee-schoesschen\/\" \/>\n<meta property=\"og:site_name\" content=\"Markt-XXL\" \/>\n<meta property=\"article:modified_time\" content=\"2023-04-11T02:12:26+00:00\" \/>\n<meta property=\"og:image\" content=\"https:\/\/m.media-amazon.com\/images\/I\/41BAvP6s2uL._SL500_.jpg\" \/>\n\t<meta property=\"og:image:width\" content=\"400\" \/>\n\t<meta property=\"og:image:height\" content=\"500\" \/>\n\t<meta property=\"og:image:type\" content=\"image\/jpeg\" \/>\n<meta name=\"twitter:card\" content=\"summary_large_image\" \/>\n<meta name=\"twitter:label1\" content=\"Gesch\u00e4tzte Lesezeit\" \/>\n\t<meta name=\"twitter:data1\" content=\"1\u00a0Minute\" \/>\n<script type=\"application\/ld+json\" class=\"yoast-schema-graph\">{\"@context\":\"https:\\\/\\\/schema.org\",\"@graph\":[{\"@type\":\"WebPage\",\"@id\":\"https:\\\/\\\/marktxxl.de\\\/markt\\\/produkt\\\/glampunch-damen-schwangerschafts-t-shirt-mit-kurzen-aermeln-und-rundhalsausschnitt-plissee-schoesschen\\\/\",\"url\":\"https:\\\/\\\/marktxxl.de\\\/markt\\\/produkt\\\/glampunch-damen-schwangerschafts-t-shirt-mit-kurzen-aermeln-und-rundhalsausschnitt-plissee-schoesschen\\\/\",\"name\":\"Glampunch Damen Schwangerschafts-T-Shirt mit kurzen \u00c4rmeln und Rundhalsausschnitt, Plissee-Sch\u00f6\u00dfchen - Markt-XXL\",\"isPartOf\":{\"@id\":\"https:\\\/\\\/marktxxl.de\\\/markt\\\/#website\"},\"primaryImageOfPage\":{\"@id\":\"https:\\\/\\\/marktxxl.de\\\/markt\\\/produkt\\\/glampunch-damen-schwangerschafts-t-shirt-mit-kurzen-aermeln-und-rundhalsausschnitt-plissee-schoesschen\\\/#primaryimage\"},\"image\":{\"@id\":\"https:\\\/\\\/marktxxl.de\\\/markt\\\/produkt\\\/glampunch-damen-schwangerschafts-t-shirt-mit-kurzen-aermeln-und-rundhalsausschnitt-plissee-schoesschen\\\/#primaryimage\"},\"thumbnailUrl\":\"https:\\\/\\\/m.media-amazon.com\\\/images\\\/I\\\/41BAvP6s2uL._SL500_.jpg\",\"datePublished\":\"2022-07-14T00:41:34+00:00\",\"dateModified\":\"2023-04-11T02:12:26+00:00\",\"description\":\"Markt-XXL Glampunch Damen Schwangerschafts-T-Shirt mit kurzen \u00c4rmeln und Rundhalsausschnitt, Plissee-Sch\u00f6\u00dfchen\",\"breadcrumb\":{\"@id\":\"https:\\\/\\\/marktxxl.de\\\/markt\\\/produkt\\\/glampunch-damen-schwangerschafts-t-shirt-mit-kurzen-aermeln-und-rundhalsausschnitt-plissee-schoesschen\\\/#breadcrumb\"},\"inLanguage\":\"de\",\"potentialAction\":[{\"@type\":\"ReadAction\",\"target\":[\"https:\\\/\\\/marktxxl.de\\\/markt\\\/produkt\\\/glampunch-damen-schwangerschafts-t-shirt-mit-kurzen-aermeln-und-rundhalsausschnitt-plissee-schoesschen\\\/\"]}]},{\"@type\":\"ImageObject\",\"inLanguage\":\"de\",\"@id\":\"https:\\\/\\\/marktxxl.de\\\/markt\\\/produkt\\\/glampunch-damen-schwangerschafts-t-shirt-mit-kurzen-aermeln-und-rundhalsausschnitt-plissee-schoesschen\\\/#primaryimage\",\"url\":\"https:\\\/\\\/m.media-amazon.com\\\/images\\\/I\\\/41BAvP6s2uL._SL500_.jpg\",\"contentUrl\":\"https:\\\/\\\/m.media-amazon.com\\\/images\\\/I\\\/41BAvP6s2uL._SL500_.jpg\",\"width\":400,\"height\":500},{\"@type\":\"BreadcrumbList\",\"@id\":\"https:\\\/\\\/marktxxl.de\\\/markt\\\/produkt\\\/glampunch-damen-schwangerschafts-t-shirt-mit-kurzen-aermeln-und-rundhalsausschnitt-plissee-schoesschen\\\/#breadcrumb\",\"itemListElement\":[{\"@type\":\"ListItem\",\"position\":1,\"name\":\"Startseite\",\"item\":\"https:\\\/\\\/marktxxl.de\\\/markt\\\/\"},{\"@type\":\"ListItem\",\"position\":2,\"name\":\"Markt\",\"item\":\"https:\\\/\\\/marktxxl.de\\\/markt\\\/\"},{\"@type\":\"ListItem\",\"position\":3,\"name\":\"Glampunch Damen Schwangerschafts-T-Shirt mit kurzen \u00c4rmeln und Rundhalsausschnitt, Plissee-Sch\u00f6\u00dfchen\"}]},{\"@type\":\"WebSite\",\"@id\":\"https:\\\/\\\/marktxxl.de\\\/markt\\\/#website\",\"url\":\"https:\\\/\\\/marktxxl.de\\\/markt\\\/\",\"name\":\"Markt-XXL\",\"description\":\"Ihr Markt Online\",\"publisher\":{\"@id\":\"https:\\\/\\\/marktxxl.de\\\/markt\\\/#organization\"},\"potentialAction\":[{\"@type\":\"SearchAction\",\"target\":{\"@type\":\"EntryPoint\",\"urlTemplate\":\"https:\\\/\\\/marktxxl.de\\\/markt\\\/?s={search_term_string}\"},\"query-input\":{\"@type\":\"PropertyValueSpecification\",\"valueRequired\":true,\"valueName\":\"search_term_string\"}}],\"inLanguage\":\"de\"},{\"@type\":\"Organization\",\"@id\":\"https:\\\/\\\/marktxxl.de\\\/markt\\\/#organization\",\"name\":\"Markt-XXL\",\"url\":\"https:\\\/\\\/marktxxl.de\\\/markt\\\/\",\"logo\":{\"@type\":\"ImageObject\",\"inLanguage\":\"de\",\"@id\":\"https:\\\/\\\/marktxxl.de\\\/markt\\\/#\\\/schema\\\/logo\\\/image\\\/\",\"url\":\"https:\\\/\\\/marktxxl.de\\\/markt\\\/wp-content\\\/uploads\\\/sites\\\/3\\\/2020\\\/12\\\/logo.png\",\"contentUrl\":\"https:\\\/\\\/marktxxl.de\\\/markt\\\/wp-content\\\/uploads\\\/sites\\\/3\\\/2020\\\/12\\\/logo.png\",\"width\":200,\"height\":70,\"caption\":\"Markt-XXL\"},\"image\":{\"@id\":\"https:\\\/\\\/marktxxl.de\\\/markt\\\/#\\\/schema\\\/logo\\\/image\\\/\"}}]}<\/script>\n<!-- \/ Yoast SEO plugin. -->","yoast_head_json":{"title":"Glampunch Damen Schwangerschafts-T-Shirt mit kurzen \u00c4rmeln und Rundhalsausschnitt, Plissee-Sch\u00f6\u00dfchen - Markt-XXL","description":"Markt-XXL Glampunch Damen Schwangerschafts-T-Shirt mit kurzen \u00c4rmeln und Rundhalsausschnitt, Plissee-Sch\u00f6\u00dfchen","robots":{"index":"index","follow":"follow","max-snippet":"max-snippet:-1","max-image-preview":"max-image-preview:large","max-video-preview":"max-video-preview:-1"},"canonical":"https:\/\/marktxxl.de\/markt\/produkt\/glampunch-damen-schwangerschafts-t-shirt-mit-kurzen-aermeln-und-rundhalsausschnitt-plissee-schoesschen\/","og_locale":"de_DE","og_type":"article","og_title":"Glampunch Damen Schwangerschafts-T-Shirt mit kurzen \u00c4rmeln und Rundhalsausschnitt, Plissee-Sch\u00f6\u00dfchen - Markt-XXL","og_description":"Markt-XXL Glampunch Damen Schwangerschafts-T-Shirt mit kurzen \u00c4rmeln und Rundhalsausschnitt, Plissee-Sch\u00f6\u00dfchen","og_url":"https:\/\/marktxxl.de\/markt\/produkt\/glampunch-damen-schwangerschafts-t-shirt-mit-kurzen-aermeln-und-rundhalsausschnitt-plissee-schoesschen\/","og_site_name":"Markt-XXL","article_modified_time":"2023-04-11T02:12:26+00:00","og_image":[{"width":400,"height":500,"url":"https:\/\/m.media-amazon.com\/images\/I\/41BAvP6s2uL._SL500_.jpg","type":"image\/jpeg"}],"twitter_card":"summary_large_image","twitter_misc":{"Gesch\u00e4tzte Lesezeit":"1\u00a0Minute"},"schema":{"@context":"https:\/\/schema.org","@graph":[{"@type":"WebPage","@id":"https:\/\/marktxxl.de\/markt\/produkt\/glampunch-damen-schwangerschafts-t-shirt-mit-kurzen-aermeln-und-rundhalsausschnitt-plissee-schoesschen\/","url":"https:\/\/marktxxl.de\/markt\/produkt\/glampunch-damen-schwangerschafts-t-shirt-mit-kurzen-aermeln-und-rundhalsausschnitt-plissee-schoesschen\/","name":"Glampunch Damen Schwangerschafts-T-Shirt mit kurzen \u00c4rmeln und Rundhalsausschnitt, Plissee-Sch\u00f6\u00dfchen - Markt-XXL","isPartOf":{"@id":"https:\/\/marktxxl.de\/markt\/#website"},"primaryImageOfPage":{"@id":"https:\/\/marktxxl.de\/markt\/produkt\/glampunch-damen-schwangerschafts-t-shirt-mit-kurzen-aermeln-und-rundhalsausschnitt-plissee-schoesschen\/#primaryimage"},"image":{"@id":"https:\/\/marktxxl.de\/markt\/produkt\/glampunch-damen-schwangerschafts-t-shirt-mit-kurzen-aermeln-und-rundhalsausschnitt-plissee-schoesschen\/#primaryimage"},"thumbnailUrl":"https:\/\/m.media-amazon.com\/images\/I\/41BAvP6s2uL._SL500_.jpg","datePublished":"2022-07-14T00:41:34+00:00","dateModified":"2023-04-11T02:12:26+00:00","description":"Markt-XXL Glampunch Damen Schwangerschafts-T-Shirt mit kurzen \u00c4rmeln und Rundhalsausschnitt, Plissee-Sch\u00f6\u00dfchen","breadcrumb":{"@id":"https:\/\/marktxxl.de\/markt\/produkt\/glampunch-damen-schwangerschafts-t-shirt-mit-kurzen-aermeln-und-rundhalsausschnitt-plissee-schoesschen\/#breadcrumb"},"inLanguage":"de","potentialAction":[{"@type":"ReadAction","target":["https:\/\/marktxxl.de\/markt\/produkt\/glampunch-damen-schwangerschafts-t-shirt-mit-kurzen-aermeln-und-rundhalsausschnitt-plissee-schoesschen\/"]}]},{"@type":"ImageObject","inLanguage":"de","@id":"https:\/\/marktxxl.de\/markt\/produkt\/glampunch-damen-schwangerschafts-t-shirt-mit-kurzen-aermeln-und-rundhalsausschnitt-plissee-schoesschen\/#primaryimage","url":"https:\/\/m.media-amazon.com\/images\/I\/41BAvP6s2uL._SL500_.jpg","contentUrl":"https:\/\/m.media-amazon.com\/images\/I\/41BAvP6s2uL._SL500_.jpg","width":400,"height":500},{"@type":"BreadcrumbList","@id":"https:\/\/marktxxl.de\/markt\/produkt\/glampunch-damen-schwangerschafts-t-shirt-mit-kurzen-aermeln-und-rundhalsausschnitt-plissee-schoesschen\/#breadcrumb","itemListElement":[{"@type":"ListItem","position":1,"name":"Startseite","item":"https:\/\/marktxxl.de\/markt\/"},{"@type":"ListItem","position":2,"name":"Markt","item":"https:\/\/marktxxl.de\/markt\/"},{"@type":"ListItem","position":3,"name":"Glampunch Damen Schwangerschafts-T-Shirt mit kurzen \u00c4rmeln und Rundhalsausschnitt, Plissee-Sch\u00f6\u00dfchen"}]},{"@type":"WebSite","@id":"https:\/\/marktxxl.de\/markt\/#website","url":"https:\/\/marktxxl.de\/markt\/","name":"Markt-XXL","description":"Ihr Markt Online","publisher":{"@id":"https:\/\/marktxxl.de\/markt\/#organization"},"potentialAction":[{"@type":"SearchAction","target":{"@type":"EntryPoint","urlTemplate":"https:\/\/marktxxl.de\/markt\/?s={search_term_string}"},"query-input":{"@type":"PropertyValueSpecification","valueRequired":true,"valueName":"search_term_string"}}],"inLanguage":"de"},{"@type":"Organization","@id":"https:\/\/marktxxl.de\/markt\/#organization","name":"Markt-XXL","url":"https:\/\/marktxxl.de\/markt\/","logo":{"@type":"ImageObject","inLanguage":"de","@id":"https:\/\/marktxxl.de\/markt\/#\/schema\/logo\/image\/","url":"https:\/\/marktxxl.de\/markt\/wp-content\/uploads\/sites\/3\/2020\/12\/logo.png","contentUrl":"https:\/\/marktxxl.de\/markt\/wp-content\/uploads\/sites\/3\/2020\/12\/logo.png","width":200,"height":70,"caption":"Markt-XXL"},"image":{"@id":"https:\/\/marktxxl.de\/markt\/#\/schema\/logo\/image\/"}}]}},"_links":{"self":[{"href":"https:\/\/marktxxl.de\/markt\/wp-json\/wp\/v2\/product\/136779","targetHints":{"allow":["GET"]}}],"collection":[{"href":"https:\/\/marktxxl.de\/markt\/wp-json\/wp\/v2\/product"}],"about":[{"href":"https:\/\/marktxxl.de\/markt\/wp-json\/wp\/v2\/types\/product"}],"replies":[{"embeddable":true,"href":"https:\/\/marktxxl.de\/markt\/wp-json\/wp\/v2\/comments?post=136779"}],"wp:featuredmedia":[{"embeddable":true,"href":"https:\/\/marktxxl.de\/markt\/wp-json\/wp\/v2\/media\/136780"}],"wp:attachment":[{"href":"https:\/\/marktxxl.de\/markt\/wp-json\/wp\/v2\/media?parent=136779"}],"wp:term":[{"taxonomy":"product_brand","embeddable":true,"href":"https:\/\/marktxxl.de\/markt\/wp-json\/wp\/v2\/product_brand?post=136779"},{"taxonomy":"product_cat","embeddable":true,"href":"https:\/\/marktxxl.de\/markt\/wp-json\/wp\/v2\/product_cat?post=136779"},{"taxonomy":"product_tag","embeddable":true,"href":"https:\/\/marktxxl.de\/markt\/wp-json\/wp\/v2\/product_tag?post=136779"}],"curies":[{"name":"wp","href":"https:\/\/api.w.org\/{rel}","templated":true}]}}