{"id":136771,"date":"2022-07-14T02:41:28","date_gmt":"2022-07-14T00:41:28","guid":{"rendered":"https:\/\/marktxxl.de\/markt\/produkt\/rnxrbb-damen-umstandsshirts-sommer-tops-schwangerschaft-kleidung-kurzarm-v-ausschnitt-3er-pack-t-shirt\/"},"modified":"2023-04-11T04:12:26","modified_gmt":"2023-04-11T02:12:26","slug":"rnxrbb-damen-umstandsshirts-sommer-tops-schwangerschaft-kleidung-kurzarm-v-ausschnitt-3er-pack-t-shirt","status":"publish","type":"product","link":"https:\/\/marktxxl.de\/markt\/produkt\/rnxrbb-damen-umstandsshirts-sommer-tops-schwangerschaft-kleidung-kurzarm-v-ausschnitt-3er-pack-t-shirt\/","title":{"rendered":"Rnxrbb Sommer-Umstands-T-Shirt, Kleidung, kurz\u00e4rmelig, Umstands-Tops f\u00fcr schwangere Frauen, Workout-T-Shirt"},"content":{"rendered":"<p>Gr\u00f6\u00dfe f\u00fcr Brustumfang: S 86,1\u201391,9 cm, M 85,3\u201399,1 cm, L 100,1\u2013105,9 cm, XL 106,9\u2013113 cm, XXL 114\u2013119,9 cm. Bewahren Sie Ihre \u00fcbliche Gr\u00f6\u00dfe auf.<br \/>\nUmstandsshirts mit Basicmodell, der weiche und atmungsaktive Stoff bringt eine angenehme Stimmung f\u00fcr schwangere Frauen.<br \/>\nDie Umstands-T-Shirts sind aus hochelastischem Stoff und seitlich gerafftem Design und bieten mehr Platz f\u00fcr den Bauch, um Ihren Bauch zu wachsen und Ihren Bauch zu bedecken.<br \/>\nVordertaschen-Dekoration, klassisch und einfach, modisch, V-Ausschnitt, Sommer-Umstands-Top, kann l\u00e4ssig mit Jeans, Leggings oder Shorts f\u00fcr Outdoor-Aktivit\u00e4ten, zum Faulenzen zu Hause und f\u00fcr den t\u00e4glichen Gebrauch getragen werden.<br \/>\nSERVICE\u2014Wir hoffen, dass Sie RNXRBB Kleidung lieben. Aber wenn Sie irgendwelche Probleme haben oder Fragen zu einem Produkt haben, wenden Sie sich bitte an unseren Kundenservice, damit wir die Dinge richtig machen k\u00f6nnen.<br \/>\n<div class=\"main-cross-sell\" data-asin=\"B07P97HGSS\">\n\n\t<div class=\"WooZone-cross-sell-loader\">\n\t\t<div>\n\t\t\t<div id=\"floatingBarsG\">\n\t\t\t\t<div class=\"blockG\" id=\"rotateG_01\"><\/div>\n\t\t\t\t<div class=\"blockG\" id=\"rotateG_02\"><\/div>\n\t\t\t\t<div class=\"blockG\" id=\"rotateG_03\"><\/div>\n\t\t\t\t<div class=\"blockG\" id=\"rotateG_04\"><\/div>\n\t\t\t\t<div class=\"blockG\" id=\"rotateG_05\"><\/div>\n\t\t\t\t<div class=\"blockG\" id=\"rotateG_06\"><\/div>\n\t\t\t\t<div class=\"blockG\" id=\"rotateG_07\"><\/div>\n\t\t\t\t<div class=\"blockG\" id=\"rotateG_08\"><\/div>\n\t\t\t<\/div>\n\t\t\t<div class=\"WooZone-cross-sell-loader-text\"><\/div>\n\t\t<\/div>\n\t<\/div>\n\n\t\t\n<\/div>\n<div style=\"clear:both;\"><\/div><\/p>\n","protected":false},"excerpt":{"rendered":"<p>Gr\u00f6\u00dfe f\u00fcr Brustumfang: S 86,1\u201391,9 cm, M 85,3\u201399,1 cm, L 100,1\u2013105,9 cm, XL 106,9\u2013113 cm, XXL 114\u2013119,9 cm. Bewahren Sie Ihre \u00fcbliche Gr\u00f6\u00dfe auf.<br \/>\nUmstandsshirts mit Basicmodell, der weiche und atmungsaktive Stoff bringt eine angenehme Stimmung f\u00fcr schwangere Frauen.<br \/>\nDie Umstands-T-Shirts sind aus hochelastischem Stoff und seitlich gerafftem Design und bieten mehr Platz f\u00fcr den Bauch, um Ihren Bauch zu wachsen und Ihren Bauch zu bedecken.<\/p>\n","protected":false},"featured_media":136772,"comment_status":"open","ping_status":"closed","template":"","meta":[],"product_brand":[],"product_cat":[21,9478],"product_tag":[],"class_list":{"0":"post-136771","1":"product","2":"type-product","3":"status-publish","4":"has-post-thumbnail","6":"product_cat-baby","7":"product_cat-umstandskleidung-baby","8":"pa_binding-textilien","9":"pa_brand-rnxrbb","11":"first","12":"instock","13":"shipping-taxable","14":"purchasable","15":"product-type-simple","16":"customify-col","17":"product-has-gallery"},"yoast_head":"<!-- This site is optimized with the Yoast SEO plugin v27.4 - https:\/\/yoast.com\/product\/yoast-seo-wordpress\/ -->\n<title>Rnxrbb Sommer-Umstands-T-Shirt, Kleidung, kurz\u00e4rmelig, Umstands-Tops f\u00fcr schwangere Frauen, Workout-T-Shirt - Markt-XXL<\/title>\n<meta name=\"description\" content=\"Markt-XXL Rnxrbb Sommer-Umstands-T-Shirt, Kleidung, kurz\u00e4rmelig, Umstands-Tops f\u00fcr schwangere Frauen, Workout-T-Shirt\" \/>\n<meta name=\"robots\" content=\"index, follow, max-snippet:-1, max-image-preview:large, max-video-preview:-1\" \/>\n<link rel=\"canonical\" href=\"https:\/\/marktxxl.de\/markt\/produkt\/rnxrbb-damen-umstandsshirts-sommer-tops-schwangerschaft-kleidung-kurzarm-v-ausschnitt-3er-pack-t-shirt\/\" \/>\n<meta property=\"og:locale\" content=\"de_DE\" \/>\n<meta property=\"og:type\" content=\"article\" \/>\n<meta property=\"og:title\" content=\"Rnxrbb Sommer-Umstands-T-Shirt, Kleidung, kurz\u00e4rmelig, Umstands-Tops f\u00fcr schwangere Frauen, Workout-T-Shirt - Markt-XXL\" \/>\n<meta property=\"og:description\" content=\"Markt-XXL Rnxrbb Sommer-Umstands-T-Shirt, Kleidung, kurz\u00e4rmelig, Umstands-Tops f\u00fcr schwangere Frauen, Workout-T-Shirt\" \/>\n<meta property=\"og:url\" content=\"https:\/\/marktxxl.de\/markt\/produkt\/rnxrbb-damen-umstandsshirts-sommer-tops-schwangerschaft-kleidung-kurzarm-v-ausschnitt-3er-pack-t-shirt\/\" \/>\n<meta property=\"og:site_name\" content=\"Markt-XXL\" \/>\n<meta property=\"article:modified_time\" content=\"2023-04-11T02:12:26+00:00\" \/>\n<meta property=\"og:image\" content=\"https:\/\/m.media-amazon.com\/images\/I\/413eLXzogmL._SL500_.jpg\" \/>\n\t<meta property=\"og:image:width\" content=\"500\" \/>\n\t<meta property=\"og:image:height\" content=\"500\" \/>\n\t<meta property=\"og:image:type\" content=\"image\/jpeg\" \/>\n<meta name=\"twitter:card\" content=\"summary_large_image\" \/>\n<meta name=\"twitter:label1\" content=\"Gesch\u00e4tzte Lesezeit\" \/>\n\t<meta name=\"twitter:data1\" content=\"1\u00a0Minute\" \/>\n<script type=\"application\/ld+json\" class=\"yoast-schema-graph\">{\"@context\":\"https:\\\/\\\/schema.org\",\"@graph\":[{\"@type\":\"WebPage\",\"@id\":\"https:\\\/\\\/marktxxl.de\\\/markt\\\/produkt\\\/rnxrbb-damen-umstandsshirts-sommer-tops-schwangerschaft-kleidung-kurzarm-v-ausschnitt-3er-pack-t-shirt\\\/\",\"url\":\"https:\\\/\\\/marktxxl.de\\\/markt\\\/produkt\\\/rnxrbb-damen-umstandsshirts-sommer-tops-schwangerschaft-kleidung-kurzarm-v-ausschnitt-3er-pack-t-shirt\\\/\",\"name\":\"Rnxrbb Sommer-Umstands-T-Shirt, Kleidung, kurz\u00e4rmelig, Umstands-Tops f\u00fcr schwangere Frauen, Workout-T-Shirt - Markt-XXL\",\"isPartOf\":{\"@id\":\"https:\\\/\\\/marktxxl.de\\\/markt\\\/#website\"},\"primaryImageOfPage\":{\"@id\":\"https:\\\/\\\/marktxxl.de\\\/markt\\\/produkt\\\/rnxrbb-damen-umstandsshirts-sommer-tops-schwangerschaft-kleidung-kurzarm-v-ausschnitt-3er-pack-t-shirt\\\/#primaryimage\"},\"image\":{\"@id\":\"https:\\\/\\\/marktxxl.de\\\/markt\\\/produkt\\\/rnxrbb-damen-umstandsshirts-sommer-tops-schwangerschaft-kleidung-kurzarm-v-ausschnitt-3er-pack-t-shirt\\\/#primaryimage\"},\"thumbnailUrl\":\"https:\\\/\\\/m.media-amazon.com\\\/images\\\/I\\\/413eLXzogmL._SL500_.jpg\",\"datePublished\":\"2022-07-14T00:41:28+00:00\",\"dateModified\":\"2023-04-11T02:12:26+00:00\",\"description\":\"Markt-XXL Rnxrbb Sommer-Umstands-T-Shirt, Kleidung, kurz\u00e4rmelig, Umstands-Tops f\u00fcr schwangere Frauen, Workout-T-Shirt\",\"breadcrumb\":{\"@id\":\"https:\\\/\\\/marktxxl.de\\\/markt\\\/produkt\\\/rnxrbb-damen-umstandsshirts-sommer-tops-schwangerschaft-kleidung-kurzarm-v-ausschnitt-3er-pack-t-shirt\\\/#breadcrumb\"},\"inLanguage\":\"de\",\"potentialAction\":[{\"@type\":\"ReadAction\",\"target\":[\"https:\\\/\\\/marktxxl.de\\\/markt\\\/produkt\\\/rnxrbb-damen-umstandsshirts-sommer-tops-schwangerschaft-kleidung-kurzarm-v-ausschnitt-3er-pack-t-shirt\\\/\"]}]},{\"@type\":\"ImageObject\",\"inLanguage\":\"de\",\"@id\":\"https:\\\/\\\/marktxxl.de\\\/markt\\\/produkt\\\/rnxrbb-damen-umstandsshirts-sommer-tops-schwangerschaft-kleidung-kurzarm-v-ausschnitt-3er-pack-t-shirt\\\/#primaryimage\",\"url\":\"https:\\\/\\\/m.media-amazon.com\\\/images\\\/I\\\/413eLXzogmL._SL500_.jpg\",\"contentUrl\":\"https:\\\/\\\/m.media-amazon.com\\\/images\\\/I\\\/413eLXzogmL._SL500_.jpg\",\"width\":500,\"height\":500},{\"@type\":\"BreadcrumbList\",\"@id\":\"https:\\\/\\\/marktxxl.de\\\/markt\\\/produkt\\\/rnxrbb-damen-umstandsshirts-sommer-tops-schwangerschaft-kleidung-kurzarm-v-ausschnitt-3er-pack-t-shirt\\\/#breadcrumb\",\"itemListElement\":[{\"@type\":\"ListItem\",\"position\":1,\"name\":\"Startseite\",\"item\":\"https:\\\/\\\/marktxxl.de\\\/markt\\\/\"},{\"@type\":\"ListItem\",\"position\":2,\"name\":\"Markt\",\"item\":\"https:\\\/\\\/marktxxl.de\\\/markt\\\/\"},{\"@type\":\"ListItem\",\"position\":3,\"name\":\"Rnxrbb Sommer-Umstands-T-Shirt, Kleidung, kurz\u00e4rmelig, Umstands-Tops f\u00fcr schwangere Frauen, Workout-T-Shirt\"}]},{\"@type\":\"WebSite\",\"@id\":\"https:\\\/\\\/marktxxl.de\\\/markt\\\/#website\",\"url\":\"https:\\\/\\\/marktxxl.de\\\/markt\\\/\",\"name\":\"Markt-XXL\",\"description\":\"Ihr Markt Online\",\"publisher\":{\"@id\":\"https:\\\/\\\/marktxxl.de\\\/markt\\\/#organization\"},\"potentialAction\":[{\"@type\":\"SearchAction\",\"target\":{\"@type\":\"EntryPoint\",\"urlTemplate\":\"https:\\\/\\\/marktxxl.de\\\/markt\\\/?s={search_term_string}\"},\"query-input\":{\"@type\":\"PropertyValueSpecification\",\"valueRequired\":true,\"valueName\":\"search_term_string\"}}],\"inLanguage\":\"de\"},{\"@type\":\"Organization\",\"@id\":\"https:\\\/\\\/marktxxl.de\\\/markt\\\/#organization\",\"name\":\"Markt-XXL\",\"url\":\"https:\\\/\\\/marktxxl.de\\\/markt\\\/\",\"logo\":{\"@type\":\"ImageObject\",\"inLanguage\":\"de\",\"@id\":\"https:\\\/\\\/marktxxl.de\\\/markt\\\/#\\\/schema\\\/logo\\\/image\\\/\",\"url\":\"https:\\\/\\\/marktxxl.de\\\/markt\\\/wp-content\\\/uploads\\\/sites\\\/3\\\/2020\\\/12\\\/logo.png\",\"contentUrl\":\"https:\\\/\\\/marktxxl.de\\\/markt\\\/wp-content\\\/uploads\\\/sites\\\/3\\\/2020\\\/12\\\/logo.png\",\"width\":200,\"height\":70,\"caption\":\"Markt-XXL\"},\"image\":{\"@id\":\"https:\\\/\\\/marktxxl.de\\\/markt\\\/#\\\/schema\\\/logo\\\/image\\\/\"}}]}<\/script>\n<!-- \/ Yoast SEO plugin. -->","yoast_head_json":{"title":"Rnxrbb Sommer-Umstands-T-Shirt, Kleidung, kurz\u00e4rmelig, Umstands-Tops f\u00fcr schwangere Frauen, Workout-T-Shirt - Markt-XXL","description":"Markt-XXL Rnxrbb Sommer-Umstands-T-Shirt, Kleidung, kurz\u00e4rmelig, Umstands-Tops f\u00fcr schwangere Frauen, Workout-T-Shirt","robots":{"index":"index","follow":"follow","max-snippet":"max-snippet:-1","max-image-preview":"max-image-preview:large","max-video-preview":"max-video-preview:-1"},"canonical":"https:\/\/marktxxl.de\/markt\/produkt\/rnxrbb-damen-umstandsshirts-sommer-tops-schwangerschaft-kleidung-kurzarm-v-ausschnitt-3er-pack-t-shirt\/","og_locale":"de_DE","og_type":"article","og_title":"Rnxrbb Sommer-Umstands-T-Shirt, Kleidung, kurz\u00e4rmelig, Umstands-Tops f\u00fcr schwangere Frauen, Workout-T-Shirt - Markt-XXL","og_description":"Markt-XXL Rnxrbb Sommer-Umstands-T-Shirt, Kleidung, kurz\u00e4rmelig, Umstands-Tops f\u00fcr schwangere Frauen, Workout-T-Shirt","og_url":"https:\/\/marktxxl.de\/markt\/produkt\/rnxrbb-damen-umstandsshirts-sommer-tops-schwangerschaft-kleidung-kurzarm-v-ausschnitt-3er-pack-t-shirt\/","og_site_name":"Markt-XXL","article_modified_time":"2023-04-11T02:12:26+00:00","og_image":[{"width":500,"height":500,"url":"https:\/\/m.media-amazon.com\/images\/I\/413eLXzogmL._SL500_.jpg","type":"image\/jpeg"}],"twitter_card":"summary_large_image","twitter_misc":{"Gesch\u00e4tzte Lesezeit":"1\u00a0Minute"},"schema":{"@context":"https:\/\/schema.org","@graph":[{"@type":"WebPage","@id":"https:\/\/marktxxl.de\/markt\/produkt\/rnxrbb-damen-umstandsshirts-sommer-tops-schwangerschaft-kleidung-kurzarm-v-ausschnitt-3er-pack-t-shirt\/","url":"https:\/\/marktxxl.de\/markt\/produkt\/rnxrbb-damen-umstandsshirts-sommer-tops-schwangerschaft-kleidung-kurzarm-v-ausschnitt-3er-pack-t-shirt\/","name":"Rnxrbb Sommer-Umstands-T-Shirt, Kleidung, kurz\u00e4rmelig, Umstands-Tops f\u00fcr schwangere Frauen, Workout-T-Shirt - Markt-XXL","isPartOf":{"@id":"https:\/\/marktxxl.de\/markt\/#website"},"primaryImageOfPage":{"@id":"https:\/\/marktxxl.de\/markt\/produkt\/rnxrbb-damen-umstandsshirts-sommer-tops-schwangerschaft-kleidung-kurzarm-v-ausschnitt-3er-pack-t-shirt\/#primaryimage"},"image":{"@id":"https:\/\/marktxxl.de\/markt\/produkt\/rnxrbb-damen-umstandsshirts-sommer-tops-schwangerschaft-kleidung-kurzarm-v-ausschnitt-3er-pack-t-shirt\/#primaryimage"},"thumbnailUrl":"https:\/\/m.media-amazon.com\/images\/I\/413eLXzogmL._SL500_.jpg","datePublished":"2022-07-14T00:41:28+00:00","dateModified":"2023-04-11T02:12:26+00:00","description":"Markt-XXL Rnxrbb Sommer-Umstands-T-Shirt, Kleidung, kurz\u00e4rmelig, Umstands-Tops f\u00fcr schwangere Frauen, Workout-T-Shirt","breadcrumb":{"@id":"https:\/\/marktxxl.de\/markt\/produkt\/rnxrbb-damen-umstandsshirts-sommer-tops-schwangerschaft-kleidung-kurzarm-v-ausschnitt-3er-pack-t-shirt\/#breadcrumb"},"inLanguage":"de","potentialAction":[{"@type":"ReadAction","target":["https:\/\/marktxxl.de\/markt\/produkt\/rnxrbb-damen-umstandsshirts-sommer-tops-schwangerschaft-kleidung-kurzarm-v-ausschnitt-3er-pack-t-shirt\/"]}]},{"@type":"ImageObject","inLanguage":"de","@id":"https:\/\/marktxxl.de\/markt\/produkt\/rnxrbb-damen-umstandsshirts-sommer-tops-schwangerschaft-kleidung-kurzarm-v-ausschnitt-3er-pack-t-shirt\/#primaryimage","url":"https:\/\/m.media-amazon.com\/images\/I\/413eLXzogmL._SL500_.jpg","contentUrl":"https:\/\/m.media-amazon.com\/images\/I\/413eLXzogmL._SL500_.jpg","width":500,"height":500},{"@type":"BreadcrumbList","@id":"https:\/\/marktxxl.de\/markt\/produkt\/rnxrbb-damen-umstandsshirts-sommer-tops-schwangerschaft-kleidung-kurzarm-v-ausschnitt-3er-pack-t-shirt\/#breadcrumb","itemListElement":[{"@type":"ListItem","position":1,"name":"Startseite","item":"https:\/\/marktxxl.de\/markt\/"},{"@type":"ListItem","position":2,"name":"Markt","item":"https:\/\/marktxxl.de\/markt\/"},{"@type":"ListItem","position":3,"name":"Rnxrbb Sommer-Umstands-T-Shirt, Kleidung, kurz\u00e4rmelig, Umstands-Tops f\u00fcr schwangere Frauen, Workout-T-Shirt"}]},{"@type":"WebSite","@id":"https:\/\/marktxxl.de\/markt\/#website","url":"https:\/\/marktxxl.de\/markt\/","name":"Markt-XXL","description":"Ihr Markt Online","publisher":{"@id":"https:\/\/marktxxl.de\/markt\/#organization"},"potentialAction":[{"@type":"SearchAction","target":{"@type":"EntryPoint","urlTemplate":"https:\/\/marktxxl.de\/markt\/?s={search_term_string}"},"query-input":{"@type":"PropertyValueSpecification","valueRequired":true,"valueName":"search_term_string"}}],"inLanguage":"de"},{"@type":"Organization","@id":"https:\/\/marktxxl.de\/markt\/#organization","name":"Markt-XXL","url":"https:\/\/marktxxl.de\/markt\/","logo":{"@type":"ImageObject","inLanguage":"de","@id":"https:\/\/marktxxl.de\/markt\/#\/schema\/logo\/image\/","url":"https:\/\/marktxxl.de\/markt\/wp-content\/uploads\/sites\/3\/2020\/12\/logo.png","contentUrl":"https:\/\/marktxxl.de\/markt\/wp-content\/uploads\/sites\/3\/2020\/12\/logo.png","width":200,"height":70,"caption":"Markt-XXL"},"image":{"@id":"https:\/\/marktxxl.de\/markt\/#\/schema\/logo\/image\/"}}]}},"_links":{"self":[{"href":"https:\/\/marktxxl.de\/markt\/wp-json\/wp\/v2\/product\/136771","targetHints":{"allow":["GET"]}}],"collection":[{"href":"https:\/\/marktxxl.de\/markt\/wp-json\/wp\/v2\/product"}],"about":[{"href":"https:\/\/marktxxl.de\/markt\/wp-json\/wp\/v2\/types\/product"}],"replies":[{"embeddable":true,"href":"https:\/\/marktxxl.de\/markt\/wp-json\/wp\/v2\/comments?post=136771"}],"wp:featuredmedia":[{"embeddable":true,"href":"https:\/\/marktxxl.de\/markt\/wp-json\/wp\/v2\/media\/136772"}],"wp:attachment":[{"href":"https:\/\/marktxxl.de\/markt\/wp-json\/wp\/v2\/media?parent=136771"}],"wp:term":[{"taxonomy":"product_brand","embeddable":true,"href":"https:\/\/marktxxl.de\/markt\/wp-json\/wp\/v2\/product_brand?post=136771"},{"taxonomy":"product_cat","embeddable":true,"href":"https:\/\/marktxxl.de\/markt\/wp-json\/wp\/v2\/product_cat?post=136771"},{"taxonomy":"product_tag","embeddable":true,"href":"https:\/\/marktxxl.de\/markt\/wp-json\/wp\/v2\/product_tag?post=136771"}],"curies":[{"name":"wp","href":"https:\/\/api.w.org\/{rel}","templated":true}]}}