{"id":136758,"date":"2022-07-14T02:41:18","date_gmt":"2022-07-14T00:41:18","guid":{"rendered":"https:\/\/marktxxl.de\/markt\/produkt\/poshdivah-damen-umstands-yoga-shorts-ueber-dem-bauch-bump-sommer-workout-laufen-aktiv-kurze-hose-mit-taschen-5-zoll-8-zoll\/"},"modified":"2023-04-11T04:12:26","modified_gmt":"2023-04-11T02:12:26","slug":"poshdivah-damen-umstands-yoga-shorts-ueber-dem-bauch-bump-sommer-workout-laufen-aktiv-kurze-hose-mit-taschen-5-zoll-8-zoll","status":"publish","type":"product","link":"https:\/\/marktxxl.de\/markt\/produkt\/poshdivah-damen-umstands-yoga-shorts-ueber-dem-bauch-bump-sommer-workout-laufen-aktiv-kurze-hose-mit-taschen-5-zoll-8-zoll\/","title":{"rendered":"POSHDIVAH Damen Umstands-Yoga-Shorts \u00fcber dem Bauch Bump Sommer Workout Laufen Active Short Hose mit Taschen 12,7 cm\u2026"},"content":{"rendered":"<p>\u2764\ufe0fBitte beachten Sie die Gr\u00f6\u00dfe AC\u2764\ufe0fLeichtes Material: Unsere Schwangerschafts-Yoga-Shorts sind aus feuchtigkeitsableitendem und schnell trocknendem Stoff. Weder zu d\u00fcnn noch zu dick, was idealen Komfort f\u00fcr den Alltag und f\u00fcr den Bauch garantiert. Der Stoff wird auch bei Kniebeugen nicht durchsehen. Sein ultra-bequemes Stretch-Material folgt der Entwicklung Ihres Bauches w\u00e4hrend Ihrer Schwangerschaft.<br \/>\nVoll-Panel-Schwangerschafts-Shorts: Diese Schwangerschafts-Shorts sind \u00fcber dem Bauch. Die vordere Bauch- und R\u00fcckseite besteht aus zwei Stofflagen mit einem einzigartigen Design, das f\u00fcr mehr Elastizit\u00e4t sorgt und den Bauch sch\u00fctzt. Diese Schwangerschafts-Shorts sind besser geeignet f\u00fcr schwangere Frauen K\u00f6rperform; Entworfen mit hoher Taille, um eine glatte, sichere Passform zu bieten und Ihre Figur perfekt zu zeigen.<br \/>\nWeicher Stretch-Stoff: Diese Umstands-Biker-Shorts bietet sanfte R\u00fcckenunterst\u00fctzung, wenn Ihr Bauch w\u00e4chst, ohne zu rutschen oder sich am Bauch einzuschneiden. Umstands-Shorts bleiben an Ort und Stelle f\u00fcr intensives Training, ohne dass Sie ziehen m\u00fcssen, sie nicht zu ziehen.<br \/>\nEin Muss f\u00fcr die Mutterschaft: Das schlanke Design passt sich Ihren K\u00f6rperkonturen perfekt an und verleiht Ihnen einen stromlinienf\u00f6rmigen Look. Entworfen mit 2 tiefen Seitentaschen an der Yoga-Leggings Shorts f\u00fcr Schl\u00fcssel, Karten und Telefon, wenn Sie arbeiten und laufen, macht Sie sich bequemer und bequemer f\u00fchlen.<br \/>\nAnl\u00e4sse: Diese Mutterschafts-Fahrrad-Shorts eignen sich f\u00fcr den t\u00e4glichen Gebrauch im Sommer, Laufen, Yoga, Strand, Pilates, Faulenzen, Joggen, Radfahren, Sommertraining oder Outdoor-Sportarten. Sie k\u00f6nnen auch f\u00fcr den t\u00e4glichen Gebrauch zum Einkaufen oder Essen in einem l\u00e4ssigen Restaurant oder Caf\u00e9 verwendet werden.<br \/>\n<div class=\"main-cross-sell\" data-asin=\"B08X2VH7HC\">\n\n\t<div class=\"WooZone-cross-sell-loader\">\n\t\t<div>\n\t\t\t<div id=\"floatingBarsG\">\n\t\t\t\t<div class=\"blockG\" id=\"rotateG_01\"><\/div>\n\t\t\t\t<div class=\"blockG\" id=\"rotateG_02\"><\/div>\n\t\t\t\t<div class=\"blockG\" id=\"rotateG_03\"><\/div>\n\t\t\t\t<div class=\"blockG\" id=\"rotateG_04\"><\/div>\n\t\t\t\t<div class=\"blockG\" id=\"rotateG_05\"><\/div>\n\t\t\t\t<div class=\"blockG\" id=\"rotateG_06\"><\/div>\n\t\t\t\t<div class=\"blockG\" id=\"rotateG_07\"><\/div>\n\t\t\t\t<div class=\"blockG\" id=\"rotateG_08\"><\/div>\n\t\t\t<\/div>\n\t\t\t<div class=\"WooZone-cross-sell-loader-text\"><\/div>\n\t\t<\/div>\n\t<\/div>\n\n\t\t\n<\/div>\n<div style=\"clear:both;\"><\/div><\/p>\n","protected":false},"excerpt":{"rendered":"<p>\u2764\ufe0fBitte beachten Sie die Gr\u00f6\u00dfe AC\u2764\ufe0fLeichtes Material: Unsere Schwangerschafts-Yoga-Shorts sind aus feuchtigkeitsableitendem und schnell trocknendem Stoff. Weder zu d\u00fcnn noch zu dick, was idealen Komfort f\u00fcr den Alltag und f\u00fcr den Bauch garantiert. Der Stoff wird auch bei Kniebeugen nicht durchsehen. Sein ultra-bequemes Stretch-Material folgt der Entwicklung Ihres Bauches w\u00e4hrend Ihrer Schwangerschaft.<br \/>\nVoll-Panel-Schwangerschafts-Shorts: Diese Schwangerschafts-Shorts sind \u00fcber dem Bauch. Die vordere Bauch- und R\u00fcckseite besteht aus zwei Stofflagen mit einem einzigartigen Design, das f\u00fcr mehr Elastizit\u00e4t sorgt und den Bauch sch\u00fctzt. Diese Schwangerschafts-Shorts sind besser geeignet f\u00fcr schwangere Frauen K\u00f6rperform; Entworfen mit hoher Taille, um eine glatte, sichere Passform zu bieten und Ihre Figur perfekt zu zeigen.<br \/>\nWeicher Stretch-Stoff: Diese Umstands-Biker-Shorts bietet sanfte R\u00fcckenunterst\u00fctzung, wenn Ihr Bauch w\u00e4chst, ohne zu rutschen oder sich am Bauch einzuschneiden. Umstands-Shorts bleiben an Ort und Stelle f\u00fcr intensives Training, ohne dass Sie ziehen m\u00fcssen, sie nicht zu ziehen.<\/p>\n","protected":false},"featured_media":136759,"comment_status":"open","ping_status":"closed","template":"","meta":[],"product_brand":[],"product_cat":[21,9478],"product_tag":[],"class_list":{"0":"post-136758","1":"product","2":"type-product","3":"status-publish","4":"has-post-thumbnail","6":"product_cat-baby","7":"product_cat-umstandskleidung-baby","8":"pa_binding-textilien","9":"pa_brand-poshdivah","11":"first","12":"instock","13":"shipping-taxable","14":"purchasable","15":"product-type-simple","16":"customify-col","17":"product-has-gallery"},"yoast_head":"<!-- This site is optimized with the Yoast SEO plugin v27.4 - https:\/\/yoast.com\/product\/yoast-seo-wordpress\/ -->\n<title>POSHDIVAH Damen Umstands-Yoga-Shorts \u00fcber dem Bauch Bump Sommer Workout Laufen Active Short Hose mit Taschen 12,7 cm\u2026 - Markt-XXL<\/title>\n<meta name=\"description\" content=\"Markt-XXL POSHDIVAH Damen Umstands-Yoga-Shorts \u00fcber dem Bauch Bump Sommer Workout Laufen Active Short Hose mit Taschen 12,7 cm\u2026\" \/>\n<meta name=\"robots\" content=\"index, follow, max-snippet:-1, max-image-preview:large, max-video-preview:-1\" \/>\n<link rel=\"canonical\" href=\"https:\/\/marktxxl.de\/markt\/produkt\/poshdivah-damen-umstands-yoga-shorts-ueber-dem-bauch-bump-sommer-workout-laufen-aktiv-kurze-hose-mit-taschen-5-zoll-8-zoll\/\" \/>\n<meta property=\"og:locale\" content=\"de_DE\" \/>\n<meta property=\"og:type\" content=\"article\" \/>\n<meta property=\"og:title\" content=\"POSHDIVAH Damen Umstands-Yoga-Shorts \u00fcber dem Bauch Bump Sommer Workout Laufen Active Short Hose mit Taschen 12,7 cm\u2026 - Markt-XXL\" \/>\n<meta property=\"og:description\" content=\"Markt-XXL POSHDIVAH Damen Umstands-Yoga-Shorts \u00fcber dem Bauch Bump Sommer Workout Laufen Active Short Hose mit Taschen 12,7 cm\u2026\" \/>\n<meta property=\"og:url\" content=\"https:\/\/marktxxl.de\/markt\/produkt\/poshdivah-damen-umstands-yoga-shorts-ueber-dem-bauch-bump-sommer-workout-laufen-aktiv-kurze-hose-mit-taschen-5-zoll-8-zoll\/\" \/>\n<meta property=\"og:site_name\" content=\"Markt-XXL\" \/>\n<meta property=\"article:modified_time\" content=\"2023-04-11T02:12:26+00:00\" \/>\n<meta property=\"og:image\" content=\"https:\/\/m.media-amazon.com\/images\/I\/41ipUEIg5sL._SL500_.jpg\" \/>\n\t<meta property=\"og:image:width\" content=\"385\" \/>\n\t<meta property=\"og:image:height\" content=\"500\" \/>\n\t<meta property=\"og:image:type\" content=\"image\/jpeg\" \/>\n<meta name=\"twitter:card\" content=\"summary_large_image\" \/>\n<meta name=\"twitter:label1\" content=\"Gesch\u00e4tzte Lesezeit\" \/>\n\t<meta name=\"twitter:data1\" content=\"1\u00a0Minute\" \/>\n<script type=\"application\/ld+json\" class=\"yoast-schema-graph\">{\"@context\":\"https:\\\/\\\/schema.org\",\"@graph\":[{\"@type\":\"WebPage\",\"@id\":\"https:\\\/\\\/marktxxl.de\\\/markt\\\/produkt\\\/poshdivah-damen-umstands-yoga-shorts-ueber-dem-bauch-bump-sommer-workout-laufen-aktiv-kurze-hose-mit-taschen-5-zoll-8-zoll\\\/\",\"url\":\"https:\\\/\\\/marktxxl.de\\\/markt\\\/produkt\\\/poshdivah-damen-umstands-yoga-shorts-ueber-dem-bauch-bump-sommer-workout-laufen-aktiv-kurze-hose-mit-taschen-5-zoll-8-zoll\\\/\",\"name\":\"POSHDIVAH Damen Umstands-Yoga-Shorts \u00fcber dem Bauch Bump Sommer Workout Laufen Active Short Hose mit Taschen 12,7 cm\u2026 - Markt-XXL\",\"isPartOf\":{\"@id\":\"https:\\\/\\\/marktxxl.de\\\/markt\\\/#website\"},\"primaryImageOfPage\":{\"@id\":\"https:\\\/\\\/marktxxl.de\\\/markt\\\/produkt\\\/poshdivah-damen-umstands-yoga-shorts-ueber-dem-bauch-bump-sommer-workout-laufen-aktiv-kurze-hose-mit-taschen-5-zoll-8-zoll\\\/#primaryimage\"},\"image\":{\"@id\":\"https:\\\/\\\/marktxxl.de\\\/markt\\\/produkt\\\/poshdivah-damen-umstands-yoga-shorts-ueber-dem-bauch-bump-sommer-workout-laufen-aktiv-kurze-hose-mit-taschen-5-zoll-8-zoll\\\/#primaryimage\"},\"thumbnailUrl\":\"https:\\\/\\\/m.media-amazon.com\\\/images\\\/I\\\/41ipUEIg5sL._SL500_.jpg\",\"datePublished\":\"2022-07-14T00:41:18+00:00\",\"dateModified\":\"2023-04-11T02:12:26+00:00\",\"description\":\"Markt-XXL POSHDIVAH Damen Umstands-Yoga-Shorts \u00fcber dem Bauch Bump Sommer Workout Laufen Active Short Hose mit Taschen 12,7 cm\u2026\",\"breadcrumb\":{\"@id\":\"https:\\\/\\\/marktxxl.de\\\/markt\\\/produkt\\\/poshdivah-damen-umstands-yoga-shorts-ueber-dem-bauch-bump-sommer-workout-laufen-aktiv-kurze-hose-mit-taschen-5-zoll-8-zoll\\\/#breadcrumb\"},\"inLanguage\":\"de\",\"potentialAction\":[{\"@type\":\"ReadAction\",\"target\":[\"https:\\\/\\\/marktxxl.de\\\/markt\\\/produkt\\\/poshdivah-damen-umstands-yoga-shorts-ueber-dem-bauch-bump-sommer-workout-laufen-aktiv-kurze-hose-mit-taschen-5-zoll-8-zoll\\\/\"]}]},{\"@type\":\"ImageObject\",\"inLanguage\":\"de\",\"@id\":\"https:\\\/\\\/marktxxl.de\\\/markt\\\/produkt\\\/poshdivah-damen-umstands-yoga-shorts-ueber-dem-bauch-bump-sommer-workout-laufen-aktiv-kurze-hose-mit-taschen-5-zoll-8-zoll\\\/#primaryimage\",\"url\":\"https:\\\/\\\/m.media-amazon.com\\\/images\\\/I\\\/41ipUEIg5sL._SL500_.jpg\",\"contentUrl\":\"https:\\\/\\\/m.media-amazon.com\\\/images\\\/I\\\/41ipUEIg5sL._SL500_.jpg\",\"width\":385,\"height\":500},{\"@type\":\"BreadcrumbList\",\"@id\":\"https:\\\/\\\/marktxxl.de\\\/markt\\\/produkt\\\/poshdivah-damen-umstands-yoga-shorts-ueber-dem-bauch-bump-sommer-workout-laufen-aktiv-kurze-hose-mit-taschen-5-zoll-8-zoll\\\/#breadcrumb\",\"itemListElement\":[{\"@type\":\"ListItem\",\"position\":1,\"name\":\"Startseite\",\"item\":\"https:\\\/\\\/marktxxl.de\\\/markt\\\/\"},{\"@type\":\"ListItem\",\"position\":2,\"name\":\"Markt\",\"item\":\"https:\\\/\\\/marktxxl.de\\\/markt\\\/\"},{\"@type\":\"ListItem\",\"position\":3,\"name\":\"POSHDIVAH Damen Umstands-Yoga-Shorts \u00fcber dem Bauch Bump Sommer Workout Laufen Active Short Hose mit Taschen 12,7 cm\u2026\"}]},{\"@type\":\"WebSite\",\"@id\":\"https:\\\/\\\/marktxxl.de\\\/markt\\\/#website\",\"url\":\"https:\\\/\\\/marktxxl.de\\\/markt\\\/\",\"name\":\"Markt-XXL\",\"description\":\"Ihr Markt Online\",\"publisher\":{\"@id\":\"https:\\\/\\\/marktxxl.de\\\/markt\\\/#organization\"},\"potentialAction\":[{\"@type\":\"SearchAction\",\"target\":{\"@type\":\"EntryPoint\",\"urlTemplate\":\"https:\\\/\\\/marktxxl.de\\\/markt\\\/?s={search_term_string}\"},\"query-input\":{\"@type\":\"PropertyValueSpecification\",\"valueRequired\":true,\"valueName\":\"search_term_string\"}}],\"inLanguage\":\"de\"},{\"@type\":\"Organization\",\"@id\":\"https:\\\/\\\/marktxxl.de\\\/markt\\\/#organization\",\"name\":\"Markt-XXL\",\"url\":\"https:\\\/\\\/marktxxl.de\\\/markt\\\/\",\"logo\":{\"@type\":\"ImageObject\",\"inLanguage\":\"de\",\"@id\":\"https:\\\/\\\/marktxxl.de\\\/markt\\\/#\\\/schema\\\/logo\\\/image\\\/\",\"url\":\"https:\\\/\\\/marktxxl.de\\\/markt\\\/wp-content\\\/uploads\\\/sites\\\/3\\\/2020\\\/12\\\/logo.png\",\"contentUrl\":\"https:\\\/\\\/marktxxl.de\\\/markt\\\/wp-content\\\/uploads\\\/sites\\\/3\\\/2020\\\/12\\\/logo.png\",\"width\":200,\"height\":70,\"caption\":\"Markt-XXL\"},\"image\":{\"@id\":\"https:\\\/\\\/marktxxl.de\\\/markt\\\/#\\\/schema\\\/logo\\\/image\\\/\"}}]}<\/script>\n<!-- \/ Yoast SEO plugin. -->","yoast_head_json":{"title":"POSHDIVAH Damen Umstands-Yoga-Shorts \u00fcber dem Bauch Bump Sommer Workout Laufen Active Short Hose mit Taschen 12,7 cm\u2026 - Markt-XXL","description":"Markt-XXL POSHDIVAH Damen Umstands-Yoga-Shorts \u00fcber dem Bauch Bump Sommer Workout Laufen Active Short Hose mit Taschen 12,7 cm\u2026","robots":{"index":"index","follow":"follow","max-snippet":"max-snippet:-1","max-image-preview":"max-image-preview:large","max-video-preview":"max-video-preview:-1"},"canonical":"https:\/\/marktxxl.de\/markt\/produkt\/poshdivah-damen-umstands-yoga-shorts-ueber-dem-bauch-bump-sommer-workout-laufen-aktiv-kurze-hose-mit-taschen-5-zoll-8-zoll\/","og_locale":"de_DE","og_type":"article","og_title":"POSHDIVAH Damen Umstands-Yoga-Shorts \u00fcber dem Bauch Bump Sommer Workout Laufen Active Short Hose mit Taschen 12,7 cm\u2026 - Markt-XXL","og_description":"Markt-XXL POSHDIVAH Damen Umstands-Yoga-Shorts \u00fcber dem Bauch Bump Sommer Workout Laufen Active Short Hose mit Taschen 12,7 cm\u2026","og_url":"https:\/\/marktxxl.de\/markt\/produkt\/poshdivah-damen-umstands-yoga-shorts-ueber-dem-bauch-bump-sommer-workout-laufen-aktiv-kurze-hose-mit-taschen-5-zoll-8-zoll\/","og_site_name":"Markt-XXL","article_modified_time":"2023-04-11T02:12:26+00:00","og_image":[{"width":385,"height":500,"url":"https:\/\/m.media-amazon.com\/images\/I\/41ipUEIg5sL._SL500_.jpg","type":"image\/jpeg"}],"twitter_card":"summary_large_image","twitter_misc":{"Gesch\u00e4tzte Lesezeit":"1\u00a0Minute"},"schema":{"@context":"https:\/\/schema.org","@graph":[{"@type":"WebPage","@id":"https:\/\/marktxxl.de\/markt\/produkt\/poshdivah-damen-umstands-yoga-shorts-ueber-dem-bauch-bump-sommer-workout-laufen-aktiv-kurze-hose-mit-taschen-5-zoll-8-zoll\/","url":"https:\/\/marktxxl.de\/markt\/produkt\/poshdivah-damen-umstands-yoga-shorts-ueber-dem-bauch-bump-sommer-workout-laufen-aktiv-kurze-hose-mit-taschen-5-zoll-8-zoll\/","name":"POSHDIVAH Damen Umstands-Yoga-Shorts \u00fcber dem Bauch Bump Sommer Workout Laufen Active Short Hose mit Taschen 12,7 cm\u2026 - Markt-XXL","isPartOf":{"@id":"https:\/\/marktxxl.de\/markt\/#website"},"primaryImageOfPage":{"@id":"https:\/\/marktxxl.de\/markt\/produkt\/poshdivah-damen-umstands-yoga-shorts-ueber-dem-bauch-bump-sommer-workout-laufen-aktiv-kurze-hose-mit-taschen-5-zoll-8-zoll\/#primaryimage"},"image":{"@id":"https:\/\/marktxxl.de\/markt\/produkt\/poshdivah-damen-umstands-yoga-shorts-ueber-dem-bauch-bump-sommer-workout-laufen-aktiv-kurze-hose-mit-taschen-5-zoll-8-zoll\/#primaryimage"},"thumbnailUrl":"https:\/\/m.media-amazon.com\/images\/I\/41ipUEIg5sL._SL500_.jpg","datePublished":"2022-07-14T00:41:18+00:00","dateModified":"2023-04-11T02:12:26+00:00","description":"Markt-XXL POSHDIVAH Damen Umstands-Yoga-Shorts \u00fcber dem Bauch Bump Sommer Workout Laufen Active Short Hose mit Taschen 12,7 cm\u2026","breadcrumb":{"@id":"https:\/\/marktxxl.de\/markt\/produkt\/poshdivah-damen-umstands-yoga-shorts-ueber-dem-bauch-bump-sommer-workout-laufen-aktiv-kurze-hose-mit-taschen-5-zoll-8-zoll\/#breadcrumb"},"inLanguage":"de","potentialAction":[{"@type":"ReadAction","target":["https:\/\/marktxxl.de\/markt\/produkt\/poshdivah-damen-umstands-yoga-shorts-ueber-dem-bauch-bump-sommer-workout-laufen-aktiv-kurze-hose-mit-taschen-5-zoll-8-zoll\/"]}]},{"@type":"ImageObject","inLanguage":"de","@id":"https:\/\/marktxxl.de\/markt\/produkt\/poshdivah-damen-umstands-yoga-shorts-ueber-dem-bauch-bump-sommer-workout-laufen-aktiv-kurze-hose-mit-taschen-5-zoll-8-zoll\/#primaryimage","url":"https:\/\/m.media-amazon.com\/images\/I\/41ipUEIg5sL._SL500_.jpg","contentUrl":"https:\/\/m.media-amazon.com\/images\/I\/41ipUEIg5sL._SL500_.jpg","width":385,"height":500},{"@type":"BreadcrumbList","@id":"https:\/\/marktxxl.de\/markt\/produkt\/poshdivah-damen-umstands-yoga-shorts-ueber-dem-bauch-bump-sommer-workout-laufen-aktiv-kurze-hose-mit-taschen-5-zoll-8-zoll\/#breadcrumb","itemListElement":[{"@type":"ListItem","position":1,"name":"Startseite","item":"https:\/\/marktxxl.de\/markt\/"},{"@type":"ListItem","position":2,"name":"Markt","item":"https:\/\/marktxxl.de\/markt\/"},{"@type":"ListItem","position":3,"name":"POSHDIVAH Damen Umstands-Yoga-Shorts \u00fcber dem Bauch Bump Sommer Workout Laufen Active Short Hose mit Taschen 12,7 cm\u2026"}]},{"@type":"WebSite","@id":"https:\/\/marktxxl.de\/markt\/#website","url":"https:\/\/marktxxl.de\/markt\/","name":"Markt-XXL","description":"Ihr Markt Online","publisher":{"@id":"https:\/\/marktxxl.de\/markt\/#organization"},"potentialAction":[{"@type":"SearchAction","target":{"@type":"EntryPoint","urlTemplate":"https:\/\/marktxxl.de\/markt\/?s={search_term_string}"},"query-input":{"@type":"PropertyValueSpecification","valueRequired":true,"valueName":"search_term_string"}}],"inLanguage":"de"},{"@type":"Organization","@id":"https:\/\/marktxxl.de\/markt\/#organization","name":"Markt-XXL","url":"https:\/\/marktxxl.de\/markt\/","logo":{"@type":"ImageObject","inLanguage":"de","@id":"https:\/\/marktxxl.de\/markt\/#\/schema\/logo\/image\/","url":"https:\/\/marktxxl.de\/markt\/wp-content\/uploads\/sites\/3\/2020\/12\/logo.png","contentUrl":"https:\/\/marktxxl.de\/markt\/wp-content\/uploads\/sites\/3\/2020\/12\/logo.png","width":200,"height":70,"caption":"Markt-XXL"},"image":{"@id":"https:\/\/marktxxl.de\/markt\/#\/schema\/logo\/image\/"}}]}},"_links":{"self":[{"href":"https:\/\/marktxxl.de\/markt\/wp-json\/wp\/v2\/product\/136758","targetHints":{"allow":["GET"]}}],"collection":[{"href":"https:\/\/marktxxl.de\/markt\/wp-json\/wp\/v2\/product"}],"about":[{"href":"https:\/\/marktxxl.de\/markt\/wp-json\/wp\/v2\/types\/product"}],"replies":[{"embeddable":true,"href":"https:\/\/marktxxl.de\/markt\/wp-json\/wp\/v2\/comments?post=136758"}],"wp:featuredmedia":[{"embeddable":true,"href":"https:\/\/marktxxl.de\/markt\/wp-json\/wp\/v2\/media\/136759"}],"wp:attachment":[{"href":"https:\/\/marktxxl.de\/markt\/wp-json\/wp\/v2\/media?parent=136758"}],"wp:term":[{"taxonomy":"product_brand","embeddable":true,"href":"https:\/\/marktxxl.de\/markt\/wp-json\/wp\/v2\/product_brand?post=136758"},{"taxonomy":"product_cat","embeddable":true,"href":"https:\/\/marktxxl.de\/markt\/wp-json\/wp\/v2\/product_cat?post=136758"},{"taxonomy":"product_tag","embeddable":true,"href":"https:\/\/marktxxl.de\/markt\/wp-json\/wp\/v2\/product_tag?post=136758"}],"curies":[{"name":"wp","href":"https:\/\/api.w.org\/{rel}","templated":true}]}}