{"id":136701,"date":"2022-07-14T02:37:12","date_gmt":"2022-07-14T00:37:12","guid":{"rendered":"https:\/\/marktxxl.de\/markt\/produkt\/smallshow-damen-umstandsshirts-langarm-schwangerschaft-kleidung-tops-3er-pack\/"},"modified":"2023-04-11T04:12:25","modified_gmt":"2023-04-11T02:12:25","slug":"smallshow-damen-umstandsshirts-langarm-schwangerschaft-kleidung-tops-3er-pack","status":"publish","type":"product","link":"https:\/\/marktxxl.de\/markt\/produkt\/smallshow-damen-umstandsshirts-langarm-schwangerschaft-kleidung-tops-3er-pack\/","title":{"rendered":"Smallshow Schwangerschafts-Shirts f\u00fcr Damen, lang\u00e4rmelig, 3er-Pack"},"content":{"rendered":"<p>Dehnbarer und atmungsaktiver Modal-Viskose-Stoff, der Ihnen ein weiches Gef\u00fchl gibt. Gr\u00f6\u00dfe passend f\u00fcr Brustumfang S (86,4\u201391,4 cm), M (94\u201399 cm), L (102\u2013104 cm), XL (107\u2013111,4 cm), XXL (114\u2013199 cm)<br \/>\nSanft an den Seiten gerafft bieten viel Platz f\u00fcr Ihren wachsenden Bauch in jeder Phase der Schwangerschaft. Mit extra L\u00e4nge, um Ihren Bauch zu bedecken, bietet eine entspannte und flexible Passform, um sicherzustellen, dass Sie sich wohl f\u00fchlen.<br \/>\nKlassische lang\u00e4rmelige Tuniken f\u00fcr Ihre Umstandsgarderobe. Sie werden nach diesen Umstands-T-Shirts greifen, um Jeans, Leggings oder Shorts f\u00fcr die meisten Anl\u00e4sse zu kombinieren, zum Einkaufen, f\u00fcr den Alltag und zum Entspannen zu Hause. Ein Muss f\u00fcr einfaches An- und Ausziehen im Fr\u00fchling, Herbst und Winter. Egal, ob Sie es alleine tragen oder unter einer Jacke oder Pullover tragen, Sie erhalten die perfekte Passform.<br \/>\nTolles Geschenk f\u00fcr werdende M\u00fctter. 3er-Pack f\u00fcr Sie zur Auswahl. Sie k\u00f6nnen diese Tops in verschiedenen Stilen jeden Tag tragen, auch w\u00e4hrend der Schwangerschaft und dar\u00fcber hinaus tragen.<br \/>\nWaschpflege: Maschinenw\u00e4sche kalt, im Trockner bei niedriger Temperatur trocknen, nicht bleichen, bei niedriger Temperatur b\u00fcgeln<br \/>\n<div class=\"main-cross-sell\" data-asin=\"B088JTGMPC\">\n\n\t<div class=\"WooZone-cross-sell-loader\">\n\t\t<div>\n\t\t\t<div id=\"floatingBarsG\">\n\t\t\t\t<div class=\"blockG\" id=\"rotateG_01\"><\/div>\n\t\t\t\t<div class=\"blockG\" id=\"rotateG_02\"><\/div>\n\t\t\t\t<div class=\"blockG\" id=\"rotateG_03\"><\/div>\n\t\t\t\t<div class=\"blockG\" id=\"rotateG_04\"><\/div>\n\t\t\t\t<div class=\"blockG\" id=\"rotateG_05\"><\/div>\n\t\t\t\t<div class=\"blockG\" id=\"rotateG_06\"><\/div>\n\t\t\t\t<div class=\"blockG\" id=\"rotateG_07\"><\/div>\n\t\t\t\t<div class=\"blockG\" id=\"rotateG_08\"><\/div>\n\t\t\t<\/div>\n\t\t\t<div class=\"WooZone-cross-sell-loader-text\"><\/div>\n\t\t<\/div>\n\t<\/div>\n\n\t\t\n<\/div>\n<div style=\"clear:both;\"><\/div><\/p>\n","protected":false},"excerpt":{"rendered":"<p>Dehnbarer und atmungsaktiver Modal-Viskose-Stoff, der Ihnen ein weiches Gef\u00fchl gibt. Gr\u00f6\u00dfe passend f\u00fcr Brustumfang S (86,4\u201391,4 cm), M (94\u201399 cm), L (102\u2013104 cm), XL (107\u2013111,4 cm), XXL (114\u2013199 cm)<br \/>\nSanft an den Seiten gerafft bieten viel Platz f\u00fcr Ihren wachsenden Bauch in jeder Phase der Schwangerschaft. Mit extra L\u00e4nge, um Ihren Bauch zu bedecken, bietet eine entspannte und flexible Passform, um sicherzustellen, dass Sie sich wohl f\u00fchlen.<br \/>\nKlassische lang\u00e4rmelige Tuniken f\u00fcr Ihre Umstandsgarderobe. Sie werden nach diesen Umstands-T-Shirts greifen, um Jeans, Leggings oder Shorts f\u00fcr die meisten Anl\u00e4sse zu kombinieren, zum Einkaufen, f\u00fcr den Alltag und zum Entspannen zu Hause. Ein Muss f\u00fcr einfaches An- und Ausziehen im Fr\u00fchling, Herbst und Winter. Egal, ob Sie es alleine tragen oder unter einer Jacke oder Pullover tragen, Sie erhalten die perfekte Passform.<\/p>\n","protected":false},"featured_media":136702,"comment_status":"open","ping_status":"closed","template":"","meta":[],"product_brand":[],"product_cat":[21,9478],"product_tag":[],"class_list":{"0":"post-136701","1":"product","2":"type-product","3":"status-publish","4":"has-post-thumbnail","6":"product_cat-baby","7":"product_cat-umstandskleidung-baby","8":"pa_binding-textilien","9":"pa_brand-smallshow","11":"first","12":"instock","13":"shipping-taxable","14":"purchasable","15":"product-type-simple","16":"customify-col","17":"product-has-gallery"},"yoast_head":"<!-- This site is optimized with the Yoast SEO plugin v27.3 - https:\/\/yoast.com\/product\/yoast-seo-wordpress\/ -->\n<title>Smallshow Schwangerschafts-Shirts f\u00fcr Damen, lang\u00e4rmelig, 3er-Pack - Markt-XXL<\/title>\n<meta name=\"description\" content=\"Markt-XXL Smallshow Schwangerschafts-Shirts f\u00fcr Damen, lang\u00e4rmelig, 3er-Pack\" \/>\n<meta name=\"robots\" content=\"index, follow, max-snippet:-1, max-image-preview:large, max-video-preview:-1\" \/>\n<link rel=\"canonical\" href=\"https:\/\/marktxxl.de\/markt\/produkt\/smallshow-damen-umstandsshirts-langarm-schwangerschaft-kleidung-tops-3er-pack\/\" \/>\n<meta property=\"og:locale\" content=\"de_DE\" \/>\n<meta property=\"og:type\" content=\"article\" \/>\n<meta property=\"og:title\" content=\"Smallshow Schwangerschafts-Shirts f\u00fcr Damen, lang\u00e4rmelig, 3er-Pack - Markt-XXL\" \/>\n<meta property=\"og:description\" content=\"Markt-XXL Smallshow Schwangerschafts-Shirts f\u00fcr Damen, lang\u00e4rmelig, 3er-Pack\" \/>\n<meta property=\"og:url\" content=\"https:\/\/marktxxl.de\/markt\/produkt\/smallshow-damen-umstandsshirts-langarm-schwangerschaft-kleidung-tops-3er-pack\/\" \/>\n<meta property=\"og:site_name\" content=\"Markt-XXL\" \/>\n<meta property=\"article:modified_time\" content=\"2023-04-11T02:12:25+00:00\" \/>\n<meta property=\"og:image\" content=\"https:\/\/m.media-amazon.com\/images\/I\/41wLfL0FT5L._SL500_.jpg\" \/>\n\t<meta property=\"og:image:width\" content=\"500\" \/>\n\t<meta property=\"og:image:height\" content=\"500\" \/>\n\t<meta property=\"og:image:type\" content=\"image\/jpeg\" \/>\n<meta name=\"twitter:card\" content=\"summary_large_image\" \/>\n<meta name=\"twitter:label1\" content=\"Gesch\u00e4tzte Lesezeit\" \/>\n\t<meta name=\"twitter:data1\" content=\"1\u00a0Minute\" \/>\n<script type=\"application\/ld+json\" class=\"yoast-schema-graph\">{\"@context\":\"https:\\\/\\\/schema.org\",\"@graph\":[{\"@type\":\"WebPage\",\"@id\":\"https:\\\/\\\/marktxxl.de\\\/markt\\\/produkt\\\/smallshow-damen-umstandsshirts-langarm-schwangerschaft-kleidung-tops-3er-pack\\\/\",\"url\":\"https:\\\/\\\/marktxxl.de\\\/markt\\\/produkt\\\/smallshow-damen-umstandsshirts-langarm-schwangerschaft-kleidung-tops-3er-pack\\\/\",\"name\":\"Smallshow Schwangerschafts-Shirts f\u00fcr Damen, lang\u00e4rmelig, 3er-Pack - Markt-XXL\",\"isPartOf\":{\"@id\":\"https:\\\/\\\/marktxxl.de\\\/markt\\\/#website\"},\"primaryImageOfPage\":{\"@id\":\"https:\\\/\\\/marktxxl.de\\\/markt\\\/produkt\\\/smallshow-damen-umstandsshirts-langarm-schwangerschaft-kleidung-tops-3er-pack\\\/#primaryimage\"},\"image\":{\"@id\":\"https:\\\/\\\/marktxxl.de\\\/markt\\\/produkt\\\/smallshow-damen-umstandsshirts-langarm-schwangerschaft-kleidung-tops-3er-pack\\\/#primaryimage\"},\"thumbnailUrl\":\"https:\\\/\\\/m.media-amazon.com\\\/images\\\/I\\\/41wLfL0FT5L._SL500_.jpg\",\"datePublished\":\"2022-07-14T00:37:12+00:00\",\"dateModified\":\"2023-04-11T02:12:25+00:00\",\"description\":\"Markt-XXL Smallshow Schwangerschafts-Shirts f\u00fcr Damen, lang\u00e4rmelig, 3er-Pack\",\"breadcrumb\":{\"@id\":\"https:\\\/\\\/marktxxl.de\\\/markt\\\/produkt\\\/smallshow-damen-umstandsshirts-langarm-schwangerschaft-kleidung-tops-3er-pack\\\/#breadcrumb\"},\"inLanguage\":\"de\",\"potentialAction\":[{\"@type\":\"ReadAction\",\"target\":[\"https:\\\/\\\/marktxxl.de\\\/markt\\\/produkt\\\/smallshow-damen-umstandsshirts-langarm-schwangerschaft-kleidung-tops-3er-pack\\\/\"]}]},{\"@type\":\"ImageObject\",\"inLanguage\":\"de\",\"@id\":\"https:\\\/\\\/marktxxl.de\\\/markt\\\/produkt\\\/smallshow-damen-umstandsshirts-langarm-schwangerschaft-kleidung-tops-3er-pack\\\/#primaryimage\",\"url\":\"https:\\\/\\\/m.media-amazon.com\\\/images\\\/I\\\/41wLfL0FT5L._SL500_.jpg\",\"contentUrl\":\"https:\\\/\\\/m.media-amazon.com\\\/images\\\/I\\\/41wLfL0FT5L._SL500_.jpg\",\"width\":500,\"height\":500},{\"@type\":\"BreadcrumbList\",\"@id\":\"https:\\\/\\\/marktxxl.de\\\/markt\\\/produkt\\\/smallshow-damen-umstandsshirts-langarm-schwangerschaft-kleidung-tops-3er-pack\\\/#breadcrumb\",\"itemListElement\":[{\"@type\":\"ListItem\",\"position\":1,\"name\":\"Startseite\",\"item\":\"https:\\\/\\\/marktxxl.de\\\/markt\\\/\"},{\"@type\":\"ListItem\",\"position\":2,\"name\":\"Markt\",\"item\":\"https:\\\/\\\/marktxxl.de\\\/markt\\\/\"},{\"@type\":\"ListItem\",\"position\":3,\"name\":\"Smallshow Schwangerschafts-Shirts f\u00fcr Damen, lang\u00e4rmelig, 3er-Pack\"}]},{\"@type\":\"WebSite\",\"@id\":\"https:\\\/\\\/marktxxl.de\\\/markt\\\/#website\",\"url\":\"https:\\\/\\\/marktxxl.de\\\/markt\\\/\",\"name\":\"Markt-XXL\",\"description\":\"Ihr Markt Online\",\"publisher\":{\"@id\":\"https:\\\/\\\/marktxxl.de\\\/markt\\\/#organization\"},\"potentialAction\":[{\"@type\":\"SearchAction\",\"target\":{\"@type\":\"EntryPoint\",\"urlTemplate\":\"https:\\\/\\\/marktxxl.de\\\/markt\\\/?s={search_term_string}\"},\"query-input\":{\"@type\":\"PropertyValueSpecification\",\"valueRequired\":true,\"valueName\":\"search_term_string\"}}],\"inLanguage\":\"de\"},{\"@type\":\"Organization\",\"@id\":\"https:\\\/\\\/marktxxl.de\\\/markt\\\/#organization\",\"name\":\"Markt-XXL\",\"url\":\"https:\\\/\\\/marktxxl.de\\\/markt\\\/\",\"logo\":{\"@type\":\"ImageObject\",\"inLanguage\":\"de\",\"@id\":\"https:\\\/\\\/marktxxl.de\\\/markt\\\/#\\\/schema\\\/logo\\\/image\\\/\",\"url\":\"https:\\\/\\\/marktxxl.de\\\/markt\\\/wp-content\\\/uploads\\\/sites\\\/3\\\/2020\\\/12\\\/logo.png\",\"contentUrl\":\"https:\\\/\\\/marktxxl.de\\\/markt\\\/wp-content\\\/uploads\\\/sites\\\/3\\\/2020\\\/12\\\/logo.png\",\"width\":200,\"height\":70,\"caption\":\"Markt-XXL\"},\"image\":{\"@id\":\"https:\\\/\\\/marktxxl.de\\\/markt\\\/#\\\/schema\\\/logo\\\/image\\\/\"}}]}<\/script>\n<!-- \/ Yoast SEO plugin. -->","yoast_head_json":{"title":"Smallshow Schwangerschafts-Shirts f\u00fcr Damen, lang\u00e4rmelig, 3er-Pack - Markt-XXL","description":"Markt-XXL Smallshow Schwangerschafts-Shirts f\u00fcr Damen, lang\u00e4rmelig, 3er-Pack","robots":{"index":"index","follow":"follow","max-snippet":"max-snippet:-1","max-image-preview":"max-image-preview:large","max-video-preview":"max-video-preview:-1"},"canonical":"https:\/\/marktxxl.de\/markt\/produkt\/smallshow-damen-umstandsshirts-langarm-schwangerschaft-kleidung-tops-3er-pack\/","og_locale":"de_DE","og_type":"article","og_title":"Smallshow Schwangerschafts-Shirts f\u00fcr Damen, lang\u00e4rmelig, 3er-Pack - Markt-XXL","og_description":"Markt-XXL Smallshow Schwangerschafts-Shirts f\u00fcr Damen, lang\u00e4rmelig, 3er-Pack","og_url":"https:\/\/marktxxl.de\/markt\/produkt\/smallshow-damen-umstandsshirts-langarm-schwangerschaft-kleidung-tops-3er-pack\/","og_site_name":"Markt-XXL","article_modified_time":"2023-04-11T02:12:25+00:00","og_image":[{"width":500,"height":500,"url":"https:\/\/m.media-amazon.com\/images\/I\/41wLfL0FT5L._SL500_.jpg","type":"image\/jpeg"}],"twitter_card":"summary_large_image","twitter_misc":{"Gesch\u00e4tzte Lesezeit":"1\u00a0Minute"},"schema":{"@context":"https:\/\/schema.org","@graph":[{"@type":"WebPage","@id":"https:\/\/marktxxl.de\/markt\/produkt\/smallshow-damen-umstandsshirts-langarm-schwangerschaft-kleidung-tops-3er-pack\/","url":"https:\/\/marktxxl.de\/markt\/produkt\/smallshow-damen-umstandsshirts-langarm-schwangerschaft-kleidung-tops-3er-pack\/","name":"Smallshow Schwangerschafts-Shirts f\u00fcr Damen, lang\u00e4rmelig, 3er-Pack - Markt-XXL","isPartOf":{"@id":"https:\/\/marktxxl.de\/markt\/#website"},"primaryImageOfPage":{"@id":"https:\/\/marktxxl.de\/markt\/produkt\/smallshow-damen-umstandsshirts-langarm-schwangerschaft-kleidung-tops-3er-pack\/#primaryimage"},"image":{"@id":"https:\/\/marktxxl.de\/markt\/produkt\/smallshow-damen-umstandsshirts-langarm-schwangerschaft-kleidung-tops-3er-pack\/#primaryimage"},"thumbnailUrl":"https:\/\/m.media-amazon.com\/images\/I\/41wLfL0FT5L._SL500_.jpg","datePublished":"2022-07-14T00:37:12+00:00","dateModified":"2023-04-11T02:12:25+00:00","description":"Markt-XXL Smallshow Schwangerschafts-Shirts f\u00fcr Damen, lang\u00e4rmelig, 3er-Pack","breadcrumb":{"@id":"https:\/\/marktxxl.de\/markt\/produkt\/smallshow-damen-umstandsshirts-langarm-schwangerschaft-kleidung-tops-3er-pack\/#breadcrumb"},"inLanguage":"de","potentialAction":[{"@type":"ReadAction","target":["https:\/\/marktxxl.de\/markt\/produkt\/smallshow-damen-umstandsshirts-langarm-schwangerschaft-kleidung-tops-3er-pack\/"]}]},{"@type":"ImageObject","inLanguage":"de","@id":"https:\/\/marktxxl.de\/markt\/produkt\/smallshow-damen-umstandsshirts-langarm-schwangerschaft-kleidung-tops-3er-pack\/#primaryimage","url":"https:\/\/m.media-amazon.com\/images\/I\/41wLfL0FT5L._SL500_.jpg","contentUrl":"https:\/\/m.media-amazon.com\/images\/I\/41wLfL0FT5L._SL500_.jpg","width":500,"height":500},{"@type":"BreadcrumbList","@id":"https:\/\/marktxxl.de\/markt\/produkt\/smallshow-damen-umstandsshirts-langarm-schwangerschaft-kleidung-tops-3er-pack\/#breadcrumb","itemListElement":[{"@type":"ListItem","position":1,"name":"Startseite","item":"https:\/\/marktxxl.de\/markt\/"},{"@type":"ListItem","position":2,"name":"Markt","item":"https:\/\/marktxxl.de\/markt\/"},{"@type":"ListItem","position":3,"name":"Smallshow Schwangerschafts-Shirts f\u00fcr Damen, lang\u00e4rmelig, 3er-Pack"}]},{"@type":"WebSite","@id":"https:\/\/marktxxl.de\/markt\/#website","url":"https:\/\/marktxxl.de\/markt\/","name":"Markt-XXL","description":"Ihr Markt Online","publisher":{"@id":"https:\/\/marktxxl.de\/markt\/#organization"},"potentialAction":[{"@type":"SearchAction","target":{"@type":"EntryPoint","urlTemplate":"https:\/\/marktxxl.de\/markt\/?s={search_term_string}"},"query-input":{"@type":"PropertyValueSpecification","valueRequired":true,"valueName":"search_term_string"}}],"inLanguage":"de"},{"@type":"Organization","@id":"https:\/\/marktxxl.de\/markt\/#organization","name":"Markt-XXL","url":"https:\/\/marktxxl.de\/markt\/","logo":{"@type":"ImageObject","inLanguage":"de","@id":"https:\/\/marktxxl.de\/markt\/#\/schema\/logo\/image\/","url":"https:\/\/marktxxl.de\/markt\/wp-content\/uploads\/sites\/3\/2020\/12\/logo.png","contentUrl":"https:\/\/marktxxl.de\/markt\/wp-content\/uploads\/sites\/3\/2020\/12\/logo.png","width":200,"height":70,"caption":"Markt-XXL"},"image":{"@id":"https:\/\/marktxxl.de\/markt\/#\/schema\/logo\/image\/"}}]}},"_links":{"self":[{"href":"https:\/\/marktxxl.de\/markt\/wp-json\/wp\/v2\/product\/136701","targetHints":{"allow":["GET"]}}],"collection":[{"href":"https:\/\/marktxxl.de\/markt\/wp-json\/wp\/v2\/product"}],"about":[{"href":"https:\/\/marktxxl.de\/markt\/wp-json\/wp\/v2\/types\/product"}],"replies":[{"embeddable":true,"href":"https:\/\/marktxxl.de\/markt\/wp-json\/wp\/v2\/comments?post=136701"}],"wp:featuredmedia":[{"embeddable":true,"href":"https:\/\/marktxxl.de\/markt\/wp-json\/wp\/v2\/media\/136702"}],"wp:attachment":[{"href":"https:\/\/marktxxl.de\/markt\/wp-json\/wp\/v2\/media?parent=136701"}],"wp:term":[{"taxonomy":"product_brand","embeddable":true,"href":"https:\/\/marktxxl.de\/markt\/wp-json\/wp\/v2\/product_brand?post=136701"},{"taxonomy":"product_cat","embeddable":true,"href":"https:\/\/marktxxl.de\/markt\/wp-json\/wp\/v2\/product_cat?post=136701"},{"taxonomy":"product_tag","embeddable":true,"href":"https:\/\/marktxxl.de\/markt\/wp-json\/wp\/v2\/product_tag?post=136701"}],"curies":[{"name":"wp","href":"https:\/\/api.w.org\/{rel}","templated":true}]}}