{"id":136642,"date":"2022-07-14T02:35:16","date_gmt":"2022-07-14T00:35:16","guid":{"rendered":"https:\/\/marktxxl.de\/markt\/produkt\/striefchen-taufkerze-fuer-jungen-mit-namen-u-taufdatum-sowie-eigenen-taufspruch-8x25-cm-motiv-segelschiff\/"},"modified":"2023-04-11T04:12:23","modified_gmt":"2023-04-11T02:12:23","slug":"striefchen-taufkerze-fuer-jungen-mit-namen-u-taufdatum-sowie-eigenen-taufspruch-8x25-cm-motiv-segelschiff","status":"publish","type":"product","link":"https:\/\/marktxxl.de\/markt\/produkt\/striefchen-taufkerze-fuer-jungen-mit-namen-u-taufdatum-sowie-eigenen-taufspruch-8x25-cm-motiv-segelschiff\/","title":{"rendered":"Striefchen\u00ae Taufkerze f\u00fcr Jungen mit Namen u. Taufdatum sowie eigenen Taufspruch 8 x 25 cm &#8211; Motiv Segelschiff"},"content":{"rendered":"<p>Schlicht und mit Symbolgehalt: das macht diese 25 Zentimeter hohe Taufkerze aus, die mit 120 Stunden Brenndauer den Tag der Taufe sicher \u00fcberstehen und noch lang als Erinnerung bleiben wird!<br \/>\nAuf der Kerze zur Taufe sind einige pers\u00f6nliche Angaben zu finden, die eigenst\u00e4ndig erg\u00e4nzt werden k\u00f6nnen: dazu geh\u00f6rt zum einen der Name des T\u00e4uflings, zum anderen das Taufdatum als auch der pers\u00f6nliche Wunschtext.<br \/>\nHier sei freigestellt, ob es sich dabei um einen Gl\u00fcckwunsch, einen Bibelvers oder Taufspruch handelt.<br \/>\nFarbige Akzente werden durch das Schiff, die Sonne, die Fische und Wellen als christliche Symbole gesetzt.<br \/>\nDie Taufkerze wird zumeist vom Taufpaten oder den Eltern \u00fcberreicht und bildet einen wichtigen Bestandteil der Taufzeremonie \u2013 sie wird an der Osterkerze entz\u00fcndet und spendet auch bei der Tauffeier Licht und W\u00e4rme!<br \/>\n<div class=\"main-cross-sell\" data-asin=\"B083JP42FY\">\n\n\t<div class=\"WooZone-cross-sell-loader\">\n\t\t<div>\n\t\t\t<div id=\"floatingBarsG\">\n\t\t\t\t<div class=\"blockG\" id=\"rotateG_01\"><\/div>\n\t\t\t\t<div class=\"blockG\" id=\"rotateG_02\"><\/div>\n\t\t\t\t<div class=\"blockG\" id=\"rotateG_03\"><\/div>\n\t\t\t\t<div class=\"blockG\" id=\"rotateG_04\"><\/div>\n\t\t\t\t<div class=\"blockG\" id=\"rotateG_05\"><\/div>\n\t\t\t\t<div class=\"blockG\" id=\"rotateG_06\"><\/div>\n\t\t\t\t<div class=\"blockG\" id=\"rotateG_07\"><\/div>\n\t\t\t\t<div class=\"blockG\" id=\"rotateG_08\"><\/div>\n\t\t\t<\/div>\n\t\t\t<div class=\"WooZone-cross-sell-loader-text\"><\/div>\n\t\t<\/div>\n\t<\/div>\n\n\t\t\n<\/div>\n<div style=\"clear:both;\"><\/div><\/p>\n","protected":false},"excerpt":{"rendered":"<p>Schlicht und mit Symbolgehalt: das macht diese 25 Zentimeter hohe Taufkerze aus, die mit 120 Stunden Brenndauer den Tag der Taufe sicher \u00fcberstehen und noch lang als Erinnerung bleiben wird!<br \/>\nAuf der Kerze zur Taufe sind einige pers\u00f6nliche Angaben zu finden, die eigenst\u00e4ndig erg\u00e4nzt werden k\u00f6nnen: dazu geh\u00f6rt zum einen der Name des T\u00e4uflings, zum anderen das Taufdatum als auch der pers\u00f6nliche Wunschtext.<br \/>\nHier sei freigestellt, ob es sich dabei um einen Gl\u00fcckwunsch, einen Bibelvers oder Taufspruch handelt.<\/p>\n","protected":false},"featured_media":136643,"comment_status":"open","ping_status":"closed","template":"","meta":[],"product_brand":[],"product_cat":[21,8929],"product_tag":[],"class_list":{"0":"post-136642","1":"product","2":"type-product","3":"status-publish","4":"has-post-thumbnail","6":"product_cat-baby","7":"product_cat-babygeschenke-baby","8":"pa_brand-striefchen","9":"pa_color-weiss-creme","10":"pa_manufacturer-striefchen","11":"pa_size-25-centimeters","13":"first","14":"instock","15":"shipping-taxable","16":"purchasable","17":"product-type-simple","18":"customify-col","19":"product-has-gallery"},"yoast_head":"<!-- This site is optimized with the Yoast SEO plugin v27.4 - https:\/\/yoast.com\/product\/yoast-seo-wordpress\/ -->\n<title>Striefchen\u00ae Taufkerze f\u00fcr Jungen mit Namen u. Taufdatum sowie eigenen Taufspruch 8 x 25 cm - Motiv Segelschiff - Markt-XXL<\/title>\n<meta name=\"description\" content=\"Markt-XXL Striefchen\u00ae Taufkerze f\u00fcr Jungen mit Namen u. Taufdatum sowie eigenen Taufspruch 8 x 25 cm - Motiv Segelschiff\" \/>\n<meta name=\"robots\" content=\"index, follow, max-snippet:-1, max-image-preview:large, max-video-preview:-1\" \/>\n<link rel=\"canonical\" href=\"https:\/\/marktxxl.de\/markt\/produkt\/striefchen-taufkerze-fuer-jungen-mit-namen-u-taufdatum-sowie-eigenen-taufspruch-8x25-cm-motiv-segelschiff\/\" \/>\n<meta property=\"og:locale\" content=\"de_DE\" \/>\n<meta property=\"og:type\" content=\"article\" \/>\n<meta property=\"og:title\" content=\"Striefchen\u00ae Taufkerze f\u00fcr Jungen mit Namen u. Taufdatum sowie eigenen Taufspruch 8 x 25 cm - Motiv Segelschiff - Markt-XXL\" \/>\n<meta property=\"og:description\" content=\"Markt-XXL Striefchen\u00ae Taufkerze f\u00fcr Jungen mit Namen u. Taufdatum sowie eigenen Taufspruch 8 x 25 cm - Motiv Segelschiff\" \/>\n<meta property=\"og:url\" content=\"https:\/\/marktxxl.de\/markt\/produkt\/striefchen-taufkerze-fuer-jungen-mit-namen-u-taufdatum-sowie-eigenen-taufspruch-8x25-cm-motiv-segelschiff\/\" \/>\n<meta property=\"og:site_name\" content=\"Markt-XXL\" \/>\n<meta property=\"article:modified_time\" content=\"2023-04-11T02:12:23+00:00\" \/>\n<meta property=\"og:image\" content=\"https:\/\/m.media-amazon.com\/images\/I\/31gkrDpHYiL._SL500_.jpg\" \/>\n\t<meta property=\"og:image:width\" content=\"500\" \/>\n\t<meta property=\"og:image:height\" content=\"500\" \/>\n\t<meta property=\"og:image:type\" content=\"image\/jpeg\" \/>\n<meta name=\"twitter:card\" content=\"summary_large_image\" \/>\n<meta name=\"twitter:label1\" content=\"Gesch\u00e4tzte Lesezeit\" \/>\n\t<meta name=\"twitter:data1\" content=\"1\u00a0Minute\" \/>\n<script type=\"application\/ld+json\" class=\"yoast-schema-graph\">{\"@context\":\"https:\\\/\\\/schema.org\",\"@graph\":[{\"@type\":\"WebPage\",\"@id\":\"https:\\\/\\\/marktxxl.de\\\/markt\\\/produkt\\\/striefchen-taufkerze-fuer-jungen-mit-namen-u-taufdatum-sowie-eigenen-taufspruch-8x25-cm-motiv-segelschiff\\\/\",\"url\":\"https:\\\/\\\/marktxxl.de\\\/markt\\\/produkt\\\/striefchen-taufkerze-fuer-jungen-mit-namen-u-taufdatum-sowie-eigenen-taufspruch-8x25-cm-motiv-segelschiff\\\/\",\"name\":\"Striefchen\u00ae Taufkerze f\u00fcr Jungen mit Namen u. Taufdatum sowie eigenen Taufspruch 8 x 25 cm - Motiv Segelschiff - Markt-XXL\",\"isPartOf\":{\"@id\":\"https:\\\/\\\/marktxxl.de\\\/markt\\\/#website\"},\"primaryImageOfPage\":{\"@id\":\"https:\\\/\\\/marktxxl.de\\\/markt\\\/produkt\\\/striefchen-taufkerze-fuer-jungen-mit-namen-u-taufdatum-sowie-eigenen-taufspruch-8x25-cm-motiv-segelschiff\\\/#primaryimage\"},\"image\":{\"@id\":\"https:\\\/\\\/marktxxl.de\\\/markt\\\/produkt\\\/striefchen-taufkerze-fuer-jungen-mit-namen-u-taufdatum-sowie-eigenen-taufspruch-8x25-cm-motiv-segelschiff\\\/#primaryimage\"},\"thumbnailUrl\":\"https:\\\/\\\/m.media-amazon.com\\\/images\\\/I\\\/31gkrDpHYiL._SL500_.jpg\",\"datePublished\":\"2022-07-14T00:35:16+00:00\",\"dateModified\":\"2023-04-11T02:12:23+00:00\",\"description\":\"Markt-XXL Striefchen\u00ae Taufkerze f\u00fcr Jungen mit Namen u. Taufdatum sowie eigenen Taufspruch 8 x 25 cm - Motiv Segelschiff\",\"breadcrumb\":{\"@id\":\"https:\\\/\\\/marktxxl.de\\\/markt\\\/produkt\\\/striefchen-taufkerze-fuer-jungen-mit-namen-u-taufdatum-sowie-eigenen-taufspruch-8x25-cm-motiv-segelschiff\\\/#breadcrumb\"},\"inLanguage\":\"de\",\"potentialAction\":[{\"@type\":\"ReadAction\",\"target\":[\"https:\\\/\\\/marktxxl.de\\\/markt\\\/produkt\\\/striefchen-taufkerze-fuer-jungen-mit-namen-u-taufdatum-sowie-eigenen-taufspruch-8x25-cm-motiv-segelschiff\\\/\"]}]},{\"@type\":\"ImageObject\",\"inLanguage\":\"de\",\"@id\":\"https:\\\/\\\/marktxxl.de\\\/markt\\\/produkt\\\/striefchen-taufkerze-fuer-jungen-mit-namen-u-taufdatum-sowie-eigenen-taufspruch-8x25-cm-motiv-segelschiff\\\/#primaryimage\",\"url\":\"https:\\\/\\\/m.media-amazon.com\\\/images\\\/I\\\/31gkrDpHYiL._SL500_.jpg\",\"contentUrl\":\"https:\\\/\\\/m.media-amazon.com\\\/images\\\/I\\\/31gkrDpHYiL._SL500_.jpg\",\"width\":500,\"height\":500},{\"@type\":\"BreadcrumbList\",\"@id\":\"https:\\\/\\\/marktxxl.de\\\/markt\\\/produkt\\\/striefchen-taufkerze-fuer-jungen-mit-namen-u-taufdatum-sowie-eigenen-taufspruch-8x25-cm-motiv-segelschiff\\\/#breadcrumb\",\"itemListElement\":[{\"@type\":\"ListItem\",\"position\":1,\"name\":\"Startseite\",\"item\":\"https:\\\/\\\/marktxxl.de\\\/markt\\\/\"},{\"@type\":\"ListItem\",\"position\":2,\"name\":\"Markt\",\"item\":\"https:\\\/\\\/marktxxl.de\\\/markt\\\/\"},{\"@type\":\"ListItem\",\"position\":3,\"name\":\"Striefchen\u00ae Taufkerze f\u00fcr Jungen mit Namen u. Taufdatum sowie eigenen Taufspruch 8 x 25 cm &#8211; Motiv Segelschiff\"}]},{\"@type\":\"WebSite\",\"@id\":\"https:\\\/\\\/marktxxl.de\\\/markt\\\/#website\",\"url\":\"https:\\\/\\\/marktxxl.de\\\/markt\\\/\",\"name\":\"Markt-XXL\",\"description\":\"Ihr Markt Online\",\"publisher\":{\"@id\":\"https:\\\/\\\/marktxxl.de\\\/markt\\\/#organization\"},\"potentialAction\":[{\"@type\":\"SearchAction\",\"target\":{\"@type\":\"EntryPoint\",\"urlTemplate\":\"https:\\\/\\\/marktxxl.de\\\/markt\\\/?s={search_term_string}\"},\"query-input\":{\"@type\":\"PropertyValueSpecification\",\"valueRequired\":true,\"valueName\":\"search_term_string\"}}],\"inLanguage\":\"de\"},{\"@type\":\"Organization\",\"@id\":\"https:\\\/\\\/marktxxl.de\\\/markt\\\/#organization\",\"name\":\"Markt-XXL\",\"url\":\"https:\\\/\\\/marktxxl.de\\\/markt\\\/\",\"logo\":{\"@type\":\"ImageObject\",\"inLanguage\":\"de\",\"@id\":\"https:\\\/\\\/marktxxl.de\\\/markt\\\/#\\\/schema\\\/logo\\\/image\\\/\",\"url\":\"https:\\\/\\\/marktxxl.de\\\/markt\\\/wp-content\\\/uploads\\\/sites\\\/3\\\/2020\\\/12\\\/logo.png\",\"contentUrl\":\"https:\\\/\\\/marktxxl.de\\\/markt\\\/wp-content\\\/uploads\\\/sites\\\/3\\\/2020\\\/12\\\/logo.png\",\"width\":200,\"height\":70,\"caption\":\"Markt-XXL\"},\"image\":{\"@id\":\"https:\\\/\\\/marktxxl.de\\\/markt\\\/#\\\/schema\\\/logo\\\/image\\\/\"}}]}<\/script>\n<!-- \/ Yoast SEO plugin. -->","yoast_head_json":{"title":"Striefchen\u00ae Taufkerze f\u00fcr Jungen mit Namen u. Taufdatum sowie eigenen Taufspruch 8 x 25 cm - Motiv Segelschiff - Markt-XXL","description":"Markt-XXL Striefchen\u00ae Taufkerze f\u00fcr Jungen mit Namen u. Taufdatum sowie eigenen Taufspruch 8 x 25 cm - Motiv Segelschiff","robots":{"index":"index","follow":"follow","max-snippet":"max-snippet:-1","max-image-preview":"max-image-preview:large","max-video-preview":"max-video-preview:-1"},"canonical":"https:\/\/marktxxl.de\/markt\/produkt\/striefchen-taufkerze-fuer-jungen-mit-namen-u-taufdatum-sowie-eigenen-taufspruch-8x25-cm-motiv-segelschiff\/","og_locale":"de_DE","og_type":"article","og_title":"Striefchen\u00ae Taufkerze f\u00fcr Jungen mit Namen u. Taufdatum sowie eigenen Taufspruch 8 x 25 cm - Motiv Segelschiff - Markt-XXL","og_description":"Markt-XXL Striefchen\u00ae Taufkerze f\u00fcr Jungen mit Namen u. Taufdatum sowie eigenen Taufspruch 8 x 25 cm - Motiv Segelschiff","og_url":"https:\/\/marktxxl.de\/markt\/produkt\/striefchen-taufkerze-fuer-jungen-mit-namen-u-taufdatum-sowie-eigenen-taufspruch-8x25-cm-motiv-segelschiff\/","og_site_name":"Markt-XXL","article_modified_time":"2023-04-11T02:12:23+00:00","og_image":[{"width":500,"height":500,"url":"https:\/\/m.media-amazon.com\/images\/I\/31gkrDpHYiL._SL500_.jpg","type":"image\/jpeg"}],"twitter_card":"summary_large_image","twitter_misc":{"Gesch\u00e4tzte Lesezeit":"1\u00a0Minute"},"schema":{"@context":"https:\/\/schema.org","@graph":[{"@type":"WebPage","@id":"https:\/\/marktxxl.de\/markt\/produkt\/striefchen-taufkerze-fuer-jungen-mit-namen-u-taufdatum-sowie-eigenen-taufspruch-8x25-cm-motiv-segelschiff\/","url":"https:\/\/marktxxl.de\/markt\/produkt\/striefchen-taufkerze-fuer-jungen-mit-namen-u-taufdatum-sowie-eigenen-taufspruch-8x25-cm-motiv-segelschiff\/","name":"Striefchen\u00ae Taufkerze f\u00fcr Jungen mit Namen u. Taufdatum sowie eigenen Taufspruch 8 x 25 cm - Motiv Segelschiff - Markt-XXL","isPartOf":{"@id":"https:\/\/marktxxl.de\/markt\/#website"},"primaryImageOfPage":{"@id":"https:\/\/marktxxl.de\/markt\/produkt\/striefchen-taufkerze-fuer-jungen-mit-namen-u-taufdatum-sowie-eigenen-taufspruch-8x25-cm-motiv-segelschiff\/#primaryimage"},"image":{"@id":"https:\/\/marktxxl.de\/markt\/produkt\/striefchen-taufkerze-fuer-jungen-mit-namen-u-taufdatum-sowie-eigenen-taufspruch-8x25-cm-motiv-segelschiff\/#primaryimage"},"thumbnailUrl":"https:\/\/m.media-amazon.com\/images\/I\/31gkrDpHYiL._SL500_.jpg","datePublished":"2022-07-14T00:35:16+00:00","dateModified":"2023-04-11T02:12:23+00:00","description":"Markt-XXL Striefchen\u00ae Taufkerze f\u00fcr Jungen mit Namen u. Taufdatum sowie eigenen Taufspruch 8 x 25 cm - Motiv Segelschiff","breadcrumb":{"@id":"https:\/\/marktxxl.de\/markt\/produkt\/striefchen-taufkerze-fuer-jungen-mit-namen-u-taufdatum-sowie-eigenen-taufspruch-8x25-cm-motiv-segelschiff\/#breadcrumb"},"inLanguage":"de","potentialAction":[{"@type":"ReadAction","target":["https:\/\/marktxxl.de\/markt\/produkt\/striefchen-taufkerze-fuer-jungen-mit-namen-u-taufdatum-sowie-eigenen-taufspruch-8x25-cm-motiv-segelschiff\/"]}]},{"@type":"ImageObject","inLanguage":"de","@id":"https:\/\/marktxxl.de\/markt\/produkt\/striefchen-taufkerze-fuer-jungen-mit-namen-u-taufdatum-sowie-eigenen-taufspruch-8x25-cm-motiv-segelschiff\/#primaryimage","url":"https:\/\/m.media-amazon.com\/images\/I\/31gkrDpHYiL._SL500_.jpg","contentUrl":"https:\/\/m.media-amazon.com\/images\/I\/31gkrDpHYiL._SL500_.jpg","width":500,"height":500},{"@type":"BreadcrumbList","@id":"https:\/\/marktxxl.de\/markt\/produkt\/striefchen-taufkerze-fuer-jungen-mit-namen-u-taufdatum-sowie-eigenen-taufspruch-8x25-cm-motiv-segelschiff\/#breadcrumb","itemListElement":[{"@type":"ListItem","position":1,"name":"Startseite","item":"https:\/\/marktxxl.de\/markt\/"},{"@type":"ListItem","position":2,"name":"Markt","item":"https:\/\/marktxxl.de\/markt\/"},{"@type":"ListItem","position":3,"name":"Striefchen\u00ae Taufkerze f\u00fcr Jungen mit Namen u. Taufdatum sowie eigenen Taufspruch 8 x 25 cm &#8211; Motiv Segelschiff"}]},{"@type":"WebSite","@id":"https:\/\/marktxxl.de\/markt\/#website","url":"https:\/\/marktxxl.de\/markt\/","name":"Markt-XXL","description":"Ihr Markt Online","publisher":{"@id":"https:\/\/marktxxl.de\/markt\/#organization"},"potentialAction":[{"@type":"SearchAction","target":{"@type":"EntryPoint","urlTemplate":"https:\/\/marktxxl.de\/markt\/?s={search_term_string}"},"query-input":{"@type":"PropertyValueSpecification","valueRequired":true,"valueName":"search_term_string"}}],"inLanguage":"de"},{"@type":"Organization","@id":"https:\/\/marktxxl.de\/markt\/#organization","name":"Markt-XXL","url":"https:\/\/marktxxl.de\/markt\/","logo":{"@type":"ImageObject","inLanguage":"de","@id":"https:\/\/marktxxl.de\/markt\/#\/schema\/logo\/image\/","url":"https:\/\/marktxxl.de\/markt\/wp-content\/uploads\/sites\/3\/2020\/12\/logo.png","contentUrl":"https:\/\/marktxxl.de\/markt\/wp-content\/uploads\/sites\/3\/2020\/12\/logo.png","width":200,"height":70,"caption":"Markt-XXL"},"image":{"@id":"https:\/\/marktxxl.de\/markt\/#\/schema\/logo\/image\/"}}]}},"_links":{"self":[{"href":"https:\/\/marktxxl.de\/markt\/wp-json\/wp\/v2\/product\/136642","targetHints":{"allow":["GET"]}}],"collection":[{"href":"https:\/\/marktxxl.de\/markt\/wp-json\/wp\/v2\/product"}],"about":[{"href":"https:\/\/marktxxl.de\/markt\/wp-json\/wp\/v2\/types\/product"}],"replies":[{"embeddable":true,"href":"https:\/\/marktxxl.de\/markt\/wp-json\/wp\/v2\/comments?post=136642"}],"wp:featuredmedia":[{"embeddable":true,"href":"https:\/\/marktxxl.de\/markt\/wp-json\/wp\/v2\/media\/136643"}],"wp:attachment":[{"href":"https:\/\/marktxxl.de\/markt\/wp-json\/wp\/v2\/media?parent=136642"}],"wp:term":[{"taxonomy":"product_brand","embeddable":true,"href":"https:\/\/marktxxl.de\/markt\/wp-json\/wp\/v2\/product_brand?post=136642"},{"taxonomy":"product_cat","embeddable":true,"href":"https:\/\/marktxxl.de\/markt\/wp-json\/wp\/v2\/product_cat?post=136642"},{"taxonomy":"product_tag","embeddable":true,"href":"https:\/\/marktxxl.de\/markt\/wp-json\/wp\/v2\/product_tag?post=136642"}],"curies":[{"name":"wp","href":"https:\/\/api.w.org\/{rel}","templated":true}]}}