{"id":136588,"date":"2022-07-14T02:05:02","date_gmt":"2022-07-14T00:05:02","guid":{"rendered":"https:\/\/marktxxl.de\/markt\/produkt\/minecraft-dressing-gown-zombie-und-sword-boys-dressing-gown-night-robe\/"},"modified":"2023-04-11T04:12:22","modified_gmt":"2023-04-11T02:12:22","slug":"minecraft-dressing-gown-zombie-und-sword-boys-dressing-gown-night-robe","status":"publish","type":"product","link":"https:\/\/marktxxl.de\/markt\/produkt\/minecraft-dressing-gown-zombie-und-sword-boys-dressing-gown-night-robe\/","title":{"rendered":"Minecraft Dressing Gown Zombie und Sword Boys Dressing Gown Night Robe"},"content":{"rendered":"<p>MINECRAFT-KLEIDKLEID F\u00dcR JUNGEN UND M\u00c4DCHEN &#8211; Der Minecraft-Bademantel f\u00fcr Kinder und Jugendliche verf\u00fcgt \u00fcber einen weichen Kapuzenhals, einen flauschigen gr\u00fcnen Krawatteng\u00fcrtel und lange \u00c4rmel, damit Ihre Kleinen warm und bequem bleiben und in Minecraft Zombie perfekt schlafen k\u00f6nnen Stil!<br \/>\nZOMBIE-KLEIDUNGSKLEID IN VERSCHIEDENEN GR\u00d6SSEN ERH\u00c4LTLICH &#8211; Dieser Minecraft-Gaming-Bademantel f\u00fcr M\u00e4dchen und Jungen ist in verschiedenen Gr\u00f6\u00dfen erh\u00e4ltlich. 7-8, 9-10, 11-12 und 13-14 Jahre. Sie haben eine normale Passform f\u00fcr Kinder und sind weich und flauschig f\u00fcr ultimativen Komfort. Sie eignen sich hervorragend als Minecraft-Geburtstagsgeschenk oder f\u00fcr jeden besonderen Anlass!<br \/>\n100% POLYESTER MINECRAFT-GESCHENK &#8211; Die Minecraft-Kleidung f\u00fcr Jungen besteht aus Polyester f\u00fcr ein weiches und hochwertiges Gef\u00fchl. Hervorragend geeignet f\u00fcr Minecraft-Spiele, zum Faulenzen und wenn Sie in den k\u00e4lteren N\u00e4chten etwas W\u00e4rmeres zum Tragen ben\u00f6tigen &#8211; auch perfekt f\u00fcr einen guten Schlaf!<br \/>\nMINECRAFT BATHROBE FOR KIDS &#8211; Minecraft-Waren f\u00fcr Kinder zeigen einen Allover-Druck von Zombie und dem Schwertwerkzeug in einem leuchtenden Gr\u00fcn, das sich von der blauen, flauschigen Fleece-Robe abhebt und ein fantastisches Minecraft-Geschenk f\u00fcr Gamer darstellt.<br \/>\nOFFIZIELL LIZENZIERTE MINECRAFT-WAREN &#8211; Dieser Minecraft-Bademantel ist 100% offizielle Minecraft-Ware und das perfekte Geschenk f\u00fcr alle Minecraft-Spieler! Um dieses Produkt optimal nutzen zu k\u00f6nnen, befolgen Sie bitte vor dem Gebrauch alle Anweisungen auf dem Wasch- und Pflegeetikett.<br \/>\n<div class=\"main-cross-sell\" data-asin=\"B07W7SLYFN\">\n\n\t<div class=\"WooZone-cross-sell-loader\">\n\t\t<div>\n\t\t\t<div id=\"floatingBarsG\">\n\t\t\t\t<div class=\"blockG\" id=\"rotateG_01\"><\/div>\n\t\t\t\t<div class=\"blockG\" id=\"rotateG_02\"><\/div>\n\t\t\t\t<div class=\"blockG\" id=\"rotateG_03\"><\/div>\n\t\t\t\t<div class=\"blockG\" id=\"rotateG_04\"><\/div>\n\t\t\t\t<div class=\"blockG\" id=\"rotateG_05\"><\/div>\n\t\t\t\t<div class=\"blockG\" id=\"rotateG_06\"><\/div>\n\t\t\t\t<div class=\"blockG\" id=\"rotateG_07\"><\/div>\n\t\t\t\t<div class=\"blockG\" id=\"rotateG_08\"><\/div>\n\t\t\t<\/div>\n\t\t\t<div class=\"WooZone-cross-sell-loader-text\"><\/div>\n\t\t<\/div>\n\t<\/div>\n\n\t\t\n<\/div>\n<div style=\"clear:both;\"><\/div><\/p>\n","protected":false},"excerpt":{"rendered":"<p>MINECRAFT-KLEIDKLEID F\u00dcR JUNGEN UND M\u00c4DCHEN &#8211; Der Minecraft-Bademantel f\u00fcr Kinder und Jugendliche verf\u00fcgt \u00fcber einen weichen Kapuzenhals, einen flauschigen gr\u00fcnen Krawatteng\u00fcrtel und lange \u00c4rmel, damit Ihre Kleinen warm und bequem bleiben und in Minecraft Zombie perfekt schlafen k\u00f6nnen Stil!<br \/>\nZOMBIE-KLEIDUNGSKLEID IN VERSCHIEDENEN GR\u00d6SSEN ERH\u00c4LTLICH &#8211; Dieser Minecraft-Gaming-Bademantel f\u00fcr M\u00e4dchen und Jungen ist in verschiedenen Gr\u00f6\u00dfen erh\u00e4ltlich. 7-8, 9-10, 11-12 und 13-14 Jahre. Sie haben eine normale Passform f\u00fcr Kinder und sind weich und flauschig f\u00fcr ultimativen Komfort. Sie eignen sich hervorragend als Minecraft-Geburtstagsgeschenk oder f\u00fcr jeden besonderen Anlass!<br \/>\n100% POLYESTER MINECRAFT-GESCHENK &#8211; Die Minecraft-Kleidung f\u00fcr Jungen besteht aus Polyester f\u00fcr ein weiches und hochwertiges Gef\u00fchl. Hervorragend geeignet f\u00fcr Minecraft-Spiele, zum Faulenzen und wenn Sie in den k\u00e4lteren N\u00e4chten etwas W\u00e4rmeres zum Tragen ben\u00f6tigen &#8211; auch perfekt f\u00fcr einen guten Schlaf!<\/p>\n","protected":false},"featured_media":136589,"comment_status":"open","ping_status":"closed","template":"","meta":[],"product_brand":[],"product_cat":[1186,4034],"product_tag":[],"class_list":{"0":"post-136588","1":"product","2":"type-product","3":"status-publish","4":"has-post-thumbnail","6":"product_cat-bekleidung","7":"product_cat-jungen","8":"pa_brand-vanilla-underground","9":"pa_color-blau","10":"pa_height-1-968503935-zoll","11":"pa_length-9-842519675-zoll","12":"pa_manufacturer-vanilla-underground","13":"pa_size-13-14-jahre","14":"pa_weight-0-220462262-pfund","15":"pa_width-7-87401574-zoll","17":"first","18":"instock","19":"shipping-taxable","20":"purchasable","21":"product-type-simple","22":"customify-col","23":"product-has-gallery"},"yoast_head":"<!-- This site is optimized with the Yoast SEO plugin v27.3 - https:\/\/yoast.com\/product\/yoast-seo-wordpress\/ -->\n<title>Minecraft Dressing Gown Zombie und Sword Boys Dressing Gown Night Robe - Markt-XXL<\/title>\n<meta name=\"description\" content=\"Markt-XXL Minecraft Dressing Gown Zombie und Sword Boys Dressing Gown Night Robe\" \/>\n<meta name=\"robots\" content=\"index, follow, max-snippet:-1, max-image-preview:large, max-video-preview:-1\" \/>\n<link rel=\"canonical\" href=\"https:\/\/marktxxl.de\/markt\/produkt\/minecraft-dressing-gown-zombie-und-sword-boys-dressing-gown-night-robe\/\" \/>\n<meta property=\"og:locale\" content=\"de_DE\" \/>\n<meta property=\"og:type\" content=\"article\" \/>\n<meta property=\"og:title\" content=\"Minecraft Dressing Gown Zombie und Sword Boys Dressing Gown Night Robe - Markt-XXL\" \/>\n<meta property=\"og:description\" content=\"Markt-XXL Minecraft Dressing Gown Zombie und Sword Boys Dressing Gown Night Robe\" \/>\n<meta property=\"og:url\" content=\"https:\/\/marktxxl.de\/markt\/produkt\/minecraft-dressing-gown-zombie-und-sword-boys-dressing-gown-night-robe\/\" \/>\n<meta property=\"og:site_name\" content=\"Markt-XXL\" \/>\n<meta property=\"article:modified_time\" content=\"2023-04-11T02:12:22+00:00\" \/>\n<meta property=\"og:image\" content=\"https:\/\/m.media-amazon.com\/images\/I\/51PYHdvpRbL._SL500_.jpg\" \/>\n\t<meta property=\"og:image:width\" content=\"393\" \/>\n\t<meta property=\"og:image:height\" content=\"500\" \/>\n\t<meta property=\"og:image:type\" content=\"image\/jpeg\" \/>\n<meta name=\"twitter:card\" content=\"summary_large_image\" \/>\n<meta name=\"twitter:label1\" content=\"Gesch\u00e4tzte Lesezeit\" \/>\n\t<meta name=\"twitter:data1\" content=\"1\u00a0Minute\" \/>\n<script type=\"application\/ld+json\" class=\"yoast-schema-graph\">{\"@context\":\"https:\\\/\\\/schema.org\",\"@graph\":[{\"@type\":\"WebPage\",\"@id\":\"https:\\\/\\\/marktxxl.de\\\/markt\\\/produkt\\\/minecraft-dressing-gown-zombie-und-sword-boys-dressing-gown-night-robe\\\/\",\"url\":\"https:\\\/\\\/marktxxl.de\\\/markt\\\/produkt\\\/minecraft-dressing-gown-zombie-und-sword-boys-dressing-gown-night-robe\\\/\",\"name\":\"Minecraft Dressing Gown Zombie und Sword Boys Dressing Gown Night Robe - Markt-XXL\",\"isPartOf\":{\"@id\":\"https:\\\/\\\/marktxxl.de\\\/markt\\\/#website\"},\"primaryImageOfPage\":{\"@id\":\"https:\\\/\\\/marktxxl.de\\\/markt\\\/produkt\\\/minecraft-dressing-gown-zombie-und-sword-boys-dressing-gown-night-robe\\\/#primaryimage\"},\"image\":{\"@id\":\"https:\\\/\\\/marktxxl.de\\\/markt\\\/produkt\\\/minecraft-dressing-gown-zombie-und-sword-boys-dressing-gown-night-robe\\\/#primaryimage\"},\"thumbnailUrl\":\"https:\\\/\\\/m.media-amazon.com\\\/images\\\/I\\\/51PYHdvpRbL._SL500_.jpg\",\"datePublished\":\"2022-07-14T00:05:02+00:00\",\"dateModified\":\"2023-04-11T02:12:22+00:00\",\"description\":\"Markt-XXL Minecraft Dressing Gown Zombie und Sword Boys Dressing Gown Night Robe\",\"breadcrumb\":{\"@id\":\"https:\\\/\\\/marktxxl.de\\\/markt\\\/produkt\\\/minecraft-dressing-gown-zombie-und-sword-boys-dressing-gown-night-robe\\\/#breadcrumb\"},\"inLanguage\":\"de\",\"potentialAction\":[{\"@type\":\"ReadAction\",\"target\":[\"https:\\\/\\\/marktxxl.de\\\/markt\\\/produkt\\\/minecraft-dressing-gown-zombie-und-sword-boys-dressing-gown-night-robe\\\/\"]}]},{\"@type\":\"ImageObject\",\"inLanguage\":\"de\",\"@id\":\"https:\\\/\\\/marktxxl.de\\\/markt\\\/produkt\\\/minecraft-dressing-gown-zombie-und-sword-boys-dressing-gown-night-robe\\\/#primaryimage\",\"url\":\"https:\\\/\\\/m.media-amazon.com\\\/images\\\/I\\\/51PYHdvpRbL._SL500_.jpg\",\"contentUrl\":\"https:\\\/\\\/m.media-amazon.com\\\/images\\\/I\\\/51PYHdvpRbL._SL500_.jpg\",\"width\":393,\"height\":500},{\"@type\":\"BreadcrumbList\",\"@id\":\"https:\\\/\\\/marktxxl.de\\\/markt\\\/produkt\\\/minecraft-dressing-gown-zombie-und-sword-boys-dressing-gown-night-robe\\\/#breadcrumb\",\"itemListElement\":[{\"@type\":\"ListItem\",\"position\":1,\"name\":\"Startseite\",\"item\":\"https:\\\/\\\/marktxxl.de\\\/markt\\\/\"},{\"@type\":\"ListItem\",\"position\":2,\"name\":\"Markt\",\"item\":\"https:\\\/\\\/marktxxl.de\\\/markt\\\/\"},{\"@type\":\"ListItem\",\"position\":3,\"name\":\"Minecraft Dressing Gown Zombie und Sword Boys Dressing Gown Night Robe\"}]},{\"@type\":\"WebSite\",\"@id\":\"https:\\\/\\\/marktxxl.de\\\/markt\\\/#website\",\"url\":\"https:\\\/\\\/marktxxl.de\\\/markt\\\/\",\"name\":\"Markt-XXL\",\"description\":\"Ihr Markt Online\",\"publisher\":{\"@id\":\"https:\\\/\\\/marktxxl.de\\\/markt\\\/#organization\"},\"potentialAction\":[{\"@type\":\"SearchAction\",\"target\":{\"@type\":\"EntryPoint\",\"urlTemplate\":\"https:\\\/\\\/marktxxl.de\\\/markt\\\/?s={search_term_string}\"},\"query-input\":{\"@type\":\"PropertyValueSpecification\",\"valueRequired\":true,\"valueName\":\"search_term_string\"}}],\"inLanguage\":\"de\"},{\"@type\":\"Organization\",\"@id\":\"https:\\\/\\\/marktxxl.de\\\/markt\\\/#organization\",\"name\":\"Markt-XXL\",\"url\":\"https:\\\/\\\/marktxxl.de\\\/markt\\\/\",\"logo\":{\"@type\":\"ImageObject\",\"inLanguage\":\"de\",\"@id\":\"https:\\\/\\\/marktxxl.de\\\/markt\\\/#\\\/schema\\\/logo\\\/image\\\/\",\"url\":\"https:\\\/\\\/marktxxl.de\\\/markt\\\/wp-content\\\/uploads\\\/sites\\\/3\\\/2020\\\/12\\\/logo.png\",\"contentUrl\":\"https:\\\/\\\/marktxxl.de\\\/markt\\\/wp-content\\\/uploads\\\/sites\\\/3\\\/2020\\\/12\\\/logo.png\",\"width\":200,\"height\":70,\"caption\":\"Markt-XXL\"},\"image\":{\"@id\":\"https:\\\/\\\/marktxxl.de\\\/markt\\\/#\\\/schema\\\/logo\\\/image\\\/\"}}]}<\/script>\n<!-- \/ Yoast SEO plugin. -->","yoast_head_json":{"title":"Minecraft Dressing Gown Zombie und Sword Boys Dressing Gown Night Robe - Markt-XXL","description":"Markt-XXL Minecraft Dressing Gown Zombie und Sword Boys Dressing Gown Night Robe","robots":{"index":"index","follow":"follow","max-snippet":"max-snippet:-1","max-image-preview":"max-image-preview:large","max-video-preview":"max-video-preview:-1"},"canonical":"https:\/\/marktxxl.de\/markt\/produkt\/minecraft-dressing-gown-zombie-und-sword-boys-dressing-gown-night-robe\/","og_locale":"de_DE","og_type":"article","og_title":"Minecraft Dressing Gown Zombie und Sword Boys Dressing Gown Night Robe - Markt-XXL","og_description":"Markt-XXL Minecraft Dressing Gown Zombie und Sword Boys Dressing Gown Night Robe","og_url":"https:\/\/marktxxl.de\/markt\/produkt\/minecraft-dressing-gown-zombie-und-sword-boys-dressing-gown-night-robe\/","og_site_name":"Markt-XXL","article_modified_time":"2023-04-11T02:12:22+00:00","og_image":[{"width":393,"height":500,"url":"https:\/\/m.media-amazon.com\/images\/I\/51PYHdvpRbL._SL500_.jpg","type":"image\/jpeg"}],"twitter_card":"summary_large_image","twitter_misc":{"Gesch\u00e4tzte Lesezeit":"1\u00a0Minute"},"schema":{"@context":"https:\/\/schema.org","@graph":[{"@type":"WebPage","@id":"https:\/\/marktxxl.de\/markt\/produkt\/minecraft-dressing-gown-zombie-und-sword-boys-dressing-gown-night-robe\/","url":"https:\/\/marktxxl.de\/markt\/produkt\/minecraft-dressing-gown-zombie-und-sword-boys-dressing-gown-night-robe\/","name":"Minecraft Dressing Gown Zombie und Sword Boys Dressing Gown Night Robe - Markt-XXL","isPartOf":{"@id":"https:\/\/marktxxl.de\/markt\/#website"},"primaryImageOfPage":{"@id":"https:\/\/marktxxl.de\/markt\/produkt\/minecraft-dressing-gown-zombie-und-sword-boys-dressing-gown-night-robe\/#primaryimage"},"image":{"@id":"https:\/\/marktxxl.de\/markt\/produkt\/minecraft-dressing-gown-zombie-und-sword-boys-dressing-gown-night-robe\/#primaryimage"},"thumbnailUrl":"https:\/\/m.media-amazon.com\/images\/I\/51PYHdvpRbL._SL500_.jpg","datePublished":"2022-07-14T00:05:02+00:00","dateModified":"2023-04-11T02:12:22+00:00","description":"Markt-XXL Minecraft Dressing Gown Zombie und Sword Boys Dressing Gown Night Robe","breadcrumb":{"@id":"https:\/\/marktxxl.de\/markt\/produkt\/minecraft-dressing-gown-zombie-und-sword-boys-dressing-gown-night-robe\/#breadcrumb"},"inLanguage":"de","potentialAction":[{"@type":"ReadAction","target":["https:\/\/marktxxl.de\/markt\/produkt\/minecraft-dressing-gown-zombie-und-sword-boys-dressing-gown-night-robe\/"]}]},{"@type":"ImageObject","inLanguage":"de","@id":"https:\/\/marktxxl.de\/markt\/produkt\/minecraft-dressing-gown-zombie-und-sword-boys-dressing-gown-night-robe\/#primaryimage","url":"https:\/\/m.media-amazon.com\/images\/I\/51PYHdvpRbL._SL500_.jpg","contentUrl":"https:\/\/m.media-amazon.com\/images\/I\/51PYHdvpRbL._SL500_.jpg","width":393,"height":500},{"@type":"BreadcrumbList","@id":"https:\/\/marktxxl.de\/markt\/produkt\/minecraft-dressing-gown-zombie-und-sword-boys-dressing-gown-night-robe\/#breadcrumb","itemListElement":[{"@type":"ListItem","position":1,"name":"Startseite","item":"https:\/\/marktxxl.de\/markt\/"},{"@type":"ListItem","position":2,"name":"Markt","item":"https:\/\/marktxxl.de\/markt\/"},{"@type":"ListItem","position":3,"name":"Minecraft Dressing Gown Zombie und Sword Boys Dressing Gown Night Robe"}]},{"@type":"WebSite","@id":"https:\/\/marktxxl.de\/markt\/#website","url":"https:\/\/marktxxl.de\/markt\/","name":"Markt-XXL","description":"Ihr Markt Online","publisher":{"@id":"https:\/\/marktxxl.de\/markt\/#organization"},"potentialAction":[{"@type":"SearchAction","target":{"@type":"EntryPoint","urlTemplate":"https:\/\/marktxxl.de\/markt\/?s={search_term_string}"},"query-input":{"@type":"PropertyValueSpecification","valueRequired":true,"valueName":"search_term_string"}}],"inLanguage":"de"},{"@type":"Organization","@id":"https:\/\/marktxxl.de\/markt\/#organization","name":"Markt-XXL","url":"https:\/\/marktxxl.de\/markt\/","logo":{"@type":"ImageObject","inLanguage":"de","@id":"https:\/\/marktxxl.de\/markt\/#\/schema\/logo\/image\/","url":"https:\/\/marktxxl.de\/markt\/wp-content\/uploads\/sites\/3\/2020\/12\/logo.png","contentUrl":"https:\/\/marktxxl.de\/markt\/wp-content\/uploads\/sites\/3\/2020\/12\/logo.png","width":200,"height":70,"caption":"Markt-XXL"},"image":{"@id":"https:\/\/marktxxl.de\/markt\/#\/schema\/logo\/image\/"}}]}},"_links":{"self":[{"href":"https:\/\/marktxxl.de\/markt\/wp-json\/wp\/v2\/product\/136588","targetHints":{"allow":["GET"]}}],"collection":[{"href":"https:\/\/marktxxl.de\/markt\/wp-json\/wp\/v2\/product"}],"about":[{"href":"https:\/\/marktxxl.de\/markt\/wp-json\/wp\/v2\/types\/product"}],"replies":[{"embeddable":true,"href":"https:\/\/marktxxl.de\/markt\/wp-json\/wp\/v2\/comments?post=136588"}],"wp:featuredmedia":[{"embeddable":true,"href":"https:\/\/marktxxl.de\/markt\/wp-json\/wp\/v2\/media\/136589"}],"wp:attachment":[{"href":"https:\/\/marktxxl.de\/markt\/wp-json\/wp\/v2\/media?parent=136588"}],"wp:term":[{"taxonomy":"product_brand","embeddable":true,"href":"https:\/\/marktxxl.de\/markt\/wp-json\/wp\/v2\/product_brand?post=136588"},{"taxonomy":"product_cat","embeddable":true,"href":"https:\/\/marktxxl.de\/markt\/wp-json\/wp\/v2\/product_cat?post=136588"},{"taxonomy":"product_tag","embeddable":true,"href":"https:\/\/marktxxl.de\/markt\/wp-json\/wp\/v2\/product_tag?post=136588"}],"curies":[{"name":"wp","href":"https:\/\/api.w.org\/{rel}","templated":true}]}}