{"id":136450,"date":"2022-07-14T01:40:49","date_gmt":"2022-07-13T23:40:49","guid":{"rendered":"https:\/\/marktxxl.de\/markt\/produkt\/lego-duplo-town-space-shuttle-mission-10944-building-toy-space-shuttle-creative-learning-playset-new-2021-23-pieces\/"},"modified":"2023-04-11T04:12:20","modified_gmt":"2023-04-11T02:12:20","slug":"lego-duplo-town-space-shuttle-mission-10944-building-toy-space-shuttle-creative-learning-playset-new-2021-23-pieces","status":"publish","type":"product","link":"https:\/\/marktxxl.de\/markt\/produkt\/lego-duplo-town-space-shuttle-mission-10944-building-toy-space-shuttle-creative-learning-playset-new-2021-23-pieces\/","title":{"rendered":"LEGO DUPLO Town Space Shuttle Mission 10944 Building Toy; Space Shuttle Creative Learning Playset, New 2021 (23 Pieces)"},"content":{"rendered":"<p>G\u00f6nnen Sie einem angehenden Astronauten der LEGO DUPLO Town Space Shuttle Mission (10944). Dieses vielseitige Spielset inspiriert endlose fantasievolle Rollenspiele und f\u00f6rdert die k\u00f6rperliche und geistige Entwicklung<br \/>\nEnth\u00e4lt m\u00e4nnliche und weibliche Astronauten-Figuren, ein baubares Raum-Shuttle mit einem sich \u00f6ffnenden K\u00f6rper und R\u00e4dern, die sich drehen, eine bewegliche Leiter und einen Buggy mit R\u00e4dern und einem Drehradar oben<br \/>\nKinder entwickeln ihr kognitives Denken, r\u00e4umliches Denken und Feinmotorik, w\u00e4hrend sie ein unendliches Universum des offenen Spiels erkunden<br \/>\nDieses Kleinkind-freundliche Space Shuttle-Spielzeug ist ein tolles Geschenk f\u00fcr Vorsch\u00fcler ab 2 Jahren; es ist ein tolles Geburtstags- oder Urlaubsgeschenk f\u00fcr Kinder<br \/>\nMisst \u00fcber 19 cm. (20 cm) hoch, 15,2 cm (15 cm) breit und 8,9 cm 9 cm tief. Das Spielset l\u00e4sst sich auf viele verschiedene Arten arrangieren und l\u00e4sst sich leicht mit anderen LEGO DUPLO Town Spielzeugen kombinieren<br \/>\n<div class=\"main-cross-sell\" data-asin=\"B08T21RZ2Q\">\n\n\t<div class=\"WooZone-cross-sell-loader\">\n\t\t<div>\n\t\t\t<div id=\"floatingBarsG\">\n\t\t\t\t<div class=\"blockG\" id=\"rotateG_01\"><\/div>\n\t\t\t\t<div class=\"blockG\" id=\"rotateG_02\"><\/div>\n\t\t\t\t<div class=\"blockG\" id=\"rotateG_03\"><\/div>\n\t\t\t\t<div class=\"blockG\" id=\"rotateG_04\"><\/div>\n\t\t\t\t<div class=\"blockG\" id=\"rotateG_05\"><\/div>\n\t\t\t\t<div class=\"blockG\" id=\"rotateG_06\"><\/div>\n\t\t\t\t<div class=\"blockG\" id=\"rotateG_07\"><\/div>\n\t\t\t\t<div class=\"blockG\" id=\"rotateG_08\"><\/div>\n\t\t\t<\/div>\n\t\t\t<div class=\"WooZone-cross-sell-loader-text\"><\/div>\n\t\t<\/div>\n\t<\/div>\n\n\t\t\n<\/div>\n<div style=\"clear:both;\"><\/div><\/p>\n","protected":false},"excerpt":{"rendered":"<p>G\u00f6nnen Sie einem angehenden Astronauten der LEGO DUPLO Town Space Shuttle Mission (10944). Dieses vielseitige Spielset inspiriert endlose fantasievolle Rollenspiele und f\u00f6rdert die k\u00f6rperliche und geistige Entwicklung<br \/>\nEnth\u00e4lt m\u00e4nnliche und weibliche Astronauten-Figuren, ein baubares Raum-Shuttle mit einem sich \u00f6ffnenden K\u00f6rper und R\u00e4dern, die sich drehen, eine bewegliche Leiter und einen Buggy mit R\u00e4dern und einem Drehradar oben<br \/>\nKinder entwickeln ihr kognitives Denken, r\u00e4umliches Denken und Feinmotorik, w\u00e4hrend sie ein unendliches Universum des offenen Spiels erkunden<\/p>\n","protected":false},"featured_media":136451,"comment_status":"open","ping_status":"closed","template":"","meta":[],"product_brand":[],"product_cat":[21],"product_tag":[],"class_list":{"0":"post-136450","1":"product","2":"type-product","3":"status-publish","4":"has-post-thumbnail","6":"product_cat-baby","7":"pa_binding-spielzeug","8":"pa_brand-lego","9":"pa_brand-thames-hudson","10":"pa_height-3-76-zoll","11":"pa_length-11-102-zoll","12":"pa_manufacturer-lego","13":"pa_model-38410","14":"pa_size-31746","15":"pa_width-10-315-zoll","17":"first","18":"instock","19":"shipping-taxable","20":"purchasable","21":"product-type-simple","22":"customify-col","23":"product-has-gallery"},"yoast_head":"<!-- This site is optimized with the Yoast SEO plugin v27.3 - https:\/\/yoast.com\/product\/yoast-seo-wordpress\/ -->\n<title>LEGO DUPLO Town Space Shuttle Mission 10944 Building Toy; Space Shuttle Creative Learning Playset, New 2021 (23 Pieces) - Markt-XXL<\/title>\n<meta name=\"description\" content=\"Markt-XXL LEGO DUPLO Town Space Shuttle Mission 10944 Building Toy; Space Shuttle Creative Learning Playset, New 2021 (23 Pieces)\" \/>\n<meta name=\"robots\" content=\"index, follow, max-snippet:-1, max-image-preview:large, max-video-preview:-1\" \/>\n<link rel=\"canonical\" href=\"https:\/\/marktxxl.de\/markt\/produkt\/lego-duplo-town-space-shuttle-mission-10944-building-toy-space-shuttle-creative-learning-playset-new-2021-23-pieces\/\" \/>\n<meta property=\"og:locale\" content=\"de_DE\" \/>\n<meta property=\"og:type\" content=\"article\" \/>\n<meta property=\"og:title\" content=\"LEGO DUPLO Town Space Shuttle Mission 10944 Building Toy; Space Shuttle Creative Learning Playset, New 2021 (23 Pieces) - Markt-XXL\" \/>\n<meta property=\"og:description\" content=\"Markt-XXL LEGO DUPLO Town Space Shuttle Mission 10944 Building Toy; Space Shuttle Creative Learning Playset, New 2021 (23 Pieces)\" \/>\n<meta property=\"og:url\" content=\"https:\/\/marktxxl.de\/markt\/produkt\/lego-duplo-town-space-shuttle-mission-10944-building-toy-space-shuttle-creative-learning-playset-new-2021-23-pieces\/\" \/>\n<meta property=\"og:site_name\" content=\"Markt-XXL\" \/>\n<meta property=\"article:modified_time\" content=\"2023-04-11T02:12:20+00:00\" \/>\n<meta property=\"og:image\" content=\"https:\/\/m.media-amazon.com\/images\/I\/51PT6YTGQdS._SL500_.jpg\" \/>\n\t<meta property=\"og:image:width\" content=\"500\" \/>\n\t<meta property=\"og:image:height\" content=\"500\" \/>\n\t<meta property=\"og:image:type\" content=\"image\/jpeg\" \/>\n<meta name=\"twitter:card\" content=\"summary_large_image\" \/>\n<meta name=\"twitter:label1\" content=\"Gesch\u00e4tzte Lesezeit\" \/>\n\t<meta name=\"twitter:data1\" content=\"1\u00a0Minute\" \/>\n<script type=\"application\/ld+json\" class=\"yoast-schema-graph\">{\"@context\":\"https:\\\/\\\/schema.org\",\"@graph\":[{\"@type\":\"WebPage\",\"@id\":\"https:\\\/\\\/marktxxl.de\\\/markt\\\/produkt\\\/lego-duplo-town-space-shuttle-mission-10944-building-toy-space-shuttle-creative-learning-playset-new-2021-23-pieces\\\/\",\"url\":\"https:\\\/\\\/marktxxl.de\\\/markt\\\/produkt\\\/lego-duplo-town-space-shuttle-mission-10944-building-toy-space-shuttle-creative-learning-playset-new-2021-23-pieces\\\/\",\"name\":\"LEGO DUPLO Town Space Shuttle Mission 10944 Building Toy; Space Shuttle Creative Learning Playset, New 2021 (23 Pieces) - Markt-XXL\",\"isPartOf\":{\"@id\":\"https:\\\/\\\/marktxxl.de\\\/markt\\\/#website\"},\"primaryImageOfPage\":{\"@id\":\"https:\\\/\\\/marktxxl.de\\\/markt\\\/produkt\\\/lego-duplo-town-space-shuttle-mission-10944-building-toy-space-shuttle-creative-learning-playset-new-2021-23-pieces\\\/#primaryimage\"},\"image\":{\"@id\":\"https:\\\/\\\/marktxxl.de\\\/markt\\\/produkt\\\/lego-duplo-town-space-shuttle-mission-10944-building-toy-space-shuttle-creative-learning-playset-new-2021-23-pieces\\\/#primaryimage\"},\"thumbnailUrl\":\"https:\\\/\\\/m.media-amazon.com\\\/images\\\/I\\\/51PT6YTGQdS._SL500_.jpg\",\"datePublished\":\"2022-07-13T23:40:49+00:00\",\"dateModified\":\"2023-04-11T02:12:20+00:00\",\"description\":\"Markt-XXL LEGO DUPLO Town Space Shuttle Mission 10944 Building Toy; Space Shuttle Creative Learning Playset, New 2021 (23 Pieces)\",\"breadcrumb\":{\"@id\":\"https:\\\/\\\/marktxxl.de\\\/markt\\\/produkt\\\/lego-duplo-town-space-shuttle-mission-10944-building-toy-space-shuttle-creative-learning-playset-new-2021-23-pieces\\\/#breadcrumb\"},\"inLanguage\":\"de\",\"potentialAction\":[{\"@type\":\"ReadAction\",\"target\":[\"https:\\\/\\\/marktxxl.de\\\/markt\\\/produkt\\\/lego-duplo-town-space-shuttle-mission-10944-building-toy-space-shuttle-creative-learning-playset-new-2021-23-pieces\\\/\"]}]},{\"@type\":\"ImageObject\",\"inLanguage\":\"de\",\"@id\":\"https:\\\/\\\/marktxxl.de\\\/markt\\\/produkt\\\/lego-duplo-town-space-shuttle-mission-10944-building-toy-space-shuttle-creative-learning-playset-new-2021-23-pieces\\\/#primaryimage\",\"url\":\"https:\\\/\\\/m.media-amazon.com\\\/images\\\/I\\\/51PT6YTGQdS._SL500_.jpg\",\"contentUrl\":\"https:\\\/\\\/m.media-amazon.com\\\/images\\\/I\\\/51PT6YTGQdS._SL500_.jpg\",\"width\":500,\"height\":500},{\"@type\":\"BreadcrumbList\",\"@id\":\"https:\\\/\\\/marktxxl.de\\\/markt\\\/produkt\\\/lego-duplo-town-space-shuttle-mission-10944-building-toy-space-shuttle-creative-learning-playset-new-2021-23-pieces\\\/#breadcrumb\",\"itemListElement\":[{\"@type\":\"ListItem\",\"position\":1,\"name\":\"Startseite\",\"item\":\"https:\\\/\\\/marktxxl.de\\\/markt\\\/\"},{\"@type\":\"ListItem\",\"position\":2,\"name\":\"Markt\",\"item\":\"https:\\\/\\\/marktxxl.de\\\/markt\\\/\"},{\"@type\":\"ListItem\",\"position\":3,\"name\":\"LEGO DUPLO Town Space Shuttle Mission 10944 Building Toy; Space Shuttle Creative Learning Playset, New 2021 (23 Pieces)\"}]},{\"@type\":\"WebSite\",\"@id\":\"https:\\\/\\\/marktxxl.de\\\/markt\\\/#website\",\"url\":\"https:\\\/\\\/marktxxl.de\\\/markt\\\/\",\"name\":\"Markt-XXL\",\"description\":\"Ihr Markt Online\",\"publisher\":{\"@id\":\"https:\\\/\\\/marktxxl.de\\\/markt\\\/#organization\"},\"potentialAction\":[{\"@type\":\"SearchAction\",\"target\":{\"@type\":\"EntryPoint\",\"urlTemplate\":\"https:\\\/\\\/marktxxl.de\\\/markt\\\/?s={search_term_string}\"},\"query-input\":{\"@type\":\"PropertyValueSpecification\",\"valueRequired\":true,\"valueName\":\"search_term_string\"}}],\"inLanguage\":\"de\"},{\"@type\":\"Organization\",\"@id\":\"https:\\\/\\\/marktxxl.de\\\/markt\\\/#organization\",\"name\":\"Markt-XXL\",\"url\":\"https:\\\/\\\/marktxxl.de\\\/markt\\\/\",\"logo\":{\"@type\":\"ImageObject\",\"inLanguage\":\"de\",\"@id\":\"https:\\\/\\\/marktxxl.de\\\/markt\\\/#\\\/schema\\\/logo\\\/image\\\/\",\"url\":\"https:\\\/\\\/marktxxl.de\\\/markt\\\/wp-content\\\/uploads\\\/sites\\\/3\\\/2020\\\/12\\\/logo.png\",\"contentUrl\":\"https:\\\/\\\/marktxxl.de\\\/markt\\\/wp-content\\\/uploads\\\/sites\\\/3\\\/2020\\\/12\\\/logo.png\",\"width\":200,\"height\":70,\"caption\":\"Markt-XXL\"},\"image\":{\"@id\":\"https:\\\/\\\/marktxxl.de\\\/markt\\\/#\\\/schema\\\/logo\\\/image\\\/\"}}]}<\/script>\n<!-- \/ Yoast SEO plugin. -->","yoast_head_json":{"title":"LEGO DUPLO Town Space Shuttle Mission 10944 Building Toy; Space Shuttle Creative Learning Playset, New 2021 (23 Pieces) - Markt-XXL","description":"Markt-XXL LEGO DUPLO Town Space Shuttle Mission 10944 Building Toy; Space Shuttle Creative Learning Playset, New 2021 (23 Pieces)","robots":{"index":"index","follow":"follow","max-snippet":"max-snippet:-1","max-image-preview":"max-image-preview:large","max-video-preview":"max-video-preview:-1"},"canonical":"https:\/\/marktxxl.de\/markt\/produkt\/lego-duplo-town-space-shuttle-mission-10944-building-toy-space-shuttle-creative-learning-playset-new-2021-23-pieces\/","og_locale":"de_DE","og_type":"article","og_title":"LEGO DUPLO Town Space Shuttle Mission 10944 Building Toy; Space Shuttle Creative Learning Playset, New 2021 (23 Pieces) - Markt-XXL","og_description":"Markt-XXL LEGO DUPLO Town Space Shuttle Mission 10944 Building Toy; Space Shuttle Creative Learning Playset, New 2021 (23 Pieces)","og_url":"https:\/\/marktxxl.de\/markt\/produkt\/lego-duplo-town-space-shuttle-mission-10944-building-toy-space-shuttle-creative-learning-playset-new-2021-23-pieces\/","og_site_name":"Markt-XXL","article_modified_time":"2023-04-11T02:12:20+00:00","og_image":[{"width":500,"height":500,"url":"https:\/\/m.media-amazon.com\/images\/I\/51PT6YTGQdS._SL500_.jpg","type":"image\/jpeg"}],"twitter_card":"summary_large_image","twitter_misc":{"Gesch\u00e4tzte Lesezeit":"1\u00a0Minute"},"schema":{"@context":"https:\/\/schema.org","@graph":[{"@type":"WebPage","@id":"https:\/\/marktxxl.de\/markt\/produkt\/lego-duplo-town-space-shuttle-mission-10944-building-toy-space-shuttle-creative-learning-playset-new-2021-23-pieces\/","url":"https:\/\/marktxxl.de\/markt\/produkt\/lego-duplo-town-space-shuttle-mission-10944-building-toy-space-shuttle-creative-learning-playset-new-2021-23-pieces\/","name":"LEGO DUPLO Town Space Shuttle Mission 10944 Building Toy; Space Shuttle Creative Learning Playset, New 2021 (23 Pieces) - Markt-XXL","isPartOf":{"@id":"https:\/\/marktxxl.de\/markt\/#website"},"primaryImageOfPage":{"@id":"https:\/\/marktxxl.de\/markt\/produkt\/lego-duplo-town-space-shuttle-mission-10944-building-toy-space-shuttle-creative-learning-playset-new-2021-23-pieces\/#primaryimage"},"image":{"@id":"https:\/\/marktxxl.de\/markt\/produkt\/lego-duplo-town-space-shuttle-mission-10944-building-toy-space-shuttle-creative-learning-playset-new-2021-23-pieces\/#primaryimage"},"thumbnailUrl":"https:\/\/m.media-amazon.com\/images\/I\/51PT6YTGQdS._SL500_.jpg","datePublished":"2022-07-13T23:40:49+00:00","dateModified":"2023-04-11T02:12:20+00:00","description":"Markt-XXL LEGO DUPLO Town Space Shuttle Mission 10944 Building Toy; Space Shuttle Creative Learning Playset, New 2021 (23 Pieces)","breadcrumb":{"@id":"https:\/\/marktxxl.de\/markt\/produkt\/lego-duplo-town-space-shuttle-mission-10944-building-toy-space-shuttle-creative-learning-playset-new-2021-23-pieces\/#breadcrumb"},"inLanguage":"de","potentialAction":[{"@type":"ReadAction","target":["https:\/\/marktxxl.de\/markt\/produkt\/lego-duplo-town-space-shuttle-mission-10944-building-toy-space-shuttle-creative-learning-playset-new-2021-23-pieces\/"]}]},{"@type":"ImageObject","inLanguage":"de","@id":"https:\/\/marktxxl.de\/markt\/produkt\/lego-duplo-town-space-shuttle-mission-10944-building-toy-space-shuttle-creative-learning-playset-new-2021-23-pieces\/#primaryimage","url":"https:\/\/m.media-amazon.com\/images\/I\/51PT6YTGQdS._SL500_.jpg","contentUrl":"https:\/\/m.media-amazon.com\/images\/I\/51PT6YTGQdS._SL500_.jpg","width":500,"height":500},{"@type":"BreadcrumbList","@id":"https:\/\/marktxxl.de\/markt\/produkt\/lego-duplo-town-space-shuttle-mission-10944-building-toy-space-shuttle-creative-learning-playset-new-2021-23-pieces\/#breadcrumb","itemListElement":[{"@type":"ListItem","position":1,"name":"Startseite","item":"https:\/\/marktxxl.de\/markt\/"},{"@type":"ListItem","position":2,"name":"Markt","item":"https:\/\/marktxxl.de\/markt\/"},{"@type":"ListItem","position":3,"name":"LEGO DUPLO Town Space Shuttle Mission 10944 Building Toy; Space Shuttle Creative Learning Playset, New 2021 (23 Pieces)"}]},{"@type":"WebSite","@id":"https:\/\/marktxxl.de\/markt\/#website","url":"https:\/\/marktxxl.de\/markt\/","name":"Markt-XXL","description":"Ihr Markt Online","publisher":{"@id":"https:\/\/marktxxl.de\/markt\/#organization"},"potentialAction":[{"@type":"SearchAction","target":{"@type":"EntryPoint","urlTemplate":"https:\/\/marktxxl.de\/markt\/?s={search_term_string}"},"query-input":{"@type":"PropertyValueSpecification","valueRequired":true,"valueName":"search_term_string"}}],"inLanguage":"de"},{"@type":"Organization","@id":"https:\/\/marktxxl.de\/markt\/#organization","name":"Markt-XXL","url":"https:\/\/marktxxl.de\/markt\/","logo":{"@type":"ImageObject","inLanguage":"de","@id":"https:\/\/marktxxl.de\/markt\/#\/schema\/logo\/image\/","url":"https:\/\/marktxxl.de\/markt\/wp-content\/uploads\/sites\/3\/2020\/12\/logo.png","contentUrl":"https:\/\/marktxxl.de\/markt\/wp-content\/uploads\/sites\/3\/2020\/12\/logo.png","width":200,"height":70,"caption":"Markt-XXL"},"image":{"@id":"https:\/\/marktxxl.de\/markt\/#\/schema\/logo\/image\/"}}]}},"_links":{"self":[{"href":"https:\/\/marktxxl.de\/markt\/wp-json\/wp\/v2\/product\/136450","targetHints":{"allow":["GET"]}}],"collection":[{"href":"https:\/\/marktxxl.de\/markt\/wp-json\/wp\/v2\/product"}],"about":[{"href":"https:\/\/marktxxl.de\/markt\/wp-json\/wp\/v2\/types\/product"}],"replies":[{"embeddable":true,"href":"https:\/\/marktxxl.de\/markt\/wp-json\/wp\/v2\/comments?post=136450"}],"wp:featuredmedia":[{"embeddable":true,"href":"https:\/\/marktxxl.de\/markt\/wp-json\/wp\/v2\/media\/136451"}],"wp:attachment":[{"href":"https:\/\/marktxxl.de\/markt\/wp-json\/wp\/v2\/media?parent=136450"}],"wp:term":[{"taxonomy":"product_brand","embeddable":true,"href":"https:\/\/marktxxl.de\/markt\/wp-json\/wp\/v2\/product_brand?post=136450"},{"taxonomy":"product_cat","embeddable":true,"href":"https:\/\/marktxxl.de\/markt\/wp-json\/wp\/v2\/product_cat?post=136450"},{"taxonomy":"product_tag","embeddable":true,"href":"https:\/\/marktxxl.de\/markt\/wp-json\/wp\/v2\/product_tag?post=136450"}],"curies":[{"name":"wp","href":"https:\/\/api.w.org\/{rel}","templated":true}]}}