{"id":136446,"date":"2022-07-14T01:40:44","date_gmt":"2022-07-13T23:40:44","guid":{"rendered":"https:\/\/marktxxl.de\/markt\/produkt\/tonies-hoerfigur-fuer-toniebox-kreaitv-prinzessin-ca-90-minuten-speicher-fuer-deine-musik-geschichten-hoerbuecher-und-eigene-audiodateien-deutsch\/"},"modified":"2023-04-11T04:12:19","modified_gmt":"2023-04-11T02:12:19","slug":"tonies-hoerfigur-fuer-toniebox-kreaitv-prinzessin-ca-90-minuten-speicher-fuer-deine-musik-geschichten-hoerbuecher-und-eigene-audiodateien-deutsch","status":"publish","type":"product","link":"https:\/\/marktxxl.de\/markt\/produkt\/tonies-hoerfigur-fuer-toniebox-kreaitv-prinzessin-ca-90-minuten-speicher-fuer-deine-musik-geschichten-hoerbuecher-und-eigene-audiodateien-deutsch\/","title":{"rendered":"tonies H\u00f6rfigur f\u00fcr Toniebox &#8211; KREAITV Prinzessin &#8211; ca. 90 Minuten Speicher f\u00fcr Deine Musik, Geschichten, H\u00f6rb\u00fccher und\u2026"},"content":{"rendered":"<p>tonies H\u00f6rfigur Kreativ-Tonie Prinzessin f\u00fcr die Toniebox<br \/>\nUnser lang ersehnter Kreativ-Tonie d\u00fcrfte vor allem M\u00e4dchenherzen h\u00f6herschlagen lassen. Aber aufgepasst, auch die M\u00e4nner sind ihrem Charme schon reihenweise verfallen<br \/>\nAlle Inhalte des Kreativ-Tonies k\u00f6nnen mit einem kostenlosen Toniecloud Kundenkonto verwaltet werden. Der Kreativ-Tonie bietet 90 Minuten Spielzeit f\u00fcr eigene H\u00f6rabenteuer oder Musik<br \/>\nH\u00f6rerlebnisse nach deinem Geschmack: Die Kreativ-Tonies sind frei bespielbar und warten nur darauf, deine Geschichte erz\u00e4hlen zu k\u00f6nnen. Deinen kreativen M\u00f6glichkeiten sind keine Grenzen gesetzt<br \/>\nJeder Tonie ist mit viel Liebe entworfen, handbemalt und dennoch robust genug f\u00fcr gro\u00dfen Spielspa\u00df auf und abseits der Toniebox. Magnetisch haftet er an der Toniebox und erz\u00e4hlt dir seine Geschichte<br \/>\n<div class=\"main-cross-sell\" data-asin=\"B06XY7GLQK\">\n\n\t<div class=\"WooZone-cross-sell-loader\">\n\t\t<div>\n\t\t\t<div id=\"floatingBarsG\">\n\t\t\t\t<div class=\"blockG\" id=\"rotateG_01\"><\/div>\n\t\t\t\t<div class=\"blockG\" id=\"rotateG_02\"><\/div>\n\t\t\t\t<div class=\"blockG\" id=\"rotateG_03\"><\/div>\n\t\t\t\t<div class=\"blockG\" id=\"rotateG_04\"><\/div>\n\t\t\t\t<div class=\"blockG\" id=\"rotateG_05\"><\/div>\n\t\t\t\t<div class=\"blockG\" id=\"rotateG_06\"><\/div>\n\t\t\t\t<div class=\"blockG\" id=\"rotateG_07\"><\/div>\n\t\t\t\t<div class=\"blockG\" id=\"rotateG_08\"><\/div>\n\t\t\t<\/div>\n\t\t\t<div class=\"WooZone-cross-sell-loader-text\"><\/div>\n\t\t<\/div>\n\t<\/div>\n\n\t\t\n<\/div>\n<div style=\"clear:both;\"><\/div><\/p>\n","protected":false},"excerpt":{"rendered":"<p>tonies H\u00f6rfigur Kreativ-Tonie Prinzessin f\u00fcr die Toniebox<br \/>\nUnser lang ersehnter Kreativ-Tonie d\u00fcrfte vor allem M\u00e4dchenherzen h\u00f6herschlagen lassen. Aber aufgepasst, auch die M\u00e4nner sind ihrem Charme schon reihenweise verfallen<br \/>\nAlle Inhalte des Kreativ-Tonies k\u00f6nnen mit einem kostenlosen Toniecloud Kundenkonto verwaltet werden. Der Kreativ-Tonie bietet 90 Minuten Spielzeit f\u00fcr eigene H\u00f6rabenteuer oder Musik<\/p>\n","protected":false},"featured_media":136447,"comment_status":"open","ping_status":"closed","template":"","meta":[],"product_brand":[],"product_cat":[21],"product_tag":[],"class_list":{"0":"post-136446","1":"product","2":"type-product","3":"status-publish","4":"has-post-thumbnail","6":"product_cat-baby","7":"pa_binding-spielzeug","8":"pa_brand-tonies","9":"pa_color-bunt","10":"pa_height-3-93700787-zoll","11":"pa_languages-unbekannt-deutsch","12":"pa_length-3-93700787-zoll","13":"pa_manufacturer-tonies","14":"pa_model-02-0011","15":"pa_warranty-keine-garantie","16":"pa_width-3-93700787-zoll","18":"first","19":"instock","20":"shipping-taxable","21":"purchasable","22":"product-type-simple","23":"customify-col","24":"product-has-gallery"},"yoast_head":"<!-- This site is optimized with the Yoast SEO plugin v27.4 - https:\/\/yoast.com\/product\/yoast-seo-wordpress\/ -->\n<title>tonies H\u00f6rfigur f\u00fcr Toniebox - KREAITV Prinzessin - ca. 90 Minuten Speicher f\u00fcr Deine Musik, Geschichten, H\u00f6rb\u00fccher und\u2026 - Markt-XXL<\/title>\n<meta name=\"description\" content=\"Markt-XXL tonies H\u00f6rfigur f\u00fcr Toniebox - KREAITV Prinzessin - ca. 90 Minuten Speicher f\u00fcr Deine Musik, Geschichten, H\u00f6rb\u00fccher und\u2026\" \/>\n<meta name=\"robots\" content=\"index, follow, max-snippet:-1, max-image-preview:large, max-video-preview:-1\" \/>\n<link rel=\"canonical\" href=\"https:\/\/marktxxl.de\/markt\/produkt\/tonies-hoerfigur-fuer-toniebox-kreaitv-prinzessin-ca-90-minuten-speicher-fuer-deine-musik-geschichten-hoerbuecher-und-eigene-audiodateien-deutsch\/\" \/>\n<meta property=\"og:locale\" content=\"de_DE\" \/>\n<meta property=\"og:type\" content=\"article\" \/>\n<meta property=\"og:title\" content=\"tonies H\u00f6rfigur f\u00fcr Toniebox - KREAITV Prinzessin - ca. 90 Minuten Speicher f\u00fcr Deine Musik, Geschichten, H\u00f6rb\u00fccher und\u2026 - Markt-XXL\" \/>\n<meta property=\"og:description\" content=\"Markt-XXL tonies H\u00f6rfigur f\u00fcr Toniebox - KREAITV Prinzessin - ca. 90 Minuten Speicher f\u00fcr Deine Musik, Geschichten, H\u00f6rb\u00fccher und\u2026\" \/>\n<meta property=\"og:url\" content=\"https:\/\/marktxxl.de\/markt\/produkt\/tonies-hoerfigur-fuer-toniebox-kreaitv-prinzessin-ca-90-minuten-speicher-fuer-deine-musik-geschichten-hoerbuecher-und-eigene-audiodateien-deutsch\/\" \/>\n<meta property=\"og:site_name\" content=\"Markt-XXL\" \/>\n<meta property=\"article:modified_time\" content=\"2023-04-11T02:12:19+00:00\" \/>\n<meta property=\"og:image\" content=\"https:\/\/m.media-amazon.com\/images\/I\/31owGby12bL._SL500_.jpg\" \/>\n\t<meta property=\"og:image:width\" content=\"500\" \/>\n\t<meta property=\"og:image:height\" content=\"375\" \/>\n\t<meta property=\"og:image:type\" content=\"image\/jpeg\" \/>\n<meta name=\"twitter:card\" content=\"summary_large_image\" \/>\n<meta name=\"twitter:label1\" content=\"Gesch\u00e4tzte Lesezeit\" \/>\n\t<meta name=\"twitter:data1\" content=\"1\u00a0Minute\" \/>\n<script type=\"application\/ld+json\" class=\"yoast-schema-graph\">{\"@context\":\"https:\\\/\\\/schema.org\",\"@graph\":[{\"@type\":\"WebPage\",\"@id\":\"https:\\\/\\\/marktxxl.de\\\/markt\\\/produkt\\\/tonies-hoerfigur-fuer-toniebox-kreaitv-prinzessin-ca-90-minuten-speicher-fuer-deine-musik-geschichten-hoerbuecher-und-eigene-audiodateien-deutsch\\\/\",\"url\":\"https:\\\/\\\/marktxxl.de\\\/markt\\\/produkt\\\/tonies-hoerfigur-fuer-toniebox-kreaitv-prinzessin-ca-90-minuten-speicher-fuer-deine-musik-geschichten-hoerbuecher-und-eigene-audiodateien-deutsch\\\/\",\"name\":\"tonies H\u00f6rfigur f\u00fcr Toniebox - KREAITV Prinzessin - ca. 90 Minuten Speicher f\u00fcr Deine Musik, Geschichten, H\u00f6rb\u00fccher und\u2026 - Markt-XXL\",\"isPartOf\":{\"@id\":\"https:\\\/\\\/marktxxl.de\\\/markt\\\/#website\"},\"primaryImageOfPage\":{\"@id\":\"https:\\\/\\\/marktxxl.de\\\/markt\\\/produkt\\\/tonies-hoerfigur-fuer-toniebox-kreaitv-prinzessin-ca-90-minuten-speicher-fuer-deine-musik-geschichten-hoerbuecher-und-eigene-audiodateien-deutsch\\\/#primaryimage\"},\"image\":{\"@id\":\"https:\\\/\\\/marktxxl.de\\\/markt\\\/produkt\\\/tonies-hoerfigur-fuer-toniebox-kreaitv-prinzessin-ca-90-minuten-speicher-fuer-deine-musik-geschichten-hoerbuecher-und-eigene-audiodateien-deutsch\\\/#primaryimage\"},\"thumbnailUrl\":\"https:\\\/\\\/m.media-amazon.com\\\/images\\\/I\\\/31owGby12bL._SL500_.jpg\",\"datePublished\":\"2022-07-13T23:40:44+00:00\",\"dateModified\":\"2023-04-11T02:12:19+00:00\",\"description\":\"Markt-XXL tonies H\u00f6rfigur f\u00fcr Toniebox - KREAITV Prinzessin - ca. 90 Minuten Speicher f\u00fcr Deine Musik, Geschichten, H\u00f6rb\u00fccher und\u2026\",\"breadcrumb\":{\"@id\":\"https:\\\/\\\/marktxxl.de\\\/markt\\\/produkt\\\/tonies-hoerfigur-fuer-toniebox-kreaitv-prinzessin-ca-90-minuten-speicher-fuer-deine-musik-geschichten-hoerbuecher-und-eigene-audiodateien-deutsch\\\/#breadcrumb\"},\"inLanguage\":\"de\",\"potentialAction\":[{\"@type\":\"ReadAction\",\"target\":[\"https:\\\/\\\/marktxxl.de\\\/markt\\\/produkt\\\/tonies-hoerfigur-fuer-toniebox-kreaitv-prinzessin-ca-90-minuten-speicher-fuer-deine-musik-geschichten-hoerbuecher-und-eigene-audiodateien-deutsch\\\/\"]}]},{\"@type\":\"ImageObject\",\"inLanguage\":\"de\",\"@id\":\"https:\\\/\\\/marktxxl.de\\\/markt\\\/produkt\\\/tonies-hoerfigur-fuer-toniebox-kreaitv-prinzessin-ca-90-minuten-speicher-fuer-deine-musik-geschichten-hoerbuecher-und-eigene-audiodateien-deutsch\\\/#primaryimage\",\"url\":\"https:\\\/\\\/m.media-amazon.com\\\/images\\\/I\\\/31owGby12bL._SL500_.jpg\",\"contentUrl\":\"https:\\\/\\\/m.media-amazon.com\\\/images\\\/I\\\/31owGby12bL._SL500_.jpg\",\"width\":500,\"height\":375},{\"@type\":\"BreadcrumbList\",\"@id\":\"https:\\\/\\\/marktxxl.de\\\/markt\\\/produkt\\\/tonies-hoerfigur-fuer-toniebox-kreaitv-prinzessin-ca-90-minuten-speicher-fuer-deine-musik-geschichten-hoerbuecher-und-eigene-audiodateien-deutsch\\\/#breadcrumb\",\"itemListElement\":[{\"@type\":\"ListItem\",\"position\":1,\"name\":\"Startseite\",\"item\":\"https:\\\/\\\/marktxxl.de\\\/markt\\\/\"},{\"@type\":\"ListItem\",\"position\":2,\"name\":\"Markt\",\"item\":\"https:\\\/\\\/marktxxl.de\\\/markt\\\/\"},{\"@type\":\"ListItem\",\"position\":3,\"name\":\"tonies H\u00f6rfigur f\u00fcr Toniebox &#8211; KREAITV Prinzessin &#8211; ca. 90 Minuten Speicher f\u00fcr Deine Musik, Geschichten, H\u00f6rb\u00fccher und\u2026\"}]},{\"@type\":\"WebSite\",\"@id\":\"https:\\\/\\\/marktxxl.de\\\/markt\\\/#website\",\"url\":\"https:\\\/\\\/marktxxl.de\\\/markt\\\/\",\"name\":\"Markt-XXL\",\"description\":\"Ihr Markt Online\",\"publisher\":{\"@id\":\"https:\\\/\\\/marktxxl.de\\\/markt\\\/#organization\"},\"potentialAction\":[{\"@type\":\"SearchAction\",\"target\":{\"@type\":\"EntryPoint\",\"urlTemplate\":\"https:\\\/\\\/marktxxl.de\\\/markt\\\/?s={search_term_string}\"},\"query-input\":{\"@type\":\"PropertyValueSpecification\",\"valueRequired\":true,\"valueName\":\"search_term_string\"}}],\"inLanguage\":\"de\"},{\"@type\":\"Organization\",\"@id\":\"https:\\\/\\\/marktxxl.de\\\/markt\\\/#organization\",\"name\":\"Markt-XXL\",\"url\":\"https:\\\/\\\/marktxxl.de\\\/markt\\\/\",\"logo\":{\"@type\":\"ImageObject\",\"inLanguage\":\"de\",\"@id\":\"https:\\\/\\\/marktxxl.de\\\/markt\\\/#\\\/schema\\\/logo\\\/image\\\/\",\"url\":\"https:\\\/\\\/marktxxl.de\\\/markt\\\/wp-content\\\/uploads\\\/sites\\\/3\\\/2020\\\/12\\\/logo.png\",\"contentUrl\":\"https:\\\/\\\/marktxxl.de\\\/markt\\\/wp-content\\\/uploads\\\/sites\\\/3\\\/2020\\\/12\\\/logo.png\",\"width\":200,\"height\":70,\"caption\":\"Markt-XXL\"},\"image\":{\"@id\":\"https:\\\/\\\/marktxxl.de\\\/markt\\\/#\\\/schema\\\/logo\\\/image\\\/\"}}]}<\/script>\n<!-- \/ Yoast SEO plugin. -->","yoast_head_json":{"title":"tonies H\u00f6rfigur f\u00fcr Toniebox - KREAITV Prinzessin - ca. 90 Minuten Speicher f\u00fcr Deine Musik, Geschichten, H\u00f6rb\u00fccher und\u2026 - Markt-XXL","description":"Markt-XXL tonies H\u00f6rfigur f\u00fcr Toniebox - KREAITV Prinzessin - ca. 90 Minuten Speicher f\u00fcr Deine Musik, Geschichten, H\u00f6rb\u00fccher und\u2026","robots":{"index":"index","follow":"follow","max-snippet":"max-snippet:-1","max-image-preview":"max-image-preview:large","max-video-preview":"max-video-preview:-1"},"canonical":"https:\/\/marktxxl.de\/markt\/produkt\/tonies-hoerfigur-fuer-toniebox-kreaitv-prinzessin-ca-90-minuten-speicher-fuer-deine-musik-geschichten-hoerbuecher-und-eigene-audiodateien-deutsch\/","og_locale":"de_DE","og_type":"article","og_title":"tonies H\u00f6rfigur f\u00fcr Toniebox - KREAITV Prinzessin - ca. 90 Minuten Speicher f\u00fcr Deine Musik, Geschichten, H\u00f6rb\u00fccher und\u2026 - Markt-XXL","og_description":"Markt-XXL tonies H\u00f6rfigur f\u00fcr Toniebox - KREAITV Prinzessin - ca. 90 Minuten Speicher f\u00fcr Deine Musik, Geschichten, H\u00f6rb\u00fccher und\u2026","og_url":"https:\/\/marktxxl.de\/markt\/produkt\/tonies-hoerfigur-fuer-toniebox-kreaitv-prinzessin-ca-90-minuten-speicher-fuer-deine-musik-geschichten-hoerbuecher-und-eigene-audiodateien-deutsch\/","og_site_name":"Markt-XXL","article_modified_time":"2023-04-11T02:12:19+00:00","og_image":[{"width":500,"height":375,"url":"https:\/\/m.media-amazon.com\/images\/I\/31owGby12bL._SL500_.jpg","type":"image\/jpeg"}],"twitter_card":"summary_large_image","twitter_misc":{"Gesch\u00e4tzte Lesezeit":"1\u00a0Minute"},"schema":{"@context":"https:\/\/schema.org","@graph":[{"@type":"WebPage","@id":"https:\/\/marktxxl.de\/markt\/produkt\/tonies-hoerfigur-fuer-toniebox-kreaitv-prinzessin-ca-90-minuten-speicher-fuer-deine-musik-geschichten-hoerbuecher-und-eigene-audiodateien-deutsch\/","url":"https:\/\/marktxxl.de\/markt\/produkt\/tonies-hoerfigur-fuer-toniebox-kreaitv-prinzessin-ca-90-minuten-speicher-fuer-deine-musik-geschichten-hoerbuecher-und-eigene-audiodateien-deutsch\/","name":"tonies H\u00f6rfigur f\u00fcr Toniebox - KREAITV Prinzessin - ca. 90 Minuten Speicher f\u00fcr Deine Musik, Geschichten, H\u00f6rb\u00fccher und\u2026 - Markt-XXL","isPartOf":{"@id":"https:\/\/marktxxl.de\/markt\/#website"},"primaryImageOfPage":{"@id":"https:\/\/marktxxl.de\/markt\/produkt\/tonies-hoerfigur-fuer-toniebox-kreaitv-prinzessin-ca-90-minuten-speicher-fuer-deine-musik-geschichten-hoerbuecher-und-eigene-audiodateien-deutsch\/#primaryimage"},"image":{"@id":"https:\/\/marktxxl.de\/markt\/produkt\/tonies-hoerfigur-fuer-toniebox-kreaitv-prinzessin-ca-90-minuten-speicher-fuer-deine-musik-geschichten-hoerbuecher-und-eigene-audiodateien-deutsch\/#primaryimage"},"thumbnailUrl":"https:\/\/m.media-amazon.com\/images\/I\/31owGby12bL._SL500_.jpg","datePublished":"2022-07-13T23:40:44+00:00","dateModified":"2023-04-11T02:12:19+00:00","description":"Markt-XXL tonies H\u00f6rfigur f\u00fcr Toniebox - KREAITV Prinzessin - ca. 90 Minuten Speicher f\u00fcr Deine Musik, Geschichten, H\u00f6rb\u00fccher und\u2026","breadcrumb":{"@id":"https:\/\/marktxxl.de\/markt\/produkt\/tonies-hoerfigur-fuer-toniebox-kreaitv-prinzessin-ca-90-minuten-speicher-fuer-deine-musik-geschichten-hoerbuecher-und-eigene-audiodateien-deutsch\/#breadcrumb"},"inLanguage":"de","potentialAction":[{"@type":"ReadAction","target":["https:\/\/marktxxl.de\/markt\/produkt\/tonies-hoerfigur-fuer-toniebox-kreaitv-prinzessin-ca-90-minuten-speicher-fuer-deine-musik-geschichten-hoerbuecher-und-eigene-audiodateien-deutsch\/"]}]},{"@type":"ImageObject","inLanguage":"de","@id":"https:\/\/marktxxl.de\/markt\/produkt\/tonies-hoerfigur-fuer-toniebox-kreaitv-prinzessin-ca-90-minuten-speicher-fuer-deine-musik-geschichten-hoerbuecher-und-eigene-audiodateien-deutsch\/#primaryimage","url":"https:\/\/m.media-amazon.com\/images\/I\/31owGby12bL._SL500_.jpg","contentUrl":"https:\/\/m.media-amazon.com\/images\/I\/31owGby12bL._SL500_.jpg","width":500,"height":375},{"@type":"BreadcrumbList","@id":"https:\/\/marktxxl.de\/markt\/produkt\/tonies-hoerfigur-fuer-toniebox-kreaitv-prinzessin-ca-90-minuten-speicher-fuer-deine-musik-geschichten-hoerbuecher-und-eigene-audiodateien-deutsch\/#breadcrumb","itemListElement":[{"@type":"ListItem","position":1,"name":"Startseite","item":"https:\/\/marktxxl.de\/markt\/"},{"@type":"ListItem","position":2,"name":"Markt","item":"https:\/\/marktxxl.de\/markt\/"},{"@type":"ListItem","position":3,"name":"tonies H\u00f6rfigur f\u00fcr Toniebox &#8211; KREAITV Prinzessin &#8211; ca. 90 Minuten Speicher f\u00fcr Deine Musik, Geschichten, H\u00f6rb\u00fccher und\u2026"}]},{"@type":"WebSite","@id":"https:\/\/marktxxl.de\/markt\/#website","url":"https:\/\/marktxxl.de\/markt\/","name":"Markt-XXL","description":"Ihr Markt Online","publisher":{"@id":"https:\/\/marktxxl.de\/markt\/#organization"},"potentialAction":[{"@type":"SearchAction","target":{"@type":"EntryPoint","urlTemplate":"https:\/\/marktxxl.de\/markt\/?s={search_term_string}"},"query-input":{"@type":"PropertyValueSpecification","valueRequired":true,"valueName":"search_term_string"}}],"inLanguage":"de"},{"@type":"Organization","@id":"https:\/\/marktxxl.de\/markt\/#organization","name":"Markt-XXL","url":"https:\/\/marktxxl.de\/markt\/","logo":{"@type":"ImageObject","inLanguage":"de","@id":"https:\/\/marktxxl.de\/markt\/#\/schema\/logo\/image\/","url":"https:\/\/marktxxl.de\/markt\/wp-content\/uploads\/sites\/3\/2020\/12\/logo.png","contentUrl":"https:\/\/marktxxl.de\/markt\/wp-content\/uploads\/sites\/3\/2020\/12\/logo.png","width":200,"height":70,"caption":"Markt-XXL"},"image":{"@id":"https:\/\/marktxxl.de\/markt\/#\/schema\/logo\/image\/"}}]}},"_links":{"self":[{"href":"https:\/\/marktxxl.de\/markt\/wp-json\/wp\/v2\/product\/136446","targetHints":{"allow":["GET"]}}],"collection":[{"href":"https:\/\/marktxxl.de\/markt\/wp-json\/wp\/v2\/product"}],"about":[{"href":"https:\/\/marktxxl.de\/markt\/wp-json\/wp\/v2\/types\/product"}],"replies":[{"embeddable":true,"href":"https:\/\/marktxxl.de\/markt\/wp-json\/wp\/v2\/comments?post=136446"}],"wp:featuredmedia":[{"embeddable":true,"href":"https:\/\/marktxxl.de\/markt\/wp-json\/wp\/v2\/media\/136447"}],"wp:attachment":[{"href":"https:\/\/marktxxl.de\/markt\/wp-json\/wp\/v2\/media?parent=136446"}],"wp:term":[{"taxonomy":"product_brand","embeddable":true,"href":"https:\/\/marktxxl.de\/markt\/wp-json\/wp\/v2\/product_brand?post=136446"},{"taxonomy":"product_cat","embeddable":true,"href":"https:\/\/marktxxl.de\/markt\/wp-json\/wp\/v2\/product_cat?post=136446"},{"taxonomy":"product_tag","embeddable":true,"href":"https:\/\/marktxxl.de\/markt\/wp-json\/wp\/v2\/product_tag?post=136446"}],"curies":[{"name":"wp","href":"https:\/\/api.w.org\/{rel}","templated":true}]}}