{"id":136421,"date":"2022-07-14T01:40:18","date_gmt":"2022-07-13T23:40:18","guid":{"rendered":"https:\/\/marktxxl.de\/markt\/produkt\/disney-the-mandalorian-hoodie-herren-oversized-aus-fleece-baby-yoda-pullover-herren\/"},"modified":"2023-04-11T04:11:23","modified_gmt":"2023-04-11T02:11:23","slug":"disney-the-mandalorian-hoodie-herren-oversized-aus-fleece-baby-yoda-pullover-herren","status":"publish","type":"product","link":"https:\/\/marktxxl.de\/markt\/produkt\/disney-the-mandalorian-hoodie-herren-oversized-aus-fleece-baby-yoda-pullover-herren\/","title":{"rendered":"Disney The Mandalorian Hoodie Herren Oversized aus Fleece, Baby Yoda Pullover Herren"},"content":{"rendered":"<p>BABY YODA HOODIE HERREN OVERSIZE &#8212; Dieser Oversize Hoodie Herren Kapuzenpullover verf\u00fcgt \u00fcber lustige, abstehende Baby Yoda Ohren, Sherpa Fleece in der Kapuze und eine ger\u00e4umige K\u00e4ngurutasche, um Ihre H\u00e4nde warm zu halten. Das einzigartige Design unserer Oversize Pullover Herren wird jeden Mandalorian Fan begeistern<br \/>\nWARM &amp; KUSCHELIG &#8212; Ein \u00fcbergro\u00dfer Kapuzenpullover Herren Hoodie ist das perfekte Outfit zum Faulenzen und Entspannen. Der Decken Hoodie ist aus einem hochwertigen Fleece Stoff gefertigt und verf\u00fcgt \u00fcber ein kuscheliges Sherpa Futter in der Kapuze (100% Polyester)<br \/>\nPRAKTISCHE EINHEITSGR\u00d6SSE &#8212; Die Herren Pullover Hoodies sind erh\u00e4ltlich in einer praktischen, \u00fcbergro\u00dfen Einheitsgr\u00f6\u00dfe. In unseren Herren Hoodie Produktbildern finden Sie zudem eine Gr\u00f6\u00dfentabelle<br \/>\nOFFIZIELLES MANDALORIAN MERCH &#8212; Der Oversized Hoodie Herren ist ein lizenzierter Mandalorian Fanartikel, der exklusiv f\u00fcr unseren Get Trend Store entworfen wurde. Der Oversize Hoodie hat ein witziges Baby Yoda Design mit coolen, abstehenden Ohren auf der Kapuze<br \/>\nGESCHENKE F\u00dcR M\u00c4NNER &#8212; Dieser Oversize Kapuzenpullover f\u00fcr Herren eignet sich perfekt als Geschenk f\u00fcr jeden The Mandalorian und Baby Yoda Grogu Fan! Ein warmer, kuscheliger Fleece Pullover Herren ist zudem eine tolle \u00dcberraschung f\u00fcr den kalten Winter<br \/>\n<div class=\"main-cross-sell\" data-asin=\"B08VNRS31H\">\n\n\t<div class=\"WooZone-cross-sell-loader\">\n\t\t<div>\n\t\t\t<div id=\"floatingBarsG\">\n\t\t\t\t<div class=\"blockG\" id=\"rotateG_01\"><\/div>\n\t\t\t\t<div class=\"blockG\" id=\"rotateG_02\"><\/div>\n\t\t\t\t<div class=\"blockG\" id=\"rotateG_03\"><\/div>\n\t\t\t\t<div class=\"blockG\" id=\"rotateG_04\"><\/div>\n\t\t\t\t<div class=\"blockG\" id=\"rotateG_05\"><\/div>\n\t\t\t\t<div class=\"blockG\" id=\"rotateG_06\"><\/div>\n\t\t\t\t<div class=\"blockG\" id=\"rotateG_07\"><\/div>\n\t\t\t\t<div class=\"blockG\" id=\"rotateG_08\"><\/div>\n\t\t\t<\/div>\n\t\t\t<div class=\"WooZone-cross-sell-loader-text\"><\/div>\n\t\t<\/div>\n\t<\/div>\n\n\t\t\n<\/div>\n<div style=\"clear:both;\"><\/div><\/p>\n","protected":false},"excerpt":{"rendered":"<p>BABY YODA HOODIE HERREN OVERSIZE &#8212; Dieser Oversize Hoodie Herren Kapuzenpullover verf\u00fcgt \u00fcber lustige, abstehende Baby Yoda Ohren, Sherpa Fleece in der Kapuze und eine ger\u00e4umige K\u00e4ngurutasche, um Ihre H\u00e4nde warm zu halten. Das einzigartige Design unserer Oversize Pullover Herren wird jeden Mandalorian Fan begeistern<br \/>\nWARM &amp; KUSCHELIG &#8212; Ein \u00fcbergro\u00dfer Kapuzenpullover Herren Hoodie ist das perfekte Outfit zum Faulenzen und Entspannen. Der Decken Hoodie ist aus einem hochwertigen Fleece Stoff gefertigt und verf\u00fcgt \u00fcber ein kuscheliges Sherpa Futter in der Kapuze (100% Polyester)<br \/>\nPRAKTISCHE EINHEITSGR\u00d6SSE &#8212; Die Herren Pullover Hoodies sind erh\u00e4ltlich in einer praktischen, \u00fcbergro\u00dfen Einheitsgr\u00f6\u00dfe. In unseren Herren Hoodie Produktbildern finden Sie zudem eine Gr\u00f6\u00dfentabelle<\/p>\n","protected":false},"featured_media":136422,"comment_status":"open","ping_status":"closed","template":"","meta":[],"product_brand":[],"product_cat":[1186,3960],"product_tag":[],"class_list":{"0":"post-136421","1":"product","2":"type-product","3":"status-publish","4":"has-post-thumbnail","6":"product_cat-bekleidung","7":"product_cat-herren","8":"pa_binding-textilien","9":"pa_brand-disney","10":"pa_color-gruen","11":"pa_size-einheitsgroesse","13":"first","14":"instock","15":"shipping-taxable","16":"purchasable","17":"product-type-simple","18":"customify-col","19":"product-has-gallery"},"yoast_head":"<!-- This site is optimized with the Yoast SEO plugin v27.4 - https:\/\/yoast.com\/product\/yoast-seo-wordpress\/ -->\n<title>Disney The Mandalorian Hoodie Herren Oversized aus Fleece, Baby Yoda Pullover Herren - Markt-XXL<\/title>\n<meta name=\"description\" content=\"Markt-XXL Disney The Mandalorian Hoodie Herren Oversized aus Fleece, Baby Yoda Pullover Herren\" \/>\n<meta name=\"robots\" content=\"index, follow, max-snippet:-1, max-image-preview:large, max-video-preview:-1\" \/>\n<link rel=\"canonical\" href=\"https:\/\/marktxxl.de\/markt\/produkt\/disney-the-mandalorian-hoodie-herren-oversized-aus-fleece-baby-yoda-pullover-herren\/\" \/>\n<meta property=\"og:locale\" content=\"de_DE\" \/>\n<meta property=\"og:type\" content=\"article\" \/>\n<meta property=\"og:title\" content=\"Disney The Mandalorian Hoodie Herren Oversized aus Fleece, Baby Yoda Pullover Herren - Markt-XXL\" \/>\n<meta property=\"og:description\" content=\"Markt-XXL Disney The Mandalorian Hoodie Herren Oversized aus Fleece, Baby Yoda Pullover Herren\" \/>\n<meta property=\"og:url\" content=\"https:\/\/marktxxl.de\/markt\/produkt\/disney-the-mandalorian-hoodie-herren-oversized-aus-fleece-baby-yoda-pullover-herren\/\" \/>\n<meta property=\"og:site_name\" content=\"Markt-XXL\" \/>\n<meta property=\"article:modified_time\" content=\"2023-04-11T02:11:23+00:00\" \/>\n<meta property=\"og:image\" content=\"https:\/\/m.media-amazon.com\/images\/I\/41vWbUUqu0L._SL500_.jpg\" \/>\n\t<meta property=\"og:image:width\" content=\"333\" \/>\n\t<meta property=\"og:image:height\" content=\"500\" \/>\n\t<meta property=\"og:image:type\" content=\"image\/jpeg\" \/>\n<meta name=\"twitter:card\" content=\"summary_large_image\" \/>\n<meta name=\"twitter:label1\" content=\"Gesch\u00e4tzte Lesezeit\" \/>\n\t<meta name=\"twitter:data1\" content=\"1\u00a0Minute\" \/>\n<script type=\"application\/ld+json\" class=\"yoast-schema-graph\">{\"@context\":\"https:\\\/\\\/schema.org\",\"@graph\":[{\"@type\":\"WebPage\",\"@id\":\"https:\\\/\\\/marktxxl.de\\\/markt\\\/produkt\\\/disney-the-mandalorian-hoodie-herren-oversized-aus-fleece-baby-yoda-pullover-herren\\\/\",\"url\":\"https:\\\/\\\/marktxxl.de\\\/markt\\\/produkt\\\/disney-the-mandalorian-hoodie-herren-oversized-aus-fleece-baby-yoda-pullover-herren\\\/\",\"name\":\"Disney The Mandalorian Hoodie Herren Oversized aus Fleece, Baby Yoda Pullover Herren - Markt-XXL\",\"isPartOf\":{\"@id\":\"https:\\\/\\\/marktxxl.de\\\/markt\\\/#website\"},\"primaryImageOfPage\":{\"@id\":\"https:\\\/\\\/marktxxl.de\\\/markt\\\/produkt\\\/disney-the-mandalorian-hoodie-herren-oversized-aus-fleece-baby-yoda-pullover-herren\\\/#primaryimage\"},\"image\":{\"@id\":\"https:\\\/\\\/marktxxl.de\\\/markt\\\/produkt\\\/disney-the-mandalorian-hoodie-herren-oversized-aus-fleece-baby-yoda-pullover-herren\\\/#primaryimage\"},\"thumbnailUrl\":\"https:\\\/\\\/m.media-amazon.com\\\/images\\\/I\\\/41vWbUUqu0L._SL500_.jpg\",\"datePublished\":\"2022-07-13T23:40:18+00:00\",\"dateModified\":\"2023-04-11T02:11:23+00:00\",\"description\":\"Markt-XXL Disney The Mandalorian Hoodie Herren Oversized aus Fleece, Baby Yoda Pullover Herren\",\"breadcrumb\":{\"@id\":\"https:\\\/\\\/marktxxl.de\\\/markt\\\/produkt\\\/disney-the-mandalorian-hoodie-herren-oversized-aus-fleece-baby-yoda-pullover-herren\\\/#breadcrumb\"},\"inLanguage\":\"de\",\"potentialAction\":[{\"@type\":\"ReadAction\",\"target\":[\"https:\\\/\\\/marktxxl.de\\\/markt\\\/produkt\\\/disney-the-mandalorian-hoodie-herren-oversized-aus-fleece-baby-yoda-pullover-herren\\\/\"]}]},{\"@type\":\"ImageObject\",\"inLanguage\":\"de\",\"@id\":\"https:\\\/\\\/marktxxl.de\\\/markt\\\/produkt\\\/disney-the-mandalorian-hoodie-herren-oversized-aus-fleece-baby-yoda-pullover-herren\\\/#primaryimage\",\"url\":\"https:\\\/\\\/m.media-amazon.com\\\/images\\\/I\\\/41vWbUUqu0L._SL500_.jpg\",\"contentUrl\":\"https:\\\/\\\/m.media-amazon.com\\\/images\\\/I\\\/41vWbUUqu0L._SL500_.jpg\",\"width\":333,\"height\":500},{\"@type\":\"BreadcrumbList\",\"@id\":\"https:\\\/\\\/marktxxl.de\\\/markt\\\/produkt\\\/disney-the-mandalorian-hoodie-herren-oversized-aus-fleece-baby-yoda-pullover-herren\\\/#breadcrumb\",\"itemListElement\":[{\"@type\":\"ListItem\",\"position\":1,\"name\":\"Startseite\",\"item\":\"https:\\\/\\\/marktxxl.de\\\/markt\\\/\"},{\"@type\":\"ListItem\",\"position\":2,\"name\":\"Markt\",\"item\":\"https:\\\/\\\/marktxxl.de\\\/markt\\\/\"},{\"@type\":\"ListItem\",\"position\":3,\"name\":\"Disney The Mandalorian Hoodie Herren Oversized aus Fleece, Baby Yoda Pullover Herren\"}]},{\"@type\":\"WebSite\",\"@id\":\"https:\\\/\\\/marktxxl.de\\\/markt\\\/#website\",\"url\":\"https:\\\/\\\/marktxxl.de\\\/markt\\\/\",\"name\":\"Markt-XXL\",\"description\":\"Ihr Markt Online\",\"publisher\":{\"@id\":\"https:\\\/\\\/marktxxl.de\\\/markt\\\/#organization\"},\"potentialAction\":[{\"@type\":\"SearchAction\",\"target\":{\"@type\":\"EntryPoint\",\"urlTemplate\":\"https:\\\/\\\/marktxxl.de\\\/markt\\\/?s={search_term_string}\"},\"query-input\":{\"@type\":\"PropertyValueSpecification\",\"valueRequired\":true,\"valueName\":\"search_term_string\"}}],\"inLanguage\":\"de\"},{\"@type\":\"Organization\",\"@id\":\"https:\\\/\\\/marktxxl.de\\\/markt\\\/#organization\",\"name\":\"Markt-XXL\",\"url\":\"https:\\\/\\\/marktxxl.de\\\/markt\\\/\",\"logo\":{\"@type\":\"ImageObject\",\"inLanguage\":\"de\",\"@id\":\"https:\\\/\\\/marktxxl.de\\\/markt\\\/#\\\/schema\\\/logo\\\/image\\\/\",\"url\":\"https:\\\/\\\/marktxxl.de\\\/markt\\\/wp-content\\\/uploads\\\/sites\\\/3\\\/2020\\\/12\\\/logo.png\",\"contentUrl\":\"https:\\\/\\\/marktxxl.de\\\/markt\\\/wp-content\\\/uploads\\\/sites\\\/3\\\/2020\\\/12\\\/logo.png\",\"width\":200,\"height\":70,\"caption\":\"Markt-XXL\"},\"image\":{\"@id\":\"https:\\\/\\\/marktxxl.de\\\/markt\\\/#\\\/schema\\\/logo\\\/image\\\/\"}}]}<\/script>\n<!-- \/ Yoast SEO plugin. -->","yoast_head_json":{"title":"Disney The Mandalorian Hoodie Herren Oversized aus Fleece, Baby Yoda Pullover Herren - Markt-XXL","description":"Markt-XXL Disney The Mandalorian Hoodie Herren Oversized aus Fleece, Baby Yoda Pullover Herren","robots":{"index":"index","follow":"follow","max-snippet":"max-snippet:-1","max-image-preview":"max-image-preview:large","max-video-preview":"max-video-preview:-1"},"canonical":"https:\/\/marktxxl.de\/markt\/produkt\/disney-the-mandalorian-hoodie-herren-oversized-aus-fleece-baby-yoda-pullover-herren\/","og_locale":"de_DE","og_type":"article","og_title":"Disney The Mandalorian Hoodie Herren Oversized aus Fleece, Baby Yoda Pullover Herren - Markt-XXL","og_description":"Markt-XXL Disney The Mandalorian Hoodie Herren Oversized aus Fleece, Baby Yoda Pullover Herren","og_url":"https:\/\/marktxxl.de\/markt\/produkt\/disney-the-mandalorian-hoodie-herren-oversized-aus-fleece-baby-yoda-pullover-herren\/","og_site_name":"Markt-XXL","article_modified_time":"2023-04-11T02:11:23+00:00","og_image":[{"width":333,"height":500,"url":"https:\/\/m.media-amazon.com\/images\/I\/41vWbUUqu0L._SL500_.jpg","type":"image\/jpeg"}],"twitter_card":"summary_large_image","twitter_misc":{"Gesch\u00e4tzte Lesezeit":"1\u00a0Minute"},"schema":{"@context":"https:\/\/schema.org","@graph":[{"@type":"WebPage","@id":"https:\/\/marktxxl.de\/markt\/produkt\/disney-the-mandalorian-hoodie-herren-oversized-aus-fleece-baby-yoda-pullover-herren\/","url":"https:\/\/marktxxl.de\/markt\/produkt\/disney-the-mandalorian-hoodie-herren-oversized-aus-fleece-baby-yoda-pullover-herren\/","name":"Disney The Mandalorian Hoodie Herren Oversized aus Fleece, Baby Yoda Pullover Herren - Markt-XXL","isPartOf":{"@id":"https:\/\/marktxxl.de\/markt\/#website"},"primaryImageOfPage":{"@id":"https:\/\/marktxxl.de\/markt\/produkt\/disney-the-mandalorian-hoodie-herren-oversized-aus-fleece-baby-yoda-pullover-herren\/#primaryimage"},"image":{"@id":"https:\/\/marktxxl.de\/markt\/produkt\/disney-the-mandalorian-hoodie-herren-oversized-aus-fleece-baby-yoda-pullover-herren\/#primaryimage"},"thumbnailUrl":"https:\/\/m.media-amazon.com\/images\/I\/41vWbUUqu0L._SL500_.jpg","datePublished":"2022-07-13T23:40:18+00:00","dateModified":"2023-04-11T02:11:23+00:00","description":"Markt-XXL Disney The Mandalorian Hoodie Herren Oversized aus Fleece, Baby Yoda Pullover Herren","breadcrumb":{"@id":"https:\/\/marktxxl.de\/markt\/produkt\/disney-the-mandalorian-hoodie-herren-oversized-aus-fleece-baby-yoda-pullover-herren\/#breadcrumb"},"inLanguage":"de","potentialAction":[{"@type":"ReadAction","target":["https:\/\/marktxxl.de\/markt\/produkt\/disney-the-mandalorian-hoodie-herren-oversized-aus-fleece-baby-yoda-pullover-herren\/"]}]},{"@type":"ImageObject","inLanguage":"de","@id":"https:\/\/marktxxl.de\/markt\/produkt\/disney-the-mandalorian-hoodie-herren-oversized-aus-fleece-baby-yoda-pullover-herren\/#primaryimage","url":"https:\/\/m.media-amazon.com\/images\/I\/41vWbUUqu0L._SL500_.jpg","contentUrl":"https:\/\/m.media-amazon.com\/images\/I\/41vWbUUqu0L._SL500_.jpg","width":333,"height":500},{"@type":"BreadcrumbList","@id":"https:\/\/marktxxl.de\/markt\/produkt\/disney-the-mandalorian-hoodie-herren-oversized-aus-fleece-baby-yoda-pullover-herren\/#breadcrumb","itemListElement":[{"@type":"ListItem","position":1,"name":"Startseite","item":"https:\/\/marktxxl.de\/markt\/"},{"@type":"ListItem","position":2,"name":"Markt","item":"https:\/\/marktxxl.de\/markt\/"},{"@type":"ListItem","position":3,"name":"Disney The Mandalorian Hoodie Herren Oversized aus Fleece, Baby Yoda Pullover Herren"}]},{"@type":"WebSite","@id":"https:\/\/marktxxl.de\/markt\/#website","url":"https:\/\/marktxxl.de\/markt\/","name":"Markt-XXL","description":"Ihr Markt Online","publisher":{"@id":"https:\/\/marktxxl.de\/markt\/#organization"},"potentialAction":[{"@type":"SearchAction","target":{"@type":"EntryPoint","urlTemplate":"https:\/\/marktxxl.de\/markt\/?s={search_term_string}"},"query-input":{"@type":"PropertyValueSpecification","valueRequired":true,"valueName":"search_term_string"}}],"inLanguage":"de"},{"@type":"Organization","@id":"https:\/\/marktxxl.de\/markt\/#organization","name":"Markt-XXL","url":"https:\/\/marktxxl.de\/markt\/","logo":{"@type":"ImageObject","inLanguage":"de","@id":"https:\/\/marktxxl.de\/markt\/#\/schema\/logo\/image\/","url":"https:\/\/marktxxl.de\/markt\/wp-content\/uploads\/sites\/3\/2020\/12\/logo.png","contentUrl":"https:\/\/marktxxl.de\/markt\/wp-content\/uploads\/sites\/3\/2020\/12\/logo.png","width":200,"height":70,"caption":"Markt-XXL"},"image":{"@id":"https:\/\/marktxxl.de\/markt\/#\/schema\/logo\/image\/"}}]}},"_links":{"self":[{"href":"https:\/\/marktxxl.de\/markt\/wp-json\/wp\/v2\/product\/136421","targetHints":{"allow":["GET"]}}],"collection":[{"href":"https:\/\/marktxxl.de\/markt\/wp-json\/wp\/v2\/product"}],"about":[{"href":"https:\/\/marktxxl.de\/markt\/wp-json\/wp\/v2\/types\/product"}],"replies":[{"embeddable":true,"href":"https:\/\/marktxxl.de\/markt\/wp-json\/wp\/v2\/comments?post=136421"}],"wp:featuredmedia":[{"embeddable":true,"href":"https:\/\/marktxxl.de\/markt\/wp-json\/wp\/v2\/media\/136422"}],"wp:attachment":[{"href":"https:\/\/marktxxl.de\/markt\/wp-json\/wp\/v2\/media?parent=136421"}],"wp:term":[{"taxonomy":"product_brand","embeddable":true,"href":"https:\/\/marktxxl.de\/markt\/wp-json\/wp\/v2\/product_brand?post=136421"},{"taxonomy":"product_cat","embeddable":true,"href":"https:\/\/marktxxl.de\/markt\/wp-json\/wp\/v2\/product_cat?post=136421"},{"taxonomy":"product_tag","embeddable":true,"href":"https:\/\/marktxxl.de\/markt\/wp-json\/wp\/v2\/product_tag?post=136421"}],"curies":[{"name":"wp","href":"https:\/\/api.w.org\/{rel}","templated":true}]}}