{"id":136373,"date":"2022-07-14T01:37:24","date_gmt":"2022-07-13T23:37:24","guid":{"rendered":"https:\/\/marktxxl.de\/markt\/produkt\/cafe-viereck-unisex-flexfit-wooly-combed-tactical-cap-mit-flauschflaeche-fuer-klett-patches-9-x-6-cm-fuer-maenner-und-frauen\/"},"modified":"2023-04-11T04:11:22","modified_gmt":"2023-04-11T02:11:22","slug":"cafe-viereck-unisex-flexfit-wooly-combed-tactical-cap-mit-flauschflaeche-fuer-klett-patches-9-x-6-cm-fuer-maenner-und-frauen","status":"publish","type":"product","link":"https:\/\/marktxxl.de\/markt\/produkt\/cafe-viereck-unisex-flexfit-wooly-combed-tactical-cap-mit-flauschflaeche-fuer-klett-patches-9-x-6-cm-fuer-maenner-und-frauen\/","title":{"rendered":"Caf\u00e9 Viereck \u00ae Unisex Flexfit Wooly Combed Tactical Cap\u2013 mit Flauschfl\u00e4che f\u00fcr Klett Patches (9 x 6 cm) \u2013 f\u00fcr M\u00e4nner und\u2026"},"content":{"rendered":"<p>EXTREM BEQUEM \u2013 Das Basecap ist von FlexFit (Original), wo der Saum hinten flexibel ist und sich jeder Kopfform anpasst. Du hast kein Plastikst\u00fcck am Hinterkopf und kein unangenehmes Dr\u00fccken oder Verstellen. Das wird garantiert dein bequemstes Cappi!<br \/>\nH\u00d6CHSTE QUALIT\u00c4T \u2013 Wir verwenden nur die hochwertigen Flexcaps von Flexfit. Mit unseren aufgen\u00e4hten Flauschfl\u00e4chen f\u00fcr Abzeichen und Patches, kannst du dir deine Cap ganz individuell gestalten. Mit unserem Tactical Cappy wirst du lange Freude haben!<br \/>\nECHTER HINGUCKER \u2013 Die stylische Baseball M\u00fctze sch\u00fctzt dich nicht nur vor der Sonne, sondern passt zu jeder Kleidung. Caps sind mittlerweile fester Bestandteil von Outfits und eine Lebenseinstellung geworden. Hol dir die Flexicap mit Flauschfl\u00e4che f\u00fcr deine Klettpatches und mach dein Outfit zu etwas Besonderem!<br \/>\nUNISEX \u2013 Die coole Kappe kann von Herren aber auch Damen getragen werden. Die Style Basecaps geh\u00f6ren zu den beliebtesten und qualitativ hochwertigsten Caps. Durch die Einheitsgr\u00f6\u00dfen eignen sie sich auch wunderbar als Geburtstaggeschenk. Mit diesem Cappy liegst du garantiert richtig!<br \/>\n100%-ZUFRIEDENHEIT \u2013 Qualit\u00e4t und Service steht bei Caf\u00e9 Viereck an der ersten Stelle. Wir m\u00f6chten dir eine absolut risikolose Bestellung anbieten: Solltest du mit unseren Marken Caps mit Patchfl\u00e4che nicht voll zufrieden sein, erh\u00e4ltst du sofort dein Geld zur\u00fcck \u2013 ohne Wenn und Aber!<br \/>\n<div class=\"main-cross-sell\" data-asin=\"B08W4CS5F2\">\n\n\t<div class=\"WooZone-cross-sell-loader\">\n\t\t<div>\n\t\t\t<div id=\"floatingBarsG\">\n\t\t\t\t<div class=\"blockG\" id=\"rotateG_01\"><\/div>\n\t\t\t\t<div class=\"blockG\" id=\"rotateG_02\"><\/div>\n\t\t\t\t<div class=\"blockG\" id=\"rotateG_03\"><\/div>\n\t\t\t\t<div class=\"blockG\" id=\"rotateG_04\"><\/div>\n\t\t\t\t<div class=\"blockG\" id=\"rotateG_05\"><\/div>\n\t\t\t\t<div class=\"blockG\" id=\"rotateG_06\"><\/div>\n\t\t\t\t<div class=\"blockG\" id=\"rotateG_07\"><\/div>\n\t\t\t\t<div class=\"blockG\" id=\"rotateG_08\"><\/div>\n\t\t\t<\/div>\n\t\t\t<div class=\"WooZone-cross-sell-loader-text\"><\/div>\n\t\t<\/div>\n\t<\/div>\n\n\t\t\n<\/div>\n<div style=\"clear:both;\"><\/div><\/p>\n","protected":false},"excerpt":{"rendered":"<p>EXTREM BEQUEM \u2013 Das Basecap ist von FlexFit (Original), wo der Saum hinten flexibel ist und sich jeder Kopfform anpasst. Du hast kein Plastikst\u00fcck am Hinterkopf und kein unangenehmes Dr\u00fccken oder Verstellen. Das wird garantiert dein bequemstes Cappi!<br \/>\nH\u00d6CHSTE QUALIT\u00c4T \u2013 Wir verwenden nur die hochwertigen Flexcaps von Flexfit. Mit unseren aufgen\u00e4hten Flauschfl\u00e4chen f\u00fcr Abzeichen und Patches, kannst du dir deine Cap ganz individuell gestalten. Mit unserem Tactical Cappy wirst du lange Freude haben!<br \/>\nECHTER HINGUCKER \u2013 Die stylische Baseball M\u00fctze sch\u00fctzt dich nicht nur vor der Sonne, sondern passt zu jeder Kleidung. Caps sind mittlerweile fester Bestandteil von Outfits und eine Lebenseinstellung geworden. Hol dir die Flexicap mit Flauschfl\u00e4che f\u00fcr deine Klettpatches und mach dein Outfit zu etwas Besonderem!<\/p>\n","protected":false},"featured_media":136374,"comment_status":"open","ping_status":"closed","template":"","meta":[],"product_brand":[],"product_cat":[1186,3960],"product_tag":[],"class_list":{"0":"post-136373","1":"product","2":"type-product","3":"status-publish","4":"has-post-thumbnail","6":"product_cat-bekleidung","7":"product_cat-herren","8":"pa_binding-textilien","9":"pa_brand-cafe-viereck","10":"pa_manufacturer-flexfit","11":"pa_size-s-m","13":"first","14":"instock","15":"shipping-taxable","16":"purchasable","17":"product-type-simple","18":"customify-col","19":"product-has-gallery"},"yoast_head":"<!-- This site is optimized with the Yoast SEO plugin v27.4 - https:\/\/yoast.com\/product\/yoast-seo-wordpress\/ -->\n<title>Caf\u00e9 Viereck \u00ae Unisex Flexfit Wooly Combed Tactical Cap\u2013 mit Flauschfl\u00e4che f\u00fcr Klett Patches (9 x 6 cm) \u2013 f\u00fcr M\u00e4nner und\u2026 - Markt-XXL<\/title>\n<meta name=\"description\" content=\"Markt-XXL Caf\u00e9 Viereck \u00ae Unisex Flexfit Wooly Combed Tactical Cap\u2013 mit Flauschfl\u00e4che f\u00fcr Klett Patches (9 x 6 cm) \u2013 f\u00fcr M\u00e4nner und\u2026\" \/>\n<meta name=\"robots\" content=\"index, follow, max-snippet:-1, max-image-preview:large, max-video-preview:-1\" \/>\n<link rel=\"canonical\" href=\"https:\/\/marktxxl.de\/markt\/produkt\/cafe-viereck-unisex-flexfit-wooly-combed-tactical-cap-mit-flauschflaeche-fuer-klett-patches-9-x-6-cm-fuer-maenner-und-frauen\/\" \/>\n<meta property=\"og:locale\" content=\"de_DE\" \/>\n<meta property=\"og:type\" content=\"article\" \/>\n<meta property=\"og:title\" content=\"Caf\u00e9 Viereck \u00ae Unisex Flexfit Wooly Combed Tactical Cap\u2013 mit Flauschfl\u00e4che f\u00fcr Klett Patches (9 x 6 cm) \u2013 f\u00fcr M\u00e4nner und\u2026 - Markt-XXL\" \/>\n<meta property=\"og:description\" content=\"Markt-XXL Caf\u00e9 Viereck \u00ae Unisex Flexfit Wooly Combed Tactical Cap\u2013 mit Flauschfl\u00e4che f\u00fcr Klett Patches (9 x 6 cm) \u2013 f\u00fcr M\u00e4nner und\u2026\" \/>\n<meta property=\"og:url\" content=\"https:\/\/marktxxl.de\/markt\/produkt\/cafe-viereck-unisex-flexfit-wooly-combed-tactical-cap-mit-flauschflaeche-fuer-klett-patches-9-x-6-cm-fuer-maenner-und-frauen\/\" \/>\n<meta property=\"og:site_name\" content=\"Markt-XXL\" \/>\n<meta property=\"article:modified_time\" content=\"2023-04-11T02:11:22+00:00\" \/>\n<meta property=\"og:image\" content=\"https:\/\/m.media-amazon.com\/images\/I\/41ig+JA7ItL._SL500_.jpg\" \/>\n\t<meta property=\"og:image:width\" content=\"500\" \/>\n\t<meta property=\"og:image:height\" content=\"500\" \/>\n\t<meta property=\"og:image:type\" content=\"image\/jpeg\" \/>\n<meta name=\"twitter:card\" content=\"summary_large_image\" \/>\n<meta name=\"twitter:label1\" content=\"Gesch\u00e4tzte Lesezeit\" \/>\n\t<meta name=\"twitter:data1\" content=\"1\u00a0Minute\" \/>\n<script type=\"application\/ld+json\" class=\"yoast-schema-graph\">{\"@context\":\"https:\\\/\\\/schema.org\",\"@graph\":[{\"@type\":\"WebPage\",\"@id\":\"https:\\\/\\\/marktxxl.de\\\/markt\\\/produkt\\\/cafe-viereck-unisex-flexfit-wooly-combed-tactical-cap-mit-flauschflaeche-fuer-klett-patches-9-x-6-cm-fuer-maenner-und-frauen\\\/\",\"url\":\"https:\\\/\\\/marktxxl.de\\\/markt\\\/produkt\\\/cafe-viereck-unisex-flexfit-wooly-combed-tactical-cap-mit-flauschflaeche-fuer-klett-patches-9-x-6-cm-fuer-maenner-und-frauen\\\/\",\"name\":\"Caf\u00e9 Viereck \u00ae Unisex Flexfit Wooly Combed Tactical Cap\u2013 mit Flauschfl\u00e4che f\u00fcr Klett Patches (9 x 6 cm) \u2013 f\u00fcr M\u00e4nner und\u2026 - Markt-XXL\",\"isPartOf\":{\"@id\":\"https:\\\/\\\/marktxxl.de\\\/markt\\\/#website\"},\"primaryImageOfPage\":{\"@id\":\"https:\\\/\\\/marktxxl.de\\\/markt\\\/produkt\\\/cafe-viereck-unisex-flexfit-wooly-combed-tactical-cap-mit-flauschflaeche-fuer-klett-patches-9-x-6-cm-fuer-maenner-und-frauen\\\/#primaryimage\"},\"image\":{\"@id\":\"https:\\\/\\\/marktxxl.de\\\/markt\\\/produkt\\\/cafe-viereck-unisex-flexfit-wooly-combed-tactical-cap-mit-flauschflaeche-fuer-klett-patches-9-x-6-cm-fuer-maenner-und-frauen\\\/#primaryimage\"},\"thumbnailUrl\":\"https:\\\/\\\/m.media-amazon.com\\\/images\\\/I\\\/41ig+JA7ItL._SL500_.jpg\",\"datePublished\":\"2022-07-13T23:37:24+00:00\",\"dateModified\":\"2023-04-11T02:11:22+00:00\",\"description\":\"Markt-XXL Caf\u00e9 Viereck \u00ae Unisex Flexfit Wooly Combed Tactical Cap\u2013 mit Flauschfl\u00e4che f\u00fcr Klett Patches (9 x 6 cm) \u2013 f\u00fcr M\u00e4nner und\u2026\",\"breadcrumb\":{\"@id\":\"https:\\\/\\\/marktxxl.de\\\/markt\\\/produkt\\\/cafe-viereck-unisex-flexfit-wooly-combed-tactical-cap-mit-flauschflaeche-fuer-klett-patches-9-x-6-cm-fuer-maenner-und-frauen\\\/#breadcrumb\"},\"inLanguage\":\"de\",\"potentialAction\":[{\"@type\":\"ReadAction\",\"target\":[\"https:\\\/\\\/marktxxl.de\\\/markt\\\/produkt\\\/cafe-viereck-unisex-flexfit-wooly-combed-tactical-cap-mit-flauschflaeche-fuer-klett-patches-9-x-6-cm-fuer-maenner-und-frauen\\\/\"]}]},{\"@type\":\"ImageObject\",\"inLanguage\":\"de\",\"@id\":\"https:\\\/\\\/marktxxl.de\\\/markt\\\/produkt\\\/cafe-viereck-unisex-flexfit-wooly-combed-tactical-cap-mit-flauschflaeche-fuer-klett-patches-9-x-6-cm-fuer-maenner-und-frauen\\\/#primaryimage\",\"url\":\"https:\\\/\\\/m.media-amazon.com\\\/images\\\/I\\\/41ig+JA7ItL._SL500_.jpg\",\"contentUrl\":\"https:\\\/\\\/m.media-amazon.com\\\/images\\\/I\\\/41ig+JA7ItL._SL500_.jpg\",\"width\":500,\"height\":500},{\"@type\":\"BreadcrumbList\",\"@id\":\"https:\\\/\\\/marktxxl.de\\\/markt\\\/produkt\\\/cafe-viereck-unisex-flexfit-wooly-combed-tactical-cap-mit-flauschflaeche-fuer-klett-patches-9-x-6-cm-fuer-maenner-und-frauen\\\/#breadcrumb\",\"itemListElement\":[{\"@type\":\"ListItem\",\"position\":1,\"name\":\"Startseite\",\"item\":\"https:\\\/\\\/marktxxl.de\\\/markt\\\/\"},{\"@type\":\"ListItem\",\"position\":2,\"name\":\"Markt\",\"item\":\"https:\\\/\\\/marktxxl.de\\\/markt\\\/\"},{\"@type\":\"ListItem\",\"position\":3,\"name\":\"Caf\u00e9 Viereck \u00ae Unisex Flexfit Wooly Combed Tactical Cap\u2013 mit Flauschfl\u00e4che f\u00fcr Klett Patches (9 x 6 cm) \u2013 f\u00fcr M\u00e4nner und\u2026\"}]},{\"@type\":\"WebSite\",\"@id\":\"https:\\\/\\\/marktxxl.de\\\/markt\\\/#website\",\"url\":\"https:\\\/\\\/marktxxl.de\\\/markt\\\/\",\"name\":\"Markt-XXL\",\"description\":\"Ihr Markt Online\",\"publisher\":{\"@id\":\"https:\\\/\\\/marktxxl.de\\\/markt\\\/#organization\"},\"potentialAction\":[{\"@type\":\"SearchAction\",\"target\":{\"@type\":\"EntryPoint\",\"urlTemplate\":\"https:\\\/\\\/marktxxl.de\\\/markt\\\/?s={search_term_string}\"},\"query-input\":{\"@type\":\"PropertyValueSpecification\",\"valueRequired\":true,\"valueName\":\"search_term_string\"}}],\"inLanguage\":\"de\"},{\"@type\":\"Organization\",\"@id\":\"https:\\\/\\\/marktxxl.de\\\/markt\\\/#organization\",\"name\":\"Markt-XXL\",\"url\":\"https:\\\/\\\/marktxxl.de\\\/markt\\\/\",\"logo\":{\"@type\":\"ImageObject\",\"inLanguage\":\"de\",\"@id\":\"https:\\\/\\\/marktxxl.de\\\/markt\\\/#\\\/schema\\\/logo\\\/image\\\/\",\"url\":\"https:\\\/\\\/marktxxl.de\\\/markt\\\/wp-content\\\/uploads\\\/sites\\\/3\\\/2020\\\/12\\\/logo.png\",\"contentUrl\":\"https:\\\/\\\/marktxxl.de\\\/markt\\\/wp-content\\\/uploads\\\/sites\\\/3\\\/2020\\\/12\\\/logo.png\",\"width\":200,\"height\":70,\"caption\":\"Markt-XXL\"},\"image\":{\"@id\":\"https:\\\/\\\/marktxxl.de\\\/markt\\\/#\\\/schema\\\/logo\\\/image\\\/\"}}]}<\/script>\n<!-- \/ Yoast SEO plugin. -->","yoast_head_json":{"title":"Caf\u00e9 Viereck \u00ae Unisex Flexfit Wooly Combed Tactical Cap\u2013 mit Flauschfl\u00e4che f\u00fcr Klett Patches (9 x 6 cm) \u2013 f\u00fcr M\u00e4nner und\u2026 - Markt-XXL","description":"Markt-XXL Caf\u00e9 Viereck \u00ae Unisex Flexfit Wooly Combed Tactical Cap\u2013 mit Flauschfl\u00e4che f\u00fcr Klett Patches (9 x 6 cm) \u2013 f\u00fcr M\u00e4nner und\u2026","robots":{"index":"index","follow":"follow","max-snippet":"max-snippet:-1","max-image-preview":"max-image-preview:large","max-video-preview":"max-video-preview:-1"},"canonical":"https:\/\/marktxxl.de\/markt\/produkt\/cafe-viereck-unisex-flexfit-wooly-combed-tactical-cap-mit-flauschflaeche-fuer-klett-patches-9-x-6-cm-fuer-maenner-und-frauen\/","og_locale":"de_DE","og_type":"article","og_title":"Caf\u00e9 Viereck \u00ae Unisex Flexfit Wooly Combed Tactical Cap\u2013 mit Flauschfl\u00e4che f\u00fcr Klett Patches (9 x 6 cm) \u2013 f\u00fcr M\u00e4nner und\u2026 - Markt-XXL","og_description":"Markt-XXL Caf\u00e9 Viereck \u00ae Unisex Flexfit Wooly Combed Tactical Cap\u2013 mit Flauschfl\u00e4che f\u00fcr Klett Patches (9 x 6 cm) \u2013 f\u00fcr M\u00e4nner und\u2026","og_url":"https:\/\/marktxxl.de\/markt\/produkt\/cafe-viereck-unisex-flexfit-wooly-combed-tactical-cap-mit-flauschflaeche-fuer-klett-patches-9-x-6-cm-fuer-maenner-und-frauen\/","og_site_name":"Markt-XXL","article_modified_time":"2023-04-11T02:11:22+00:00","og_image":[{"width":500,"height":500,"url":"https:\/\/m.media-amazon.com\/images\/I\/41ig+JA7ItL._SL500_.jpg","type":"image\/jpeg"}],"twitter_card":"summary_large_image","twitter_misc":{"Gesch\u00e4tzte Lesezeit":"1\u00a0Minute"},"schema":{"@context":"https:\/\/schema.org","@graph":[{"@type":"WebPage","@id":"https:\/\/marktxxl.de\/markt\/produkt\/cafe-viereck-unisex-flexfit-wooly-combed-tactical-cap-mit-flauschflaeche-fuer-klett-patches-9-x-6-cm-fuer-maenner-und-frauen\/","url":"https:\/\/marktxxl.de\/markt\/produkt\/cafe-viereck-unisex-flexfit-wooly-combed-tactical-cap-mit-flauschflaeche-fuer-klett-patches-9-x-6-cm-fuer-maenner-und-frauen\/","name":"Caf\u00e9 Viereck \u00ae Unisex Flexfit Wooly Combed Tactical Cap\u2013 mit Flauschfl\u00e4che f\u00fcr Klett Patches (9 x 6 cm) \u2013 f\u00fcr M\u00e4nner und\u2026 - Markt-XXL","isPartOf":{"@id":"https:\/\/marktxxl.de\/markt\/#website"},"primaryImageOfPage":{"@id":"https:\/\/marktxxl.de\/markt\/produkt\/cafe-viereck-unisex-flexfit-wooly-combed-tactical-cap-mit-flauschflaeche-fuer-klett-patches-9-x-6-cm-fuer-maenner-und-frauen\/#primaryimage"},"image":{"@id":"https:\/\/marktxxl.de\/markt\/produkt\/cafe-viereck-unisex-flexfit-wooly-combed-tactical-cap-mit-flauschflaeche-fuer-klett-patches-9-x-6-cm-fuer-maenner-und-frauen\/#primaryimage"},"thumbnailUrl":"https:\/\/m.media-amazon.com\/images\/I\/41ig+JA7ItL._SL500_.jpg","datePublished":"2022-07-13T23:37:24+00:00","dateModified":"2023-04-11T02:11:22+00:00","description":"Markt-XXL Caf\u00e9 Viereck \u00ae Unisex Flexfit Wooly Combed Tactical Cap\u2013 mit Flauschfl\u00e4che f\u00fcr Klett Patches (9 x 6 cm) \u2013 f\u00fcr M\u00e4nner und\u2026","breadcrumb":{"@id":"https:\/\/marktxxl.de\/markt\/produkt\/cafe-viereck-unisex-flexfit-wooly-combed-tactical-cap-mit-flauschflaeche-fuer-klett-patches-9-x-6-cm-fuer-maenner-und-frauen\/#breadcrumb"},"inLanguage":"de","potentialAction":[{"@type":"ReadAction","target":["https:\/\/marktxxl.de\/markt\/produkt\/cafe-viereck-unisex-flexfit-wooly-combed-tactical-cap-mit-flauschflaeche-fuer-klett-patches-9-x-6-cm-fuer-maenner-und-frauen\/"]}]},{"@type":"ImageObject","inLanguage":"de","@id":"https:\/\/marktxxl.de\/markt\/produkt\/cafe-viereck-unisex-flexfit-wooly-combed-tactical-cap-mit-flauschflaeche-fuer-klett-patches-9-x-6-cm-fuer-maenner-und-frauen\/#primaryimage","url":"https:\/\/m.media-amazon.com\/images\/I\/41ig+JA7ItL._SL500_.jpg","contentUrl":"https:\/\/m.media-amazon.com\/images\/I\/41ig+JA7ItL._SL500_.jpg","width":500,"height":500},{"@type":"BreadcrumbList","@id":"https:\/\/marktxxl.de\/markt\/produkt\/cafe-viereck-unisex-flexfit-wooly-combed-tactical-cap-mit-flauschflaeche-fuer-klett-patches-9-x-6-cm-fuer-maenner-und-frauen\/#breadcrumb","itemListElement":[{"@type":"ListItem","position":1,"name":"Startseite","item":"https:\/\/marktxxl.de\/markt\/"},{"@type":"ListItem","position":2,"name":"Markt","item":"https:\/\/marktxxl.de\/markt\/"},{"@type":"ListItem","position":3,"name":"Caf\u00e9 Viereck \u00ae Unisex Flexfit Wooly Combed Tactical Cap\u2013 mit Flauschfl\u00e4che f\u00fcr Klett Patches (9 x 6 cm) \u2013 f\u00fcr M\u00e4nner und\u2026"}]},{"@type":"WebSite","@id":"https:\/\/marktxxl.de\/markt\/#website","url":"https:\/\/marktxxl.de\/markt\/","name":"Markt-XXL","description":"Ihr Markt Online","publisher":{"@id":"https:\/\/marktxxl.de\/markt\/#organization"},"potentialAction":[{"@type":"SearchAction","target":{"@type":"EntryPoint","urlTemplate":"https:\/\/marktxxl.de\/markt\/?s={search_term_string}"},"query-input":{"@type":"PropertyValueSpecification","valueRequired":true,"valueName":"search_term_string"}}],"inLanguage":"de"},{"@type":"Organization","@id":"https:\/\/marktxxl.de\/markt\/#organization","name":"Markt-XXL","url":"https:\/\/marktxxl.de\/markt\/","logo":{"@type":"ImageObject","inLanguage":"de","@id":"https:\/\/marktxxl.de\/markt\/#\/schema\/logo\/image\/","url":"https:\/\/marktxxl.de\/markt\/wp-content\/uploads\/sites\/3\/2020\/12\/logo.png","contentUrl":"https:\/\/marktxxl.de\/markt\/wp-content\/uploads\/sites\/3\/2020\/12\/logo.png","width":200,"height":70,"caption":"Markt-XXL"},"image":{"@id":"https:\/\/marktxxl.de\/markt\/#\/schema\/logo\/image\/"}}]}},"_links":{"self":[{"href":"https:\/\/marktxxl.de\/markt\/wp-json\/wp\/v2\/product\/136373","targetHints":{"allow":["GET"]}}],"collection":[{"href":"https:\/\/marktxxl.de\/markt\/wp-json\/wp\/v2\/product"}],"about":[{"href":"https:\/\/marktxxl.de\/markt\/wp-json\/wp\/v2\/types\/product"}],"replies":[{"embeddable":true,"href":"https:\/\/marktxxl.de\/markt\/wp-json\/wp\/v2\/comments?post=136373"}],"wp:featuredmedia":[{"embeddable":true,"href":"https:\/\/marktxxl.de\/markt\/wp-json\/wp\/v2\/media\/136374"}],"wp:attachment":[{"href":"https:\/\/marktxxl.de\/markt\/wp-json\/wp\/v2\/media?parent=136373"}],"wp:term":[{"taxonomy":"product_brand","embeddable":true,"href":"https:\/\/marktxxl.de\/markt\/wp-json\/wp\/v2\/product_brand?post=136373"},{"taxonomy":"product_cat","embeddable":true,"href":"https:\/\/marktxxl.de\/markt\/wp-json\/wp\/v2\/product_cat?post=136373"},{"taxonomy":"product_tag","embeddable":true,"href":"https:\/\/marktxxl.de\/markt\/wp-json\/wp\/v2\/product_tag?post=136373"}],"curies":[{"name":"wp","href":"https:\/\/api.w.org\/{rel}","templated":true}]}}