{"id":136139,"date":"2022-07-14T01:25:50","date_gmt":"2022-07-13T23:25:50","guid":{"rendered":"https:\/\/marktxxl.de\/markt\/produkt\/antsang-maedchen-kniestruempfe-6-paar-fuer-kinder-geschenke-lange-lustige-kindersocken-tier-baumwolle-socken-3-12-jahre\/"},"modified":"2023-04-11T04:11:19","modified_gmt":"2023-04-11T02:11:19","slug":"antsang-maedchen-kniestruempfe-6-paar-fuer-kinder-geschenke-lange-lustige-kindersocken-tier-baumwolle-socken-3-12-jahre","status":"publish","type":"product","link":"https:\/\/marktxxl.de\/markt\/produkt\/antsang-maedchen-kniestruempfe-6-paar-fuer-kinder-geschenke-lange-lustige-kindersocken-tier-baumwolle-socken-3-12-jahre\/","title":{"rendered":"ANTSANG M\u00e4dchen Kniestr\u00fcmpfe 6 Paar f\u00fcr Kinder Geschenke Lange Lustige Kindersocken Tier Baumwolle Socken 3-12 Jahre"},"content":{"rendered":"<p>\ud83c\udf08 HOCHWERTIGE BAUMWOLLE: Hergestellt aus 85% Baumwolle und 15% Elasthan, sind Cartoon-Socken bequem, leicht, tragbar und schwei\u00dfableitend. Es ist sanft zur Haut und sowohl f\u00fcr Indoor- als auch Outdoor-Aktivit\u00e4ten geeignet. &#8221;<br \/>\n\ud83c\udf08 GR\u00d6SSE &#8211; L\u00e4nge: Cartoon bunte Kniestr\u00fcmpfe sind ca. 15-16,5 Zoll gro\u00df und eignen sich f\u00fcr die meisten M\u00e4dchen im Alter von 3-12 Jahren. Es gibt 6 Paar Socken in einem. Die Socken sind ob \u00fcber Wade oder Knie, h\u00e4ngt davon ab, wie lang die Beine Ihres M\u00e4dchens sind.<br \/>\n\ud83c\udf08 NIEDLICHES UND S\u00dcSSES DESIGN: Niedliche M\u00e4dchen Kniestr\u00fcmpfe mit hohem Knie im Art Cartoon-Muster halten Ihre M\u00e4dchen warm mit modischem Look. Diese sch\u00f6nen Socken halten Ihre Zehen immer komplett trocken und das ganz gut.<br \/>\n\ud83c\udf08 AUSGEZEICHNETE GESCHENKWAHL: S\u00fc\u00dfe Baumwollsocken sind das perfekte Geschenk f\u00fcr Wanderer, Wanderer im Freien, Sie k\u00f6nnen auch f\u00fcr Ihre Kinder, Freunde, Geburtstage, Weihnachtsgeschenke w\u00e4hlen. oder Kindersocken Geschenk.<br \/>\n\ud83c\udf08 MULTIFUNKTION: Sie sind hochwertige, elastische und verbesserte B\u00fcndchen halten die Socken bequem an Ort und Stelle. Sie k\u00f6nnen sie als Schule, Wandern, Outdoor, Sport, Zuhause, Weihnachtssocken im Fr\u00fchling, Herbst, Winter oder bei kaltem Wetter tragen wear Bereiche.<br \/>\n<div class=\"main-cross-sell\" data-asin=\"B07NQN5453\">\n\n\t<div class=\"WooZone-cross-sell-loader\">\n\t\t<div>\n\t\t\t<div id=\"floatingBarsG\">\n\t\t\t\t<div class=\"blockG\" id=\"rotateG_01\"><\/div>\n\t\t\t\t<div class=\"blockG\" id=\"rotateG_02\"><\/div>\n\t\t\t\t<div class=\"blockG\" id=\"rotateG_03\"><\/div>\n\t\t\t\t<div class=\"blockG\" id=\"rotateG_04\"><\/div>\n\t\t\t\t<div class=\"blockG\" id=\"rotateG_05\"><\/div>\n\t\t\t\t<div class=\"blockG\" id=\"rotateG_06\"><\/div>\n\t\t\t\t<div class=\"blockG\" id=\"rotateG_07\"><\/div>\n\t\t\t\t<div class=\"blockG\" id=\"rotateG_08\"><\/div>\n\t\t\t<\/div>\n\t\t\t<div class=\"WooZone-cross-sell-loader-text\"><\/div>\n\t\t<\/div>\n\t<\/div>\n\n\t\t\n<\/div>\n<div style=\"clear:both;\"><\/div><\/p>\n","protected":false},"excerpt":{"rendered":"<p>\ud83c\udf08 HOCHWERTIGE BAUMWOLLE: Hergestellt aus 85% Baumwolle und 15% Elasthan, sind Cartoon-Socken bequem, leicht, tragbar und schwei\u00dfableitend. Es ist sanft zur Haut und sowohl f\u00fcr Indoor- als auch Outdoor-Aktivit\u00e4ten geeignet. &#8221;<br \/>\n\ud83c\udf08 GR\u00d6SSE &#8211; L\u00e4nge: Cartoon bunte Kniestr\u00fcmpfe sind ca. 15-16,5 Zoll gro\u00df und eignen sich f\u00fcr die meisten M\u00e4dchen im Alter von 3-12 Jahren. Es gibt 6 Paar Socken in einem. Die Socken sind ob \u00fcber Wade oder Knie, h\u00e4ngt davon ab, wie lang die Beine Ihres M\u00e4dchens sind.<br \/>\n\ud83c\udf08 NIEDLICHES UND S\u00dcSSES DESIGN: Niedliche M\u00e4dchen Kniestr\u00fcmpfe mit hohem Knie im Art Cartoon-Muster halten Ihre M\u00e4dchen warm mit modischem Look. Diese sch\u00f6nen Socken halten Ihre Zehen immer komplett trocken und das ganz gut.<\/p>\n","protected":false},"featured_media":136140,"comment_status":"open","ping_status":"closed","template":"","meta":[],"product_brand":[],"product_cat":[1186],"product_tag":[],"class_list":{"0":"post-136139","1":"product","2":"type-product","3":"status-publish","4":"has-post-thumbnail","6":"product_cat-bekleidung","7":"pa_binding-textilien","8":"pa_brand-antsang","9":"pa_color-a","10":"pa_size-3-12-jahre","12":"first","13":"instock","14":"shipping-taxable","15":"purchasable","16":"product-type-simple","17":"customify-col","18":"product-has-gallery"},"yoast_head":"<!-- This site is optimized with the Yoast SEO plugin v27.3 - https:\/\/yoast.com\/product\/yoast-seo-wordpress\/ -->\n<title>ANTSANG M\u00e4dchen Kniestr\u00fcmpfe 6 Paar f\u00fcr Kinder Geschenke Lange Lustige Kindersocken Tier Baumwolle Socken 3-12 Jahre - Markt-XXL<\/title>\n<meta name=\"description\" content=\"Markt-XXL ANTSANG M\u00e4dchen Kniestr\u00fcmpfe 6 Paar f\u00fcr Kinder Geschenke Lange Lustige Kindersocken Tier Baumwolle Socken 3-12 Jahre\" \/>\n<meta name=\"robots\" content=\"index, follow, max-snippet:-1, max-image-preview:large, max-video-preview:-1\" \/>\n<link rel=\"canonical\" href=\"https:\/\/marktxxl.de\/markt\/produkt\/antsang-maedchen-kniestruempfe-6-paar-fuer-kinder-geschenke-lange-lustige-kindersocken-tier-baumwolle-socken-3-12-jahre\/\" \/>\n<meta property=\"og:locale\" content=\"de_DE\" \/>\n<meta property=\"og:type\" content=\"article\" \/>\n<meta property=\"og:title\" content=\"ANTSANG M\u00e4dchen Kniestr\u00fcmpfe 6 Paar f\u00fcr Kinder Geschenke Lange Lustige Kindersocken Tier Baumwolle Socken 3-12 Jahre - Markt-XXL\" \/>\n<meta property=\"og:description\" content=\"Markt-XXL ANTSANG M\u00e4dchen Kniestr\u00fcmpfe 6 Paar f\u00fcr Kinder Geschenke Lange Lustige Kindersocken Tier Baumwolle Socken 3-12 Jahre\" \/>\n<meta property=\"og:url\" content=\"https:\/\/marktxxl.de\/markt\/produkt\/antsang-maedchen-kniestruempfe-6-paar-fuer-kinder-geschenke-lange-lustige-kindersocken-tier-baumwolle-socken-3-12-jahre\/\" \/>\n<meta property=\"og:site_name\" content=\"Markt-XXL\" \/>\n<meta property=\"article:modified_time\" content=\"2023-04-11T02:11:19+00:00\" \/>\n<meta property=\"og:image\" content=\"https:\/\/m.media-amazon.com\/images\/I\/51eXALjnTOL._SL500_.jpg\" \/>\n\t<meta property=\"og:image:width\" content=\"500\" \/>\n\t<meta property=\"og:image:height\" content=\"500\" \/>\n\t<meta property=\"og:image:type\" content=\"image\/jpeg\" \/>\n<meta name=\"twitter:card\" content=\"summary_large_image\" \/>\n<meta name=\"twitter:label1\" content=\"Gesch\u00e4tzte Lesezeit\" \/>\n\t<meta name=\"twitter:data1\" content=\"1\u00a0Minute\" \/>\n<script type=\"application\/ld+json\" class=\"yoast-schema-graph\">{\"@context\":\"https:\\\/\\\/schema.org\",\"@graph\":[{\"@type\":\"WebPage\",\"@id\":\"https:\\\/\\\/marktxxl.de\\\/markt\\\/produkt\\\/antsang-maedchen-kniestruempfe-6-paar-fuer-kinder-geschenke-lange-lustige-kindersocken-tier-baumwolle-socken-3-12-jahre\\\/\",\"url\":\"https:\\\/\\\/marktxxl.de\\\/markt\\\/produkt\\\/antsang-maedchen-kniestruempfe-6-paar-fuer-kinder-geschenke-lange-lustige-kindersocken-tier-baumwolle-socken-3-12-jahre\\\/\",\"name\":\"ANTSANG M\u00e4dchen Kniestr\u00fcmpfe 6 Paar f\u00fcr Kinder Geschenke Lange Lustige Kindersocken Tier Baumwolle Socken 3-12 Jahre - Markt-XXL\",\"isPartOf\":{\"@id\":\"https:\\\/\\\/marktxxl.de\\\/markt\\\/#website\"},\"primaryImageOfPage\":{\"@id\":\"https:\\\/\\\/marktxxl.de\\\/markt\\\/produkt\\\/antsang-maedchen-kniestruempfe-6-paar-fuer-kinder-geschenke-lange-lustige-kindersocken-tier-baumwolle-socken-3-12-jahre\\\/#primaryimage\"},\"image\":{\"@id\":\"https:\\\/\\\/marktxxl.de\\\/markt\\\/produkt\\\/antsang-maedchen-kniestruempfe-6-paar-fuer-kinder-geschenke-lange-lustige-kindersocken-tier-baumwolle-socken-3-12-jahre\\\/#primaryimage\"},\"thumbnailUrl\":\"https:\\\/\\\/m.media-amazon.com\\\/images\\\/I\\\/51eXALjnTOL._SL500_.jpg\",\"datePublished\":\"2022-07-13T23:25:50+00:00\",\"dateModified\":\"2023-04-11T02:11:19+00:00\",\"description\":\"Markt-XXL ANTSANG M\u00e4dchen Kniestr\u00fcmpfe 6 Paar f\u00fcr Kinder Geschenke Lange Lustige Kindersocken Tier Baumwolle Socken 3-12 Jahre\",\"breadcrumb\":{\"@id\":\"https:\\\/\\\/marktxxl.de\\\/markt\\\/produkt\\\/antsang-maedchen-kniestruempfe-6-paar-fuer-kinder-geschenke-lange-lustige-kindersocken-tier-baumwolle-socken-3-12-jahre\\\/#breadcrumb\"},\"inLanguage\":\"de\",\"potentialAction\":[{\"@type\":\"ReadAction\",\"target\":[\"https:\\\/\\\/marktxxl.de\\\/markt\\\/produkt\\\/antsang-maedchen-kniestruempfe-6-paar-fuer-kinder-geschenke-lange-lustige-kindersocken-tier-baumwolle-socken-3-12-jahre\\\/\"]}]},{\"@type\":\"ImageObject\",\"inLanguage\":\"de\",\"@id\":\"https:\\\/\\\/marktxxl.de\\\/markt\\\/produkt\\\/antsang-maedchen-kniestruempfe-6-paar-fuer-kinder-geschenke-lange-lustige-kindersocken-tier-baumwolle-socken-3-12-jahre\\\/#primaryimage\",\"url\":\"https:\\\/\\\/m.media-amazon.com\\\/images\\\/I\\\/51eXALjnTOL._SL500_.jpg\",\"contentUrl\":\"https:\\\/\\\/m.media-amazon.com\\\/images\\\/I\\\/51eXALjnTOL._SL500_.jpg\",\"width\":500,\"height\":500},{\"@type\":\"BreadcrumbList\",\"@id\":\"https:\\\/\\\/marktxxl.de\\\/markt\\\/produkt\\\/antsang-maedchen-kniestruempfe-6-paar-fuer-kinder-geschenke-lange-lustige-kindersocken-tier-baumwolle-socken-3-12-jahre\\\/#breadcrumb\",\"itemListElement\":[{\"@type\":\"ListItem\",\"position\":1,\"name\":\"Startseite\",\"item\":\"https:\\\/\\\/marktxxl.de\\\/markt\\\/\"},{\"@type\":\"ListItem\",\"position\":2,\"name\":\"Markt\",\"item\":\"https:\\\/\\\/marktxxl.de\\\/markt\\\/\"},{\"@type\":\"ListItem\",\"position\":3,\"name\":\"ANTSANG M\u00e4dchen Kniestr\u00fcmpfe 6 Paar f\u00fcr Kinder Geschenke Lange Lustige Kindersocken Tier Baumwolle Socken 3-12 Jahre\"}]},{\"@type\":\"WebSite\",\"@id\":\"https:\\\/\\\/marktxxl.de\\\/markt\\\/#website\",\"url\":\"https:\\\/\\\/marktxxl.de\\\/markt\\\/\",\"name\":\"Markt-XXL\",\"description\":\"Ihr Markt Online\",\"publisher\":{\"@id\":\"https:\\\/\\\/marktxxl.de\\\/markt\\\/#organization\"},\"potentialAction\":[{\"@type\":\"SearchAction\",\"target\":{\"@type\":\"EntryPoint\",\"urlTemplate\":\"https:\\\/\\\/marktxxl.de\\\/markt\\\/?s={search_term_string}\"},\"query-input\":{\"@type\":\"PropertyValueSpecification\",\"valueRequired\":true,\"valueName\":\"search_term_string\"}}],\"inLanguage\":\"de\"},{\"@type\":\"Organization\",\"@id\":\"https:\\\/\\\/marktxxl.de\\\/markt\\\/#organization\",\"name\":\"Markt-XXL\",\"url\":\"https:\\\/\\\/marktxxl.de\\\/markt\\\/\",\"logo\":{\"@type\":\"ImageObject\",\"inLanguage\":\"de\",\"@id\":\"https:\\\/\\\/marktxxl.de\\\/markt\\\/#\\\/schema\\\/logo\\\/image\\\/\",\"url\":\"https:\\\/\\\/marktxxl.de\\\/markt\\\/wp-content\\\/uploads\\\/sites\\\/3\\\/2020\\\/12\\\/logo.png\",\"contentUrl\":\"https:\\\/\\\/marktxxl.de\\\/markt\\\/wp-content\\\/uploads\\\/sites\\\/3\\\/2020\\\/12\\\/logo.png\",\"width\":200,\"height\":70,\"caption\":\"Markt-XXL\"},\"image\":{\"@id\":\"https:\\\/\\\/marktxxl.de\\\/markt\\\/#\\\/schema\\\/logo\\\/image\\\/\"}}]}<\/script>\n<!-- \/ Yoast SEO plugin. -->","yoast_head_json":{"title":"ANTSANG M\u00e4dchen Kniestr\u00fcmpfe 6 Paar f\u00fcr Kinder Geschenke Lange Lustige Kindersocken Tier Baumwolle Socken 3-12 Jahre - Markt-XXL","description":"Markt-XXL ANTSANG M\u00e4dchen Kniestr\u00fcmpfe 6 Paar f\u00fcr Kinder Geschenke Lange Lustige Kindersocken Tier Baumwolle Socken 3-12 Jahre","robots":{"index":"index","follow":"follow","max-snippet":"max-snippet:-1","max-image-preview":"max-image-preview:large","max-video-preview":"max-video-preview:-1"},"canonical":"https:\/\/marktxxl.de\/markt\/produkt\/antsang-maedchen-kniestruempfe-6-paar-fuer-kinder-geschenke-lange-lustige-kindersocken-tier-baumwolle-socken-3-12-jahre\/","og_locale":"de_DE","og_type":"article","og_title":"ANTSANG M\u00e4dchen Kniestr\u00fcmpfe 6 Paar f\u00fcr Kinder Geschenke Lange Lustige Kindersocken Tier Baumwolle Socken 3-12 Jahre - Markt-XXL","og_description":"Markt-XXL ANTSANG M\u00e4dchen Kniestr\u00fcmpfe 6 Paar f\u00fcr Kinder Geschenke Lange Lustige Kindersocken Tier Baumwolle Socken 3-12 Jahre","og_url":"https:\/\/marktxxl.de\/markt\/produkt\/antsang-maedchen-kniestruempfe-6-paar-fuer-kinder-geschenke-lange-lustige-kindersocken-tier-baumwolle-socken-3-12-jahre\/","og_site_name":"Markt-XXL","article_modified_time":"2023-04-11T02:11:19+00:00","og_image":[{"width":500,"height":500,"url":"https:\/\/m.media-amazon.com\/images\/I\/51eXALjnTOL._SL500_.jpg","type":"image\/jpeg"}],"twitter_card":"summary_large_image","twitter_misc":{"Gesch\u00e4tzte Lesezeit":"1\u00a0Minute"},"schema":{"@context":"https:\/\/schema.org","@graph":[{"@type":"WebPage","@id":"https:\/\/marktxxl.de\/markt\/produkt\/antsang-maedchen-kniestruempfe-6-paar-fuer-kinder-geschenke-lange-lustige-kindersocken-tier-baumwolle-socken-3-12-jahre\/","url":"https:\/\/marktxxl.de\/markt\/produkt\/antsang-maedchen-kniestruempfe-6-paar-fuer-kinder-geschenke-lange-lustige-kindersocken-tier-baumwolle-socken-3-12-jahre\/","name":"ANTSANG M\u00e4dchen Kniestr\u00fcmpfe 6 Paar f\u00fcr Kinder Geschenke Lange Lustige Kindersocken Tier Baumwolle Socken 3-12 Jahre - Markt-XXL","isPartOf":{"@id":"https:\/\/marktxxl.de\/markt\/#website"},"primaryImageOfPage":{"@id":"https:\/\/marktxxl.de\/markt\/produkt\/antsang-maedchen-kniestruempfe-6-paar-fuer-kinder-geschenke-lange-lustige-kindersocken-tier-baumwolle-socken-3-12-jahre\/#primaryimage"},"image":{"@id":"https:\/\/marktxxl.de\/markt\/produkt\/antsang-maedchen-kniestruempfe-6-paar-fuer-kinder-geschenke-lange-lustige-kindersocken-tier-baumwolle-socken-3-12-jahre\/#primaryimage"},"thumbnailUrl":"https:\/\/m.media-amazon.com\/images\/I\/51eXALjnTOL._SL500_.jpg","datePublished":"2022-07-13T23:25:50+00:00","dateModified":"2023-04-11T02:11:19+00:00","description":"Markt-XXL ANTSANG M\u00e4dchen Kniestr\u00fcmpfe 6 Paar f\u00fcr Kinder Geschenke Lange Lustige Kindersocken Tier Baumwolle Socken 3-12 Jahre","breadcrumb":{"@id":"https:\/\/marktxxl.de\/markt\/produkt\/antsang-maedchen-kniestruempfe-6-paar-fuer-kinder-geschenke-lange-lustige-kindersocken-tier-baumwolle-socken-3-12-jahre\/#breadcrumb"},"inLanguage":"de","potentialAction":[{"@type":"ReadAction","target":["https:\/\/marktxxl.de\/markt\/produkt\/antsang-maedchen-kniestruempfe-6-paar-fuer-kinder-geschenke-lange-lustige-kindersocken-tier-baumwolle-socken-3-12-jahre\/"]}]},{"@type":"ImageObject","inLanguage":"de","@id":"https:\/\/marktxxl.de\/markt\/produkt\/antsang-maedchen-kniestruempfe-6-paar-fuer-kinder-geschenke-lange-lustige-kindersocken-tier-baumwolle-socken-3-12-jahre\/#primaryimage","url":"https:\/\/m.media-amazon.com\/images\/I\/51eXALjnTOL._SL500_.jpg","contentUrl":"https:\/\/m.media-amazon.com\/images\/I\/51eXALjnTOL._SL500_.jpg","width":500,"height":500},{"@type":"BreadcrumbList","@id":"https:\/\/marktxxl.de\/markt\/produkt\/antsang-maedchen-kniestruempfe-6-paar-fuer-kinder-geschenke-lange-lustige-kindersocken-tier-baumwolle-socken-3-12-jahre\/#breadcrumb","itemListElement":[{"@type":"ListItem","position":1,"name":"Startseite","item":"https:\/\/marktxxl.de\/markt\/"},{"@type":"ListItem","position":2,"name":"Markt","item":"https:\/\/marktxxl.de\/markt\/"},{"@type":"ListItem","position":3,"name":"ANTSANG M\u00e4dchen Kniestr\u00fcmpfe 6 Paar f\u00fcr Kinder Geschenke Lange Lustige Kindersocken Tier Baumwolle Socken 3-12 Jahre"}]},{"@type":"WebSite","@id":"https:\/\/marktxxl.de\/markt\/#website","url":"https:\/\/marktxxl.de\/markt\/","name":"Markt-XXL","description":"Ihr Markt Online","publisher":{"@id":"https:\/\/marktxxl.de\/markt\/#organization"},"potentialAction":[{"@type":"SearchAction","target":{"@type":"EntryPoint","urlTemplate":"https:\/\/marktxxl.de\/markt\/?s={search_term_string}"},"query-input":{"@type":"PropertyValueSpecification","valueRequired":true,"valueName":"search_term_string"}}],"inLanguage":"de"},{"@type":"Organization","@id":"https:\/\/marktxxl.de\/markt\/#organization","name":"Markt-XXL","url":"https:\/\/marktxxl.de\/markt\/","logo":{"@type":"ImageObject","inLanguage":"de","@id":"https:\/\/marktxxl.de\/markt\/#\/schema\/logo\/image\/","url":"https:\/\/marktxxl.de\/markt\/wp-content\/uploads\/sites\/3\/2020\/12\/logo.png","contentUrl":"https:\/\/marktxxl.de\/markt\/wp-content\/uploads\/sites\/3\/2020\/12\/logo.png","width":200,"height":70,"caption":"Markt-XXL"},"image":{"@id":"https:\/\/marktxxl.de\/markt\/#\/schema\/logo\/image\/"}}]}},"_links":{"self":[{"href":"https:\/\/marktxxl.de\/markt\/wp-json\/wp\/v2\/product\/136139","targetHints":{"allow":["GET"]}}],"collection":[{"href":"https:\/\/marktxxl.de\/markt\/wp-json\/wp\/v2\/product"}],"about":[{"href":"https:\/\/marktxxl.de\/markt\/wp-json\/wp\/v2\/types\/product"}],"replies":[{"embeddable":true,"href":"https:\/\/marktxxl.de\/markt\/wp-json\/wp\/v2\/comments?post=136139"}],"wp:featuredmedia":[{"embeddable":true,"href":"https:\/\/marktxxl.de\/markt\/wp-json\/wp\/v2\/media\/136140"}],"wp:attachment":[{"href":"https:\/\/marktxxl.de\/markt\/wp-json\/wp\/v2\/media?parent=136139"}],"wp:term":[{"taxonomy":"product_brand","embeddable":true,"href":"https:\/\/marktxxl.de\/markt\/wp-json\/wp\/v2\/product_brand?post=136139"},{"taxonomy":"product_cat","embeddable":true,"href":"https:\/\/marktxxl.de\/markt\/wp-json\/wp\/v2\/product_cat?post=136139"},{"taxonomy":"product_tag","embeddable":true,"href":"https:\/\/marktxxl.de\/markt\/wp-json\/wp\/v2\/product_tag?post=136139"}],"curies":[{"name":"wp","href":"https:\/\/api.w.org\/{rel}","templated":true}]}}