{"id":136097,"date":"2022-07-14T01:22:38","date_gmt":"2022-07-13T23:22:38","guid":{"rendered":"https:\/\/marktxxl.de\/markt\/produkt\/bilizar-6-blatter-gesicht-glitzersteine-festival-accessoires-nagel-augen-halloween-schminke-glitzer-steine-gesicht-selbstklebend-aufkleben-festival-zubehoer-damen-must-haves-face-gems-hairgems-make-up\/"},"modified":"2023-04-11T04:11:18","modified_gmt":"2023-04-11T02:11:18","slug":"bilizar-6-blatter-gesicht-glitzersteine-festival-accessoires-nagel-augen-halloween-schminke-glitzer-steine-gesicht-selbstklebend-aufkleben-festival-zubehoer-damen-must-haves-face-gems-hairgems-make-up","status":"publish","type":"product","link":"https:\/\/marktxxl.de\/markt\/produkt\/bilizar-6-blatter-gesicht-glitzersteine-festival-accessoires-nagel-augen-halloween-schminke-glitzer-steine-gesicht-selbstklebend-aufkleben-festival-zubehoer-damen-must-haves-face-gems-hairgems-make-up\/","title":{"rendered":"Bilizar 6 Blatter Gesicht Glitzersteine Festival Accessoires Nagel Augen Halloween Schminke Glitzer Steine Gesicht\u2026"},"content":{"rendered":"<p>\ud83d\udc196 Blatter Steine Gesicht Selbstklebend Funkeln:\ud83d\udc20 Es Gibt 6 Bl\u00e4tter In Der Gr\u00f6\u00dfe 6x6cm Glitzersteine Gesicht Festival Selbstklebend Aufkleber Bling. Einschlie\u00dflich Verschiedener Beliebter Designs, Mehrfarbig, Bunt, Gold, Glitzer, Bindi, Punkte, Rot, Blau, Lila, Rosa, Gelb, Gr\u00fcn, Punkte, Wei\u00dfe Perle, Tr\u00e4nen, Wassertropfen Steinchen Gesicht Glitzersteine, Rhinestones Face Sticker, Gesichtsschmuck Strasssteine Gesicht Juwelen Edelsteine Kristalle Frauen M\u00e4dchen Erwachsene Festival Accessoires.<br \/>\n\ud83d\udc19Sicher &amp; Wasserdicht &amp; Edelsteine Aufkleber Gesicht:\ud83d\udc20 Tempor\u00e4re Tattoos Schmuck Gesicht Frauen Gesichtssteine Kleben Am K\u00f6rper Sind Aus Ungiftigem Umweltmaterial Hergestellt, Das Auch F\u00fcr Kinder Und Die Haut Nicht Verletzt. Diese Diamant, Festival Glitzer Gesicht, Glitzersteine Augen Augenbraue Gesicht Sind Wasserdicht, Wiederverwendbar, K\u00f6nnen Das Design Oft \u00c4ndern. Nach Der Reinigung K\u00f6nnen Sie Nach Dem Ersten Gebrauch Mit Wimpernkleber Oder K\u00f6rperkleber Erneut Aufgetragen Werden Make Up.<br \/>\n\ud83d\udc19Glitzersteine K\u00f6rper Attraktive:\ud83d\udc20 Juwelen Edelsteine Augen Augenbraue Blinken Piedras Para Maquillaje Sind Geeignet F\u00fcr Weihnachten und Halloween, Hairgems, Face Gems, Rave Festivals Zubeh\u00f6r Damen Dekoration, \u00dcberall Einsetzbar Gesicht, Hals, Nase, Nagel, Stirn, zwischen den Augenbrauen, Wangen, Lippen, um die Augen, Eyeliner, Lidschatten, Brust, R\u00fccken, Arm, H\u00e4nde, Finger, Taille, Beine, Fu\u00df, F\u00fc\u00dfe, Nagel Kunst Nagelkunst, Brust. Sch\u00f6nes Geschenk f\u00fcr Ihre Freunde, Mutter, Schwester.<br \/>\n\ud83d\udc19Einfache Anwendung Und Ausreichende Haftkraft:\ud83d\udc20 Die Selbstklebekraft Ist Ausreichend. Reinigen Und Trocknen Sie Ihre Haut Zuerst. Steine Vorsichtig Mit Einer Pinzette Aus Der Folie Entfernen. Tragen Sie Zuerst Schmuck Auf Und Schminken Sie Ihn Dann, Damit Die Steine \u200b\u200bzuverl\u00e4ssig Haften. Dr\u00fccken Sie Vor Dem Loslassen, Um Sicherzustellen, Dass Der Kiesel Wirklich Haftet. Verwenden Sie Wimpernkleber, Um Die Klebrigkeit Zu Verbessern, Insbesondere Bei Fettiger Oder Schwitzender Haut.<br \/>\n\ud83d\udc19Anwendbare Anl\u00e4sse:\ud83d\udc20 Ihre Blitz Glitzer Steine Zum Schminken Ziehen Alle Blicke Auf Sich. Erstaunlich F\u00fcr Partydekoration, Halloween Schminke, Fake Tattoos Frauen Erwachsene, Bilden, Maskerade, Bohemia Boho, B\u00fchnenshow, Weihnachten, Cosplay, Festival Must Haves, Hochzeit, Verkleidung, Kost\u00fcm, Verr\u00fcckte Nacht, Tanzen, Braut, Urlaub, Heimdekoration, Rave-outfits Kleider. Auch Ideal F\u00fcr Handys, Kleidung, Telefone, Taschen, Tassen, Gru\u00dfkarten, Sammelalben.<br \/>\n<div class=\"main-cross-sell\" data-asin=\"B09X1JLYVQ\">\n\n\t<div class=\"WooZone-cross-sell-loader\">\n\t\t<div>\n\t\t\t<div id=\"floatingBarsG\">\n\t\t\t\t<div class=\"blockG\" id=\"rotateG_01\"><\/div>\n\t\t\t\t<div class=\"blockG\" id=\"rotateG_02\"><\/div>\n\t\t\t\t<div class=\"blockG\" id=\"rotateG_03\"><\/div>\n\t\t\t\t<div class=\"blockG\" id=\"rotateG_04\"><\/div>\n\t\t\t\t<div class=\"blockG\" id=\"rotateG_05\"><\/div>\n\t\t\t\t<div class=\"blockG\" id=\"rotateG_06\"><\/div>\n\t\t\t\t<div class=\"blockG\" id=\"rotateG_07\"><\/div>\n\t\t\t\t<div class=\"blockG\" id=\"rotateG_08\"><\/div>\n\t\t\t<\/div>\n\t\t\t<div class=\"WooZone-cross-sell-loader-text\"><\/div>\n\t\t<\/div>\n\t<\/div>\n\n\t\t\n<\/div>\n<div style=\"clear:both;\"><\/div><\/p>\n","protected":false},"excerpt":{"rendered":"<p>\ud83d\udc196 Blatter Steine Gesicht Selbstklebend Funkeln:\ud83d\udc20 Es Gibt 6 Bl\u00e4tter In Der Gr\u00f6\u00dfe 6x6cm Glitzersteine Gesicht Festival Selbstklebend Aufkleber Bling. Einschlie\u00dflich Verschiedener Beliebter Designs, Mehrfarbig, Bunt, Gold, Glitzer, Bindi, Punkte, Rot, Blau, Lila, Rosa, Gelb, Gr\u00fcn, Punkte, Wei\u00dfe Perle, Tr\u00e4nen, Wassertropfen Steinchen Gesicht Glitzersteine, Rhinestones Face Sticker, Gesichtsschmuck Strasssteine Gesicht Juwelen Edelsteine Kristalle Frauen M\u00e4dchen Erwachsene Festival Accessoires.<br \/>\n\ud83d\udc19Sicher &amp; Wasserdicht &amp; Edelsteine Aufkleber Gesicht:\ud83d\udc20 Tempor\u00e4re Tattoos Schmuck Gesicht Frauen Gesichtssteine Kleben Am K\u00f6rper Sind Aus Ungiftigem Umweltmaterial Hergestellt, Das Auch F\u00fcr Kinder Und Die Haut Nicht Verletzt. Diese Diamant, Festival Glitzer Gesicht, Glitzersteine Augen Augenbraue Gesicht Sind Wasserdicht, Wiederverwendbar, K\u00f6nnen Das Design Oft \u00c4ndern. Nach Der Reinigung K\u00f6nnen Sie Nach Dem Ersten Gebrauch Mit Wimpernkleber Oder K\u00f6rperkleber Erneut Aufgetragen Werden Make Up.<br \/>\n\ud83d\udc19Glitzersteine K\u00f6rper Attraktive:\ud83d\udc20 Juwelen Edelsteine Augen Augenbraue Blinken Piedras Para Maquillaje Sind Geeignet F\u00fcr Weihnachten und Halloween, Hairgems, Face Gems, Rave Festivals Zubeh\u00f6r Damen Dekoration, \u00dcberall Einsetzbar Gesicht, Hals, Nase, Nagel, Stirn, zwischen den Augenbrauen, Wangen, Lippen, um die Augen, Eyeliner, Lidschatten, Brust, R\u00fccken, Arm, H\u00e4nde, Finger, Taille, Beine, Fu\u00df, F\u00fc\u00dfe, Nagel Kunst Nagelkunst, Brust. Sch\u00f6nes Geschenk f\u00fcr Ihre Freunde, Mutter, Schwester.<\/p>\n","protected":false},"featured_media":136098,"comment_status":"open","ping_status":"closed","template":"","meta":[],"product_brand":[],"product_cat":[2858,7575],"product_tag":[],"class_list":{"0":"post-136097","1":"product","2":"type-product","3":"status-publish","4":"has-post-thumbnail","6":"product_cat-beauty","7":"product_cat-make-up","8":"pa_binding-unbekannter-einband","9":"pa_brand-bilizar","10":"pa_color-funkeln","11":"pa_height-0-1968503935-zoll","12":"pa_length-2-362204722-zoll","13":"pa_manufacturer-bilizar","14":"pa_size-6cm-x-6cm","15":"pa_width-2-362204722-zoll","17":"first","18":"instock","19":"shipping-taxable","20":"purchasable","21":"product-type-simple","22":"customify-col","23":"product-has-gallery"},"yoast_head":"<!-- This site is optimized with the Yoast SEO plugin v27.4 - https:\/\/yoast.com\/product\/yoast-seo-wordpress\/ -->\n<title>Bilizar 6 Blatter Gesicht Glitzersteine Festival Accessoires Nagel Augen Halloween Schminke Glitzer Steine Gesicht\u2026 - Markt-XXL<\/title>\n<meta name=\"description\" content=\"Markt-XXL Bilizar 6 Blatter Gesicht Glitzersteine Festival Accessoires Nagel Augen Halloween Schminke Glitzer Steine Gesicht\u2026\" \/>\n<meta name=\"robots\" content=\"index, follow, max-snippet:-1, max-image-preview:large, max-video-preview:-1\" \/>\n<link rel=\"canonical\" href=\"https:\/\/marktxxl.de\/markt\/produkt\/bilizar-6-blatter-gesicht-glitzersteine-festival-accessoires-nagel-augen-halloween-schminke-glitzer-steine-gesicht-selbstklebend-aufkleben-festival-zubehoer-damen-must-haves-face-gems-hairgems-make-up\/\" \/>\n<meta property=\"og:locale\" content=\"de_DE\" \/>\n<meta property=\"og:type\" content=\"article\" \/>\n<meta property=\"og:title\" content=\"Bilizar 6 Blatter Gesicht Glitzersteine Festival Accessoires Nagel Augen Halloween Schminke Glitzer Steine Gesicht\u2026 - Markt-XXL\" \/>\n<meta property=\"og:description\" content=\"Markt-XXL Bilizar 6 Blatter Gesicht Glitzersteine Festival Accessoires Nagel Augen Halloween Schminke Glitzer Steine Gesicht\u2026\" \/>\n<meta property=\"og:url\" content=\"https:\/\/marktxxl.de\/markt\/produkt\/bilizar-6-blatter-gesicht-glitzersteine-festival-accessoires-nagel-augen-halloween-schminke-glitzer-steine-gesicht-selbstklebend-aufkleben-festival-zubehoer-damen-must-haves-face-gems-hairgems-make-up\/\" \/>\n<meta property=\"og:site_name\" content=\"Markt-XXL\" \/>\n<meta property=\"article:modified_time\" content=\"2023-04-11T02:11:18+00:00\" \/>\n<meta property=\"og:image\" content=\"https:\/\/m.media-amazon.com\/images\/I\/61zwFhjcMOL._SL500_.jpg\" \/>\n\t<meta property=\"og:image:width\" content=\"500\" \/>\n\t<meta property=\"og:image:height\" content=\"500\" \/>\n\t<meta property=\"og:image:type\" content=\"image\/jpeg\" \/>\n<meta name=\"twitter:card\" content=\"summary_large_image\" \/>\n<meta name=\"twitter:label1\" content=\"Gesch\u00e4tzte Lesezeit\" \/>\n\t<meta name=\"twitter:data1\" content=\"2\u00a0Minuten\" \/>\n<script type=\"application\/ld+json\" class=\"yoast-schema-graph\">{\"@context\":\"https:\\\/\\\/schema.org\",\"@graph\":[{\"@type\":\"WebPage\",\"@id\":\"https:\\\/\\\/marktxxl.de\\\/markt\\\/produkt\\\/bilizar-6-blatter-gesicht-glitzersteine-festival-accessoires-nagel-augen-halloween-schminke-glitzer-steine-gesicht-selbstklebend-aufkleben-festival-zubehoer-damen-must-haves-face-gems-hairgems-make-up\\\/\",\"url\":\"https:\\\/\\\/marktxxl.de\\\/markt\\\/produkt\\\/bilizar-6-blatter-gesicht-glitzersteine-festival-accessoires-nagel-augen-halloween-schminke-glitzer-steine-gesicht-selbstklebend-aufkleben-festival-zubehoer-damen-must-haves-face-gems-hairgems-make-up\\\/\",\"name\":\"Bilizar 6 Blatter Gesicht Glitzersteine Festival Accessoires Nagel Augen Halloween Schminke Glitzer Steine Gesicht\u2026 - Markt-XXL\",\"isPartOf\":{\"@id\":\"https:\\\/\\\/marktxxl.de\\\/markt\\\/#website\"},\"primaryImageOfPage\":{\"@id\":\"https:\\\/\\\/marktxxl.de\\\/markt\\\/produkt\\\/bilizar-6-blatter-gesicht-glitzersteine-festival-accessoires-nagel-augen-halloween-schminke-glitzer-steine-gesicht-selbstklebend-aufkleben-festival-zubehoer-damen-must-haves-face-gems-hairgems-make-up\\\/#primaryimage\"},\"image\":{\"@id\":\"https:\\\/\\\/marktxxl.de\\\/markt\\\/produkt\\\/bilizar-6-blatter-gesicht-glitzersteine-festival-accessoires-nagel-augen-halloween-schminke-glitzer-steine-gesicht-selbstklebend-aufkleben-festival-zubehoer-damen-must-haves-face-gems-hairgems-make-up\\\/#primaryimage\"},\"thumbnailUrl\":\"https:\\\/\\\/m.media-amazon.com\\\/images\\\/I\\\/61zwFhjcMOL._SL500_.jpg\",\"datePublished\":\"2022-07-13T23:22:38+00:00\",\"dateModified\":\"2023-04-11T02:11:18+00:00\",\"description\":\"Markt-XXL Bilizar 6 Blatter Gesicht Glitzersteine Festival Accessoires Nagel Augen Halloween Schminke Glitzer Steine Gesicht\u2026\",\"breadcrumb\":{\"@id\":\"https:\\\/\\\/marktxxl.de\\\/markt\\\/produkt\\\/bilizar-6-blatter-gesicht-glitzersteine-festival-accessoires-nagel-augen-halloween-schminke-glitzer-steine-gesicht-selbstklebend-aufkleben-festival-zubehoer-damen-must-haves-face-gems-hairgems-make-up\\\/#breadcrumb\"},\"inLanguage\":\"de\",\"potentialAction\":[{\"@type\":\"ReadAction\",\"target\":[\"https:\\\/\\\/marktxxl.de\\\/markt\\\/produkt\\\/bilizar-6-blatter-gesicht-glitzersteine-festival-accessoires-nagel-augen-halloween-schminke-glitzer-steine-gesicht-selbstklebend-aufkleben-festival-zubehoer-damen-must-haves-face-gems-hairgems-make-up\\\/\"]}]},{\"@type\":\"ImageObject\",\"inLanguage\":\"de\",\"@id\":\"https:\\\/\\\/marktxxl.de\\\/markt\\\/produkt\\\/bilizar-6-blatter-gesicht-glitzersteine-festival-accessoires-nagel-augen-halloween-schminke-glitzer-steine-gesicht-selbstklebend-aufkleben-festival-zubehoer-damen-must-haves-face-gems-hairgems-make-up\\\/#primaryimage\",\"url\":\"https:\\\/\\\/m.media-amazon.com\\\/images\\\/I\\\/61zwFhjcMOL._SL500_.jpg\",\"contentUrl\":\"https:\\\/\\\/m.media-amazon.com\\\/images\\\/I\\\/61zwFhjcMOL._SL500_.jpg\",\"width\":500,\"height\":500},{\"@type\":\"BreadcrumbList\",\"@id\":\"https:\\\/\\\/marktxxl.de\\\/markt\\\/produkt\\\/bilizar-6-blatter-gesicht-glitzersteine-festival-accessoires-nagel-augen-halloween-schminke-glitzer-steine-gesicht-selbstklebend-aufkleben-festival-zubehoer-damen-must-haves-face-gems-hairgems-make-up\\\/#breadcrumb\",\"itemListElement\":[{\"@type\":\"ListItem\",\"position\":1,\"name\":\"Startseite\",\"item\":\"https:\\\/\\\/marktxxl.de\\\/markt\\\/\"},{\"@type\":\"ListItem\",\"position\":2,\"name\":\"Markt\",\"item\":\"https:\\\/\\\/marktxxl.de\\\/markt\\\/\"},{\"@type\":\"ListItem\",\"position\":3,\"name\":\"Bilizar 6 Blatter Gesicht Glitzersteine Festival Accessoires Nagel Augen Halloween Schminke Glitzer Steine Gesicht\u2026\"}]},{\"@type\":\"WebSite\",\"@id\":\"https:\\\/\\\/marktxxl.de\\\/markt\\\/#website\",\"url\":\"https:\\\/\\\/marktxxl.de\\\/markt\\\/\",\"name\":\"Markt-XXL\",\"description\":\"Ihr Markt Online\",\"publisher\":{\"@id\":\"https:\\\/\\\/marktxxl.de\\\/markt\\\/#organization\"},\"potentialAction\":[{\"@type\":\"SearchAction\",\"target\":{\"@type\":\"EntryPoint\",\"urlTemplate\":\"https:\\\/\\\/marktxxl.de\\\/markt\\\/?s={search_term_string}\"},\"query-input\":{\"@type\":\"PropertyValueSpecification\",\"valueRequired\":true,\"valueName\":\"search_term_string\"}}],\"inLanguage\":\"de\"},{\"@type\":\"Organization\",\"@id\":\"https:\\\/\\\/marktxxl.de\\\/markt\\\/#organization\",\"name\":\"Markt-XXL\",\"url\":\"https:\\\/\\\/marktxxl.de\\\/markt\\\/\",\"logo\":{\"@type\":\"ImageObject\",\"inLanguage\":\"de\",\"@id\":\"https:\\\/\\\/marktxxl.de\\\/markt\\\/#\\\/schema\\\/logo\\\/image\\\/\",\"url\":\"https:\\\/\\\/marktxxl.de\\\/markt\\\/wp-content\\\/uploads\\\/sites\\\/3\\\/2020\\\/12\\\/logo.png\",\"contentUrl\":\"https:\\\/\\\/marktxxl.de\\\/markt\\\/wp-content\\\/uploads\\\/sites\\\/3\\\/2020\\\/12\\\/logo.png\",\"width\":200,\"height\":70,\"caption\":\"Markt-XXL\"},\"image\":{\"@id\":\"https:\\\/\\\/marktxxl.de\\\/markt\\\/#\\\/schema\\\/logo\\\/image\\\/\"}}]}<\/script>\n<!-- \/ Yoast SEO plugin. -->","yoast_head_json":{"title":"Bilizar 6 Blatter Gesicht Glitzersteine Festival Accessoires Nagel Augen Halloween Schminke Glitzer Steine Gesicht\u2026 - Markt-XXL","description":"Markt-XXL Bilizar 6 Blatter Gesicht Glitzersteine Festival Accessoires Nagel Augen Halloween Schminke Glitzer Steine Gesicht\u2026","robots":{"index":"index","follow":"follow","max-snippet":"max-snippet:-1","max-image-preview":"max-image-preview:large","max-video-preview":"max-video-preview:-1"},"canonical":"https:\/\/marktxxl.de\/markt\/produkt\/bilizar-6-blatter-gesicht-glitzersteine-festival-accessoires-nagel-augen-halloween-schminke-glitzer-steine-gesicht-selbstklebend-aufkleben-festival-zubehoer-damen-must-haves-face-gems-hairgems-make-up\/","og_locale":"de_DE","og_type":"article","og_title":"Bilizar 6 Blatter Gesicht Glitzersteine Festival Accessoires Nagel Augen Halloween Schminke Glitzer Steine Gesicht\u2026 - Markt-XXL","og_description":"Markt-XXL Bilizar 6 Blatter Gesicht Glitzersteine Festival Accessoires Nagel Augen Halloween Schminke Glitzer Steine Gesicht\u2026","og_url":"https:\/\/marktxxl.de\/markt\/produkt\/bilizar-6-blatter-gesicht-glitzersteine-festival-accessoires-nagel-augen-halloween-schminke-glitzer-steine-gesicht-selbstklebend-aufkleben-festival-zubehoer-damen-must-haves-face-gems-hairgems-make-up\/","og_site_name":"Markt-XXL","article_modified_time":"2023-04-11T02:11:18+00:00","og_image":[{"width":500,"height":500,"url":"https:\/\/m.media-amazon.com\/images\/I\/61zwFhjcMOL._SL500_.jpg","type":"image\/jpeg"}],"twitter_card":"summary_large_image","twitter_misc":{"Gesch\u00e4tzte Lesezeit":"2\u00a0Minuten"},"schema":{"@context":"https:\/\/schema.org","@graph":[{"@type":"WebPage","@id":"https:\/\/marktxxl.de\/markt\/produkt\/bilizar-6-blatter-gesicht-glitzersteine-festival-accessoires-nagel-augen-halloween-schminke-glitzer-steine-gesicht-selbstklebend-aufkleben-festival-zubehoer-damen-must-haves-face-gems-hairgems-make-up\/","url":"https:\/\/marktxxl.de\/markt\/produkt\/bilizar-6-blatter-gesicht-glitzersteine-festival-accessoires-nagel-augen-halloween-schminke-glitzer-steine-gesicht-selbstklebend-aufkleben-festival-zubehoer-damen-must-haves-face-gems-hairgems-make-up\/","name":"Bilizar 6 Blatter Gesicht Glitzersteine Festival Accessoires Nagel Augen Halloween Schminke Glitzer Steine Gesicht\u2026 - Markt-XXL","isPartOf":{"@id":"https:\/\/marktxxl.de\/markt\/#website"},"primaryImageOfPage":{"@id":"https:\/\/marktxxl.de\/markt\/produkt\/bilizar-6-blatter-gesicht-glitzersteine-festival-accessoires-nagel-augen-halloween-schminke-glitzer-steine-gesicht-selbstklebend-aufkleben-festival-zubehoer-damen-must-haves-face-gems-hairgems-make-up\/#primaryimage"},"image":{"@id":"https:\/\/marktxxl.de\/markt\/produkt\/bilizar-6-blatter-gesicht-glitzersteine-festival-accessoires-nagel-augen-halloween-schminke-glitzer-steine-gesicht-selbstklebend-aufkleben-festival-zubehoer-damen-must-haves-face-gems-hairgems-make-up\/#primaryimage"},"thumbnailUrl":"https:\/\/m.media-amazon.com\/images\/I\/61zwFhjcMOL._SL500_.jpg","datePublished":"2022-07-13T23:22:38+00:00","dateModified":"2023-04-11T02:11:18+00:00","description":"Markt-XXL Bilizar 6 Blatter Gesicht Glitzersteine Festival Accessoires Nagel Augen Halloween Schminke Glitzer Steine Gesicht\u2026","breadcrumb":{"@id":"https:\/\/marktxxl.de\/markt\/produkt\/bilizar-6-blatter-gesicht-glitzersteine-festival-accessoires-nagel-augen-halloween-schminke-glitzer-steine-gesicht-selbstklebend-aufkleben-festival-zubehoer-damen-must-haves-face-gems-hairgems-make-up\/#breadcrumb"},"inLanguage":"de","potentialAction":[{"@type":"ReadAction","target":["https:\/\/marktxxl.de\/markt\/produkt\/bilizar-6-blatter-gesicht-glitzersteine-festival-accessoires-nagel-augen-halloween-schminke-glitzer-steine-gesicht-selbstklebend-aufkleben-festival-zubehoer-damen-must-haves-face-gems-hairgems-make-up\/"]}]},{"@type":"ImageObject","inLanguage":"de","@id":"https:\/\/marktxxl.de\/markt\/produkt\/bilizar-6-blatter-gesicht-glitzersteine-festival-accessoires-nagel-augen-halloween-schminke-glitzer-steine-gesicht-selbstklebend-aufkleben-festival-zubehoer-damen-must-haves-face-gems-hairgems-make-up\/#primaryimage","url":"https:\/\/m.media-amazon.com\/images\/I\/61zwFhjcMOL._SL500_.jpg","contentUrl":"https:\/\/m.media-amazon.com\/images\/I\/61zwFhjcMOL._SL500_.jpg","width":500,"height":500},{"@type":"BreadcrumbList","@id":"https:\/\/marktxxl.de\/markt\/produkt\/bilizar-6-blatter-gesicht-glitzersteine-festival-accessoires-nagel-augen-halloween-schminke-glitzer-steine-gesicht-selbstklebend-aufkleben-festival-zubehoer-damen-must-haves-face-gems-hairgems-make-up\/#breadcrumb","itemListElement":[{"@type":"ListItem","position":1,"name":"Startseite","item":"https:\/\/marktxxl.de\/markt\/"},{"@type":"ListItem","position":2,"name":"Markt","item":"https:\/\/marktxxl.de\/markt\/"},{"@type":"ListItem","position":3,"name":"Bilizar 6 Blatter Gesicht Glitzersteine Festival Accessoires Nagel Augen Halloween Schminke Glitzer Steine Gesicht\u2026"}]},{"@type":"WebSite","@id":"https:\/\/marktxxl.de\/markt\/#website","url":"https:\/\/marktxxl.de\/markt\/","name":"Markt-XXL","description":"Ihr Markt Online","publisher":{"@id":"https:\/\/marktxxl.de\/markt\/#organization"},"potentialAction":[{"@type":"SearchAction","target":{"@type":"EntryPoint","urlTemplate":"https:\/\/marktxxl.de\/markt\/?s={search_term_string}"},"query-input":{"@type":"PropertyValueSpecification","valueRequired":true,"valueName":"search_term_string"}}],"inLanguage":"de"},{"@type":"Organization","@id":"https:\/\/marktxxl.de\/markt\/#organization","name":"Markt-XXL","url":"https:\/\/marktxxl.de\/markt\/","logo":{"@type":"ImageObject","inLanguage":"de","@id":"https:\/\/marktxxl.de\/markt\/#\/schema\/logo\/image\/","url":"https:\/\/marktxxl.de\/markt\/wp-content\/uploads\/sites\/3\/2020\/12\/logo.png","contentUrl":"https:\/\/marktxxl.de\/markt\/wp-content\/uploads\/sites\/3\/2020\/12\/logo.png","width":200,"height":70,"caption":"Markt-XXL"},"image":{"@id":"https:\/\/marktxxl.de\/markt\/#\/schema\/logo\/image\/"}}]}},"_links":{"self":[{"href":"https:\/\/marktxxl.de\/markt\/wp-json\/wp\/v2\/product\/136097","targetHints":{"allow":["GET"]}}],"collection":[{"href":"https:\/\/marktxxl.de\/markt\/wp-json\/wp\/v2\/product"}],"about":[{"href":"https:\/\/marktxxl.de\/markt\/wp-json\/wp\/v2\/types\/product"}],"replies":[{"embeddable":true,"href":"https:\/\/marktxxl.de\/markt\/wp-json\/wp\/v2\/comments?post=136097"}],"wp:featuredmedia":[{"embeddable":true,"href":"https:\/\/marktxxl.de\/markt\/wp-json\/wp\/v2\/media\/136098"}],"wp:attachment":[{"href":"https:\/\/marktxxl.de\/markt\/wp-json\/wp\/v2\/media?parent=136097"}],"wp:term":[{"taxonomy":"product_brand","embeddable":true,"href":"https:\/\/marktxxl.de\/markt\/wp-json\/wp\/v2\/product_brand?post=136097"},{"taxonomy":"product_cat","embeddable":true,"href":"https:\/\/marktxxl.de\/markt\/wp-json\/wp\/v2\/product_cat?post=136097"},{"taxonomy":"product_tag","embeddable":true,"href":"https:\/\/marktxxl.de\/markt\/wp-json\/wp\/v2\/product_tag?post=136097"}],"curies":[{"name":"wp","href":"https:\/\/api.w.org\/{rel}","templated":true}]}}