{"id":136069,"date":"2022-07-14T01:19:37","date_gmt":"2022-07-13T23:19:37","guid":{"rendered":"https:\/\/marktxxl.de\/markt\/produkt\/real-techniques-artist-essentials-vollstaendiges-make-up-pinselset-fuer-das-gesicht-fuer-make-up-artist-looks\/"},"modified":"2023-04-11T04:11:17","modified_gmt":"2023-04-11T02:11:17","slug":"real-techniques-artist-essentials-vollstaendiges-make-up-pinselset-fuer-das-gesicht-fuer-make-up-artist-looks","status":"publish","type":"product","link":"https:\/\/marktxxl.de\/markt\/produkt\/real-techniques-artist-essentials-vollstaendiges-make-up-pinselset-fuer-das-gesicht-fuer-make-up-artist-looks\/","title":{"rendered":"Real Techniques Artist Essentials, 120 g"},"content":{"rendered":"<p>Ihr Set, das Sie haben m\u00fcssen, um den k\u00fcnstlerischen Stil Ihres Gesichts, Ihrer Wangen und Ihrer Augen auf das n\u00e4chste Level zu bringen. Zum Abdecken, T\u00f6nen, Verblenden und Betonen Ihrer Gesichtsz\u00fcge<br \/>\nDie neuen K\u00f6pfe haben Werkzeuge mit innovativen, multifunktionalen Schnitten f\u00fcr Definition und Pr\u00e4zision zusammengestellt<br \/>\nPerfekt f\u00fcr Foundation, zum Konturieren, Betonen, f\u00fcr Rouge, Eyeliner und Lippenstift. Jeder Pinsel verf\u00fcgt \u00fcber eine Nummer und einen Namen zur einfachen Unterscheidung und Verwendung<br \/>\nMit ultra \u00fcppigen, synthetischen und individuell geschnittenen Borsten, die langlebig und einfach zu reinigen sind sowie ohne Tierversuche hergestellt wurden<br \/>\nDie verl\u00e4ngerten Aluminium-H\u00fclsen sind leicht, einfach zu verwenden und farbcodiert<br \/>\n<div class=\"main-cross-sell\" data-asin=\"B07V3N78F7\">\n\n\t<div class=\"WooZone-cross-sell-loader\">\n\t\t<div>\n\t\t\t<div id=\"floatingBarsG\">\n\t\t\t\t<div class=\"blockG\" id=\"rotateG_01\"><\/div>\n\t\t\t\t<div class=\"blockG\" id=\"rotateG_02\"><\/div>\n\t\t\t\t<div class=\"blockG\" id=\"rotateG_03\"><\/div>\n\t\t\t\t<div class=\"blockG\" id=\"rotateG_04\"><\/div>\n\t\t\t\t<div class=\"blockG\" id=\"rotateG_05\"><\/div>\n\t\t\t\t<div class=\"blockG\" id=\"rotateG_06\"><\/div>\n\t\t\t\t<div class=\"blockG\" id=\"rotateG_07\"><\/div>\n\t\t\t\t<div class=\"blockG\" id=\"rotateG_08\"><\/div>\n\t\t\t<\/div>\n\t\t\t<div class=\"WooZone-cross-sell-loader-text\"><\/div>\n\t\t<\/div>\n\t<\/div>\n\n\t\t\n<\/div>\n<div style=\"clear:both;\"><\/div><\/p>\n","protected":false},"excerpt":{"rendered":"<p>Ihr Set, das Sie haben m\u00fcssen, um den k\u00fcnstlerischen Stil Ihres Gesichts, Ihrer Wangen und Ihrer Augen auf das n\u00e4chste Level zu bringen. Zum Abdecken, T\u00f6nen, Verblenden und Betonen Ihrer Gesichtsz\u00fcge<br \/>\nDie neuen K\u00f6pfe haben Werkzeuge mit innovativen, multifunktionalen Schnitten f\u00fcr Definition und Pr\u00e4zision zusammengestellt<br \/>\nPerfekt f\u00fcr Foundation, zum Konturieren, Betonen, f\u00fcr Rouge, Eyeliner und Lippenstift. Jeder Pinsel verf\u00fcgt \u00fcber eine Nummer und einen Namen zur einfachen Unterscheidung und Verwendung<\/p>\n","protected":false},"featured_media":136070,"comment_status":"open","ping_status":"closed","template":"","meta":[],"product_brand":[],"product_cat":[2858,7575],"product_tag":[],"class_list":{"0":"post-136069","1":"product","2":"type-product","3":"status-publish","4":"has-post-thumbnail","6":"product_cat-beauty","7":"product_cat-make-up","8":"pa_binding-badartikel","9":"pa_brand-real-techniques","10":"pa_height-8-125-zoll","11":"pa_length-4-06-zoll","12":"pa_manufacturer-paris-presents","13":"pa_model-38317","14":"pa_size-5-stueck-1er-pack","15":"pa_weight-0-0002645547144-pfund","16":"pa_width-0-945-zoll","18":"first","19":"instock","20":"shipping-taxable","21":"purchasable","22":"product-type-simple","23":"customify-col","24":"product-has-gallery"},"yoast_head":"<!-- This site is optimized with the Yoast SEO plugin v27.4 - https:\/\/yoast.com\/product\/yoast-seo-wordpress\/ -->\n<title>Real Techniques Artist Essentials, 120 g - Markt-XXL<\/title>\n<meta name=\"description\" content=\"Markt-XXL Real Techniques Artist Essentials, 120 g\" \/>\n<meta name=\"robots\" content=\"index, follow, max-snippet:-1, max-image-preview:large, max-video-preview:-1\" \/>\n<link rel=\"canonical\" href=\"https:\/\/marktxxl.de\/markt\/produkt\/real-techniques-artist-essentials-vollstaendiges-make-up-pinselset-fuer-das-gesicht-fuer-make-up-artist-looks\/\" \/>\n<meta property=\"og:locale\" content=\"de_DE\" \/>\n<meta property=\"og:type\" content=\"article\" \/>\n<meta property=\"og:title\" content=\"Real Techniques Artist Essentials, 120 g - Markt-XXL\" \/>\n<meta property=\"og:description\" content=\"Markt-XXL Real Techniques Artist Essentials, 120 g\" \/>\n<meta property=\"og:url\" content=\"https:\/\/marktxxl.de\/markt\/produkt\/real-techniques-artist-essentials-vollstaendiges-make-up-pinselset-fuer-das-gesicht-fuer-make-up-artist-looks\/\" \/>\n<meta property=\"og:site_name\" content=\"Markt-XXL\" \/>\n<meta property=\"article:modified_time\" content=\"2023-04-11T02:11:17+00:00\" \/>\n<meta property=\"og:image\" content=\"https:\/\/m.media-amazon.com\/images\/I\/41liexVeEWL._SL500_.jpg\" \/>\n\t<meta property=\"og:image:width\" content=\"233\" \/>\n\t<meta property=\"og:image:height\" content=\"500\" \/>\n\t<meta property=\"og:image:type\" content=\"image\/jpeg\" \/>\n<meta name=\"twitter:card\" content=\"summary_large_image\" \/>\n<meta name=\"twitter:label1\" content=\"Gesch\u00e4tzte Lesezeit\" \/>\n\t<meta name=\"twitter:data1\" content=\"1\u00a0Minute\" \/>\n<script type=\"application\/ld+json\" class=\"yoast-schema-graph\">{\"@context\":\"https:\\\/\\\/schema.org\",\"@graph\":[{\"@type\":\"WebPage\",\"@id\":\"https:\\\/\\\/marktxxl.de\\\/markt\\\/produkt\\\/real-techniques-artist-essentials-vollstaendiges-make-up-pinselset-fuer-das-gesicht-fuer-make-up-artist-looks\\\/\",\"url\":\"https:\\\/\\\/marktxxl.de\\\/markt\\\/produkt\\\/real-techniques-artist-essentials-vollstaendiges-make-up-pinselset-fuer-das-gesicht-fuer-make-up-artist-looks\\\/\",\"name\":\"Real Techniques Artist Essentials, 120 g - Markt-XXL\",\"isPartOf\":{\"@id\":\"https:\\\/\\\/marktxxl.de\\\/markt\\\/#website\"},\"primaryImageOfPage\":{\"@id\":\"https:\\\/\\\/marktxxl.de\\\/markt\\\/produkt\\\/real-techniques-artist-essentials-vollstaendiges-make-up-pinselset-fuer-das-gesicht-fuer-make-up-artist-looks\\\/#primaryimage\"},\"image\":{\"@id\":\"https:\\\/\\\/marktxxl.de\\\/markt\\\/produkt\\\/real-techniques-artist-essentials-vollstaendiges-make-up-pinselset-fuer-das-gesicht-fuer-make-up-artist-looks\\\/#primaryimage\"},\"thumbnailUrl\":\"https:\\\/\\\/m.media-amazon.com\\\/images\\\/I\\\/41liexVeEWL._SL500_.jpg\",\"datePublished\":\"2022-07-13T23:19:37+00:00\",\"dateModified\":\"2023-04-11T02:11:17+00:00\",\"description\":\"Markt-XXL Real Techniques Artist Essentials, 120 g\",\"breadcrumb\":{\"@id\":\"https:\\\/\\\/marktxxl.de\\\/markt\\\/produkt\\\/real-techniques-artist-essentials-vollstaendiges-make-up-pinselset-fuer-das-gesicht-fuer-make-up-artist-looks\\\/#breadcrumb\"},\"inLanguage\":\"de\",\"potentialAction\":[{\"@type\":\"ReadAction\",\"target\":[\"https:\\\/\\\/marktxxl.de\\\/markt\\\/produkt\\\/real-techniques-artist-essentials-vollstaendiges-make-up-pinselset-fuer-das-gesicht-fuer-make-up-artist-looks\\\/\"]}]},{\"@type\":\"ImageObject\",\"inLanguage\":\"de\",\"@id\":\"https:\\\/\\\/marktxxl.de\\\/markt\\\/produkt\\\/real-techniques-artist-essentials-vollstaendiges-make-up-pinselset-fuer-das-gesicht-fuer-make-up-artist-looks\\\/#primaryimage\",\"url\":\"https:\\\/\\\/m.media-amazon.com\\\/images\\\/I\\\/41liexVeEWL._SL500_.jpg\",\"contentUrl\":\"https:\\\/\\\/m.media-amazon.com\\\/images\\\/I\\\/41liexVeEWL._SL500_.jpg\",\"width\":233,\"height\":500},{\"@type\":\"BreadcrumbList\",\"@id\":\"https:\\\/\\\/marktxxl.de\\\/markt\\\/produkt\\\/real-techniques-artist-essentials-vollstaendiges-make-up-pinselset-fuer-das-gesicht-fuer-make-up-artist-looks\\\/#breadcrumb\",\"itemListElement\":[{\"@type\":\"ListItem\",\"position\":1,\"name\":\"Startseite\",\"item\":\"https:\\\/\\\/marktxxl.de\\\/markt\\\/\"},{\"@type\":\"ListItem\",\"position\":2,\"name\":\"Markt\",\"item\":\"https:\\\/\\\/marktxxl.de\\\/markt\\\/\"},{\"@type\":\"ListItem\",\"position\":3,\"name\":\"Real Techniques Artist Essentials, 120 g\"}]},{\"@type\":\"WebSite\",\"@id\":\"https:\\\/\\\/marktxxl.de\\\/markt\\\/#website\",\"url\":\"https:\\\/\\\/marktxxl.de\\\/markt\\\/\",\"name\":\"Markt-XXL\",\"description\":\"Ihr Markt Online\",\"publisher\":{\"@id\":\"https:\\\/\\\/marktxxl.de\\\/markt\\\/#organization\"},\"potentialAction\":[{\"@type\":\"SearchAction\",\"target\":{\"@type\":\"EntryPoint\",\"urlTemplate\":\"https:\\\/\\\/marktxxl.de\\\/markt\\\/?s={search_term_string}\"},\"query-input\":{\"@type\":\"PropertyValueSpecification\",\"valueRequired\":true,\"valueName\":\"search_term_string\"}}],\"inLanguage\":\"de\"},{\"@type\":\"Organization\",\"@id\":\"https:\\\/\\\/marktxxl.de\\\/markt\\\/#organization\",\"name\":\"Markt-XXL\",\"url\":\"https:\\\/\\\/marktxxl.de\\\/markt\\\/\",\"logo\":{\"@type\":\"ImageObject\",\"inLanguage\":\"de\",\"@id\":\"https:\\\/\\\/marktxxl.de\\\/markt\\\/#\\\/schema\\\/logo\\\/image\\\/\",\"url\":\"https:\\\/\\\/marktxxl.de\\\/markt\\\/wp-content\\\/uploads\\\/sites\\\/3\\\/2020\\\/12\\\/logo.png\",\"contentUrl\":\"https:\\\/\\\/marktxxl.de\\\/markt\\\/wp-content\\\/uploads\\\/sites\\\/3\\\/2020\\\/12\\\/logo.png\",\"width\":200,\"height\":70,\"caption\":\"Markt-XXL\"},\"image\":{\"@id\":\"https:\\\/\\\/marktxxl.de\\\/markt\\\/#\\\/schema\\\/logo\\\/image\\\/\"}}]}<\/script>\n<!-- \/ Yoast SEO plugin. -->","yoast_head_json":{"title":"Real Techniques Artist Essentials, 120 g - Markt-XXL","description":"Markt-XXL Real Techniques Artist Essentials, 120 g","robots":{"index":"index","follow":"follow","max-snippet":"max-snippet:-1","max-image-preview":"max-image-preview:large","max-video-preview":"max-video-preview:-1"},"canonical":"https:\/\/marktxxl.de\/markt\/produkt\/real-techniques-artist-essentials-vollstaendiges-make-up-pinselset-fuer-das-gesicht-fuer-make-up-artist-looks\/","og_locale":"de_DE","og_type":"article","og_title":"Real Techniques Artist Essentials, 120 g - Markt-XXL","og_description":"Markt-XXL Real Techniques Artist Essentials, 120 g","og_url":"https:\/\/marktxxl.de\/markt\/produkt\/real-techniques-artist-essentials-vollstaendiges-make-up-pinselset-fuer-das-gesicht-fuer-make-up-artist-looks\/","og_site_name":"Markt-XXL","article_modified_time":"2023-04-11T02:11:17+00:00","og_image":[{"width":233,"height":500,"url":"https:\/\/m.media-amazon.com\/images\/I\/41liexVeEWL._SL500_.jpg","type":"image\/jpeg"}],"twitter_card":"summary_large_image","twitter_misc":{"Gesch\u00e4tzte Lesezeit":"1\u00a0Minute"},"schema":{"@context":"https:\/\/schema.org","@graph":[{"@type":"WebPage","@id":"https:\/\/marktxxl.de\/markt\/produkt\/real-techniques-artist-essentials-vollstaendiges-make-up-pinselset-fuer-das-gesicht-fuer-make-up-artist-looks\/","url":"https:\/\/marktxxl.de\/markt\/produkt\/real-techniques-artist-essentials-vollstaendiges-make-up-pinselset-fuer-das-gesicht-fuer-make-up-artist-looks\/","name":"Real Techniques Artist Essentials, 120 g - Markt-XXL","isPartOf":{"@id":"https:\/\/marktxxl.de\/markt\/#website"},"primaryImageOfPage":{"@id":"https:\/\/marktxxl.de\/markt\/produkt\/real-techniques-artist-essentials-vollstaendiges-make-up-pinselset-fuer-das-gesicht-fuer-make-up-artist-looks\/#primaryimage"},"image":{"@id":"https:\/\/marktxxl.de\/markt\/produkt\/real-techniques-artist-essentials-vollstaendiges-make-up-pinselset-fuer-das-gesicht-fuer-make-up-artist-looks\/#primaryimage"},"thumbnailUrl":"https:\/\/m.media-amazon.com\/images\/I\/41liexVeEWL._SL500_.jpg","datePublished":"2022-07-13T23:19:37+00:00","dateModified":"2023-04-11T02:11:17+00:00","description":"Markt-XXL Real Techniques Artist Essentials, 120 g","breadcrumb":{"@id":"https:\/\/marktxxl.de\/markt\/produkt\/real-techniques-artist-essentials-vollstaendiges-make-up-pinselset-fuer-das-gesicht-fuer-make-up-artist-looks\/#breadcrumb"},"inLanguage":"de","potentialAction":[{"@type":"ReadAction","target":["https:\/\/marktxxl.de\/markt\/produkt\/real-techniques-artist-essentials-vollstaendiges-make-up-pinselset-fuer-das-gesicht-fuer-make-up-artist-looks\/"]}]},{"@type":"ImageObject","inLanguage":"de","@id":"https:\/\/marktxxl.de\/markt\/produkt\/real-techniques-artist-essentials-vollstaendiges-make-up-pinselset-fuer-das-gesicht-fuer-make-up-artist-looks\/#primaryimage","url":"https:\/\/m.media-amazon.com\/images\/I\/41liexVeEWL._SL500_.jpg","contentUrl":"https:\/\/m.media-amazon.com\/images\/I\/41liexVeEWL._SL500_.jpg","width":233,"height":500},{"@type":"BreadcrumbList","@id":"https:\/\/marktxxl.de\/markt\/produkt\/real-techniques-artist-essentials-vollstaendiges-make-up-pinselset-fuer-das-gesicht-fuer-make-up-artist-looks\/#breadcrumb","itemListElement":[{"@type":"ListItem","position":1,"name":"Startseite","item":"https:\/\/marktxxl.de\/markt\/"},{"@type":"ListItem","position":2,"name":"Markt","item":"https:\/\/marktxxl.de\/markt\/"},{"@type":"ListItem","position":3,"name":"Real Techniques Artist Essentials, 120 g"}]},{"@type":"WebSite","@id":"https:\/\/marktxxl.de\/markt\/#website","url":"https:\/\/marktxxl.de\/markt\/","name":"Markt-XXL","description":"Ihr Markt Online","publisher":{"@id":"https:\/\/marktxxl.de\/markt\/#organization"},"potentialAction":[{"@type":"SearchAction","target":{"@type":"EntryPoint","urlTemplate":"https:\/\/marktxxl.de\/markt\/?s={search_term_string}"},"query-input":{"@type":"PropertyValueSpecification","valueRequired":true,"valueName":"search_term_string"}}],"inLanguage":"de"},{"@type":"Organization","@id":"https:\/\/marktxxl.de\/markt\/#organization","name":"Markt-XXL","url":"https:\/\/marktxxl.de\/markt\/","logo":{"@type":"ImageObject","inLanguage":"de","@id":"https:\/\/marktxxl.de\/markt\/#\/schema\/logo\/image\/","url":"https:\/\/marktxxl.de\/markt\/wp-content\/uploads\/sites\/3\/2020\/12\/logo.png","contentUrl":"https:\/\/marktxxl.de\/markt\/wp-content\/uploads\/sites\/3\/2020\/12\/logo.png","width":200,"height":70,"caption":"Markt-XXL"},"image":{"@id":"https:\/\/marktxxl.de\/markt\/#\/schema\/logo\/image\/"}}]}},"_links":{"self":[{"href":"https:\/\/marktxxl.de\/markt\/wp-json\/wp\/v2\/product\/136069","targetHints":{"allow":["GET"]}}],"collection":[{"href":"https:\/\/marktxxl.de\/markt\/wp-json\/wp\/v2\/product"}],"about":[{"href":"https:\/\/marktxxl.de\/markt\/wp-json\/wp\/v2\/types\/product"}],"replies":[{"embeddable":true,"href":"https:\/\/marktxxl.de\/markt\/wp-json\/wp\/v2\/comments?post=136069"}],"wp:featuredmedia":[{"embeddable":true,"href":"https:\/\/marktxxl.de\/markt\/wp-json\/wp\/v2\/media\/136070"}],"wp:attachment":[{"href":"https:\/\/marktxxl.de\/markt\/wp-json\/wp\/v2\/media?parent=136069"}],"wp:term":[{"taxonomy":"product_brand","embeddable":true,"href":"https:\/\/marktxxl.de\/markt\/wp-json\/wp\/v2\/product_brand?post=136069"},{"taxonomy":"product_cat","embeddable":true,"href":"https:\/\/marktxxl.de\/markt\/wp-json\/wp\/v2\/product_cat?post=136069"},{"taxonomy":"product_tag","embeddable":true,"href":"https:\/\/marktxxl.de\/markt\/wp-json\/wp\/v2\/product_tag?post=136069"}],"curies":[{"name":"wp","href":"https:\/\/api.w.org\/{rel}","templated":true}]}}