{"id":136017,"date":"2022-07-14T01:19:00","date_gmt":"2022-07-13T23:19:00","guid":{"rendered":"https:\/\/marktxxl.de\/markt\/produkt\/fluoreszierendes-glitzer-12-farben-eleanores-diary-makeup-glitzer-gesicht-glitzer-koerperglitzer-farbwechsel-irisierende-pailletten-fuer-naegel-augen-haare-fuer-party-ostern-diy-harz-kunsthandwerk\/"},"modified":"2023-04-11T04:11:17","modified_gmt":"2023-04-11T02:11:17","slug":"fluoreszierendes-glitzer-12-farben-eleanores-diary-makeup-glitzer-gesicht-glitzer-koerperglitzer-farbwechsel-irisierende-pailletten-fuer-naegel-augen-haare-fuer-party-ostern-diy-harz-kunsthandwerk","status":"publish","type":"product","link":"https:\/\/marktxxl.de\/markt\/produkt\/fluoreszierendes-glitzer-12-farben-eleanores-diary-makeup-glitzer-gesicht-glitzer-koerperglitzer-farbwechsel-irisierende-pailletten-fuer-naegel-augen-haare-fuer-party-ostern-diy-harz-kunsthandwerk\/","title":{"rendered":"Fluoreszierendes Glitzer 12 Farben, Fasching Makeup Glitzer, Eleanore&#8217;s Diary Karneval Schimke Gesicht Glitzer\u2026"},"content":{"rendered":"<p>\ud83d\udc97Glitzern auf der B\u00fchne\u2013 Jede Schachtel mit klobigem Glitzer enth\u00e4lt sechseckige Pailletten, gemischt mit feinem Glitzerpulver. Tolle Farbe, schimmernde Pailletten, perfekt f\u00fcr dramatische Urlaubslooks, verleihen Ihnen einen anderen Look. Diese Glitzer k\u00f6nnen Abschlussfeier, Musikfestival, roter Teppich, Geburtstagsfeier, Kost\u00fcmball, Kost\u00fcmparty, Festival, Jubil\u00e4um oder B\u00fchnenshow schillernde, funkelnde Farben verleihen und lassen Sie umwerfend und stilvoll aussehen.<br \/>\n\ud83d\udc99Unendliche Sch\u00f6nheit! &#8211; Glitzer besteht aus Pigmenten in Kosmetikqualit\u00e4t und kann auf Gesicht, K\u00f6rper, Haare und mehr aufgetragen werden. Er kann auch f\u00fcr Nageldesign, K\u00f6rperkunst, Hochzeitsfrisuren, Partyfrisuren, Feen-Make-up, Meerjungfrauen-Make-up, Alltags-Make-up, DIY-Glitzer-Nagellack, Glitzer-Lidschatten, Glitzer-Lipgloss und mehr verwendet werden.<br \/>\n\ud83d\udc9a12 auff\u00e4llige Farben: 12 durchsichtige Boxen, leicht und langlebig, kein Auslaufen, kein Bruch. Glitzer ist eine tolle Idee f\u00fcr Heimwerker. Es kann sicher ohne Klebstoff auf die Haut aufgetragen werden und kann durch Absp\u00fclen mit Wasser entfernt werden. Wenn Ihre Haut trocken ist, k\u00f6nnen Sie zuerst eine K\u00f6rperlotion auftragen und dann verwenden.<br \/>\n\ud83d\udc9bIm Dunkeln leuchten: Jede Box mit Kunstglitter enth\u00e4lt Pailletten in verschiedenen Gr\u00f6\u00dfen und St\u00e4rken.Wenn Glitzer UV-Licht oder Sonnenlicht ausgesetzt werden, absorbiert er Lichtenergie und kann im Dunkeln leuchten (kann auch mit UV-Nagellicht beleuchtet werden). Perfekt f\u00fcr Halloween-Maskerade-Partys oder andere Rave-Partys.<br \/>\n\ud83d\udc9cWunderbare Partygeschenke zum Teilen &#8211; Es ist Zeit zu gl\u00e4nzen! Werden Sie kreativ und inspirieren Sie sich, um Festival-Make-up oder ein atemberaubendes t\u00e4gliches Aussehen zu kreieren, wodurch die M\u00f6glichkeiten der Sch\u00f6nheit endlos werden. Das perfekte Geschenk f\u00fcr alle Rave-Girls oder -Boys, die es lieben zu funkeln.<br \/>\n<div class=\"main-cross-sell\" data-asin=\"B09NPXPJ3Z\">\n\n\t<div class=\"WooZone-cross-sell-loader\">\n\t\t<div>\n\t\t\t<div id=\"floatingBarsG\">\n\t\t\t\t<div class=\"blockG\" id=\"rotateG_01\"><\/div>\n\t\t\t\t<div class=\"blockG\" id=\"rotateG_02\"><\/div>\n\t\t\t\t<div class=\"blockG\" id=\"rotateG_03\"><\/div>\n\t\t\t\t<div class=\"blockG\" id=\"rotateG_04\"><\/div>\n\t\t\t\t<div class=\"blockG\" id=\"rotateG_05\"><\/div>\n\t\t\t\t<div class=\"blockG\" id=\"rotateG_06\"><\/div>\n\t\t\t\t<div class=\"blockG\" id=\"rotateG_07\"><\/div>\n\t\t\t\t<div class=\"blockG\" id=\"rotateG_08\"><\/div>\n\t\t\t<\/div>\n\t\t\t<div class=\"WooZone-cross-sell-loader-text\"><\/div>\n\t\t<\/div>\n\t<\/div>\n\n\t\t\n<\/div>\n<div style=\"clear:both;\"><\/div><\/p>\n","protected":false},"excerpt":{"rendered":"<p>\ud83d\udc97Glitzern auf der B\u00fchne\u2013 Jede Schachtel mit klobigem Glitzer enth\u00e4lt sechseckige Pailletten, gemischt mit feinem Glitzerpulver. Tolle Farbe, schimmernde Pailletten, perfekt f\u00fcr dramatische Urlaubslooks, verleihen Ihnen einen anderen Look. Diese Glitzer k\u00f6nnen Abschlussfeier, Musikfestival, roter Teppich, Geburtstagsfeier, Kost\u00fcmball, Kost\u00fcmparty, Festival, Jubil\u00e4um oder B\u00fchnenshow schillernde, funkelnde Farben verleihen und lassen Sie umwerfend und stilvoll aussehen.<br \/>\n\ud83d\udc99Unendliche Sch\u00f6nheit! &#8211; Glitzer besteht aus Pigmenten in Kosmetikqualit\u00e4t und kann auf Gesicht, K\u00f6rper, Haare und mehr aufgetragen werden. Er kann auch f\u00fcr Nageldesign, K\u00f6rperkunst, Hochzeitsfrisuren, Partyfrisuren, Feen-Make-up, Meerjungfrauen-Make-up, Alltags-Make-up, DIY-Glitzer-Nagellack, Glitzer-Lidschatten, Glitzer-Lipgloss und mehr verwendet werden.<br \/>\n\ud83d\udc9a12 auff\u00e4llige Farben: 12 durchsichtige Boxen, leicht und langlebig, kein Auslaufen, kein Bruch. Glitzer ist eine tolle Idee f\u00fcr Heimwerker. Es kann sicher ohne Klebstoff auf die Haut aufgetragen werden und kann durch Absp\u00fclen mit Wasser entfernt werden. Wenn Ihre Haut trocken ist, k\u00f6nnen Sie zuerst eine K\u00f6rperlotion auftragen und dann verwenden.<\/p>\n","protected":false},"featured_media":136018,"comment_status":"open","ping_status":"closed","template":"","meta":[],"product_brand":[],"product_cat":[2858,7575],"product_tag":[],"class_list":{"0":"post-136017","1":"product","2":"type-product","3":"status-publish","4":"has-post-thumbnail","6":"product_cat-beauty","7":"product_cat-make-up","8":"pa_brand-eleanores-diary","9":"pa_height-2-362204722-zoll","10":"pa_length-4-4488188931-zoll","11":"pa_manufacturer-eleanores-diary","12":"pa_width-4-2125984209-zoll","14":"first","15":"instock","16":"shipping-taxable","17":"purchasable","18":"product-type-simple","19":"customify-col","20":"product-has-gallery"},"yoast_head":"<!-- This site is optimized with the Yoast SEO plugin v27.3 - https:\/\/yoast.com\/product\/yoast-seo-wordpress\/ -->\n<title>Fluoreszierendes Glitzer 12 Farben, Fasching Makeup Glitzer, Eleanore&#039;s Diary Karneval Schimke Gesicht Glitzer\u2026 - Markt-XXL<\/title>\n<meta name=\"description\" content=\"Markt-XXL Fluoreszierendes Glitzer 12 Farben, Fasching Makeup Glitzer, Eleanore&#039;s Diary Karneval Schimke Gesicht Glitzer\u2026\" \/>\n<meta name=\"robots\" content=\"index, follow, max-snippet:-1, max-image-preview:large, max-video-preview:-1\" \/>\n<link rel=\"canonical\" href=\"https:\/\/marktxxl.de\/markt\/produkt\/fluoreszierendes-glitzer-12-farben-eleanores-diary-makeup-glitzer-gesicht-glitzer-koerperglitzer-farbwechsel-irisierende-pailletten-fuer-naegel-augen-haare-fuer-party-ostern-diy-harz-kunsthandwerk\/\" \/>\n<meta property=\"og:locale\" content=\"de_DE\" \/>\n<meta property=\"og:type\" content=\"article\" \/>\n<meta property=\"og:title\" content=\"Fluoreszierendes Glitzer 12 Farben, Fasching Makeup Glitzer, Eleanore&#039;s Diary Karneval Schimke Gesicht Glitzer\u2026 - Markt-XXL\" \/>\n<meta property=\"og:description\" content=\"Markt-XXL Fluoreszierendes Glitzer 12 Farben, Fasching Makeup Glitzer, Eleanore&#039;s Diary Karneval Schimke Gesicht Glitzer\u2026\" \/>\n<meta property=\"og:url\" content=\"https:\/\/marktxxl.de\/markt\/produkt\/fluoreszierendes-glitzer-12-farben-eleanores-diary-makeup-glitzer-gesicht-glitzer-koerperglitzer-farbwechsel-irisierende-pailletten-fuer-naegel-augen-haare-fuer-party-ostern-diy-harz-kunsthandwerk\/\" \/>\n<meta property=\"og:site_name\" content=\"Markt-XXL\" \/>\n<meta property=\"article:modified_time\" content=\"2023-04-11T02:11:17+00:00\" \/>\n<meta property=\"og:image\" content=\"https:\/\/m.media-amazon.com\/images\/I\/51JG8soHF1L._SL500_.jpg\" \/>\n\t<meta property=\"og:image:width\" content=\"500\" \/>\n\t<meta property=\"og:image:height\" content=\"500\" \/>\n\t<meta property=\"og:image:type\" content=\"image\/jpeg\" \/>\n<meta name=\"twitter:card\" content=\"summary_large_image\" \/>\n<meta name=\"twitter:label1\" content=\"Gesch\u00e4tzte Lesezeit\" \/>\n\t<meta name=\"twitter:data1\" content=\"1\u00a0Minute\" \/>\n<script type=\"application\/ld+json\" class=\"yoast-schema-graph\">{\"@context\":\"https:\\\/\\\/schema.org\",\"@graph\":[{\"@type\":\"WebPage\",\"@id\":\"https:\\\/\\\/marktxxl.de\\\/markt\\\/produkt\\\/fluoreszierendes-glitzer-12-farben-eleanores-diary-makeup-glitzer-gesicht-glitzer-koerperglitzer-farbwechsel-irisierende-pailletten-fuer-naegel-augen-haare-fuer-party-ostern-diy-harz-kunsthandwerk\\\/\",\"url\":\"https:\\\/\\\/marktxxl.de\\\/markt\\\/produkt\\\/fluoreszierendes-glitzer-12-farben-eleanores-diary-makeup-glitzer-gesicht-glitzer-koerperglitzer-farbwechsel-irisierende-pailletten-fuer-naegel-augen-haare-fuer-party-ostern-diy-harz-kunsthandwerk\\\/\",\"name\":\"Fluoreszierendes Glitzer 12 Farben, Fasching Makeup Glitzer, Eleanore's Diary Karneval Schimke Gesicht Glitzer\u2026 - Markt-XXL\",\"isPartOf\":{\"@id\":\"https:\\\/\\\/marktxxl.de\\\/markt\\\/#website\"},\"primaryImageOfPage\":{\"@id\":\"https:\\\/\\\/marktxxl.de\\\/markt\\\/produkt\\\/fluoreszierendes-glitzer-12-farben-eleanores-diary-makeup-glitzer-gesicht-glitzer-koerperglitzer-farbwechsel-irisierende-pailletten-fuer-naegel-augen-haare-fuer-party-ostern-diy-harz-kunsthandwerk\\\/#primaryimage\"},\"image\":{\"@id\":\"https:\\\/\\\/marktxxl.de\\\/markt\\\/produkt\\\/fluoreszierendes-glitzer-12-farben-eleanores-diary-makeup-glitzer-gesicht-glitzer-koerperglitzer-farbwechsel-irisierende-pailletten-fuer-naegel-augen-haare-fuer-party-ostern-diy-harz-kunsthandwerk\\\/#primaryimage\"},\"thumbnailUrl\":\"https:\\\/\\\/m.media-amazon.com\\\/images\\\/I\\\/51JG8soHF1L._SL500_.jpg\",\"datePublished\":\"2022-07-13T23:19:00+00:00\",\"dateModified\":\"2023-04-11T02:11:17+00:00\",\"description\":\"Markt-XXL Fluoreszierendes Glitzer 12 Farben, Fasching Makeup Glitzer, Eleanore's Diary Karneval Schimke Gesicht Glitzer\u2026\",\"breadcrumb\":{\"@id\":\"https:\\\/\\\/marktxxl.de\\\/markt\\\/produkt\\\/fluoreszierendes-glitzer-12-farben-eleanores-diary-makeup-glitzer-gesicht-glitzer-koerperglitzer-farbwechsel-irisierende-pailletten-fuer-naegel-augen-haare-fuer-party-ostern-diy-harz-kunsthandwerk\\\/#breadcrumb\"},\"inLanguage\":\"de\",\"potentialAction\":[{\"@type\":\"ReadAction\",\"target\":[\"https:\\\/\\\/marktxxl.de\\\/markt\\\/produkt\\\/fluoreszierendes-glitzer-12-farben-eleanores-diary-makeup-glitzer-gesicht-glitzer-koerperglitzer-farbwechsel-irisierende-pailletten-fuer-naegel-augen-haare-fuer-party-ostern-diy-harz-kunsthandwerk\\\/\"]}]},{\"@type\":\"ImageObject\",\"inLanguage\":\"de\",\"@id\":\"https:\\\/\\\/marktxxl.de\\\/markt\\\/produkt\\\/fluoreszierendes-glitzer-12-farben-eleanores-diary-makeup-glitzer-gesicht-glitzer-koerperglitzer-farbwechsel-irisierende-pailletten-fuer-naegel-augen-haare-fuer-party-ostern-diy-harz-kunsthandwerk\\\/#primaryimage\",\"url\":\"https:\\\/\\\/m.media-amazon.com\\\/images\\\/I\\\/51JG8soHF1L._SL500_.jpg\",\"contentUrl\":\"https:\\\/\\\/m.media-amazon.com\\\/images\\\/I\\\/51JG8soHF1L._SL500_.jpg\",\"width\":500,\"height\":500},{\"@type\":\"BreadcrumbList\",\"@id\":\"https:\\\/\\\/marktxxl.de\\\/markt\\\/produkt\\\/fluoreszierendes-glitzer-12-farben-eleanores-diary-makeup-glitzer-gesicht-glitzer-koerperglitzer-farbwechsel-irisierende-pailletten-fuer-naegel-augen-haare-fuer-party-ostern-diy-harz-kunsthandwerk\\\/#breadcrumb\",\"itemListElement\":[{\"@type\":\"ListItem\",\"position\":1,\"name\":\"Startseite\",\"item\":\"https:\\\/\\\/marktxxl.de\\\/markt\\\/\"},{\"@type\":\"ListItem\",\"position\":2,\"name\":\"Markt\",\"item\":\"https:\\\/\\\/marktxxl.de\\\/markt\\\/\"},{\"@type\":\"ListItem\",\"position\":3,\"name\":\"Fluoreszierendes Glitzer 12 Farben, Fasching Makeup Glitzer, Eleanore&#8217;s Diary Karneval Schimke Gesicht Glitzer\u2026\"}]},{\"@type\":\"WebSite\",\"@id\":\"https:\\\/\\\/marktxxl.de\\\/markt\\\/#website\",\"url\":\"https:\\\/\\\/marktxxl.de\\\/markt\\\/\",\"name\":\"Markt-XXL\",\"description\":\"Ihr Markt Online\",\"publisher\":{\"@id\":\"https:\\\/\\\/marktxxl.de\\\/markt\\\/#organization\"},\"potentialAction\":[{\"@type\":\"SearchAction\",\"target\":{\"@type\":\"EntryPoint\",\"urlTemplate\":\"https:\\\/\\\/marktxxl.de\\\/markt\\\/?s={search_term_string}\"},\"query-input\":{\"@type\":\"PropertyValueSpecification\",\"valueRequired\":true,\"valueName\":\"search_term_string\"}}],\"inLanguage\":\"de\"},{\"@type\":\"Organization\",\"@id\":\"https:\\\/\\\/marktxxl.de\\\/markt\\\/#organization\",\"name\":\"Markt-XXL\",\"url\":\"https:\\\/\\\/marktxxl.de\\\/markt\\\/\",\"logo\":{\"@type\":\"ImageObject\",\"inLanguage\":\"de\",\"@id\":\"https:\\\/\\\/marktxxl.de\\\/markt\\\/#\\\/schema\\\/logo\\\/image\\\/\",\"url\":\"https:\\\/\\\/marktxxl.de\\\/markt\\\/wp-content\\\/uploads\\\/sites\\\/3\\\/2020\\\/12\\\/logo.png\",\"contentUrl\":\"https:\\\/\\\/marktxxl.de\\\/markt\\\/wp-content\\\/uploads\\\/sites\\\/3\\\/2020\\\/12\\\/logo.png\",\"width\":200,\"height\":70,\"caption\":\"Markt-XXL\"},\"image\":{\"@id\":\"https:\\\/\\\/marktxxl.de\\\/markt\\\/#\\\/schema\\\/logo\\\/image\\\/\"}}]}<\/script>\n<!-- \/ Yoast SEO plugin. -->","yoast_head_json":{"title":"Fluoreszierendes Glitzer 12 Farben, Fasching Makeup Glitzer, Eleanore's Diary Karneval Schimke Gesicht Glitzer\u2026 - Markt-XXL","description":"Markt-XXL Fluoreszierendes Glitzer 12 Farben, Fasching Makeup Glitzer, Eleanore's Diary Karneval Schimke Gesicht Glitzer\u2026","robots":{"index":"index","follow":"follow","max-snippet":"max-snippet:-1","max-image-preview":"max-image-preview:large","max-video-preview":"max-video-preview:-1"},"canonical":"https:\/\/marktxxl.de\/markt\/produkt\/fluoreszierendes-glitzer-12-farben-eleanores-diary-makeup-glitzer-gesicht-glitzer-koerperglitzer-farbwechsel-irisierende-pailletten-fuer-naegel-augen-haare-fuer-party-ostern-diy-harz-kunsthandwerk\/","og_locale":"de_DE","og_type":"article","og_title":"Fluoreszierendes Glitzer 12 Farben, Fasching Makeup Glitzer, Eleanore's Diary Karneval Schimke Gesicht Glitzer\u2026 - Markt-XXL","og_description":"Markt-XXL Fluoreszierendes Glitzer 12 Farben, Fasching Makeup Glitzer, Eleanore's Diary Karneval Schimke Gesicht Glitzer\u2026","og_url":"https:\/\/marktxxl.de\/markt\/produkt\/fluoreszierendes-glitzer-12-farben-eleanores-diary-makeup-glitzer-gesicht-glitzer-koerperglitzer-farbwechsel-irisierende-pailletten-fuer-naegel-augen-haare-fuer-party-ostern-diy-harz-kunsthandwerk\/","og_site_name":"Markt-XXL","article_modified_time":"2023-04-11T02:11:17+00:00","og_image":[{"width":500,"height":500,"url":"https:\/\/m.media-amazon.com\/images\/I\/51JG8soHF1L._SL500_.jpg","type":"image\/jpeg"}],"twitter_card":"summary_large_image","twitter_misc":{"Gesch\u00e4tzte Lesezeit":"1\u00a0Minute"},"schema":{"@context":"https:\/\/schema.org","@graph":[{"@type":"WebPage","@id":"https:\/\/marktxxl.de\/markt\/produkt\/fluoreszierendes-glitzer-12-farben-eleanores-diary-makeup-glitzer-gesicht-glitzer-koerperglitzer-farbwechsel-irisierende-pailletten-fuer-naegel-augen-haare-fuer-party-ostern-diy-harz-kunsthandwerk\/","url":"https:\/\/marktxxl.de\/markt\/produkt\/fluoreszierendes-glitzer-12-farben-eleanores-diary-makeup-glitzer-gesicht-glitzer-koerperglitzer-farbwechsel-irisierende-pailletten-fuer-naegel-augen-haare-fuer-party-ostern-diy-harz-kunsthandwerk\/","name":"Fluoreszierendes Glitzer 12 Farben, Fasching Makeup Glitzer, Eleanore's Diary Karneval Schimke Gesicht Glitzer\u2026 - Markt-XXL","isPartOf":{"@id":"https:\/\/marktxxl.de\/markt\/#website"},"primaryImageOfPage":{"@id":"https:\/\/marktxxl.de\/markt\/produkt\/fluoreszierendes-glitzer-12-farben-eleanores-diary-makeup-glitzer-gesicht-glitzer-koerperglitzer-farbwechsel-irisierende-pailletten-fuer-naegel-augen-haare-fuer-party-ostern-diy-harz-kunsthandwerk\/#primaryimage"},"image":{"@id":"https:\/\/marktxxl.de\/markt\/produkt\/fluoreszierendes-glitzer-12-farben-eleanores-diary-makeup-glitzer-gesicht-glitzer-koerperglitzer-farbwechsel-irisierende-pailletten-fuer-naegel-augen-haare-fuer-party-ostern-diy-harz-kunsthandwerk\/#primaryimage"},"thumbnailUrl":"https:\/\/m.media-amazon.com\/images\/I\/51JG8soHF1L._SL500_.jpg","datePublished":"2022-07-13T23:19:00+00:00","dateModified":"2023-04-11T02:11:17+00:00","description":"Markt-XXL Fluoreszierendes Glitzer 12 Farben, Fasching Makeup Glitzer, Eleanore's Diary Karneval Schimke Gesicht Glitzer\u2026","breadcrumb":{"@id":"https:\/\/marktxxl.de\/markt\/produkt\/fluoreszierendes-glitzer-12-farben-eleanores-diary-makeup-glitzer-gesicht-glitzer-koerperglitzer-farbwechsel-irisierende-pailletten-fuer-naegel-augen-haare-fuer-party-ostern-diy-harz-kunsthandwerk\/#breadcrumb"},"inLanguage":"de","potentialAction":[{"@type":"ReadAction","target":["https:\/\/marktxxl.de\/markt\/produkt\/fluoreszierendes-glitzer-12-farben-eleanores-diary-makeup-glitzer-gesicht-glitzer-koerperglitzer-farbwechsel-irisierende-pailletten-fuer-naegel-augen-haare-fuer-party-ostern-diy-harz-kunsthandwerk\/"]}]},{"@type":"ImageObject","inLanguage":"de","@id":"https:\/\/marktxxl.de\/markt\/produkt\/fluoreszierendes-glitzer-12-farben-eleanores-diary-makeup-glitzer-gesicht-glitzer-koerperglitzer-farbwechsel-irisierende-pailletten-fuer-naegel-augen-haare-fuer-party-ostern-diy-harz-kunsthandwerk\/#primaryimage","url":"https:\/\/m.media-amazon.com\/images\/I\/51JG8soHF1L._SL500_.jpg","contentUrl":"https:\/\/m.media-amazon.com\/images\/I\/51JG8soHF1L._SL500_.jpg","width":500,"height":500},{"@type":"BreadcrumbList","@id":"https:\/\/marktxxl.de\/markt\/produkt\/fluoreszierendes-glitzer-12-farben-eleanores-diary-makeup-glitzer-gesicht-glitzer-koerperglitzer-farbwechsel-irisierende-pailletten-fuer-naegel-augen-haare-fuer-party-ostern-diy-harz-kunsthandwerk\/#breadcrumb","itemListElement":[{"@type":"ListItem","position":1,"name":"Startseite","item":"https:\/\/marktxxl.de\/markt\/"},{"@type":"ListItem","position":2,"name":"Markt","item":"https:\/\/marktxxl.de\/markt\/"},{"@type":"ListItem","position":3,"name":"Fluoreszierendes Glitzer 12 Farben, Fasching Makeup Glitzer, Eleanore&#8217;s Diary Karneval Schimke Gesicht Glitzer\u2026"}]},{"@type":"WebSite","@id":"https:\/\/marktxxl.de\/markt\/#website","url":"https:\/\/marktxxl.de\/markt\/","name":"Markt-XXL","description":"Ihr Markt Online","publisher":{"@id":"https:\/\/marktxxl.de\/markt\/#organization"},"potentialAction":[{"@type":"SearchAction","target":{"@type":"EntryPoint","urlTemplate":"https:\/\/marktxxl.de\/markt\/?s={search_term_string}"},"query-input":{"@type":"PropertyValueSpecification","valueRequired":true,"valueName":"search_term_string"}}],"inLanguage":"de"},{"@type":"Organization","@id":"https:\/\/marktxxl.de\/markt\/#organization","name":"Markt-XXL","url":"https:\/\/marktxxl.de\/markt\/","logo":{"@type":"ImageObject","inLanguage":"de","@id":"https:\/\/marktxxl.de\/markt\/#\/schema\/logo\/image\/","url":"https:\/\/marktxxl.de\/markt\/wp-content\/uploads\/sites\/3\/2020\/12\/logo.png","contentUrl":"https:\/\/marktxxl.de\/markt\/wp-content\/uploads\/sites\/3\/2020\/12\/logo.png","width":200,"height":70,"caption":"Markt-XXL"},"image":{"@id":"https:\/\/marktxxl.de\/markt\/#\/schema\/logo\/image\/"}}]}},"_links":{"self":[{"href":"https:\/\/marktxxl.de\/markt\/wp-json\/wp\/v2\/product\/136017","targetHints":{"allow":["GET"]}}],"collection":[{"href":"https:\/\/marktxxl.de\/markt\/wp-json\/wp\/v2\/product"}],"about":[{"href":"https:\/\/marktxxl.de\/markt\/wp-json\/wp\/v2\/types\/product"}],"replies":[{"embeddable":true,"href":"https:\/\/marktxxl.de\/markt\/wp-json\/wp\/v2\/comments?post=136017"}],"wp:featuredmedia":[{"embeddable":true,"href":"https:\/\/marktxxl.de\/markt\/wp-json\/wp\/v2\/media\/136018"}],"wp:attachment":[{"href":"https:\/\/marktxxl.de\/markt\/wp-json\/wp\/v2\/media?parent=136017"}],"wp:term":[{"taxonomy":"product_brand","embeddable":true,"href":"https:\/\/marktxxl.de\/markt\/wp-json\/wp\/v2\/product_brand?post=136017"},{"taxonomy":"product_cat","embeddable":true,"href":"https:\/\/marktxxl.de\/markt\/wp-json\/wp\/v2\/product_cat?post=136017"},{"taxonomy":"product_tag","embeddable":true,"href":"https:\/\/marktxxl.de\/markt\/wp-json\/wp\/v2\/product_tag?post=136017"}],"curies":[{"name":"wp","href":"https:\/\/api.w.org\/{rel}","templated":true}]}}