{"id":135275,"date":"2022-07-14T00:44:55","date_gmt":"2022-07-13T22:44:55","guid":{"rendered":"https:\/\/marktxxl.de\/markt\/produkt\/jorganic-solutions-kids-super-moisturizing-hydrating-healthy-hair-growth-set\/"},"modified":"2023-04-11T04:10:19","modified_gmt":"2023-04-11T02:10:19","slug":"jorganic-solutions-kids-super-moisturizing-hydrating-healthy-hair-growth-set","status":"publish","type":"product","link":"https:\/\/marktxxl.de\/markt\/produkt\/jorganic-solutions-kids-super-moisturizing-hydrating-healthy-hair-growth-set\/","title":{"rendered":"J&#8217;Organic Solutions Kids Super Moisturizing, Hydrating healthy hair Growth set"},"content":{"rendered":"<p>MOISTUREFUSE BUTTER CREAM: ist eine gro\u00dfartige Feuchtigkeitscreme f\u00fcr alle Haartypen. Nach der Reinigung oder t\u00e4glich auf nassem Haar anwenden, um das Haar zu erweichen und zu pflegen und gleichzeitig die Feuchtigkeit wiederherzustellen. Die Creme Definieren Sie Locken, w\u00e4hrend Sie ausgehungerte Nagelhaut n\u00e4hren, und halten Sie Ihr Haar sanft, w\u00e4hrend Sie Feuchtigkeit f\u00fcr lang anhaltende und sch\u00f6ne Locken widerstehen. Beseitigen Sie Trockenheit, w\u00e4hrend sich das Haar mit Marshmallow-Wurzeln, Avo<br \/>\nPOMADE: Speziell entwickelt, um leicht und nicht klebrig zu sein, f\u00fchlt sich das Haar Ihres Kindes weich und handlich an, w\u00e4hrend es ges\u00fcnder und gl\u00e4nzender aussieht als die meisten Haarpomaden auf dem Markt.<br \/>\nSHAMPOO &amp; BIOTON CONDITIONER: Pflegt und entwirrt das Haar bei jeder W\u00e4sche sanft. Kokosmilch, Weizenprotein Pro Vitamin B5 reinigt sanft auch die empfindlichsten Haare und Kopfhaut. Stimulierender Conditioner f\u00f6rdert volleres, dickeres Haar und stimuliert gleichzeitig das neue Wachstum mit Vitaminen: Biotin, Niacin und Vitamin B6. Vitamin E-Antioxidantien, gr\u00fcner Tee und Sonnenblumen\u00f6l sch\u00fctzen die Haarfarbe. Au\u00dferdem spendet Aloe Vera Feuchtigkeit, Argan\u00f6l verleiht Glanz und Weizenprotein verl<br \/>\nCARROT ARGAN LEAVE-IN CONDITIONING MILK: Mit den besten nat\u00fcrlichen Inhaltsstoffen formuliert, um das Haar widerstandsf\u00e4hig zu halten und trockenes, strapaziertes Haar wieder in einen gesunden Zustand zu bringen. Es enth\u00e4lt nat\u00fcrliche Weichmacher, die Feuchtigkeit spenden, entwirren und pflegen und gleichzeitig Ihr Haar sanft von der Wurzel bis zur Spitze mit Feuchtigkeit versorgen. Hilft dabei, Br\u00fcche zu stoppen und trockenes, strapaziertes und \u00fcberarbeitetes Haar zu pflegen und zu st\u00e4rken. Das<br \/>\nKEINE Sulfate, KEINE Parabene, KEIN Alkohol, KEINE Phthalate, KEINE Tierversuche.<br \/>\n<div class=\"main-cross-sell\" data-asin=\"B078T99BPJ\">\n\n\t<div class=\"WooZone-cross-sell-loader\">\n\t\t<div>\n\t\t\t<div id=\"floatingBarsG\">\n\t\t\t\t<div class=\"blockG\" id=\"rotateG_01\"><\/div>\n\t\t\t\t<div class=\"blockG\" id=\"rotateG_02\"><\/div>\n\t\t\t\t<div class=\"blockG\" id=\"rotateG_03\"><\/div>\n\t\t\t\t<div class=\"blockG\" id=\"rotateG_04\"><\/div>\n\t\t\t\t<div class=\"blockG\" id=\"rotateG_05\"><\/div>\n\t\t\t\t<div class=\"blockG\" id=\"rotateG_06\"><\/div>\n\t\t\t\t<div class=\"blockG\" id=\"rotateG_07\"><\/div>\n\t\t\t\t<div class=\"blockG\" id=\"rotateG_08\"><\/div>\n\t\t\t<\/div>\n\t\t\t<div class=\"WooZone-cross-sell-loader-text\"><\/div>\n\t\t<\/div>\n\t<\/div>\n\n\t\t\n<\/div>\n<div style=\"clear:both;\"><\/div><\/p>\n","protected":false},"excerpt":{"rendered":"<p>MOISTUREFUSE BUTTER CREAM: ist eine gro\u00dfartige Feuchtigkeitscreme f\u00fcr alle Haartypen. Nach der Reinigung oder t\u00e4glich auf nassem Haar anwenden, um das Haar zu erweichen und zu pflegen und gleichzeitig die Feuchtigkeit wiederherzustellen. Die Creme Definieren Sie Locken, w\u00e4hrend Sie ausgehungerte Nagelhaut n\u00e4hren, und halten Sie Ihr Haar sanft, w\u00e4hrend Sie Feuchtigkeit f\u00fcr lang anhaltende und sch\u00f6ne Locken widerstehen. Beseitigen Sie Trockenheit, w\u00e4hrend sich das Haar mit Marshmallow-Wurzeln, Avo<br \/>\nPOMADE: Speziell entwickelt, um leicht und nicht klebrig zu sein, f\u00fchlt sich das Haar Ihres Kindes weich und handlich an, w\u00e4hrend es ges\u00fcnder und gl\u00e4nzender aussieht als die meisten Haarpomaden auf dem Markt.<br \/>\nSHAMPOO &amp; BIOTON CONDITIONER: Pflegt und entwirrt das Haar bei jeder W\u00e4sche sanft. Kokosmilch, Weizenprotein Pro Vitamin B5 reinigt sanft auch die empfindlichsten Haare und Kopfhaut. Stimulierender Conditioner f\u00f6rdert volleres, dickeres Haar und stimuliert gleichzeitig das neue Wachstum mit Vitaminen: Biotin, Niacin und Vitamin B6. Vitamin E-Antioxidantien, gr\u00fcner Tee und Sonnenblumen\u00f6l sch\u00fctzen die Haarfarbe. Au\u00dferdem spendet Aloe Vera Feuchtigkeit, Argan\u00f6l verleiht Glanz und Weizenprotein verl<\/p>\n","protected":false},"featured_media":135276,"comment_status":"open","ping_status":"closed","template":"","meta":[],"product_brand":[],"product_cat":[2858,6632],"product_tag":[],"class_list":{"0":"post-135275","1":"product","2":"type-product","3":"status-publish","4":"has-post-thumbnail","6":"product_cat-beauty","7":"product_cat-beauty-pflegesets","8":"pa_binding-misc","9":"pa_brand-jorganic-solutions","10":"pa_model-supkkit234","12":"first","13":"instock","14":"shipping-taxable","15":"purchasable","16":"product-type-simple","17":"customify-col","18":"product-has-gallery"},"yoast_head":"<!-- This site is optimized with the Yoast SEO plugin v27.4 - https:\/\/yoast.com\/product\/yoast-seo-wordpress\/ -->\n<title>J&#039;Organic Solutions Kids Super Moisturizing, Hydrating healthy hair Growth set - Markt-XXL<\/title>\n<meta name=\"description\" content=\"Markt-XXL J&#039;Organic Solutions Kids Super Moisturizing, Hydrating healthy hair Growth set\" \/>\n<meta name=\"robots\" content=\"index, follow, max-snippet:-1, max-image-preview:large, max-video-preview:-1\" \/>\n<link rel=\"canonical\" href=\"https:\/\/marktxxl.de\/markt\/produkt\/jorganic-solutions-kids-super-moisturizing-hydrating-healthy-hair-growth-set\/\" \/>\n<meta property=\"og:locale\" content=\"de_DE\" \/>\n<meta property=\"og:type\" content=\"article\" \/>\n<meta property=\"og:title\" content=\"J&#039;Organic Solutions Kids Super Moisturizing, Hydrating healthy hair Growth set - Markt-XXL\" \/>\n<meta property=\"og:description\" content=\"Markt-XXL J&#039;Organic Solutions Kids Super Moisturizing, Hydrating healthy hair Growth set\" \/>\n<meta property=\"og:url\" content=\"https:\/\/marktxxl.de\/markt\/produkt\/jorganic-solutions-kids-super-moisturizing-hydrating-healthy-hair-growth-set\/\" \/>\n<meta property=\"og:site_name\" content=\"Markt-XXL\" \/>\n<meta property=\"article:modified_time\" content=\"2023-04-11T02:10:19+00:00\" \/>\n<meta property=\"og:image\" content=\"https:\/\/m.media-amazon.com\/images\/I\/41xsbfg1eqL._SL500_.jpg\" \/>\n\t<meta property=\"og:image:width\" content=\"500\" \/>\n\t<meta property=\"og:image:height\" content=\"421\" \/>\n\t<meta property=\"og:image:type\" content=\"image\/jpeg\" \/>\n<meta name=\"twitter:card\" content=\"summary_large_image\" \/>\n<meta name=\"twitter:label1\" content=\"Gesch\u00e4tzte Lesezeit\" \/>\n\t<meta name=\"twitter:data1\" content=\"1\u00a0Minute\" \/>\n<script type=\"application\/ld+json\" class=\"yoast-schema-graph\">{\"@context\":\"https:\\\/\\\/schema.org\",\"@graph\":[{\"@type\":\"WebPage\",\"@id\":\"https:\\\/\\\/marktxxl.de\\\/markt\\\/produkt\\\/jorganic-solutions-kids-super-moisturizing-hydrating-healthy-hair-growth-set\\\/\",\"url\":\"https:\\\/\\\/marktxxl.de\\\/markt\\\/produkt\\\/jorganic-solutions-kids-super-moisturizing-hydrating-healthy-hair-growth-set\\\/\",\"name\":\"J'Organic Solutions Kids Super Moisturizing, Hydrating healthy hair Growth set - Markt-XXL\",\"isPartOf\":{\"@id\":\"https:\\\/\\\/marktxxl.de\\\/markt\\\/#website\"},\"primaryImageOfPage\":{\"@id\":\"https:\\\/\\\/marktxxl.de\\\/markt\\\/produkt\\\/jorganic-solutions-kids-super-moisturizing-hydrating-healthy-hair-growth-set\\\/#primaryimage\"},\"image\":{\"@id\":\"https:\\\/\\\/marktxxl.de\\\/markt\\\/produkt\\\/jorganic-solutions-kids-super-moisturizing-hydrating-healthy-hair-growth-set\\\/#primaryimage\"},\"thumbnailUrl\":\"https:\\\/\\\/m.media-amazon.com\\\/images\\\/I\\\/41xsbfg1eqL._SL500_.jpg\",\"datePublished\":\"2022-07-13T22:44:55+00:00\",\"dateModified\":\"2023-04-11T02:10:19+00:00\",\"description\":\"Markt-XXL J'Organic Solutions Kids Super Moisturizing, Hydrating healthy hair Growth set\",\"breadcrumb\":{\"@id\":\"https:\\\/\\\/marktxxl.de\\\/markt\\\/produkt\\\/jorganic-solutions-kids-super-moisturizing-hydrating-healthy-hair-growth-set\\\/#breadcrumb\"},\"inLanguage\":\"de\",\"potentialAction\":[{\"@type\":\"ReadAction\",\"target\":[\"https:\\\/\\\/marktxxl.de\\\/markt\\\/produkt\\\/jorganic-solutions-kids-super-moisturizing-hydrating-healthy-hair-growth-set\\\/\"]}]},{\"@type\":\"ImageObject\",\"inLanguage\":\"de\",\"@id\":\"https:\\\/\\\/marktxxl.de\\\/markt\\\/produkt\\\/jorganic-solutions-kids-super-moisturizing-hydrating-healthy-hair-growth-set\\\/#primaryimage\",\"url\":\"https:\\\/\\\/m.media-amazon.com\\\/images\\\/I\\\/41xsbfg1eqL._SL500_.jpg\",\"contentUrl\":\"https:\\\/\\\/m.media-amazon.com\\\/images\\\/I\\\/41xsbfg1eqL._SL500_.jpg\",\"width\":500,\"height\":421},{\"@type\":\"BreadcrumbList\",\"@id\":\"https:\\\/\\\/marktxxl.de\\\/markt\\\/produkt\\\/jorganic-solutions-kids-super-moisturizing-hydrating-healthy-hair-growth-set\\\/#breadcrumb\",\"itemListElement\":[{\"@type\":\"ListItem\",\"position\":1,\"name\":\"Startseite\",\"item\":\"https:\\\/\\\/marktxxl.de\\\/markt\\\/\"},{\"@type\":\"ListItem\",\"position\":2,\"name\":\"Markt\",\"item\":\"https:\\\/\\\/marktxxl.de\\\/markt\\\/\"},{\"@type\":\"ListItem\",\"position\":3,\"name\":\"J&#8217;Organic Solutions Kids Super Moisturizing, Hydrating healthy hair Growth set\"}]},{\"@type\":\"WebSite\",\"@id\":\"https:\\\/\\\/marktxxl.de\\\/markt\\\/#website\",\"url\":\"https:\\\/\\\/marktxxl.de\\\/markt\\\/\",\"name\":\"Markt-XXL\",\"description\":\"Ihr Markt Online\",\"publisher\":{\"@id\":\"https:\\\/\\\/marktxxl.de\\\/markt\\\/#organization\"},\"potentialAction\":[{\"@type\":\"SearchAction\",\"target\":{\"@type\":\"EntryPoint\",\"urlTemplate\":\"https:\\\/\\\/marktxxl.de\\\/markt\\\/?s={search_term_string}\"},\"query-input\":{\"@type\":\"PropertyValueSpecification\",\"valueRequired\":true,\"valueName\":\"search_term_string\"}}],\"inLanguage\":\"de\"},{\"@type\":\"Organization\",\"@id\":\"https:\\\/\\\/marktxxl.de\\\/markt\\\/#organization\",\"name\":\"Markt-XXL\",\"url\":\"https:\\\/\\\/marktxxl.de\\\/markt\\\/\",\"logo\":{\"@type\":\"ImageObject\",\"inLanguage\":\"de\",\"@id\":\"https:\\\/\\\/marktxxl.de\\\/markt\\\/#\\\/schema\\\/logo\\\/image\\\/\",\"url\":\"https:\\\/\\\/marktxxl.de\\\/markt\\\/wp-content\\\/uploads\\\/sites\\\/3\\\/2020\\\/12\\\/logo.png\",\"contentUrl\":\"https:\\\/\\\/marktxxl.de\\\/markt\\\/wp-content\\\/uploads\\\/sites\\\/3\\\/2020\\\/12\\\/logo.png\",\"width\":200,\"height\":70,\"caption\":\"Markt-XXL\"},\"image\":{\"@id\":\"https:\\\/\\\/marktxxl.de\\\/markt\\\/#\\\/schema\\\/logo\\\/image\\\/\"}}]}<\/script>\n<!-- \/ Yoast SEO plugin. -->","yoast_head_json":{"title":"J'Organic Solutions Kids Super Moisturizing, Hydrating healthy hair Growth set - Markt-XXL","description":"Markt-XXL J'Organic Solutions Kids Super Moisturizing, Hydrating healthy hair Growth set","robots":{"index":"index","follow":"follow","max-snippet":"max-snippet:-1","max-image-preview":"max-image-preview:large","max-video-preview":"max-video-preview:-1"},"canonical":"https:\/\/marktxxl.de\/markt\/produkt\/jorganic-solutions-kids-super-moisturizing-hydrating-healthy-hair-growth-set\/","og_locale":"de_DE","og_type":"article","og_title":"J'Organic Solutions Kids Super Moisturizing, Hydrating healthy hair Growth set - Markt-XXL","og_description":"Markt-XXL J'Organic Solutions Kids Super Moisturizing, Hydrating healthy hair Growth set","og_url":"https:\/\/marktxxl.de\/markt\/produkt\/jorganic-solutions-kids-super-moisturizing-hydrating-healthy-hair-growth-set\/","og_site_name":"Markt-XXL","article_modified_time":"2023-04-11T02:10:19+00:00","og_image":[{"width":500,"height":421,"url":"https:\/\/m.media-amazon.com\/images\/I\/41xsbfg1eqL._SL500_.jpg","type":"image\/jpeg"}],"twitter_card":"summary_large_image","twitter_misc":{"Gesch\u00e4tzte Lesezeit":"1\u00a0Minute"},"schema":{"@context":"https:\/\/schema.org","@graph":[{"@type":"WebPage","@id":"https:\/\/marktxxl.de\/markt\/produkt\/jorganic-solutions-kids-super-moisturizing-hydrating-healthy-hair-growth-set\/","url":"https:\/\/marktxxl.de\/markt\/produkt\/jorganic-solutions-kids-super-moisturizing-hydrating-healthy-hair-growth-set\/","name":"J'Organic Solutions Kids Super Moisturizing, Hydrating healthy hair Growth set - Markt-XXL","isPartOf":{"@id":"https:\/\/marktxxl.de\/markt\/#website"},"primaryImageOfPage":{"@id":"https:\/\/marktxxl.de\/markt\/produkt\/jorganic-solutions-kids-super-moisturizing-hydrating-healthy-hair-growth-set\/#primaryimage"},"image":{"@id":"https:\/\/marktxxl.de\/markt\/produkt\/jorganic-solutions-kids-super-moisturizing-hydrating-healthy-hair-growth-set\/#primaryimage"},"thumbnailUrl":"https:\/\/m.media-amazon.com\/images\/I\/41xsbfg1eqL._SL500_.jpg","datePublished":"2022-07-13T22:44:55+00:00","dateModified":"2023-04-11T02:10:19+00:00","description":"Markt-XXL J'Organic Solutions Kids Super Moisturizing, Hydrating healthy hair Growth set","breadcrumb":{"@id":"https:\/\/marktxxl.de\/markt\/produkt\/jorganic-solutions-kids-super-moisturizing-hydrating-healthy-hair-growth-set\/#breadcrumb"},"inLanguage":"de","potentialAction":[{"@type":"ReadAction","target":["https:\/\/marktxxl.de\/markt\/produkt\/jorganic-solutions-kids-super-moisturizing-hydrating-healthy-hair-growth-set\/"]}]},{"@type":"ImageObject","inLanguage":"de","@id":"https:\/\/marktxxl.de\/markt\/produkt\/jorganic-solutions-kids-super-moisturizing-hydrating-healthy-hair-growth-set\/#primaryimage","url":"https:\/\/m.media-amazon.com\/images\/I\/41xsbfg1eqL._SL500_.jpg","contentUrl":"https:\/\/m.media-amazon.com\/images\/I\/41xsbfg1eqL._SL500_.jpg","width":500,"height":421},{"@type":"BreadcrumbList","@id":"https:\/\/marktxxl.de\/markt\/produkt\/jorganic-solutions-kids-super-moisturizing-hydrating-healthy-hair-growth-set\/#breadcrumb","itemListElement":[{"@type":"ListItem","position":1,"name":"Startseite","item":"https:\/\/marktxxl.de\/markt\/"},{"@type":"ListItem","position":2,"name":"Markt","item":"https:\/\/marktxxl.de\/markt\/"},{"@type":"ListItem","position":3,"name":"J&#8217;Organic Solutions Kids Super Moisturizing, Hydrating healthy hair Growth set"}]},{"@type":"WebSite","@id":"https:\/\/marktxxl.de\/markt\/#website","url":"https:\/\/marktxxl.de\/markt\/","name":"Markt-XXL","description":"Ihr Markt Online","publisher":{"@id":"https:\/\/marktxxl.de\/markt\/#organization"},"potentialAction":[{"@type":"SearchAction","target":{"@type":"EntryPoint","urlTemplate":"https:\/\/marktxxl.de\/markt\/?s={search_term_string}"},"query-input":{"@type":"PropertyValueSpecification","valueRequired":true,"valueName":"search_term_string"}}],"inLanguage":"de"},{"@type":"Organization","@id":"https:\/\/marktxxl.de\/markt\/#organization","name":"Markt-XXL","url":"https:\/\/marktxxl.de\/markt\/","logo":{"@type":"ImageObject","inLanguage":"de","@id":"https:\/\/marktxxl.de\/markt\/#\/schema\/logo\/image\/","url":"https:\/\/marktxxl.de\/markt\/wp-content\/uploads\/sites\/3\/2020\/12\/logo.png","contentUrl":"https:\/\/marktxxl.de\/markt\/wp-content\/uploads\/sites\/3\/2020\/12\/logo.png","width":200,"height":70,"caption":"Markt-XXL"},"image":{"@id":"https:\/\/marktxxl.de\/markt\/#\/schema\/logo\/image\/"}}]}},"_links":{"self":[{"href":"https:\/\/marktxxl.de\/markt\/wp-json\/wp\/v2\/product\/135275","targetHints":{"allow":["GET"]}}],"collection":[{"href":"https:\/\/marktxxl.de\/markt\/wp-json\/wp\/v2\/product"}],"about":[{"href":"https:\/\/marktxxl.de\/markt\/wp-json\/wp\/v2\/types\/product"}],"replies":[{"embeddable":true,"href":"https:\/\/marktxxl.de\/markt\/wp-json\/wp\/v2\/comments?post=135275"}],"wp:featuredmedia":[{"embeddable":true,"href":"https:\/\/marktxxl.de\/markt\/wp-json\/wp\/v2\/media\/135276"}],"wp:attachment":[{"href":"https:\/\/marktxxl.de\/markt\/wp-json\/wp\/v2\/media?parent=135275"}],"wp:term":[{"taxonomy":"product_brand","embeddable":true,"href":"https:\/\/marktxxl.de\/markt\/wp-json\/wp\/v2\/product_brand?post=135275"},{"taxonomy":"product_cat","embeddable":true,"href":"https:\/\/marktxxl.de\/markt\/wp-json\/wp\/v2\/product_cat?post=135275"},{"taxonomy":"product_tag","embeddable":true,"href":"https:\/\/marktxxl.de\/markt\/wp-json\/wp\/v2\/product_tag?post=135275"}],"curies":[{"name":"wp","href":"https:\/\/api.w.org\/{rel}","templated":true}]}}