{"id":135217,"date":"2022-07-14T00:41:33","date_gmt":"2022-07-13T22:41:33","guid":{"rendered":"https:\/\/marktxxl.de\/markt\/produkt\/lindt-lindt-lindor-1kg_variation2\/"},"modified":"2023-04-11T04:10:19","modified_gmt":"2023-04-11T02:10:19","slug":"lindt-lindt-lindor-1kg_variation2","status":"publish","type":"product","link":"https:\/\/marktxxl.de\/markt\/produkt\/lindt-lindt-lindor-1kg_variation2\/","title":{"rendered":"Lindt Lindt Lindor 1kg_Variation2"},"content":{"rendered":"<p>Keine Angst vor gro\u00dfer Menge: Mit ca. 80 LINDOR-Kugeln unvergleichliche Genussmomente erleben<br \/>\nLindt LINDOR Schokoladenkugeln Klassische Mischung \u2013 die zartschmelzende S\u00fc\u00dfigkeit im 1 kg Vorratsbeutel<br \/>\nInhalt: 20 x Milch, 20 Dunkel 60%, 20 x Haselnuss, 20 x Wei\u00df LINDOR Kugeln<br \/>\n\u00dcber 175 Jahre Schweizer Schokoladenexpertise, die Basis unseres Tuns: Seit 1845 verw\u00f6hnt Lindt Kundinnen &amp; Kunden mit Qualit\u00e4tsprodukten<br \/>\nDank jahrzehntelanger Erfahrung kreieren die Ma\u00eetres Chocolatiers Schweizer Schokolade in Perfektion und aus feinsten Zutaten, darunter Kakaobohnen aus nachhaltigem Anbau<br \/>\nDie LINDOR Schokoladenkugeln in der preiswerten Vorratspackung eignen sich f\u00fcr jeden Anlass als pers\u00f6nliches Schokoladen Geschenk. Sie k\u00f6nnen wunderbar mit den Liebsten geteilt, zum saisonalen Bef\u00fcllen von Osternestern oder Adventskalendern genutzt werden und sind wunderbar zum Dekorieren \u2013 zum Beispiel auf Festen \u2013 geeignet<br \/>\nVerf\u00fcgbare Geschmacksrichtungen: Milch, Wei\u00df, Feinherb, Extra Dunkel, Haselnuss, Salted Caramel, Double Chocolate, Pistazie, Milchcr\u00e8me, Caramel, Cocos, Stracciatella, Erdbeere-Sahne, Minze-Milch, Orange-Milch und drei unterschiedliche Mischungen (Klassiker, Milch und Dunkel)<br \/>\n<div class=\"main-cross-sell\" data-asin=\"B0B42K9F4F\">\n\n\t<div class=\"WooZone-cross-sell-loader\">\n\t\t<div>\n\t\t\t<div id=\"floatingBarsG\">\n\t\t\t\t<div class=\"blockG\" id=\"rotateG_01\"><\/div>\n\t\t\t\t<div class=\"blockG\" id=\"rotateG_02\"><\/div>\n\t\t\t\t<div class=\"blockG\" id=\"rotateG_03\"><\/div>\n\t\t\t\t<div class=\"blockG\" id=\"rotateG_04\"><\/div>\n\t\t\t\t<div class=\"blockG\" id=\"rotateG_05\"><\/div>\n\t\t\t\t<div class=\"blockG\" id=\"rotateG_06\"><\/div>\n\t\t\t\t<div class=\"blockG\" id=\"rotateG_07\"><\/div>\n\t\t\t\t<div class=\"blockG\" id=\"rotateG_08\"><\/div>\n\t\t\t<\/div>\n\t\t\t<div class=\"WooZone-cross-sell-loader-text\"><\/div>\n\t\t<\/div>\n\t<\/div>\n\n\t\t\n<\/div>\n<div style=\"clear:both;\"><\/div><\/p>\n","protected":false},"excerpt":{"rendered":"<p>Keine Angst vor gro\u00dfer Menge: Mit ca. 80 LINDOR-Kugeln unvergleichliche Genussmomente erleben<br \/>\nLindt LINDOR Schokoladenkugeln Klassische Mischung \u2013 die zartschmelzende S\u00fc\u00dfigkeit im 1 kg Vorratsbeutel<br \/>\nInhalt: 20 x Milch, 20 Dunkel 60%, 20 x Haselnuss, 20 x Wei\u00df LINDOR Kugeln<\/p>\n","protected":false},"featured_media":135218,"comment_status":"open","ping_status":"closed","template":"","meta":[],"product_brand":[],"product_cat":[2858],"product_tag":[],"class_list":{"0":"post-135217","1":"product","2":"type-product","3":"status-publish","4":"has-post-thumbnail","6":"product_cat-beauty","7":"pa_binding-lebensmittel-getraenke","8":"pa_brand-lindt","10":"first","11":"instock","12":"shipping-taxable","13":"purchasable","14":"product-type-simple","15":"customify-col","16":"product-has-gallery"},"yoast_head":"<!-- This site is optimized with the Yoast SEO plugin v27.3 - https:\/\/yoast.com\/product\/yoast-seo-wordpress\/ -->\n<title>Lindt Lindt Lindor 1kg_Variation2 - Markt-XXL<\/title>\n<meta name=\"description\" content=\"Markt-XXL Lindt Lindt Lindor 1kg_Variation2\" \/>\n<meta name=\"robots\" content=\"index, follow, max-snippet:-1, max-image-preview:large, max-video-preview:-1\" \/>\n<link rel=\"canonical\" href=\"https:\/\/marktxxl.de\/markt\/produkt\/lindt-lindt-lindor-1kg_variation2\/\" \/>\n<meta property=\"og:locale\" content=\"de_DE\" \/>\n<meta property=\"og:type\" content=\"article\" \/>\n<meta property=\"og:title\" content=\"Lindt Lindt Lindor 1kg_Variation2 - Markt-XXL\" \/>\n<meta property=\"og:description\" content=\"Markt-XXL Lindt Lindt Lindor 1kg_Variation2\" \/>\n<meta property=\"og:url\" content=\"https:\/\/marktxxl.de\/markt\/produkt\/lindt-lindt-lindor-1kg_variation2\/\" \/>\n<meta property=\"og:site_name\" content=\"Markt-XXL\" \/>\n<meta property=\"article:modified_time\" content=\"2023-04-11T02:10:19+00:00\" \/>\n<meta property=\"og:image\" content=\"https:\/\/m.media-amazon.com\/images\/I\/41IrezySOHL._SL500_.jpg\" \/>\n\t<meta property=\"og:image:width\" content=\"500\" \/>\n\t<meta property=\"og:image:height\" content=\"500\" \/>\n\t<meta property=\"og:image:type\" content=\"image\/jpeg\" \/>\n<meta name=\"twitter:card\" content=\"summary_large_image\" \/>\n<meta name=\"twitter:label1\" content=\"Gesch\u00e4tzte Lesezeit\" \/>\n\t<meta name=\"twitter:data1\" content=\"1\u00a0Minute\" \/>\n<script type=\"application\/ld+json\" class=\"yoast-schema-graph\">{\"@context\":\"https:\\\/\\\/schema.org\",\"@graph\":[{\"@type\":\"WebPage\",\"@id\":\"https:\\\/\\\/marktxxl.de\\\/markt\\\/produkt\\\/lindt-lindt-lindor-1kg_variation2\\\/\",\"url\":\"https:\\\/\\\/marktxxl.de\\\/markt\\\/produkt\\\/lindt-lindt-lindor-1kg_variation2\\\/\",\"name\":\"Lindt Lindt Lindor 1kg_Variation2 - Markt-XXL\",\"isPartOf\":{\"@id\":\"https:\\\/\\\/marktxxl.de\\\/markt\\\/#website\"},\"primaryImageOfPage\":{\"@id\":\"https:\\\/\\\/marktxxl.de\\\/markt\\\/produkt\\\/lindt-lindt-lindor-1kg_variation2\\\/#primaryimage\"},\"image\":{\"@id\":\"https:\\\/\\\/marktxxl.de\\\/markt\\\/produkt\\\/lindt-lindt-lindor-1kg_variation2\\\/#primaryimage\"},\"thumbnailUrl\":\"https:\\\/\\\/m.media-amazon.com\\\/images\\\/I\\\/41IrezySOHL._SL500_.jpg\",\"datePublished\":\"2022-07-13T22:41:33+00:00\",\"dateModified\":\"2023-04-11T02:10:19+00:00\",\"description\":\"Markt-XXL Lindt Lindt Lindor 1kg_Variation2\",\"breadcrumb\":{\"@id\":\"https:\\\/\\\/marktxxl.de\\\/markt\\\/produkt\\\/lindt-lindt-lindor-1kg_variation2\\\/#breadcrumb\"},\"inLanguage\":\"de\",\"potentialAction\":[{\"@type\":\"ReadAction\",\"target\":[\"https:\\\/\\\/marktxxl.de\\\/markt\\\/produkt\\\/lindt-lindt-lindor-1kg_variation2\\\/\"]}]},{\"@type\":\"ImageObject\",\"inLanguage\":\"de\",\"@id\":\"https:\\\/\\\/marktxxl.de\\\/markt\\\/produkt\\\/lindt-lindt-lindor-1kg_variation2\\\/#primaryimage\",\"url\":\"https:\\\/\\\/m.media-amazon.com\\\/images\\\/I\\\/41IrezySOHL._SL500_.jpg\",\"contentUrl\":\"https:\\\/\\\/m.media-amazon.com\\\/images\\\/I\\\/41IrezySOHL._SL500_.jpg\",\"width\":500,\"height\":500},{\"@type\":\"BreadcrumbList\",\"@id\":\"https:\\\/\\\/marktxxl.de\\\/markt\\\/produkt\\\/lindt-lindt-lindor-1kg_variation2\\\/#breadcrumb\",\"itemListElement\":[{\"@type\":\"ListItem\",\"position\":1,\"name\":\"Startseite\",\"item\":\"https:\\\/\\\/marktxxl.de\\\/markt\\\/\"},{\"@type\":\"ListItem\",\"position\":2,\"name\":\"Markt\",\"item\":\"https:\\\/\\\/marktxxl.de\\\/markt\\\/\"},{\"@type\":\"ListItem\",\"position\":3,\"name\":\"Lindt Lindt Lindor 1kg_Variation2\"}]},{\"@type\":\"WebSite\",\"@id\":\"https:\\\/\\\/marktxxl.de\\\/markt\\\/#website\",\"url\":\"https:\\\/\\\/marktxxl.de\\\/markt\\\/\",\"name\":\"Markt-XXL\",\"description\":\"Ihr Markt Online\",\"publisher\":{\"@id\":\"https:\\\/\\\/marktxxl.de\\\/markt\\\/#organization\"},\"potentialAction\":[{\"@type\":\"SearchAction\",\"target\":{\"@type\":\"EntryPoint\",\"urlTemplate\":\"https:\\\/\\\/marktxxl.de\\\/markt\\\/?s={search_term_string}\"},\"query-input\":{\"@type\":\"PropertyValueSpecification\",\"valueRequired\":true,\"valueName\":\"search_term_string\"}}],\"inLanguage\":\"de\"},{\"@type\":\"Organization\",\"@id\":\"https:\\\/\\\/marktxxl.de\\\/markt\\\/#organization\",\"name\":\"Markt-XXL\",\"url\":\"https:\\\/\\\/marktxxl.de\\\/markt\\\/\",\"logo\":{\"@type\":\"ImageObject\",\"inLanguage\":\"de\",\"@id\":\"https:\\\/\\\/marktxxl.de\\\/markt\\\/#\\\/schema\\\/logo\\\/image\\\/\",\"url\":\"https:\\\/\\\/marktxxl.de\\\/markt\\\/wp-content\\\/uploads\\\/sites\\\/3\\\/2020\\\/12\\\/logo.png\",\"contentUrl\":\"https:\\\/\\\/marktxxl.de\\\/markt\\\/wp-content\\\/uploads\\\/sites\\\/3\\\/2020\\\/12\\\/logo.png\",\"width\":200,\"height\":70,\"caption\":\"Markt-XXL\"},\"image\":{\"@id\":\"https:\\\/\\\/marktxxl.de\\\/markt\\\/#\\\/schema\\\/logo\\\/image\\\/\"}}]}<\/script>\n<!-- \/ Yoast SEO plugin. -->","yoast_head_json":{"title":"Lindt Lindt Lindor 1kg_Variation2 - Markt-XXL","description":"Markt-XXL Lindt Lindt Lindor 1kg_Variation2","robots":{"index":"index","follow":"follow","max-snippet":"max-snippet:-1","max-image-preview":"max-image-preview:large","max-video-preview":"max-video-preview:-1"},"canonical":"https:\/\/marktxxl.de\/markt\/produkt\/lindt-lindt-lindor-1kg_variation2\/","og_locale":"de_DE","og_type":"article","og_title":"Lindt Lindt Lindor 1kg_Variation2 - Markt-XXL","og_description":"Markt-XXL Lindt Lindt Lindor 1kg_Variation2","og_url":"https:\/\/marktxxl.de\/markt\/produkt\/lindt-lindt-lindor-1kg_variation2\/","og_site_name":"Markt-XXL","article_modified_time":"2023-04-11T02:10:19+00:00","og_image":[{"width":500,"height":500,"url":"https:\/\/m.media-amazon.com\/images\/I\/41IrezySOHL._SL500_.jpg","type":"image\/jpeg"}],"twitter_card":"summary_large_image","twitter_misc":{"Gesch\u00e4tzte Lesezeit":"1\u00a0Minute"},"schema":{"@context":"https:\/\/schema.org","@graph":[{"@type":"WebPage","@id":"https:\/\/marktxxl.de\/markt\/produkt\/lindt-lindt-lindor-1kg_variation2\/","url":"https:\/\/marktxxl.de\/markt\/produkt\/lindt-lindt-lindor-1kg_variation2\/","name":"Lindt Lindt Lindor 1kg_Variation2 - Markt-XXL","isPartOf":{"@id":"https:\/\/marktxxl.de\/markt\/#website"},"primaryImageOfPage":{"@id":"https:\/\/marktxxl.de\/markt\/produkt\/lindt-lindt-lindor-1kg_variation2\/#primaryimage"},"image":{"@id":"https:\/\/marktxxl.de\/markt\/produkt\/lindt-lindt-lindor-1kg_variation2\/#primaryimage"},"thumbnailUrl":"https:\/\/m.media-amazon.com\/images\/I\/41IrezySOHL._SL500_.jpg","datePublished":"2022-07-13T22:41:33+00:00","dateModified":"2023-04-11T02:10:19+00:00","description":"Markt-XXL Lindt Lindt Lindor 1kg_Variation2","breadcrumb":{"@id":"https:\/\/marktxxl.de\/markt\/produkt\/lindt-lindt-lindor-1kg_variation2\/#breadcrumb"},"inLanguage":"de","potentialAction":[{"@type":"ReadAction","target":["https:\/\/marktxxl.de\/markt\/produkt\/lindt-lindt-lindor-1kg_variation2\/"]}]},{"@type":"ImageObject","inLanguage":"de","@id":"https:\/\/marktxxl.de\/markt\/produkt\/lindt-lindt-lindor-1kg_variation2\/#primaryimage","url":"https:\/\/m.media-amazon.com\/images\/I\/41IrezySOHL._SL500_.jpg","contentUrl":"https:\/\/m.media-amazon.com\/images\/I\/41IrezySOHL._SL500_.jpg","width":500,"height":500},{"@type":"BreadcrumbList","@id":"https:\/\/marktxxl.de\/markt\/produkt\/lindt-lindt-lindor-1kg_variation2\/#breadcrumb","itemListElement":[{"@type":"ListItem","position":1,"name":"Startseite","item":"https:\/\/marktxxl.de\/markt\/"},{"@type":"ListItem","position":2,"name":"Markt","item":"https:\/\/marktxxl.de\/markt\/"},{"@type":"ListItem","position":3,"name":"Lindt Lindt Lindor 1kg_Variation2"}]},{"@type":"WebSite","@id":"https:\/\/marktxxl.de\/markt\/#website","url":"https:\/\/marktxxl.de\/markt\/","name":"Markt-XXL","description":"Ihr Markt Online","publisher":{"@id":"https:\/\/marktxxl.de\/markt\/#organization"},"potentialAction":[{"@type":"SearchAction","target":{"@type":"EntryPoint","urlTemplate":"https:\/\/marktxxl.de\/markt\/?s={search_term_string}"},"query-input":{"@type":"PropertyValueSpecification","valueRequired":true,"valueName":"search_term_string"}}],"inLanguage":"de"},{"@type":"Organization","@id":"https:\/\/marktxxl.de\/markt\/#organization","name":"Markt-XXL","url":"https:\/\/marktxxl.de\/markt\/","logo":{"@type":"ImageObject","inLanguage":"de","@id":"https:\/\/marktxxl.de\/markt\/#\/schema\/logo\/image\/","url":"https:\/\/marktxxl.de\/markt\/wp-content\/uploads\/sites\/3\/2020\/12\/logo.png","contentUrl":"https:\/\/marktxxl.de\/markt\/wp-content\/uploads\/sites\/3\/2020\/12\/logo.png","width":200,"height":70,"caption":"Markt-XXL"},"image":{"@id":"https:\/\/marktxxl.de\/markt\/#\/schema\/logo\/image\/"}}]}},"_links":{"self":[{"href":"https:\/\/marktxxl.de\/markt\/wp-json\/wp\/v2\/product\/135217","targetHints":{"allow":["GET"]}}],"collection":[{"href":"https:\/\/marktxxl.de\/markt\/wp-json\/wp\/v2\/product"}],"about":[{"href":"https:\/\/marktxxl.de\/markt\/wp-json\/wp\/v2\/types\/product"}],"replies":[{"embeddable":true,"href":"https:\/\/marktxxl.de\/markt\/wp-json\/wp\/v2\/comments?post=135217"}],"wp:featuredmedia":[{"embeddable":true,"href":"https:\/\/marktxxl.de\/markt\/wp-json\/wp\/v2\/media\/135218"}],"wp:attachment":[{"href":"https:\/\/marktxxl.de\/markt\/wp-json\/wp\/v2\/media?parent=135217"}],"wp:term":[{"taxonomy":"product_brand","embeddable":true,"href":"https:\/\/marktxxl.de\/markt\/wp-json\/wp\/v2\/product_brand?post=135217"},{"taxonomy":"product_cat","embeddable":true,"href":"https:\/\/marktxxl.de\/markt\/wp-json\/wp\/v2\/product_cat?post=135217"},{"taxonomy":"product_tag","embeddable":true,"href":"https:\/\/marktxxl.de\/markt\/wp-json\/wp\/v2\/product_tag?post=135217"}],"curies":[{"name":"wp","href":"https:\/\/api.w.org\/{rel}","templated":true}]}}