{"id":134888,"date":"2022-07-13T23:55:31","date_gmt":"2022-07-13T21:55:31","guid":{"rendered":"https:\/\/marktxxl.de\/markt\/produkt\/multipick-profi-schloss-spanner-tok-set-7-teilig-mit-echtleder-etui-wichtiges-elite-dietrich-set-und-lockpicking-set-zubehoer-tension-over-keyway-lock-picking-tensioner\/"},"modified":"2023-04-11T04:09:25","modified_gmt":"2023-04-11T02:09:25","slug":"multipick-profi-schloss-spanner-tok-set-7-teilig-mit-echtleder-etui-wichtiges-elite-dietrich-set-und-lockpicking-set-zubehoer-tension-over-keyway-lock-picking-tensioner","status":"publish","type":"product","link":"https:\/\/marktxxl.de\/markt\/produkt\/multipick-profi-schloss-spanner-tok-set-7-teilig-mit-echtleder-etui-wichtiges-elite-dietrich-set-und-lockpicking-set-zubehoer-tension-over-keyway-lock-picking-tensioner\/","title":{"rendered":"Multipick Profi Schloss Spanner TOK Set 7-teilig mit Echtleder Etui &#8211; Wichtiges Elite Dietrich Set und Lockpicking Set\u2026"},"content":{"rendered":"<p>7 St\u00fcck feinster Flat Tension bars und Heavy bars f\u00fcr den Lockpicking Profi aber auch f\u00fcr Anf\u00e4nger geignet<br \/>\nFeinste Verzahnung f\u00fcr eine passgenaue und spielfreie Vorspannung des Schlosskerns<br \/>\nDie sieben Spanner bestehen alle aus hochwertigstem Material und bieten durch Flexibilit\u00e4t und H\u00e4rte in sich ein sehr gutes Feedback beim Picken. Die unterschiedlichen Formen und L\u00e4ngen er\u00f6ffnen Ihnen ein breites Spektrum an \u00d6ffnungsm\u00f6glichkeiten<br \/>\nDie perfekte Erg\u00e4nzung zu unseren schon \u201elegend\u00e4ren\u201c Multipick ELITE Picks<br \/>\nTOK = &#8220;Tension Over Keyway&#8221; &#8211; Original Multipick &#8211; weltklasse made in Germany aus hochwertigstem Spezial Federstahl<br \/>\n<div class=\"main-cross-sell\" data-asin=\"B07GTR2926\">\n\n\t<div class=\"WooZone-cross-sell-loader\">\n\t\t<div>\n\t\t\t<div id=\"floatingBarsG\">\n\t\t\t\t<div class=\"blockG\" id=\"rotateG_01\"><\/div>\n\t\t\t\t<div class=\"blockG\" id=\"rotateG_02\"><\/div>\n\t\t\t\t<div class=\"blockG\" id=\"rotateG_03\"><\/div>\n\t\t\t\t<div class=\"blockG\" id=\"rotateG_04\"><\/div>\n\t\t\t\t<div class=\"blockG\" id=\"rotateG_05\"><\/div>\n\t\t\t\t<div class=\"blockG\" id=\"rotateG_06\"><\/div>\n\t\t\t\t<div class=\"blockG\" id=\"rotateG_07\"><\/div>\n\t\t\t\t<div class=\"blockG\" id=\"rotateG_08\"><\/div>\n\t\t\t<\/div>\n\t\t\t<div class=\"WooZone-cross-sell-loader-text\"><\/div>\n\t\t<\/div>\n\t<\/div>\n\n\t\t\n<\/div>\n<div style=\"clear:both;\"><\/div><\/p>\n","protected":false},"excerpt":{"rendered":"<p>7 St\u00fcck feinster Flat Tension bars und Heavy bars f\u00fcr den Lockpicking Profi aber auch f\u00fcr Anf\u00e4nger geignet<br \/>\nFeinste Verzahnung f\u00fcr eine passgenaue und spielfreie Vorspannung des Schlosskerns<br \/>\nDie sieben Spanner bestehen alle aus hochwertigstem Material und bieten durch Flexibilit\u00e4t und H\u00e4rte in sich ein sehr gutes Feedback beim Picken. Die unterschiedlichen Formen und L\u00e4ngen er\u00f6ffnen Ihnen ein breites Spektrum an \u00d6ffnungsm\u00f6glichkeiten<\/p>\n","protected":false},"featured_media":134889,"comment_status":"open","ping_status":"closed","template":"","meta":[],"product_brand":[],"product_cat":[1983,10970],"product_tag":[],"class_list":{"0":"post-134888","1":"product","2":"type-product","3":"status-publish","4":"has-post-thumbnail","6":"product_cat-baumarkt","7":"product_cat-elektro-handwerkzeuge","8":"pa_binding-werkzeug","9":"pa_brand-multipick","10":"pa_manufacturer-multipick","11":"pa_model-mp3sp-set-2","13":"first","14":"instock","15":"shipping-taxable","16":"purchasable","17":"product-type-simple","18":"customify-col","19":"product-has-gallery"},"yoast_head":"<!-- This site is optimized with the Yoast SEO plugin v27.4 - https:\/\/yoast.com\/product\/yoast-seo-wordpress\/ -->\n<title>Multipick Profi Schloss Spanner TOK Set 7-teilig mit Echtleder Etui - Wichtiges Elite Dietrich Set und Lockpicking Set\u2026 - Markt-XXL<\/title>\n<meta name=\"description\" content=\"Markt-XXL Multipick Profi Schloss Spanner TOK Set 7-teilig mit Echtleder Etui - Wichtiges Elite Dietrich Set und Lockpicking Set\u2026\" \/>\n<meta name=\"robots\" content=\"index, follow, max-snippet:-1, max-image-preview:large, max-video-preview:-1\" \/>\n<link rel=\"canonical\" href=\"https:\/\/marktxxl.de\/markt\/produkt\/multipick-profi-schloss-spanner-tok-set-7-teilig-mit-echtleder-etui-wichtiges-elite-dietrich-set-und-lockpicking-set-zubehoer-tension-over-keyway-lock-picking-tensioner\/\" \/>\n<meta property=\"og:locale\" content=\"de_DE\" \/>\n<meta property=\"og:type\" content=\"article\" \/>\n<meta property=\"og:title\" content=\"Multipick Profi Schloss Spanner TOK Set 7-teilig mit Echtleder Etui - Wichtiges Elite Dietrich Set und Lockpicking Set\u2026 - Markt-XXL\" \/>\n<meta property=\"og:description\" content=\"Markt-XXL Multipick Profi Schloss Spanner TOK Set 7-teilig mit Echtleder Etui - Wichtiges Elite Dietrich Set und Lockpicking Set\u2026\" \/>\n<meta property=\"og:url\" content=\"https:\/\/marktxxl.de\/markt\/produkt\/multipick-profi-schloss-spanner-tok-set-7-teilig-mit-echtleder-etui-wichtiges-elite-dietrich-set-und-lockpicking-set-zubehoer-tension-over-keyway-lock-picking-tensioner\/\" \/>\n<meta property=\"og:site_name\" content=\"Markt-XXL\" \/>\n<meta property=\"article:modified_time\" content=\"2023-04-11T02:09:25+00:00\" \/>\n<meta property=\"og:image\" content=\"https:\/\/m.media-amazon.com\/images\/I\/313+hN6JPIL._SL500_.jpg\" \/>\n\t<meta property=\"og:image:width\" content=\"500\" \/>\n\t<meta property=\"og:image:height\" content=\"333\" \/>\n\t<meta property=\"og:image:type\" content=\"image\/jpeg\" \/>\n<meta name=\"twitter:card\" content=\"summary_large_image\" \/>\n<meta name=\"twitter:label1\" content=\"Gesch\u00e4tzte Lesezeit\" \/>\n\t<meta name=\"twitter:data1\" content=\"1\u00a0Minute\" \/>\n<script type=\"application\/ld+json\" class=\"yoast-schema-graph\">{\"@context\":\"https:\\\/\\\/schema.org\",\"@graph\":[{\"@type\":\"WebPage\",\"@id\":\"https:\\\/\\\/marktxxl.de\\\/markt\\\/produkt\\\/multipick-profi-schloss-spanner-tok-set-7-teilig-mit-echtleder-etui-wichtiges-elite-dietrich-set-und-lockpicking-set-zubehoer-tension-over-keyway-lock-picking-tensioner\\\/\",\"url\":\"https:\\\/\\\/marktxxl.de\\\/markt\\\/produkt\\\/multipick-profi-schloss-spanner-tok-set-7-teilig-mit-echtleder-etui-wichtiges-elite-dietrich-set-und-lockpicking-set-zubehoer-tension-over-keyway-lock-picking-tensioner\\\/\",\"name\":\"Multipick Profi Schloss Spanner TOK Set 7-teilig mit Echtleder Etui - Wichtiges Elite Dietrich Set und Lockpicking Set\u2026 - Markt-XXL\",\"isPartOf\":{\"@id\":\"https:\\\/\\\/marktxxl.de\\\/markt\\\/#website\"},\"primaryImageOfPage\":{\"@id\":\"https:\\\/\\\/marktxxl.de\\\/markt\\\/produkt\\\/multipick-profi-schloss-spanner-tok-set-7-teilig-mit-echtleder-etui-wichtiges-elite-dietrich-set-und-lockpicking-set-zubehoer-tension-over-keyway-lock-picking-tensioner\\\/#primaryimage\"},\"image\":{\"@id\":\"https:\\\/\\\/marktxxl.de\\\/markt\\\/produkt\\\/multipick-profi-schloss-spanner-tok-set-7-teilig-mit-echtleder-etui-wichtiges-elite-dietrich-set-und-lockpicking-set-zubehoer-tension-over-keyway-lock-picking-tensioner\\\/#primaryimage\"},\"thumbnailUrl\":\"https:\\\/\\\/m.media-amazon.com\\\/images\\\/I\\\/313+hN6JPIL._SL500_.jpg\",\"datePublished\":\"2022-07-13T21:55:31+00:00\",\"dateModified\":\"2023-04-11T02:09:25+00:00\",\"description\":\"Markt-XXL Multipick Profi Schloss Spanner TOK Set 7-teilig mit Echtleder Etui - Wichtiges Elite Dietrich Set und Lockpicking Set\u2026\",\"breadcrumb\":{\"@id\":\"https:\\\/\\\/marktxxl.de\\\/markt\\\/produkt\\\/multipick-profi-schloss-spanner-tok-set-7-teilig-mit-echtleder-etui-wichtiges-elite-dietrich-set-und-lockpicking-set-zubehoer-tension-over-keyway-lock-picking-tensioner\\\/#breadcrumb\"},\"inLanguage\":\"de\",\"potentialAction\":[{\"@type\":\"ReadAction\",\"target\":[\"https:\\\/\\\/marktxxl.de\\\/markt\\\/produkt\\\/multipick-profi-schloss-spanner-tok-set-7-teilig-mit-echtleder-etui-wichtiges-elite-dietrich-set-und-lockpicking-set-zubehoer-tension-over-keyway-lock-picking-tensioner\\\/\"]}]},{\"@type\":\"ImageObject\",\"inLanguage\":\"de\",\"@id\":\"https:\\\/\\\/marktxxl.de\\\/markt\\\/produkt\\\/multipick-profi-schloss-spanner-tok-set-7-teilig-mit-echtleder-etui-wichtiges-elite-dietrich-set-und-lockpicking-set-zubehoer-tension-over-keyway-lock-picking-tensioner\\\/#primaryimage\",\"url\":\"https:\\\/\\\/m.media-amazon.com\\\/images\\\/I\\\/313+hN6JPIL._SL500_.jpg\",\"contentUrl\":\"https:\\\/\\\/m.media-amazon.com\\\/images\\\/I\\\/313+hN6JPIL._SL500_.jpg\",\"width\":500,\"height\":333},{\"@type\":\"BreadcrumbList\",\"@id\":\"https:\\\/\\\/marktxxl.de\\\/markt\\\/produkt\\\/multipick-profi-schloss-spanner-tok-set-7-teilig-mit-echtleder-etui-wichtiges-elite-dietrich-set-und-lockpicking-set-zubehoer-tension-over-keyway-lock-picking-tensioner\\\/#breadcrumb\",\"itemListElement\":[{\"@type\":\"ListItem\",\"position\":1,\"name\":\"Startseite\",\"item\":\"https:\\\/\\\/marktxxl.de\\\/markt\\\/\"},{\"@type\":\"ListItem\",\"position\":2,\"name\":\"Markt\",\"item\":\"https:\\\/\\\/marktxxl.de\\\/markt\\\/\"},{\"@type\":\"ListItem\",\"position\":3,\"name\":\"Multipick Profi Schloss Spanner TOK Set 7-teilig mit Echtleder Etui &#8211; Wichtiges Elite Dietrich Set und Lockpicking Set\u2026\"}]},{\"@type\":\"WebSite\",\"@id\":\"https:\\\/\\\/marktxxl.de\\\/markt\\\/#website\",\"url\":\"https:\\\/\\\/marktxxl.de\\\/markt\\\/\",\"name\":\"Markt-XXL\",\"description\":\"Ihr Markt Online\",\"publisher\":{\"@id\":\"https:\\\/\\\/marktxxl.de\\\/markt\\\/#organization\"},\"potentialAction\":[{\"@type\":\"SearchAction\",\"target\":{\"@type\":\"EntryPoint\",\"urlTemplate\":\"https:\\\/\\\/marktxxl.de\\\/markt\\\/?s={search_term_string}\"},\"query-input\":{\"@type\":\"PropertyValueSpecification\",\"valueRequired\":true,\"valueName\":\"search_term_string\"}}],\"inLanguage\":\"de\"},{\"@type\":\"Organization\",\"@id\":\"https:\\\/\\\/marktxxl.de\\\/markt\\\/#organization\",\"name\":\"Markt-XXL\",\"url\":\"https:\\\/\\\/marktxxl.de\\\/markt\\\/\",\"logo\":{\"@type\":\"ImageObject\",\"inLanguage\":\"de\",\"@id\":\"https:\\\/\\\/marktxxl.de\\\/markt\\\/#\\\/schema\\\/logo\\\/image\\\/\",\"url\":\"https:\\\/\\\/marktxxl.de\\\/markt\\\/wp-content\\\/uploads\\\/sites\\\/3\\\/2020\\\/12\\\/logo.png\",\"contentUrl\":\"https:\\\/\\\/marktxxl.de\\\/markt\\\/wp-content\\\/uploads\\\/sites\\\/3\\\/2020\\\/12\\\/logo.png\",\"width\":200,\"height\":70,\"caption\":\"Markt-XXL\"},\"image\":{\"@id\":\"https:\\\/\\\/marktxxl.de\\\/markt\\\/#\\\/schema\\\/logo\\\/image\\\/\"}}]}<\/script>\n<!-- \/ Yoast SEO plugin. -->","yoast_head_json":{"title":"Multipick Profi Schloss Spanner TOK Set 7-teilig mit Echtleder Etui - Wichtiges Elite Dietrich Set und Lockpicking Set\u2026 - Markt-XXL","description":"Markt-XXL Multipick Profi Schloss Spanner TOK Set 7-teilig mit Echtleder Etui - Wichtiges Elite Dietrich Set und Lockpicking Set\u2026","robots":{"index":"index","follow":"follow","max-snippet":"max-snippet:-1","max-image-preview":"max-image-preview:large","max-video-preview":"max-video-preview:-1"},"canonical":"https:\/\/marktxxl.de\/markt\/produkt\/multipick-profi-schloss-spanner-tok-set-7-teilig-mit-echtleder-etui-wichtiges-elite-dietrich-set-und-lockpicking-set-zubehoer-tension-over-keyway-lock-picking-tensioner\/","og_locale":"de_DE","og_type":"article","og_title":"Multipick Profi Schloss Spanner TOK Set 7-teilig mit Echtleder Etui - Wichtiges Elite Dietrich Set und Lockpicking Set\u2026 - Markt-XXL","og_description":"Markt-XXL Multipick Profi Schloss Spanner TOK Set 7-teilig mit Echtleder Etui - Wichtiges Elite Dietrich Set und Lockpicking Set\u2026","og_url":"https:\/\/marktxxl.de\/markt\/produkt\/multipick-profi-schloss-spanner-tok-set-7-teilig-mit-echtleder-etui-wichtiges-elite-dietrich-set-und-lockpicking-set-zubehoer-tension-over-keyway-lock-picking-tensioner\/","og_site_name":"Markt-XXL","article_modified_time":"2023-04-11T02:09:25+00:00","og_image":[{"width":500,"height":333,"url":"https:\/\/m.media-amazon.com\/images\/I\/313+hN6JPIL._SL500_.jpg","type":"image\/jpeg"}],"twitter_card":"summary_large_image","twitter_misc":{"Gesch\u00e4tzte Lesezeit":"1\u00a0Minute"},"schema":{"@context":"https:\/\/schema.org","@graph":[{"@type":"WebPage","@id":"https:\/\/marktxxl.de\/markt\/produkt\/multipick-profi-schloss-spanner-tok-set-7-teilig-mit-echtleder-etui-wichtiges-elite-dietrich-set-und-lockpicking-set-zubehoer-tension-over-keyway-lock-picking-tensioner\/","url":"https:\/\/marktxxl.de\/markt\/produkt\/multipick-profi-schloss-spanner-tok-set-7-teilig-mit-echtleder-etui-wichtiges-elite-dietrich-set-und-lockpicking-set-zubehoer-tension-over-keyway-lock-picking-tensioner\/","name":"Multipick Profi Schloss Spanner TOK Set 7-teilig mit Echtleder Etui - Wichtiges Elite Dietrich Set und Lockpicking Set\u2026 - Markt-XXL","isPartOf":{"@id":"https:\/\/marktxxl.de\/markt\/#website"},"primaryImageOfPage":{"@id":"https:\/\/marktxxl.de\/markt\/produkt\/multipick-profi-schloss-spanner-tok-set-7-teilig-mit-echtleder-etui-wichtiges-elite-dietrich-set-und-lockpicking-set-zubehoer-tension-over-keyway-lock-picking-tensioner\/#primaryimage"},"image":{"@id":"https:\/\/marktxxl.de\/markt\/produkt\/multipick-profi-schloss-spanner-tok-set-7-teilig-mit-echtleder-etui-wichtiges-elite-dietrich-set-und-lockpicking-set-zubehoer-tension-over-keyway-lock-picking-tensioner\/#primaryimage"},"thumbnailUrl":"https:\/\/m.media-amazon.com\/images\/I\/313+hN6JPIL._SL500_.jpg","datePublished":"2022-07-13T21:55:31+00:00","dateModified":"2023-04-11T02:09:25+00:00","description":"Markt-XXL Multipick Profi Schloss Spanner TOK Set 7-teilig mit Echtleder Etui - Wichtiges Elite Dietrich Set und Lockpicking Set\u2026","breadcrumb":{"@id":"https:\/\/marktxxl.de\/markt\/produkt\/multipick-profi-schloss-spanner-tok-set-7-teilig-mit-echtleder-etui-wichtiges-elite-dietrich-set-und-lockpicking-set-zubehoer-tension-over-keyway-lock-picking-tensioner\/#breadcrumb"},"inLanguage":"de","potentialAction":[{"@type":"ReadAction","target":["https:\/\/marktxxl.de\/markt\/produkt\/multipick-profi-schloss-spanner-tok-set-7-teilig-mit-echtleder-etui-wichtiges-elite-dietrich-set-und-lockpicking-set-zubehoer-tension-over-keyway-lock-picking-tensioner\/"]}]},{"@type":"ImageObject","inLanguage":"de","@id":"https:\/\/marktxxl.de\/markt\/produkt\/multipick-profi-schloss-spanner-tok-set-7-teilig-mit-echtleder-etui-wichtiges-elite-dietrich-set-und-lockpicking-set-zubehoer-tension-over-keyway-lock-picking-tensioner\/#primaryimage","url":"https:\/\/m.media-amazon.com\/images\/I\/313+hN6JPIL._SL500_.jpg","contentUrl":"https:\/\/m.media-amazon.com\/images\/I\/313+hN6JPIL._SL500_.jpg","width":500,"height":333},{"@type":"BreadcrumbList","@id":"https:\/\/marktxxl.de\/markt\/produkt\/multipick-profi-schloss-spanner-tok-set-7-teilig-mit-echtleder-etui-wichtiges-elite-dietrich-set-und-lockpicking-set-zubehoer-tension-over-keyway-lock-picking-tensioner\/#breadcrumb","itemListElement":[{"@type":"ListItem","position":1,"name":"Startseite","item":"https:\/\/marktxxl.de\/markt\/"},{"@type":"ListItem","position":2,"name":"Markt","item":"https:\/\/marktxxl.de\/markt\/"},{"@type":"ListItem","position":3,"name":"Multipick Profi Schloss Spanner TOK Set 7-teilig mit Echtleder Etui &#8211; Wichtiges Elite Dietrich Set und Lockpicking Set\u2026"}]},{"@type":"WebSite","@id":"https:\/\/marktxxl.de\/markt\/#website","url":"https:\/\/marktxxl.de\/markt\/","name":"Markt-XXL","description":"Ihr Markt Online","publisher":{"@id":"https:\/\/marktxxl.de\/markt\/#organization"},"potentialAction":[{"@type":"SearchAction","target":{"@type":"EntryPoint","urlTemplate":"https:\/\/marktxxl.de\/markt\/?s={search_term_string}"},"query-input":{"@type":"PropertyValueSpecification","valueRequired":true,"valueName":"search_term_string"}}],"inLanguage":"de"},{"@type":"Organization","@id":"https:\/\/marktxxl.de\/markt\/#organization","name":"Markt-XXL","url":"https:\/\/marktxxl.de\/markt\/","logo":{"@type":"ImageObject","inLanguage":"de","@id":"https:\/\/marktxxl.de\/markt\/#\/schema\/logo\/image\/","url":"https:\/\/marktxxl.de\/markt\/wp-content\/uploads\/sites\/3\/2020\/12\/logo.png","contentUrl":"https:\/\/marktxxl.de\/markt\/wp-content\/uploads\/sites\/3\/2020\/12\/logo.png","width":200,"height":70,"caption":"Markt-XXL"},"image":{"@id":"https:\/\/marktxxl.de\/markt\/#\/schema\/logo\/image\/"}}]}},"_links":{"self":[{"href":"https:\/\/marktxxl.de\/markt\/wp-json\/wp\/v2\/product\/134888","targetHints":{"allow":["GET"]}}],"collection":[{"href":"https:\/\/marktxxl.de\/markt\/wp-json\/wp\/v2\/product"}],"about":[{"href":"https:\/\/marktxxl.de\/markt\/wp-json\/wp\/v2\/types\/product"}],"replies":[{"embeddable":true,"href":"https:\/\/marktxxl.de\/markt\/wp-json\/wp\/v2\/comments?post=134888"}],"wp:featuredmedia":[{"embeddable":true,"href":"https:\/\/marktxxl.de\/markt\/wp-json\/wp\/v2\/media\/134889"}],"wp:attachment":[{"href":"https:\/\/marktxxl.de\/markt\/wp-json\/wp\/v2\/media?parent=134888"}],"wp:term":[{"taxonomy":"product_brand","embeddable":true,"href":"https:\/\/marktxxl.de\/markt\/wp-json\/wp\/v2\/product_brand?post=134888"},{"taxonomy":"product_cat","embeddable":true,"href":"https:\/\/marktxxl.de\/markt\/wp-json\/wp\/v2\/product_cat?post=134888"},{"taxonomy":"product_tag","embeddable":true,"href":"https:\/\/marktxxl.de\/markt\/wp-json\/wp\/v2\/product_tag?post=134888"}],"curies":[{"name":"wp","href":"https:\/\/api.w.org\/{rel}","templated":true}]}}