{"id":134827,"date":"2022-07-13T23:36:37","date_gmt":"2022-07-13T21:36:37","guid":{"rendered":"https:\/\/marktxxl.de\/markt\/produkt\/marmolux-acc-handtuchring-handtuchhalter-fuer-badezimmer-wandhalterung-hardware-einfacher-runder-handtuchhalter-sus-304-edelstahl\/"},"modified":"2023-04-11T04:09:24","modified_gmt":"2023-04-11T02:09:24","slug":"marmolux-acc-handtuchring-handtuchhalter-fuer-badezimmer-wandhalterung-hardware-einfacher-runder-handtuchhalter-sus-304-edelstahl","status":"publish","type":"product","link":"https:\/\/marktxxl.de\/markt\/produkt\/marmolux-acc-handtuchring-handtuchhalter-fuer-badezimmer-wandhalterung-hardware-einfacher-runder-handtuchhalter-sus-304-edelstahl\/","title":{"rendered":"Marmolux Acc &#8211; Chrom Handtuchring | Handtuchhalter f\u00fcr Badezimmer | Handtuchhalter Wandmontierte Badezimmer-Hardware\u2026"},"content":{"rendered":"<p>Diese Handtuchhalter sind aus hochwertigem Edelstahl SUS304, der verhindert, dass der Handtuchring korrosion und rostet. Mit gesundem Material sind diese Handtuchhalter sicher f\u00fcr empfindliche Haut.<br \/>\nMinimalistischer Stil mit eleganter und gro\u00dfz\u00fcgiger Optik, der Handtuchhalter hat eine attraktive mattschwarze Optik und rundes Design, das f\u00fcr verschiedene Dekorationsstile geeignet ist. Glatte Kanten des Handtuchhalters sch\u00fctzen Ihren K\u00f6rper vor Kratzern und sind sicher f\u00fcr Kinder zu verwenden.<br \/>\nTemperaturbest\u00e4ndigkeit, Korrosionsschutz, Abriebfestigkeit. Im Gegensatz zu anderen Handtuchaufh\u00e4ngern ist die matte schwarze Oberfl\u00e4che gegen Wasserflecken und Fingerabdr\u00fccke resistent. Langlebiger und sieht immer wie neu aus.<br \/>\nDer stabile Handtuchring l\u00e4sst genug Platz f\u00fcr feuchte Handt\u00fccher, um schnell zu trocknen, anstatt viel Platz zu nehmen. Diese Handtuchringe sind ideal f\u00fcr Bad, Schlafzimmer, G\u00e4stezimmer, K\u00fcche usw. Machen Sie Ihren Wohnraum einfacher und modern.<br \/>\nEinfache Montage an der Wand mit komplettem Zubeh\u00f6r im Lieferumfang enthalten. Folgen Sie den Anweisungen und Sie k\u00f6nnen Ihren Handtuchring schnell installieren. Qualit\u00e4tssicherung, diese runden Handtuchhalter bieten Hersteller-Garantie.<br \/>\n<div class=\"main-cross-sell\" data-asin=\"B084KRCZXR\">\n\n\t<div class=\"WooZone-cross-sell-loader\">\n\t\t<div>\n\t\t\t<div id=\"floatingBarsG\">\n\t\t\t\t<div class=\"blockG\" id=\"rotateG_01\"><\/div>\n\t\t\t\t<div class=\"blockG\" id=\"rotateG_02\"><\/div>\n\t\t\t\t<div class=\"blockG\" id=\"rotateG_03\"><\/div>\n\t\t\t\t<div class=\"blockG\" id=\"rotateG_04\"><\/div>\n\t\t\t\t<div class=\"blockG\" id=\"rotateG_05\"><\/div>\n\t\t\t\t<div class=\"blockG\" id=\"rotateG_06\"><\/div>\n\t\t\t\t<div class=\"blockG\" id=\"rotateG_07\"><\/div>\n\t\t\t\t<div class=\"blockG\" id=\"rotateG_08\"><\/div>\n\t\t\t<\/div>\n\t\t\t<div class=\"WooZone-cross-sell-loader-text\"><\/div>\n\t\t<\/div>\n\t<\/div>\n\n\t\t\n<\/div>\n<div style=\"clear:both;\"><\/div><\/p>\n","protected":false},"excerpt":{"rendered":"<p>Diese Handtuchhalter sind aus hochwertigem Edelstahl SUS304, der verhindert, dass der Handtuchring korrosion und rostet. Mit gesundem Material sind diese Handtuchhalter sicher f\u00fcr empfindliche Haut.<br \/>\nMinimalistischer Stil mit eleganter und gro\u00dfz\u00fcgiger Optik, der Handtuchhalter hat eine attraktive mattschwarze Optik und rundes Design, das f\u00fcr verschiedene Dekorationsstile geeignet ist. Glatte Kanten des Handtuchhalters sch\u00fctzen Ihren K\u00f6rper vor Kratzern und sind sicher f\u00fcr Kinder zu verwenden.<br \/>\nTemperaturbest\u00e4ndigkeit, Korrosionsschutz, Abriebfestigkeit. Im Gegensatz zu anderen Handtuchaufh\u00e4ngern ist die matte schwarze Oberfl\u00e4che gegen Wasserflecken und Fingerabdr\u00fccke resistent. Langlebiger und sieht immer wie neu aus.<\/p>\n","protected":false},"featured_media":134828,"comment_status":"open","ping_status":"closed","template":"","meta":[],"product_brand":[],"product_cat":[1983,10865],"product_tag":[],"class_list":{"0":"post-134827","1":"product","2":"type-product","3":"status-publish","4":"has-post-thumbnail","6":"product_cat-baumarkt","7":"product_cat-eisenwaren","8":"pa_brand-marmolux-acc","9":"pa_manufacturer-marmolux-acc","11":"first","12":"instock","13":"shipping-taxable","14":"purchasable","15":"product-type-simple","16":"customify-col","17":"product-has-gallery"},"yoast_head":"<!-- This site is optimized with the Yoast SEO plugin v27.4 - https:\/\/yoast.com\/product\/yoast-seo-wordpress\/ -->\n<title>Marmolux Acc - Chrom Handtuchring | Handtuchhalter f\u00fcr Badezimmer | Handtuchhalter Wandmontierte Badezimmer-Hardware\u2026 - Markt-XXL<\/title>\n<meta name=\"description\" content=\"Markt-XXL Marmolux Acc - Chrom Handtuchring | Handtuchhalter f\u00fcr Badezimmer | Handtuchhalter Wandmontierte Badezimmer-Hardware\u2026\" \/>\n<meta name=\"robots\" content=\"index, follow, max-snippet:-1, max-image-preview:large, max-video-preview:-1\" \/>\n<link rel=\"canonical\" href=\"https:\/\/marktxxl.de\/markt\/produkt\/marmolux-acc-handtuchring-handtuchhalter-fuer-badezimmer-wandhalterung-hardware-einfacher-runder-handtuchhalter-sus-304-edelstahl\/\" \/>\n<meta property=\"og:locale\" content=\"de_DE\" \/>\n<meta property=\"og:type\" content=\"article\" \/>\n<meta property=\"og:title\" content=\"Marmolux Acc - Chrom Handtuchring | Handtuchhalter f\u00fcr Badezimmer | Handtuchhalter Wandmontierte Badezimmer-Hardware\u2026 - Markt-XXL\" \/>\n<meta property=\"og:description\" content=\"Markt-XXL Marmolux Acc - Chrom Handtuchring | Handtuchhalter f\u00fcr Badezimmer | Handtuchhalter Wandmontierte Badezimmer-Hardware\u2026\" \/>\n<meta property=\"og:url\" content=\"https:\/\/marktxxl.de\/markt\/produkt\/marmolux-acc-handtuchring-handtuchhalter-fuer-badezimmer-wandhalterung-hardware-einfacher-runder-handtuchhalter-sus-304-edelstahl\/\" \/>\n<meta property=\"og:site_name\" content=\"Markt-XXL\" \/>\n<meta property=\"article:modified_time\" content=\"2023-04-11T02:09:24+00:00\" \/>\n<meta property=\"og:image\" content=\"https:\/\/m.media-amazon.com\/images\/I\/41MRulNdoBL._SL500_.jpg\" \/>\n\t<meta property=\"og:image:width\" content=\"500\" \/>\n\t<meta property=\"og:image:height\" content=\"500\" \/>\n\t<meta property=\"og:image:type\" content=\"image\/jpeg\" \/>\n<meta name=\"twitter:card\" content=\"summary_large_image\" \/>\n<meta name=\"twitter:label1\" content=\"Gesch\u00e4tzte Lesezeit\" \/>\n\t<meta name=\"twitter:data1\" content=\"1\u00a0Minute\" \/>\n<script type=\"application\/ld+json\" class=\"yoast-schema-graph\">{\"@context\":\"https:\\\/\\\/schema.org\",\"@graph\":[{\"@type\":\"WebPage\",\"@id\":\"https:\\\/\\\/marktxxl.de\\\/markt\\\/produkt\\\/marmolux-acc-handtuchring-handtuchhalter-fuer-badezimmer-wandhalterung-hardware-einfacher-runder-handtuchhalter-sus-304-edelstahl\\\/\",\"url\":\"https:\\\/\\\/marktxxl.de\\\/markt\\\/produkt\\\/marmolux-acc-handtuchring-handtuchhalter-fuer-badezimmer-wandhalterung-hardware-einfacher-runder-handtuchhalter-sus-304-edelstahl\\\/\",\"name\":\"Marmolux Acc - Chrom Handtuchring | Handtuchhalter f\u00fcr Badezimmer | Handtuchhalter Wandmontierte Badezimmer-Hardware\u2026 - Markt-XXL\",\"isPartOf\":{\"@id\":\"https:\\\/\\\/marktxxl.de\\\/markt\\\/#website\"},\"primaryImageOfPage\":{\"@id\":\"https:\\\/\\\/marktxxl.de\\\/markt\\\/produkt\\\/marmolux-acc-handtuchring-handtuchhalter-fuer-badezimmer-wandhalterung-hardware-einfacher-runder-handtuchhalter-sus-304-edelstahl\\\/#primaryimage\"},\"image\":{\"@id\":\"https:\\\/\\\/marktxxl.de\\\/markt\\\/produkt\\\/marmolux-acc-handtuchring-handtuchhalter-fuer-badezimmer-wandhalterung-hardware-einfacher-runder-handtuchhalter-sus-304-edelstahl\\\/#primaryimage\"},\"thumbnailUrl\":\"https:\\\/\\\/m.media-amazon.com\\\/images\\\/I\\\/41MRulNdoBL._SL500_.jpg\",\"datePublished\":\"2022-07-13T21:36:37+00:00\",\"dateModified\":\"2023-04-11T02:09:24+00:00\",\"description\":\"Markt-XXL Marmolux Acc - Chrom Handtuchring | Handtuchhalter f\u00fcr Badezimmer | Handtuchhalter Wandmontierte Badezimmer-Hardware\u2026\",\"breadcrumb\":{\"@id\":\"https:\\\/\\\/marktxxl.de\\\/markt\\\/produkt\\\/marmolux-acc-handtuchring-handtuchhalter-fuer-badezimmer-wandhalterung-hardware-einfacher-runder-handtuchhalter-sus-304-edelstahl\\\/#breadcrumb\"},\"inLanguage\":\"de\",\"potentialAction\":[{\"@type\":\"ReadAction\",\"target\":[\"https:\\\/\\\/marktxxl.de\\\/markt\\\/produkt\\\/marmolux-acc-handtuchring-handtuchhalter-fuer-badezimmer-wandhalterung-hardware-einfacher-runder-handtuchhalter-sus-304-edelstahl\\\/\"]}]},{\"@type\":\"ImageObject\",\"inLanguage\":\"de\",\"@id\":\"https:\\\/\\\/marktxxl.de\\\/markt\\\/produkt\\\/marmolux-acc-handtuchring-handtuchhalter-fuer-badezimmer-wandhalterung-hardware-einfacher-runder-handtuchhalter-sus-304-edelstahl\\\/#primaryimage\",\"url\":\"https:\\\/\\\/m.media-amazon.com\\\/images\\\/I\\\/41MRulNdoBL._SL500_.jpg\",\"contentUrl\":\"https:\\\/\\\/m.media-amazon.com\\\/images\\\/I\\\/41MRulNdoBL._SL500_.jpg\",\"width\":500,\"height\":500},{\"@type\":\"BreadcrumbList\",\"@id\":\"https:\\\/\\\/marktxxl.de\\\/markt\\\/produkt\\\/marmolux-acc-handtuchring-handtuchhalter-fuer-badezimmer-wandhalterung-hardware-einfacher-runder-handtuchhalter-sus-304-edelstahl\\\/#breadcrumb\",\"itemListElement\":[{\"@type\":\"ListItem\",\"position\":1,\"name\":\"Startseite\",\"item\":\"https:\\\/\\\/marktxxl.de\\\/markt\\\/\"},{\"@type\":\"ListItem\",\"position\":2,\"name\":\"Markt\",\"item\":\"https:\\\/\\\/marktxxl.de\\\/markt\\\/\"},{\"@type\":\"ListItem\",\"position\":3,\"name\":\"Marmolux Acc &#8211; Chrom Handtuchring | Handtuchhalter f\u00fcr Badezimmer | Handtuchhalter Wandmontierte Badezimmer-Hardware\u2026\"}]},{\"@type\":\"WebSite\",\"@id\":\"https:\\\/\\\/marktxxl.de\\\/markt\\\/#website\",\"url\":\"https:\\\/\\\/marktxxl.de\\\/markt\\\/\",\"name\":\"Markt-XXL\",\"description\":\"Ihr Markt Online\",\"publisher\":{\"@id\":\"https:\\\/\\\/marktxxl.de\\\/markt\\\/#organization\"},\"potentialAction\":[{\"@type\":\"SearchAction\",\"target\":{\"@type\":\"EntryPoint\",\"urlTemplate\":\"https:\\\/\\\/marktxxl.de\\\/markt\\\/?s={search_term_string}\"},\"query-input\":{\"@type\":\"PropertyValueSpecification\",\"valueRequired\":true,\"valueName\":\"search_term_string\"}}],\"inLanguage\":\"de\"},{\"@type\":\"Organization\",\"@id\":\"https:\\\/\\\/marktxxl.de\\\/markt\\\/#organization\",\"name\":\"Markt-XXL\",\"url\":\"https:\\\/\\\/marktxxl.de\\\/markt\\\/\",\"logo\":{\"@type\":\"ImageObject\",\"inLanguage\":\"de\",\"@id\":\"https:\\\/\\\/marktxxl.de\\\/markt\\\/#\\\/schema\\\/logo\\\/image\\\/\",\"url\":\"https:\\\/\\\/marktxxl.de\\\/markt\\\/wp-content\\\/uploads\\\/sites\\\/3\\\/2020\\\/12\\\/logo.png\",\"contentUrl\":\"https:\\\/\\\/marktxxl.de\\\/markt\\\/wp-content\\\/uploads\\\/sites\\\/3\\\/2020\\\/12\\\/logo.png\",\"width\":200,\"height\":70,\"caption\":\"Markt-XXL\"},\"image\":{\"@id\":\"https:\\\/\\\/marktxxl.de\\\/markt\\\/#\\\/schema\\\/logo\\\/image\\\/\"}}]}<\/script>\n<!-- \/ Yoast SEO plugin. -->","yoast_head_json":{"title":"Marmolux Acc - Chrom Handtuchring | Handtuchhalter f\u00fcr Badezimmer | Handtuchhalter Wandmontierte Badezimmer-Hardware\u2026 - Markt-XXL","description":"Markt-XXL Marmolux Acc - Chrom Handtuchring | Handtuchhalter f\u00fcr Badezimmer | Handtuchhalter Wandmontierte Badezimmer-Hardware\u2026","robots":{"index":"index","follow":"follow","max-snippet":"max-snippet:-1","max-image-preview":"max-image-preview:large","max-video-preview":"max-video-preview:-1"},"canonical":"https:\/\/marktxxl.de\/markt\/produkt\/marmolux-acc-handtuchring-handtuchhalter-fuer-badezimmer-wandhalterung-hardware-einfacher-runder-handtuchhalter-sus-304-edelstahl\/","og_locale":"de_DE","og_type":"article","og_title":"Marmolux Acc - Chrom Handtuchring | Handtuchhalter f\u00fcr Badezimmer | Handtuchhalter Wandmontierte Badezimmer-Hardware\u2026 - Markt-XXL","og_description":"Markt-XXL Marmolux Acc - Chrom Handtuchring | Handtuchhalter f\u00fcr Badezimmer | Handtuchhalter Wandmontierte Badezimmer-Hardware\u2026","og_url":"https:\/\/marktxxl.de\/markt\/produkt\/marmolux-acc-handtuchring-handtuchhalter-fuer-badezimmer-wandhalterung-hardware-einfacher-runder-handtuchhalter-sus-304-edelstahl\/","og_site_name":"Markt-XXL","article_modified_time":"2023-04-11T02:09:24+00:00","og_image":[{"width":500,"height":500,"url":"https:\/\/m.media-amazon.com\/images\/I\/41MRulNdoBL._SL500_.jpg","type":"image\/jpeg"}],"twitter_card":"summary_large_image","twitter_misc":{"Gesch\u00e4tzte Lesezeit":"1\u00a0Minute"},"schema":{"@context":"https:\/\/schema.org","@graph":[{"@type":"WebPage","@id":"https:\/\/marktxxl.de\/markt\/produkt\/marmolux-acc-handtuchring-handtuchhalter-fuer-badezimmer-wandhalterung-hardware-einfacher-runder-handtuchhalter-sus-304-edelstahl\/","url":"https:\/\/marktxxl.de\/markt\/produkt\/marmolux-acc-handtuchring-handtuchhalter-fuer-badezimmer-wandhalterung-hardware-einfacher-runder-handtuchhalter-sus-304-edelstahl\/","name":"Marmolux Acc - Chrom Handtuchring | Handtuchhalter f\u00fcr Badezimmer | Handtuchhalter Wandmontierte Badezimmer-Hardware\u2026 - Markt-XXL","isPartOf":{"@id":"https:\/\/marktxxl.de\/markt\/#website"},"primaryImageOfPage":{"@id":"https:\/\/marktxxl.de\/markt\/produkt\/marmolux-acc-handtuchring-handtuchhalter-fuer-badezimmer-wandhalterung-hardware-einfacher-runder-handtuchhalter-sus-304-edelstahl\/#primaryimage"},"image":{"@id":"https:\/\/marktxxl.de\/markt\/produkt\/marmolux-acc-handtuchring-handtuchhalter-fuer-badezimmer-wandhalterung-hardware-einfacher-runder-handtuchhalter-sus-304-edelstahl\/#primaryimage"},"thumbnailUrl":"https:\/\/m.media-amazon.com\/images\/I\/41MRulNdoBL._SL500_.jpg","datePublished":"2022-07-13T21:36:37+00:00","dateModified":"2023-04-11T02:09:24+00:00","description":"Markt-XXL Marmolux Acc - Chrom Handtuchring | Handtuchhalter f\u00fcr Badezimmer | Handtuchhalter Wandmontierte Badezimmer-Hardware\u2026","breadcrumb":{"@id":"https:\/\/marktxxl.de\/markt\/produkt\/marmolux-acc-handtuchring-handtuchhalter-fuer-badezimmer-wandhalterung-hardware-einfacher-runder-handtuchhalter-sus-304-edelstahl\/#breadcrumb"},"inLanguage":"de","potentialAction":[{"@type":"ReadAction","target":["https:\/\/marktxxl.de\/markt\/produkt\/marmolux-acc-handtuchring-handtuchhalter-fuer-badezimmer-wandhalterung-hardware-einfacher-runder-handtuchhalter-sus-304-edelstahl\/"]}]},{"@type":"ImageObject","inLanguage":"de","@id":"https:\/\/marktxxl.de\/markt\/produkt\/marmolux-acc-handtuchring-handtuchhalter-fuer-badezimmer-wandhalterung-hardware-einfacher-runder-handtuchhalter-sus-304-edelstahl\/#primaryimage","url":"https:\/\/m.media-amazon.com\/images\/I\/41MRulNdoBL._SL500_.jpg","contentUrl":"https:\/\/m.media-amazon.com\/images\/I\/41MRulNdoBL._SL500_.jpg","width":500,"height":500},{"@type":"BreadcrumbList","@id":"https:\/\/marktxxl.de\/markt\/produkt\/marmolux-acc-handtuchring-handtuchhalter-fuer-badezimmer-wandhalterung-hardware-einfacher-runder-handtuchhalter-sus-304-edelstahl\/#breadcrumb","itemListElement":[{"@type":"ListItem","position":1,"name":"Startseite","item":"https:\/\/marktxxl.de\/markt\/"},{"@type":"ListItem","position":2,"name":"Markt","item":"https:\/\/marktxxl.de\/markt\/"},{"@type":"ListItem","position":3,"name":"Marmolux Acc &#8211; Chrom Handtuchring | Handtuchhalter f\u00fcr Badezimmer | Handtuchhalter Wandmontierte Badezimmer-Hardware\u2026"}]},{"@type":"WebSite","@id":"https:\/\/marktxxl.de\/markt\/#website","url":"https:\/\/marktxxl.de\/markt\/","name":"Markt-XXL","description":"Ihr Markt Online","publisher":{"@id":"https:\/\/marktxxl.de\/markt\/#organization"},"potentialAction":[{"@type":"SearchAction","target":{"@type":"EntryPoint","urlTemplate":"https:\/\/marktxxl.de\/markt\/?s={search_term_string}"},"query-input":{"@type":"PropertyValueSpecification","valueRequired":true,"valueName":"search_term_string"}}],"inLanguage":"de"},{"@type":"Organization","@id":"https:\/\/marktxxl.de\/markt\/#organization","name":"Markt-XXL","url":"https:\/\/marktxxl.de\/markt\/","logo":{"@type":"ImageObject","inLanguage":"de","@id":"https:\/\/marktxxl.de\/markt\/#\/schema\/logo\/image\/","url":"https:\/\/marktxxl.de\/markt\/wp-content\/uploads\/sites\/3\/2020\/12\/logo.png","contentUrl":"https:\/\/marktxxl.de\/markt\/wp-content\/uploads\/sites\/3\/2020\/12\/logo.png","width":200,"height":70,"caption":"Markt-XXL"},"image":{"@id":"https:\/\/marktxxl.de\/markt\/#\/schema\/logo\/image\/"}}]}},"_links":{"self":[{"href":"https:\/\/marktxxl.de\/markt\/wp-json\/wp\/v2\/product\/134827","targetHints":{"allow":["GET"]}}],"collection":[{"href":"https:\/\/marktxxl.de\/markt\/wp-json\/wp\/v2\/product"}],"about":[{"href":"https:\/\/marktxxl.de\/markt\/wp-json\/wp\/v2\/types\/product"}],"replies":[{"embeddable":true,"href":"https:\/\/marktxxl.de\/markt\/wp-json\/wp\/v2\/comments?post=134827"}],"wp:featuredmedia":[{"embeddable":true,"href":"https:\/\/marktxxl.de\/markt\/wp-json\/wp\/v2\/media\/134828"}],"wp:attachment":[{"href":"https:\/\/marktxxl.de\/markt\/wp-json\/wp\/v2\/media?parent=134827"}],"wp:term":[{"taxonomy":"product_brand","embeddable":true,"href":"https:\/\/marktxxl.de\/markt\/wp-json\/wp\/v2\/product_brand?post=134827"},{"taxonomy":"product_cat","embeddable":true,"href":"https:\/\/marktxxl.de\/markt\/wp-json\/wp\/v2\/product_cat?post=134827"},{"taxonomy":"product_tag","embeddable":true,"href":"https:\/\/marktxxl.de\/markt\/wp-json\/wp\/v2\/product_tag?post=134827"}],"curies":[{"name":"wp","href":"https:\/\/api.w.org\/{rel}","templated":true}]}}