{"id":134812,"date":"2022-07-13T23:36:24","date_gmt":"2022-07-13T21:36:24","guid":{"rendered":"https:\/\/marktxxl.de\/markt\/produkt\/spax-gix-b-schnellbauschrauben-39-x-30-mm-grobgewinde-1000-stueck-trompetenkopf-kreuzschlitz-h2-trockenbauschrauben-fuer-holz-unterkonstruktionen-1891170390305\/"},"modified":"2023-04-11T04:09:24","modified_gmt":"2023-04-11T02:09:24","slug":"spax-gix-b-schnellbauschrauben-39-x-30-mm-grobgewinde-1000-stueck-trompetenkopf-kreuzschlitz-h2-trockenbauschrauben-fuer-holz-unterkonstruktionen-1891170390305","status":"publish","type":"product","link":"https:\/\/marktxxl.de\/markt\/produkt\/spax-gix-b-schnellbauschrauben-39-x-30-mm-grobgewinde-1000-stueck-trompetenkopf-kreuzschlitz-h2-trockenbauschrauben-fuer-holz-unterkonstruktionen-1891170390305\/","title":{"rendered":"SPAX GIX-B Schnellbauschrauben 3,9 x 30 mm Grobgewinde, 1000 St\u00fcck, Trompetenkopf, Kreuzschlitz-H2, Trockenbauschrauben\u2026"},"content":{"rendered":"<p>Einsatz: Grobgewindeschrauben zur schnellen und sicheren Befestigung von Gipskartonplatten auf einer Holzunterkonstruktion. Geeignet f\u00fcr Vollholz oder Holzwerkstoffe ohne vorzubohren.<br \/>\nDurch das grobe Gewinde zieht sich die Trockenbauschraube besonders schnell in das massive Holz. Der Trompetenkopf sorgt f\u00fcr einen sicheren Halt und erm\u00f6glicht einen oberfl\u00e4chenb\u00fcndigen Abschluss ohne Besch\u00e4digung der Kartonschicht der Gipsplatten.<br \/>\nDie schwarze Phosphatierung bietet einen tempor\u00e4ren Korrosionsschutz und gew\u00e4hrleistet eine gute Anhaftung von Spachtelmasse. Die chemische Reaktion mit Gips und das somit m\u00f6gliche Auftreten von Rostflecken wird verhindert. Der H-Kraftangriff bietet optimale Kraft\u00fcbertragung und sicheren Halt bei der Verarbeitung.<br \/>\nDie SPAX GIX-B Gipsplattenschrauben sind und entsprechen den Anforderungen der DIN EN 14566 \u201eMechanische Befestigungsmittel f\u00fcr Gipsplattensysteme\u201c.<br \/>\nLieferumfang: 1 SPAX Box, 1000 St\u00fcck Schnellbauschraube Grobgewinde, Vollgewinde, phosphatiert, Gewindedurchmesser (\u00d8d1)= 3,9mm x Gesamtl\u00e4nge (Ls) = 30mm, Vollgewindel\u00e4nge (LgV) = 24mm, Kopfdurchmesser (\u00d8dk): 8,3mm, Bit nicht enthalten.<br \/>\n<div class=\"main-cross-sell\" data-asin=\"B0821BYCZ3\">\n\n\t<div class=\"WooZone-cross-sell-loader\">\n\t\t<div>\n\t\t\t<div id=\"floatingBarsG\">\n\t\t\t\t<div class=\"blockG\" id=\"rotateG_01\"><\/div>\n\t\t\t\t<div class=\"blockG\" id=\"rotateG_02\"><\/div>\n\t\t\t\t<div class=\"blockG\" id=\"rotateG_03\"><\/div>\n\t\t\t\t<div class=\"blockG\" id=\"rotateG_04\"><\/div>\n\t\t\t\t<div class=\"blockG\" id=\"rotateG_05\"><\/div>\n\t\t\t\t<div class=\"blockG\" id=\"rotateG_06\"><\/div>\n\t\t\t\t<div class=\"blockG\" id=\"rotateG_07\"><\/div>\n\t\t\t\t<div class=\"blockG\" id=\"rotateG_08\"><\/div>\n\t\t\t<\/div>\n\t\t\t<div class=\"WooZone-cross-sell-loader-text\"><\/div>\n\t\t<\/div>\n\t<\/div>\n\n\t\t\n<\/div>\n<div style=\"clear:both;\"><\/div><\/p>\n","protected":false},"excerpt":{"rendered":"<p>Einsatz: Grobgewindeschrauben zur schnellen und sicheren Befestigung von Gipskartonplatten auf einer Holzunterkonstruktion. Geeignet f\u00fcr Vollholz oder Holzwerkstoffe ohne vorzubohren.<br \/>\nDurch das grobe Gewinde zieht sich die Trockenbauschraube besonders schnell in das massive Holz. Der Trompetenkopf sorgt f\u00fcr einen sicheren Halt und erm\u00f6glicht einen oberfl\u00e4chenb\u00fcndigen Abschluss ohne Besch\u00e4digung der Kartonschicht der Gipsplatten.<br \/>\nDie schwarze Phosphatierung bietet einen tempor\u00e4ren Korrosionsschutz und gew\u00e4hrleistet eine gute Anhaftung von Spachtelmasse. Die chemische Reaktion mit Gips und das somit m\u00f6gliche Auftreten von Rostflecken wird verhindert. Der H-Kraftangriff bietet optimale Kraft\u00fcbertragung und sicheren Halt bei der Verarbeitung.<\/p>\n","protected":false},"featured_media":134813,"comment_status":"open","ping_status":"closed","template":"","meta":[],"product_brand":[],"product_cat":[1983,10865],"product_tag":[],"class_list":{"0":"post-134812","1":"product","2":"type-product","3":"status-publish","4":"has-post-thumbnail","6":"product_cat-baumarkt","7":"product_cat-eisenwaren","8":"pa_binding-werkzeug","9":"pa_brand-spax","10":"pa_color-schwarz","11":"pa_height-0-393700787-zoll","12":"pa_length-1-1811-zoll","13":"pa_manufacturer-spax","14":"pa_model-38088","15":"pa_width-0-393700787-zoll","17":"first","18":"instock","19":"shipping-taxable","20":"purchasable","21":"product-type-simple","22":"customify-col","23":"product-has-gallery"},"yoast_head":"<!-- This site is optimized with the Yoast SEO plugin v27.4 - https:\/\/yoast.com\/product\/yoast-seo-wordpress\/ -->\n<title>SPAX GIX-B Schnellbauschrauben 3,9 x 30 mm Grobgewinde, 1000 St\u00fcck, Trompetenkopf, Kreuzschlitz-H2, Trockenbauschrauben\u2026 - Markt-XXL<\/title>\n<meta name=\"description\" content=\"Markt-XXL SPAX GIX-B Schnellbauschrauben 3,9 x 30 mm Grobgewinde, 1000 St\u00fcck, Trompetenkopf, Kreuzschlitz-H2, Trockenbauschrauben\u2026\" \/>\n<meta name=\"robots\" content=\"index, follow, max-snippet:-1, max-image-preview:large, max-video-preview:-1\" \/>\n<link rel=\"canonical\" href=\"https:\/\/marktxxl.de\/markt\/produkt\/spax-gix-b-schnellbauschrauben-39-x-30-mm-grobgewinde-1000-stueck-trompetenkopf-kreuzschlitz-h2-trockenbauschrauben-fuer-holz-unterkonstruktionen-1891170390305\/\" \/>\n<meta property=\"og:locale\" content=\"de_DE\" \/>\n<meta property=\"og:type\" content=\"article\" \/>\n<meta property=\"og:title\" content=\"SPAX GIX-B Schnellbauschrauben 3,9 x 30 mm Grobgewinde, 1000 St\u00fcck, Trompetenkopf, Kreuzschlitz-H2, Trockenbauschrauben\u2026 - Markt-XXL\" \/>\n<meta property=\"og:description\" content=\"Markt-XXL SPAX GIX-B Schnellbauschrauben 3,9 x 30 mm Grobgewinde, 1000 St\u00fcck, Trompetenkopf, Kreuzschlitz-H2, Trockenbauschrauben\u2026\" \/>\n<meta property=\"og:url\" content=\"https:\/\/marktxxl.de\/markt\/produkt\/spax-gix-b-schnellbauschrauben-39-x-30-mm-grobgewinde-1000-stueck-trompetenkopf-kreuzschlitz-h2-trockenbauschrauben-fuer-holz-unterkonstruktionen-1891170390305\/\" \/>\n<meta property=\"og:site_name\" content=\"Markt-XXL\" \/>\n<meta property=\"article:modified_time\" content=\"2023-04-11T02:09:24+00:00\" \/>\n<meta property=\"og:image\" content=\"https:\/\/m.media-amazon.com\/images\/I\/31k3FwGhJQL._SL500_.jpg\" \/>\n\t<meta property=\"og:image:width\" content=\"500\" \/>\n\t<meta property=\"og:image:height\" content=\"500\" \/>\n\t<meta property=\"og:image:type\" content=\"image\/jpeg\" \/>\n<meta name=\"twitter:card\" content=\"summary_large_image\" \/>\n<meta name=\"twitter:label1\" content=\"Gesch\u00e4tzte Lesezeit\" \/>\n\t<meta name=\"twitter:data1\" content=\"1\u00a0Minute\" \/>\n<script type=\"application\/ld+json\" class=\"yoast-schema-graph\">{\"@context\":\"https:\\\/\\\/schema.org\",\"@graph\":[{\"@type\":\"WebPage\",\"@id\":\"https:\\\/\\\/marktxxl.de\\\/markt\\\/produkt\\\/spax-gix-b-schnellbauschrauben-39-x-30-mm-grobgewinde-1000-stueck-trompetenkopf-kreuzschlitz-h2-trockenbauschrauben-fuer-holz-unterkonstruktionen-1891170390305\\\/\",\"url\":\"https:\\\/\\\/marktxxl.de\\\/markt\\\/produkt\\\/spax-gix-b-schnellbauschrauben-39-x-30-mm-grobgewinde-1000-stueck-trompetenkopf-kreuzschlitz-h2-trockenbauschrauben-fuer-holz-unterkonstruktionen-1891170390305\\\/\",\"name\":\"SPAX GIX-B Schnellbauschrauben 3,9 x 30 mm Grobgewinde, 1000 St\u00fcck, Trompetenkopf, Kreuzschlitz-H2, Trockenbauschrauben\u2026 - Markt-XXL\",\"isPartOf\":{\"@id\":\"https:\\\/\\\/marktxxl.de\\\/markt\\\/#website\"},\"primaryImageOfPage\":{\"@id\":\"https:\\\/\\\/marktxxl.de\\\/markt\\\/produkt\\\/spax-gix-b-schnellbauschrauben-39-x-30-mm-grobgewinde-1000-stueck-trompetenkopf-kreuzschlitz-h2-trockenbauschrauben-fuer-holz-unterkonstruktionen-1891170390305\\\/#primaryimage\"},\"image\":{\"@id\":\"https:\\\/\\\/marktxxl.de\\\/markt\\\/produkt\\\/spax-gix-b-schnellbauschrauben-39-x-30-mm-grobgewinde-1000-stueck-trompetenkopf-kreuzschlitz-h2-trockenbauschrauben-fuer-holz-unterkonstruktionen-1891170390305\\\/#primaryimage\"},\"thumbnailUrl\":\"https:\\\/\\\/m.media-amazon.com\\\/images\\\/I\\\/31k3FwGhJQL._SL500_.jpg\",\"datePublished\":\"2022-07-13T21:36:24+00:00\",\"dateModified\":\"2023-04-11T02:09:24+00:00\",\"description\":\"Markt-XXL SPAX GIX-B Schnellbauschrauben 3,9 x 30 mm Grobgewinde, 1000 St\u00fcck, Trompetenkopf, Kreuzschlitz-H2, Trockenbauschrauben\u2026\",\"breadcrumb\":{\"@id\":\"https:\\\/\\\/marktxxl.de\\\/markt\\\/produkt\\\/spax-gix-b-schnellbauschrauben-39-x-30-mm-grobgewinde-1000-stueck-trompetenkopf-kreuzschlitz-h2-trockenbauschrauben-fuer-holz-unterkonstruktionen-1891170390305\\\/#breadcrumb\"},\"inLanguage\":\"de\",\"potentialAction\":[{\"@type\":\"ReadAction\",\"target\":[\"https:\\\/\\\/marktxxl.de\\\/markt\\\/produkt\\\/spax-gix-b-schnellbauschrauben-39-x-30-mm-grobgewinde-1000-stueck-trompetenkopf-kreuzschlitz-h2-trockenbauschrauben-fuer-holz-unterkonstruktionen-1891170390305\\\/\"]}]},{\"@type\":\"ImageObject\",\"inLanguage\":\"de\",\"@id\":\"https:\\\/\\\/marktxxl.de\\\/markt\\\/produkt\\\/spax-gix-b-schnellbauschrauben-39-x-30-mm-grobgewinde-1000-stueck-trompetenkopf-kreuzschlitz-h2-trockenbauschrauben-fuer-holz-unterkonstruktionen-1891170390305\\\/#primaryimage\",\"url\":\"https:\\\/\\\/m.media-amazon.com\\\/images\\\/I\\\/31k3FwGhJQL._SL500_.jpg\",\"contentUrl\":\"https:\\\/\\\/m.media-amazon.com\\\/images\\\/I\\\/31k3FwGhJQL._SL500_.jpg\",\"width\":500,\"height\":500},{\"@type\":\"BreadcrumbList\",\"@id\":\"https:\\\/\\\/marktxxl.de\\\/markt\\\/produkt\\\/spax-gix-b-schnellbauschrauben-39-x-30-mm-grobgewinde-1000-stueck-trompetenkopf-kreuzschlitz-h2-trockenbauschrauben-fuer-holz-unterkonstruktionen-1891170390305\\\/#breadcrumb\",\"itemListElement\":[{\"@type\":\"ListItem\",\"position\":1,\"name\":\"Startseite\",\"item\":\"https:\\\/\\\/marktxxl.de\\\/markt\\\/\"},{\"@type\":\"ListItem\",\"position\":2,\"name\":\"Markt\",\"item\":\"https:\\\/\\\/marktxxl.de\\\/markt\\\/\"},{\"@type\":\"ListItem\",\"position\":3,\"name\":\"SPAX GIX-B Schnellbauschrauben 3,9 x 30 mm Grobgewinde, 1000 St\u00fcck, Trompetenkopf, Kreuzschlitz-H2, Trockenbauschrauben\u2026\"}]},{\"@type\":\"WebSite\",\"@id\":\"https:\\\/\\\/marktxxl.de\\\/markt\\\/#website\",\"url\":\"https:\\\/\\\/marktxxl.de\\\/markt\\\/\",\"name\":\"Markt-XXL\",\"description\":\"Ihr Markt Online\",\"publisher\":{\"@id\":\"https:\\\/\\\/marktxxl.de\\\/markt\\\/#organization\"},\"potentialAction\":[{\"@type\":\"SearchAction\",\"target\":{\"@type\":\"EntryPoint\",\"urlTemplate\":\"https:\\\/\\\/marktxxl.de\\\/markt\\\/?s={search_term_string}\"},\"query-input\":{\"@type\":\"PropertyValueSpecification\",\"valueRequired\":true,\"valueName\":\"search_term_string\"}}],\"inLanguage\":\"de\"},{\"@type\":\"Organization\",\"@id\":\"https:\\\/\\\/marktxxl.de\\\/markt\\\/#organization\",\"name\":\"Markt-XXL\",\"url\":\"https:\\\/\\\/marktxxl.de\\\/markt\\\/\",\"logo\":{\"@type\":\"ImageObject\",\"inLanguage\":\"de\",\"@id\":\"https:\\\/\\\/marktxxl.de\\\/markt\\\/#\\\/schema\\\/logo\\\/image\\\/\",\"url\":\"https:\\\/\\\/marktxxl.de\\\/markt\\\/wp-content\\\/uploads\\\/sites\\\/3\\\/2020\\\/12\\\/logo.png\",\"contentUrl\":\"https:\\\/\\\/marktxxl.de\\\/markt\\\/wp-content\\\/uploads\\\/sites\\\/3\\\/2020\\\/12\\\/logo.png\",\"width\":200,\"height\":70,\"caption\":\"Markt-XXL\"},\"image\":{\"@id\":\"https:\\\/\\\/marktxxl.de\\\/markt\\\/#\\\/schema\\\/logo\\\/image\\\/\"}}]}<\/script>\n<!-- \/ Yoast SEO plugin. -->","yoast_head_json":{"title":"SPAX GIX-B Schnellbauschrauben 3,9 x 30 mm Grobgewinde, 1000 St\u00fcck, Trompetenkopf, Kreuzschlitz-H2, Trockenbauschrauben\u2026 - Markt-XXL","description":"Markt-XXL SPAX GIX-B Schnellbauschrauben 3,9 x 30 mm Grobgewinde, 1000 St\u00fcck, Trompetenkopf, Kreuzschlitz-H2, Trockenbauschrauben\u2026","robots":{"index":"index","follow":"follow","max-snippet":"max-snippet:-1","max-image-preview":"max-image-preview:large","max-video-preview":"max-video-preview:-1"},"canonical":"https:\/\/marktxxl.de\/markt\/produkt\/spax-gix-b-schnellbauschrauben-39-x-30-mm-grobgewinde-1000-stueck-trompetenkopf-kreuzschlitz-h2-trockenbauschrauben-fuer-holz-unterkonstruktionen-1891170390305\/","og_locale":"de_DE","og_type":"article","og_title":"SPAX GIX-B Schnellbauschrauben 3,9 x 30 mm Grobgewinde, 1000 St\u00fcck, Trompetenkopf, Kreuzschlitz-H2, Trockenbauschrauben\u2026 - Markt-XXL","og_description":"Markt-XXL SPAX GIX-B Schnellbauschrauben 3,9 x 30 mm Grobgewinde, 1000 St\u00fcck, Trompetenkopf, Kreuzschlitz-H2, Trockenbauschrauben\u2026","og_url":"https:\/\/marktxxl.de\/markt\/produkt\/spax-gix-b-schnellbauschrauben-39-x-30-mm-grobgewinde-1000-stueck-trompetenkopf-kreuzschlitz-h2-trockenbauschrauben-fuer-holz-unterkonstruktionen-1891170390305\/","og_site_name":"Markt-XXL","article_modified_time":"2023-04-11T02:09:24+00:00","og_image":[{"width":500,"height":500,"url":"https:\/\/m.media-amazon.com\/images\/I\/31k3FwGhJQL._SL500_.jpg","type":"image\/jpeg"}],"twitter_card":"summary_large_image","twitter_misc":{"Gesch\u00e4tzte Lesezeit":"1\u00a0Minute"},"schema":{"@context":"https:\/\/schema.org","@graph":[{"@type":"WebPage","@id":"https:\/\/marktxxl.de\/markt\/produkt\/spax-gix-b-schnellbauschrauben-39-x-30-mm-grobgewinde-1000-stueck-trompetenkopf-kreuzschlitz-h2-trockenbauschrauben-fuer-holz-unterkonstruktionen-1891170390305\/","url":"https:\/\/marktxxl.de\/markt\/produkt\/spax-gix-b-schnellbauschrauben-39-x-30-mm-grobgewinde-1000-stueck-trompetenkopf-kreuzschlitz-h2-trockenbauschrauben-fuer-holz-unterkonstruktionen-1891170390305\/","name":"SPAX GIX-B Schnellbauschrauben 3,9 x 30 mm Grobgewinde, 1000 St\u00fcck, Trompetenkopf, Kreuzschlitz-H2, Trockenbauschrauben\u2026 - Markt-XXL","isPartOf":{"@id":"https:\/\/marktxxl.de\/markt\/#website"},"primaryImageOfPage":{"@id":"https:\/\/marktxxl.de\/markt\/produkt\/spax-gix-b-schnellbauschrauben-39-x-30-mm-grobgewinde-1000-stueck-trompetenkopf-kreuzschlitz-h2-trockenbauschrauben-fuer-holz-unterkonstruktionen-1891170390305\/#primaryimage"},"image":{"@id":"https:\/\/marktxxl.de\/markt\/produkt\/spax-gix-b-schnellbauschrauben-39-x-30-mm-grobgewinde-1000-stueck-trompetenkopf-kreuzschlitz-h2-trockenbauschrauben-fuer-holz-unterkonstruktionen-1891170390305\/#primaryimage"},"thumbnailUrl":"https:\/\/m.media-amazon.com\/images\/I\/31k3FwGhJQL._SL500_.jpg","datePublished":"2022-07-13T21:36:24+00:00","dateModified":"2023-04-11T02:09:24+00:00","description":"Markt-XXL SPAX GIX-B Schnellbauschrauben 3,9 x 30 mm Grobgewinde, 1000 St\u00fcck, Trompetenkopf, Kreuzschlitz-H2, Trockenbauschrauben\u2026","breadcrumb":{"@id":"https:\/\/marktxxl.de\/markt\/produkt\/spax-gix-b-schnellbauschrauben-39-x-30-mm-grobgewinde-1000-stueck-trompetenkopf-kreuzschlitz-h2-trockenbauschrauben-fuer-holz-unterkonstruktionen-1891170390305\/#breadcrumb"},"inLanguage":"de","potentialAction":[{"@type":"ReadAction","target":["https:\/\/marktxxl.de\/markt\/produkt\/spax-gix-b-schnellbauschrauben-39-x-30-mm-grobgewinde-1000-stueck-trompetenkopf-kreuzschlitz-h2-trockenbauschrauben-fuer-holz-unterkonstruktionen-1891170390305\/"]}]},{"@type":"ImageObject","inLanguage":"de","@id":"https:\/\/marktxxl.de\/markt\/produkt\/spax-gix-b-schnellbauschrauben-39-x-30-mm-grobgewinde-1000-stueck-trompetenkopf-kreuzschlitz-h2-trockenbauschrauben-fuer-holz-unterkonstruktionen-1891170390305\/#primaryimage","url":"https:\/\/m.media-amazon.com\/images\/I\/31k3FwGhJQL._SL500_.jpg","contentUrl":"https:\/\/m.media-amazon.com\/images\/I\/31k3FwGhJQL._SL500_.jpg","width":500,"height":500},{"@type":"BreadcrumbList","@id":"https:\/\/marktxxl.de\/markt\/produkt\/spax-gix-b-schnellbauschrauben-39-x-30-mm-grobgewinde-1000-stueck-trompetenkopf-kreuzschlitz-h2-trockenbauschrauben-fuer-holz-unterkonstruktionen-1891170390305\/#breadcrumb","itemListElement":[{"@type":"ListItem","position":1,"name":"Startseite","item":"https:\/\/marktxxl.de\/markt\/"},{"@type":"ListItem","position":2,"name":"Markt","item":"https:\/\/marktxxl.de\/markt\/"},{"@type":"ListItem","position":3,"name":"SPAX GIX-B Schnellbauschrauben 3,9 x 30 mm Grobgewinde, 1000 St\u00fcck, Trompetenkopf, Kreuzschlitz-H2, Trockenbauschrauben\u2026"}]},{"@type":"WebSite","@id":"https:\/\/marktxxl.de\/markt\/#website","url":"https:\/\/marktxxl.de\/markt\/","name":"Markt-XXL","description":"Ihr Markt Online","publisher":{"@id":"https:\/\/marktxxl.de\/markt\/#organization"},"potentialAction":[{"@type":"SearchAction","target":{"@type":"EntryPoint","urlTemplate":"https:\/\/marktxxl.de\/markt\/?s={search_term_string}"},"query-input":{"@type":"PropertyValueSpecification","valueRequired":true,"valueName":"search_term_string"}}],"inLanguage":"de"},{"@type":"Organization","@id":"https:\/\/marktxxl.de\/markt\/#organization","name":"Markt-XXL","url":"https:\/\/marktxxl.de\/markt\/","logo":{"@type":"ImageObject","inLanguage":"de","@id":"https:\/\/marktxxl.de\/markt\/#\/schema\/logo\/image\/","url":"https:\/\/marktxxl.de\/markt\/wp-content\/uploads\/sites\/3\/2020\/12\/logo.png","contentUrl":"https:\/\/marktxxl.de\/markt\/wp-content\/uploads\/sites\/3\/2020\/12\/logo.png","width":200,"height":70,"caption":"Markt-XXL"},"image":{"@id":"https:\/\/marktxxl.de\/markt\/#\/schema\/logo\/image\/"}}]}},"_links":{"self":[{"href":"https:\/\/marktxxl.de\/markt\/wp-json\/wp\/v2\/product\/134812","targetHints":{"allow":["GET"]}}],"collection":[{"href":"https:\/\/marktxxl.de\/markt\/wp-json\/wp\/v2\/product"}],"about":[{"href":"https:\/\/marktxxl.de\/markt\/wp-json\/wp\/v2\/types\/product"}],"replies":[{"embeddable":true,"href":"https:\/\/marktxxl.de\/markt\/wp-json\/wp\/v2\/comments?post=134812"}],"wp:featuredmedia":[{"embeddable":true,"href":"https:\/\/marktxxl.de\/markt\/wp-json\/wp\/v2\/media\/134813"}],"wp:attachment":[{"href":"https:\/\/marktxxl.de\/markt\/wp-json\/wp\/v2\/media?parent=134812"}],"wp:term":[{"taxonomy":"product_brand","embeddable":true,"href":"https:\/\/marktxxl.de\/markt\/wp-json\/wp\/v2\/product_brand?post=134812"},{"taxonomy":"product_cat","embeddable":true,"href":"https:\/\/marktxxl.de\/markt\/wp-json\/wp\/v2\/product_cat?post=134812"},{"taxonomy":"product_tag","embeddable":true,"href":"https:\/\/marktxxl.de\/markt\/wp-json\/wp\/v2\/product_tag?post=134812"}],"curies":[{"name":"wp","href":"https:\/\/api.w.org\/{rel}","templated":true}]}}