{"id":134808,"date":"2022-07-13T23:36:19","date_gmt":"2022-07-13T21:36:19","guid":{"rendered":"https:\/\/marktxxl.de\/markt\/produkt\/carousel-home-and-gifts-tuerstopper-im-dekorativen-zebra-design-aus-stoff-schwarz-weiss-gestreift\/"},"modified":"2023-04-11T04:09:24","modified_gmt":"2023-04-11T02:09:24","slug":"carousel-home-and-gifts-tuerstopper-im-dekorativen-zebra-design-aus-stoff-schwarz-weiss-gestreift","status":"publish","type":"product","link":"https:\/\/marktxxl.de\/markt\/produkt\/carousel-home-and-gifts-tuerstopper-im-dekorativen-zebra-design-aus-stoff-schwarz-weiss-gestreift\/","title":{"rendered":"Carousel Home and Gifts, T\u00fcrstopper, im dekorativen Zebra-Design, aus Stoff, Schwarz-Wei\u00df gestreift"},"content":{"rendered":"<p>Dieses attraktive Zebra T\u00fcrstopper ist voller charakter und Charme. Er hat es gleich von den Wiesen in Afrika und kann nicht warten, um Prop \u00f6ffnen Sie Ihre T\u00fcr. und ist eine sch\u00f6ne Erg\u00e4nzung f\u00fcr Ihr Zuhause.<br \/>\nMit einem charmanten zigzagged schwarz-wei\u00df-Muster und ein flauschiges Frisur und Schwanz<br \/>\nEinfach in vor jeder T\u00fcr, die Bed\u00fcrfnisse, offenen<br \/>\nPerfekt f\u00fcr eine Vielzahl von Home Decor und Stilen. Wiegt ca. 1,5\u00a0kg<br \/>\nMisst ca. 20\u00a0cm x 29\u00a0cm x 17\u00a0cm<br \/>\n<div class=\"main-cross-sell\" data-asin=\"B07D8V1QV5\">\n\n\t<div class=\"WooZone-cross-sell-loader\">\n\t\t<div>\n\t\t\t<div id=\"floatingBarsG\">\n\t\t\t\t<div class=\"blockG\" id=\"rotateG_01\"><\/div>\n\t\t\t\t<div class=\"blockG\" id=\"rotateG_02\"><\/div>\n\t\t\t\t<div class=\"blockG\" id=\"rotateG_03\"><\/div>\n\t\t\t\t<div class=\"blockG\" id=\"rotateG_04\"><\/div>\n\t\t\t\t<div class=\"blockG\" id=\"rotateG_05\"><\/div>\n\t\t\t\t<div class=\"blockG\" id=\"rotateG_06\"><\/div>\n\t\t\t\t<div class=\"blockG\" id=\"rotateG_07\"><\/div>\n\t\t\t\t<div class=\"blockG\" id=\"rotateG_08\"><\/div>\n\t\t\t<\/div>\n\t\t\t<div class=\"WooZone-cross-sell-loader-text\"><\/div>\n\t\t<\/div>\n\t<\/div>\n\n\t\t\n<\/div>\n<div style=\"clear:both;\"><\/div><\/p>\n","protected":false},"excerpt":{"rendered":"<p>Dieses attraktive Zebra T\u00fcrstopper ist voller charakter und Charme. Er hat es gleich von den Wiesen in Afrika und kann nicht warten, um Prop \u00f6ffnen Sie Ihre T\u00fcr. und ist eine sch\u00f6ne Erg\u00e4nzung f\u00fcr Ihr Zuhause.<br \/>\nMit einem charmanten zigzagged schwarz-wei\u00df-Muster und ein flauschiges Frisur und Schwanz<br \/>\nEinfach in vor jeder T\u00fcr, die Bed\u00fcrfnisse, offenen<\/p>\n","protected":false},"featured_media":134809,"comment_status":"open","ping_status":"closed","template":"","meta":[],"product_brand":[],"product_cat":[1983,10865],"product_tag":[],"class_list":{"0":"post-134808","1":"product","2":"type-product","3":"status-publish","4":"has-post-thumbnail","6":"product_cat-baumarkt","7":"product_cat-eisenwaren","8":"pa_binding-home","9":"pa_brand-carousel-home-and-gifts","10":"pa_color-weiss","11":"pa_manufacturer-carousel-home-and-gifts","12":"pa_model-az0002","14":"first","15":"instock","16":"shipping-taxable","17":"purchasable","18":"product-type-simple","19":"customify-col","20":"product-has-gallery"},"yoast_head":"<!-- This site is optimized with the Yoast SEO plugin v27.3 - https:\/\/yoast.com\/product\/yoast-seo-wordpress\/ -->\n<title>Carousel Home and Gifts, T\u00fcrstopper, im dekorativen Zebra-Design, aus Stoff, Schwarz-Wei\u00df gestreift - Markt-XXL<\/title>\n<meta name=\"description\" content=\"Markt-XXL Carousel Home and Gifts, T\u00fcrstopper, im dekorativen Zebra-Design, aus Stoff, Schwarz-Wei\u00df gestreift\" \/>\n<meta name=\"robots\" content=\"index, follow, max-snippet:-1, max-image-preview:large, max-video-preview:-1\" \/>\n<link rel=\"canonical\" href=\"https:\/\/marktxxl.de\/markt\/produkt\/carousel-home-and-gifts-tuerstopper-im-dekorativen-zebra-design-aus-stoff-schwarz-weiss-gestreift\/\" \/>\n<meta property=\"og:locale\" content=\"de_DE\" \/>\n<meta property=\"og:type\" content=\"article\" \/>\n<meta property=\"og:title\" content=\"Carousel Home and Gifts, T\u00fcrstopper, im dekorativen Zebra-Design, aus Stoff, Schwarz-Wei\u00df gestreift - Markt-XXL\" \/>\n<meta property=\"og:description\" content=\"Markt-XXL Carousel Home and Gifts, T\u00fcrstopper, im dekorativen Zebra-Design, aus Stoff, Schwarz-Wei\u00df gestreift\" \/>\n<meta property=\"og:url\" content=\"https:\/\/marktxxl.de\/markt\/produkt\/carousel-home-and-gifts-tuerstopper-im-dekorativen-zebra-design-aus-stoff-schwarz-weiss-gestreift\/\" \/>\n<meta property=\"og:site_name\" content=\"Markt-XXL\" \/>\n<meta property=\"article:modified_time\" content=\"2023-04-11T02:09:24+00:00\" \/>\n<meta property=\"og:image\" content=\"https:\/\/m.media-amazon.com\/images\/I\/51IZmmfnxXL._SL500_.jpg\" \/>\n\t<meta property=\"og:image:width\" content=\"500\" \/>\n\t<meta property=\"og:image:height\" content=\"448\" \/>\n\t<meta property=\"og:image:type\" content=\"image\/jpeg\" \/>\n<meta name=\"twitter:card\" content=\"summary_large_image\" \/>\n<script type=\"application\/ld+json\" class=\"yoast-schema-graph\">{\"@context\":\"https:\\\/\\\/schema.org\",\"@graph\":[{\"@type\":\"WebPage\",\"@id\":\"https:\\\/\\\/marktxxl.de\\\/markt\\\/produkt\\\/carousel-home-and-gifts-tuerstopper-im-dekorativen-zebra-design-aus-stoff-schwarz-weiss-gestreift\\\/\",\"url\":\"https:\\\/\\\/marktxxl.de\\\/markt\\\/produkt\\\/carousel-home-and-gifts-tuerstopper-im-dekorativen-zebra-design-aus-stoff-schwarz-weiss-gestreift\\\/\",\"name\":\"Carousel Home and Gifts, T\u00fcrstopper, im dekorativen Zebra-Design, aus Stoff, Schwarz-Wei\u00df gestreift - Markt-XXL\",\"isPartOf\":{\"@id\":\"https:\\\/\\\/marktxxl.de\\\/markt\\\/#website\"},\"primaryImageOfPage\":{\"@id\":\"https:\\\/\\\/marktxxl.de\\\/markt\\\/produkt\\\/carousel-home-and-gifts-tuerstopper-im-dekorativen-zebra-design-aus-stoff-schwarz-weiss-gestreift\\\/#primaryimage\"},\"image\":{\"@id\":\"https:\\\/\\\/marktxxl.de\\\/markt\\\/produkt\\\/carousel-home-and-gifts-tuerstopper-im-dekorativen-zebra-design-aus-stoff-schwarz-weiss-gestreift\\\/#primaryimage\"},\"thumbnailUrl\":\"https:\\\/\\\/m.media-amazon.com\\\/images\\\/I\\\/51IZmmfnxXL._SL500_.jpg\",\"datePublished\":\"2022-07-13T21:36:19+00:00\",\"dateModified\":\"2023-04-11T02:09:24+00:00\",\"description\":\"Markt-XXL Carousel Home and Gifts, T\u00fcrstopper, im dekorativen Zebra-Design, aus Stoff, Schwarz-Wei\u00df gestreift\",\"breadcrumb\":{\"@id\":\"https:\\\/\\\/marktxxl.de\\\/markt\\\/produkt\\\/carousel-home-and-gifts-tuerstopper-im-dekorativen-zebra-design-aus-stoff-schwarz-weiss-gestreift\\\/#breadcrumb\"},\"inLanguage\":\"de\",\"potentialAction\":[{\"@type\":\"ReadAction\",\"target\":[\"https:\\\/\\\/marktxxl.de\\\/markt\\\/produkt\\\/carousel-home-and-gifts-tuerstopper-im-dekorativen-zebra-design-aus-stoff-schwarz-weiss-gestreift\\\/\"]}]},{\"@type\":\"ImageObject\",\"inLanguage\":\"de\",\"@id\":\"https:\\\/\\\/marktxxl.de\\\/markt\\\/produkt\\\/carousel-home-and-gifts-tuerstopper-im-dekorativen-zebra-design-aus-stoff-schwarz-weiss-gestreift\\\/#primaryimage\",\"url\":\"https:\\\/\\\/m.media-amazon.com\\\/images\\\/I\\\/51IZmmfnxXL._SL500_.jpg\",\"contentUrl\":\"https:\\\/\\\/m.media-amazon.com\\\/images\\\/I\\\/51IZmmfnxXL._SL500_.jpg\",\"width\":500,\"height\":448},{\"@type\":\"BreadcrumbList\",\"@id\":\"https:\\\/\\\/marktxxl.de\\\/markt\\\/produkt\\\/carousel-home-and-gifts-tuerstopper-im-dekorativen-zebra-design-aus-stoff-schwarz-weiss-gestreift\\\/#breadcrumb\",\"itemListElement\":[{\"@type\":\"ListItem\",\"position\":1,\"name\":\"Startseite\",\"item\":\"https:\\\/\\\/marktxxl.de\\\/markt\\\/\"},{\"@type\":\"ListItem\",\"position\":2,\"name\":\"Markt\",\"item\":\"https:\\\/\\\/marktxxl.de\\\/markt\\\/\"},{\"@type\":\"ListItem\",\"position\":3,\"name\":\"Carousel Home and Gifts, T\u00fcrstopper, im dekorativen Zebra-Design, aus Stoff, Schwarz-Wei\u00df gestreift\"}]},{\"@type\":\"WebSite\",\"@id\":\"https:\\\/\\\/marktxxl.de\\\/markt\\\/#website\",\"url\":\"https:\\\/\\\/marktxxl.de\\\/markt\\\/\",\"name\":\"Markt-XXL\",\"description\":\"Ihr Markt Online\",\"publisher\":{\"@id\":\"https:\\\/\\\/marktxxl.de\\\/markt\\\/#organization\"},\"potentialAction\":[{\"@type\":\"SearchAction\",\"target\":{\"@type\":\"EntryPoint\",\"urlTemplate\":\"https:\\\/\\\/marktxxl.de\\\/markt\\\/?s={search_term_string}\"},\"query-input\":{\"@type\":\"PropertyValueSpecification\",\"valueRequired\":true,\"valueName\":\"search_term_string\"}}],\"inLanguage\":\"de\"},{\"@type\":\"Organization\",\"@id\":\"https:\\\/\\\/marktxxl.de\\\/markt\\\/#organization\",\"name\":\"Markt-XXL\",\"url\":\"https:\\\/\\\/marktxxl.de\\\/markt\\\/\",\"logo\":{\"@type\":\"ImageObject\",\"inLanguage\":\"de\",\"@id\":\"https:\\\/\\\/marktxxl.de\\\/markt\\\/#\\\/schema\\\/logo\\\/image\\\/\",\"url\":\"https:\\\/\\\/marktxxl.de\\\/markt\\\/wp-content\\\/uploads\\\/sites\\\/3\\\/2020\\\/12\\\/logo.png\",\"contentUrl\":\"https:\\\/\\\/marktxxl.de\\\/markt\\\/wp-content\\\/uploads\\\/sites\\\/3\\\/2020\\\/12\\\/logo.png\",\"width\":200,\"height\":70,\"caption\":\"Markt-XXL\"},\"image\":{\"@id\":\"https:\\\/\\\/marktxxl.de\\\/markt\\\/#\\\/schema\\\/logo\\\/image\\\/\"}}]}<\/script>\n<!-- \/ Yoast SEO plugin. -->","yoast_head_json":{"title":"Carousel Home and Gifts, T\u00fcrstopper, im dekorativen Zebra-Design, aus Stoff, Schwarz-Wei\u00df gestreift - Markt-XXL","description":"Markt-XXL Carousel Home and Gifts, T\u00fcrstopper, im dekorativen Zebra-Design, aus Stoff, Schwarz-Wei\u00df gestreift","robots":{"index":"index","follow":"follow","max-snippet":"max-snippet:-1","max-image-preview":"max-image-preview:large","max-video-preview":"max-video-preview:-1"},"canonical":"https:\/\/marktxxl.de\/markt\/produkt\/carousel-home-and-gifts-tuerstopper-im-dekorativen-zebra-design-aus-stoff-schwarz-weiss-gestreift\/","og_locale":"de_DE","og_type":"article","og_title":"Carousel Home and Gifts, T\u00fcrstopper, im dekorativen Zebra-Design, aus Stoff, Schwarz-Wei\u00df gestreift - Markt-XXL","og_description":"Markt-XXL Carousel Home and Gifts, T\u00fcrstopper, im dekorativen Zebra-Design, aus Stoff, Schwarz-Wei\u00df gestreift","og_url":"https:\/\/marktxxl.de\/markt\/produkt\/carousel-home-and-gifts-tuerstopper-im-dekorativen-zebra-design-aus-stoff-schwarz-weiss-gestreift\/","og_site_name":"Markt-XXL","article_modified_time":"2023-04-11T02:09:24+00:00","og_image":[{"width":500,"height":448,"url":"https:\/\/m.media-amazon.com\/images\/I\/51IZmmfnxXL._SL500_.jpg","type":"image\/jpeg"}],"twitter_card":"summary_large_image","schema":{"@context":"https:\/\/schema.org","@graph":[{"@type":"WebPage","@id":"https:\/\/marktxxl.de\/markt\/produkt\/carousel-home-and-gifts-tuerstopper-im-dekorativen-zebra-design-aus-stoff-schwarz-weiss-gestreift\/","url":"https:\/\/marktxxl.de\/markt\/produkt\/carousel-home-and-gifts-tuerstopper-im-dekorativen-zebra-design-aus-stoff-schwarz-weiss-gestreift\/","name":"Carousel Home and Gifts, T\u00fcrstopper, im dekorativen Zebra-Design, aus Stoff, Schwarz-Wei\u00df gestreift - Markt-XXL","isPartOf":{"@id":"https:\/\/marktxxl.de\/markt\/#website"},"primaryImageOfPage":{"@id":"https:\/\/marktxxl.de\/markt\/produkt\/carousel-home-and-gifts-tuerstopper-im-dekorativen-zebra-design-aus-stoff-schwarz-weiss-gestreift\/#primaryimage"},"image":{"@id":"https:\/\/marktxxl.de\/markt\/produkt\/carousel-home-and-gifts-tuerstopper-im-dekorativen-zebra-design-aus-stoff-schwarz-weiss-gestreift\/#primaryimage"},"thumbnailUrl":"https:\/\/m.media-amazon.com\/images\/I\/51IZmmfnxXL._SL500_.jpg","datePublished":"2022-07-13T21:36:19+00:00","dateModified":"2023-04-11T02:09:24+00:00","description":"Markt-XXL Carousel Home and Gifts, T\u00fcrstopper, im dekorativen Zebra-Design, aus Stoff, Schwarz-Wei\u00df gestreift","breadcrumb":{"@id":"https:\/\/marktxxl.de\/markt\/produkt\/carousel-home-and-gifts-tuerstopper-im-dekorativen-zebra-design-aus-stoff-schwarz-weiss-gestreift\/#breadcrumb"},"inLanguage":"de","potentialAction":[{"@type":"ReadAction","target":["https:\/\/marktxxl.de\/markt\/produkt\/carousel-home-and-gifts-tuerstopper-im-dekorativen-zebra-design-aus-stoff-schwarz-weiss-gestreift\/"]}]},{"@type":"ImageObject","inLanguage":"de","@id":"https:\/\/marktxxl.de\/markt\/produkt\/carousel-home-and-gifts-tuerstopper-im-dekorativen-zebra-design-aus-stoff-schwarz-weiss-gestreift\/#primaryimage","url":"https:\/\/m.media-amazon.com\/images\/I\/51IZmmfnxXL._SL500_.jpg","contentUrl":"https:\/\/m.media-amazon.com\/images\/I\/51IZmmfnxXL._SL500_.jpg","width":500,"height":448},{"@type":"BreadcrumbList","@id":"https:\/\/marktxxl.de\/markt\/produkt\/carousel-home-and-gifts-tuerstopper-im-dekorativen-zebra-design-aus-stoff-schwarz-weiss-gestreift\/#breadcrumb","itemListElement":[{"@type":"ListItem","position":1,"name":"Startseite","item":"https:\/\/marktxxl.de\/markt\/"},{"@type":"ListItem","position":2,"name":"Markt","item":"https:\/\/marktxxl.de\/markt\/"},{"@type":"ListItem","position":3,"name":"Carousel Home and Gifts, T\u00fcrstopper, im dekorativen Zebra-Design, aus Stoff, Schwarz-Wei\u00df gestreift"}]},{"@type":"WebSite","@id":"https:\/\/marktxxl.de\/markt\/#website","url":"https:\/\/marktxxl.de\/markt\/","name":"Markt-XXL","description":"Ihr Markt Online","publisher":{"@id":"https:\/\/marktxxl.de\/markt\/#organization"},"potentialAction":[{"@type":"SearchAction","target":{"@type":"EntryPoint","urlTemplate":"https:\/\/marktxxl.de\/markt\/?s={search_term_string}"},"query-input":{"@type":"PropertyValueSpecification","valueRequired":true,"valueName":"search_term_string"}}],"inLanguage":"de"},{"@type":"Organization","@id":"https:\/\/marktxxl.de\/markt\/#organization","name":"Markt-XXL","url":"https:\/\/marktxxl.de\/markt\/","logo":{"@type":"ImageObject","inLanguage":"de","@id":"https:\/\/marktxxl.de\/markt\/#\/schema\/logo\/image\/","url":"https:\/\/marktxxl.de\/markt\/wp-content\/uploads\/sites\/3\/2020\/12\/logo.png","contentUrl":"https:\/\/marktxxl.de\/markt\/wp-content\/uploads\/sites\/3\/2020\/12\/logo.png","width":200,"height":70,"caption":"Markt-XXL"},"image":{"@id":"https:\/\/marktxxl.de\/markt\/#\/schema\/logo\/image\/"}}]}},"_links":{"self":[{"href":"https:\/\/marktxxl.de\/markt\/wp-json\/wp\/v2\/product\/134808","targetHints":{"allow":["GET"]}}],"collection":[{"href":"https:\/\/marktxxl.de\/markt\/wp-json\/wp\/v2\/product"}],"about":[{"href":"https:\/\/marktxxl.de\/markt\/wp-json\/wp\/v2\/types\/product"}],"replies":[{"embeddable":true,"href":"https:\/\/marktxxl.de\/markt\/wp-json\/wp\/v2\/comments?post=134808"}],"wp:featuredmedia":[{"embeddable":true,"href":"https:\/\/marktxxl.de\/markt\/wp-json\/wp\/v2\/media\/134809"}],"wp:attachment":[{"href":"https:\/\/marktxxl.de\/markt\/wp-json\/wp\/v2\/media?parent=134808"}],"wp:term":[{"taxonomy":"product_brand","embeddable":true,"href":"https:\/\/marktxxl.de\/markt\/wp-json\/wp\/v2\/product_brand?post=134808"},{"taxonomy":"product_cat","embeddable":true,"href":"https:\/\/marktxxl.de\/markt\/wp-json\/wp\/v2\/product_cat?post=134808"},{"taxonomy":"product_tag","embeddable":true,"href":"https:\/\/marktxxl.de\/markt\/wp-json\/wp\/v2\/product_tag?post=134808"}],"curies":[{"name":"wp","href":"https:\/\/api.w.org\/{rel}","templated":true}]}}