{"id":134745,"date":"2022-07-13T23:31:34","date_gmt":"2022-07-13T21:31:34","guid":{"rendered":"https:\/\/marktxxl.de\/markt\/produkt\/meaco-meacofan-1056-leiser-ventilator-dc-kuehlender-ventilator-fuer-schlafzimmer-schreibtische-und-bueros-lautloser-betrieb-schwenkfunktion-und-fernbedienung\/"},"modified":"2023-04-11T04:09:22","modified_gmt":"2023-04-11T02:09:22","slug":"meaco-meacofan-1056-leiser-ventilator-dc-kuehlender-ventilator-fuer-schlafzimmer-schreibtische-und-bueros-lautloser-betrieb-schwenkfunktion-und-fernbedienung","status":"publish","type":"product","link":"https:\/\/marktxxl.de\/markt\/produkt\/meaco-meacofan-1056-leiser-ventilator-dc-kuehlender-ventilator-fuer-schlafzimmer-schreibtische-und-bueros-lautloser-betrieb-schwenkfunktion-und-fernbedienung\/","title":{"rendered":"MEACO, Meacofan 1056 Leiser Ventilator &#8211; DC K\u00fchlender Ventilator f\u00fcr Schlafzimmer, Schreibtische und B\u00fcros, lautloser\u2026"},"content":{"rendered":"<p>LEISE UND ANGENEHM \u2013 Der mit einem Gleichstrommotor angetriebene Meaco 1056 Tischventilator k\u00fchlt das Zimmer besonders leise und effizient, um Ihnen einen ruhigen Schlaf zu erm\u00f6glichen. Der Ger\u00e4uschpegel des ger\u00e4uscharmen Ventilators beginnt bei 20 dB, ungef\u00e4hr der Lautst\u00e4rke von einem flie\u00dfenden Bach oder einem leisen Fl\u00fcstern. Das macht ihn perfekt f\u00fcr Schlafzimmer, Kinderzimmer und B\u00fcros.<br \/>\nK\u00dcHLE LUFT IN ALLEN ECKEN &#8211; Sie m\u00fcssen sich nicht in der N\u00e4he des Ventilators befinden, um die erfrischende Wirkung zu genie\u00dfen. Der leistungsstarke Ventilator kann in mehrere Richtungen schwenken, wodurch Luft von den W\u00e4nden und Decken abprallt und somit der gesamte Raum effektiv gek\u00fchlt wird. stiftung warentest gerwinner 2021,2022<br \/>\nBESONDERS STROMSPAREND \u2013 Der schwenkbare Ventilator hat mehrere Energiesparfunktionen. Hierzu geh\u00f6rt auch der Eco-Modus, der die Temperatur des Zimmers \u00fcberwacht und die Luftgeschwindigkeit entsprechend anpasst, um die Luft dauerhaft zu k\u00fchlen.<br \/>\nFERNBEDIENUNG \u2013 Der Ventilator kann mit der mitgelieferten Fernbedienung leicht eingestellt werden. Er verf\u00fcgt \u00fcber mehrere Geschwindigkeitsstufen und Timer-Funktionen, die eine optimale K\u00fchlung erm\u00f6glichen. Das Licht des Ventilators l\u00e4sst sich au\u00dferdem an- und ausschalten, damit es Sie beim Schlafen nicht st\u00f6rt.<br \/>\nSTILVOLL UND KOMPAKT \u2013 Der leise Meaco 1056 Ventilator ist stilvoll und kompakt und hat die perfekte Gr\u00f6\u00dfe f\u00fcr Nachttische, Schreibtische, Beistelltische und mehr. Er passt perfekt zu jedem Dekor.<br \/>\n<div class=\"main-cross-sell\" data-asin=\"B085D5F2S5\">\n\n\t<div class=\"WooZone-cross-sell-loader\">\n\t\t<div>\n\t\t\t<div id=\"floatingBarsG\">\n\t\t\t\t<div class=\"blockG\" id=\"rotateG_01\"><\/div>\n\t\t\t\t<div class=\"blockG\" id=\"rotateG_02\"><\/div>\n\t\t\t\t<div class=\"blockG\" id=\"rotateG_03\"><\/div>\n\t\t\t\t<div class=\"blockG\" id=\"rotateG_04\"><\/div>\n\t\t\t\t<div class=\"blockG\" id=\"rotateG_05\"><\/div>\n\t\t\t\t<div class=\"blockG\" id=\"rotateG_06\"><\/div>\n\t\t\t\t<div class=\"blockG\" id=\"rotateG_07\"><\/div>\n\t\t\t\t<div class=\"blockG\" id=\"rotateG_08\"><\/div>\n\t\t\t<\/div>\n\t\t\t<div class=\"WooZone-cross-sell-loader-text\"><\/div>\n\t\t<\/div>\n\t<\/div>\n\n\t\t\n<\/div>\n<div style=\"clear:both;\"><\/div><\/p>\n","protected":false},"excerpt":{"rendered":"<p>LEISE UND ANGENEHM \u2013 Der mit einem Gleichstrommotor angetriebene Meaco 1056 Tischventilator k\u00fchlt das Zimmer besonders leise und effizient, um Ihnen einen ruhigen Schlaf zu erm\u00f6glichen. Der Ger\u00e4uschpegel des ger\u00e4uscharmen Ventilators beginnt bei 20 dB, ungef\u00e4hr der Lautst\u00e4rke von einem flie\u00dfenden Bach oder einem leisen Fl\u00fcstern. Das macht ihn perfekt f\u00fcr Schlafzimmer, Kinderzimmer und B\u00fcros.<br \/>\nK\u00dcHLE LUFT IN ALLEN ECKEN &#8211; Sie m\u00fcssen sich nicht in der N\u00e4he des Ventilators befinden, um die erfrischende Wirkung zu genie\u00dfen. Der leistungsstarke Ventilator kann in mehrere Richtungen schwenken, wodurch Luft von den W\u00e4nden und Decken abprallt und somit der gesamte Raum effektiv gek\u00fchlt wird. stiftung warentest gerwinner 2021,2022<br \/>\nBESONDERS STROMSPAREND \u2013 Der schwenkbare Ventilator hat mehrere Energiesparfunktionen. Hierzu geh\u00f6rt auch der Eco-Modus, der die Temperatur des Zimmers \u00fcberwacht und die Luftgeschwindigkeit entsprechend anpasst, um die Luft dauerhaft zu k\u00fchlen.<\/p>\n","protected":false},"featured_media":134746,"comment_status":"open","ping_status":"closed","template":"","meta":[],"product_brand":[],"product_cat":[10704,1983],"product_tag":[],"class_list":{"0":"post-134745","1":"product","2":"type-product","3":"status-publish","4":"has-post-thumbnail","6":"product_cat-baubedarf","7":"product_cat-baumarkt","8":"pa_binding-haushaltswaren","9":"pa_brand-meaco","10":"pa_color-weiss","11":"pa_height-13-18895-zoll","12":"pa_languages-unbekannt-franzoesisch","13":"pa_length-12-12596-zoll","14":"pa_manufacturer-meaco","15":"pa_model-38057","16":"pa_size-38062","17":"pa_warranty-2-year-limited-warranty","18":"pa_weight-0-009479877266-pfund","19":"pa_width-16-73225-zoll","21":"first","22":"instock","23":"shipping-taxable","24":"purchasable","25":"product-type-simple","26":"customify-col","27":"product-has-gallery"},"yoast_head":"<!-- This site is optimized with the Yoast SEO plugin v27.4 - https:\/\/yoast.com\/product\/yoast-seo-wordpress\/ -->\n<title>MEACO, Meacofan 1056 Leiser Ventilator - DC K\u00fchlender Ventilator f\u00fcr Schlafzimmer, Schreibtische und B\u00fcros, lautloser\u2026 - Markt-XXL<\/title>\n<meta name=\"description\" content=\"Markt-XXL MEACO, Meacofan 1056 Leiser Ventilator - DC K\u00fchlender Ventilator f\u00fcr Schlafzimmer, Schreibtische und B\u00fcros, lautloser\u2026\" \/>\n<meta name=\"robots\" content=\"index, follow, max-snippet:-1, max-image-preview:large, max-video-preview:-1\" \/>\n<link rel=\"canonical\" href=\"https:\/\/marktxxl.de\/markt\/produkt\/meaco-meacofan-1056-leiser-ventilator-dc-kuehlender-ventilator-fuer-schlafzimmer-schreibtische-und-bueros-lautloser-betrieb-schwenkfunktion-und-fernbedienung\/\" \/>\n<meta property=\"og:locale\" content=\"de_DE\" \/>\n<meta property=\"og:type\" content=\"article\" \/>\n<meta property=\"og:title\" content=\"MEACO, Meacofan 1056 Leiser Ventilator - DC K\u00fchlender Ventilator f\u00fcr Schlafzimmer, Schreibtische und B\u00fcros, lautloser\u2026 - Markt-XXL\" \/>\n<meta property=\"og:description\" content=\"Markt-XXL MEACO, Meacofan 1056 Leiser Ventilator - DC K\u00fchlender Ventilator f\u00fcr Schlafzimmer, Schreibtische und B\u00fcros, lautloser\u2026\" \/>\n<meta property=\"og:url\" content=\"https:\/\/marktxxl.de\/markt\/produkt\/meaco-meacofan-1056-leiser-ventilator-dc-kuehlender-ventilator-fuer-schlafzimmer-schreibtische-und-bueros-lautloser-betrieb-schwenkfunktion-und-fernbedienung\/\" \/>\n<meta property=\"og:site_name\" content=\"Markt-XXL\" \/>\n<meta property=\"article:modified_time\" content=\"2023-04-11T02:09:22+00:00\" \/>\n<meta property=\"og:image\" content=\"https:\/\/m.media-amazon.com\/images\/I\/41FqzGfYgiS._SL500_.jpg\" \/>\n\t<meta property=\"og:image:width\" content=\"500\" \/>\n\t<meta property=\"og:image:height\" content=\"500\" \/>\n\t<meta property=\"og:image:type\" content=\"image\/jpeg\" \/>\n<meta name=\"twitter:card\" content=\"summary_large_image\" \/>\n<meta name=\"twitter:label1\" content=\"Gesch\u00e4tzte Lesezeit\" \/>\n\t<meta name=\"twitter:data1\" content=\"1\u00a0Minute\" \/>\n<script type=\"application\/ld+json\" class=\"yoast-schema-graph\">{\"@context\":\"https:\\\/\\\/schema.org\",\"@graph\":[{\"@type\":\"WebPage\",\"@id\":\"https:\\\/\\\/marktxxl.de\\\/markt\\\/produkt\\\/meaco-meacofan-1056-leiser-ventilator-dc-kuehlender-ventilator-fuer-schlafzimmer-schreibtische-und-bueros-lautloser-betrieb-schwenkfunktion-und-fernbedienung\\\/\",\"url\":\"https:\\\/\\\/marktxxl.de\\\/markt\\\/produkt\\\/meaco-meacofan-1056-leiser-ventilator-dc-kuehlender-ventilator-fuer-schlafzimmer-schreibtische-und-bueros-lautloser-betrieb-schwenkfunktion-und-fernbedienung\\\/\",\"name\":\"MEACO, Meacofan 1056 Leiser Ventilator - DC K\u00fchlender Ventilator f\u00fcr Schlafzimmer, Schreibtische und B\u00fcros, lautloser\u2026 - Markt-XXL\",\"isPartOf\":{\"@id\":\"https:\\\/\\\/marktxxl.de\\\/markt\\\/#website\"},\"primaryImageOfPage\":{\"@id\":\"https:\\\/\\\/marktxxl.de\\\/markt\\\/produkt\\\/meaco-meacofan-1056-leiser-ventilator-dc-kuehlender-ventilator-fuer-schlafzimmer-schreibtische-und-bueros-lautloser-betrieb-schwenkfunktion-und-fernbedienung\\\/#primaryimage\"},\"image\":{\"@id\":\"https:\\\/\\\/marktxxl.de\\\/markt\\\/produkt\\\/meaco-meacofan-1056-leiser-ventilator-dc-kuehlender-ventilator-fuer-schlafzimmer-schreibtische-und-bueros-lautloser-betrieb-schwenkfunktion-und-fernbedienung\\\/#primaryimage\"},\"thumbnailUrl\":\"https:\\\/\\\/m.media-amazon.com\\\/images\\\/I\\\/41FqzGfYgiS._SL500_.jpg\",\"datePublished\":\"2022-07-13T21:31:34+00:00\",\"dateModified\":\"2023-04-11T02:09:22+00:00\",\"description\":\"Markt-XXL MEACO, Meacofan 1056 Leiser Ventilator - DC K\u00fchlender Ventilator f\u00fcr Schlafzimmer, Schreibtische und B\u00fcros, lautloser\u2026\",\"breadcrumb\":{\"@id\":\"https:\\\/\\\/marktxxl.de\\\/markt\\\/produkt\\\/meaco-meacofan-1056-leiser-ventilator-dc-kuehlender-ventilator-fuer-schlafzimmer-schreibtische-und-bueros-lautloser-betrieb-schwenkfunktion-und-fernbedienung\\\/#breadcrumb\"},\"inLanguage\":\"de\",\"potentialAction\":[{\"@type\":\"ReadAction\",\"target\":[\"https:\\\/\\\/marktxxl.de\\\/markt\\\/produkt\\\/meaco-meacofan-1056-leiser-ventilator-dc-kuehlender-ventilator-fuer-schlafzimmer-schreibtische-und-bueros-lautloser-betrieb-schwenkfunktion-und-fernbedienung\\\/\"]}]},{\"@type\":\"ImageObject\",\"inLanguage\":\"de\",\"@id\":\"https:\\\/\\\/marktxxl.de\\\/markt\\\/produkt\\\/meaco-meacofan-1056-leiser-ventilator-dc-kuehlender-ventilator-fuer-schlafzimmer-schreibtische-und-bueros-lautloser-betrieb-schwenkfunktion-und-fernbedienung\\\/#primaryimage\",\"url\":\"https:\\\/\\\/m.media-amazon.com\\\/images\\\/I\\\/41FqzGfYgiS._SL500_.jpg\",\"contentUrl\":\"https:\\\/\\\/m.media-amazon.com\\\/images\\\/I\\\/41FqzGfYgiS._SL500_.jpg\",\"width\":500,\"height\":500},{\"@type\":\"BreadcrumbList\",\"@id\":\"https:\\\/\\\/marktxxl.de\\\/markt\\\/produkt\\\/meaco-meacofan-1056-leiser-ventilator-dc-kuehlender-ventilator-fuer-schlafzimmer-schreibtische-und-bueros-lautloser-betrieb-schwenkfunktion-und-fernbedienung\\\/#breadcrumb\",\"itemListElement\":[{\"@type\":\"ListItem\",\"position\":1,\"name\":\"Startseite\",\"item\":\"https:\\\/\\\/marktxxl.de\\\/markt\\\/\"},{\"@type\":\"ListItem\",\"position\":2,\"name\":\"Markt\",\"item\":\"https:\\\/\\\/marktxxl.de\\\/markt\\\/\"},{\"@type\":\"ListItem\",\"position\":3,\"name\":\"MEACO, Meacofan 1056 Leiser Ventilator &#8211; DC K\u00fchlender Ventilator f\u00fcr Schlafzimmer, Schreibtische und B\u00fcros, lautloser\u2026\"}]},{\"@type\":\"WebSite\",\"@id\":\"https:\\\/\\\/marktxxl.de\\\/markt\\\/#website\",\"url\":\"https:\\\/\\\/marktxxl.de\\\/markt\\\/\",\"name\":\"Markt-XXL\",\"description\":\"Ihr Markt Online\",\"publisher\":{\"@id\":\"https:\\\/\\\/marktxxl.de\\\/markt\\\/#organization\"},\"potentialAction\":[{\"@type\":\"SearchAction\",\"target\":{\"@type\":\"EntryPoint\",\"urlTemplate\":\"https:\\\/\\\/marktxxl.de\\\/markt\\\/?s={search_term_string}\"},\"query-input\":{\"@type\":\"PropertyValueSpecification\",\"valueRequired\":true,\"valueName\":\"search_term_string\"}}],\"inLanguage\":\"de\"},{\"@type\":\"Organization\",\"@id\":\"https:\\\/\\\/marktxxl.de\\\/markt\\\/#organization\",\"name\":\"Markt-XXL\",\"url\":\"https:\\\/\\\/marktxxl.de\\\/markt\\\/\",\"logo\":{\"@type\":\"ImageObject\",\"inLanguage\":\"de\",\"@id\":\"https:\\\/\\\/marktxxl.de\\\/markt\\\/#\\\/schema\\\/logo\\\/image\\\/\",\"url\":\"https:\\\/\\\/marktxxl.de\\\/markt\\\/wp-content\\\/uploads\\\/sites\\\/3\\\/2020\\\/12\\\/logo.png\",\"contentUrl\":\"https:\\\/\\\/marktxxl.de\\\/markt\\\/wp-content\\\/uploads\\\/sites\\\/3\\\/2020\\\/12\\\/logo.png\",\"width\":200,\"height\":70,\"caption\":\"Markt-XXL\"},\"image\":{\"@id\":\"https:\\\/\\\/marktxxl.de\\\/markt\\\/#\\\/schema\\\/logo\\\/image\\\/\"}}]}<\/script>\n<!-- \/ Yoast SEO plugin. -->","yoast_head_json":{"title":"MEACO, Meacofan 1056 Leiser Ventilator - DC K\u00fchlender Ventilator f\u00fcr Schlafzimmer, Schreibtische und B\u00fcros, lautloser\u2026 - Markt-XXL","description":"Markt-XXL MEACO, Meacofan 1056 Leiser Ventilator - DC K\u00fchlender Ventilator f\u00fcr Schlafzimmer, Schreibtische und B\u00fcros, lautloser\u2026","robots":{"index":"index","follow":"follow","max-snippet":"max-snippet:-1","max-image-preview":"max-image-preview:large","max-video-preview":"max-video-preview:-1"},"canonical":"https:\/\/marktxxl.de\/markt\/produkt\/meaco-meacofan-1056-leiser-ventilator-dc-kuehlender-ventilator-fuer-schlafzimmer-schreibtische-und-bueros-lautloser-betrieb-schwenkfunktion-und-fernbedienung\/","og_locale":"de_DE","og_type":"article","og_title":"MEACO, Meacofan 1056 Leiser Ventilator - DC K\u00fchlender Ventilator f\u00fcr Schlafzimmer, Schreibtische und B\u00fcros, lautloser\u2026 - Markt-XXL","og_description":"Markt-XXL MEACO, Meacofan 1056 Leiser Ventilator - DC K\u00fchlender Ventilator f\u00fcr Schlafzimmer, Schreibtische und B\u00fcros, lautloser\u2026","og_url":"https:\/\/marktxxl.de\/markt\/produkt\/meaco-meacofan-1056-leiser-ventilator-dc-kuehlender-ventilator-fuer-schlafzimmer-schreibtische-und-bueros-lautloser-betrieb-schwenkfunktion-und-fernbedienung\/","og_site_name":"Markt-XXL","article_modified_time":"2023-04-11T02:09:22+00:00","og_image":[{"width":500,"height":500,"url":"https:\/\/m.media-amazon.com\/images\/I\/41FqzGfYgiS._SL500_.jpg","type":"image\/jpeg"}],"twitter_card":"summary_large_image","twitter_misc":{"Gesch\u00e4tzte Lesezeit":"1\u00a0Minute"},"schema":{"@context":"https:\/\/schema.org","@graph":[{"@type":"WebPage","@id":"https:\/\/marktxxl.de\/markt\/produkt\/meaco-meacofan-1056-leiser-ventilator-dc-kuehlender-ventilator-fuer-schlafzimmer-schreibtische-und-bueros-lautloser-betrieb-schwenkfunktion-und-fernbedienung\/","url":"https:\/\/marktxxl.de\/markt\/produkt\/meaco-meacofan-1056-leiser-ventilator-dc-kuehlender-ventilator-fuer-schlafzimmer-schreibtische-und-bueros-lautloser-betrieb-schwenkfunktion-und-fernbedienung\/","name":"MEACO, Meacofan 1056 Leiser Ventilator - DC K\u00fchlender Ventilator f\u00fcr Schlafzimmer, Schreibtische und B\u00fcros, lautloser\u2026 - Markt-XXL","isPartOf":{"@id":"https:\/\/marktxxl.de\/markt\/#website"},"primaryImageOfPage":{"@id":"https:\/\/marktxxl.de\/markt\/produkt\/meaco-meacofan-1056-leiser-ventilator-dc-kuehlender-ventilator-fuer-schlafzimmer-schreibtische-und-bueros-lautloser-betrieb-schwenkfunktion-und-fernbedienung\/#primaryimage"},"image":{"@id":"https:\/\/marktxxl.de\/markt\/produkt\/meaco-meacofan-1056-leiser-ventilator-dc-kuehlender-ventilator-fuer-schlafzimmer-schreibtische-und-bueros-lautloser-betrieb-schwenkfunktion-und-fernbedienung\/#primaryimage"},"thumbnailUrl":"https:\/\/m.media-amazon.com\/images\/I\/41FqzGfYgiS._SL500_.jpg","datePublished":"2022-07-13T21:31:34+00:00","dateModified":"2023-04-11T02:09:22+00:00","description":"Markt-XXL MEACO, Meacofan 1056 Leiser Ventilator - DC K\u00fchlender Ventilator f\u00fcr Schlafzimmer, Schreibtische und B\u00fcros, lautloser\u2026","breadcrumb":{"@id":"https:\/\/marktxxl.de\/markt\/produkt\/meaco-meacofan-1056-leiser-ventilator-dc-kuehlender-ventilator-fuer-schlafzimmer-schreibtische-und-bueros-lautloser-betrieb-schwenkfunktion-und-fernbedienung\/#breadcrumb"},"inLanguage":"de","potentialAction":[{"@type":"ReadAction","target":["https:\/\/marktxxl.de\/markt\/produkt\/meaco-meacofan-1056-leiser-ventilator-dc-kuehlender-ventilator-fuer-schlafzimmer-schreibtische-und-bueros-lautloser-betrieb-schwenkfunktion-und-fernbedienung\/"]}]},{"@type":"ImageObject","inLanguage":"de","@id":"https:\/\/marktxxl.de\/markt\/produkt\/meaco-meacofan-1056-leiser-ventilator-dc-kuehlender-ventilator-fuer-schlafzimmer-schreibtische-und-bueros-lautloser-betrieb-schwenkfunktion-und-fernbedienung\/#primaryimage","url":"https:\/\/m.media-amazon.com\/images\/I\/41FqzGfYgiS._SL500_.jpg","contentUrl":"https:\/\/m.media-amazon.com\/images\/I\/41FqzGfYgiS._SL500_.jpg","width":500,"height":500},{"@type":"BreadcrumbList","@id":"https:\/\/marktxxl.de\/markt\/produkt\/meaco-meacofan-1056-leiser-ventilator-dc-kuehlender-ventilator-fuer-schlafzimmer-schreibtische-und-bueros-lautloser-betrieb-schwenkfunktion-und-fernbedienung\/#breadcrumb","itemListElement":[{"@type":"ListItem","position":1,"name":"Startseite","item":"https:\/\/marktxxl.de\/markt\/"},{"@type":"ListItem","position":2,"name":"Markt","item":"https:\/\/marktxxl.de\/markt\/"},{"@type":"ListItem","position":3,"name":"MEACO, Meacofan 1056 Leiser Ventilator &#8211; DC K\u00fchlender Ventilator f\u00fcr Schlafzimmer, Schreibtische und B\u00fcros, lautloser\u2026"}]},{"@type":"WebSite","@id":"https:\/\/marktxxl.de\/markt\/#website","url":"https:\/\/marktxxl.de\/markt\/","name":"Markt-XXL","description":"Ihr Markt Online","publisher":{"@id":"https:\/\/marktxxl.de\/markt\/#organization"},"potentialAction":[{"@type":"SearchAction","target":{"@type":"EntryPoint","urlTemplate":"https:\/\/marktxxl.de\/markt\/?s={search_term_string}"},"query-input":{"@type":"PropertyValueSpecification","valueRequired":true,"valueName":"search_term_string"}}],"inLanguage":"de"},{"@type":"Organization","@id":"https:\/\/marktxxl.de\/markt\/#organization","name":"Markt-XXL","url":"https:\/\/marktxxl.de\/markt\/","logo":{"@type":"ImageObject","inLanguage":"de","@id":"https:\/\/marktxxl.de\/markt\/#\/schema\/logo\/image\/","url":"https:\/\/marktxxl.de\/markt\/wp-content\/uploads\/sites\/3\/2020\/12\/logo.png","contentUrl":"https:\/\/marktxxl.de\/markt\/wp-content\/uploads\/sites\/3\/2020\/12\/logo.png","width":200,"height":70,"caption":"Markt-XXL"},"image":{"@id":"https:\/\/marktxxl.de\/markt\/#\/schema\/logo\/image\/"}}]}},"_links":{"self":[{"href":"https:\/\/marktxxl.de\/markt\/wp-json\/wp\/v2\/product\/134745","targetHints":{"allow":["GET"]}}],"collection":[{"href":"https:\/\/marktxxl.de\/markt\/wp-json\/wp\/v2\/product"}],"about":[{"href":"https:\/\/marktxxl.de\/markt\/wp-json\/wp\/v2\/types\/product"}],"replies":[{"embeddable":true,"href":"https:\/\/marktxxl.de\/markt\/wp-json\/wp\/v2\/comments?post=134745"}],"wp:featuredmedia":[{"embeddable":true,"href":"https:\/\/marktxxl.de\/markt\/wp-json\/wp\/v2\/media\/134746"}],"wp:attachment":[{"href":"https:\/\/marktxxl.de\/markt\/wp-json\/wp\/v2\/media?parent=134745"}],"wp:term":[{"taxonomy":"product_brand","embeddable":true,"href":"https:\/\/marktxxl.de\/markt\/wp-json\/wp\/v2\/product_brand?post=134745"},{"taxonomy":"product_cat","embeddable":true,"href":"https:\/\/marktxxl.de\/markt\/wp-json\/wp\/v2\/product_cat?post=134745"},{"taxonomy":"product_tag","embeddable":true,"href":"https:\/\/marktxxl.de\/markt\/wp-json\/wp\/v2\/product_tag?post=134745"}],"curies":[{"name":"wp","href":"https:\/\/api.w.org\/{rel}","templated":true}]}}