{"id":134613,"date":"2022-07-13T23:25:09","date_gmt":"2022-07-13T21:25:09","guid":{"rendered":"https:\/\/marktxxl.de\/markt\/produkt\/100m-stahlseil-304-rostfreier-stahl-drahtkabel-1-16-flugzeugkabel-15-mm-litzenkern-167-kg-bruchfestigkeit-mit-100-teiliger-aluminium-crimpklemmen-schlaufenmanschette\/"},"modified":"2023-04-11T04:09:20","modified_gmt":"2023-04-11T02:09:20","slug":"100m-stahlseil-304-rostfreier-stahl-drahtkabel-1-16-flugzeugkabel-15-mm-litzenkern-167-kg-bruchfestigkeit-mit-100-teiliger-aluminium-crimpklemmen-schlaufenmanschette","status":"publish","type":"product","link":"https:\/\/marktxxl.de\/markt\/produkt\/100m-stahlseil-304-rostfreier-stahl-drahtkabel-1-16-flugzeugkabel-15-mm-litzenkern-167-kg-bruchfestigkeit-mit-100-teiliger-aluminium-crimpklemmen-schlaufenmanschette\/","title":{"rendered":"100m Stahlseil, 304 Rostfreier Stahl Drahtkabel, 1\/16 Flugzeugkabel, 1,5 mm Litzenkern, 167 kg Bruchfestigkeit mit 100\u2026"},"content":{"rendered":"<p>1\/16 304 Edelstahl, wasserdicht, rostfrei, korrosionsbest\u00e4ndig, verschlei\u00dffest, glatte Oberfl\u00e4che, keine Grate; die 7X7 Litzen sind fest gewickelt und haben eine st\u00e4rkere Tragf\u00e4higkeit.<br \/>\nDas 100m lange Edelstahlkabel l\u00e4sst sich nicht leicht verwickeln und kann auf die erforderliche L\u00e4nge zugeschnitten werden. Es reicht f\u00fcr den Heim- und Au\u00dfenbereich aus, z. B. f\u00fcr Kronleuchter, W\u00e4scheleine, Blitzkabel zwischen B\u00e4umen, Gartenleitungen, Hochleistungskabel und Lichterketten Hinterhof usw.<br \/>\n167 kg Bruchfestigkeit, st\u00e4rkstes rostfreies Kabel. Kann 1,5 fache Gewichtsg\u00fcter von Schwarzenegger oder Trump aufh\u00e4ngen.<br \/>\nKommt mit 100 Aluminium-Crimpringen als Geschenk und einfach als Flugzeugkabel zu verwenden, zum Beispiel zum Aufh\u00e4ngen von Vogelh\u00e4uschen.<br \/>\n2 Jahre Qualit\u00e4tssicherungsservice &#8211; Wenn Sie Qualit\u00e4tsprobleme mit 1\/16 Kabeln haben, werden wir unser Bestes tun, um Sie zufrieden zu stellen.<br \/>\n<div class=\"main-cross-sell\" data-asin=\"B08861QQT8\">\n\n\t<div class=\"WooZone-cross-sell-loader\">\n\t\t<div>\n\t\t\t<div id=\"floatingBarsG\">\n\t\t\t\t<div class=\"blockG\" id=\"rotateG_01\"><\/div>\n\t\t\t\t<div class=\"blockG\" id=\"rotateG_02\"><\/div>\n\t\t\t\t<div class=\"blockG\" id=\"rotateG_03\"><\/div>\n\t\t\t\t<div class=\"blockG\" id=\"rotateG_04\"><\/div>\n\t\t\t\t<div class=\"blockG\" id=\"rotateG_05\"><\/div>\n\t\t\t\t<div class=\"blockG\" id=\"rotateG_06\"><\/div>\n\t\t\t\t<div class=\"blockG\" id=\"rotateG_07\"><\/div>\n\t\t\t\t<div class=\"blockG\" id=\"rotateG_08\"><\/div>\n\t\t\t<\/div>\n\t\t\t<div class=\"WooZone-cross-sell-loader-text\"><\/div>\n\t\t<\/div>\n\t<\/div>\n\n\t\t\n<\/div>\n<div style=\"clear:both;\"><\/div><\/p>\n","protected":false},"excerpt":{"rendered":"<p>1\/16 304 Edelstahl, wasserdicht, rostfrei, korrosionsbest\u00e4ndig, verschlei\u00dffest, glatte Oberfl\u00e4che, keine Grate; die 7X7 Litzen sind fest gewickelt und haben eine st\u00e4rkere Tragf\u00e4higkeit.<br \/>\nDas 100m lange Edelstahlkabel l\u00e4sst sich nicht leicht verwickeln und kann auf die erforderliche L\u00e4nge zugeschnitten werden. Es reicht f\u00fcr den Heim- und Au\u00dfenbereich aus, z. B. f\u00fcr Kronleuchter, W\u00e4scheleine, Blitzkabel zwischen B\u00e4umen, Gartenleitungen, Hochleistungskabel und Lichterketten Hinterhof usw.<br \/>\n167 kg Bruchfestigkeit, st\u00e4rkstes rostfreies Kabel. Kann 1,5 fache Gewichtsg\u00fcter von Schwarzenegger oder Trump aufh\u00e4ngen.<\/p>\n","protected":false},"featured_media":134614,"comment_status":"open","ping_status":"closed","template":"","meta":[],"product_brand":[],"product_cat":[10704,1983],"product_tag":[],"class_list":{"0":"post-134613","1":"product","2":"type-product","3":"status-publish","4":"has-post-thumbnail","6":"product_cat-baubedarf","7":"product_cat-baumarkt","8":"pa_brand-aifusi","9":"pa_manufacturer-aifusi","10":"pa_weight-1-05-kilogramm","12":"first","13":"instock","14":"shipping-taxable","15":"purchasable","16":"product-type-simple","17":"customify-col","18":"product-has-gallery"},"yoast_head":"<!-- This site is optimized with the Yoast SEO plugin v27.3 - https:\/\/yoast.com\/product\/yoast-seo-wordpress\/ -->\n<title>100m Stahlseil, 304 Rostfreier Stahl Drahtkabel, 1\/16 Flugzeugkabel, 1,5 mm Litzenkern, 167 kg Bruchfestigkeit mit 100\u2026 - Markt-XXL<\/title>\n<meta name=\"description\" content=\"Markt-XXL 100m Stahlseil, 304 Rostfreier Stahl Drahtkabel, 1\/16 Flugzeugkabel, 1,5 mm Litzenkern, 167 kg Bruchfestigkeit mit 100\u2026\" \/>\n<meta name=\"robots\" content=\"index, follow, max-snippet:-1, max-image-preview:large, max-video-preview:-1\" \/>\n<link rel=\"canonical\" href=\"https:\/\/marktxxl.de\/markt\/produkt\/100m-stahlseil-304-rostfreier-stahl-drahtkabel-1-16-flugzeugkabel-15-mm-litzenkern-167-kg-bruchfestigkeit-mit-100-teiliger-aluminium-crimpklemmen-schlaufenmanschette\/\" \/>\n<meta property=\"og:locale\" content=\"de_DE\" \/>\n<meta property=\"og:type\" content=\"article\" \/>\n<meta property=\"og:title\" content=\"100m Stahlseil, 304 Rostfreier Stahl Drahtkabel, 1\/16 Flugzeugkabel, 1,5 mm Litzenkern, 167 kg Bruchfestigkeit mit 100\u2026 - Markt-XXL\" \/>\n<meta property=\"og:description\" content=\"Markt-XXL 100m Stahlseil, 304 Rostfreier Stahl Drahtkabel, 1\/16 Flugzeugkabel, 1,5 mm Litzenkern, 167 kg Bruchfestigkeit mit 100\u2026\" \/>\n<meta property=\"og:url\" content=\"https:\/\/marktxxl.de\/markt\/produkt\/100m-stahlseil-304-rostfreier-stahl-drahtkabel-1-16-flugzeugkabel-15-mm-litzenkern-167-kg-bruchfestigkeit-mit-100-teiliger-aluminium-crimpklemmen-schlaufenmanschette\/\" \/>\n<meta property=\"og:site_name\" content=\"Markt-XXL\" \/>\n<meta property=\"article:modified_time\" content=\"2023-04-11T02:09:20+00:00\" \/>\n<meta property=\"og:image\" content=\"https:\/\/m.media-amazon.com\/images\/I\/51QvtEDMOmL._SL500_.jpg\" \/>\n\t<meta property=\"og:image:width\" content=\"500\" \/>\n\t<meta property=\"og:image:height\" content=\"500\" \/>\n\t<meta property=\"og:image:type\" content=\"image\/jpeg\" \/>\n<meta name=\"twitter:card\" content=\"summary_large_image\" \/>\n<meta name=\"twitter:label1\" content=\"Gesch\u00e4tzte Lesezeit\" \/>\n\t<meta name=\"twitter:data1\" content=\"1\u00a0Minute\" \/>\n<script type=\"application\/ld+json\" class=\"yoast-schema-graph\">{\"@context\":\"https:\\\/\\\/schema.org\",\"@graph\":[{\"@type\":\"WebPage\",\"@id\":\"https:\\\/\\\/marktxxl.de\\\/markt\\\/produkt\\\/100m-stahlseil-304-rostfreier-stahl-drahtkabel-1-16-flugzeugkabel-15-mm-litzenkern-167-kg-bruchfestigkeit-mit-100-teiliger-aluminium-crimpklemmen-schlaufenmanschette\\\/\",\"url\":\"https:\\\/\\\/marktxxl.de\\\/markt\\\/produkt\\\/100m-stahlseil-304-rostfreier-stahl-drahtkabel-1-16-flugzeugkabel-15-mm-litzenkern-167-kg-bruchfestigkeit-mit-100-teiliger-aluminium-crimpklemmen-schlaufenmanschette\\\/\",\"name\":\"100m Stahlseil, 304 Rostfreier Stahl Drahtkabel, 1\\\/16 Flugzeugkabel, 1,5 mm Litzenkern, 167 kg Bruchfestigkeit mit 100\u2026 - Markt-XXL\",\"isPartOf\":{\"@id\":\"https:\\\/\\\/marktxxl.de\\\/markt\\\/#website\"},\"primaryImageOfPage\":{\"@id\":\"https:\\\/\\\/marktxxl.de\\\/markt\\\/produkt\\\/100m-stahlseil-304-rostfreier-stahl-drahtkabel-1-16-flugzeugkabel-15-mm-litzenkern-167-kg-bruchfestigkeit-mit-100-teiliger-aluminium-crimpklemmen-schlaufenmanschette\\\/#primaryimage\"},\"image\":{\"@id\":\"https:\\\/\\\/marktxxl.de\\\/markt\\\/produkt\\\/100m-stahlseil-304-rostfreier-stahl-drahtkabel-1-16-flugzeugkabel-15-mm-litzenkern-167-kg-bruchfestigkeit-mit-100-teiliger-aluminium-crimpklemmen-schlaufenmanschette\\\/#primaryimage\"},\"thumbnailUrl\":\"https:\\\/\\\/m.media-amazon.com\\\/images\\\/I\\\/51QvtEDMOmL._SL500_.jpg\",\"datePublished\":\"2022-07-13T21:25:09+00:00\",\"dateModified\":\"2023-04-11T02:09:20+00:00\",\"description\":\"Markt-XXL 100m Stahlseil, 304 Rostfreier Stahl Drahtkabel, 1\\\/16 Flugzeugkabel, 1,5 mm Litzenkern, 167 kg Bruchfestigkeit mit 100\u2026\",\"breadcrumb\":{\"@id\":\"https:\\\/\\\/marktxxl.de\\\/markt\\\/produkt\\\/100m-stahlseil-304-rostfreier-stahl-drahtkabel-1-16-flugzeugkabel-15-mm-litzenkern-167-kg-bruchfestigkeit-mit-100-teiliger-aluminium-crimpklemmen-schlaufenmanschette\\\/#breadcrumb\"},\"inLanguage\":\"de\",\"potentialAction\":[{\"@type\":\"ReadAction\",\"target\":[\"https:\\\/\\\/marktxxl.de\\\/markt\\\/produkt\\\/100m-stahlseil-304-rostfreier-stahl-drahtkabel-1-16-flugzeugkabel-15-mm-litzenkern-167-kg-bruchfestigkeit-mit-100-teiliger-aluminium-crimpklemmen-schlaufenmanschette\\\/\"]}]},{\"@type\":\"ImageObject\",\"inLanguage\":\"de\",\"@id\":\"https:\\\/\\\/marktxxl.de\\\/markt\\\/produkt\\\/100m-stahlseil-304-rostfreier-stahl-drahtkabel-1-16-flugzeugkabel-15-mm-litzenkern-167-kg-bruchfestigkeit-mit-100-teiliger-aluminium-crimpklemmen-schlaufenmanschette\\\/#primaryimage\",\"url\":\"https:\\\/\\\/m.media-amazon.com\\\/images\\\/I\\\/51QvtEDMOmL._SL500_.jpg\",\"contentUrl\":\"https:\\\/\\\/m.media-amazon.com\\\/images\\\/I\\\/51QvtEDMOmL._SL500_.jpg\",\"width\":500,\"height\":500},{\"@type\":\"BreadcrumbList\",\"@id\":\"https:\\\/\\\/marktxxl.de\\\/markt\\\/produkt\\\/100m-stahlseil-304-rostfreier-stahl-drahtkabel-1-16-flugzeugkabel-15-mm-litzenkern-167-kg-bruchfestigkeit-mit-100-teiliger-aluminium-crimpklemmen-schlaufenmanschette\\\/#breadcrumb\",\"itemListElement\":[{\"@type\":\"ListItem\",\"position\":1,\"name\":\"Startseite\",\"item\":\"https:\\\/\\\/marktxxl.de\\\/markt\\\/\"},{\"@type\":\"ListItem\",\"position\":2,\"name\":\"Markt\",\"item\":\"https:\\\/\\\/marktxxl.de\\\/markt\\\/\"},{\"@type\":\"ListItem\",\"position\":3,\"name\":\"100m Stahlseil, 304 Rostfreier Stahl Drahtkabel, 1\\\/16 Flugzeugkabel, 1,5 mm Litzenkern, 167 kg Bruchfestigkeit mit 100\u2026\"}]},{\"@type\":\"WebSite\",\"@id\":\"https:\\\/\\\/marktxxl.de\\\/markt\\\/#website\",\"url\":\"https:\\\/\\\/marktxxl.de\\\/markt\\\/\",\"name\":\"Markt-XXL\",\"description\":\"Ihr Markt Online\",\"publisher\":{\"@id\":\"https:\\\/\\\/marktxxl.de\\\/markt\\\/#organization\"},\"potentialAction\":[{\"@type\":\"SearchAction\",\"target\":{\"@type\":\"EntryPoint\",\"urlTemplate\":\"https:\\\/\\\/marktxxl.de\\\/markt\\\/?s={search_term_string}\"},\"query-input\":{\"@type\":\"PropertyValueSpecification\",\"valueRequired\":true,\"valueName\":\"search_term_string\"}}],\"inLanguage\":\"de\"},{\"@type\":\"Organization\",\"@id\":\"https:\\\/\\\/marktxxl.de\\\/markt\\\/#organization\",\"name\":\"Markt-XXL\",\"url\":\"https:\\\/\\\/marktxxl.de\\\/markt\\\/\",\"logo\":{\"@type\":\"ImageObject\",\"inLanguage\":\"de\",\"@id\":\"https:\\\/\\\/marktxxl.de\\\/markt\\\/#\\\/schema\\\/logo\\\/image\\\/\",\"url\":\"https:\\\/\\\/marktxxl.de\\\/markt\\\/wp-content\\\/uploads\\\/sites\\\/3\\\/2020\\\/12\\\/logo.png\",\"contentUrl\":\"https:\\\/\\\/marktxxl.de\\\/markt\\\/wp-content\\\/uploads\\\/sites\\\/3\\\/2020\\\/12\\\/logo.png\",\"width\":200,\"height\":70,\"caption\":\"Markt-XXL\"},\"image\":{\"@id\":\"https:\\\/\\\/marktxxl.de\\\/markt\\\/#\\\/schema\\\/logo\\\/image\\\/\"}}]}<\/script>\n<!-- \/ Yoast SEO plugin. -->","yoast_head_json":{"title":"100m Stahlseil, 304 Rostfreier Stahl Drahtkabel, 1\/16 Flugzeugkabel, 1,5 mm Litzenkern, 167 kg Bruchfestigkeit mit 100\u2026 - Markt-XXL","description":"Markt-XXL 100m Stahlseil, 304 Rostfreier Stahl Drahtkabel, 1\/16 Flugzeugkabel, 1,5 mm Litzenkern, 167 kg Bruchfestigkeit mit 100\u2026","robots":{"index":"index","follow":"follow","max-snippet":"max-snippet:-1","max-image-preview":"max-image-preview:large","max-video-preview":"max-video-preview:-1"},"canonical":"https:\/\/marktxxl.de\/markt\/produkt\/100m-stahlseil-304-rostfreier-stahl-drahtkabel-1-16-flugzeugkabel-15-mm-litzenkern-167-kg-bruchfestigkeit-mit-100-teiliger-aluminium-crimpklemmen-schlaufenmanschette\/","og_locale":"de_DE","og_type":"article","og_title":"100m Stahlseil, 304 Rostfreier Stahl Drahtkabel, 1\/16 Flugzeugkabel, 1,5 mm Litzenkern, 167 kg Bruchfestigkeit mit 100\u2026 - Markt-XXL","og_description":"Markt-XXL 100m Stahlseil, 304 Rostfreier Stahl Drahtkabel, 1\/16 Flugzeugkabel, 1,5 mm Litzenkern, 167 kg Bruchfestigkeit mit 100\u2026","og_url":"https:\/\/marktxxl.de\/markt\/produkt\/100m-stahlseil-304-rostfreier-stahl-drahtkabel-1-16-flugzeugkabel-15-mm-litzenkern-167-kg-bruchfestigkeit-mit-100-teiliger-aluminium-crimpklemmen-schlaufenmanschette\/","og_site_name":"Markt-XXL","article_modified_time":"2023-04-11T02:09:20+00:00","og_image":[{"width":500,"height":500,"url":"https:\/\/m.media-amazon.com\/images\/I\/51QvtEDMOmL._SL500_.jpg","type":"image\/jpeg"}],"twitter_card":"summary_large_image","twitter_misc":{"Gesch\u00e4tzte Lesezeit":"1\u00a0Minute"},"schema":{"@context":"https:\/\/schema.org","@graph":[{"@type":"WebPage","@id":"https:\/\/marktxxl.de\/markt\/produkt\/100m-stahlseil-304-rostfreier-stahl-drahtkabel-1-16-flugzeugkabel-15-mm-litzenkern-167-kg-bruchfestigkeit-mit-100-teiliger-aluminium-crimpklemmen-schlaufenmanschette\/","url":"https:\/\/marktxxl.de\/markt\/produkt\/100m-stahlseil-304-rostfreier-stahl-drahtkabel-1-16-flugzeugkabel-15-mm-litzenkern-167-kg-bruchfestigkeit-mit-100-teiliger-aluminium-crimpklemmen-schlaufenmanschette\/","name":"100m Stahlseil, 304 Rostfreier Stahl Drahtkabel, 1\/16 Flugzeugkabel, 1,5 mm Litzenkern, 167 kg Bruchfestigkeit mit 100\u2026 - Markt-XXL","isPartOf":{"@id":"https:\/\/marktxxl.de\/markt\/#website"},"primaryImageOfPage":{"@id":"https:\/\/marktxxl.de\/markt\/produkt\/100m-stahlseil-304-rostfreier-stahl-drahtkabel-1-16-flugzeugkabel-15-mm-litzenkern-167-kg-bruchfestigkeit-mit-100-teiliger-aluminium-crimpklemmen-schlaufenmanschette\/#primaryimage"},"image":{"@id":"https:\/\/marktxxl.de\/markt\/produkt\/100m-stahlseil-304-rostfreier-stahl-drahtkabel-1-16-flugzeugkabel-15-mm-litzenkern-167-kg-bruchfestigkeit-mit-100-teiliger-aluminium-crimpklemmen-schlaufenmanschette\/#primaryimage"},"thumbnailUrl":"https:\/\/m.media-amazon.com\/images\/I\/51QvtEDMOmL._SL500_.jpg","datePublished":"2022-07-13T21:25:09+00:00","dateModified":"2023-04-11T02:09:20+00:00","description":"Markt-XXL 100m Stahlseil, 304 Rostfreier Stahl Drahtkabel, 1\/16 Flugzeugkabel, 1,5 mm Litzenkern, 167 kg Bruchfestigkeit mit 100\u2026","breadcrumb":{"@id":"https:\/\/marktxxl.de\/markt\/produkt\/100m-stahlseil-304-rostfreier-stahl-drahtkabel-1-16-flugzeugkabel-15-mm-litzenkern-167-kg-bruchfestigkeit-mit-100-teiliger-aluminium-crimpklemmen-schlaufenmanschette\/#breadcrumb"},"inLanguage":"de","potentialAction":[{"@type":"ReadAction","target":["https:\/\/marktxxl.de\/markt\/produkt\/100m-stahlseil-304-rostfreier-stahl-drahtkabel-1-16-flugzeugkabel-15-mm-litzenkern-167-kg-bruchfestigkeit-mit-100-teiliger-aluminium-crimpklemmen-schlaufenmanschette\/"]}]},{"@type":"ImageObject","inLanguage":"de","@id":"https:\/\/marktxxl.de\/markt\/produkt\/100m-stahlseil-304-rostfreier-stahl-drahtkabel-1-16-flugzeugkabel-15-mm-litzenkern-167-kg-bruchfestigkeit-mit-100-teiliger-aluminium-crimpklemmen-schlaufenmanschette\/#primaryimage","url":"https:\/\/m.media-amazon.com\/images\/I\/51QvtEDMOmL._SL500_.jpg","contentUrl":"https:\/\/m.media-amazon.com\/images\/I\/51QvtEDMOmL._SL500_.jpg","width":500,"height":500},{"@type":"BreadcrumbList","@id":"https:\/\/marktxxl.de\/markt\/produkt\/100m-stahlseil-304-rostfreier-stahl-drahtkabel-1-16-flugzeugkabel-15-mm-litzenkern-167-kg-bruchfestigkeit-mit-100-teiliger-aluminium-crimpklemmen-schlaufenmanschette\/#breadcrumb","itemListElement":[{"@type":"ListItem","position":1,"name":"Startseite","item":"https:\/\/marktxxl.de\/markt\/"},{"@type":"ListItem","position":2,"name":"Markt","item":"https:\/\/marktxxl.de\/markt\/"},{"@type":"ListItem","position":3,"name":"100m Stahlseil, 304 Rostfreier Stahl Drahtkabel, 1\/16 Flugzeugkabel, 1,5 mm Litzenkern, 167 kg Bruchfestigkeit mit 100\u2026"}]},{"@type":"WebSite","@id":"https:\/\/marktxxl.de\/markt\/#website","url":"https:\/\/marktxxl.de\/markt\/","name":"Markt-XXL","description":"Ihr Markt Online","publisher":{"@id":"https:\/\/marktxxl.de\/markt\/#organization"},"potentialAction":[{"@type":"SearchAction","target":{"@type":"EntryPoint","urlTemplate":"https:\/\/marktxxl.de\/markt\/?s={search_term_string}"},"query-input":{"@type":"PropertyValueSpecification","valueRequired":true,"valueName":"search_term_string"}}],"inLanguage":"de"},{"@type":"Organization","@id":"https:\/\/marktxxl.de\/markt\/#organization","name":"Markt-XXL","url":"https:\/\/marktxxl.de\/markt\/","logo":{"@type":"ImageObject","inLanguage":"de","@id":"https:\/\/marktxxl.de\/markt\/#\/schema\/logo\/image\/","url":"https:\/\/marktxxl.de\/markt\/wp-content\/uploads\/sites\/3\/2020\/12\/logo.png","contentUrl":"https:\/\/marktxxl.de\/markt\/wp-content\/uploads\/sites\/3\/2020\/12\/logo.png","width":200,"height":70,"caption":"Markt-XXL"},"image":{"@id":"https:\/\/marktxxl.de\/markt\/#\/schema\/logo\/image\/"}}]}},"_links":{"self":[{"href":"https:\/\/marktxxl.de\/markt\/wp-json\/wp\/v2\/product\/134613","targetHints":{"allow":["GET"]}}],"collection":[{"href":"https:\/\/marktxxl.de\/markt\/wp-json\/wp\/v2\/product"}],"about":[{"href":"https:\/\/marktxxl.de\/markt\/wp-json\/wp\/v2\/types\/product"}],"replies":[{"embeddable":true,"href":"https:\/\/marktxxl.de\/markt\/wp-json\/wp\/v2\/comments?post=134613"}],"wp:featuredmedia":[{"embeddable":true,"href":"https:\/\/marktxxl.de\/markt\/wp-json\/wp\/v2\/media\/134614"}],"wp:attachment":[{"href":"https:\/\/marktxxl.de\/markt\/wp-json\/wp\/v2\/media?parent=134613"}],"wp:term":[{"taxonomy":"product_brand","embeddable":true,"href":"https:\/\/marktxxl.de\/markt\/wp-json\/wp\/v2\/product_brand?post=134613"},{"taxonomy":"product_cat","embeddable":true,"href":"https:\/\/marktxxl.de\/markt\/wp-json\/wp\/v2\/product_cat?post=134613"},{"taxonomy":"product_tag","embeddable":true,"href":"https:\/\/marktxxl.de\/markt\/wp-json\/wp\/v2\/product_tag?post=134613"}],"curies":[{"name":"wp","href":"https:\/\/api.w.org\/{rel}","templated":true}]}}